{"id":10697,"date":"2025-05-16T14:04:48","date_gmt":"2025-05-16T14:04:48","guid":{"rendered":"https:\/\/www.eco2.ca\/?post_type=product&#038;p=10697"},"modified":"2025-06-30T13:48:54","modified_gmt":"2025-06-30T13:48:54","slug":"compostable-foodie-clamshells","status":"publish","type":"product","link":"https:\/\/www.eco2.ca\/fr\/product\/compostable-foodie-clamshells\/","title":{"rendered":"Contenants A Charni\u00e8re Foodie \u2013 Compostables"},"content":{"rendered":"<h2 style=\"font-size: 1.3em;\">Contenants \u00e0 charni\u00e8re Foodie \u2013 compostables: \u00e9l\u00e9gantes, s\u00e9curis\u00e9es et \u00e9coresponsables<\/h2>\n<p>Ces coquilles compostables sont con\u00e7ues pour une efficacit\u00e9 maximale et une pr\u00e9sentation haut de gamme. Compostables et recyclables, elles gardent vos repas frais, bien prot\u00e9g\u00e9s et pr\u00eats \u00e0 emporter \u2014 que ce soit pour servir vos clients ou conserver des restes.<\/p>\n<h3 style=\"font-size: 1.3em;\">Caract\u00e9ristiques principales :<\/h3>\n<ul>\n<li>Compostables et recyclables pour une \u00e9limination durable<\/li>\n<li>Fermeture \u00e0 charni\u00e8re \u2014 plus besoin de couvercles s\u00e9par\u00e9s<\/li>\n<li>Couvercle transparent pour une visibilit\u00e9 imm\u00e9diate des aliments<\/li>\n<li>R\u00e9sistantes aux fuites et \u00e0 l\u2019\u00e9crasement pour un transport sans souci<\/li>\n<li>Empilables et peu encombrantes<\/li>\n<li>Ouverture et fermeture d\u2019une seule main<\/li>\n<li>Parfaites pour les plats chauds, les salades, les desserts, les wraps, et plus encore<\/li>\n<\/ul>\n<p><strong>Passez \u00e0 une solution plus intelligente<\/strong> Optez pour un emballage \u00e9cologique qui allie durabilit\u00e9, style et performance.<\/p>\n","protected":false},"excerpt":{"rendered":"<p>Alliant design moderne et mat\u00e9riaux compostables et recyclables, ce contenant tout-en-un offre une manipulation sans d\u00e9g\u00e2ts, une pr\u00e9sentation \u00e9clatante et une \u00e9limination respectueuse de la plan\u00e8te\u2014parfait pour les services alimentaires mobiles.<\/p>\n","protected":false},"featured_media":10694,"template":"","meta":{"_eb_attr":"","_uag_custom_page_level_css":"","site-sidebar-layout":"default","site-content-layout":"","ast-site-content-layout":"default","site-content-style":"default","site-sidebar-style":"default","ast-global-header-display":"","ast-banner-title-visibility":"","ast-main-header-display":"","ast-hfb-above-header-display":"","ast-hfb-below-header-display":"","ast-hfb-mobile-header-display":"","site-post-title":"","ast-breadcrumbs-content":"","ast-featured-img":"","footer-sml-layout":"","ast-disable-related-posts":"","theme-transparent-header-meta":"default","adv-header-id-meta":"","stick-header-meta":"","header-above-stick-meta":"","header-main-stick-meta":"","header-below-stick-meta":"","astra-migrate-meta-layouts":"set","ast-page-background-enabled":"default","ast-page-background-meta":{"desktop":{"background-color":"","background-image":"","background-repeat":"repeat","background-position":"center center","background-size":"auto","background-attachment":"scroll","background-type":"","background-media":"","overlay-type":"","overlay-color":"","overlay-opacity":"","overlay-gradient":""},"tablet":{"background-color":"","background-image":"","background-repeat":"repeat","background-position":"center center","background-size":"auto","background-attachment":"scroll","background-type":"","background-media":"","overlay-type":"","overlay-color":"","overlay-opacity":"","overlay-gradient":""},"mobile":{"background-color":"","background-image":"","background-repeat":"repeat","background-position":"center center","background-size":"auto","background-attachment":"scroll","background-type":"","background-media":"","overlay-type":"","overlay-color":"","overlay-opacity":"","overlay-gradient":""}},"ast-content-background-meta":{"desktop":{"background-color":"var(--ast-global-color-5)","background-image":"","background-repeat":"repeat","background-position":"center center","background-size":"auto","background-attachment":"scroll","background-type":"","background-media":"","overlay-type":"","overlay-color":"","overlay-opacity":"","overlay-gradient":""},"tablet":{"background-color":"var(--ast-global-color-5)","background-image":"","background-repeat":"repeat","background-position":"center center","background-size":"auto","background-attachment":"scroll","background-type":"","background-media":"","overlay-type":"","overlay-color":"","overlay-opacity":"","overlay-gradient":""},"mobile":{"background-color":"var(--ast-global-color-5)","background-image":"","background-repeat":"repeat","background-position":"center center","background-size":"auto","background-attachment":"scroll","background-type":"","background-media":"","overlay-type":"","overlay-color":"","overlay-opacity":"","overlay-gradient":""}},"_selected_store_location":"","_selected_store_location_key":""},"product_brand":[],"product_cat":[192,264],"product_tag":[],"class_list":{"0":"post-10697","1":"product","2":"type-product","3":"status-publish","4":"has-post-thumbnail","6":"product_cat-a-emporter","7":"product_cat-coquille-gourmande","8":"wcmi-has-gallery","9":"desktop-align-center","10":"tablet-align-center","11":"mobile-align-center","13":"first","14":"instock","15":"shipping-taxable","16":"purchasable","17":"product-type-simple"},"yoast_head":"<!-- This site is optimized with the Yoast SEO plugin v27.2 - https:\/\/yoast.com\/product\/yoast-seo-wordpress\/ -->\n<title>Contenants A Charni\u00e8re Foodie \u2013 Compostables - Eco2bureau<\/title>\n<meta name=\"description\" content=\"Ces coquilles compostables sont con\u00e7ues pour une efficacit\u00e9 maximale et une pr\u00e9sentation haut de gamme. Compostables et recyclables\" \/>\n<meta name=\"robots\" content=\"index, follow, max-snippet:-1, max-image-preview:large, max-video-preview:-1\" \/>\n<link rel=\"canonical\" href=\"https:\/\/www.eco2.ca\/fr\/product\/compostable-foodie-clamshells\/\" \/>\n<meta property=\"og:locale\" content=\"fr_FR\" \/>\n<meta property=\"og:type\" content=\"article\" \/>\n<meta property=\"og:title\" content=\"Contenants A Charni\u00e8re Foodie \u2013 Compostables - Eco2bureau\" \/>\n<meta property=\"og:description\" content=\"Ces coquilles compostables sont con\u00e7ues pour une efficacit\u00e9 maximale et une pr\u00e9sentation haut de gamme. Compostables et recyclables\" \/>\n<meta property=\"og:url\" content=\"https:\/\/www.eco2.ca\/fr\/product\/compostable-foodie-clamshells\/\" \/>\n<meta property=\"og:site_name\" content=\"Eco2bureau\" \/>\n<meta property=\"article:modified_time\" content=\"2025-06-30T13:48:54+00:00\" \/>\n<meta property=\"og:image\" content=\"https:\/\/www.eco2.ca\/wp-content\/uploads\/2025\/05\/EP-EFB7.jpg\" \/>\n\t<meta property=\"og:image:width\" content=\"800\" \/>\n\t<meta property=\"og:image:height\" content=\"800\" \/>\n\t<meta property=\"og:image:type\" content=\"image\/jpeg\" \/>\n<meta name=\"twitter:card\" content=\"summary_large_image\" \/>\n<meta name=\"twitter:label1\" content=\"Dur\u00e9e de lecture estim\u00e9e\" \/>\n\t<meta name=\"twitter:data1\" content=\"1 minute\" \/>\n<script type=\"application\/ld+json\" class=\"yoast-schema-graph\">{\"@context\":\"https:\/\/schema.org\",\"@graph\":[{\"@type\":\"WebPage\",\"@id\":\"https:\/\/www.eco2.ca\/fr\/product\/compostable-foodie-clamshells\/\",\"url\":\"https:\/\/www.eco2.ca\/fr\/product\/compostable-foodie-clamshells\/\",\"name\":\"Contenants A Charni\u00e8re Foodie \u2013 Compostables - Eco2bureau\",\"isPartOf\":{\"@id\":\"https:\/\/www.eco2.ca\/fr\/#website\"},\"primaryImageOfPage\":{\"@id\":\"https:\/\/www.eco2.ca\/fr\/product\/compostable-foodie-clamshells\/#primaryimage\"},\"image\":{\"@id\":\"https:\/\/www.eco2.ca\/fr\/product\/compostable-foodie-clamshells\/#primaryimage\"},\"thumbnailUrl\":\"https:\/\/www.eco2.ca\/wp-content\/uploads\/2025\/05\/EP-EFB7.jpg\",\"datePublished\":\"2025-05-16T14:04:48+00:00\",\"dateModified\":\"2025-06-30T13:48:54+00:00\",\"description\":\"Ces coquilles compostables sont con\u00e7ues pour une efficacit\u00e9 maximale et une pr\u00e9sentation haut de gamme. Compostables et recyclables\",\"breadcrumb\":{\"@id\":\"https:\/\/www.eco2.ca\/fr\/product\/compostable-foodie-clamshells\/#breadcrumb\"},\"inLanguage\":\"fr-FR\",\"potentialAction\":[{\"@type\":\"ReadAction\",\"target\":[\"https:\/\/www.eco2.ca\/fr\/product\/compostable-foodie-clamshells\/\"]}]},{\"@type\":\"ImageObject\",\"inLanguage\":\"fr-FR\",\"@id\":\"https:\/\/www.eco2.ca\/fr\/product\/compostable-foodie-clamshells\/#primaryimage\",\"url\":\"https:\/\/www.eco2.ca\/wp-content\/uploads\/2025\/05\/EP-EFB7.jpg\",\"contentUrl\":\"https:\/\/www.eco2.ca\/wp-content\/uploads\/2025\/05\/EP-EFB7.jpg\",\"width\":800,\"height\":800,\"caption\":\"Foodie Clamshell: Smart, Secure, and Stylish Food Packaging\"},{\"@type\":\"BreadcrumbList\",\"@id\":\"https:\/\/www.eco2.ca\/fr\/product\/compostable-foodie-clamshells\/#breadcrumb\",\"itemListElement\":[{\"@type\":\"ListItem\",\"position\":1,\"name\":\"Home\",\"item\":\"https:\/\/www.eco2.ca\/fr\/\"},{\"@type\":\"ListItem\",\"position\":2,\"name\":\"Boutique\",\"item\":\"https:\/\/www.eco2.ca\/fr\/boutique\/\"},{\"@type\":\"ListItem\",\"position\":3,\"name\":\"Contenants A Charni\u00e8re Foodie \u2013 Compostables\"}]},{\"@type\":\"WebSite\",\"@id\":\"https:\/\/www.eco2.ca\/fr\/#website\",\"url\":\"https:\/\/www.eco2.ca\/fr\/\",\"name\":\"Eco2bureau\",\"description\":\"\",\"publisher\":{\"@id\":\"https:\/\/www.eco2.ca\/fr\/#organization\"},\"potentialAction\":[{\"@type\":\"SearchAction\",\"target\":{\"@type\":\"EntryPoint\",\"urlTemplate\":\"https:\/\/www.eco2.ca\/fr\/?s={search_term_string}\"},\"query-input\":{\"@type\":\"PropertyValueSpecification\",\"valueRequired\":true,\"valueName\":\"search_term_string\"}}],\"inLanguage\":\"fr-FR\"},{\"@type\":\"Organization\",\"@id\":\"https:\/\/www.eco2.ca\/fr\/#organization\",\"name\":\"Eco2bureau\",\"url\":\"https:\/\/www.eco2.ca\/fr\/\",\"logo\":{\"@type\":\"ImageObject\",\"inLanguage\":\"fr-FR\",\"@id\":\"https:\/\/www.eco2.ca\/fr\/#\/schema\/logo\/image\/\",\"url\":\"https:\/\/www.eco2.ca\/wp-content\/uploads\/2025\/04\/cropped-cropped-Add-a-subheading-3.png\",\"contentUrl\":\"https:\/\/www.eco2.ca\/wp-content\/uploads\/2025\/04\/cropped-cropped-Add-a-subheading-3.png\",\"width\":469,\"height\":109,\"caption\":\"Eco2bureau\"},\"image\":{\"@id\":\"https:\/\/www.eco2.ca\/fr\/#\/schema\/logo\/image\/\"}}]}<\/script>\n<!-- \/ Yoast SEO plugin. -->","yoast_head_json":{"title":"Contenants A Charni\u00e8re Foodie \u2013 Compostables - Eco2bureau","description":"Ces coquilles compostables sont con\u00e7ues pour une efficacit\u00e9 maximale et une pr\u00e9sentation haut de gamme. Compostables et recyclables","robots":{"index":"index","follow":"follow","max-snippet":"max-snippet:-1","max-image-preview":"max-image-preview:large","max-video-preview":"max-video-preview:-1"},"canonical":"https:\/\/www.eco2.ca\/fr\/product\/compostable-foodie-clamshells\/","og_locale":"fr_FR","og_type":"article","og_title":"Contenants A Charni\u00e8re Foodie \u2013 Compostables - Eco2bureau","og_description":"Ces coquilles compostables sont con\u00e7ues pour une efficacit\u00e9 maximale et une pr\u00e9sentation haut de gamme. Compostables et recyclables","og_url":"https:\/\/www.eco2.ca\/fr\/product\/compostable-foodie-clamshells\/","og_site_name":"Eco2bureau","article_modified_time":"2025-06-30T13:48:54+00:00","og_image":[{"width":800,"height":800,"url":"https:\/\/www.eco2.ca\/wp-content\/uploads\/2025\/05\/EP-EFB7.jpg","type":"image\/jpeg"}],"twitter_card":"summary_large_image","twitter_misc":{"Dur\u00e9e de lecture estim\u00e9e":"1 minute"},"schema":{"@context":"https:\/\/schema.org","@graph":[{"@type":"WebPage","@id":"https:\/\/www.eco2.ca\/fr\/product\/compostable-foodie-clamshells\/","url":"https:\/\/www.eco2.ca\/fr\/product\/compostable-foodie-clamshells\/","name":"Contenants A Charni\u00e8re Foodie \u2013 Compostables - Eco2bureau","isPartOf":{"@id":"https:\/\/www.eco2.ca\/fr\/#website"},"primaryImageOfPage":{"@id":"https:\/\/www.eco2.ca\/fr\/product\/compostable-foodie-clamshells\/#primaryimage"},"image":{"@id":"https:\/\/www.eco2.ca\/fr\/product\/compostable-foodie-clamshells\/#primaryimage"},"thumbnailUrl":"https:\/\/www.eco2.ca\/wp-content\/uploads\/2025\/05\/EP-EFB7.jpg","datePublished":"2025-05-16T14:04:48+00:00","dateModified":"2025-06-30T13:48:54+00:00","description":"Ces coquilles compostables sont con\u00e7ues pour une efficacit\u00e9 maximale et une pr\u00e9sentation haut de gamme. Compostables et recyclables","breadcrumb":{"@id":"https:\/\/www.eco2.ca\/fr\/product\/compostable-foodie-clamshells\/#breadcrumb"},"inLanguage":"fr-FR","potentialAction":[{"@type":"ReadAction","target":["https:\/\/www.eco2.ca\/fr\/product\/compostable-foodie-clamshells\/"]}]},{"@type":"ImageObject","inLanguage":"fr-FR","@id":"https:\/\/www.eco2.ca\/fr\/product\/compostable-foodie-clamshells\/#primaryimage","url":"https:\/\/www.eco2.ca\/wp-content\/uploads\/2025\/05\/EP-EFB7.jpg","contentUrl":"https:\/\/www.eco2.ca\/wp-content\/uploads\/2025\/05\/EP-EFB7.jpg","width":800,"height":800,"caption":"Foodie Clamshell: Smart, Secure, and Stylish Food Packaging"},{"@type":"BreadcrumbList","@id":"https:\/\/www.eco2.ca\/fr\/product\/compostable-foodie-clamshells\/#breadcrumb","itemListElement":[{"@type":"ListItem","position":1,"name":"Home","item":"https:\/\/www.eco2.ca\/fr\/"},{"@type":"ListItem","position":2,"name":"Boutique","item":"https:\/\/www.eco2.ca\/fr\/boutique\/"},{"@type":"ListItem","position":3,"name":"Contenants A Charni\u00e8re Foodie \u2013 Compostables"}]},{"@type":"WebSite","@id":"https:\/\/www.eco2.ca\/fr\/#website","url":"https:\/\/www.eco2.ca\/fr\/","name":"Eco2bureau","description":"","publisher":{"@id":"https:\/\/www.eco2.ca\/fr\/#organization"},"potentialAction":[{"@type":"SearchAction","target":{"@type":"EntryPoint","urlTemplate":"https:\/\/www.eco2.ca\/fr\/?s={search_term_string}"},"query-input":{"@type":"PropertyValueSpecification","valueRequired":true,"valueName":"search_term_string"}}],"inLanguage":"fr-FR"},{"@type":"Organization","@id":"https:\/\/www.eco2.ca\/fr\/#organization","name":"Eco2bureau","url":"https:\/\/www.eco2.ca\/fr\/","logo":{"@type":"ImageObject","inLanguage":"fr-FR","@id":"https:\/\/www.eco2.ca\/fr\/#\/schema\/logo\/image\/","url":"https:\/\/www.eco2.ca\/wp-content\/uploads\/2025\/04\/cropped-cropped-Add-a-subheading-3.png","contentUrl":"https:\/\/www.eco2.ca\/wp-content\/uploads\/2025\/04\/cropped-cropped-Add-a-subheading-3.png","width":469,"height":109,"caption":"Eco2bureau"},"image":{"@id":"https:\/\/www.eco2.ca\/fr\/#\/schema\/logo\/image\/"}}]}},"uagb_featured_image_src":{"full":["https:\/\/www.eco2.ca\/wp-content\/uploads\/2025\/05\/EP-EFB7.jpg",800,800,false],"thumbnail":["https:\/\/www.eco2.ca\/wp-content\/uploads\/2025\/05\/EP-EFB7-150x150.jpg",150,150,true],"medium":["https:\/\/www.eco2.ca\/wp-content\/uploads\/2025\/05\/EP-EFB7-300x300.jpg",300,300,true],"medium_large":["https:\/\/www.eco2.ca\/wp-content\/uploads\/2025\/05\/EP-EFB7-768x768.jpg",768,768,true],"large":["https:\/\/www.eco2.ca\/wp-content\/uploads\/2025\/05\/EP-EFB7.jpg",800,800,false],"1536x1536":["https:\/\/www.eco2.ca\/wp-content\/uploads\/2025\/05\/EP-EFB7.jpg",800,800,false],"2048x2048":["https:\/\/www.eco2.ca\/wp-content\/uploads\/2025\/05\/EP-EFB7.jpg",800,800,false],"wishsuite-image":["https:\/\/www.eco2.ca\/wp-content\/uploads\/2025\/05\/EP-EFB7.jpg",80,80,false],"woocommerce_thumbnail":["https:\/\/www.eco2.ca\/wp-content\/uploads\/2025\/05\/EP-EFB7-300x300.jpg",300,300,true],"woocommerce_single":["https:\/\/www.eco2.ca\/wp-content\/uploads\/2025\/05\/EP-EFB7-600x600.jpg",600,600,true],"woocommerce_gallery_thumbnail":["https:\/\/www.eco2.ca\/wp-content\/uploads\/2025\/05\/EP-EFB7-100x100.jpg",100,100,true]},"uagb_author_info":{"display_name":"Mary ..","author_link":"https:\/\/www.eco2.ca\/fr\/author\/"},"uagb_comment_info":0,"uagb_excerpt":"Alliant design moderne et mat\u00e9riaux compostables et recyclables, ce contenant tout-en-un offre une manipulation sans d\u00e9g\u00e2ts, une pr\u00e9sentation \u00e9clatante et une \u00e9limination respectueuse de la plan\u00e8te\u2014parfait pour les services alimentaires mobiles.","_links":{"self":[{"href":"https:\/\/www.eco2.ca\/fr\/wp-json\/wp\/v2\/product\/10697","targetHints":{"allow":["GET"]}}],"collection":[{"href":"https:\/\/www.eco2.ca\/fr\/wp-json\/wp\/v2\/product"}],"about":[{"href":"https:\/\/www.eco2.ca\/fr\/wp-json\/wp\/v2\/types\/product"}],"wp:featuredmedia":[{"embeddable":true,"href":"https:\/\/www.eco2.ca\/fr\/wp-json\/wp\/v2\/media\/10694"}],"wp:attachment":[{"href":"https:\/\/www.eco2.ca\/fr\/wp-json\/wp\/v2\/media?parent=10697"}],"wp:term":[{"taxonomy":"product_brand","embeddable":true,"href":"https:\/\/www.eco2.ca\/fr\/wp-json\/wp\/v2\/product_brand?post=10697"},{"taxonomy":"product_cat","embeddable":true,"href":"https:\/\/www.eco2.ca\/fr\/wp-json\/wp\/v2\/product_cat?post=10697"},{"taxonomy":"product_tag","embeddable":true,"href":"https:\/\/www.eco2.ca\/fr\/wp-json\/wp\/v2\/product_tag?post=10697"}],"curies":[{"name":"wp","href":"https:\/\/api.w.org\/{rel}","templated":true}]}}