{"id":10894,"date":"2025-05-19T21:54:47","date_gmt":"2025-05-19T21:54:47","guid":{"rendered":"https:\/\/www.eco2.ca\/?post_type=product&#038;p=10894"},"modified":"2025-06-30T15:51:19","modified_gmt":"2025-06-30T15:51:19","slug":"sacs-en-cellophane","status":"publish","type":"product","link":"https:\/\/www.eco2.ca\/fr\/product\/sacs-en-cellophane\/","title":{"rendered":"Sacs en Cellophane"},"content":{"rendered":"<h2 style=\"font-size: 1.4em;\">Sachets en Cellophane Compostables: Emballage \u00c9coresponsable &amp; S\u00e9curitaire pour les Aliments<\/h2>\n<p>Con\u00e7us pour l\u2019<strong>emballage alimentaire<\/strong>, ces <strong>sachets compostables en cellophane<\/strong> offrent une <strong>solution durable<\/strong> pour le stockage et l\u2019exp\u00e9dition des produits. <strong>Certifi\u00e9s pour le compostage industriel et domestique<\/strong>, ils prennent aussi en charge la <strong>digestion ana\u00e9robie<\/strong>, en faisant un choix id\u00e9al pour les entreprises soucieuses de l\u2019environnement.<\/p>\n<h3 style=\"font-size: 1.3em;\">Caract\u00e9ristiques cl\u00e9s:<\/h3>\n<p>\u2705 <strong>100 unit\u00e9s par paquet<\/strong>, id\u00e9al pour les achats en gros<br \/>\n\u2705 <strong>Thermoscellables &amp; r\u00e9sistants \u00e0 l\u2019humidit\u00e9<\/strong> pour pr\u00e9server la fra\u00eecheur des produits<br \/>\n\u2705 <strong>Transparents avec propri\u00e9t\u00e9s antistatiques<\/strong> pour une manipulation et une pr\u00e9sentation faciles<br \/>\n\u2705 <strong>Barri\u00e8re aux gaz, ar\u00f4mes, huiles &amp; graisses<\/strong>, garantissant une protection optimale<br \/>\n\u2705 <strong>Parfaits pour l\u2019emballage ou les \u00e9tiquettes d\u2019exp\u00e9dition<\/strong>, surtout avec du ruban compostable<br \/>\nCes <strong>sachets polyvalents, durables et respectueux de l\u2019environnement<\/strong> sont une excellente alternative aux emballages plastiques traditionnels, parfaits pour l\u2019<strong>industrie alimentaire, le commerce de d\u00e9tail et l\u2019exp\u00e9dition<\/strong>.<\/p>\n","protected":false},"excerpt":{"rendered":"<p>Certifi\u00e9s pour le compostage industriel et domestique, ces sachets alimentaires offrent une solution d\u2019emballage durable.<br \/>\n\u2705 Thermoscellables &amp; r\u00e9sistants \u00e0 l\u2019humidit\u00e9<br \/>\n\u2705 Transparents avec propri\u00e9t\u00e9s antistatiques<br \/>\n\u2705 Barri\u00e8re aux gaz, ar\u00f4mes, huiles &amp; graisses<br \/>\n<em style=\"font-size: 1.0em;\"><a href=\"https:\/\/www.eco2.ca\/fr\/solution-dimpression-personnalisee\/\" target=\"_blank\" rel=\"https:\/\/www.eco2.ca\/custom-printing-solution\/ noopener\"><img decoding=\"async\" class=\"alignnone wp-image-12241\" src=\"https:\/\/www.eco2.ca\/wp-content\/uploads\/2025\/06\/Custom-printing-available-300x300.png\" alt=\"custom printing coffee cup\" width=\"93\" height=\"93\" srcset=\"https:\/\/www.eco2.ca\/wp-content\/uploads\/2025\/06\/Custom-printing-available-300x300.png 300w, https:\/\/www.eco2.ca\/wp-content\/uploads\/2025\/06\/Custom-printing-available-1024x1024.png 1024w, https:\/\/www.eco2.ca\/wp-content\/uploads\/2025\/06\/Custom-printing-available-150x150.png 150w, https:\/\/www.eco2.ca\/wp-content\/uploads\/2025\/06\/Custom-printing-available-768x768.png 768w, https:\/\/www.eco2.ca\/wp-content\/uploads\/2025\/06\/Custom-printing-available-600x600.png 600w, https:\/\/www.eco2.ca\/wp-content\/uploads\/2025\/06\/Custom-printing-available-100x100.png 100w, https:\/\/www.eco2.ca\/wp-content\/uploads\/2025\/06\/Custom-printing-available.png 1181w\" sizes=\"(max-width: 93px) 100vw, 93px\" \/>Impression personnalis\u00e9e disponible<\/a><\/em><\/p>\n","protected":false},"featured_media":10885,"template":"","meta":{"_eb_attr":"","_uag_custom_page_level_css":"","site-sidebar-layout":"default","site-content-layout":"","ast-site-content-layout":"default","site-content-style":"default","site-sidebar-style":"default","ast-global-header-display":"","ast-banner-title-visibility":"","ast-main-header-display":"","ast-hfb-above-header-display":"","ast-hfb-below-header-display":"","ast-hfb-mobile-header-display":"","site-post-title":"","ast-breadcrumbs-content":"","ast-featured-img":"","footer-sml-layout":"","ast-disable-related-posts":"","theme-transparent-header-meta":"default","adv-header-id-meta":"","stick-header-meta":"","header-above-stick-meta":"","header-main-stick-meta":"","header-below-stick-meta":"","astra-migrate-meta-layouts":"set","ast-page-background-enabled":"default","ast-page-background-meta":{"desktop":{"background-color":"","background-image":"","background-repeat":"repeat","background-position":"center center","background-size":"auto","background-attachment":"scroll","background-type":"","background-media":"","overlay-type":"","overlay-color":"","overlay-opacity":"","overlay-gradient":""},"tablet":{"background-color":"","background-image":"","background-repeat":"repeat","background-position":"center center","background-size":"auto","background-attachment":"scroll","background-type":"","background-media":"","overlay-type":"","overlay-color":"","overlay-opacity":"","overlay-gradient":""},"mobile":{"background-color":"","background-image":"","background-repeat":"repeat","background-position":"center center","background-size":"auto","background-attachment":"scroll","background-type":"","background-media":"","overlay-type":"","overlay-color":"","overlay-opacity":"","overlay-gradient":""}},"ast-content-background-meta":{"desktop":{"background-color":"var(--ast-global-color-5)","background-image":"","background-repeat":"repeat","background-position":"center center","background-size":"auto","background-attachment":"scroll","background-type":"","background-media":"","overlay-type":"","overlay-color":"","overlay-opacity":"","overlay-gradient":""},"tablet":{"background-color":"var(--ast-global-color-5)","background-image":"","background-repeat":"repeat","background-position":"center center","background-size":"auto","background-attachment":"scroll","background-type":"","background-media":"","overlay-type":"","overlay-color":"","overlay-opacity":"","overlay-gradient":""},"mobile":{"background-color":"var(--ast-global-color-5)","background-image":"","background-repeat":"repeat","background-position":"center center","background-size":"auto","background-attachment":"scroll","background-type":"","background-media":"","overlay-type":"","overlay-color":"","overlay-opacity":"","overlay-gradient":""}},"_selected_store_location":"","_selected_store_location_key":""},"product_brand":[],"product_cat":[295,300],"product_tag":[],"class_list":{"0":"post-10894","1":"product","2":"type-product","3":"status-publish","4":"has-post-thumbnail","6":"product_cat-sac","7":"product_cat-sac-en-cellophane","8":"wcmi-has-gallery","9":"desktop-align-center","10":"tablet-align-center","11":"mobile-align-center","13":"first","14":"instock","15":"shipping-taxable","16":"purchasable","17":"product-type-simple"},"yoast_head":"<!-- This site is optimized with the Yoast SEO plugin v27.2 - https:\/\/yoast.com\/product\/yoast-seo-wordpress\/ -->\n<title>Sacs en Cellophane - Eco2bureau<\/title>\n<meta name=\"description\" content=\"Mettez en valeur vos produits avec des sacs en cellophane de haute qualit\u00e9, con\u00e7us pour offrir une clart\u00e9 impeccable, une protection\" \/>\n<meta name=\"robots\" content=\"index, follow, max-snippet:-1, max-image-preview:large, max-video-preview:-1\" \/>\n<link rel=\"canonical\" href=\"https:\/\/www.eco2.ca\/fr\/product\/sacs-en-cellophane\/\" \/>\n<meta property=\"og:locale\" content=\"fr_FR\" \/>\n<meta property=\"og:type\" content=\"article\" \/>\n<meta property=\"og:title\" content=\"Sacs en Cellophane - Eco2bureau\" \/>\n<meta property=\"og:description\" content=\"Mettez en valeur vos produits avec des sacs en cellophane de haute qualit\u00e9, con\u00e7us pour offrir une clart\u00e9 impeccable, une protection\" \/>\n<meta property=\"og:url\" content=\"https:\/\/www.eco2.ca\/fr\/product\/sacs-en-cellophane\/\" \/>\n<meta property=\"og:site_name\" content=\"Eco2bureau\" \/>\n<meta property=\"article:modified_time\" content=\"2025-06-30T15:51:19+00:00\" \/>\n<meta property=\"og:image\" content=\"https:\/\/www.eco2.ca\/wp-content\/uploads\/2025\/05\/fruitvegetable.jpeg\" \/>\n\t<meta property=\"og:image:width\" content=\"790\" \/>\n\t<meta property=\"og:image:height\" content=\"567\" \/>\n\t<meta property=\"og:image:type\" content=\"image\/jpeg\" \/>\n<meta name=\"twitter:card\" content=\"summary_large_image\" \/>\n<meta name=\"twitter:label1\" content=\"Dur\u00e9e de lecture estim\u00e9e\" \/>\n\t<meta name=\"twitter:data1\" content=\"1 minute\" \/>\n<script type=\"application\/ld+json\" class=\"yoast-schema-graph\">{\"@context\":\"https:\/\/schema.org\",\"@graph\":[{\"@type\":\"WebPage\",\"@id\":\"https:\/\/www.eco2.ca\/fr\/product\/sacs-en-cellophane\/\",\"url\":\"https:\/\/www.eco2.ca\/fr\/product\/sacs-en-cellophane\/\",\"name\":\"Sacs en Cellophane - Eco2bureau\",\"isPartOf\":{\"@id\":\"https:\/\/www.eco2.ca\/fr\/#website\"},\"primaryImageOfPage\":{\"@id\":\"https:\/\/www.eco2.ca\/fr\/product\/sacs-en-cellophane\/#primaryimage\"},\"image\":{\"@id\":\"https:\/\/www.eco2.ca\/fr\/product\/sacs-en-cellophane\/#primaryimage\"},\"thumbnailUrl\":\"https:\/\/www.eco2.ca\/wp-content\/uploads\/2025\/05\/fruitvegetable.jpeg\",\"datePublished\":\"2025-05-19T21:54:47+00:00\",\"dateModified\":\"2025-06-30T15:51:19+00:00\",\"description\":\"Mettez en valeur vos produits avec des sacs en cellophane de haute qualit\u00e9, con\u00e7us pour offrir une clart\u00e9 impeccable, une protection\",\"breadcrumb\":{\"@id\":\"https:\/\/www.eco2.ca\/fr\/product\/sacs-en-cellophane\/#breadcrumb\"},\"inLanguage\":\"fr-FR\",\"potentialAction\":[{\"@type\":\"ReadAction\",\"target\":[\"https:\/\/www.eco2.ca\/fr\/product\/sacs-en-cellophane\/\"]}]},{\"@type\":\"ImageObject\",\"inLanguage\":\"fr-FR\",\"@id\":\"https:\/\/www.eco2.ca\/fr\/product\/sacs-en-cellophane\/#primaryimage\",\"url\":\"https:\/\/www.eco2.ca\/wp-content\/uploads\/2025\/05\/fruitvegetable.jpeg\",\"contentUrl\":\"https:\/\/www.eco2.ca\/wp-content\/uploads\/2025\/05\/fruitvegetable.jpeg\",\"width\":790,\"height\":567,\"caption\":\"Cellophane Bags\"},{\"@type\":\"BreadcrumbList\",\"@id\":\"https:\/\/www.eco2.ca\/fr\/product\/sacs-en-cellophane\/#breadcrumb\",\"itemListElement\":[{\"@type\":\"ListItem\",\"position\":1,\"name\":\"Home\",\"item\":\"https:\/\/www.eco2.ca\/fr\/\"},{\"@type\":\"ListItem\",\"position\":2,\"name\":\"Boutique\",\"item\":\"https:\/\/www.eco2.ca\/fr\/boutique\/\"},{\"@type\":\"ListItem\",\"position\":3,\"name\":\"Sacs en Cellophane\"}]},{\"@type\":\"WebSite\",\"@id\":\"https:\/\/www.eco2.ca\/fr\/#website\",\"url\":\"https:\/\/www.eco2.ca\/fr\/\",\"name\":\"Eco2bureau\",\"description\":\"\",\"publisher\":{\"@id\":\"https:\/\/www.eco2.ca\/fr\/#organization\"},\"potentialAction\":[{\"@type\":\"SearchAction\",\"target\":{\"@type\":\"EntryPoint\",\"urlTemplate\":\"https:\/\/www.eco2.ca\/fr\/?s={search_term_string}\"},\"query-input\":{\"@type\":\"PropertyValueSpecification\",\"valueRequired\":true,\"valueName\":\"search_term_string\"}}],\"inLanguage\":\"fr-FR\"},{\"@type\":\"Organization\",\"@id\":\"https:\/\/www.eco2.ca\/fr\/#organization\",\"name\":\"Eco2bureau\",\"url\":\"https:\/\/www.eco2.ca\/fr\/\",\"logo\":{\"@type\":\"ImageObject\",\"inLanguage\":\"fr-FR\",\"@id\":\"https:\/\/www.eco2.ca\/fr\/#\/schema\/logo\/image\/\",\"url\":\"https:\/\/www.eco2.ca\/wp-content\/uploads\/2025\/04\/cropped-cropped-Add-a-subheading-3.png\",\"contentUrl\":\"https:\/\/www.eco2.ca\/wp-content\/uploads\/2025\/04\/cropped-cropped-Add-a-subheading-3.png\",\"width\":469,\"height\":109,\"caption\":\"Eco2bureau\"},\"image\":{\"@id\":\"https:\/\/www.eco2.ca\/fr\/#\/schema\/logo\/image\/\"}}]}<\/script>\n<!-- \/ Yoast SEO plugin. -->","yoast_head_json":{"title":"Sacs en Cellophane - Eco2bureau","description":"Mettez en valeur vos produits avec des sacs en cellophane de haute qualit\u00e9, con\u00e7us pour offrir une clart\u00e9 impeccable, une protection","robots":{"index":"index","follow":"follow","max-snippet":"max-snippet:-1","max-image-preview":"max-image-preview:large","max-video-preview":"max-video-preview:-1"},"canonical":"https:\/\/www.eco2.ca\/fr\/product\/sacs-en-cellophane\/","og_locale":"fr_FR","og_type":"article","og_title":"Sacs en Cellophane - Eco2bureau","og_description":"Mettez en valeur vos produits avec des sacs en cellophane de haute qualit\u00e9, con\u00e7us pour offrir une clart\u00e9 impeccable, une protection","og_url":"https:\/\/www.eco2.ca\/fr\/product\/sacs-en-cellophane\/","og_site_name":"Eco2bureau","article_modified_time":"2025-06-30T15:51:19+00:00","og_image":[{"width":790,"height":567,"url":"https:\/\/www.eco2.ca\/wp-content\/uploads\/2025\/05\/fruitvegetable.jpeg","type":"image\/jpeg"}],"twitter_card":"summary_large_image","twitter_misc":{"Dur\u00e9e de lecture estim\u00e9e":"1 minute"},"schema":{"@context":"https:\/\/schema.org","@graph":[{"@type":"WebPage","@id":"https:\/\/www.eco2.ca\/fr\/product\/sacs-en-cellophane\/","url":"https:\/\/www.eco2.ca\/fr\/product\/sacs-en-cellophane\/","name":"Sacs en Cellophane - Eco2bureau","isPartOf":{"@id":"https:\/\/www.eco2.ca\/fr\/#website"},"primaryImageOfPage":{"@id":"https:\/\/www.eco2.ca\/fr\/product\/sacs-en-cellophane\/#primaryimage"},"image":{"@id":"https:\/\/www.eco2.ca\/fr\/product\/sacs-en-cellophane\/#primaryimage"},"thumbnailUrl":"https:\/\/www.eco2.ca\/wp-content\/uploads\/2025\/05\/fruitvegetable.jpeg","datePublished":"2025-05-19T21:54:47+00:00","dateModified":"2025-06-30T15:51:19+00:00","description":"Mettez en valeur vos produits avec des sacs en cellophane de haute qualit\u00e9, con\u00e7us pour offrir une clart\u00e9 impeccable, une protection","breadcrumb":{"@id":"https:\/\/www.eco2.ca\/fr\/product\/sacs-en-cellophane\/#breadcrumb"},"inLanguage":"fr-FR","potentialAction":[{"@type":"ReadAction","target":["https:\/\/www.eco2.ca\/fr\/product\/sacs-en-cellophane\/"]}]},{"@type":"ImageObject","inLanguage":"fr-FR","@id":"https:\/\/www.eco2.ca\/fr\/product\/sacs-en-cellophane\/#primaryimage","url":"https:\/\/www.eco2.ca\/wp-content\/uploads\/2025\/05\/fruitvegetable.jpeg","contentUrl":"https:\/\/www.eco2.ca\/wp-content\/uploads\/2025\/05\/fruitvegetable.jpeg","width":790,"height":567,"caption":"Cellophane Bags"},{"@type":"BreadcrumbList","@id":"https:\/\/www.eco2.ca\/fr\/product\/sacs-en-cellophane\/#breadcrumb","itemListElement":[{"@type":"ListItem","position":1,"name":"Home","item":"https:\/\/www.eco2.ca\/fr\/"},{"@type":"ListItem","position":2,"name":"Boutique","item":"https:\/\/www.eco2.ca\/fr\/boutique\/"},{"@type":"ListItem","position":3,"name":"Sacs en Cellophane"}]},{"@type":"WebSite","@id":"https:\/\/www.eco2.ca\/fr\/#website","url":"https:\/\/www.eco2.ca\/fr\/","name":"Eco2bureau","description":"","publisher":{"@id":"https:\/\/www.eco2.ca\/fr\/#organization"},"potentialAction":[{"@type":"SearchAction","target":{"@type":"EntryPoint","urlTemplate":"https:\/\/www.eco2.ca\/fr\/?s={search_term_string}"},"query-input":{"@type":"PropertyValueSpecification","valueRequired":true,"valueName":"search_term_string"}}],"inLanguage":"fr-FR"},{"@type":"Organization","@id":"https:\/\/www.eco2.ca\/fr\/#organization","name":"Eco2bureau","url":"https:\/\/www.eco2.ca\/fr\/","logo":{"@type":"ImageObject","inLanguage":"fr-FR","@id":"https:\/\/www.eco2.ca\/fr\/#\/schema\/logo\/image\/","url":"https:\/\/www.eco2.ca\/wp-content\/uploads\/2025\/04\/cropped-cropped-Add-a-subheading-3.png","contentUrl":"https:\/\/www.eco2.ca\/wp-content\/uploads\/2025\/04\/cropped-cropped-Add-a-subheading-3.png","width":469,"height":109,"caption":"Eco2bureau"},"image":{"@id":"https:\/\/www.eco2.ca\/fr\/#\/schema\/logo\/image\/"}}]}},"uagb_featured_image_src":{"full":["https:\/\/www.eco2.ca\/wp-content\/uploads\/2025\/05\/fruitvegetable.jpeg",790,567,false],"thumbnail":["https:\/\/www.eco2.ca\/wp-content\/uploads\/2025\/05\/fruitvegetable-150x150.jpeg",150,150,true],"medium":["https:\/\/www.eco2.ca\/wp-content\/uploads\/2025\/05\/fruitvegetable-300x215.jpeg",300,215,true],"medium_large":["https:\/\/www.eco2.ca\/wp-content\/uploads\/2025\/05\/fruitvegetable-768x551.jpeg",768,551,true],"large":["https:\/\/www.eco2.ca\/wp-content\/uploads\/2025\/05\/fruitvegetable.jpeg",790,567,false],"1536x1536":["https:\/\/www.eco2.ca\/wp-content\/uploads\/2025\/05\/fruitvegetable.jpeg",790,567,false],"2048x2048":["https:\/\/www.eco2.ca\/wp-content\/uploads\/2025\/05\/fruitvegetable.jpeg",790,567,false],"wishsuite-image":["https:\/\/www.eco2.ca\/wp-content\/uploads\/2025\/05\/fruitvegetable.jpeg",80,57,false],"woocommerce_thumbnail":["https:\/\/www.eco2.ca\/wp-content\/uploads\/2025\/05\/fruitvegetable-300x300.jpeg",300,300,true],"woocommerce_single":["https:\/\/www.eco2.ca\/wp-content\/uploads\/2025\/05\/fruitvegetable-600x431.jpeg",600,431,true],"woocommerce_gallery_thumbnail":["https:\/\/www.eco2.ca\/wp-content\/uploads\/2025\/05\/fruitvegetable-100x100.jpeg",100,100,true]},"uagb_author_info":{"display_name":"Mary ..","author_link":"https:\/\/www.eco2.ca\/fr\/author\/"},"uagb_comment_info":0,"uagb_excerpt":"Certifi\u00e9s pour le compostage industriel et domestique, ces sachets alimentaires offrent une solution d\u2019emballage durable. \u2705 Thermoscellables &amp; r\u00e9sistants \u00e0 l\u2019humidit\u00e9 \u2705 Transparents avec propri\u00e9t\u00e9s antistatiques \u2705 Barri\u00e8re aux gaz, ar\u00f4mes, huiles &amp; graisses Impression personnalis\u00e9e disponible","_links":{"self":[{"href":"https:\/\/www.eco2.ca\/fr\/wp-json\/wp\/v2\/product\/10894","targetHints":{"allow":["GET"]}}],"collection":[{"href":"https:\/\/www.eco2.ca\/fr\/wp-json\/wp\/v2\/product"}],"about":[{"href":"https:\/\/www.eco2.ca\/fr\/wp-json\/wp\/v2\/types\/product"}],"wp:featuredmedia":[{"embeddable":true,"href":"https:\/\/www.eco2.ca\/fr\/wp-json\/wp\/v2\/media\/10885"}],"wp:attachment":[{"href":"https:\/\/www.eco2.ca\/fr\/wp-json\/wp\/v2\/media?parent=10894"}],"wp:term":[{"taxonomy":"product_brand","embeddable":true,"href":"https:\/\/www.eco2.ca\/fr\/wp-json\/wp\/v2\/product_brand?post=10894"},{"taxonomy":"product_cat","embeddable":true,"href":"https:\/\/www.eco2.ca\/fr\/wp-json\/wp\/v2\/product_cat?post=10894"},{"taxonomy":"product_tag","embeddable":true,"href":"https:\/\/www.eco2.ca\/fr\/wp-json\/wp\/v2\/product_tag?post=10894"}],"curies":[{"name":"wp","href":"https:\/\/api.w.org\/{rel}","templated":true}]}}