{"id":10899,"date":"2025-05-20T15:28:40","date_gmt":"2025-05-20T15:28:40","guid":{"rendered":"https:\/\/www.eco2.ca\/?post_type=product&#038;p=10899"},"modified":"2025-06-19T15:29:25","modified_gmt":"2025-06-19T15:29:25","slug":"sacs-a-poubelle","status":"publish","type":"product","link":"https:\/\/www.eco2.ca\/fr\/product\/sacs-a-poubelle\/","title":{"rendered":"Sacs \u00e0 Poubelle"},"content":{"rendered":"<h2 style=\"font-size: 1.3em;\">Sacs A D\u00e9chets Compostables \u2013 Une Solution Durable Pour Une Collecte Propre<\/h2>\n<p>Gardez vos espaces propres et \u00e9coresponsables gr\u00e2ce \u00e0 nos <strong>sacs \u00e0 d\u00e9chets compostables et biod\u00e9gradables<\/strong>, con\u00e7us avec soin pour une grande vari\u00e9t\u00e9 d\u2019applications. Offerts en plusieurs formats avec des tailles personnalisables, ils conviennent parfaitement aux <strong>bacs de collecte, cuisines commerciales et \u00e0 la gestion des d\u00e9chets de jardin<\/strong>. Fabriqu\u00e9s \u00e0 partir de mat\u00e9riaux d\u2019origine v\u00e9g\u00e9tale, ces sacs offrent une <strong>performance fiable<\/strong> tout en se d\u00e9composant naturellement dans des environnements de compostage \u2014 vous aidant ainsi \u00e0 <strong>r\u00e9duire les d\u00e9chets plastiques<\/strong> sans compromettre la qualit\u00e9.<\/p>\n<h3 style=\"font-size: 1.5em;\">Id\u00e9al Pour:<\/h3>\n<ul>\n<li>La collecte des d\u00e9chets organiques<\/li>\n<li>Les zones de pr\u00e9paration alimentaire dans les cuisines commerciales<\/li>\n<li>Le nettoyage de jardin et de paysage<\/li>\n<li>Les programmes municipaux de bac vert<\/li>\n<\/ul>\n<p>Un choix essentiel pour tous ceux qui souhaitent <strong>g\u00e9rer les d\u00e9chets de mani\u00e8re plus propre et plus \u00e9cologique<\/strong>.<\/p>\n","protected":false},"excerpt":{"rendered":"<p>Sacs compostables et biod\u00e9gradables \u00e9cologiques, disponibles en plusieurs formats \u2014 tailles personnalis\u00e9es offertes \u2014 con\u00e7us pour tapisser les bacs de collecte, contenants de cuisine commerciale et ramasser les d\u00e9chets de jardin en toute simplicit\u00e9 et durabilit\u00e9.<br \/>\n<em style=\"font-size: 1.0em;\"><a href=\"https:\/\/www.eco2.ca\/fr\/solution-dimpression-personnalisee\/\" target=\"_blank\" rel=\"https:\/\/www.eco2.ca\/custom-printing-solution\/ noopener\"><img decoding=\"async\" class=\"alignnone wp-image-12241\" src=\"https:\/\/www.eco2.ca\/wp-content\/uploads\/2025\/06\/Custom-printing-available-300x300.png\" alt=\"custom printing coffee cup\" width=\"93\" height=\"93\" srcset=\"https:\/\/www.eco2.ca\/wp-content\/uploads\/2025\/06\/Custom-printing-available-300x300.png 300w, https:\/\/www.eco2.ca\/wp-content\/uploads\/2025\/06\/Custom-printing-available-1024x1024.png 1024w, https:\/\/www.eco2.ca\/wp-content\/uploads\/2025\/06\/Custom-printing-available-150x150.png 150w, https:\/\/www.eco2.ca\/wp-content\/uploads\/2025\/06\/Custom-printing-available-768x768.png 768w, https:\/\/www.eco2.ca\/wp-content\/uploads\/2025\/06\/Custom-printing-available-600x600.png 600w, https:\/\/www.eco2.ca\/wp-content\/uploads\/2025\/06\/Custom-printing-available-100x100.png 100w, https:\/\/www.eco2.ca\/wp-content\/uploads\/2025\/06\/Custom-printing-available.png 1181w\" sizes=\"(max-width: 93px) 100vw, 93px\" \/>Impression personnalis\u00e9e disponible<\/a><\/em><\/p>\n","protected":false},"featured_media":10898,"template":"","meta":{"_eb_attr":"","_uag_custom_page_level_css":"","site-sidebar-layout":"default","site-content-layout":"","ast-site-content-layout":"default","site-content-style":"default","site-sidebar-style":"default","ast-global-header-display":"","ast-banner-title-visibility":"","ast-main-header-display":"","ast-hfb-above-header-display":"","ast-hfb-below-header-display":"","ast-hfb-mobile-header-display":"","site-post-title":"","ast-breadcrumbs-content":"","ast-featured-img":"","footer-sml-layout":"","ast-disable-related-posts":"","theme-transparent-header-meta":"default","adv-header-id-meta":"","stick-header-meta":"","header-above-stick-meta":"","header-main-stick-meta":"","header-below-stick-meta":"","astra-migrate-meta-layouts":"set","ast-page-background-enabled":"default","ast-page-background-meta":{"desktop":{"background-color":"","background-image":"","background-repeat":"repeat","background-position":"center center","background-size":"auto","background-attachment":"scroll","background-type":"","background-media":"","overlay-type":"","overlay-color":"","overlay-opacity":"","overlay-gradient":""},"tablet":{"background-color":"","background-image":"","background-repeat":"repeat","background-position":"center center","background-size":"auto","background-attachment":"scroll","background-type":"","background-media":"","overlay-type":"","overlay-color":"","overlay-opacity":"","overlay-gradient":""},"mobile":{"background-color":"","background-image":"","background-repeat":"repeat","background-position":"center center","background-size":"auto","background-attachment":"scroll","background-type":"","background-media":"","overlay-type":"","overlay-color":"","overlay-opacity":"","overlay-gradient":""}},"ast-content-background-meta":{"desktop":{"background-color":"var(--ast-global-color-5)","background-image":"","background-repeat":"repeat","background-position":"center center","background-size":"auto","background-attachment":"scroll","background-type":"","background-media":"","overlay-type":"","overlay-color":"","overlay-opacity":"","overlay-gradient":""},"tablet":{"background-color":"var(--ast-global-color-5)","background-image":"","background-repeat":"repeat","background-position":"center center","background-size":"auto","background-attachment":"scroll","background-type":"","background-media":"","overlay-type":"","overlay-color":"","overlay-opacity":"","overlay-gradient":""},"mobile":{"background-color":"var(--ast-global-color-5)","background-image":"","background-repeat":"repeat","background-position":"center center","background-size":"auto","background-attachment":"scroll","background-type":"","background-media":"","overlay-type":"","overlay-color":"","overlay-opacity":"","overlay-gradient":""}},"_selected_store_location":"","_selected_store_location_key":""},"product_brand":[],"product_cat":[302,295],"product_tag":[],"class_list":{"0":"post-10899","1":"product","2":"type-product","3":"status-publish","4":"has-post-thumbnail","6":"product_cat-disposal-bags","7":"product_cat-sac","8":"desktop-align-center","9":"tablet-align-center","10":"mobile-align-center","12":"first","13":"instock","14":"shipping-taxable","15":"purchasable","16":"product-type-simple"},"yoast_head":"<!-- This site is optimized with the Yoast SEO plugin v27.5 - https:\/\/yoast.com\/product\/yoast-seo-wordpress\/ -->\n<title>Sacs \u00e0 Poubelle - Eco2bureau<\/title>\n<meta name=\"description\" content=\"Am\u00e9liorez l\u2019hygi\u00e8ne et facilitez la gestion des d\u00e9chets gr\u00e2ce \u00e0 des sacs \u00e0 poubelle haute performance, con\u00e7us pour offrir durabilit\u00e9,\" \/>\n<meta name=\"robots\" content=\"index, follow, max-snippet:-1, max-image-preview:large, max-video-preview:-1\" \/>\n<link rel=\"canonical\" href=\"https:\/\/www.eco2.ca\/fr\/product\/sacs-a-poubelle\/\" \/>\n<meta property=\"og:locale\" content=\"fr_FR\" \/>\n<meta property=\"og:type\" content=\"article\" \/>\n<meta property=\"og:title\" content=\"Sacs \u00e0 Poubelle - Eco2bureau\" \/>\n<meta property=\"og:description\" content=\"Am\u00e9liorez l\u2019hygi\u00e8ne et facilitez la gestion des d\u00e9chets gr\u00e2ce \u00e0 des sacs \u00e0 poubelle haute performance, con\u00e7us pour offrir durabilit\u00e9,\" \/>\n<meta property=\"og:url\" content=\"https:\/\/www.eco2.ca\/fr\/product\/sacs-a-poubelle\/\" \/>\n<meta property=\"og:site_name\" content=\"Eco2bureau\" \/>\n<meta property=\"article:modified_time\" content=\"2025-06-19T15:29:25+00:00\" \/>\n<meta property=\"og:image\" content=\"https:\/\/www.eco2.ca\/wp-content\/uploads\/2025\/05\/42x48.jpg\" \/>\n\t<meta property=\"og:image:width\" content=\"250\" \/>\n\t<meta property=\"og:image:height\" content=\"250\" \/>\n\t<meta property=\"og:image:type\" content=\"image\/jpeg\" \/>\n<meta name=\"twitter:card\" content=\"summary_large_image\" \/>\n<meta name=\"twitter:label1\" content=\"Dur\u00e9e de lecture estim\u00e9e\" \/>\n\t<meta name=\"twitter:data1\" content=\"1 minute\" \/>\n<script type=\"application\/ld+json\" class=\"yoast-schema-graph\">{\"@context\":\"https:\\\/\\\/schema.org\",\"@graph\":[{\"@type\":\"WebPage\",\"@id\":\"https:\\\/\\\/www.eco2.ca\\\/fr\\\/product\\\/sacs-a-poubelle\\\/\",\"url\":\"https:\\\/\\\/www.eco2.ca\\\/fr\\\/product\\\/sacs-a-poubelle\\\/\",\"name\":\"Sacs \u00e0 Poubelle - Eco2bureau\",\"isPartOf\":{\"@id\":\"https:\\\/\\\/www.eco2.ca\\\/fr\\\/#website\"},\"primaryImageOfPage\":{\"@id\":\"https:\\\/\\\/www.eco2.ca\\\/fr\\\/product\\\/sacs-a-poubelle\\\/#primaryimage\"},\"image\":{\"@id\":\"https:\\\/\\\/www.eco2.ca\\\/fr\\\/product\\\/sacs-a-poubelle\\\/#primaryimage\"},\"thumbnailUrl\":\"https:\\\/\\\/www.eco2.ca\\\/wp-content\\\/uploads\\\/2025\\\/05\\\/42x48.jpg\",\"datePublished\":\"2025-05-20T15:28:40+00:00\",\"dateModified\":\"2025-06-19T15:29:25+00:00\",\"description\":\"Am\u00e9liorez l\u2019hygi\u00e8ne et facilitez la gestion des d\u00e9chets gr\u00e2ce \u00e0 des sacs \u00e0 poubelle haute performance, con\u00e7us pour offrir durabilit\u00e9,\",\"breadcrumb\":{\"@id\":\"https:\\\/\\\/www.eco2.ca\\\/fr\\\/product\\\/sacs-a-poubelle\\\/#breadcrumb\"},\"inLanguage\":\"fr-FR\",\"potentialAction\":[{\"@type\":\"ReadAction\",\"target\":[\"https:\\\/\\\/www.eco2.ca\\\/fr\\\/product\\\/sacs-a-poubelle\\\/\"]}]},{\"@type\":\"ImageObject\",\"inLanguage\":\"fr-FR\",\"@id\":\"https:\\\/\\\/www.eco2.ca\\\/fr\\\/product\\\/sacs-a-poubelle\\\/#primaryimage\",\"url\":\"https:\\\/\\\/www.eco2.ca\\\/wp-content\\\/uploads\\\/2025\\\/05\\\/42x48.jpg\",\"contentUrl\":\"https:\\\/\\\/www.eco2.ca\\\/wp-content\\\/uploads\\\/2025\\\/05\\\/42x48.jpg\",\"width\":250,\"height\":250,\"caption\":\"Bin Liners\"},{\"@type\":\"BreadcrumbList\",\"@id\":\"https:\\\/\\\/www.eco2.ca\\\/fr\\\/product\\\/sacs-a-poubelle\\\/#breadcrumb\",\"itemListElement\":[{\"@type\":\"ListItem\",\"position\":1,\"name\":\"Home\",\"item\":\"https:\\\/\\\/www.eco2.ca\\\/fr\\\/\"},{\"@type\":\"ListItem\",\"position\":2,\"name\":\"Boutique\",\"item\":\"https:\\\/\\\/www.eco2.ca\\\/fr\\\/boutique\\\/\"},{\"@type\":\"ListItem\",\"position\":3,\"name\":\"Sacs \u00e0 Poubelle\"}]},{\"@type\":\"WebSite\",\"@id\":\"https:\\\/\\\/www.eco2.ca\\\/fr\\\/#website\",\"url\":\"https:\\\/\\\/www.eco2.ca\\\/fr\\\/\",\"name\":\"Eco2bureau\",\"description\":\"\",\"publisher\":{\"@id\":\"https:\\\/\\\/www.eco2.ca\\\/fr\\\/#organization\"},\"potentialAction\":[{\"@type\":\"SearchAction\",\"target\":{\"@type\":\"EntryPoint\",\"urlTemplate\":\"https:\\\/\\\/www.eco2.ca\\\/fr\\\/?s={search_term_string}\"},\"query-input\":{\"@type\":\"PropertyValueSpecification\",\"valueRequired\":true,\"valueName\":\"search_term_string\"}}],\"inLanguage\":\"fr-FR\"},{\"@type\":\"Organization\",\"@id\":\"https:\\\/\\\/www.eco2.ca\\\/fr\\\/#organization\",\"name\":\"Eco2bureau\",\"url\":\"https:\\\/\\\/www.eco2.ca\\\/fr\\\/\",\"logo\":{\"@type\":\"ImageObject\",\"inLanguage\":\"fr-FR\",\"@id\":\"https:\\\/\\\/www.eco2.ca\\\/fr\\\/#\\\/schema\\\/logo\\\/image\\\/\",\"url\":\"https:\\\/\\\/www.eco2.ca\\\/wp-content\\\/uploads\\\/2025\\\/04\\\/cropped-cropped-Add-a-subheading-3.png\",\"contentUrl\":\"https:\\\/\\\/www.eco2.ca\\\/wp-content\\\/uploads\\\/2025\\\/04\\\/cropped-cropped-Add-a-subheading-3.png\",\"width\":469,\"height\":109,\"caption\":\"Eco2bureau\"},\"image\":{\"@id\":\"https:\\\/\\\/www.eco2.ca\\\/fr\\\/#\\\/schema\\\/logo\\\/image\\\/\"}}]}<\/script>\n<!-- \/ Yoast SEO plugin. -->","yoast_head_json":{"title":"Sacs \u00e0 Poubelle - Eco2bureau","description":"Am\u00e9liorez l\u2019hygi\u00e8ne et facilitez la gestion des d\u00e9chets gr\u00e2ce \u00e0 des sacs \u00e0 poubelle haute performance, con\u00e7us pour offrir durabilit\u00e9,","robots":{"index":"index","follow":"follow","max-snippet":"max-snippet:-1","max-image-preview":"max-image-preview:large","max-video-preview":"max-video-preview:-1"},"canonical":"https:\/\/www.eco2.ca\/fr\/product\/sacs-a-poubelle\/","og_locale":"fr_FR","og_type":"article","og_title":"Sacs \u00e0 Poubelle - Eco2bureau","og_description":"Am\u00e9liorez l\u2019hygi\u00e8ne et facilitez la gestion des d\u00e9chets gr\u00e2ce \u00e0 des sacs \u00e0 poubelle haute performance, con\u00e7us pour offrir durabilit\u00e9,","og_url":"https:\/\/www.eco2.ca\/fr\/product\/sacs-a-poubelle\/","og_site_name":"Eco2bureau","article_modified_time":"2025-06-19T15:29:25+00:00","og_image":[{"width":250,"height":250,"url":"https:\/\/www.eco2.ca\/wp-content\/uploads\/2025\/05\/42x48.jpg","type":"image\/jpeg"}],"twitter_card":"summary_large_image","twitter_misc":{"Dur\u00e9e de lecture estim\u00e9e":"1 minute"},"schema":{"@context":"https:\/\/schema.org","@graph":[{"@type":"WebPage","@id":"https:\/\/www.eco2.ca\/fr\/product\/sacs-a-poubelle\/","url":"https:\/\/www.eco2.ca\/fr\/product\/sacs-a-poubelle\/","name":"Sacs \u00e0 Poubelle - Eco2bureau","isPartOf":{"@id":"https:\/\/www.eco2.ca\/fr\/#website"},"primaryImageOfPage":{"@id":"https:\/\/www.eco2.ca\/fr\/product\/sacs-a-poubelle\/#primaryimage"},"image":{"@id":"https:\/\/www.eco2.ca\/fr\/product\/sacs-a-poubelle\/#primaryimage"},"thumbnailUrl":"https:\/\/www.eco2.ca\/wp-content\/uploads\/2025\/05\/42x48.jpg","datePublished":"2025-05-20T15:28:40+00:00","dateModified":"2025-06-19T15:29:25+00:00","description":"Am\u00e9liorez l\u2019hygi\u00e8ne et facilitez la gestion des d\u00e9chets gr\u00e2ce \u00e0 des sacs \u00e0 poubelle haute performance, con\u00e7us pour offrir durabilit\u00e9,","breadcrumb":{"@id":"https:\/\/www.eco2.ca\/fr\/product\/sacs-a-poubelle\/#breadcrumb"},"inLanguage":"fr-FR","potentialAction":[{"@type":"ReadAction","target":["https:\/\/www.eco2.ca\/fr\/product\/sacs-a-poubelle\/"]}]},{"@type":"ImageObject","inLanguage":"fr-FR","@id":"https:\/\/www.eco2.ca\/fr\/product\/sacs-a-poubelle\/#primaryimage","url":"https:\/\/www.eco2.ca\/wp-content\/uploads\/2025\/05\/42x48.jpg","contentUrl":"https:\/\/www.eco2.ca\/wp-content\/uploads\/2025\/05\/42x48.jpg","width":250,"height":250,"caption":"Bin Liners"},{"@type":"BreadcrumbList","@id":"https:\/\/www.eco2.ca\/fr\/product\/sacs-a-poubelle\/#breadcrumb","itemListElement":[{"@type":"ListItem","position":1,"name":"Home","item":"https:\/\/www.eco2.ca\/fr\/"},{"@type":"ListItem","position":2,"name":"Boutique","item":"https:\/\/www.eco2.ca\/fr\/boutique\/"},{"@type":"ListItem","position":3,"name":"Sacs \u00e0 Poubelle"}]},{"@type":"WebSite","@id":"https:\/\/www.eco2.ca\/fr\/#website","url":"https:\/\/www.eco2.ca\/fr\/","name":"Eco2bureau","description":"","publisher":{"@id":"https:\/\/www.eco2.ca\/fr\/#organization"},"potentialAction":[{"@type":"SearchAction","target":{"@type":"EntryPoint","urlTemplate":"https:\/\/www.eco2.ca\/fr\/?s={search_term_string}"},"query-input":{"@type":"PropertyValueSpecification","valueRequired":true,"valueName":"search_term_string"}}],"inLanguage":"fr-FR"},{"@type":"Organization","@id":"https:\/\/www.eco2.ca\/fr\/#organization","name":"Eco2bureau","url":"https:\/\/www.eco2.ca\/fr\/","logo":{"@type":"ImageObject","inLanguage":"fr-FR","@id":"https:\/\/www.eco2.ca\/fr\/#\/schema\/logo\/image\/","url":"https:\/\/www.eco2.ca\/wp-content\/uploads\/2025\/04\/cropped-cropped-Add-a-subheading-3.png","contentUrl":"https:\/\/www.eco2.ca\/wp-content\/uploads\/2025\/04\/cropped-cropped-Add-a-subheading-3.png","width":469,"height":109,"caption":"Eco2bureau"},"image":{"@id":"https:\/\/www.eco2.ca\/fr\/#\/schema\/logo\/image\/"}}]}},"uagb_featured_image_src":{"full":["https:\/\/www.eco2.ca\/wp-content\/uploads\/2025\/05\/42x48.jpg",250,250,false],"thumbnail":["https:\/\/www.eco2.ca\/wp-content\/uploads\/2025\/05\/42x48-150x150.jpg",150,150,true],"medium":["https:\/\/www.eco2.ca\/wp-content\/uploads\/2025\/05\/42x48.jpg",250,250,false],"medium_large":["https:\/\/www.eco2.ca\/wp-content\/uploads\/2025\/05\/42x48.jpg",250,250,false],"large":["https:\/\/www.eco2.ca\/wp-content\/uploads\/2025\/05\/42x48.jpg",250,250,false],"1536x1536":["https:\/\/www.eco2.ca\/wp-content\/uploads\/2025\/05\/42x48.jpg",250,250,false],"2048x2048":["https:\/\/www.eco2.ca\/wp-content\/uploads\/2025\/05\/42x48.jpg",250,250,false],"wishsuite-image":["https:\/\/www.eco2.ca\/wp-content\/uploads\/2025\/05\/42x48.jpg",80,80,false],"woocommerce_thumbnail":["https:\/\/www.eco2.ca\/wp-content\/uploads\/2025\/05\/42x48.jpg",250,250,false],"woocommerce_single":["https:\/\/www.eco2.ca\/wp-content\/uploads\/2025\/05\/42x48.jpg",250,250,false],"woocommerce_gallery_thumbnail":["https:\/\/www.eco2.ca\/wp-content\/uploads\/2025\/05\/42x48-100x100.jpg",100,100,true]},"uagb_author_info":{"display_name":"Mary ..","author_link":"https:\/\/www.eco2.ca\/fr\/author\/"},"uagb_comment_info":0,"uagb_excerpt":"Sacs compostables et biod\u00e9gradables \u00e9cologiques, disponibles en plusieurs formats \u2014 tailles personnalis\u00e9es offertes \u2014 con\u00e7us pour tapisser les bacs de collecte, contenants de cuisine commerciale et ramasser les d\u00e9chets de jardin en toute simplicit\u00e9 et durabilit\u00e9. Impression personnalis\u00e9e disponible","_links":{"self":[{"href":"https:\/\/www.eco2.ca\/fr\/wp-json\/wp\/v2\/product\/10899","targetHints":{"allow":["GET"]}}],"collection":[{"href":"https:\/\/www.eco2.ca\/fr\/wp-json\/wp\/v2\/product"}],"about":[{"href":"https:\/\/www.eco2.ca\/fr\/wp-json\/wp\/v2\/types\/product"}],"wp:featuredmedia":[{"embeddable":true,"href":"https:\/\/www.eco2.ca\/fr\/wp-json\/wp\/v2\/media\/10898"}],"wp:attachment":[{"href":"https:\/\/www.eco2.ca\/fr\/wp-json\/wp\/v2\/media?parent=10899"}],"wp:term":[{"taxonomy":"product_brand","embeddable":true,"href":"https:\/\/www.eco2.ca\/fr\/wp-json\/wp\/v2\/product_brand?post=10899"},{"taxonomy":"product_cat","embeddable":true,"href":"https:\/\/www.eco2.ca\/fr\/wp-json\/wp\/v2\/product_cat?post=10899"},{"taxonomy":"product_tag","embeddable":true,"href":"https:\/\/www.eco2.ca\/fr\/wp-json\/wp\/v2\/product_tag?post=10899"}],"curies":[{"name":"wp","href":"https:\/\/api.w.org\/{rel}","templated":true}]}}