{"id":12218,"date":"2025-06-03T13:46:41","date_gmt":"2025-06-03T13:46:41","guid":{"rendered":"https:\/\/www.eco2.ca\/product\/compostable-paper-coffee-cups-bamboo-aqueous-coating\/"},"modified":"2025-11-20T14:56:45","modified_gmt":"2025-11-20T14:56:45","slug":"gobelets-a-cafe-gobelets-chauds-en-bambou-avec-revetement-aqueux-a-base-deau","status":"publish","type":"product","link":"https:\/\/www.eco2.ca\/fr\/product\/gobelets-a-cafe-gobelets-chauds-en-bambou-avec-revetement-aqueux-a-base-deau\/","title":{"rendered":"Gobelets \u00e0 Caf\u00e9 \u2013 Gobelets Chauds En Bambou Avec Rev\u00eatement Aqueux (A Base D\u2019eau)"},"content":{"rendered":"<h2 style=\"font-size: 1.3em;\"><strong>Gobelets Chauds En bambou Avec Rev\u00eatement Aqueux (\u00e0 base D\u2019eau): Durables, \u00e9tanches et id\u00e9als pour les boissons chaudes<\/strong><\/h2>\n<p>Servez vos boissons de fa\u00e7on \u00e9coresponsable avec nos gobelets chauds en bambou, dot\u00e9s d\u2019un rev\u00eatement \u00e0 base d\u2019eau et compostables.<\/p>\n<h3 style=\"font-size: 1.3em;\"><strong>Caract\u00e9ristiques principales:<\/strong><\/h3>\n<ul>\n<li><strong>Mat\u00e9riau :<\/strong> Bambou avec rev\u00eatement \u00e0 base d\u2019eau<\/li>\n<li><strong>Tailles disponibles :<\/strong> 4 oz, 6 oz, 8 oz, 10 oz, 12 oz, 16 oz, 20 oz<\/li>\n<li><strong>Quantit\u00e9 par caisse :<\/strong> 1 000 unit\u00e9s<\/li>\n<li><strong>Certifications :<\/strong> Compostables (certifications en attente)<\/li>\n<li><strong>Statut \u00e0 Montr\u00e9al :<\/strong> \u2705 Utilisation permise<\/li>\n<\/ul>\n<p>Am\u00e9liorez votre service de boissons avec une alternative plus \u00e9cologique et de haute qualit\u00e9, offrant performance, fiabilit\u00e9 et avantages \u00e9coresponsables.<\/p>\n","protected":false},"excerpt":{"rendered":"<p><strong>Mat\u00e9riau:<\/strong> Bambou avec rev\u00eatement \u00e0 base d\u2019eau<br \/>\n<strong>Tailles disponibles:<\/strong> 4 oz, 6 oz, 8 oz, 10 oz, 12 oz, 16 oz, 20 oz<br \/>\n<strong>Quantit\u00e9 par caisse:<\/strong> 1 000 unit\u00e9s<br \/>\n<strong>Certifications:<\/strong> Compostables (certifications en attente)<br \/>\n<strong>Statut \u00e0 Montr\u00e9al:<\/strong> \u2705 Utilisation permise<br \/>\n<em style=\"font-size: 1.0em;\"><a href=\"https:\/\/www.eco2.ca\/fr\/solution-dimpression-personnalisee\/\" target=\"_blank\" rel=\"https:\/\/www.eco2.ca\/custom-printing-solution\/ noopener\"><img decoding=\"async\" class=\"alignnone wp-image-12241\" src=\"https:\/\/www.eco2.ca\/wp-content\/uploads\/2025\/06\/Custom-printing-available-300x300.png\" alt=\"custom printing coffee cup\" width=\"93\" height=\"93\" srcset=\"https:\/\/www.eco2.ca\/wp-content\/uploads\/2025\/06\/Custom-printing-available-300x300.png 300w, https:\/\/www.eco2.ca\/wp-content\/uploads\/2025\/06\/Custom-printing-available-1024x1024.png 1024w, https:\/\/www.eco2.ca\/wp-content\/uploads\/2025\/06\/Custom-printing-available-150x150.png 150w, https:\/\/www.eco2.ca\/wp-content\/uploads\/2025\/06\/Custom-printing-available-768x768.png 768w, https:\/\/www.eco2.ca\/wp-content\/uploads\/2025\/06\/Custom-printing-available-600x600.png 600w, https:\/\/www.eco2.ca\/wp-content\/uploads\/2025\/06\/Custom-printing-available-100x100.png 100w, https:\/\/www.eco2.ca\/wp-content\/uploads\/2025\/06\/Custom-printing-available.png 1181w\" sizes=\"(max-width: 93px) 100vw, 93px\" \/>Impression personnalis\u00e9e disponible<\/a><\/em><\/p>\n","protected":false},"featured_media":7001,"template":"","meta":{"_eb_attr":"","_uag_custom_page_level_css":"","site-sidebar-layout":"default","site-content-layout":"","ast-site-content-layout":"default","site-content-style":"default","site-sidebar-style":"default","ast-global-header-display":"","ast-banner-title-visibility":"","ast-main-header-display":"","ast-hfb-above-header-display":"","ast-hfb-below-header-display":"","ast-hfb-mobile-header-display":"","site-post-title":"","ast-breadcrumbs-content":"","ast-featured-img":"","footer-sml-layout":"","ast-disable-related-posts":"","theme-transparent-header-meta":"default","adv-header-id-meta":"","stick-header-meta":"","header-above-stick-meta":"","header-main-stick-meta":"","header-below-stick-meta":"","astra-migrate-meta-layouts":"set","ast-page-background-enabled":"default","ast-page-background-meta":{"desktop":{"background-color":"","background-image":"","background-repeat":"repeat","background-position":"center center","background-size":"auto","background-attachment":"scroll","background-type":"","background-media":"","overlay-type":"","overlay-color":"","overlay-opacity":"","overlay-gradient":""},"tablet":{"background-color":"","background-image":"","background-repeat":"repeat","background-position":"center center","background-size":"auto","background-attachment":"scroll","background-type":"","background-media":"","overlay-type":"","overlay-color":"","overlay-opacity":"","overlay-gradient":""},"mobile":{"background-color":"","background-image":"","background-repeat":"repeat","background-position":"center center","background-size":"auto","background-attachment":"scroll","background-type":"","background-media":"","overlay-type":"","overlay-color":"","overlay-opacity":"","overlay-gradient":""}},"ast-content-background-meta":{"desktop":{"background-color":"var(--ast-global-color-5)","background-image":"","background-repeat":"repeat","background-position":"center center","background-size":"auto","background-attachment":"scroll","background-type":"","background-media":"","overlay-type":"","overlay-color":"","overlay-opacity":"","overlay-gradient":""},"tablet":{"background-color":"var(--ast-global-color-5)","background-image":"","background-repeat":"repeat","background-position":"center center","background-size":"auto","background-attachment":"scroll","background-type":"","background-media":"","overlay-type":"","overlay-color":"","overlay-opacity":"","overlay-gradient":""},"mobile":{"background-color":"var(--ast-global-color-5)","background-image":"","background-repeat":"repeat","background-position":"center center","background-size":"auto","background-attachment":"scroll","background-type":"","background-media":"","overlay-type":"","overlay-color":"","overlay-opacity":"","overlay-gradient":""}},"_selected_store_location":"","_selected_store_location_key":""},"product_brand":[303],"product_cat":[204,189],"product_tag":[],"class_list":{"0":"post-12218","1":"product","2":"type-product","3":"status-publish","4":"has-post-thumbnail","6":"product_brand-bamboo","7":"product_cat-tasses-a-cafe","8":"product_cat-tasses-et-accessoires","9":"wcmi-has-gallery","10":"desktop-align-center","11":"tablet-align-center","12":"mobile-align-center","14":"first","15":"instock","16":"shipping-taxable","17":"purchasable","18":"product-type-simple"},"yoast_head":"<!-- This site is optimized with the Yoast SEO plugin v27.2 - https:\/\/yoast.com\/product\/yoast-seo-wordpress\/ -->\n<title>Gobelets \u00e0 Caf\u00e9 \u2013 Gobelets Chauds En Bambou Avec Rev\u00eatement Aqueux (A Base D\u2019eau) - Eco2bureau<\/title>\n<meta name=\"description\" content=\"Servez vos boissons de mani\u00e8re \u00e9coresponsable avec nos gobelets \u00e0 caf\u00e9 compostables, dot\u00e9s d\u2019un rev\u00eatement int\u00e9rieur imperm\u00e9able en PLA,\" \/>\n<meta name=\"robots\" content=\"index, follow, max-snippet:-1, max-image-preview:large, max-video-preview:-1\" \/>\n<link rel=\"canonical\" href=\"https:\/\/www.eco2.ca\/fr\/product\/gobelets-a-cafe-gobelets-chauds-en-bambou-avec-revetement-aqueux-a-base-deau\/\" \/>\n<meta property=\"og:locale\" content=\"fr_FR\" \/>\n<meta property=\"og:type\" content=\"article\" \/>\n<meta property=\"og:title\" content=\"Gobelets \u00e0 Caf\u00e9 \u2013 Gobelets Chauds En Bambou Avec Rev\u00eatement Aqueux (A Base D\u2019eau) - Eco2bureau\" \/>\n<meta property=\"og:description\" content=\"Servez vos boissons de mani\u00e8re \u00e9coresponsable avec nos gobelets \u00e0 caf\u00e9 compostables, dot\u00e9s d\u2019un rev\u00eatement int\u00e9rieur imperm\u00e9able en PLA,\" \/>\n<meta property=\"og:url\" content=\"https:\/\/www.eco2.ca\/fr\/product\/gobelets-a-cafe-gobelets-chauds-en-bambou-avec-revetement-aqueux-a-base-deau\/\" \/>\n<meta property=\"og:site_name\" content=\"Eco2bureau\" \/>\n<meta property=\"article:modified_time\" content=\"2025-11-20T14:56:45+00:00\" \/>\n<meta property=\"og:image\" content=\"https:\/\/www.eco2.ca\/wp-content\/uploads\/2024\/04\/EP-KHC16-1.jpg\" \/>\n\t<meta property=\"og:image:width\" content=\"800\" \/>\n\t<meta property=\"og:image:height\" content=\"800\" \/>\n\t<meta property=\"og:image:type\" content=\"image\/jpeg\" \/>\n<meta name=\"twitter:card\" content=\"summary_large_image\" \/>\n<meta name=\"twitter:label1\" content=\"Dur\u00e9e de lecture estim\u00e9e\" \/>\n\t<meta name=\"twitter:data1\" content=\"1 minute\" \/>\n<script type=\"application\/ld+json\" class=\"yoast-schema-graph\">{\"@context\":\"https:\/\/schema.org\",\"@graph\":[{\"@type\":\"WebPage\",\"@id\":\"https:\/\/www.eco2.ca\/fr\/product\/gobelets-a-cafe-gobelets-chauds-en-bambou-avec-revetement-aqueux-a-base-deau\/\",\"url\":\"https:\/\/www.eco2.ca\/fr\/product\/gobelets-a-cafe-gobelets-chauds-en-bambou-avec-revetement-aqueux-a-base-deau\/\",\"name\":\"Gobelets \u00e0 Caf\u00e9 \u2013 Gobelets Chauds En Bambou Avec Rev\u00eatement Aqueux (A Base D\u2019eau) - Eco2bureau\",\"isPartOf\":{\"@id\":\"https:\/\/www.eco2.ca\/fr\/#website\"},\"primaryImageOfPage\":{\"@id\":\"https:\/\/www.eco2.ca\/fr\/product\/gobelets-a-cafe-gobelets-chauds-en-bambou-avec-revetement-aqueux-a-base-deau\/#primaryimage\"},\"image\":{\"@id\":\"https:\/\/www.eco2.ca\/fr\/product\/gobelets-a-cafe-gobelets-chauds-en-bambou-avec-revetement-aqueux-a-base-deau\/#primaryimage\"},\"thumbnailUrl\":\"https:\/\/www.eco2.ca\/wp-content\/uploads\/2024\/04\/EP-KHC16-1.jpg\",\"datePublished\":\"2025-06-03T13:46:41+00:00\",\"dateModified\":\"2025-11-20T14:56:45+00:00\",\"description\":\"Servez vos boissons de mani\u00e8re \u00e9coresponsable avec nos gobelets \u00e0 caf\u00e9 compostables, dot\u00e9s d\u2019un rev\u00eatement int\u00e9rieur imperm\u00e9able en PLA,\",\"breadcrumb\":{\"@id\":\"https:\/\/www.eco2.ca\/fr\/product\/gobelets-a-cafe-gobelets-chauds-en-bambou-avec-revetement-aqueux-a-base-deau\/#breadcrumb\"},\"inLanguage\":\"fr-FR\",\"potentialAction\":[{\"@type\":\"ReadAction\",\"target\":[\"https:\/\/www.eco2.ca\/fr\/product\/gobelets-a-cafe-gobelets-chauds-en-bambou-avec-revetement-aqueux-a-base-deau\/\"]}]},{\"@type\":\"ImageObject\",\"inLanguage\":\"fr-FR\",\"@id\":\"https:\/\/www.eco2.ca\/fr\/product\/gobelets-a-cafe-gobelets-chauds-en-bambou-avec-revetement-aqueux-a-base-deau\/#primaryimage\",\"url\":\"https:\/\/www.eco2.ca\/wp-content\/uploads\/2024\/04\/EP-KHC16-1.jpg\",\"contentUrl\":\"https:\/\/www.eco2.ca\/wp-content\/uploads\/2024\/04\/EP-KHC16-1.jpg\",\"width\":800,\"height\":800,\"caption\":\"paper c\"},{\"@type\":\"BreadcrumbList\",\"@id\":\"https:\/\/www.eco2.ca\/fr\/product\/gobelets-a-cafe-gobelets-chauds-en-bambou-avec-revetement-aqueux-a-base-deau\/#breadcrumb\",\"itemListElement\":[{\"@type\":\"ListItem\",\"position\":1,\"name\":\"Home\",\"item\":\"https:\/\/www.eco2.ca\/fr\/\"},{\"@type\":\"ListItem\",\"position\":2,\"name\":\"Boutique\",\"item\":\"https:\/\/www.eco2.ca\/fr\/boutique\/\"},{\"@type\":\"ListItem\",\"position\":3,\"name\":\"Gobelets \u00e0 Caf\u00e9 \u2013 Gobelets Chauds En Bambou Avec Rev\u00eatement Aqueux (A Base D\u2019eau)\"}]},{\"@type\":\"WebSite\",\"@id\":\"https:\/\/www.eco2.ca\/fr\/#website\",\"url\":\"https:\/\/www.eco2.ca\/fr\/\",\"name\":\"Eco2bureau\",\"description\":\"\",\"publisher\":{\"@id\":\"https:\/\/www.eco2.ca\/fr\/#organization\"},\"potentialAction\":[{\"@type\":\"SearchAction\",\"target\":{\"@type\":\"EntryPoint\",\"urlTemplate\":\"https:\/\/www.eco2.ca\/fr\/?s={search_term_string}\"},\"query-input\":{\"@type\":\"PropertyValueSpecification\",\"valueRequired\":true,\"valueName\":\"search_term_string\"}}],\"inLanguage\":\"fr-FR\"},{\"@type\":\"Organization\",\"@id\":\"https:\/\/www.eco2.ca\/fr\/#organization\",\"name\":\"Eco2bureau\",\"url\":\"https:\/\/www.eco2.ca\/fr\/\",\"logo\":{\"@type\":\"ImageObject\",\"inLanguage\":\"fr-FR\",\"@id\":\"https:\/\/www.eco2.ca\/fr\/#\/schema\/logo\/image\/\",\"url\":\"https:\/\/www.eco2.ca\/wp-content\/uploads\/2025\/04\/cropped-cropped-Add-a-subheading-3.png\",\"contentUrl\":\"https:\/\/www.eco2.ca\/wp-content\/uploads\/2025\/04\/cropped-cropped-Add-a-subheading-3.png\",\"width\":469,\"height\":109,\"caption\":\"Eco2bureau\"},\"image\":{\"@id\":\"https:\/\/www.eco2.ca\/fr\/#\/schema\/logo\/image\/\"}}]}<\/script>\n<!-- \/ Yoast SEO plugin. -->","yoast_head_json":{"title":"Gobelets \u00e0 Caf\u00e9 \u2013 Gobelets Chauds En Bambou Avec Rev\u00eatement Aqueux (A Base D\u2019eau) - Eco2bureau","description":"Servez vos boissons de mani\u00e8re \u00e9coresponsable avec nos gobelets \u00e0 caf\u00e9 compostables, dot\u00e9s d\u2019un rev\u00eatement int\u00e9rieur imperm\u00e9able en PLA,","robots":{"index":"index","follow":"follow","max-snippet":"max-snippet:-1","max-image-preview":"max-image-preview:large","max-video-preview":"max-video-preview:-1"},"canonical":"https:\/\/www.eco2.ca\/fr\/product\/gobelets-a-cafe-gobelets-chauds-en-bambou-avec-revetement-aqueux-a-base-deau\/","og_locale":"fr_FR","og_type":"article","og_title":"Gobelets \u00e0 Caf\u00e9 \u2013 Gobelets Chauds En Bambou Avec Rev\u00eatement Aqueux (A Base D\u2019eau) - Eco2bureau","og_description":"Servez vos boissons de mani\u00e8re \u00e9coresponsable avec nos gobelets \u00e0 caf\u00e9 compostables, dot\u00e9s d\u2019un rev\u00eatement int\u00e9rieur imperm\u00e9able en PLA,","og_url":"https:\/\/www.eco2.ca\/fr\/product\/gobelets-a-cafe-gobelets-chauds-en-bambou-avec-revetement-aqueux-a-base-deau\/","og_site_name":"Eco2bureau","article_modified_time":"2025-11-20T14:56:45+00:00","og_image":[{"width":800,"height":800,"url":"https:\/\/www.eco2.ca\/wp-content\/uploads\/2024\/04\/EP-KHC16-1.jpg","type":"image\/jpeg"}],"twitter_card":"summary_large_image","twitter_misc":{"Dur\u00e9e de lecture estim\u00e9e":"1 minute"},"schema":{"@context":"https:\/\/schema.org","@graph":[{"@type":"WebPage","@id":"https:\/\/www.eco2.ca\/fr\/product\/gobelets-a-cafe-gobelets-chauds-en-bambou-avec-revetement-aqueux-a-base-deau\/","url":"https:\/\/www.eco2.ca\/fr\/product\/gobelets-a-cafe-gobelets-chauds-en-bambou-avec-revetement-aqueux-a-base-deau\/","name":"Gobelets \u00e0 Caf\u00e9 \u2013 Gobelets Chauds En Bambou Avec Rev\u00eatement Aqueux (A Base D\u2019eau) - Eco2bureau","isPartOf":{"@id":"https:\/\/www.eco2.ca\/fr\/#website"},"primaryImageOfPage":{"@id":"https:\/\/www.eco2.ca\/fr\/product\/gobelets-a-cafe-gobelets-chauds-en-bambou-avec-revetement-aqueux-a-base-deau\/#primaryimage"},"image":{"@id":"https:\/\/www.eco2.ca\/fr\/product\/gobelets-a-cafe-gobelets-chauds-en-bambou-avec-revetement-aqueux-a-base-deau\/#primaryimage"},"thumbnailUrl":"https:\/\/www.eco2.ca\/wp-content\/uploads\/2024\/04\/EP-KHC16-1.jpg","datePublished":"2025-06-03T13:46:41+00:00","dateModified":"2025-11-20T14:56:45+00:00","description":"Servez vos boissons de mani\u00e8re \u00e9coresponsable avec nos gobelets \u00e0 caf\u00e9 compostables, dot\u00e9s d\u2019un rev\u00eatement int\u00e9rieur imperm\u00e9able en PLA,","breadcrumb":{"@id":"https:\/\/www.eco2.ca\/fr\/product\/gobelets-a-cafe-gobelets-chauds-en-bambou-avec-revetement-aqueux-a-base-deau\/#breadcrumb"},"inLanguage":"fr-FR","potentialAction":[{"@type":"ReadAction","target":["https:\/\/www.eco2.ca\/fr\/product\/gobelets-a-cafe-gobelets-chauds-en-bambou-avec-revetement-aqueux-a-base-deau\/"]}]},{"@type":"ImageObject","inLanguage":"fr-FR","@id":"https:\/\/www.eco2.ca\/fr\/product\/gobelets-a-cafe-gobelets-chauds-en-bambou-avec-revetement-aqueux-a-base-deau\/#primaryimage","url":"https:\/\/www.eco2.ca\/wp-content\/uploads\/2024\/04\/EP-KHC16-1.jpg","contentUrl":"https:\/\/www.eco2.ca\/wp-content\/uploads\/2024\/04\/EP-KHC16-1.jpg","width":800,"height":800,"caption":"paper c"},{"@type":"BreadcrumbList","@id":"https:\/\/www.eco2.ca\/fr\/product\/gobelets-a-cafe-gobelets-chauds-en-bambou-avec-revetement-aqueux-a-base-deau\/#breadcrumb","itemListElement":[{"@type":"ListItem","position":1,"name":"Home","item":"https:\/\/www.eco2.ca\/fr\/"},{"@type":"ListItem","position":2,"name":"Boutique","item":"https:\/\/www.eco2.ca\/fr\/boutique\/"},{"@type":"ListItem","position":3,"name":"Gobelets \u00e0 Caf\u00e9 \u2013 Gobelets Chauds En Bambou Avec Rev\u00eatement Aqueux (A Base D\u2019eau)"}]},{"@type":"WebSite","@id":"https:\/\/www.eco2.ca\/fr\/#website","url":"https:\/\/www.eco2.ca\/fr\/","name":"Eco2bureau","description":"","publisher":{"@id":"https:\/\/www.eco2.ca\/fr\/#organization"},"potentialAction":[{"@type":"SearchAction","target":{"@type":"EntryPoint","urlTemplate":"https:\/\/www.eco2.ca\/fr\/?s={search_term_string}"},"query-input":{"@type":"PropertyValueSpecification","valueRequired":true,"valueName":"search_term_string"}}],"inLanguage":"fr-FR"},{"@type":"Organization","@id":"https:\/\/www.eco2.ca\/fr\/#organization","name":"Eco2bureau","url":"https:\/\/www.eco2.ca\/fr\/","logo":{"@type":"ImageObject","inLanguage":"fr-FR","@id":"https:\/\/www.eco2.ca\/fr\/#\/schema\/logo\/image\/","url":"https:\/\/www.eco2.ca\/wp-content\/uploads\/2025\/04\/cropped-cropped-Add-a-subheading-3.png","contentUrl":"https:\/\/www.eco2.ca\/wp-content\/uploads\/2025\/04\/cropped-cropped-Add-a-subheading-3.png","width":469,"height":109,"caption":"Eco2bureau"},"image":{"@id":"https:\/\/www.eco2.ca\/fr\/#\/schema\/logo\/image\/"}}]}},"uagb_featured_image_src":{"full":["https:\/\/www.eco2.ca\/wp-content\/uploads\/2024\/04\/EP-KHC16-1.jpg",800,800,false],"thumbnail":["https:\/\/www.eco2.ca\/wp-content\/uploads\/2024\/04\/EP-KHC16-1-150x150.jpg",150,150,true],"medium":["https:\/\/www.eco2.ca\/wp-content\/uploads\/2024\/04\/EP-KHC16-1-300x300.jpg",300,300,true],"medium_large":["https:\/\/www.eco2.ca\/wp-content\/uploads\/2024\/04\/EP-KHC16-1-768x768.jpg",768,768,true],"large":["https:\/\/www.eco2.ca\/wp-content\/uploads\/2024\/04\/EP-KHC16-1.jpg",800,800,false],"1536x1536":["https:\/\/www.eco2.ca\/wp-content\/uploads\/2024\/04\/EP-KHC16-1.jpg",800,800,false],"2048x2048":["https:\/\/www.eco2.ca\/wp-content\/uploads\/2024\/04\/EP-KHC16-1.jpg",800,800,false],"wishsuite-image":["https:\/\/www.eco2.ca\/wp-content\/uploads\/2024\/04\/EP-KHC16-1.jpg",80,80,false],"woocommerce_thumbnail":["https:\/\/www.eco2.ca\/wp-content\/uploads\/2024\/04\/EP-KHC16-1-300x300.jpg",300,300,true],"woocommerce_single":["https:\/\/www.eco2.ca\/wp-content\/uploads\/2024\/04\/EP-KHC16-1-600x600.jpg",600,600,true],"woocommerce_gallery_thumbnail":["https:\/\/www.eco2.ca\/wp-content\/uploads\/2024\/04\/EP-KHC16-1-100x100.jpg",100,100,true]},"uagb_author_info":{"display_name":"Mary ..","author_link":"https:\/\/www.eco2.ca\/fr\/author\/"},"uagb_comment_info":0,"uagb_excerpt":"Mat\u00e9riau: Bambou avec rev\u00eatement \u00e0 base d\u2019eau Tailles disponibles: 4 oz, 6 oz, 8 oz, 10 oz, 12 oz, 16 oz, 20 oz Quantit\u00e9 par caisse: 1 000 unit\u00e9s Certifications: Compostables (certifications en attente) Statut \u00e0 Montr\u00e9al: \u2705 Utilisation permise Impression personnalis\u00e9e disponible","_links":{"self":[{"href":"https:\/\/www.eco2.ca\/fr\/wp-json\/wp\/v2\/product\/12218","targetHints":{"allow":["GET"]}}],"collection":[{"href":"https:\/\/www.eco2.ca\/fr\/wp-json\/wp\/v2\/product"}],"about":[{"href":"https:\/\/www.eco2.ca\/fr\/wp-json\/wp\/v2\/types\/product"}],"wp:featuredmedia":[{"embeddable":true,"href":"https:\/\/www.eco2.ca\/fr\/wp-json\/wp\/v2\/media\/7001"}],"wp:attachment":[{"href":"https:\/\/www.eco2.ca\/fr\/wp-json\/wp\/v2\/media?parent=12218"}],"wp:term":[{"taxonomy":"product_brand","embeddable":true,"href":"https:\/\/www.eco2.ca\/fr\/wp-json\/wp\/v2\/product_brand?post=12218"},{"taxonomy":"product_cat","embeddable":true,"href":"https:\/\/www.eco2.ca\/fr\/wp-json\/wp\/v2\/product_cat?post=12218"},{"taxonomy":"product_tag","embeddable":true,"href":"https:\/\/www.eco2.ca\/fr\/wp-json\/wp\/v2\/product_tag?post=12218"}],"curies":[{"name":"wp","href":"https:\/\/api.w.org\/{rel}","templated":true}]}}