{"id":12222,"date":"2025-05-30T13:32:38","date_gmt":"2025-05-30T13:32:38","guid":{"rendered":"https:\/\/www.eco2.ca\/product\/white-compostable-coffee-cups\/"},"modified":"2025-06-30T11:27:13","modified_gmt":"2025-06-30T11:27:13","slug":"gobelets-blancs-compostables","status":"publish","type":"product","link":"https:\/\/www.eco2.ca\/fr\/product\/gobelets-blancs-compostables\/","title":{"rendered":"Gobelets A Caf\u00e9 \u2013 Blancs Compostables Avec Doublure En PLA"},"content":{"rendered":"<h2 style=\"font-size: 1.7em;\">Gobelets Blancs Compostables: \u00c9cologiques, \u00c9tanches et Parfaits pour les Boissons Chaudes<\/h2>\n<p>Servez vos boissons de mani\u00e8re \u00e9coresponsable avec nos <strong>gobelets compostables blancs<\/strong>, dot\u00e9s d\u2019un <strong>rev\u00eatement int\u00e9rieur \u00e9tanche en PLA<\/strong> \u2014 un polym\u00e8re issu de l\u2019amidon de ma\u00efs renouvelable. Offerts en format de <strong>90 mm de diam\u00e8tre<\/strong>.<\/p>\n<h3 style=\"font-size: 1.7em;\">Caract\u00e9ristiques Cl\u00e9s:<\/h3>\n<p>\u2705 <strong>\u00c9tanche et durable<\/strong> \u2013 id\u00e9al pour le caf\u00e9 et les boissons chaudes<\/p>\n<p>\u2705 <strong>Couvercles compostables &amp; manchons isolants disponibles<\/strong> \u2013 une option \u00e9coresponsable<\/p>\n<p>\u2705 <strong>Formats vari\u00e9s<\/strong> \u2013 adapt\u00e9s \u00e0 diff\u00e9rents besoins de service<\/p>\n<p>\u2705 <strong>Choix de couvercles compostables<\/strong> \u2013 fibre ou PLA selon vos pr\u00e9f\u00e9rences<\/p>\n<p>Am\u00e9liorez votre service de boissons avec une <strong>alternative plus verte et de haute qualit\u00e9<\/strong>.<\/p>\n","protected":false},"excerpt":{"rendered":"<p>Les gobelets en papier compostables de 90 mm de diam\u00e8tre sont dot\u00e9s d\u2019un rev\u00eatement int\u00e9rieur \u00e9tanche fabriqu\u00e9 \u00e0 partir de PLA, un polym\u00e8re d\u2019origine v\u00e9g\u00e9tale d\u00e9riv\u00e9 de l\u2019amidon de ma\u00efs.<\/p>\n","protected":false},"featured_media":7286,"template":"","meta":{"_eb_attr":"","_uag_custom_page_level_css":"","site-sidebar-layout":"default","site-content-layout":"","ast-site-content-layout":"default","site-content-style":"default","site-sidebar-style":"default","ast-global-header-display":"","ast-banner-title-visibility":"","ast-main-header-display":"","ast-hfb-above-header-display":"","ast-hfb-below-header-display":"","ast-hfb-mobile-header-display":"","site-post-title":"","ast-breadcrumbs-content":"","ast-featured-img":"","footer-sml-layout":"","ast-disable-related-posts":"","theme-transparent-header-meta":"default","adv-header-id-meta":"","stick-header-meta":"","header-above-stick-meta":"","header-main-stick-meta":"","header-below-stick-meta":"","astra-migrate-meta-layouts":"set","ast-page-background-enabled":"default","ast-page-background-meta":{"desktop":{"background-color":"","background-image":"","background-repeat":"repeat","background-position":"center center","background-size":"auto","background-attachment":"scroll","background-type":"","background-media":"","overlay-type":"","overlay-color":"","overlay-opacity":"","overlay-gradient":""},"tablet":{"background-color":"","background-image":"","background-repeat":"repeat","background-position":"center center","background-size":"auto","background-attachment":"scroll","background-type":"","background-media":"","overlay-type":"","overlay-color":"","overlay-opacity":"","overlay-gradient":""},"mobile":{"background-color":"","background-image":"","background-repeat":"repeat","background-position":"center center","background-size":"auto","background-attachment":"scroll","background-type":"","background-media":"","overlay-type":"","overlay-color":"","overlay-opacity":"","overlay-gradient":""}},"ast-content-background-meta":{"desktop":{"background-color":"var(--ast-global-color-5)","background-image":"","background-repeat":"repeat","background-position":"center center","background-size":"auto","background-attachment":"scroll","background-type":"","background-media":"","overlay-type":"","overlay-color":"","overlay-opacity":"","overlay-gradient":""},"tablet":{"background-color":"var(--ast-global-color-5)","background-image":"","background-repeat":"repeat","background-position":"center center","background-size":"auto","background-attachment":"scroll","background-type":"","background-media":"","overlay-type":"","overlay-color":"","overlay-opacity":"","overlay-gradient":""},"mobile":{"background-color":"var(--ast-global-color-5)","background-image":"","background-repeat":"repeat","background-position":"center center","background-size":"auto","background-attachment":"scroll","background-type":"","background-media":"","overlay-type":"","overlay-color":"","overlay-opacity":"","overlay-gradient":""}},"_selected_store_location":"","_selected_store_location_key":""},"product_brand":[],"product_cat":[204,189],"product_tag":[],"class_list":{"0":"post-12222","1":"product","2":"type-product","3":"status-publish","4":"has-post-thumbnail","6":"product_cat-tasses-a-cafe","7":"product_cat-tasses-et-accessoires","8":"desktop-align-center","9":"tablet-align-center","10":"mobile-align-center","12":"first","13":"instock","14":"shipping-taxable","15":"purchasable","16":"product-type-simple"},"yoast_head":"<!-- This site is optimized with the Yoast SEO plugin v27.5 - https:\/\/yoast.com\/product\/yoast-seo-wordpress\/ -->\n<title>Gobelets A Caf\u00e9 \u2013 Blancs Compostables Avec Doublure En PLA - Eco2bureau<\/title>\n<meta name=\"description\" content=\"Serve your drinks eco-consciously with our White compostable cups, featuring a liquid-proof inner coating made from PLA\u2014a polymer derived from renewable...\" \/>\n<meta name=\"robots\" content=\"index, follow, max-snippet:-1, max-image-preview:large, max-video-preview:-1\" \/>\n<link rel=\"canonical\" href=\"https:\/\/www.eco2.ca\/fr\/product\/gobelets-blancs-compostables\/\" \/>\n<meta property=\"og:locale\" content=\"fr_FR\" \/>\n<meta property=\"og:type\" content=\"article\" \/>\n<meta property=\"og:title\" content=\"Gobelets A Caf\u00e9 \u2013 Blancs Compostables Avec Doublure En PLA - Eco2bureau\" \/>\n<meta property=\"og:description\" content=\"Serve your drinks eco-consciously with our White compostable cups, featuring a liquid-proof inner coating made from PLA\u2014a polymer derived from renewable...\" \/>\n<meta property=\"og:url\" content=\"https:\/\/www.eco2.ca\/fr\/product\/gobelets-blancs-compostables\/\" \/>\n<meta property=\"og:site_name\" content=\"Eco2bureau\" \/>\n<meta property=\"article:modified_time\" content=\"2025-06-30T11:27:13+00:00\" \/>\n<meta property=\"og:image\" content=\"https:\/\/www.eco2.ca\/wp-content\/uploads\/2025\/02\/EP-BHPC10-1.jpg\" \/>\n\t<meta property=\"og:image:width\" content=\"800\" \/>\n\t<meta property=\"og:image:height\" content=\"800\" \/>\n\t<meta property=\"og:image:type\" content=\"image\/jpeg\" \/>\n<meta name=\"twitter:card\" content=\"summary_large_image\" \/>\n<meta name=\"twitter:label1\" content=\"Dur\u00e9e de lecture estim\u00e9e\" \/>\n\t<meta name=\"twitter:data1\" content=\"1 minute\" \/>\n<script type=\"application\/ld+json\" class=\"yoast-schema-graph\">{\"@context\":\"https:\\\/\\\/schema.org\",\"@graph\":[{\"@type\":\"WebPage\",\"@id\":\"https:\\\/\\\/www.eco2.ca\\\/fr\\\/product\\\/gobelets-blancs-compostables\\\/\",\"url\":\"https:\\\/\\\/www.eco2.ca\\\/fr\\\/product\\\/gobelets-blancs-compostables\\\/\",\"name\":\"Gobelets A Caf\u00e9 \u2013 Blancs Compostables Avec Doublure En PLA - Eco2bureau\",\"isPartOf\":{\"@id\":\"https:\\\/\\\/www.eco2.ca\\\/fr\\\/#website\"},\"primaryImageOfPage\":{\"@id\":\"https:\\\/\\\/www.eco2.ca\\\/fr\\\/product\\\/gobelets-blancs-compostables\\\/#primaryimage\"},\"image\":{\"@id\":\"https:\\\/\\\/www.eco2.ca\\\/fr\\\/product\\\/gobelets-blancs-compostables\\\/#primaryimage\"},\"thumbnailUrl\":\"https:\\\/\\\/www.eco2.ca\\\/wp-content\\\/uploads\\\/2025\\\/02\\\/EP-BHPC10-1.jpg\",\"datePublished\":\"2025-05-30T13:32:38+00:00\",\"dateModified\":\"2025-06-30T11:27:13+00:00\",\"description\":\"Serve your drinks eco-consciously with our White compostable cups, featuring a liquid-proof inner coating made from PLA\u2014a polymer derived from renewable...\",\"breadcrumb\":{\"@id\":\"https:\\\/\\\/www.eco2.ca\\\/fr\\\/product\\\/gobelets-blancs-compostables\\\/#breadcrumb\"},\"inLanguage\":\"fr-FR\",\"potentialAction\":[{\"@type\":\"ReadAction\",\"target\":[\"https:\\\/\\\/www.eco2.ca\\\/fr\\\/product\\\/gobelets-blancs-compostables\\\/\"]}]},{\"@type\":\"ImageObject\",\"inLanguage\":\"fr-FR\",\"@id\":\"https:\\\/\\\/www.eco2.ca\\\/fr\\\/product\\\/gobelets-blancs-compostables\\\/#primaryimage\",\"url\":\"https:\\\/\\\/www.eco2.ca\\\/wp-content\\\/uploads\\\/2025\\\/02\\\/EP-BHPC10-1.jpg\",\"contentUrl\":\"https:\\\/\\\/www.eco2.ca\\\/wp-content\\\/uploads\\\/2025\\\/02\\\/EP-BHPC10-1.jpg\",\"width\":800,\"height\":800,\"caption\":\"Paper Hot Cup\"},{\"@type\":\"BreadcrumbList\",\"@id\":\"https:\\\/\\\/www.eco2.ca\\\/fr\\\/product\\\/gobelets-blancs-compostables\\\/#breadcrumb\",\"itemListElement\":[{\"@type\":\"ListItem\",\"position\":1,\"name\":\"Home\",\"item\":\"https:\\\/\\\/www.eco2.ca\\\/fr\\\/\"},{\"@type\":\"ListItem\",\"position\":2,\"name\":\"Boutique\",\"item\":\"https:\\\/\\\/www.eco2.ca\\\/fr\\\/boutique\\\/\"},{\"@type\":\"ListItem\",\"position\":3,\"name\":\"Gobelets A Caf\u00e9 \u2013 Blancs Compostables Avec Doublure En PLA\"}]},{\"@type\":\"WebSite\",\"@id\":\"https:\\\/\\\/www.eco2.ca\\\/fr\\\/#website\",\"url\":\"https:\\\/\\\/www.eco2.ca\\\/fr\\\/\",\"name\":\"Eco2bureau\",\"description\":\"\",\"publisher\":{\"@id\":\"https:\\\/\\\/www.eco2.ca\\\/fr\\\/#organization\"},\"potentialAction\":[{\"@type\":\"SearchAction\",\"target\":{\"@type\":\"EntryPoint\",\"urlTemplate\":\"https:\\\/\\\/www.eco2.ca\\\/fr\\\/?s={search_term_string}\"},\"query-input\":{\"@type\":\"PropertyValueSpecification\",\"valueRequired\":true,\"valueName\":\"search_term_string\"}}],\"inLanguage\":\"fr-FR\"},{\"@type\":\"Organization\",\"@id\":\"https:\\\/\\\/www.eco2.ca\\\/fr\\\/#organization\",\"name\":\"Eco2bureau\",\"url\":\"https:\\\/\\\/www.eco2.ca\\\/fr\\\/\",\"logo\":{\"@type\":\"ImageObject\",\"inLanguage\":\"fr-FR\",\"@id\":\"https:\\\/\\\/www.eco2.ca\\\/fr\\\/#\\\/schema\\\/logo\\\/image\\\/\",\"url\":\"https:\\\/\\\/www.eco2.ca\\\/wp-content\\\/uploads\\\/2025\\\/04\\\/cropped-cropped-Add-a-subheading-3.png\",\"contentUrl\":\"https:\\\/\\\/www.eco2.ca\\\/wp-content\\\/uploads\\\/2025\\\/04\\\/cropped-cropped-Add-a-subheading-3.png\",\"width\":469,\"height\":109,\"caption\":\"Eco2bureau\"},\"image\":{\"@id\":\"https:\\\/\\\/www.eco2.ca\\\/fr\\\/#\\\/schema\\\/logo\\\/image\\\/\"}}]}<\/script>\n<!-- \/ Yoast SEO plugin. -->","yoast_head_json":{"title":"Gobelets A Caf\u00e9 \u2013 Blancs Compostables Avec Doublure En PLA - Eco2bureau","description":"Serve your drinks eco-consciously with our White compostable cups, featuring a liquid-proof inner coating made from PLA\u2014a polymer derived from renewable...","robots":{"index":"index","follow":"follow","max-snippet":"max-snippet:-1","max-image-preview":"max-image-preview:large","max-video-preview":"max-video-preview:-1"},"canonical":"https:\/\/www.eco2.ca\/fr\/product\/gobelets-blancs-compostables\/","og_locale":"fr_FR","og_type":"article","og_title":"Gobelets A Caf\u00e9 \u2013 Blancs Compostables Avec Doublure En PLA - Eco2bureau","og_description":"Serve your drinks eco-consciously with our White compostable cups, featuring a liquid-proof inner coating made from PLA\u2014a polymer derived from renewable...","og_url":"https:\/\/www.eco2.ca\/fr\/product\/gobelets-blancs-compostables\/","og_site_name":"Eco2bureau","article_modified_time":"2025-06-30T11:27:13+00:00","og_image":[{"width":800,"height":800,"url":"https:\/\/www.eco2.ca\/wp-content\/uploads\/2025\/02\/EP-BHPC10-1.jpg","type":"image\/jpeg"}],"twitter_card":"summary_large_image","twitter_misc":{"Dur\u00e9e de lecture estim\u00e9e":"1 minute"},"schema":{"@context":"https:\/\/schema.org","@graph":[{"@type":"WebPage","@id":"https:\/\/www.eco2.ca\/fr\/product\/gobelets-blancs-compostables\/","url":"https:\/\/www.eco2.ca\/fr\/product\/gobelets-blancs-compostables\/","name":"Gobelets A Caf\u00e9 \u2013 Blancs Compostables Avec Doublure En PLA - Eco2bureau","isPartOf":{"@id":"https:\/\/www.eco2.ca\/fr\/#website"},"primaryImageOfPage":{"@id":"https:\/\/www.eco2.ca\/fr\/product\/gobelets-blancs-compostables\/#primaryimage"},"image":{"@id":"https:\/\/www.eco2.ca\/fr\/product\/gobelets-blancs-compostables\/#primaryimage"},"thumbnailUrl":"https:\/\/www.eco2.ca\/wp-content\/uploads\/2025\/02\/EP-BHPC10-1.jpg","datePublished":"2025-05-30T13:32:38+00:00","dateModified":"2025-06-30T11:27:13+00:00","description":"Serve your drinks eco-consciously with our White compostable cups, featuring a liquid-proof inner coating made from PLA\u2014a polymer derived from renewable...","breadcrumb":{"@id":"https:\/\/www.eco2.ca\/fr\/product\/gobelets-blancs-compostables\/#breadcrumb"},"inLanguage":"fr-FR","potentialAction":[{"@type":"ReadAction","target":["https:\/\/www.eco2.ca\/fr\/product\/gobelets-blancs-compostables\/"]}]},{"@type":"ImageObject","inLanguage":"fr-FR","@id":"https:\/\/www.eco2.ca\/fr\/product\/gobelets-blancs-compostables\/#primaryimage","url":"https:\/\/www.eco2.ca\/wp-content\/uploads\/2025\/02\/EP-BHPC10-1.jpg","contentUrl":"https:\/\/www.eco2.ca\/wp-content\/uploads\/2025\/02\/EP-BHPC10-1.jpg","width":800,"height":800,"caption":"Paper Hot Cup"},{"@type":"BreadcrumbList","@id":"https:\/\/www.eco2.ca\/fr\/product\/gobelets-blancs-compostables\/#breadcrumb","itemListElement":[{"@type":"ListItem","position":1,"name":"Home","item":"https:\/\/www.eco2.ca\/fr\/"},{"@type":"ListItem","position":2,"name":"Boutique","item":"https:\/\/www.eco2.ca\/fr\/boutique\/"},{"@type":"ListItem","position":3,"name":"Gobelets A Caf\u00e9 \u2013 Blancs Compostables Avec Doublure En PLA"}]},{"@type":"WebSite","@id":"https:\/\/www.eco2.ca\/fr\/#website","url":"https:\/\/www.eco2.ca\/fr\/","name":"Eco2bureau","description":"","publisher":{"@id":"https:\/\/www.eco2.ca\/fr\/#organization"},"potentialAction":[{"@type":"SearchAction","target":{"@type":"EntryPoint","urlTemplate":"https:\/\/www.eco2.ca\/fr\/?s={search_term_string}"},"query-input":{"@type":"PropertyValueSpecification","valueRequired":true,"valueName":"search_term_string"}}],"inLanguage":"fr-FR"},{"@type":"Organization","@id":"https:\/\/www.eco2.ca\/fr\/#organization","name":"Eco2bureau","url":"https:\/\/www.eco2.ca\/fr\/","logo":{"@type":"ImageObject","inLanguage":"fr-FR","@id":"https:\/\/www.eco2.ca\/fr\/#\/schema\/logo\/image\/","url":"https:\/\/www.eco2.ca\/wp-content\/uploads\/2025\/04\/cropped-cropped-Add-a-subheading-3.png","contentUrl":"https:\/\/www.eco2.ca\/wp-content\/uploads\/2025\/04\/cropped-cropped-Add-a-subheading-3.png","width":469,"height":109,"caption":"Eco2bureau"},"image":{"@id":"https:\/\/www.eco2.ca\/fr\/#\/schema\/logo\/image\/"}}]}},"uagb_featured_image_src":{"full":["https:\/\/www.eco2.ca\/wp-content\/uploads\/2025\/02\/EP-BHPC10-1.jpg",800,800,false],"thumbnail":["https:\/\/www.eco2.ca\/wp-content\/uploads\/2025\/02\/EP-BHPC10-1-150x150.jpg",150,150,true],"medium":["https:\/\/www.eco2.ca\/wp-content\/uploads\/2025\/02\/EP-BHPC10-1-300x300.jpg",300,300,true],"medium_large":["https:\/\/www.eco2.ca\/wp-content\/uploads\/2025\/02\/EP-BHPC10-1-768x768.jpg",768,768,true],"large":["https:\/\/www.eco2.ca\/wp-content\/uploads\/2025\/02\/EP-BHPC10-1.jpg",800,800,false],"1536x1536":["https:\/\/www.eco2.ca\/wp-content\/uploads\/2025\/02\/EP-BHPC10-1.jpg",800,800,false],"2048x2048":["https:\/\/www.eco2.ca\/wp-content\/uploads\/2025\/02\/EP-BHPC10-1.jpg",800,800,false],"wishsuite-image":["https:\/\/www.eco2.ca\/wp-content\/uploads\/2025\/02\/EP-BHPC10-1.jpg",80,80,false],"woocommerce_thumbnail":["https:\/\/www.eco2.ca\/wp-content\/uploads\/2025\/02\/EP-BHPC10-1-300x300.jpg",300,300,true],"woocommerce_single":["https:\/\/www.eco2.ca\/wp-content\/uploads\/2025\/02\/EP-BHPC10-1-600x600.jpg",600,600,true],"woocommerce_gallery_thumbnail":["https:\/\/www.eco2.ca\/wp-content\/uploads\/2025\/02\/EP-BHPC10-1-100x100.jpg",100,100,true]},"uagb_author_info":{"display_name":"Mary ..","author_link":"https:\/\/www.eco2.ca\/fr\/author\/"},"uagb_comment_info":0,"uagb_excerpt":"Les gobelets en papier compostables de 90 mm de diam\u00e8tre sont dot\u00e9s d\u2019un rev\u00eatement int\u00e9rieur \u00e9tanche fabriqu\u00e9 \u00e0 partir de PLA, un polym\u00e8re d\u2019origine v\u00e9g\u00e9tale d\u00e9riv\u00e9 de l\u2019amidon de ma\u00efs.","_links":{"self":[{"href":"https:\/\/www.eco2.ca\/fr\/wp-json\/wp\/v2\/product\/12222","targetHints":{"allow":["GET"]}}],"collection":[{"href":"https:\/\/www.eco2.ca\/fr\/wp-json\/wp\/v2\/product"}],"about":[{"href":"https:\/\/www.eco2.ca\/fr\/wp-json\/wp\/v2\/types\/product"}],"wp:featuredmedia":[{"embeddable":true,"href":"https:\/\/www.eco2.ca\/fr\/wp-json\/wp\/v2\/media\/7286"}],"wp:attachment":[{"href":"https:\/\/www.eco2.ca\/fr\/wp-json\/wp\/v2\/media?parent=12222"}],"wp:term":[{"taxonomy":"product_brand","embeddable":true,"href":"https:\/\/www.eco2.ca\/fr\/wp-json\/wp\/v2\/product_brand?post=12222"},{"taxonomy":"product_cat","embeddable":true,"href":"https:\/\/www.eco2.ca\/fr\/wp-json\/wp\/v2\/product_cat?post=12222"},{"taxonomy":"product_tag","embeddable":true,"href":"https:\/\/www.eco2.ca\/fr\/wp-json\/wp\/v2\/product_tag?post=12222"}],"curies":[{"name":"wp","href":"https:\/\/api.w.org\/{rel}","templated":true}]}}