{"id":12228,"date":"2025-06-03T17:15:23","date_gmt":"2025-06-03T17:15:23","guid":{"rendered":"https:\/\/www.eco2.ca\/product\/compostable-cold-beverage-cups\/"},"modified":"2025-11-20T10:26:20","modified_gmt":"2025-11-20T10:26:20","slug":"gobelets-froids-bioplastique-compostable-pla","status":"publish","type":"product","link":"https:\/\/www.eco2.ca\/fr\/product\/gobelets-froids-bioplastique-compostable-pla\/","title":{"rendered":"Gobelets Froids \u2013 Bioplastique compostable PLA"},"content":{"rendered":"<h2><strong>Gobelet En bioplastique compostable PLA : Durable et \u00e9l\u00e9gant pour Chaque Gorg\u00e9e<\/strong><\/h2>\n<p>Fabriqu\u00e9 \u00e0 partir de PLA 100 % d\u2019origine v\u00e9g\u00e9tale, ce gobelet \u00e9cologique offre une sensation naturelle et raffin\u00e9e tout en soutenant des pratiques durables. Con\u00e7u pour retourner enti\u00e8rement \u00e0 la terre apr\u00e8s usage, il repr\u00e9sente une fa\u00e7on sans culpabilit\u00e9 de servir vos boissons pr\u00e9f\u00e9r\u00e9es.<\/p>\n<h3>Caract\u00e9ristiques :<\/h3>\n<ul>\n<li><strong>Mat\u00e9riau :<\/strong> Bioplastique compostable PLA<\/li>\n<li><strong>Tailles disponibles :<\/strong> 1 oz, 5 oz, 7 oz, 9 oz (76 mm et 98 mm), 12 oz, 16 oz, 20 oz, 24 oz, 32 oz<\/li>\n<li><strong>Quantit\u00e9 par caisse :<\/strong> 1 000 unit\u00e9s (500 unit\u00e9s pour 32 oz)<\/li>\n<li><strong>Certifications :<\/strong> Certifi\u00e9 BPI<\/li>\n<li><strong>Statut \u00e0 Montr\u00e9al :<\/strong> \u274c Ne peut pas \u00eatre utilis\u00e9 \u00e0 Montr\u00e9al<\/li>\n<li><strong>Remarque :<\/strong> Pour boissons froides et ti\u00e8des seulement.<\/li>\n<\/ul>\n","protected":false},"excerpt":{"rendered":"<p><strong>Mat\u00e9riau:<\/strong> Bioplastique compostable PLA<br \/>\n<strong>Tailles disponibles:<\/strong> 1 oz, 5 oz, 7 oz, 9 oz (76 mm &amp; 98 mm), 12 oz, 16 oz, 20 oz, 24 oz, 32 oz<br \/>\n<strong>Quantit\u00e9 par caisse:<\/strong> 1 000 unit\u00e9s (500 unit\u00e9s pour 32 oz)<br \/>\n<strong>Certifications:<\/strong> Certifi\u00e9 BPI<br \/>\n<strong>Statut \u00e0 Montr\u00e9al:<\/strong> \u274c Ne peut pas \u00eatre utilis\u00e9 \u00e0 Montr\u00e9al<br \/>\n<strong>Remarque:<\/strong> Pour boissons froides et ti\u00e8des seulement.<br \/>\n<em style=\"font-size: 1.0em;\"><a href=\"https:\/\/www.eco2.ca\/fr\/solution-dimpression-personnalisee\/\" target=\"_blank\" rel=\"https:\/\/www.eco2.ca\/custom-printing-solution\/ noopener\"><img decoding=\"async\" class=\"alignnone wp-image-12241\" src=\"https:\/\/www.eco2.ca\/wp-content\/uploads\/2025\/06\/Custom-printing-available-300x300.png\" alt=\"custom printing coffee cup\" width=\"93\" height=\"93\" srcset=\"https:\/\/www.eco2.ca\/wp-content\/uploads\/2025\/06\/Custom-printing-available-300x300.png 300w, https:\/\/www.eco2.ca\/wp-content\/uploads\/2025\/06\/Custom-printing-available-1024x1024.png 1024w, https:\/\/www.eco2.ca\/wp-content\/uploads\/2025\/06\/Custom-printing-available-150x150.png 150w, https:\/\/www.eco2.ca\/wp-content\/uploads\/2025\/06\/Custom-printing-available-768x768.png 768w, https:\/\/www.eco2.ca\/wp-content\/uploads\/2025\/06\/Custom-printing-available-600x600.png 600w, https:\/\/www.eco2.ca\/wp-content\/uploads\/2025\/06\/Custom-printing-available-100x100.png 100w, https:\/\/www.eco2.ca\/wp-content\/uploads\/2025\/06\/Custom-printing-available.png 1181w\" sizes=\"(max-width: 93px) 100vw, 93px\" \/>Impression personnalis\u00e9e disponible<\/a><\/em><\/p>\n","protected":false},"featured_media":7007,"template":"","meta":{"_eb_attr":"","_uag_custom_page_level_css":"","site-sidebar-layout":"default","site-content-layout":"","ast-site-content-layout":"default","site-content-style":"default","site-sidebar-style":"default","ast-global-header-display":"","ast-banner-title-visibility":"","ast-main-header-display":"","ast-hfb-above-header-display":"","ast-hfb-below-header-display":"","ast-hfb-mobile-header-display":"","site-post-title":"","ast-breadcrumbs-content":"","ast-featured-img":"","footer-sml-layout":"","ast-disable-related-posts":"","theme-transparent-header-meta":"default","adv-header-id-meta":"","stick-header-meta":"","header-above-stick-meta":"","header-main-stick-meta":"","header-below-stick-meta":"","astra-migrate-meta-layouts":"set","ast-page-background-enabled":"default","ast-page-background-meta":{"desktop":{"background-color":"","background-image":"","background-repeat":"repeat","background-position":"center center","background-size":"auto","background-attachment":"scroll","background-type":"","background-media":"","overlay-type":"","overlay-color":"","overlay-opacity":"","overlay-gradient":""},"tablet":{"background-color":"","background-image":"","background-repeat":"repeat","background-position":"center center","background-size":"auto","background-attachment":"scroll","background-type":"","background-media":"","overlay-type":"","overlay-color":"","overlay-opacity":"","overlay-gradient":""},"mobile":{"background-color":"","background-image":"","background-repeat":"repeat","background-position":"center center","background-size":"auto","background-attachment":"scroll","background-type":"","background-media":"","overlay-type":"","overlay-color":"","overlay-opacity":"","overlay-gradient":""}},"ast-content-background-meta":{"desktop":{"background-color":"var(--ast-global-color-5)","background-image":"","background-repeat":"repeat","background-position":"center center","background-size":"auto","background-attachment":"scroll","background-type":"","background-media":"","overlay-type":"","overlay-color":"","overlay-opacity":"","overlay-gradient":""},"tablet":{"background-color":"var(--ast-global-color-5)","background-image":"","background-repeat":"repeat","background-position":"center center","background-size":"auto","background-attachment":"scroll","background-type":"","background-media":"","overlay-type":"","overlay-color":"","overlay-opacity":"","overlay-gradient":""},"mobile":{"background-color":"var(--ast-global-color-5)","background-image":"","background-repeat":"repeat","background-position":"center center","background-size":"auto","background-attachment":"scroll","background-type":"","background-media":"","overlay-type":"","overlay-color":"","overlay-opacity":"","overlay-gradient":""}},"_selected_store_location":"","_selected_store_location_key":""},"product_brand":[],"product_cat":[209,189],"product_tag":[],"class_list":{"0":"post-12228","1":"product","2":"type-product","3":"status-publish","4":"has-post-thumbnail","6":"product_cat-gobelets-froids","7":"product_cat-tasses-et-accessoires","8":"wcmi-has-gallery","9":"desktop-align-center","10":"tablet-align-center","11":"mobile-align-center","13":"first","14":"instock","15":"shipping-taxable","16":"purchasable","17":"product-type-simple"},"yoast_head":"<!-- This site is optimized with the Yoast SEO plugin v27.5 - https:\/\/yoast.com\/product\/yoast-seo-wordpress\/ -->\n<title>Gobelets Froids \u2013 Bioplastique compostable PLA - Eco2bureau<\/title>\n<meta name=\"description\" content=\"Gobelets Froids \u2013 Bioplastique compostable PLA, ces gobelets offrent une solution \u00e9cologique sans compromettre la qualit\u00e9 et la durabilit\u00e9.\" \/>\n<meta name=\"robots\" content=\"index, follow, max-snippet:-1, max-image-preview:large, max-video-preview:-1\" \/>\n<link rel=\"canonical\" href=\"https:\/\/www.eco2.ca\/fr\/product\/gobelets-froids-bioplastique-compostable-pla\/\" \/>\n<meta property=\"og:locale\" content=\"fr_FR\" \/>\n<meta property=\"og:type\" content=\"article\" \/>\n<meta property=\"og:title\" content=\"Gobelets Froids \u2013 Bioplastique compostable PLA - Eco2bureau\" \/>\n<meta property=\"og:description\" content=\"Gobelets Froids \u2013 Bioplastique compostable PLA, ces gobelets offrent une solution \u00e9cologique sans compromettre la qualit\u00e9 et la durabilit\u00e9.\" \/>\n<meta property=\"og:url\" content=\"https:\/\/www.eco2.ca\/fr\/product\/gobelets-froids-bioplastique-compostable-pla\/\" \/>\n<meta property=\"og:site_name\" content=\"Eco2bureau\" \/>\n<meta property=\"article:modified_time\" content=\"2025-11-20T10:26:20+00:00\" \/>\n<meta property=\"og:image\" content=\"https:\/\/www.eco2.ca\/wp-content\/uploads\/2024\/04\/16ozcup.jpg\" \/>\n\t<meta property=\"og:image:width\" content=\"740\" \/>\n\t<meta property=\"og:image:height\" content=\"880\" \/>\n\t<meta property=\"og:image:type\" content=\"image\/jpeg\" \/>\n<meta name=\"twitter:card\" content=\"summary_large_image\" \/>\n<meta name=\"twitter:label1\" content=\"Dur\u00e9e de lecture estim\u00e9e\" \/>\n\t<meta name=\"twitter:data1\" content=\"1 minute\" \/>\n<script type=\"application\/ld+json\" class=\"yoast-schema-graph\">{\"@context\":\"https:\\\/\\\/schema.org\",\"@graph\":[{\"@type\":\"WebPage\",\"@id\":\"https:\\\/\\\/www.eco2.ca\\\/fr\\\/product\\\/gobelets-froids-bioplastique-compostable-pla\\\/\",\"url\":\"https:\\\/\\\/www.eco2.ca\\\/fr\\\/product\\\/gobelets-froids-bioplastique-compostable-pla\\\/\",\"name\":\"Gobelets Froids \u2013 Bioplastique compostable PLA - Eco2bureau\",\"isPartOf\":{\"@id\":\"https:\\\/\\\/www.eco2.ca\\\/fr\\\/#website\"},\"primaryImageOfPage\":{\"@id\":\"https:\\\/\\\/www.eco2.ca\\\/fr\\\/product\\\/gobelets-froids-bioplastique-compostable-pla\\\/#primaryimage\"},\"image\":{\"@id\":\"https:\\\/\\\/www.eco2.ca\\\/fr\\\/product\\\/gobelets-froids-bioplastique-compostable-pla\\\/#primaryimage\"},\"thumbnailUrl\":\"https:\\\/\\\/www.eco2.ca\\\/wp-content\\\/uploads\\\/2024\\\/04\\\/16ozcup.jpg\",\"datePublished\":\"2025-06-03T17:15:23+00:00\",\"dateModified\":\"2025-11-20T10:26:20+00:00\",\"description\":\"Gobelets Froids \u2013 Bioplastique compostable PLA, ces gobelets offrent une solution \u00e9cologique sans compromettre la qualit\u00e9 et la durabilit\u00e9.\",\"breadcrumb\":{\"@id\":\"https:\\\/\\\/www.eco2.ca\\\/fr\\\/product\\\/gobelets-froids-bioplastique-compostable-pla\\\/#breadcrumb\"},\"inLanguage\":\"fr-FR\",\"potentialAction\":[{\"@type\":\"ReadAction\",\"target\":[\"https:\\\/\\\/www.eco2.ca\\\/fr\\\/product\\\/gobelets-froids-bioplastique-compostable-pla\\\/\"]}]},{\"@type\":\"ImageObject\",\"inLanguage\":\"fr-FR\",\"@id\":\"https:\\\/\\\/www.eco2.ca\\\/fr\\\/product\\\/gobelets-froids-bioplastique-compostable-pla\\\/#primaryimage\",\"url\":\"https:\\\/\\\/www.eco2.ca\\\/wp-content\\\/uploads\\\/2024\\\/04\\\/16ozcup.jpg\",\"contentUrl\":\"https:\\\/\\\/www.eco2.ca\\\/wp-content\\\/uploads\\\/2024\\\/04\\\/16ozcup.jpg\",\"width\":740,\"height\":880,\"caption\":\"Cold cup\"},{\"@type\":\"BreadcrumbList\",\"@id\":\"https:\\\/\\\/www.eco2.ca\\\/fr\\\/product\\\/gobelets-froids-bioplastique-compostable-pla\\\/#breadcrumb\",\"itemListElement\":[{\"@type\":\"ListItem\",\"position\":1,\"name\":\"Home\",\"item\":\"https:\\\/\\\/www.eco2.ca\\\/fr\\\/\"},{\"@type\":\"ListItem\",\"position\":2,\"name\":\"Boutique\",\"item\":\"https:\\\/\\\/www.eco2.ca\\\/fr\\\/boutique\\\/\"},{\"@type\":\"ListItem\",\"position\":3,\"name\":\"Gobelets Froids \u2013 Bioplastique compostable PLA\"}]},{\"@type\":\"WebSite\",\"@id\":\"https:\\\/\\\/www.eco2.ca\\\/fr\\\/#website\",\"url\":\"https:\\\/\\\/www.eco2.ca\\\/fr\\\/\",\"name\":\"Eco2bureau\",\"description\":\"\",\"publisher\":{\"@id\":\"https:\\\/\\\/www.eco2.ca\\\/fr\\\/#organization\"},\"potentialAction\":[{\"@type\":\"SearchAction\",\"target\":{\"@type\":\"EntryPoint\",\"urlTemplate\":\"https:\\\/\\\/www.eco2.ca\\\/fr\\\/?s={search_term_string}\"},\"query-input\":{\"@type\":\"PropertyValueSpecification\",\"valueRequired\":true,\"valueName\":\"search_term_string\"}}],\"inLanguage\":\"fr-FR\"},{\"@type\":\"Organization\",\"@id\":\"https:\\\/\\\/www.eco2.ca\\\/fr\\\/#organization\",\"name\":\"Eco2bureau\",\"url\":\"https:\\\/\\\/www.eco2.ca\\\/fr\\\/\",\"logo\":{\"@type\":\"ImageObject\",\"inLanguage\":\"fr-FR\",\"@id\":\"https:\\\/\\\/www.eco2.ca\\\/fr\\\/#\\\/schema\\\/logo\\\/image\\\/\",\"url\":\"https:\\\/\\\/www.eco2.ca\\\/wp-content\\\/uploads\\\/2025\\\/04\\\/cropped-cropped-Add-a-subheading-3.png\",\"contentUrl\":\"https:\\\/\\\/www.eco2.ca\\\/wp-content\\\/uploads\\\/2025\\\/04\\\/cropped-cropped-Add-a-subheading-3.png\",\"width\":469,\"height\":109,\"caption\":\"Eco2bureau\"},\"image\":{\"@id\":\"https:\\\/\\\/www.eco2.ca\\\/fr\\\/#\\\/schema\\\/logo\\\/image\\\/\"}}]}<\/script>\n<!-- \/ Yoast SEO plugin. -->","yoast_head_json":{"title":"Gobelets Froids \u2013 Bioplastique compostable PLA - Eco2bureau","description":"Gobelets Froids \u2013 Bioplastique compostable PLA, ces gobelets offrent une solution \u00e9cologique sans compromettre la qualit\u00e9 et la durabilit\u00e9.","robots":{"index":"index","follow":"follow","max-snippet":"max-snippet:-1","max-image-preview":"max-image-preview:large","max-video-preview":"max-video-preview:-1"},"canonical":"https:\/\/www.eco2.ca\/fr\/product\/gobelets-froids-bioplastique-compostable-pla\/","og_locale":"fr_FR","og_type":"article","og_title":"Gobelets Froids \u2013 Bioplastique compostable PLA - Eco2bureau","og_description":"Gobelets Froids \u2013 Bioplastique compostable PLA, ces gobelets offrent une solution \u00e9cologique sans compromettre la qualit\u00e9 et la durabilit\u00e9.","og_url":"https:\/\/www.eco2.ca\/fr\/product\/gobelets-froids-bioplastique-compostable-pla\/","og_site_name":"Eco2bureau","article_modified_time":"2025-11-20T10:26:20+00:00","og_image":[{"width":740,"height":880,"url":"https:\/\/www.eco2.ca\/wp-content\/uploads\/2024\/04\/16ozcup.jpg","type":"image\/jpeg"}],"twitter_card":"summary_large_image","twitter_misc":{"Dur\u00e9e de lecture estim\u00e9e":"1 minute"},"schema":{"@context":"https:\/\/schema.org","@graph":[{"@type":"WebPage","@id":"https:\/\/www.eco2.ca\/fr\/product\/gobelets-froids-bioplastique-compostable-pla\/","url":"https:\/\/www.eco2.ca\/fr\/product\/gobelets-froids-bioplastique-compostable-pla\/","name":"Gobelets Froids \u2013 Bioplastique compostable PLA - Eco2bureau","isPartOf":{"@id":"https:\/\/www.eco2.ca\/fr\/#website"},"primaryImageOfPage":{"@id":"https:\/\/www.eco2.ca\/fr\/product\/gobelets-froids-bioplastique-compostable-pla\/#primaryimage"},"image":{"@id":"https:\/\/www.eco2.ca\/fr\/product\/gobelets-froids-bioplastique-compostable-pla\/#primaryimage"},"thumbnailUrl":"https:\/\/www.eco2.ca\/wp-content\/uploads\/2024\/04\/16ozcup.jpg","datePublished":"2025-06-03T17:15:23+00:00","dateModified":"2025-11-20T10:26:20+00:00","description":"Gobelets Froids \u2013 Bioplastique compostable PLA, ces gobelets offrent une solution \u00e9cologique sans compromettre la qualit\u00e9 et la durabilit\u00e9.","breadcrumb":{"@id":"https:\/\/www.eco2.ca\/fr\/product\/gobelets-froids-bioplastique-compostable-pla\/#breadcrumb"},"inLanguage":"fr-FR","potentialAction":[{"@type":"ReadAction","target":["https:\/\/www.eco2.ca\/fr\/product\/gobelets-froids-bioplastique-compostable-pla\/"]}]},{"@type":"ImageObject","inLanguage":"fr-FR","@id":"https:\/\/www.eco2.ca\/fr\/product\/gobelets-froids-bioplastique-compostable-pla\/#primaryimage","url":"https:\/\/www.eco2.ca\/wp-content\/uploads\/2024\/04\/16ozcup.jpg","contentUrl":"https:\/\/www.eco2.ca\/wp-content\/uploads\/2024\/04\/16ozcup.jpg","width":740,"height":880,"caption":"Cold cup"},{"@type":"BreadcrumbList","@id":"https:\/\/www.eco2.ca\/fr\/product\/gobelets-froids-bioplastique-compostable-pla\/#breadcrumb","itemListElement":[{"@type":"ListItem","position":1,"name":"Home","item":"https:\/\/www.eco2.ca\/fr\/"},{"@type":"ListItem","position":2,"name":"Boutique","item":"https:\/\/www.eco2.ca\/fr\/boutique\/"},{"@type":"ListItem","position":3,"name":"Gobelets Froids \u2013 Bioplastique compostable PLA"}]},{"@type":"WebSite","@id":"https:\/\/www.eco2.ca\/fr\/#website","url":"https:\/\/www.eco2.ca\/fr\/","name":"Eco2bureau","description":"","publisher":{"@id":"https:\/\/www.eco2.ca\/fr\/#organization"},"potentialAction":[{"@type":"SearchAction","target":{"@type":"EntryPoint","urlTemplate":"https:\/\/www.eco2.ca\/fr\/?s={search_term_string}"},"query-input":{"@type":"PropertyValueSpecification","valueRequired":true,"valueName":"search_term_string"}}],"inLanguage":"fr-FR"},{"@type":"Organization","@id":"https:\/\/www.eco2.ca\/fr\/#organization","name":"Eco2bureau","url":"https:\/\/www.eco2.ca\/fr\/","logo":{"@type":"ImageObject","inLanguage":"fr-FR","@id":"https:\/\/www.eco2.ca\/fr\/#\/schema\/logo\/image\/","url":"https:\/\/www.eco2.ca\/wp-content\/uploads\/2025\/04\/cropped-cropped-Add-a-subheading-3.png","contentUrl":"https:\/\/www.eco2.ca\/wp-content\/uploads\/2025\/04\/cropped-cropped-Add-a-subheading-3.png","width":469,"height":109,"caption":"Eco2bureau"},"image":{"@id":"https:\/\/www.eco2.ca\/fr\/#\/schema\/logo\/image\/"}}]}},"uagb_featured_image_src":{"full":["https:\/\/www.eco2.ca\/wp-content\/uploads\/2024\/04\/16ozcup.jpg",740,880,false],"thumbnail":["https:\/\/www.eco2.ca\/wp-content\/uploads\/2024\/04\/16ozcup-150x150.jpg",150,150,true],"medium":["https:\/\/www.eco2.ca\/wp-content\/uploads\/2024\/04\/16ozcup-252x300.jpg",252,300,true],"medium_large":["https:\/\/www.eco2.ca\/wp-content\/uploads\/2024\/04\/16ozcup.jpg",740,880,false],"large":["https:\/\/www.eco2.ca\/wp-content\/uploads\/2024\/04\/16ozcup.jpg",740,880,false],"1536x1536":["https:\/\/www.eco2.ca\/wp-content\/uploads\/2024\/04\/16ozcup.jpg",740,880,false],"2048x2048":["https:\/\/www.eco2.ca\/wp-content\/uploads\/2024\/04\/16ozcup.jpg",740,880,false],"wishsuite-image":["https:\/\/www.eco2.ca\/wp-content\/uploads\/2024\/04\/16ozcup.jpg",67,80,false],"woocommerce_thumbnail":["https:\/\/www.eco2.ca\/wp-content\/uploads\/2024\/04\/16ozcup-300x300.jpg",300,300,true],"woocommerce_single":["https:\/\/www.eco2.ca\/wp-content\/uploads\/2024\/04\/16ozcup-600x714.jpg",600,714,true],"woocommerce_gallery_thumbnail":["https:\/\/www.eco2.ca\/wp-content\/uploads\/2024\/04\/16ozcup-100x100.jpg",100,100,true]},"uagb_author_info":{"display_name":"Mary ..","author_link":"https:\/\/www.eco2.ca\/fr\/author\/"},"uagb_comment_info":0,"uagb_excerpt":"Mat\u00e9riau: Bioplastique compostable PLA Tailles disponibles: 1 oz, 5 oz, 7 oz, 9 oz (76 mm &amp; 98 mm), 12 oz, 16 oz, 20 oz, 24 oz, 32 oz Quantit\u00e9 par caisse: 1 000 unit\u00e9s (500 unit\u00e9s pour 32 oz) Certifications: Certifi\u00e9 BPI Statut \u00e0 Montr\u00e9al: \u274c Ne peut pas \u00eatre utilis\u00e9 \u00e0 Montr\u00e9al Remarque:\u2026","_links":{"self":[{"href":"https:\/\/www.eco2.ca\/fr\/wp-json\/wp\/v2\/product\/12228","targetHints":{"allow":["GET"]}}],"collection":[{"href":"https:\/\/www.eco2.ca\/fr\/wp-json\/wp\/v2\/product"}],"about":[{"href":"https:\/\/www.eco2.ca\/fr\/wp-json\/wp\/v2\/types\/product"}],"wp:featuredmedia":[{"embeddable":true,"href":"https:\/\/www.eco2.ca\/fr\/wp-json\/wp\/v2\/media\/7007"}],"wp:attachment":[{"href":"https:\/\/www.eco2.ca\/fr\/wp-json\/wp\/v2\/media?parent=12228"}],"wp:term":[{"taxonomy":"product_brand","embeddable":true,"href":"https:\/\/www.eco2.ca\/fr\/wp-json\/wp\/v2\/product_brand?post=12228"},{"taxonomy":"product_cat","embeddable":true,"href":"https:\/\/www.eco2.ca\/fr\/wp-json\/wp\/v2\/product_cat?post=12228"},{"taxonomy":"product_tag","embeddable":true,"href":"https:\/\/www.eco2.ca\/fr\/wp-json\/wp\/v2\/product_tag?post=12228"}],"curies":[{"name":"wp","href":"https:\/\/api.w.org\/{rel}","templated":true}]}}