{"id":12256,"date":"2025-06-08T16:56:25","date_gmt":"2025-06-08T16:56:25","guid":{"rendered":"https:\/\/www.eco2.ca\/product\/compostable-agave-straws\/"},"modified":"2025-06-27T22:52:42","modified_gmt":"2025-06-27T22:52:42","slug":"pailles-compostables-en-agave","status":"publish","type":"product","link":"https:\/\/www.eco2.ca\/fr\/product\/pailles-compostables-en-agave\/","title":{"rendered":"Pailles Compostables En Agave"},"content":{"rendered":"<h2 style=\"font-size: 1.4em;\">Pailles Compostables en Agave : \u00c9coresponsables, Compostables \u00e0 Domicile &amp; Id\u00e9ales pour Chaque Gorg\u00e9e !<\/h2>\n<p>Savourez vos boissons de mani\u00e8re <strong>durable<\/strong> avec les <strong>pailles compostables en agave<\/strong> ! Fabriqu\u00e9es \u00e0 partir d\u2019agave et <strong>certifi\u00e9es compostables<\/strong>, elles se <strong>d\u00e9composent naturellement<\/strong> \u00e0 domicile. Adapt\u00e9es aux <strong>boissons chaudes et froides<\/strong>, elles sont disponibles en <strong>deux tailles<\/strong>, avec ou sans emballage. <strong>Un choix plus vert pour chaque gorg\u00e9e !<\/strong><\/p>\n<h4><strong>Caract\u00e9ristiques :<\/strong><\/h4>\n<ul>\n<li><strong>Durabilit\u00e9<\/strong> : Solides et r\u00e9sistantes pour un usage prolong\u00e9 avec toutes les boissons<\/li>\n<li><strong>\u00c9coresponsables<\/strong> : Fabriqu\u00e9es en <strong>Agave PHA<\/strong>, r\u00e9duisant les d\u00e9chets plastiques et favorisant la durabilit\u00e9 <strong>Texture Naturelle<\/strong> : Une finition <strong>lisse et biod\u00e9gradable<\/strong>, semblable aux pailles traditionnelles sans nuire \u00e0 la plan\u00e8te<\/li>\n<li><strong>Emballage Pratique<\/strong> : Disponibles <strong>emball\u00e9es ou non<\/strong> pour garantir l\u2019hygi\u00e8ne et la facilit\u00e9 d\u2019utilisation <strong>Compostage Rapide<\/strong> : Se d\u00e9compose efficacement en <strong>compost domestique<\/strong>, pour un <strong>recyclage simple et \u00e9cologique<\/strong><\/li>\n<\/ul>\n<p>Optez pour une alternative <strong>respectueuse de l\u2019environnement<\/strong>, parfaite pour les caf\u00e9s, restaurants et \u00e9v\u00e9nements engag\u00e9s !<\/p>\n","protected":false},"excerpt":{"rendered":"<p>These agave-based straws are fully compostable right at home! Designed for both hot and cold drinks, Agave PHA is certified compostable. Available in two c<strong>Ces pailles \u00e0 base d\u2019agave sont enti\u00e8rement compostables \u00e0 domicile !<\/strong> Con\u00e7ues pour les boissons <strong>chaudes et froides<\/strong>, l\u2019Agave PHA est <strong>certifi\u00e9 compostable<\/strong>. Disponibles en <strong>deux tailles pratiques<\/strong>, elles sont propos\u00e9es <strong>emball\u00e9es ou non<\/strong>.onvenient sizes, they come either wrapped or unwrapped.<\/p>\n","protected":false},"featured_media":7195,"template":"","meta":{"_eb_attr":"","_uag_custom_page_level_css":"","site-sidebar-layout":"default","site-content-layout":"","ast-site-content-layout":"default","site-content-style":"default","site-sidebar-style":"default","ast-global-header-display":"","ast-banner-title-visibility":"","ast-main-header-display":"","ast-hfb-above-header-display":"","ast-hfb-below-header-display":"","ast-hfb-mobile-header-display":"","site-post-title":"","ast-breadcrumbs-content":"","ast-featured-img":"","footer-sml-layout":"","ast-disable-related-posts":"","theme-transparent-header-meta":"default","adv-header-id-meta":"","stick-header-meta":"","header-above-stick-meta":"","header-main-stick-meta":"","header-below-stick-meta":"","astra-migrate-meta-layouts":"set","ast-page-background-enabled":"default","ast-page-background-meta":{"desktop":{"background-color":"","background-image":"","background-repeat":"repeat","background-position":"center center","background-size":"auto","background-attachment":"scroll","background-type":"","background-media":"","overlay-type":"","overlay-color":"","overlay-opacity":"","overlay-gradient":""},"tablet":{"background-color":"","background-image":"","background-repeat":"repeat","background-position":"center center","background-size":"auto","background-attachment":"scroll","background-type":"","background-media":"","overlay-type":"","overlay-color":"","overlay-opacity":"","overlay-gradient":""},"mobile":{"background-color":"","background-image":"","background-repeat":"repeat","background-position":"center center","background-size":"auto","background-attachment":"scroll","background-type":"","background-media":"","overlay-type":"","overlay-color":"","overlay-opacity":"","overlay-gradient":""}},"ast-content-background-meta":{"desktop":{"background-color":"var(--ast-global-color-5)","background-image":"","background-repeat":"repeat","background-position":"center center","background-size":"auto","background-attachment":"scroll","background-type":"","background-media":"","overlay-type":"","overlay-color":"","overlay-opacity":"","overlay-gradient":""},"tablet":{"background-color":"var(--ast-global-color-5)","background-image":"","background-repeat":"repeat","background-position":"center center","background-size":"auto","background-attachment":"scroll","background-type":"","background-media":"","overlay-type":"","overlay-color":"","overlay-opacity":"","overlay-gradient":""},"mobile":{"background-color":"var(--ast-global-color-5)","background-image":"","background-repeat":"repeat","background-position":"center center","background-size":"auto","background-attachment":"scroll","background-type":"","background-media":"","overlay-type":"","overlay-color":"","overlay-opacity":"","overlay-gradient":""}},"_selected_store_location":"","_selected_store_location_key":""},"product_brand":[],"product_cat":[211,307,189],"product_tag":[],"class_list":{"0":"post-12256","1":"product","2":"type-product","3":"status-publish","4":"has-post-thumbnail","6":"product_cat-accessoires","7":"product_cat-paille","8":"product_cat-tasses-et-accessoires","9":"desktop-align-center","10":"tablet-align-center","11":"mobile-align-center","13":"first","14":"instock","15":"shipping-taxable","16":"purchasable","17":"product-type-simple"},"yoast_head":"<!-- This site is optimized with the Yoast SEO plugin v27.5 - https:\/\/yoast.com\/product\/yoast-seo-wordpress\/ -->\n<title>Pailles Compostables En Agave - Eco2bureau<\/title>\n<meta name=\"description\" content=\"Savourez vos boissons de mani\u00e8re durable avec les pailles compostables en agave ! Fabriqu\u00e9es \u00e0 partir d\u2019agave et certifi\u00e9es compostables,\" \/>\n<meta name=\"robots\" content=\"index, follow, max-snippet:-1, max-image-preview:large, max-video-preview:-1\" \/>\n<link rel=\"canonical\" href=\"https:\/\/www.eco2.ca\/fr\/product\/pailles-compostables-en-agave\/\" \/>\n<meta property=\"og:locale\" content=\"fr_FR\" \/>\n<meta property=\"og:type\" content=\"article\" \/>\n<meta property=\"og:title\" content=\"Pailles Compostables En Agave - Eco2bureau\" \/>\n<meta property=\"og:description\" content=\"Savourez vos boissons de mani\u00e8re durable avec les pailles compostables en agave ! Fabriqu\u00e9es \u00e0 partir d\u2019agave et certifi\u00e9es compostables,\" \/>\n<meta property=\"og:url\" content=\"https:\/\/www.eco2.ca\/fr\/product\/pailles-compostables-en-agave\/\" \/>\n<meta property=\"og:site_name\" content=\"Eco2bureau\" \/>\n<meta property=\"article:modified_time\" content=\"2025-06-27T22:52:42+00:00\" \/>\n<meta property=\"og:image\" content=\"https:\/\/www.eco2.ca\/wp-content\/uploads\/2025\/02\/Natural-Agave-Straws-6mm-2.jpg\" \/>\n\t<meta property=\"og:image:width\" content=\"667\" \/>\n\t<meta property=\"og:image:height\" content=\"1000\" \/>\n\t<meta property=\"og:image:type\" content=\"image\/jpeg\" \/>\n<meta name=\"twitter:card\" content=\"summary_large_image\" \/>\n<meta name=\"twitter:label1\" content=\"Dur\u00e9e de lecture estim\u00e9e\" \/>\n\t<meta name=\"twitter:data1\" content=\"1 minute\" \/>\n<script type=\"application\/ld+json\" class=\"yoast-schema-graph\">{\"@context\":\"https:\\\/\\\/schema.org\",\"@graph\":[{\"@type\":\"WebPage\",\"@id\":\"https:\\\/\\\/www.eco2.ca\\\/fr\\\/product\\\/pailles-compostables-en-agave\\\/\",\"url\":\"https:\\\/\\\/www.eco2.ca\\\/fr\\\/product\\\/pailles-compostables-en-agave\\\/\",\"name\":\"Pailles Compostables En Agave - Eco2bureau\",\"isPartOf\":{\"@id\":\"https:\\\/\\\/www.eco2.ca\\\/fr\\\/#website\"},\"primaryImageOfPage\":{\"@id\":\"https:\\\/\\\/www.eco2.ca\\\/fr\\\/product\\\/pailles-compostables-en-agave\\\/#primaryimage\"},\"image\":{\"@id\":\"https:\\\/\\\/www.eco2.ca\\\/fr\\\/product\\\/pailles-compostables-en-agave\\\/#primaryimage\"},\"thumbnailUrl\":\"https:\\\/\\\/www.eco2.ca\\\/wp-content\\\/uploads\\\/2025\\\/02\\\/Natural-Agave-Straws-6mm-2.jpg\",\"datePublished\":\"2025-06-08T16:56:25+00:00\",\"dateModified\":\"2025-06-27T22:52:42+00:00\",\"description\":\"Savourez vos boissons de mani\u00e8re durable avec les pailles compostables en agave ! Fabriqu\u00e9es \u00e0 partir d\u2019agave et certifi\u00e9es compostables,\",\"breadcrumb\":{\"@id\":\"https:\\\/\\\/www.eco2.ca\\\/fr\\\/product\\\/pailles-compostables-en-agave\\\/#breadcrumb\"},\"inLanguage\":\"fr-FR\",\"potentialAction\":[{\"@type\":\"ReadAction\",\"target\":[\"https:\\\/\\\/www.eco2.ca\\\/fr\\\/product\\\/pailles-compostables-en-agave\\\/\"]}]},{\"@type\":\"ImageObject\",\"inLanguage\":\"fr-FR\",\"@id\":\"https:\\\/\\\/www.eco2.ca\\\/fr\\\/product\\\/pailles-compostables-en-agave\\\/#primaryimage\",\"url\":\"https:\\\/\\\/www.eco2.ca\\\/wp-content\\\/uploads\\\/2025\\\/02\\\/Natural-Agave-Straws-6mm-2.jpg\",\"contentUrl\":\"https:\\\/\\\/www.eco2.ca\\\/wp-content\\\/uploads\\\/2025\\\/02\\\/Natural-Agave-Straws-6mm-2.jpg\",\"width\":667,\"height\":1000,\"caption\":\"Paille d'agave naturelle\"},{\"@type\":\"BreadcrumbList\",\"@id\":\"https:\\\/\\\/www.eco2.ca\\\/fr\\\/product\\\/pailles-compostables-en-agave\\\/#breadcrumb\",\"itemListElement\":[{\"@type\":\"ListItem\",\"position\":1,\"name\":\"Home\",\"item\":\"https:\\\/\\\/www.eco2.ca\\\/fr\\\/\"},{\"@type\":\"ListItem\",\"position\":2,\"name\":\"Boutique\",\"item\":\"https:\\\/\\\/www.eco2.ca\\\/fr\\\/boutique\\\/\"},{\"@type\":\"ListItem\",\"position\":3,\"name\":\"Pailles Compostables En Agave\"}]},{\"@type\":\"WebSite\",\"@id\":\"https:\\\/\\\/www.eco2.ca\\\/fr\\\/#website\",\"url\":\"https:\\\/\\\/www.eco2.ca\\\/fr\\\/\",\"name\":\"Eco2bureau\",\"description\":\"\",\"publisher\":{\"@id\":\"https:\\\/\\\/www.eco2.ca\\\/fr\\\/#organization\"},\"potentialAction\":[{\"@type\":\"SearchAction\",\"target\":{\"@type\":\"EntryPoint\",\"urlTemplate\":\"https:\\\/\\\/www.eco2.ca\\\/fr\\\/?s={search_term_string}\"},\"query-input\":{\"@type\":\"PropertyValueSpecification\",\"valueRequired\":true,\"valueName\":\"search_term_string\"}}],\"inLanguage\":\"fr-FR\"},{\"@type\":\"Organization\",\"@id\":\"https:\\\/\\\/www.eco2.ca\\\/fr\\\/#organization\",\"name\":\"Eco2bureau\",\"url\":\"https:\\\/\\\/www.eco2.ca\\\/fr\\\/\",\"logo\":{\"@type\":\"ImageObject\",\"inLanguage\":\"fr-FR\",\"@id\":\"https:\\\/\\\/www.eco2.ca\\\/fr\\\/#\\\/schema\\\/logo\\\/image\\\/\",\"url\":\"https:\\\/\\\/www.eco2.ca\\\/wp-content\\\/uploads\\\/2025\\\/04\\\/cropped-cropped-Add-a-subheading-3.png\",\"contentUrl\":\"https:\\\/\\\/www.eco2.ca\\\/wp-content\\\/uploads\\\/2025\\\/04\\\/cropped-cropped-Add-a-subheading-3.png\",\"width\":469,\"height\":109,\"caption\":\"Eco2bureau\"},\"image\":{\"@id\":\"https:\\\/\\\/www.eco2.ca\\\/fr\\\/#\\\/schema\\\/logo\\\/image\\\/\"}}]}<\/script>\n<!-- \/ Yoast SEO plugin. -->","yoast_head_json":{"title":"Pailles Compostables En Agave - Eco2bureau","description":"Savourez vos boissons de mani\u00e8re durable avec les pailles compostables en agave ! Fabriqu\u00e9es \u00e0 partir d\u2019agave et certifi\u00e9es compostables,","robots":{"index":"index","follow":"follow","max-snippet":"max-snippet:-1","max-image-preview":"max-image-preview:large","max-video-preview":"max-video-preview:-1"},"canonical":"https:\/\/www.eco2.ca\/fr\/product\/pailles-compostables-en-agave\/","og_locale":"fr_FR","og_type":"article","og_title":"Pailles Compostables En Agave - Eco2bureau","og_description":"Savourez vos boissons de mani\u00e8re durable avec les pailles compostables en agave ! Fabriqu\u00e9es \u00e0 partir d\u2019agave et certifi\u00e9es compostables,","og_url":"https:\/\/www.eco2.ca\/fr\/product\/pailles-compostables-en-agave\/","og_site_name":"Eco2bureau","article_modified_time":"2025-06-27T22:52:42+00:00","og_image":[{"width":667,"height":1000,"url":"https:\/\/www.eco2.ca\/wp-content\/uploads\/2025\/02\/Natural-Agave-Straws-6mm-2.jpg","type":"image\/jpeg"}],"twitter_card":"summary_large_image","twitter_misc":{"Dur\u00e9e de lecture estim\u00e9e":"1 minute"},"schema":{"@context":"https:\/\/schema.org","@graph":[{"@type":"WebPage","@id":"https:\/\/www.eco2.ca\/fr\/product\/pailles-compostables-en-agave\/","url":"https:\/\/www.eco2.ca\/fr\/product\/pailles-compostables-en-agave\/","name":"Pailles Compostables En Agave - Eco2bureau","isPartOf":{"@id":"https:\/\/www.eco2.ca\/fr\/#website"},"primaryImageOfPage":{"@id":"https:\/\/www.eco2.ca\/fr\/product\/pailles-compostables-en-agave\/#primaryimage"},"image":{"@id":"https:\/\/www.eco2.ca\/fr\/product\/pailles-compostables-en-agave\/#primaryimage"},"thumbnailUrl":"https:\/\/www.eco2.ca\/wp-content\/uploads\/2025\/02\/Natural-Agave-Straws-6mm-2.jpg","datePublished":"2025-06-08T16:56:25+00:00","dateModified":"2025-06-27T22:52:42+00:00","description":"Savourez vos boissons de mani\u00e8re durable avec les pailles compostables en agave ! Fabriqu\u00e9es \u00e0 partir d\u2019agave et certifi\u00e9es compostables,","breadcrumb":{"@id":"https:\/\/www.eco2.ca\/fr\/product\/pailles-compostables-en-agave\/#breadcrumb"},"inLanguage":"fr-FR","potentialAction":[{"@type":"ReadAction","target":["https:\/\/www.eco2.ca\/fr\/product\/pailles-compostables-en-agave\/"]}]},{"@type":"ImageObject","inLanguage":"fr-FR","@id":"https:\/\/www.eco2.ca\/fr\/product\/pailles-compostables-en-agave\/#primaryimage","url":"https:\/\/www.eco2.ca\/wp-content\/uploads\/2025\/02\/Natural-Agave-Straws-6mm-2.jpg","contentUrl":"https:\/\/www.eco2.ca\/wp-content\/uploads\/2025\/02\/Natural-Agave-Straws-6mm-2.jpg","width":667,"height":1000,"caption":"Paille d'agave naturelle"},{"@type":"BreadcrumbList","@id":"https:\/\/www.eco2.ca\/fr\/product\/pailles-compostables-en-agave\/#breadcrumb","itemListElement":[{"@type":"ListItem","position":1,"name":"Home","item":"https:\/\/www.eco2.ca\/fr\/"},{"@type":"ListItem","position":2,"name":"Boutique","item":"https:\/\/www.eco2.ca\/fr\/boutique\/"},{"@type":"ListItem","position":3,"name":"Pailles Compostables En Agave"}]},{"@type":"WebSite","@id":"https:\/\/www.eco2.ca\/fr\/#website","url":"https:\/\/www.eco2.ca\/fr\/","name":"Eco2bureau","description":"","publisher":{"@id":"https:\/\/www.eco2.ca\/fr\/#organization"},"potentialAction":[{"@type":"SearchAction","target":{"@type":"EntryPoint","urlTemplate":"https:\/\/www.eco2.ca\/fr\/?s={search_term_string}"},"query-input":{"@type":"PropertyValueSpecification","valueRequired":true,"valueName":"search_term_string"}}],"inLanguage":"fr-FR"},{"@type":"Organization","@id":"https:\/\/www.eco2.ca\/fr\/#organization","name":"Eco2bureau","url":"https:\/\/www.eco2.ca\/fr\/","logo":{"@type":"ImageObject","inLanguage":"fr-FR","@id":"https:\/\/www.eco2.ca\/fr\/#\/schema\/logo\/image\/","url":"https:\/\/www.eco2.ca\/wp-content\/uploads\/2025\/04\/cropped-cropped-Add-a-subheading-3.png","contentUrl":"https:\/\/www.eco2.ca\/wp-content\/uploads\/2025\/04\/cropped-cropped-Add-a-subheading-3.png","width":469,"height":109,"caption":"Eco2bureau"},"image":{"@id":"https:\/\/www.eco2.ca\/fr\/#\/schema\/logo\/image\/"}}]}},"uagb_featured_image_src":{"full":["https:\/\/www.eco2.ca\/wp-content\/uploads\/2025\/02\/Natural-Agave-Straws-6mm-2.jpg",667,1000,false],"thumbnail":["https:\/\/www.eco2.ca\/wp-content\/uploads\/2025\/02\/Natural-Agave-Straws-6mm-2-150x150.jpg",150,150,true],"medium":["https:\/\/www.eco2.ca\/wp-content\/uploads\/2025\/02\/Natural-Agave-Straws-6mm-2-200x300.jpg",200,300,true],"medium_large":["https:\/\/www.eco2.ca\/wp-content\/uploads\/2025\/02\/Natural-Agave-Straws-6mm-2.jpg",667,1000,false],"large":["https:\/\/www.eco2.ca\/wp-content\/uploads\/2025\/02\/Natural-Agave-Straws-6mm-2.jpg",667,1000,false],"1536x1536":["https:\/\/www.eco2.ca\/wp-content\/uploads\/2025\/02\/Natural-Agave-Straws-6mm-2.jpg",667,1000,false],"2048x2048":["https:\/\/www.eco2.ca\/wp-content\/uploads\/2025\/02\/Natural-Agave-Straws-6mm-2.jpg",667,1000,false],"wishsuite-image":["https:\/\/www.eco2.ca\/wp-content\/uploads\/2025\/02\/Natural-Agave-Straws-6mm-2.jpg",53,80,false],"woocommerce_thumbnail":["https:\/\/www.eco2.ca\/wp-content\/uploads\/2025\/02\/Natural-Agave-Straws-6mm-2-300x300.jpg",300,300,true],"woocommerce_single":["https:\/\/www.eco2.ca\/wp-content\/uploads\/2025\/02\/Natural-Agave-Straws-6mm-2-600x900.jpg",600,900,true],"woocommerce_gallery_thumbnail":["https:\/\/www.eco2.ca\/wp-content\/uploads\/2025\/02\/Natural-Agave-Straws-6mm-2-100x100.jpg",100,100,true]},"uagb_author_info":{"display_name":"Mary ..","author_link":"https:\/\/www.eco2.ca\/fr\/author\/"},"uagb_comment_info":0,"uagb_excerpt":"These agave-based straws are fully compostable right at home! Designed for both hot and cold drinks, Agave PHA is certified compostable. Available in two cCes pailles \u00e0 base d\u2019agave sont enti\u00e8rement compostables \u00e0 domicile ! Con\u00e7ues pour les boissons chaudes et froides, l\u2019Agave PHA est certifi\u00e9 compostable. Disponibles en deux tailles pratiques, elles sont propos\u00e9es\u2026","_links":{"self":[{"href":"https:\/\/www.eco2.ca\/fr\/wp-json\/wp\/v2\/product\/12256","targetHints":{"allow":["GET"]}}],"collection":[{"href":"https:\/\/www.eco2.ca\/fr\/wp-json\/wp\/v2\/product"}],"about":[{"href":"https:\/\/www.eco2.ca\/fr\/wp-json\/wp\/v2\/types\/product"}],"wp:featuredmedia":[{"embeddable":true,"href":"https:\/\/www.eco2.ca\/fr\/wp-json\/wp\/v2\/media\/7195"}],"wp:attachment":[{"href":"https:\/\/www.eco2.ca\/fr\/wp-json\/wp\/v2\/media?parent=12256"}],"wp:term":[{"taxonomy":"product_brand","embeddable":true,"href":"https:\/\/www.eco2.ca\/fr\/wp-json\/wp\/v2\/product_brand?post=12256"},{"taxonomy":"product_cat","embeddable":true,"href":"https:\/\/www.eco2.ca\/fr\/wp-json\/wp\/v2\/product_cat?post=12256"},{"taxonomy":"product_tag","embeddable":true,"href":"https:\/\/www.eco2.ca\/fr\/wp-json\/wp\/v2\/product_tag?post=12256"}],"curies":[{"name":"wp","href":"https:\/\/api.w.org\/{rel}","templated":true}]}}