{"id":12263,"date":"2025-06-08T17:37:17","date_gmt":"2025-06-08T17:37:17","guid":{"rendered":"https:\/\/www.eco2.ca\/?post_type=product&#038;p=12263"},"modified":"2025-06-30T13:04:02","modified_gmt":"2025-06-30T13:04:02","slug":"pailles-en-papier-compostables","status":"publish","type":"product","link":"https:\/\/www.eco2.ca\/fr\/product\/pailles-en-papier-compostables\/","title":{"rendered":"Pailles En Papier Compostables"},"content":{"rendered":"<h2 style=\"font-size: 1.4em;\">Pailles en Papier 100 % Compostables : Une Alternative Durable<\/h2>\n<p>Fabriqu\u00e9es en <strong>papier 100 % biod\u00e9gradable<\/strong>, ces <strong>pailles \u00e9cologiques<\/strong> constituent une <strong>solution responsable<\/strong> face aux pailles en plastique. Disponibles en <strong>diff\u00e9rentes largeurs et longueurs<\/strong>, elles s\u2019adaptent parfaitement \u00e0 vos besoins !<\/p>\n<h3 style=\"font-size: 1.3em;\">Caract\u00e9ristiques:<\/h3>\n<p>\u2705 <strong>Durables et r\u00e9sistantes<\/strong> \u2013 adapt\u00e9es aux boissons chaudes et froides<\/p>\n<p>\u2705 <strong>Conformes \u00e0 l\u2019interdiction des plastiques \u00e0 usage unique<\/strong> \u2013 favorisent des choix durables<\/p>\n<p>\u2705 <strong>Disponibles en plusieurs tailles<\/strong> pour r\u00e9pondre \u00e0 divers besoins<\/p>\n<p>Une <strong>solution verte<\/strong> id\u00e9ale pour les caf\u00e9s, restaurants et consommateurs soucieux de l\u2019environnement!<\/p>\n","protected":false},"excerpt":{"rendered":"<p>Fabriqu\u00e9es enti\u00e8rement en <strong>papier compostable<\/strong>, ces pailles offrent une <strong>alternative \u00e9cologique<\/strong> aux pailles en plastique et autres mat\u00e9riaux affect\u00e9s par <strong>l\u2019interdiction des plastiques \u00e0 usage unique<\/strong>. Disponibles en <strong>diff\u00e9rentes largeurs et longueurs<\/strong>, elles s\u2019adaptent parfaitement \u00e0 vos besoins en boissons!<\/p>\n","protected":false},"featured_media":7009,"template":"","meta":{"_eb_attr":"","_uag_custom_page_level_css":"","site-sidebar-layout":"default","site-content-layout":"","ast-site-content-layout":"default","site-content-style":"default","site-sidebar-style":"default","ast-global-header-display":"","ast-banner-title-visibility":"","ast-main-header-display":"","ast-hfb-above-header-display":"","ast-hfb-below-header-display":"","ast-hfb-mobile-header-display":"","site-post-title":"","ast-breadcrumbs-content":"","ast-featured-img":"","footer-sml-layout":"","ast-disable-related-posts":"","theme-transparent-header-meta":"default","adv-header-id-meta":"","stick-header-meta":"","header-above-stick-meta":"","header-main-stick-meta":"","header-below-stick-meta":"","astra-migrate-meta-layouts":"set","ast-page-background-enabled":"default","ast-page-background-meta":{"desktop":{"background-color":"","background-image":"","background-repeat":"repeat","background-position":"center center","background-size":"auto","background-attachment":"scroll","background-type":"","background-media":"","overlay-type":"","overlay-color":"","overlay-opacity":"","overlay-gradient":""},"tablet":{"background-color":"","background-image":"","background-repeat":"repeat","background-position":"center center","background-size":"auto","background-attachment":"scroll","background-type":"","background-media":"","overlay-type":"","overlay-color":"","overlay-opacity":"","overlay-gradient":""},"mobile":{"background-color":"","background-image":"","background-repeat":"repeat","background-position":"center center","background-size":"auto","background-attachment":"scroll","background-type":"","background-media":"","overlay-type":"","overlay-color":"","overlay-opacity":"","overlay-gradient":""}},"ast-content-background-meta":{"desktop":{"background-color":"var(--ast-global-color-5)","background-image":"","background-repeat":"repeat","background-position":"center center","background-size":"auto","background-attachment":"scroll","background-type":"","background-media":"","overlay-type":"","overlay-color":"","overlay-opacity":"","overlay-gradient":""},"tablet":{"background-color":"var(--ast-global-color-5)","background-image":"","background-repeat":"repeat","background-position":"center center","background-size":"auto","background-attachment":"scroll","background-type":"","background-media":"","overlay-type":"","overlay-color":"","overlay-opacity":"","overlay-gradient":""},"mobile":{"background-color":"var(--ast-global-color-5)","background-image":"","background-repeat":"repeat","background-position":"center center","background-size":"auto","background-attachment":"scroll","background-type":"","background-media":"","overlay-type":"","overlay-color":"","overlay-opacity":"","overlay-gradient":""}},"_selected_store_location":"","_selected_store_location_key":""},"product_brand":[],"product_cat":[211,307,189],"product_tag":[],"class_list":{"0":"post-12263","1":"product","2":"type-product","3":"status-publish","4":"has-post-thumbnail","6":"product_cat-accessoires","7":"product_cat-paille","8":"product_cat-tasses-et-accessoires","9":"wcmi-has-gallery","10":"desktop-align-center","11":"tablet-align-center","12":"mobile-align-center","14":"first","15":"instock","16":"shipping-taxable","17":"purchasable","18":"product-type-simple"},"yoast_head":"<!-- This site is optimized with the Yoast SEO plugin v27.5 - https:\/\/yoast.com\/product\/yoast-seo-wordpress\/ -->\n<title>Pailles En Papier Compostables - Eco2bureau<\/title>\n<meta name=\"description\" content=\"Fabriqu\u00e9es en papier 100 % biod\u00e9gradable, ces pailles \u00e9cologiques constituent une solution responsable face aux pailles en plastique. Disponibles en diff\u00e9rentes largeurs et longueurs\" \/>\n<meta name=\"robots\" content=\"index, follow, max-snippet:-1, max-image-preview:large, max-video-preview:-1\" \/>\n<link rel=\"canonical\" href=\"https:\/\/www.eco2.ca\/fr\/product\/pailles-en-papier-compostables\/\" \/>\n<meta property=\"og:locale\" content=\"fr_FR\" \/>\n<meta property=\"og:type\" content=\"article\" \/>\n<meta property=\"og:title\" content=\"Pailles En Papier Compostables - Eco2bureau\" \/>\n<meta property=\"og:description\" content=\"Fabriqu\u00e9es en papier 100 % biod\u00e9gradable, ces pailles \u00e9cologiques constituent une solution responsable face aux pailles en plastique. Disponibles en diff\u00e9rentes largeurs et longueurs\" \/>\n<meta property=\"og:url\" content=\"https:\/\/www.eco2.ca\/fr\/product\/pailles-en-papier-compostables\/\" \/>\n<meta property=\"og:site_name\" content=\"Eco2bureau\" \/>\n<meta property=\"article:modified_time\" content=\"2025-06-30T13:04:02+00:00\" \/>\n<meta property=\"og:image\" content=\"https:\/\/www.eco2.ca\/wp-content\/uploads\/2024\/04\/mix2.jpg\" \/>\n\t<meta property=\"og:image:width\" content=\"1024\" \/>\n\t<meta property=\"og:image:height\" content=\"1024\" \/>\n\t<meta property=\"og:image:type\" content=\"image\/jpeg\" \/>\n<meta name=\"twitter:card\" content=\"summary_large_image\" \/>\n<meta name=\"twitter:label1\" content=\"Dur\u00e9e de lecture estim\u00e9e\" \/>\n\t<meta name=\"twitter:data1\" content=\"1 minute\" \/>\n<script type=\"application\/ld+json\" class=\"yoast-schema-graph\">{\"@context\":\"https:\\\/\\\/schema.org\",\"@graph\":[{\"@type\":\"WebPage\",\"@id\":\"https:\\\/\\\/www.eco2.ca\\\/fr\\\/product\\\/pailles-en-papier-compostables\\\/\",\"url\":\"https:\\\/\\\/www.eco2.ca\\\/fr\\\/product\\\/pailles-en-papier-compostables\\\/\",\"name\":\"Pailles En Papier Compostables - Eco2bureau\",\"isPartOf\":{\"@id\":\"https:\\\/\\\/www.eco2.ca\\\/fr\\\/#website\"},\"primaryImageOfPage\":{\"@id\":\"https:\\\/\\\/www.eco2.ca\\\/fr\\\/product\\\/pailles-en-papier-compostables\\\/#primaryimage\"},\"image\":{\"@id\":\"https:\\\/\\\/www.eco2.ca\\\/fr\\\/product\\\/pailles-en-papier-compostables\\\/#primaryimage\"},\"thumbnailUrl\":\"https:\\\/\\\/www.eco2.ca\\\/wp-content\\\/uploads\\\/2024\\\/04\\\/mix2.jpg\",\"datePublished\":\"2025-06-08T17:37:17+00:00\",\"dateModified\":\"2025-06-30T13:04:02+00:00\",\"description\":\"Fabriqu\u00e9es en papier 100 % biod\u00e9gradable, ces pailles \u00e9cologiques constituent une solution responsable face aux pailles en plastique. Disponibles en diff\u00e9rentes largeurs et longueurs\",\"breadcrumb\":{\"@id\":\"https:\\\/\\\/www.eco2.ca\\\/fr\\\/product\\\/pailles-en-papier-compostables\\\/#breadcrumb\"},\"inLanguage\":\"fr-FR\",\"potentialAction\":[{\"@type\":\"ReadAction\",\"target\":[\"https:\\\/\\\/www.eco2.ca\\\/fr\\\/product\\\/pailles-en-papier-compostables\\\/\"]}]},{\"@type\":\"ImageObject\",\"inLanguage\":\"fr-FR\",\"@id\":\"https:\\\/\\\/www.eco2.ca\\\/fr\\\/product\\\/pailles-en-papier-compostables\\\/#primaryimage\",\"url\":\"https:\\\/\\\/www.eco2.ca\\\/wp-content\\\/uploads\\\/2024\\\/04\\\/mix2.jpg\",\"contentUrl\":\"https:\\\/\\\/www.eco2.ca\\\/wp-content\\\/uploads\\\/2024\\\/04\\\/mix2.jpg\",\"width\":1024,\"height\":1024,\"caption\":\"Papier naturel Paille\"},{\"@type\":\"BreadcrumbList\",\"@id\":\"https:\\\/\\\/www.eco2.ca\\\/fr\\\/product\\\/pailles-en-papier-compostables\\\/#breadcrumb\",\"itemListElement\":[{\"@type\":\"ListItem\",\"position\":1,\"name\":\"Home\",\"item\":\"https:\\\/\\\/www.eco2.ca\\\/fr\\\/\"},{\"@type\":\"ListItem\",\"position\":2,\"name\":\"Boutique\",\"item\":\"https:\\\/\\\/www.eco2.ca\\\/fr\\\/boutique\\\/\"},{\"@type\":\"ListItem\",\"position\":3,\"name\":\"Pailles En Papier Compostables\"}]},{\"@type\":\"WebSite\",\"@id\":\"https:\\\/\\\/www.eco2.ca\\\/fr\\\/#website\",\"url\":\"https:\\\/\\\/www.eco2.ca\\\/fr\\\/\",\"name\":\"Eco2bureau\",\"description\":\"\",\"publisher\":{\"@id\":\"https:\\\/\\\/www.eco2.ca\\\/fr\\\/#organization\"},\"potentialAction\":[{\"@type\":\"SearchAction\",\"target\":{\"@type\":\"EntryPoint\",\"urlTemplate\":\"https:\\\/\\\/www.eco2.ca\\\/fr\\\/?s={search_term_string}\"},\"query-input\":{\"@type\":\"PropertyValueSpecification\",\"valueRequired\":true,\"valueName\":\"search_term_string\"}}],\"inLanguage\":\"fr-FR\"},{\"@type\":\"Organization\",\"@id\":\"https:\\\/\\\/www.eco2.ca\\\/fr\\\/#organization\",\"name\":\"Eco2bureau\",\"url\":\"https:\\\/\\\/www.eco2.ca\\\/fr\\\/\",\"logo\":{\"@type\":\"ImageObject\",\"inLanguage\":\"fr-FR\",\"@id\":\"https:\\\/\\\/www.eco2.ca\\\/fr\\\/#\\\/schema\\\/logo\\\/image\\\/\",\"url\":\"https:\\\/\\\/www.eco2.ca\\\/wp-content\\\/uploads\\\/2025\\\/04\\\/cropped-cropped-Add-a-subheading-3.png\",\"contentUrl\":\"https:\\\/\\\/www.eco2.ca\\\/wp-content\\\/uploads\\\/2025\\\/04\\\/cropped-cropped-Add-a-subheading-3.png\",\"width\":469,\"height\":109,\"caption\":\"Eco2bureau\"},\"image\":{\"@id\":\"https:\\\/\\\/www.eco2.ca\\\/fr\\\/#\\\/schema\\\/logo\\\/image\\\/\"}}]}<\/script>\n<!-- \/ Yoast SEO plugin. -->","yoast_head_json":{"title":"Pailles En Papier Compostables - Eco2bureau","description":"Fabriqu\u00e9es en papier 100 % biod\u00e9gradable, ces pailles \u00e9cologiques constituent une solution responsable face aux pailles en plastique. Disponibles en diff\u00e9rentes largeurs et longueurs","robots":{"index":"index","follow":"follow","max-snippet":"max-snippet:-1","max-image-preview":"max-image-preview:large","max-video-preview":"max-video-preview:-1"},"canonical":"https:\/\/www.eco2.ca\/fr\/product\/pailles-en-papier-compostables\/","og_locale":"fr_FR","og_type":"article","og_title":"Pailles En Papier Compostables - Eco2bureau","og_description":"Fabriqu\u00e9es en papier 100 % biod\u00e9gradable, ces pailles \u00e9cologiques constituent une solution responsable face aux pailles en plastique. Disponibles en diff\u00e9rentes largeurs et longueurs","og_url":"https:\/\/www.eco2.ca\/fr\/product\/pailles-en-papier-compostables\/","og_site_name":"Eco2bureau","article_modified_time":"2025-06-30T13:04:02+00:00","og_image":[{"width":1024,"height":1024,"url":"https:\/\/www.eco2.ca\/wp-content\/uploads\/2024\/04\/mix2.jpg","type":"image\/jpeg"}],"twitter_card":"summary_large_image","twitter_misc":{"Dur\u00e9e de lecture estim\u00e9e":"1 minute"},"schema":{"@context":"https:\/\/schema.org","@graph":[{"@type":"WebPage","@id":"https:\/\/www.eco2.ca\/fr\/product\/pailles-en-papier-compostables\/","url":"https:\/\/www.eco2.ca\/fr\/product\/pailles-en-papier-compostables\/","name":"Pailles En Papier Compostables - Eco2bureau","isPartOf":{"@id":"https:\/\/www.eco2.ca\/fr\/#website"},"primaryImageOfPage":{"@id":"https:\/\/www.eco2.ca\/fr\/product\/pailles-en-papier-compostables\/#primaryimage"},"image":{"@id":"https:\/\/www.eco2.ca\/fr\/product\/pailles-en-papier-compostables\/#primaryimage"},"thumbnailUrl":"https:\/\/www.eco2.ca\/wp-content\/uploads\/2024\/04\/mix2.jpg","datePublished":"2025-06-08T17:37:17+00:00","dateModified":"2025-06-30T13:04:02+00:00","description":"Fabriqu\u00e9es en papier 100 % biod\u00e9gradable, ces pailles \u00e9cologiques constituent une solution responsable face aux pailles en plastique. Disponibles en diff\u00e9rentes largeurs et longueurs","breadcrumb":{"@id":"https:\/\/www.eco2.ca\/fr\/product\/pailles-en-papier-compostables\/#breadcrumb"},"inLanguage":"fr-FR","potentialAction":[{"@type":"ReadAction","target":["https:\/\/www.eco2.ca\/fr\/product\/pailles-en-papier-compostables\/"]}]},{"@type":"ImageObject","inLanguage":"fr-FR","@id":"https:\/\/www.eco2.ca\/fr\/product\/pailles-en-papier-compostables\/#primaryimage","url":"https:\/\/www.eco2.ca\/wp-content\/uploads\/2024\/04\/mix2.jpg","contentUrl":"https:\/\/www.eco2.ca\/wp-content\/uploads\/2024\/04\/mix2.jpg","width":1024,"height":1024,"caption":"Papier naturel Paille"},{"@type":"BreadcrumbList","@id":"https:\/\/www.eco2.ca\/fr\/product\/pailles-en-papier-compostables\/#breadcrumb","itemListElement":[{"@type":"ListItem","position":1,"name":"Home","item":"https:\/\/www.eco2.ca\/fr\/"},{"@type":"ListItem","position":2,"name":"Boutique","item":"https:\/\/www.eco2.ca\/fr\/boutique\/"},{"@type":"ListItem","position":3,"name":"Pailles En Papier Compostables"}]},{"@type":"WebSite","@id":"https:\/\/www.eco2.ca\/fr\/#website","url":"https:\/\/www.eco2.ca\/fr\/","name":"Eco2bureau","description":"","publisher":{"@id":"https:\/\/www.eco2.ca\/fr\/#organization"},"potentialAction":[{"@type":"SearchAction","target":{"@type":"EntryPoint","urlTemplate":"https:\/\/www.eco2.ca\/fr\/?s={search_term_string}"},"query-input":{"@type":"PropertyValueSpecification","valueRequired":true,"valueName":"search_term_string"}}],"inLanguage":"fr-FR"},{"@type":"Organization","@id":"https:\/\/www.eco2.ca\/fr\/#organization","name":"Eco2bureau","url":"https:\/\/www.eco2.ca\/fr\/","logo":{"@type":"ImageObject","inLanguage":"fr-FR","@id":"https:\/\/www.eco2.ca\/fr\/#\/schema\/logo\/image\/","url":"https:\/\/www.eco2.ca\/wp-content\/uploads\/2025\/04\/cropped-cropped-Add-a-subheading-3.png","contentUrl":"https:\/\/www.eco2.ca\/wp-content\/uploads\/2025\/04\/cropped-cropped-Add-a-subheading-3.png","width":469,"height":109,"caption":"Eco2bureau"},"image":{"@id":"https:\/\/www.eco2.ca\/fr\/#\/schema\/logo\/image\/"}}]}},"uagb_featured_image_src":{"full":["https:\/\/www.eco2.ca\/wp-content\/uploads\/2024\/04\/mix2.jpg",1024,1024,false],"thumbnail":["https:\/\/www.eco2.ca\/wp-content\/uploads\/2024\/04\/mix2-150x150.jpg",150,150,true],"medium":["https:\/\/www.eco2.ca\/wp-content\/uploads\/2024\/04\/mix2-300x300.jpg",300,300,true],"medium_large":["https:\/\/www.eco2.ca\/wp-content\/uploads\/2024\/04\/mix2-768x768.jpg",768,768,true],"large":["https:\/\/www.eco2.ca\/wp-content\/uploads\/2024\/04\/mix2.jpg",1024,1024,false],"1536x1536":["https:\/\/www.eco2.ca\/wp-content\/uploads\/2024\/04\/mix2.jpg",1024,1024,false],"2048x2048":["https:\/\/www.eco2.ca\/wp-content\/uploads\/2024\/04\/mix2.jpg",1024,1024,false],"wishsuite-image":["https:\/\/www.eco2.ca\/wp-content\/uploads\/2024\/04\/mix2.jpg",80,80,false],"woocommerce_thumbnail":["https:\/\/www.eco2.ca\/wp-content\/uploads\/2024\/04\/mix2-300x300.jpg",300,300,true],"woocommerce_single":["https:\/\/www.eco2.ca\/wp-content\/uploads\/2024\/04\/mix2-600x600.jpg",600,600,true],"woocommerce_gallery_thumbnail":["https:\/\/www.eco2.ca\/wp-content\/uploads\/2024\/04\/mix2-100x100.jpg",100,100,true]},"uagb_author_info":{"display_name":"Mary ..","author_link":"https:\/\/www.eco2.ca\/fr\/author\/"},"uagb_comment_info":0,"uagb_excerpt":"Fabriqu\u00e9es enti\u00e8rement en papier compostable, ces pailles offrent une alternative \u00e9cologique aux pailles en plastique et autres mat\u00e9riaux affect\u00e9s par l\u2019interdiction des plastiques \u00e0 usage unique. Disponibles en diff\u00e9rentes largeurs et longueurs, elles s\u2019adaptent parfaitement \u00e0 vos besoins en boissons!","_links":{"self":[{"href":"https:\/\/www.eco2.ca\/fr\/wp-json\/wp\/v2\/product\/12263","targetHints":{"allow":["GET"]}}],"collection":[{"href":"https:\/\/www.eco2.ca\/fr\/wp-json\/wp\/v2\/product"}],"about":[{"href":"https:\/\/www.eco2.ca\/fr\/wp-json\/wp\/v2\/types\/product"}],"wp:featuredmedia":[{"embeddable":true,"href":"https:\/\/www.eco2.ca\/fr\/wp-json\/wp\/v2\/media\/7009"}],"wp:attachment":[{"href":"https:\/\/www.eco2.ca\/fr\/wp-json\/wp\/v2\/media?parent=12263"}],"wp:term":[{"taxonomy":"product_brand","embeddable":true,"href":"https:\/\/www.eco2.ca\/fr\/wp-json\/wp\/v2\/product_brand?post=12263"},{"taxonomy":"product_cat","embeddable":true,"href":"https:\/\/www.eco2.ca\/fr\/wp-json\/wp\/v2\/product_cat?post=12263"},{"taxonomy":"product_tag","embeddable":true,"href":"https:\/\/www.eco2.ca\/fr\/wp-json\/wp\/v2\/product_tag?post=12263"}],"curies":[{"name":"wp","href":"https:\/\/api.w.org\/{rel}","templated":true}]}}