{"id":12267,"date":"2025-06-08T21:09:11","date_gmt":"2025-06-08T21:09:11","guid":{"rendered":"https:\/\/www.eco2.ca\/?post_type=product&#038;p=12267"},"modified":"2025-07-23T15:22:24","modified_gmt":"2025-07-23T15:22:24","slug":"sacs-en-papier-kraft-avec-poignees","status":"publish","type":"product","link":"https:\/\/www.eco2.ca\/fr\/product\/sacs-en-papier-kraft-avec-poignees\/","title":{"rendered":"Sacs En Papier Kraft Avec Poign\u00e9es"},"content":{"rendered":"<h2 style=\"font-size: 1.3em;\">Sacs en Papier Kraft Compostables &amp; Biod\u00e9gradables avec Poign\u00e9es : Emballage Durable &amp; R\u00e9sistant<\/h2>\n<p>Fabriqu\u00e9s en <strong>papier kraft durable<\/strong>, ces <strong>sacs avec poign\u00e9es<\/strong> offrent une <strong>solution fiable et \u00e9cologique<\/strong> pour le commerce de d\u00e9tail, la restauration et l\u2019emballage \u00e0 emporter. Con\u00e7us avec des <strong>poign\u00e9es torsad\u00e9es ou plates<\/strong>, ils assurent un <strong>transport facile<\/strong> tout en ayant un <strong>faible impact environnemental<\/strong>.<\/p>\n<h3 style=\"font-size: 1.3em;\">Caract\u00e9ristiques cl\u00e9s:<\/h3>\n<p>\u2705 <strong>100 % compostables &amp; biod\u00e9gradables<\/strong>, favorisant des choix \u00e9coresponsables<br \/>\n\u2705 <strong>Structure robuste en papier kraft<\/strong>, garantissant solidit\u00e9 et s\u00e9curit\u00e9<br \/>\n\u2705 <strong>Disponibles avec poign\u00e9es torsad\u00e9es ou plates<\/strong>, s\u2019adaptant \u00e0 divers besoins d\u2019emballage<br \/>\n\u2705 <strong>Parfaits pour les commerces, la restauration et les emballages \u00e0 emporter<\/strong>, une alternative durable aux sacs plastiques<br \/>\nId\u00e9al pour les entreprises cherchant \u00e0 <strong>r\u00e9duire les d\u00e9chets<\/strong> tout en offrant \u00e0 leurs clients un <strong>emballage solide et respectueux de l\u2019environnement<\/strong> !<\/p>\n","protected":false},"excerpt":{"rendered":"<p>Fabriqu\u00e9s en <strong>papier kraft durable<\/strong>, ces <strong>sacs \u00e9cologiques<\/strong> sont dot\u00e9s de <strong>poign\u00e9es en papier torsad\u00e9es ou plates<\/strong>, offrant une <strong>alternative durable<\/strong> pour l\u2019emballage et le transport.<br \/>\n<em style=\"font-size: 1.0em;\"><a href=\"https:\/\/www.eco2.ca\/fr\/solution-dimpression-personnalisee\/\" target=\"_blank\" rel=\"https:\/\/www.eco2.ca\/custom-printing-solution\/ noopener\"><img decoding=\"async\" class=\"alignnone wp-image-12241\" src=\"https:\/\/www.eco2.ca\/wp-content\/uploads\/2025\/06\/Custom-printing-available-300x300.png\" alt=\"custom printing coffee cup\" width=\"93\" height=\"93\" srcset=\"https:\/\/www.eco2.ca\/wp-content\/uploads\/2025\/06\/Custom-printing-available-300x300.png 300w, https:\/\/www.eco2.ca\/wp-content\/uploads\/2025\/06\/Custom-printing-available-1024x1024.png 1024w, https:\/\/www.eco2.ca\/wp-content\/uploads\/2025\/06\/Custom-printing-available-150x150.png 150w, https:\/\/www.eco2.ca\/wp-content\/uploads\/2025\/06\/Custom-printing-available-768x768.png 768w, https:\/\/www.eco2.ca\/wp-content\/uploads\/2025\/06\/Custom-printing-available-600x600.png 600w, https:\/\/www.eco2.ca\/wp-content\/uploads\/2025\/06\/Custom-printing-available-100x100.png 100w, https:\/\/www.eco2.ca\/wp-content\/uploads\/2025\/06\/Custom-printing-available.png 1181w\" sizes=\"(max-width: 93px) 100vw, 93px\" \/>Impression personnalis\u00e9e disponible<\/a><\/em><\/p>\n","protected":false},"featured_media":10873,"template":"","meta":{"_eb_attr":"","_uag_custom_page_level_css":"","site-sidebar-layout":"default","site-content-layout":"","ast-site-content-layout":"default","site-content-style":"default","site-sidebar-style":"default","ast-global-header-display":"","ast-banner-title-visibility":"","ast-main-header-display":"","ast-hfb-above-header-display":"","ast-hfb-below-header-display":"","ast-hfb-mobile-header-display":"","site-post-title":"","ast-breadcrumbs-content":"","ast-featured-img":"","footer-sml-layout":"","ast-disable-related-posts":"","theme-transparent-header-meta":"default","adv-header-id-meta":"","stick-header-meta":"","header-above-stick-meta":"","header-main-stick-meta":"","header-below-stick-meta":"","astra-migrate-meta-layouts":"set","ast-page-background-enabled":"default","ast-page-background-meta":{"desktop":{"background-color":"","background-image":"","background-repeat":"repeat","background-position":"center center","background-size":"auto","background-attachment":"scroll","background-type":"","background-media":"","overlay-type":"","overlay-color":"","overlay-opacity":"","overlay-gradient":""},"tablet":{"background-color":"","background-image":"","background-repeat":"repeat","background-position":"center center","background-size":"auto","background-attachment":"scroll","background-type":"","background-media":"","overlay-type":"","overlay-color":"","overlay-opacity":"","overlay-gradient":""},"mobile":{"background-color":"","background-image":"","background-repeat":"repeat","background-position":"center center","background-size":"auto","background-attachment":"scroll","background-type":"","background-media":"","overlay-type":"","overlay-color":"","overlay-opacity":"","overlay-gradient":""}},"ast-content-background-meta":{"desktop":{"background-color":"var(--ast-global-color-5)","background-image":"","background-repeat":"repeat","background-position":"center center","background-size":"auto","background-attachment":"scroll","background-type":"","background-media":"","overlay-type":"","overlay-color":"","overlay-opacity":"","overlay-gradient":""},"tablet":{"background-color":"var(--ast-global-color-5)","background-image":"","background-repeat":"repeat","background-position":"center center","background-size":"auto","background-attachment":"scroll","background-type":"","background-media":"","overlay-type":"","overlay-color":"","overlay-opacity":"","overlay-gradient":""},"mobile":{"background-color":"var(--ast-global-color-5)","background-image":"","background-repeat":"repeat","background-position":"center center","background-size":"auto","background-attachment":"scroll","background-type":"","background-media":"","overlay-type":"","overlay-color":"","overlay-opacity":"","overlay-gradient":""}},"_selected_store_location":"","_selected_store_location_key":""},"product_brand":[],"product_cat":[295,298],"product_tag":[],"class_list":{"0":"post-12267","1":"product","2":"type-product","3":"status-publish","4":"has-post-thumbnail","6":"product_cat-sac","7":"product_cat-sacs-kraft","8":"wcmi-has-gallery","9":"desktop-align-center","10":"tablet-align-center","11":"mobile-align-center","13":"first","14":"instock","15":"shipping-taxable","16":"purchasable","17":"product-type-simple"},"yoast_head":"<!-- This site is optimized with the Yoast SEO plugin v27.5 - https:\/\/yoast.com\/product\/yoast-seo-wordpress\/ -->\n<title>Sacs En Papier Kraft Avec Poign\u00e9es - Eco2bureau<\/title>\n<meta name=\"description\" content=\"Fabriqu\u00e9s en papier kraft durable, ces sacs avec poign\u00e9es offrent une solution fiable et \u00e9cologique pour le commerce de d\u00e9tail, la restauration et\" \/>\n<meta name=\"robots\" content=\"index, follow, max-snippet:-1, max-image-preview:large, max-video-preview:-1\" \/>\n<link rel=\"canonical\" href=\"https:\/\/www.eco2.ca\/fr\/product\/sacs-en-papier-kraft-avec-poignees\/\" \/>\n<meta property=\"og:locale\" content=\"fr_FR\" \/>\n<meta property=\"og:type\" content=\"article\" \/>\n<meta property=\"og:title\" content=\"Sacs En Papier Kraft Avec Poign\u00e9es - Eco2bureau\" \/>\n<meta property=\"og:description\" content=\"Fabriqu\u00e9s en papier kraft durable, ces sacs avec poign\u00e9es offrent une solution fiable et \u00e9cologique pour le commerce de d\u00e9tail, la restauration et\" \/>\n<meta property=\"og:url\" content=\"https:\/\/www.eco2.ca\/fr\/product\/sacs-en-papier-kraft-avec-poignees\/\" \/>\n<meta property=\"og:site_name\" content=\"Eco2bureau\" \/>\n<meta property=\"article:modified_time\" content=\"2025-07-23T15:22:24+00:00\" \/>\n<meta property=\"og:image\" content=\"https:\/\/www.eco2.ca\/wp-content\/uploads\/2025\/05\/10-5-13.jpg\" \/>\n\t<meta property=\"og:image:width\" content=\"600\" \/>\n\t<meta property=\"og:image:height\" content=\"600\" \/>\n\t<meta property=\"og:image:type\" content=\"image\/jpeg\" \/>\n<meta name=\"twitter:card\" content=\"summary_large_image\" \/>\n<meta name=\"twitter:label1\" content=\"Dur\u00e9e de lecture estim\u00e9e\" \/>\n\t<meta name=\"twitter:data1\" content=\"1 minute\" \/>\n<script type=\"application\/ld+json\" class=\"yoast-schema-graph\">{\"@context\":\"https:\\\/\\\/schema.org\",\"@graph\":[{\"@type\":\"WebPage\",\"@id\":\"https:\\\/\\\/www.eco2.ca\\\/fr\\\/product\\\/sacs-en-papier-kraft-avec-poignees\\\/\",\"url\":\"https:\\\/\\\/www.eco2.ca\\\/fr\\\/product\\\/sacs-en-papier-kraft-avec-poignees\\\/\",\"name\":\"Sacs En Papier Kraft Avec Poign\u00e9es - Eco2bureau\",\"isPartOf\":{\"@id\":\"https:\\\/\\\/www.eco2.ca\\\/fr\\\/#website\"},\"primaryImageOfPage\":{\"@id\":\"https:\\\/\\\/www.eco2.ca\\\/fr\\\/product\\\/sacs-en-papier-kraft-avec-poignees\\\/#primaryimage\"},\"image\":{\"@id\":\"https:\\\/\\\/www.eco2.ca\\\/fr\\\/product\\\/sacs-en-papier-kraft-avec-poignees\\\/#primaryimage\"},\"thumbnailUrl\":\"https:\\\/\\\/www.eco2.ca\\\/wp-content\\\/uploads\\\/2025\\\/05\\\/10-5-13.jpg\",\"datePublished\":\"2025-06-08T21:09:11+00:00\",\"dateModified\":\"2025-07-23T15:22:24+00:00\",\"description\":\"Fabriqu\u00e9s en papier kraft durable, ces sacs avec poign\u00e9es offrent une solution fiable et \u00e9cologique pour le commerce de d\u00e9tail, la restauration et\",\"breadcrumb\":{\"@id\":\"https:\\\/\\\/www.eco2.ca\\\/fr\\\/product\\\/sacs-en-papier-kraft-avec-poignees\\\/#breadcrumb\"},\"inLanguage\":\"fr-FR\",\"potentialAction\":[{\"@type\":\"ReadAction\",\"target\":[\"https:\\\/\\\/www.eco2.ca\\\/fr\\\/product\\\/sacs-en-papier-kraft-avec-poignees\\\/\"]}]},{\"@type\":\"ImageObject\",\"inLanguage\":\"fr-FR\",\"@id\":\"https:\\\/\\\/www.eco2.ca\\\/fr\\\/product\\\/sacs-en-papier-kraft-avec-poignees\\\/#primaryimage\",\"url\":\"https:\\\/\\\/www.eco2.ca\\\/wp-content\\\/uploads\\\/2025\\\/05\\\/10-5-13.jpg\",\"contentUrl\":\"https:\\\/\\\/www.eco2.ca\\\/wp-content\\\/uploads\\\/2025\\\/05\\\/10-5-13.jpg\",\"width\":600,\"height\":600,\"caption\":\"Kraft Bags: Sustainable Style Meets Practical Functionality\"},{\"@type\":\"BreadcrumbList\",\"@id\":\"https:\\\/\\\/www.eco2.ca\\\/fr\\\/product\\\/sacs-en-papier-kraft-avec-poignees\\\/#breadcrumb\",\"itemListElement\":[{\"@type\":\"ListItem\",\"position\":1,\"name\":\"Home\",\"item\":\"https:\\\/\\\/www.eco2.ca\\\/fr\\\/\"},{\"@type\":\"ListItem\",\"position\":2,\"name\":\"Boutique\",\"item\":\"https:\\\/\\\/www.eco2.ca\\\/fr\\\/boutique\\\/\"},{\"@type\":\"ListItem\",\"position\":3,\"name\":\"Sacs En Papier Kraft Avec Poign\u00e9es\"}]},{\"@type\":\"WebSite\",\"@id\":\"https:\\\/\\\/www.eco2.ca\\\/fr\\\/#website\",\"url\":\"https:\\\/\\\/www.eco2.ca\\\/fr\\\/\",\"name\":\"Eco2bureau\",\"description\":\"\",\"publisher\":{\"@id\":\"https:\\\/\\\/www.eco2.ca\\\/fr\\\/#organization\"},\"potentialAction\":[{\"@type\":\"SearchAction\",\"target\":{\"@type\":\"EntryPoint\",\"urlTemplate\":\"https:\\\/\\\/www.eco2.ca\\\/fr\\\/?s={search_term_string}\"},\"query-input\":{\"@type\":\"PropertyValueSpecification\",\"valueRequired\":true,\"valueName\":\"search_term_string\"}}],\"inLanguage\":\"fr-FR\"},{\"@type\":\"Organization\",\"@id\":\"https:\\\/\\\/www.eco2.ca\\\/fr\\\/#organization\",\"name\":\"Eco2bureau\",\"url\":\"https:\\\/\\\/www.eco2.ca\\\/fr\\\/\",\"logo\":{\"@type\":\"ImageObject\",\"inLanguage\":\"fr-FR\",\"@id\":\"https:\\\/\\\/www.eco2.ca\\\/fr\\\/#\\\/schema\\\/logo\\\/image\\\/\",\"url\":\"https:\\\/\\\/www.eco2.ca\\\/wp-content\\\/uploads\\\/2025\\\/04\\\/cropped-cropped-Add-a-subheading-3.png\",\"contentUrl\":\"https:\\\/\\\/www.eco2.ca\\\/wp-content\\\/uploads\\\/2025\\\/04\\\/cropped-cropped-Add-a-subheading-3.png\",\"width\":469,\"height\":109,\"caption\":\"Eco2bureau\"},\"image\":{\"@id\":\"https:\\\/\\\/www.eco2.ca\\\/fr\\\/#\\\/schema\\\/logo\\\/image\\\/\"}}]}<\/script>\n<!-- \/ Yoast SEO plugin. -->","yoast_head_json":{"title":"Sacs En Papier Kraft Avec Poign\u00e9es - Eco2bureau","description":"Fabriqu\u00e9s en papier kraft durable, ces sacs avec poign\u00e9es offrent une solution fiable et \u00e9cologique pour le commerce de d\u00e9tail, la restauration et","robots":{"index":"index","follow":"follow","max-snippet":"max-snippet:-1","max-image-preview":"max-image-preview:large","max-video-preview":"max-video-preview:-1"},"canonical":"https:\/\/www.eco2.ca\/fr\/product\/sacs-en-papier-kraft-avec-poignees\/","og_locale":"fr_FR","og_type":"article","og_title":"Sacs En Papier Kraft Avec Poign\u00e9es - Eco2bureau","og_description":"Fabriqu\u00e9s en papier kraft durable, ces sacs avec poign\u00e9es offrent une solution fiable et \u00e9cologique pour le commerce de d\u00e9tail, la restauration et","og_url":"https:\/\/www.eco2.ca\/fr\/product\/sacs-en-papier-kraft-avec-poignees\/","og_site_name":"Eco2bureau","article_modified_time":"2025-07-23T15:22:24+00:00","og_image":[{"width":600,"height":600,"url":"https:\/\/www.eco2.ca\/wp-content\/uploads\/2025\/05\/10-5-13.jpg","type":"image\/jpeg"}],"twitter_card":"summary_large_image","twitter_misc":{"Dur\u00e9e de lecture estim\u00e9e":"1 minute"},"schema":{"@context":"https:\/\/schema.org","@graph":[{"@type":"WebPage","@id":"https:\/\/www.eco2.ca\/fr\/product\/sacs-en-papier-kraft-avec-poignees\/","url":"https:\/\/www.eco2.ca\/fr\/product\/sacs-en-papier-kraft-avec-poignees\/","name":"Sacs En Papier Kraft Avec Poign\u00e9es - Eco2bureau","isPartOf":{"@id":"https:\/\/www.eco2.ca\/fr\/#website"},"primaryImageOfPage":{"@id":"https:\/\/www.eco2.ca\/fr\/product\/sacs-en-papier-kraft-avec-poignees\/#primaryimage"},"image":{"@id":"https:\/\/www.eco2.ca\/fr\/product\/sacs-en-papier-kraft-avec-poignees\/#primaryimage"},"thumbnailUrl":"https:\/\/www.eco2.ca\/wp-content\/uploads\/2025\/05\/10-5-13.jpg","datePublished":"2025-06-08T21:09:11+00:00","dateModified":"2025-07-23T15:22:24+00:00","description":"Fabriqu\u00e9s en papier kraft durable, ces sacs avec poign\u00e9es offrent une solution fiable et \u00e9cologique pour le commerce de d\u00e9tail, la restauration et","breadcrumb":{"@id":"https:\/\/www.eco2.ca\/fr\/product\/sacs-en-papier-kraft-avec-poignees\/#breadcrumb"},"inLanguage":"fr-FR","potentialAction":[{"@type":"ReadAction","target":["https:\/\/www.eco2.ca\/fr\/product\/sacs-en-papier-kraft-avec-poignees\/"]}]},{"@type":"ImageObject","inLanguage":"fr-FR","@id":"https:\/\/www.eco2.ca\/fr\/product\/sacs-en-papier-kraft-avec-poignees\/#primaryimage","url":"https:\/\/www.eco2.ca\/wp-content\/uploads\/2025\/05\/10-5-13.jpg","contentUrl":"https:\/\/www.eco2.ca\/wp-content\/uploads\/2025\/05\/10-5-13.jpg","width":600,"height":600,"caption":"Kraft Bags: Sustainable Style Meets Practical Functionality"},{"@type":"BreadcrumbList","@id":"https:\/\/www.eco2.ca\/fr\/product\/sacs-en-papier-kraft-avec-poignees\/#breadcrumb","itemListElement":[{"@type":"ListItem","position":1,"name":"Home","item":"https:\/\/www.eco2.ca\/fr\/"},{"@type":"ListItem","position":2,"name":"Boutique","item":"https:\/\/www.eco2.ca\/fr\/boutique\/"},{"@type":"ListItem","position":3,"name":"Sacs En Papier Kraft Avec Poign\u00e9es"}]},{"@type":"WebSite","@id":"https:\/\/www.eco2.ca\/fr\/#website","url":"https:\/\/www.eco2.ca\/fr\/","name":"Eco2bureau","description":"","publisher":{"@id":"https:\/\/www.eco2.ca\/fr\/#organization"},"potentialAction":[{"@type":"SearchAction","target":{"@type":"EntryPoint","urlTemplate":"https:\/\/www.eco2.ca\/fr\/?s={search_term_string}"},"query-input":{"@type":"PropertyValueSpecification","valueRequired":true,"valueName":"search_term_string"}}],"inLanguage":"fr-FR"},{"@type":"Organization","@id":"https:\/\/www.eco2.ca\/fr\/#organization","name":"Eco2bureau","url":"https:\/\/www.eco2.ca\/fr\/","logo":{"@type":"ImageObject","inLanguage":"fr-FR","@id":"https:\/\/www.eco2.ca\/fr\/#\/schema\/logo\/image\/","url":"https:\/\/www.eco2.ca\/wp-content\/uploads\/2025\/04\/cropped-cropped-Add-a-subheading-3.png","contentUrl":"https:\/\/www.eco2.ca\/wp-content\/uploads\/2025\/04\/cropped-cropped-Add-a-subheading-3.png","width":469,"height":109,"caption":"Eco2bureau"},"image":{"@id":"https:\/\/www.eco2.ca\/fr\/#\/schema\/logo\/image\/"}}]}},"uagb_featured_image_src":{"full":["https:\/\/www.eco2.ca\/wp-content\/uploads\/2025\/05\/10-5-13.jpg",600,600,false],"thumbnail":["https:\/\/www.eco2.ca\/wp-content\/uploads\/2025\/05\/10-5-13-150x150.jpg",150,150,true],"medium":["https:\/\/www.eco2.ca\/wp-content\/uploads\/2025\/05\/10-5-13-300x300.jpg",300,300,true],"medium_large":["https:\/\/www.eco2.ca\/wp-content\/uploads\/2025\/05\/10-5-13.jpg",600,600,false],"large":["https:\/\/www.eco2.ca\/wp-content\/uploads\/2025\/05\/10-5-13.jpg",600,600,false],"1536x1536":["https:\/\/www.eco2.ca\/wp-content\/uploads\/2025\/05\/10-5-13.jpg",600,600,false],"2048x2048":["https:\/\/www.eco2.ca\/wp-content\/uploads\/2025\/05\/10-5-13.jpg",600,600,false],"wishsuite-image":["https:\/\/www.eco2.ca\/wp-content\/uploads\/2025\/05\/10-5-13.jpg",80,80,false],"woocommerce_thumbnail":["https:\/\/www.eco2.ca\/wp-content\/uploads\/2025\/05\/10-5-13-300x300.jpg",300,300,true],"woocommerce_single":["https:\/\/www.eco2.ca\/wp-content\/uploads\/2025\/05\/10-5-13.jpg",600,600,false],"woocommerce_gallery_thumbnail":["https:\/\/www.eco2.ca\/wp-content\/uploads\/2025\/05\/10-5-13-100x100.jpg",100,100,true]},"uagb_author_info":{"display_name":"Mary ..","author_link":"https:\/\/www.eco2.ca\/fr\/author\/"},"uagb_comment_info":0,"uagb_excerpt":"Fabriqu\u00e9s en papier kraft durable, ces sacs \u00e9cologiques sont dot\u00e9s de poign\u00e9es en papier torsad\u00e9es ou plates, offrant une alternative durable pour l\u2019emballage et le transport. Impression personnalis\u00e9e disponible","_links":{"self":[{"href":"https:\/\/www.eco2.ca\/fr\/wp-json\/wp\/v2\/product\/12267","targetHints":{"allow":["GET"]}}],"collection":[{"href":"https:\/\/www.eco2.ca\/fr\/wp-json\/wp\/v2\/product"}],"about":[{"href":"https:\/\/www.eco2.ca\/fr\/wp-json\/wp\/v2\/types\/product"}],"wp:featuredmedia":[{"embeddable":true,"href":"https:\/\/www.eco2.ca\/fr\/wp-json\/wp\/v2\/media\/10873"}],"wp:attachment":[{"href":"https:\/\/www.eco2.ca\/fr\/wp-json\/wp\/v2\/media?parent=12267"}],"wp:term":[{"taxonomy":"product_brand","embeddable":true,"href":"https:\/\/www.eco2.ca\/fr\/wp-json\/wp\/v2\/product_brand?post=12267"},{"taxonomy":"product_cat","embeddable":true,"href":"https:\/\/www.eco2.ca\/fr\/wp-json\/wp\/v2\/product_cat?post=12267"},{"taxonomy":"product_tag","embeddable":true,"href":"https:\/\/www.eco2.ca\/fr\/wp-json\/wp\/v2\/product_tag?post=12267"}],"curies":[{"name":"wp","href":"https:\/\/api.w.org\/{rel}","templated":true}]}}