{"id":12275,"date":"2025-06-09T15:18:29","date_gmt":"2025-06-09T15:18:29","guid":{"rendered":"https:\/\/www.eco2.ca\/product\/compostable-pla-salad-bowls-lids\/"},"modified":"2025-06-27T21:30:30","modified_gmt":"2025-06-27T21:30:30","slug":"compostable-pla-salad-bowls-lids","status":"publish","type":"product","link":"https:\/\/www.eco2.ca\/fr\/product\/compostable-pla-salad-bowls-lids\/","title":{"rendered":"Couvercles Transparents Pour Bols A Salade (Bols En PLA)"},"content":{"rendered":"<h2 style=\"font-size: 1.4em;\">Couvercles Transparents Pour Bols A Salade \u2013 Durables &amp; S\u00e9curitaires Pour les Aliments<\/h2>\n<p>Fabriqu\u00e9s en <strong>PLA<\/strong>, un polym\u00e8re biod\u00e9gradable d\u00e9riv\u00e9 de <strong>l\u2019amidon de ma\u00efs renouvelable<\/strong>, ces <strong>bols et couvercles compostables<\/strong> offrent une <strong>alternative \u00e9cologique<\/strong> aux emballages plastiques traditionnels. Sp\u00e9cialement con\u00e7us pour les <strong>aliments froids<\/strong>, ils sont parfaits pour servir <strong>salades, fruits, l\u00e9gumes, et plus encore<\/strong>, id\u00e9aux pour les <strong>restaurants, caf\u00e9s et services de plats \u00e0 emporter<\/strong>.<\/p>\n<h3 style=\"font-size: 1.3em;\">Caract\u00e9ristiques cl\u00e9s:<\/h3>\n<p>\u2705 <strong>100 % compostables <\/strong>r\u00e9duisant l\u2019impact environnemental<\/p>\n<p>\u2705 <strong>S\u00e9curitaires pour les aliments &amp; durables<\/strong>, garantissant fra\u00eecheur et conservation<\/p>\n<p>\u2705 <strong>Parfaits pour les aliments froids<\/strong>, pr\u00e9servant leur qualit\u00e9 et pr\u00e9sentation<\/p>\n<p>\u2705 <strong>L\u00e9gers &amp; robustes<\/strong>, con\u00e7us pour la commodit\u00e9 et la fiabilit\u00e9<\/p>\n<p>\u2705 <strong>Fabriqu\u00e9s \u00e0 partir de ressources renouvelables<\/strong>, soutenant des pratiques durables<\/p>\n<p>Id\u00e9al pour les <strong>entreprises et consommateurs<\/strong> cherchant \u00e0 <strong>r\u00e9duire les d\u00e9chets<\/strong> tout en proposant des repas <strong>frais et savoureux dans un emballage respectueux de l\u2019environnement<\/strong> !<\/p>\n","protected":false},"excerpt":{"rendered":"<p>Fabriqu\u00e9s en PLA, un polym\u00e8re biod\u00e9gradable d\u00e9riv\u00e9 de l\u2019amidon de ma\u00efs renouvelable, ces bols et couvercles compostables sont parfaits pour servir des aliments froids comme des salades, des fruits et des l\u00e9gumes.<\/p>\n","protected":false},"featured_media":10358,"template":"","meta":{"_eb_attr":"","_uag_custom_page_level_css":"","site-sidebar-layout":"default","site-content-layout":"","ast-site-content-layout":"default","site-content-style":"default","site-sidebar-style":"default","ast-global-header-display":"","ast-banner-title-visibility":"","ast-main-header-display":"","ast-hfb-above-header-display":"","ast-hfb-below-header-display":"","ast-hfb-mobile-header-display":"","site-post-title":"","ast-breadcrumbs-content":"","ast-featured-img":"","footer-sml-layout":"","ast-disable-related-posts":"","theme-transparent-header-meta":"default","adv-header-id-meta":"","stick-header-meta":"","header-above-stick-meta":"","header-main-stick-meta":"","header-below-stick-meta":"","astra-migrate-meta-layouts":"set","ast-page-background-enabled":"default","ast-page-background-meta":{"desktop":{"background-color":"","background-image":"","background-repeat":"repeat","background-position":"center center","background-size":"auto","background-attachment":"scroll","background-type":"","background-media":"","overlay-type":"","overlay-color":"","overlay-opacity":"","overlay-gradient":""},"tablet":{"background-color":"","background-image":"","background-repeat":"repeat","background-position":"center center","background-size":"auto","background-attachment":"scroll","background-type":"","background-media":"","overlay-type":"","overlay-color":"","overlay-opacity":"","overlay-gradient":""},"mobile":{"background-color":"","background-image":"","background-repeat":"repeat","background-position":"center center","background-size":"auto","background-attachment":"scroll","background-type":"","background-media":"","overlay-type":"","overlay-color":"","overlay-opacity":"","overlay-gradient":""}},"ast-content-background-meta":{"desktop":{"background-color":"var(--ast-global-color-5)","background-image":"","background-repeat":"repeat","background-position":"center center","background-size":"auto","background-attachment":"scroll","background-type":"","background-media":"","overlay-type":"","overlay-color":"","overlay-opacity":"","overlay-gradient":""},"tablet":{"background-color":"var(--ast-global-color-5)","background-image":"","background-repeat":"repeat","background-position":"center center","background-size":"auto","background-attachment":"scroll","background-type":"","background-media":"","overlay-type":"","overlay-color":"","overlay-opacity":"","overlay-gradient":""},"mobile":{"background-color":"var(--ast-global-color-5)","background-image":"","background-repeat":"repeat","background-position":"center center","background-size":"auto","background-attachment":"scroll","background-type":"","background-media":"","overlay-type":"","overlay-color":"","overlay-opacity":"","overlay-gradient":""}},"_selected_store_location":"","_selected_store_location_key":""},"product_brand":[],"product_cat":[190,222],"product_tag":[],"class_list":{"0":"post-12275","1":"product","2":"type-product","3":"status-publish","4":"has-post-thumbnail","6":"product_cat-bols","7":"product_cat-bols-a-salade","8":"wcmi-has-gallery","9":"desktop-align-center","10":"tablet-align-center","11":"mobile-align-center","13":"first","14":"instock","15":"shipping-taxable","16":"purchasable","17":"product-type-simple"},"yoast_head":"<!-- This site is optimized with the Yoast SEO plugin v27.2 - https:\/\/yoast.com\/product\/yoast-seo-wordpress\/ -->\n<title>Couvercles Transparents Pour Bols A Salade (Bols En PLA) - Eco2bureau<\/title>\n<meta name=\"description\" content=\"Made from PLA, a biodegradable polymer derived from renewable corn starch, these compostable salad bowls and lids provide an eco-friendly alternative\" \/>\n<meta name=\"robots\" content=\"index, follow, max-snippet:-1, max-image-preview:large, max-video-preview:-1\" \/>\n<link rel=\"canonical\" href=\"https:\/\/www.eco2.ca\/fr\/product\/compostable-pla-salad-bowls-lids\/\" \/>\n<meta property=\"og:locale\" content=\"fr_FR\" \/>\n<meta property=\"og:type\" content=\"article\" \/>\n<meta property=\"og:title\" content=\"Couvercles Transparents Pour Bols A Salade (Bols En PLA) - Eco2bureau\" \/>\n<meta property=\"og:description\" content=\"Made from PLA, a biodegradable polymer derived from renewable corn starch, these compostable salad bowls and lids provide an eco-friendly alternative\" \/>\n<meta property=\"og:url\" content=\"https:\/\/www.eco2.ca\/fr\/product\/compostable-pla-salad-bowls-lids\/\" \/>\n<meta property=\"og:site_name\" content=\"Eco2bureau\" \/>\n<meta property=\"article:modified_time\" content=\"2025-06-27T21:30:30+00:00\" \/>\n<meta property=\"og:image\" content=\"https:\/\/www.eco2.ca\/wp-content\/uploads\/2025\/04\/home-img3.jpg\" \/>\n\t<meta property=\"og:image:width\" content=\"346\" \/>\n\t<meta property=\"og:image:height\" content=\"286\" \/>\n\t<meta property=\"og:image:type\" content=\"image\/jpeg\" \/>\n<meta name=\"twitter:card\" content=\"summary_large_image\" \/>\n<meta name=\"twitter:label1\" content=\"Dur\u00e9e de lecture estim\u00e9e\" \/>\n\t<meta name=\"twitter:data1\" content=\"1 minute\" \/>\n<script type=\"application\/ld+json\" class=\"yoast-schema-graph\">{\"@context\":\"https:\/\/schema.org\",\"@graph\":[{\"@type\":\"WebPage\",\"@id\":\"https:\/\/www.eco2.ca\/fr\/product\/compostable-pla-salad-bowls-lids\/\",\"url\":\"https:\/\/www.eco2.ca\/fr\/product\/compostable-pla-salad-bowls-lids\/\",\"name\":\"Couvercles Transparents Pour Bols A Salade (Bols En PLA) - Eco2bureau\",\"isPartOf\":{\"@id\":\"https:\/\/www.eco2.ca\/fr\/#website\"},\"primaryImageOfPage\":{\"@id\":\"https:\/\/www.eco2.ca\/fr\/product\/compostable-pla-salad-bowls-lids\/#primaryimage\"},\"image\":{\"@id\":\"https:\/\/www.eco2.ca\/fr\/product\/compostable-pla-salad-bowls-lids\/#primaryimage\"},\"thumbnailUrl\":\"https:\/\/www.eco2.ca\/wp-content\/uploads\/2025\/04\/home-img3.jpg\",\"datePublished\":\"2025-06-09T15:18:29+00:00\",\"dateModified\":\"2025-06-27T21:30:30+00:00\",\"description\":\"Made from PLA, a biodegradable polymer derived from renewable corn starch, these compostable salad bowls and lids provide an eco-friendly alternative\",\"breadcrumb\":{\"@id\":\"https:\/\/www.eco2.ca\/fr\/product\/compostable-pla-salad-bowls-lids\/#breadcrumb\"},\"inLanguage\":\"fr-FR\",\"potentialAction\":[{\"@type\":\"ReadAction\",\"target\":[\"https:\/\/www.eco2.ca\/fr\/product\/compostable-pla-salad-bowls-lids\/\"]}]},{\"@type\":\"ImageObject\",\"inLanguage\":\"fr-FR\",\"@id\":\"https:\/\/www.eco2.ca\/fr\/product\/compostable-pla-salad-bowls-lids\/#primaryimage\",\"url\":\"https:\/\/www.eco2.ca\/wp-content\/uploads\/2025\/04\/home-img3.jpg\",\"contentUrl\":\"https:\/\/www.eco2.ca\/wp-content\/uploads\/2025\/04\/home-img3.jpg\",\"width\":346,\"height\":286,\"caption\":\"salad box\"},{\"@type\":\"BreadcrumbList\",\"@id\":\"https:\/\/www.eco2.ca\/fr\/product\/compostable-pla-salad-bowls-lids\/#breadcrumb\",\"itemListElement\":[{\"@type\":\"ListItem\",\"position\":1,\"name\":\"Home\",\"item\":\"https:\/\/www.eco2.ca\/fr\/\"},{\"@type\":\"ListItem\",\"position\":2,\"name\":\"Boutique\",\"item\":\"https:\/\/www.eco2.ca\/fr\/boutique\/\"},{\"@type\":\"ListItem\",\"position\":3,\"name\":\"Couvercles Transparents Pour Bols A Salade (Bols En PLA)\"}]},{\"@type\":\"WebSite\",\"@id\":\"https:\/\/www.eco2.ca\/fr\/#website\",\"url\":\"https:\/\/www.eco2.ca\/fr\/\",\"name\":\"Eco2bureau\",\"description\":\"\",\"publisher\":{\"@id\":\"https:\/\/www.eco2.ca\/fr\/#organization\"},\"potentialAction\":[{\"@type\":\"SearchAction\",\"target\":{\"@type\":\"EntryPoint\",\"urlTemplate\":\"https:\/\/www.eco2.ca\/fr\/?s={search_term_string}\"},\"query-input\":{\"@type\":\"PropertyValueSpecification\",\"valueRequired\":true,\"valueName\":\"search_term_string\"}}],\"inLanguage\":\"fr-FR\"},{\"@type\":\"Organization\",\"@id\":\"https:\/\/www.eco2.ca\/fr\/#organization\",\"name\":\"Eco2bureau\",\"url\":\"https:\/\/www.eco2.ca\/fr\/\",\"logo\":{\"@type\":\"ImageObject\",\"inLanguage\":\"fr-FR\",\"@id\":\"https:\/\/www.eco2.ca\/fr\/#\/schema\/logo\/image\/\",\"url\":\"https:\/\/www.eco2.ca\/wp-content\/uploads\/2025\/04\/cropped-cropped-Add-a-subheading-3.png\",\"contentUrl\":\"https:\/\/www.eco2.ca\/wp-content\/uploads\/2025\/04\/cropped-cropped-Add-a-subheading-3.png\",\"width\":469,\"height\":109,\"caption\":\"Eco2bureau\"},\"image\":{\"@id\":\"https:\/\/www.eco2.ca\/fr\/#\/schema\/logo\/image\/\"}}]}<\/script>\n<!-- \/ Yoast SEO plugin. -->","yoast_head_json":{"title":"Couvercles Transparents Pour Bols A Salade (Bols En PLA) - Eco2bureau","description":"Made from PLA, a biodegradable polymer derived from renewable corn starch, these compostable salad bowls and lids provide an eco-friendly alternative","robots":{"index":"index","follow":"follow","max-snippet":"max-snippet:-1","max-image-preview":"max-image-preview:large","max-video-preview":"max-video-preview:-1"},"canonical":"https:\/\/www.eco2.ca\/fr\/product\/compostable-pla-salad-bowls-lids\/","og_locale":"fr_FR","og_type":"article","og_title":"Couvercles Transparents Pour Bols A Salade (Bols En PLA) - Eco2bureau","og_description":"Made from PLA, a biodegradable polymer derived from renewable corn starch, these compostable salad bowls and lids provide an eco-friendly alternative","og_url":"https:\/\/www.eco2.ca\/fr\/product\/compostable-pla-salad-bowls-lids\/","og_site_name":"Eco2bureau","article_modified_time":"2025-06-27T21:30:30+00:00","og_image":[{"width":346,"height":286,"url":"https:\/\/www.eco2.ca\/wp-content\/uploads\/2025\/04\/home-img3.jpg","type":"image\/jpeg"}],"twitter_card":"summary_large_image","twitter_misc":{"Dur\u00e9e de lecture estim\u00e9e":"1 minute"},"schema":{"@context":"https:\/\/schema.org","@graph":[{"@type":"WebPage","@id":"https:\/\/www.eco2.ca\/fr\/product\/compostable-pla-salad-bowls-lids\/","url":"https:\/\/www.eco2.ca\/fr\/product\/compostable-pla-salad-bowls-lids\/","name":"Couvercles Transparents Pour Bols A Salade (Bols En PLA) - Eco2bureau","isPartOf":{"@id":"https:\/\/www.eco2.ca\/fr\/#website"},"primaryImageOfPage":{"@id":"https:\/\/www.eco2.ca\/fr\/product\/compostable-pla-salad-bowls-lids\/#primaryimage"},"image":{"@id":"https:\/\/www.eco2.ca\/fr\/product\/compostable-pla-salad-bowls-lids\/#primaryimage"},"thumbnailUrl":"https:\/\/www.eco2.ca\/wp-content\/uploads\/2025\/04\/home-img3.jpg","datePublished":"2025-06-09T15:18:29+00:00","dateModified":"2025-06-27T21:30:30+00:00","description":"Made from PLA, a biodegradable polymer derived from renewable corn starch, these compostable salad bowls and lids provide an eco-friendly alternative","breadcrumb":{"@id":"https:\/\/www.eco2.ca\/fr\/product\/compostable-pla-salad-bowls-lids\/#breadcrumb"},"inLanguage":"fr-FR","potentialAction":[{"@type":"ReadAction","target":["https:\/\/www.eco2.ca\/fr\/product\/compostable-pla-salad-bowls-lids\/"]}]},{"@type":"ImageObject","inLanguage":"fr-FR","@id":"https:\/\/www.eco2.ca\/fr\/product\/compostable-pla-salad-bowls-lids\/#primaryimage","url":"https:\/\/www.eco2.ca\/wp-content\/uploads\/2025\/04\/home-img3.jpg","contentUrl":"https:\/\/www.eco2.ca\/wp-content\/uploads\/2025\/04\/home-img3.jpg","width":346,"height":286,"caption":"salad box"},{"@type":"BreadcrumbList","@id":"https:\/\/www.eco2.ca\/fr\/product\/compostable-pla-salad-bowls-lids\/#breadcrumb","itemListElement":[{"@type":"ListItem","position":1,"name":"Home","item":"https:\/\/www.eco2.ca\/fr\/"},{"@type":"ListItem","position":2,"name":"Boutique","item":"https:\/\/www.eco2.ca\/fr\/boutique\/"},{"@type":"ListItem","position":3,"name":"Couvercles Transparents Pour Bols A Salade (Bols En PLA)"}]},{"@type":"WebSite","@id":"https:\/\/www.eco2.ca\/fr\/#website","url":"https:\/\/www.eco2.ca\/fr\/","name":"Eco2bureau","description":"","publisher":{"@id":"https:\/\/www.eco2.ca\/fr\/#organization"},"potentialAction":[{"@type":"SearchAction","target":{"@type":"EntryPoint","urlTemplate":"https:\/\/www.eco2.ca\/fr\/?s={search_term_string}"},"query-input":{"@type":"PropertyValueSpecification","valueRequired":true,"valueName":"search_term_string"}}],"inLanguage":"fr-FR"},{"@type":"Organization","@id":"https:\/\/www.eco2.ca\/fr\/#organization","name":"Eco2bureau","url":"https:\/\/www.eco2.ca\/fr\/","logo":{"@type":"ImageObject","inLanguage":"fr-FR","@id":"https:\/\/www.eco2.ca\/fr\/#\/schema\/logo\/image\/","url":"https:\/\/www.eco2.ca\/wp-content\/uploads\/2025\/04\/cropped-cropped-Add-a-subheading-3.png","contentUrl":"https:\/\/www.eco2.ca\/wp-content\/uploads\/2025\/04\/cropped-cropped-Add-a-subheading-3.png","width":469,"height":109,"caption":"Eco2bureau"},"image":{"@id":"https:\/\/www.eco2.ca\/fr\/#\/schema\/logo\/image\/"}}]}},"uagb_featured_image_src":{"full":["https:\/\/www.eco2.ca\/wp-content\/uploads\/2025\/04\/home-img3.jpg",346,286,false],"thumbnail":["https:\/\/www.eco2.ca\/wp-content\/uploads\/2025\/04\/home-img3-150x150.jpg",150,150,true],"medium":["https:\/\/www.eco2.ca\/wp-content\/uploads\/2025\/04\/home-img3-300x248.jpg",300,248,true],"medium_large":["https:\/\/www.eco2.ca\/wp-content\/uploads\/2025\/04\/home-img3.jpg",346,286,false],"large":["https:\/\/www.eco2.ca\/wp-content\/uploads\/2025\/04\/home-img3.jpg",346,286,false],"1536x1536":["https:\/\/www.eco2.ca\/wp-content\/uploads\/2025\/04\/home-img3.jpg",346,286,false],"2048x2048":["https:\/\/www.eco2.ca\/wp-content\/uploads\/2025\/04\/home-img3.jpg",346,286,false],"wishsuite-image":["https:\/\/www.eco2.ca\/wp-content\/uploads\/2025\/04\/home-img3.jpg",80,66,false],"woocommerce_thumbnail":["https:\/\/www.eco2.ca\/wp-content\/uploads\/2025\/04\/home-img3-300x286.jpg",300,286,true],"woocommerce_single":["https:\/\/www.eco2.ca\/wp-content\/uploads\/2025\/04\/home-img3.jpg",346,286,false],"woocommerce_gallery_thumbnail":["https:\/\/www.eco2.ca\/wp-content\/uploads\/2025\/04\/home-img3-100x100.jpg",100,100,true]},"uagb_author_info":{"display_name":"Mary ..","author_link":"https:\/\/www.eco2.ca\/fr\/author\/"},"uagb_comment_info":0,"uagb_excerpt":"Fabriqu\u00e9s en PLA, un polym\u00e8re biod\u00e9gradable d\u00e9riv\u00e9 de l\u2019amidon de ma\u00efs renouvelable, ces bols et couvercles compostables sont parfaits pour servir des aliments froids comme des salades, des fruits et des l\u00e9gumes.","_links":{"self":[{"href":"https:\/\/www.eco2.ca\/fr\/wp-json\/wp\/v2\/product\/12275","targetHints":{"allow":["GET"]}}],"collection":[{"href":"https:\/\/www.eco2.ca\/fr\/wp-json\/wp\/v2\/product"}],"about":[{"href":"https:\/\/www.eco2.ca\/fr\/wp-json\/wp\/v2\/types\/product"}],"wp:featuredmedia":[{"embeddable":true,"href":"https:\/\/www.eco2.ca\/fr\/wp-json\/wp\/v2\/media\/10358"}],"wp:attachment":[{"href":"https:\/\/www.eco2.ca\/fr\/wp-json\/wp\/v2\/media?parent=12275"}],"wp:term":[{"taxonomy":"product_brand","embeddable":true,"href":"https:\/\/www.eco2.ca\/fr\/wp-json\/wp\/v2\/product_brand?post=12275"},{"taxonomy":"product_cat","embeddable":true,"href":"https:\/\/www.eco2.ca\/fr\/wp-json\/wp\/v2\/product_cat?post=12275"},{"taxonomy":"product_tag","embeddable":true,"href":"https:\/\/www.eco2.ca\/fr\/wp-json\/wp\/v2\/product_tag?post=12275"}],"curies":[{"name":"wp","href":"https:\/\/api.w.org\/{rel}","templated":true}]}}