{"id":12280,"date":"2025-06-09T15:55:50","date_gmt":"2025-06-09T15:55:50","guid":{"rendered":"https:\/\/www.eco2.ca\/product\/bagasse-salad-bowls-transparent-lids\/"},"modified":"2026-01-06T13:39:21","modified_gmt":"2026-01-06T13:39:21","slug":"couvercles-transparents-pour-bols-a-salade-en-bagasse","status":"publish","type":"product","link":"https:\/\/www.eco2.ca\/fr\/product\/couvercles-transparents-pour-bols-a-salade-en-bagasse\/","title":{"rendered":"Couvercles Transparents Pour Bols A Salade (Bols En Bagasse)"},"content":{"rendered":"<h2 style=\"font-size: 1.5em;\">Couvercles Transparents Pour Bols A Salade (Bols En Bagasse)<\/h2>\n<p>Fabriqu\u00e9s pour s\u2019adapter aux <strong>bols \u00e0 salade en bagasse<\/strong>, ces <strong>couvercles compostables en PLA et PET transparent<\/strong> offrent une <strong>solution d\u2019emballage durable et \u00e9cologique<\/strong>. Leur <strong>forte r\u00e9sistance aux liquides<\/strong> garantit une utilisation sans d\u00e9g\u00e2ts, tandis que leur capacit\u00e9 \u00e0 supporter <strong>les aliments chauds et froids<\/strong> les rend parfaits pour divers besoins de service.<\/p>\n<h3 style=\"font-size: 1.3em;\">Caract\u00e9ristiques :<\/h3>\n<p>\u2705 <strong>\u00c9coresponsables &amp; compostables<\/strong>, contribuent \u00e0 la r\u00e9duction des d\u00e9chets<\/p>\n<p>\u2705 <strong>R\u00e9sistants aux liquides<\/strong>, \u00e9vitent les fuites et les d\u00e9versements<\/p>\n<p>\u2705 <strong>Adapt\u00e9s aux aliments chauds et froids<\/strong>, assurent une grande polyvalence<\/p>\n<p>Un choix <strong>fiable et respectueux de l\u2019environnement<\/strong> pour les restaurants, caf\u00e9s et services de plats \u00e0 emporter!<\/p>\n","protected":false},"excerpt":{"rendered":"<p>Couvercles compostables en PLA transparent con\u00e7us pour les bols \u00e0 salade en bagasse, offrant une r\u00e9sistance aux liquides ainsi qu\u2019aux aliments chauds et froids. Une solution durable et \u00e9cologique pour un emballage respectueux de l\u2019environnement.<\/p>\n","protected":false},"featured_media":12571,"template":"","meta":{"_eb_attr":"","_uag_custom_page_level_css":"","site-sidebar-layout":"default","site-content-layout":"","ast-site-content-layout":"default","site-content-style":"default","site-sidebar-style":"default","ast-global-header-display":"","ast-banner-title-visibility":"","ast-main-header-display":"","ast-hfb-above-header-display":"","ast-hfb-below-header-display":"","ast-hfb-mobile-header-display":"","site-post-title":"","ast-breadcrumbs-content":"","ast-featured-img":"","footer-sml-layout":"","ast-disable-related-posts":"","theme-transparent-header-meta":"default","adv-header-id-meta":"","stick-header-meta":"","header-above-stick-meta":"","header-main-stick-meta":"","header-below-stick-meta":"","astra-migrate-meta-layouts":"set","ast-page-background-enabled":"default","ast-page-background-meta":{"desktop":{"background-color":"","background-image":"","background-repeat":"repeat","background-position":"center center","background-size":"auto","background-attachment":"scroll","background-type":"","background-media":"","overlay-type":"","overlay-color":"","overlay-opacity":"","overlay-gradient":""},"tablet":{"background-color":"","background-image":"","background-repeat":"repeat","background-position":"center center","background-size":"auto","background-attachment":"scroll","background-type":"","background-media":"","overlay-type":"","overlay-color":"","overlay-opacity":"","overlay-gradient":""},"mobile":{"background-color":"","background-image":"","background-repeat":"repeat","background-position":"center center","background-size":"auto","background-attachment":"scroll","background-type":"","background-media":"","overlay-type":"","overlay-color":"","overlay-opacity":"","overlay-gradient":""}},"ast-content-background-meta":{"desktop":{"background-color":"var(--ast-global-color-5)","background-image":"","background-repeat":"repeat","background-position":"center center","background-size":"auto","background-attachment":"scroll","background-type":"","background-media":"","overlay-type":"","overlay-color":"","overlay-opacity":"","overlay-gradient":""},"tablet":{"background-color":"var(--ast-global-color-5)","background-image":"","background-repeat":"repeat","background-position":"center center","background-size":"auto","background-attachment":"scroll","background-type":"","background-media":"","overlay-type":"","overlay-color":"","overlay-opacity":"","overlay-gradient":""},"mobile":{"background-color":"var(--ast-global-color-5)","background-image":"","background-repeat":"repeat","background-position":"center center","background-size":"auto","background-attachment":"scroll","background-type":"","background-media":"","overlay-type":"","overlay-color":"","overlay-opacity":"","overlay-gradient":""}},"_selected_store_location":"","_selected_store_location_key":""},"product_brand":[],"product_cat":[190,222],"product_tag":[],"class_list":{"0":"post-12280","1":"product","2":"type-product","3":"status-publish","4":"has-post-thumbnail","6":"product_cat-bols","7":"product_cat-bols-a-salade","8":"wcmi-has-gallery","9":"desktop-align-center","10":"tablet-align-center","11":"mobile-align-center","13":"first","14":"instock","15":"shipping-taxable","16":"purchasable","17":"product-type-simple"},"yoast_head":"<!-- This site is optimized with the Yoast SEO plugin v27.2 - https:\/\/yoast.com\/product\/yoast-seo-wordpress\/ -->\n<title>Couvercles Transparents Pour Bols A Salade (Bols En Bagasse) - Eco2bureau<\/title>\n<meta name=\"description\" content=\"Crafted from Bagasse Salad Bowls Transparent PLA Lids, these compostable lids are designed to fit bagasse salad bowls, offering a sustainable and durable\" \/>\n<meta name=\"robots\" content=\"index, follow, max-snippet:-1, max-image-preview:large, max-video-preview:-1\" \/>\n<link rel=\"canonical\" href=\"https:\/\/www.eco2.ca\/fr\/product\/couvercles-transparents-pour-bols-a-salade-en-bagasse\/\" \/>\n<meta property=\"og:locale\" content=\"fr_FR\" \/>\n<meta property=\"og:type\" content=\"article\" \/>\n<meta property=\"og:title\" content=\"Couvercles Transparents Pour Bols A Salade (Bols En Bagasse) - Eco2bureau\" \/>\n<meta property=\"og:description\" content=\"Crafted from Bagasse Salad Bowls Transparent PLA Lids, these compostable lids are designed to fit bagasse salad bowls, offering a sustainable and durable\" \/>\n<meta property=\"og:url\" content=\"https:\/\/www.eco2.ca\/fr\/product\/couvercles-transparents-pour-bols-a-salade-en-bagasse\/\" \/>\n<meta property=\"og:site_name\" content=\"Eco2bureau\" \/>\n<meta property=\"article:modified_time\" content=\"2026-01-06T13:39:21+00:00\" \/>\n<meta property=\"og:image\" content=\"https:\/\/www.eco2.ca\/wp-content\/uploads\/2025\/06\/EP-SFB32-3.jpg\" \/>\n\t<meta property=\"og:image:width\" content=\"800\" \/>\n\t<meta property=\"og:image:height\" content=\"798\" \/>\n\t<meta property=\"og:image:type\" content=\"image\/jpeg\" \/>\n<meta name=\"twitter:card\" content=\"summary_large_image\" \/>\n<meta name=\"twitter:label1\" content=\"Dur\u00e9e de lecture estim\u00e9e\" \/>\n\t<meta name=\"twitter:data1\" content=\"1 minute\" \/>\n<script type=\"application\/ld+json\" class=\"yoast-schema-graph\">{\"@context\":\"https:\/\/schema.org\",\"@graph\":[{\"@type\":\"WebPage\",\"@id\":\"https:\/\/www.eco2.ca\/fr\/product\/couvercles-transparents-pour-bols-a-salade-en-bagasse\/\",\"url\":\"https:\/\/www.eco2.ca\/fr\/product\/couvercles-transparents-pour-bols-a-salade-en-bagasse\/\",\"name\":\"Couvercles Transparents Pour Bols A Salade (Bols En Bagasse) - Eco2bureau\",\"isPartOf\":{\"@id\":\"https:\/\/www.eco2.ca\/fr\/#website\"},\"primaryImageOfPage\":{\"@id\":\"https:\/\/www.eco2.ca\/fr\/product\/couvercles-transparents-pour-bols-a-salade-en-bagasse\/#primaryimage\"},\"image\":{\"@id\":\"https:\/\/www.eco2.ca\/fr\/product\/couvercles-transparents-pour-bols-a-salade-en-bagasse\/#primaryimage\"},\"thumbnailUrl\":\"https:\/\/www.eco2.ca\/wp-content\/uploads\/2025\/06\/EP-SFB32-3.jpg\",\"datePublished\":\"2025-06-09T15:55:50+00:00\",\"dateModified\":\"2026-01-06T13:39:21+00:00\",\"description\":\"Crafted from Bagasse Salad Bowls Transparent PLA Lids, these compostable lids are designed to fit bagasse salad bowls, offering a sustainable and durable\",\"breadcrumb\":{\"@id\":\"https:\/\/www.eco2.ca\/fr\/product\/couvercles-transparents-pour-bols-a-salade-en-bagasse\/#breadcrumb\"},\"inLanguage\":\"fr-FR\",\"potentialAction\":[{\"@type\":\"ReadAction\",\"target\":[\"https:\/\/www.eco2.ca\/fr\/product\/couvercles-transparents-pour-bols-a-salade-en-bagasse\/\"]}]},{\"@type\":\"ImageObject\",\"inLanguage\":\"fr-FR\",\"@id\":\"https:\/\/www.eco2.ca\/fr\/product\/couvercles-transparents-pour-bols-a-salade-en-bagasse\/#primaryimage\",\"url\":\"https:\/\/www.eco2.ca\/wp-content\/uploads\/2025\/06\/EP-SFB32-3.jpg\",\"contentUrl\":\"https:\/\/www.eco2.ca\/wp-content\/uploads\/2025\/06\/EP-SFB32-3.jpg\",\"width\":800,\"height\":798,\"caption\":\"Salad Bowls Transparent Lids (Bagasse Bowls)\"},{\"@type\":\"BreadcrumbList\",\"@id\":\"https:\/\/www.eco2.ca\/fr\/product\/couvercles-transparents-pour-bols-a-salade-en-bagasse\/#breadcrumb\",\"itemListElement\":[{\"@type\":\"ListItem\",\"position\":1,\"name\":\"Home\",\"item\":\"https:\/\/www.eco2.ca\/fr\/\"},{\"@type\":\"ListItem\",\"position\":2,\"name\":\"Boutique\",\"item\":\"https:\/\/www.eco2.ca\/fr\/boutique\/\"},{\"@type\":\"ListItem\",\"position\":3,\"name\":\"Couvercles Transparents Pour Bols A Salade (Bols En Bagasse)\"}]},{\"@type\":\"WebSite\",\"@id\":\"https:\/\/www.eco2.ca\/fr\/#website\",\"url\":\"https:\/\/www.eco2.ca\/fr\/\",\"name\":\"Eco2bureau\",\"description\":\"\",\"publisher\":{\"@id\":\"https:\/\/www.eco2.ca\/fr\/#organization\"},\"potentialAction\":[{\"@type\":\"SearchAction\",\"target\":{\"@type\":\"EntryPoint\",\"urlTemplate\":\"https:\/\/www.eco2.ca\/fr\/?s={search_term_string}\"},\"query-input\":{\"@type\":\"PropertyValueSpecification\",\"valueRequired\":true,\"valueName\":\"search_term_string\"}}],\"inLanguage\":\"fr-FR\"},{\"@type\":\"Organization\",\"@id\":\"https:\/\/www.eco2.ca\/fr\/#organization\",\"name\":\"Eco2bureau\",\"url\":\"https:\/\/www.eco2.ca\/fr\/\",\"logo\":{\"@type\":\"ImageObject\",\"inLanguage\":\"fr-FR\",\"@id\":\"https:\/\/www.eco2.ca\/fr\/#\/schema\/logo\/image\/\",\"url\":\"https:\/\/www.eco2.ca\/wp-content\/uploads\/2025\/04\/cropped-cropped-Add-a-subheading-3.png\",\"contentUrl\":\"https:\/\/www.eco2.ca\/wp-content\/uploads\/2025\/04\/cropped-cropped-Add-a-subheading-3.png\",\"width\":469,\"height\":109,\"caption\":\"Eco2bureau\"},\"image\":{\"@id\":\"https:\/\/www.eco2.ca\/fr\/#\/schema\/logo\/image\/\"}}]}<\/script>\n<!-- \/ Yoast SEO plugin. -->","yoast_head_json":{"title":"Couvercles Transparents Pour Bols A Salade (Bols En Bagasse) - Eco2bureau","description":"Crafted from Bagasse Salad Bowls Transparent PLA Lids, these compostable lids are designed to fit bagasse salad bowls, offering a sustainable and durable","robots":{"index":"index","follow":"follow","max-snippet":"max-snippet:-1","max-image-preview":"max-image-preview:large","max-video-preview":"max-video-preview:-1"},"canonical":"https:\/\/www.eco2.ca\/fr\/product\/couvercles-transparents-pour-bols-a-salade-en-bagasse\/","og_locale":"fr_FR","og_type":"article","og_title":"Couvercles Transparents Pour Bols A Salade (Bols En Bagasse) - Eco2bureau","og_description":"Crafted from Bagasse Salad Bowls Transparent PLA Lids, these compostable lids are designed to fit bagasse salad bowls, offering a sustainable and durable","og_url":"https:\/\/www.eco2.ca\/fr\/product\/couvercles-transparents-pour-bols-a-salade-en-bagasse\/","og_site_name":"Eco2bureau","article_modified_time":"2026-01-06T13:39:21+00:00","og_image":[{"width":800,"height":798,"url":"https:\/\/www.eco2.ca\/wp-content\/uploads\/2025\/06\/EP-SFB32-3.jpg","type":"image\/jpeg"}],"twitter_card":"summary_large_image","twitter_misc":{"Dur\u00e9e de lecture estim\u00e9e":"1 minute"},"schema":{"@context":"https:\/\/schema.org","@graph":[{"@type":"WebPage","@id":"https:\/\/www.eco2.ca\/fr\/product\/couvercles-transparents-pour-bols-a-salade-en-bagasse\/","url":"https:\/\/www.eco2.ca\/fr\/product\/couvercles-transparents-pour-bols-a-salade-en-bagasse\/","name":"Couvercles Transparents Pour Bols A Salade (Bols En Bagasse) - Eco2bureau","isPartOf":{"@id":"https:\/\/www.eco2.ca\/fr\/#website"},"primaryImageOfPage":{"@id":"https:\/\/www.eco2.ca\/fr\/product\/couvercles-transparents-pour-bols-a-salade-en-bagasse\/#primaryimage"},"image":{"@id":"https:\/\/www.eco2.ca\/fr\/product\/couvercles-transparents-pour-bols-a-salade-en-bagasse\/#primaryimage"},"thumbnailUrl":"https:\/\/www.eco2.ca\/wp-content\/uploads\/2025\/06\/EP-SFB32-3.jpg","datePublished":"2025-06-09T15:55:50+00:00","dateModified":"2026-01-06T13:39:21+00:00","description":"Crafted from Bagasse Salad Bowls Transparent PLA Lids, these compostable lids are designed to fit bagasse salad bowls, offering a sustainable and durable","breadcrumb":{"@id":"https:\/\/www.eco2.ca\/fr\/product\/couvercles-transparents-pour-bols-a-salade-en-bagasse\/#breadcrumb"},"inLanguage":"fr-FR","potentialAction":[{"@type":"ReadAction","target":["https:\/\/www.eco2.ca\/fr\/product\/couvercles-transparents-pour-bols-a-salade-en-bagasse\/"]}]},{"@type":"ImageObject","inLanguage":"fr-FR","@id":"https:\/\/www.eco2.ca\/fr\/product\/couvercles-transparents-pour-bols-a-salade-en-bagasse\/#primaryimage","url":"https:\/\/www.eco2.ca\/wp-content\/uploads\/2025\/06\/EP-SFB32-3.jpg","contentUrl":"https:\/\/www.eco2.ca\/wp-content\/uploads\/2025\/06\/EP-SFB32-3.jpg","width":800,"height":798,"caption":"Salad Bowls Transparent Lids (Bagasse Bowls)"},{"@type":"BreadcrumbList","@id":"https:\/\/www.eco2.ca\/fr\/product\/couvercles-transparents-pour-bols-a-salade-en-bagasse\/#breadcrumb","itemListElement":[{"@type":"ListItem","position":1,"name":"Home","item":"https:\/\/www.eco2.ca\/fr\/"},{"@type":"ListItem","position":2,"name":"Boutique","item":"https:\/\/www.eco2.ca\/fr\/boutique\/"},{"@type":"ListItem","position":3,"name":"Couvercles Transparents Pour Bols A Salade (Bols En Bagasse)"}]},{"@type":"WebSite","@id":"https:\/\/www.eco2.ca\/fr\/#website","url":"https:\/\/www.eco2.ca\/fr\/","name":"Eco2bureau","description":"","publisher":{"@id":"https:\/\/www.eco2.ca\/fr\/#organization"},"potentialAction":[{"@type":"SearchAction","target":{"@type":"EntryPoint","urlTemplate":"https:\/\/www.eco2.ca\/fr\/?s={search_term_string}"},"query-input":{"@type":"PropertyValueSpecification","valueRequired":true,"valueName":"search_term_string"}}],"inLanguage":"fr-FR"},{"@type":"Organization","@id":"https:\/\/www.eco2.ca\/fr\/#organization","name":"Eco2bureau","url":"https:\/\/www.eco2.ca\/fr\/","logo":{"@type":"ImageObject","inLanguage":"fr-FR","@id":"https:\/\/www.eco2.ca\/fr\/#\/schema\/logo\/image\/","url":"https:\/\/www.eco2.ca\/wp-content\/uploads\/2025\/04\/cropped-cropped-Add-a-subheading-3.png","contentUrl":"https:\/\/www.eco2.ca\/wp-content\/uploads\/2025\/04\/cropped-cropped-Add-a-subheading-3.png","width":469,"height":109,"caption":"Eco2bureau"},"image":{"@id":"https:\/\/www.eco2.ca\/fr\/#\/schema\/logo\/image\/"}}]}},"uagb_featured_image_src":{"full":["https:\/\/www.eco2.ca\/wp-content\/uploads\/2025\/06\/EP-SFB32-3.jpg",800,798,false],"thumbnail":["https:\/\/www.eco2.ca\/wp-content\/uploads\/2025\/06\/EP-SFB32-3-150x150.jpg",150,150,true],"medium":["https:\/\/www.eco2.ca\/wp-content\/uploads\/2025\/06\/EP-SFB32-3-300x300.jpg",300,300,true],"medium_large":["https:\/\/www.eco2.ca\/wp-content\/uploads\/2025\/06\/EP-SFB32-3-768x766.jpg",768,766,true],"large":["https:\/\/www.eco2.ca\/wp-content\/uploads\/2025\/06\/EP-SFB32-3.jpg",800,798,false],"1536x1536":["https:\/\/www.eco2.ca\/wp-content\/uploads\/2025\/06\/EP-SFB32-3.jpg",800,798,false],"2048x2048":["https:\/\/www.eco2.ca\/wp-content\/uploads\/2025\/06\/EP-SFB32-3.jpg",800,798,false],"wishsuite-image":["https:\/\/www.eco2.ca\/wp-content\/uploads\/2025\/06\/EP-SFB32-3.jpg",80,80,false],"woocommerce_thumbnail":["https:\/\/www.eco2.ca\/wp-content\/uploads\/2025\/06\/EP-SFB32-3-300x300.jpg",300,300,true],"woocommerce_single":["https:\/\/www.eco2.ca\/wp-content\/uploads\/2025\/06\/EP-SFB32-3-600x599.jpg",600,599,true],"woocommerce_gallery_thumbnail":["https:\/\/www.eco2.ca\/wp-content\/uploads\/2025\/06\/EP-SFB32-3-100x100.jpg",100,100,true]},"uagb_author_info":{"display_name":"Mary ..","author_link":"https:\/\/www.eco2.ca\/fr\/author\/"},"uagb_comment_info":0,"uagb_excerpt":"Couvercles compostables en PLA transparent con\u00e7us pour les bols \u00e0 salade en bagasse, offrant une r\u00e9sistance aux liquides ainsi qu\u2019aux aliments chauds et froids. Une solution durable et \u00e9cologique pour un emballage respectueux de l\u2019environnement.","_links":{"self":[{"href":"https:\/\/www.eco2.ca\/fr\/wp-json\/wp\/v2\/product\/12280","targetHints":{"allow":["GET"]}}],"collection":[{"href":"https:\/\/www.eco2.ca\/fr\/wp-json\/wp\/v2\/product"}],"about":[{"href":"https:\/\/www.eco2.ca\/fr\/wp-json\/wp\/v2\/types\/product"}],"wp:featuredmedia":[{"embeddable":true,"href":"https:\/\/www.eco2.ca\/fr\/wp-json\/wp\/v2\/media\/12571"}],"wp:attachment":[{"href":"https:\/\/www.eco2.ca\/fr\/wp-json\/wp\/v2\/media?parent=12280"}],"wp:term":[{"taxonomy":"product_brand","embeddable":true,"href":"https:\/\/www.eco2.ca\/fr\/wp-json\/wp\/v2\/product_brand?post=12280"},{"taxonomy":"product_cat","embeddable":true,"href":"https:\/\/www.eco2.ca\/fr\/wp-json\/wp\/v2\/product_cat?post=12280"},{"taxonomy":"product_tag","embeddable":true,"href":"https:\/\/www.eco2.ca\/fr\/wp-json\/wp\/v2\/product_tag?post=12280"}],"curies":[{"name":"wp","href":"https:\/\/api.w.org\/{rel}","templated":true}]}}