{"id":12298,"date":"2025-06-03T16:32:53","date_gmt":"2025-06-03T16:32:53","guid":{"rendered":"https:\/\/www.eco2.ca\/product\/compostable-cups-for-coffee\/"},"modified":"2025-11-24T15:14:54","modified_gmt":"2025-11-24T15:14:54","slug":"gobelets-a-cafe-gobelets-blancs-en-fibre-de-bois-revetement-pla","status":"publish","type":"product","link":"https:\/\/www.eco2.ca\/fr\/product\/gobelets-a-cafe-gobelets-blancs-en-fibre-de-bois-revetement-pla\/","title":{"rendered":"Gobelets \u00e0 Caf\u00e9 \u2013 Gobelets Blancs En Fibre De Bois (Rev\u00eatement PLA)"},"content":{"rendered":"<h2 style=\"font-size: 1.3em;\"><strong>Gobelets Blancs En Fibre De Bois (Rev\u00eatement PLA): conservant la chaleur et confortables<\/strong><\/h2>\n<p>Am\u00e9liorez votre service de boissons avec nos gobelets en papier (rev\u00eatement PLA), con\u00e7us pour retenir la chaleur tout en prot\u00e9geant les mains. Ce gobelet \u00e9cologique garde les boissons chaudes plus longtemps tout en \u00e9vitant l\u2019inconfort li\u00e9 \u00e0 la chaleur.<\/p>\n<h3 style=\"font-size: 1.2em;\"><strong>Durables, Conservant La Chaleur Et Confortables<\/strong><\/h3>\n<ul>\n<li><strong>Mat\u00e9riau :<\/strong> Fibre de bois avec rev\u00eatement PLA<\/li>\n<li><strong>Tailles disponibles:<\/strong> 8 oz, 10 oz, 12 oz, 16 oz<\/li>\n<li><strong>Quantit\u00e9 par caisse:<\/strong> 1 000 unit\u00e9s<\/li>\n<li><strong>Certifications:<\/strong> ASTM D6400, Certifi\u00e9 BPI<\/li>\n<li><strong>Statut \u00e0 Montr\u00e9al:<\/strong> \u2705 Utilisation permise<\/li>\n<\/ul>\n","protected":false},"excerpt":{"rendered":"<p><strong>Mat\u00e9riau:<\/strong> Fibre de bois avec rev\u00eatement PLA<br \/>\n<strong>Tailles disponibles:<\/strong> 8 oz, 10 oz, 12 oz, 16 oz<br \/>\n<strong>Quantit\u00e9 par caisse:<\/strong> 1 000 unit\u00e9s<br \/>\n<strong>Certifications:<\/strong> ASTM D6400, Certifi\u00e9 BPI<br \/>\n<strong>Statut \u00e0 Montr\u00e9al:<\/strong> \u2705 Utilisation permise<br \/>\n<em style=\"font-size: 1.0em;\"><a href=\"https:\/\/www.eco2.ca\/fr\/solution-dimpression-personnalisee\/\" target=\"_blank\" rel=\"https:\/\/www.eco2.ca\/custom-printing-solution\/ noopener\"><img decoding=\"async\" class=\"alignnone wp-image-12241\" src=\"https:\/\/www.eco2.ca\/wp-content\/uploads\/2025\/06\/Custom-printing-available-300x300.png\" alt=\"custom printing coffee cup\" width=\"93\" height=\"93\" srcset=\"https:\/\/www.eco2.ca\/wp-content\/uploads\/2025\/06\/Custom-printing-available-300x300.png 300w, https:\/\/www.eco2.ca\/wp-content\/uploads\/2025\/06\/Custom-printing-available-1024x1024.png 1024w, https:\/\/www.eco2.ca\/wp-content\/uploads\/2025\/06\/Custom-printing-available-150x150.png 150w, https:\/\/www.eco2.ca\/wp-content\/uploads\/2025\/06\/Custom-printing-available-768x768.png 768w, https:\/\/www.eco2.ca\/wp-content\/uploads\/2025\/06\/Custom-printing-available-600x600.png 600w, https:\/\/www.eco2.ca\/wp-content\/uploads\/2025\/06\/Custom-printing-available-100x100.png 100w, https:\/\/www.eco2.ca\/wp-content\/uploads\/2025\/06\/Custom-printing-available.png 1181w\" sizes=\"(max-width: 93px) 100vw, 93px\" \/>Impression personnalis\u00e9e disponible<\/a><\/em><\/p>\n","protected":false},"featured_media":7288,"template":"","meta":{"_eb_attr":"","_uag_custom_page_level_css":"","site-sidebar-layout":"default","site-content-layout":"","ast-site-content-layout":"default","site-content-style":"default","site-sidebar-style":"default","ast-global-header-display":"","ast-banner-title-visibility":"","ast-main-header-display":"","ast-hfb-above-header-display":"","ast-hfb-below-header-display":"","ast-hfb-mobile-header-display":"","site-post-title":"","ast-breadcrumbs-content":"","ast-featured-img":"","footer-sml-layout":"","ast-disable-related-posts":"","theme-transparent-header-meta":"default","adv-header-id-meta":"","stick-header-meta":"","header-above-stick-meta":"","header-main-stick-meta":"","header-below-stick-meta":"","astra-migrate-meta-layouts":"set","ast-page-background-enabled":"default","ast-page-background-meta":{"desktop":{"background-color":"","background-image":"","background-repeat":"repeat","background-position":"center center","background-size":"auto","background-attachment":"scroll","background-type":"","background-media":"","overlay-type":"","overlay-color":"","overlay-opacity":"","overlay-gradient":""},"tablet":{"background-color":"","background-image":"","background-repeat":"repeat","background-position":"center center","background-size":"auto","background-attachment":"scroll","background-type":"","background-media":"","overlay-type":"","overlay-color":"","overlay-opacity":"","overlay-gradient":""},"mobile":{"background-color":"","background-image":"","background-repeat":"repeat","background-position":"center center","background-size":"auto","background-attachment":"scroll","background-type":"","background-media":"","overlay-type":"","overlay-color":"","overlay-opacity":"","overlay-gradient":""}},"ast-content-background-meta":{"desktop":{"background-color":"var(--ast-global-color-5)","background-image":"","background-repeat":"repeat","background-position":"center center","background-size":"auto","background-attachment":"scroll","background-type":"","background-media":"","overlay-type":"","overlay-color":"","overlay-opacity":"","overlay-gradient":""},"tablet":{"background-color":"var(--ast-global-color-5)","background-image":"","background-repeat":"repeat","background-position":"center center","background-size":"auto","background-attachment":"scroll","background-type":"","background-media":"","overlay-type":"","overlay-color":"","overlay-opacity":"","overlay-gradient":""},"mobile":{"background-color":"var(--ast-global-color-5)","background-image":"","background-repeat":"repeat","background-position":"center center","background-size":"auto","background-attachment":"scroll","background-type":"","background-media":"","overlay-type":"","overlay-color":"","overlay-opacity":"","overlay-gradient":""}},"_selected_store_location":"","_selected_store_location_key":""},"product_brand":[],"product_cat":[204,189],"product_tag":[],"class_list":{"0":"post-12298","1":"product","2":"type-product","3":"status-publish","4":"has-post-thumbnail","6":"product_cat-tasses-a-cafe","7":"product_cat-tasses-et-accessoires","8":"desktop-align-center","9":"tablet-align-center","10":"mobile-align-center","12":"first","13":"instock","14":"shipping-taxable","15":"purchasable","16":"product-type-simple"},"yoast_head":"<!-- This site is optimized with the Yoast SEO plugin v27.5 - https:\/\/yoast.com\/product\/yoast-seo-wordpress\/ -->\n<title>Gobelets \u00e0 Caf\u00e9 \u2013 Gobelets Blancs En Fibre De Bois (Rev\u00eatement PLA) - Eco2bureau<\/title>\n<meta name=\"description\" content=\"Upgrade your beverage service with our compostable insulated cup, designed to provide both heat retention and hand protection.\" \/>\n<meta name=\"robots\" content=\"index, follow, max-snippet:-1, max-image-preview:large, max-video-preview:-1\" \/>\n<link rel=\"canonical\" href=\"https:\/\/www.eco2.ca\/fr\/product\/gobelets-a-cafe-gobelets-blancs-en-fibre-de-bois-revetement-pla\/\" \/>\n<meta property=\"og:locale\" content=\"fr_FR\" \/>\n<meta property=\"og:type\" content=\"article\" \/>\n<meta property=\"og:title\" content=\"Gobelets \u00e0 Caf\u00e9 \u2013 Gobelets Blancs En Fibre De Bois (Rev\u00eatement PLA) - Eco2bureau\" \/>\n<meta property=\"og:description\" content=\"Upgrade your beverage service with our compostable insulated cup, designed to provide both heat retention and hand protection.\" \/>\n<meta property=\"og:url\" content=\"https:\/\/www.eco2.ca\/fr\/product\/gobelets-a-cafe-gobelets-blancs-en-fibre-de-bois-revetement-pla\/\" \/>\n<meta property=\"og:site_name\" content=\"Eco2bureau\" \/>\n<meta property=\"article:modified_time\" content=\"2025-11-24T15:14:54+00:00\" \/>\n<meta property=\"og:image\" content=\"https:\/\/www.eco2.ca\/wp-content\/uploads\/2025\/02\/EP-BHPC10W.jpg\" \/>\n\t<meta property=\"og:image:width\" content=\"800\" \/>\n\t<meta property=\"og:image:height\" content=\"800\" \/>\n\t<meta property=\"og:image:type\" content=\"image\/jpeg\" \/>\n<meta name=\"twitter:card\" content=\"summary_large_image\" \/>\n<meta name=\"twitter:label1\" content=\"Dur\u00e9e de lecture estim\u00e9e\" \/>\n\t<meta name=\"twitter:data1\" content=\"1 minute\" \/>\n<script type=\"application\/ld+json\" class=\"yoast-schema-graph\">{\"@context\":\"https:\\\/\\\/schema.org\",\"@graph\":[{\"@type\":\"WebPage\",\"@id\":\"https:\\\/\\\/www.eco2.ca\\\/fr\\\/product\\\/gobelets-a-cafe-gobelets-blancs-en-fibre-de-bois-revetement-pla\\\/\",\"url\":\"https:\\\/\\\/www.eco2.ca\\\/fr\\\/product\\\/gobelets-a-cafe-gobelets-blancs-en-fibre-de-bois-revetement-pla\\\/\",\"name\":\"Gobelets \u00e0 Caf\u00e9 \u2013 Gobelets Blancs En Fibre De Bois (Rev\u00eatement PLA) - Eco2bureau\",\"isPartOf\":{\"@id\":\"https:\\\/\\\/www.eco2.ca\\\/fr\\\/#website\"},\"primaryImageOfPage\":{\"@id\":\"https:\\\/\\\/www.eco2.ca\\\/fr\\\/product\\\/gobelets-a-cafe-gobelets-blancs-en-fibre-de-bois-revetement-pla\\\/#primaryimage\"},\"image\":{\"@id\":\"https:\\\/\\\/www.eco2.ca\\\/fr\\\/product\\\/gobelets-a-cafe-gobelets-blancs-en-fibre-de-bois-revetement-pla\\\/#primaryimage\"},\"thumbnailUrl\":\"https:\\\/\\\/www.eco2.ca\\\/wp-content\\\/uploads\\\/2025\\\/02\\\/EP-BHPC10W.jpg\",\"datePublished\":\"2025-06-03T16:32:53+00:00\",\"dateModified\":\"2025-11-24T15:14:54+00:00\",\"description\":\"Upgrade your beverage service with our compostable insulated cup, designed to provide both heat retention and hand protection.\",\"breadcrumb\":{\"@id\":\"https:\\\/\\\/www.eco2.ca\\\/fr\\\/product\\\/gobelets-a-cafe-gobelets-blancs-en-fibre-de-bois-revetement-pla\\\/#breadcrumb\"},\"inLanguage\":\"fr-FR\",\"potentialAction\":[{\"@type\":\"ReadAction\",\"target\":[\"https:\\\/\\\/www.eco2.ca\\\/fr\\\/product\\\/gobelets-a-cafe-gobelets-blancs-en-fibre-de-bois-revetement-pla\\\/\"]}]},{\"@type\":\"ImageObject\",\"inLanguage\":\"fr-FR\",\"@id\":\"https:\\\/\\\/www.eco2.ca\\\/fr\\\/product\\\/gobelets-a-cafe-gobelets-blancs-en-fibre-de-bois-revetement-pla\\\/#primaryimage\",\"url\":\"https:\\\/\\\/www.eco2.ca\\\/wp-content\\\/uploads\\\/2025\\\/02\\\/EP-BHPC10W.jpg\",\"contentUrl\":\"https:\\\/\\\/www.eco2.ca\\\/wp-content\\\/uploads\\\/2025\\\/02\\\/EP-BHPC10W.jpg\",\"width\":800,\"height\":800,\"caption\":\"Paper Hot Cup\"},{\"@type\":\"BreadcrumbList\",\"@id\":\"https:\\\/\\\/www.eco2.ca\\\/fr\\\/product\\\/gobelets-a-cafe-gobelets-blancs-en-fibre-de-bois-revetement-pla\\\/#breadcrumb\",\"itemListElement\":[{\"@type\":\"ListItem\",\"position\":1,\"name\":\"Home\",\"item\":\"https:\\\/\\\/www.eco2.ca\\\/fr\\\/\"},{\"@type\":\"ListItem\",\"position\":2,\"name\":\"Boutique\",\"item\":\"https:\\\/\\\/www.eco2.ca\\\/fr\\\/boutique\\\/\"},{\"@type\":\"ListItem\",\"position\":3,\"name\":\"Gobelets \u00e0 Caf\u00e9 \u2013 Gobelets Blancs En Fibre De Bois (Rev\u00eatement PLA)\"}]},{\"@type\":\"WebSite\",\"@id\":\"https:\\\/\\\/www.eco2.ca\\\/fr\\\/#website\",\"url\":\"https:\\\/\\\/www.eco2.ca\\\/fr\\\/\",\"name\":\"Eco2bureau\",\"description\":\"\",\"publisher\":{\"@id\":\"https:\\\/\\\/www.eco2.ca\\\/fr\\\/#organization\"},\"potentialAction\":[{\"@type\":\"SearchAction\",\"target\":{\"@type\":\"EntryPoint\",\"urlTemplate\":\"https:\\\/\\\/www.eco2.ca\\\/fr\\\/?s={search_term_string}\"},\"query-input\":{\"@type\":\"PropertyValueSpecification\",\"valueRequired\":true,\"valueName\":\"search_term_string\"}}],\"inLanguage\":\"fr-FR\"},{\"@type\":\"Organization\",\"@id\":\"https:\\\/\\\/www.eco2.ca\\\/fr\\\/#organization\",\"name\":\"Eco2bureau\",\"url\":\"https:\\\/\\\/www.eco2.ca\\\/fr\\\/\",\"logo\":{\"@type\":\"ImageObject\",\"inLanguage\":\"fr-FR\",\"@id\":\"https:\\\/\\\/www.eco2.ca\\\/fr\\\/#\\\/schema\\\/logo\\\/image\\\/\",\"url\":\"https:\\\/\\\/www.eco2.ca\\\/wp-content\\\/uploads\\\/2025\\\/04\\\/cropped-cropped-Add-a-subheading-3.png\",\"contentUrl\":\"https:\\\/\\\/www.eco2.ca\\\/wp-content\\\/uploads\\\/2025\\\/04\\\/cropped-cropped-Add-a-subheading-3.png\",\"width\":469,\"height\":109,\"caption\":\"Eco2bureau\"},\"image\":{\"@id\":\"https:\\\/\\\/www.eco2.ca\\\/fr\\\/#\\\/schema\\\/logo\\\/image\\\/\"}}]}<\/script>\n<!-- \/ Yoast SEO plugin. -->","yoast_head_json":{"title":"Gobelets \u00e0 Caf\u00e9 \u2013 Gobelets Blancs En Fibre De Bois (Rev\u00eatement PLA) - Eco2bureau","description":"Upgrade your beverage service with our compostable insulated cup, designed to provide both heat retention and hand protection.","robots":{"index":"index","follow":"follow","max-snippet":"max-snippet:-1","max-image-preview":"max-image-preview:large","max-video-preview":"max-video-preview:-1"},"canonical":"https:\/\/www.eco2.ca\/fr\/product\/gobelets-a-cafe-gobelets-blancs-en-fibre-de-bois-revetement-pla\/","og_locale":"fr_FR","og_type":"article","og_title":"Gobelets \u00e0 Caf\u00e9 \u2013 Gobelets Blancs En Fibre De Bois (Rev\u00eatement PLA) - Eco2bureau","og_description":"Upgrade your beverage service with our compostable insulated cup, designed to provide both heat retention and hand protection.","og_url":"https:\/\/www.eco2.ca\/fr\/product\/gobelets-a-cafe-gobelets-blancs-en-fibre-de-bois-revetement-pla\/","og_site_name":"Eco2bureau","article_modified_time":"2025-11-24T15:14:54+00:00","og_image":[{"width":800,"height":800,"url":"https:\/\/www.eco2.ca\/wp-content\/uploads\/2025\/02\/EP-BHPC10W.jpg","type":"image\/jpeg"}],"twitter_card":"summary_large_image","twitter_misc":{"Dur\u00e9e de lecture estim\u00e9e":"1 minute"},"schema":{"@context":"https:\/\/schema.org","@graph":[{"@type":"WebPage","@id":"https:\/\/www.eco2.ca\/fr\/product\/gobelets-a-cafe-gobelets-blancs-en-fibre-de-bois-revetement-pla\/","url":"https:\/\/www.eco2.ca\/fr\/product\/gobelets-a-cafe-gobelets-blancs-en-fibre-de-bois-revetement-pla\/","name":"Gobelets \u00e0 Caf\u00e9 \u2013 Gobelets Blancs En Fibre De Bois (Rev\u00eatement PLA) - Eco2bureau","isPartOf":{"@id":"https:\/\/www.eco2.ca\/fr\/#website"},"primaryImageOfPage":{"@id":"https:\/\/www.eco2.ca\/fr\/product\/gobelets-a-cafe-gobelets-blancs-en-fibre-de-bois-revetement-pla\/#primaryimage"},"image":{"@id":"https:\/\/www.eco2.ca\/fr\/product\/gobelets-a-cafe-gobelets-blancs-en-fibre-de-bois-revetement-pla\/#primaryimage"},"thumbnailUrl":"https:\/\/www.eco2.ca\/wp-content\/uploads\/2025\/02\/EP-BHPC10W.jpg","datePublished":"2025-06-03T16:32:53+00:00","dateModified":"2025-11-24T15:14:54+00:00","description":"Upgrade your beverage service with our compostable insulated cup, designed to provide both heat retention and hand protection.","breadcrumb":{"@id":"https:\/\/www.eco2.ca\/fr\/product\/gobelets-a-cafe-gobelets-blancs-en-fibre-de-bois-revetement-pla\/#breadcrumb"},"inLanguage":"fr-FR","potentialAction":[{"@type":"ReadAction","target":["https:\/\/www.eco2.ca\/fr\/product\/gobelets-a-cafe-gobelets-blancs-en-fibre-de-bois-revetement-pla\/"]}]},{"@type":"ImageObject","inLanguage":"fr-FR","@id":"https:\/\/www.eco2.ca\/fr\/product\/gobelets-a-cafe-gobelets-blancs-en-fibre-de-bois-revetement-pla\/#primaryimage","url":"https:\/\/www.eco2.ca\/wp-content\/uploads\/2025\/02\/EP-BHPC10W.jpg","contentUrl":"https:\/\/www.eco2.ca\/wp-content\/uploads\/2025\/02\/EP-BHPC10W.jpg","width":800,"height":800,"caption":"Paper Hot Cup"},{"@type":"BreadcrumbList","@id":"https:\/\/www.eco2.ca\/fr\/product\/gobelets-a-cafe-gobelets-blancs-en-fibre-de-bois-revetement-pla\/#breadcrumb","itemListElement":[{"@type":"ListItem","position":1,"name":"Home","item":"https:\/\/www.eco2.ca\/fr\/"},{"@type":"ListItem","position":2,"name":"Boutique","item":"https:\/\/www.eco2.ca\/fr\/boutique\/"},{"@type":"ListItem","position":3,"name":"Gobelets \u00e0 Caf\u00e9 \u2013 Gobelets Blancs En Fibre De Bois (Rev\u00eatement PLA)"}]},{"@type":"WebSite","@id":"https:\/\/www.eco2.ca\/fr\/#website","url":"https:\/\/www.eco2.ca\/fr\/","name":"Eco2bureau","description":"","publisher":{"@id":"https:\/\/www.eco2.ca\/fr\/#organization"},"potentialAction":[{"@type":"SearchAction","target":{"@type":"EntryPoint","urlTemplate":"https:\/\/www.eco2.ca\/fr\/?s={search_term_string}"},"query-input":{"@type":"PropertyValueSpecification","valueRequired":true,"valueName":"search_term_string"}}],"inLanguage":"fr-FR"},{"@type":"Organization","@id":"https:\/\/www.eco2.ca\/fr\/#organization","name":"Eco2bureau","url":"https:\/\/www.eco2.ca\/fr\/","logo":{"@type":"ImageObject","inLanguage":"fr-FR","@id":"https:\/\/www.eco2.ca\/fr\/#\/schema\/logo\/image\/","url":"https:\/\/www.eco2.ca\/wp-content\/uploads\/2025\/04\/cropped-cropped-Add-a-subheading-3.png","contentUrl":"https:\/\/www.eco2.ca\/wp-content\/uploads\/2025\/04\/cropped-cropped-Add-a-subheading-3.png","width":469,"height":109,"caption":"Eco2bureau"},"image":{"@id":"https:\/\/www.eco2.ca\/fr\/#\/schema\/logo\/image\/"}}]}},"uagb_featured_image_src":{"full":["https:\/\/www.eco2.ca\/wp-content\/uploads\/2025\/02\/EP-BHPC10W.jpg",800,800,false],"thumbnail":["https:\/\/www.eco2.ca\/wp-content\/uploads\/2025\/02\/EP-BHPC10W-150x150.jpg",150,150,true],"medium":["https:\/\/www.eco2.ca\/wp-content\/uploads\/2025\/02\/EP-BHPC10W-300x300.jpg",300,300,true],"medium_large":["https:\/\/www.eco2.ca\/wp-content\/uploads\/2025\/02\/EP-BHPC10W-768x768.jpg",768,768,true],"large":["https:\/\/www.eco2.ca\/wp-content\/uploads\/2025\/02\/EP-BHPC10W.jpg",800,800,false],"1536x1536":["https:\/\/www.eco2.ca\/wp-content\/uploads\/2025\/02\/EP-BHPC10W.jpg",800,800,false],"2048x2048":["https:\/\/www.eco2.ca\/wp-content\/uploads\/2025\/02\/EP-BHPC10W.jpg",800,800,false],"wishsuite-image":["https:\/\/www.eco2.ca\/wp-content\/uploads\/2025\/02\/EP-BHPC10W.jpg",80,80,false],"woocommerce_thumbnail":["https:\/\/www.eco2.ca\/wp-content\/uploads\/2025\/02\/EP-BHPC10W-300x300.jpg",300,300,true],"woocommerce_single":["https:\/\/www.eco2.ca\/wp-content\/uploads\/2025\/02\/EP-BHPC10W-600x600.jpg",600,600,true],"woocommerce_gallery_thumbnail":["https:\/\/www.eco2.ca\/wp-content\/uploads\/2025\/02\/EP-BHPC10W-100x100.jpg",100,100,true]},"uagb_author_info":{"display_name":"Mary ..","author_link":"https:\/\/www.eco2.ca\/fr\/author\/"},"uagb_comment_info":0,"uagb_excerpt":"Mat\u00e9riau: Fibre de bois avec rev\u00eatement PLA Tailles disponibles: 8 oz, 10 oz, 12 oz, 16 oz Quantit\u00e9 par caisse: 1 000 unit\u00e9s Certifications: ASTM D6400, Certifi\u00e9 BPI Statut \u00e0 Montr\u00e9al: \u2705 Utilisation permise Impression personnalis\u00e9e disponible","_links":{"self":[{"href":"https:\/\/www.eco2.ca\/fr\/wp-json\/wp\/v2\/product\/12298","targetHints":{"allow":["GET"]}}],"collection":[{"href":"https:\/\/www.eco2.ca\/fr\/wp-json\/wp\/v2\/product"}],"about":[{"href":"https:\/\/www.eco2.ca\/fr\/wp-json\/wp\/v2\/types\/product"}],"wp:featuredmedia":[{"embeddable":true,"href":"https:\/\/www.eco2.ca\/fr\/wp-json\/wp\/v2\/media\/7288"}],"wp:attachment":[{"href":"https:\/\/www.eco2.ca\/fr\/wp-json\/wp\/v2\/media?parent=12298"}],"wp:term":[{"taxonomy":"product_brand","embeddable":true,"href":"https:\/\/www.eco2.ca\/fr\/wp-json\/wp\/v2\/product_brand?post=12298"},{"taxonomy":"product_cat","embeddable":true,"href":"https:\/\/www.eco2.ca\/fr\/wp-json\/wp\/v2\/product_cat?post=12298"},{"taxonomy":"product_tag","embeddable":true,"href":"https:\/\/www.eco2.ca\/fr\/wp-json\/wp\/v2\/product_tag?post=12298"}],"curies":[{"name":"wp","href":"https:\/\/api.w.org\/{rel}","templated":true}]}}