{"id":12315,"date":"2025-06-11T21:13:00","date_gmt":"2025-06-11T21:13:00","guid":{"rendered":"https:\/\/www.eco2.ca\/product\/bamboo-round-meal-bowls-with-graphics\/"},"modified":"2026-01-06T14:26:22","modified_gmt":"2026-01-06T14:26:22","slug":"bols-repas-ronds-en-bambou-avec-graphiques","status":"publish","type":"product","link":"https:\/\/www.eco2.ca\/fr\/product\/bols-repas-ronds-en-bambou-avec-graphiques\/","title":{"rendered":"Bols Repas Ronds En Bambou Avec Graphiques"},"content":{"rendered":"<h2 style=\"font-size: 1.4em;\">Bols Repas Ronds en Bambou Compostables \u2013 Durables &amp; Polyvalents<\/h2>\n<p>Fabriqu\u00e9s \u00e0 partir de <strong>fibre de bambou durable<\/strong> et rev\u00eatus de aqueous\u00a0ces bols offrent une <strong>solution \u00e9cologique<\/strong> pour servir une vari\u00e9t\u00e9 de repas. Disponibles en <strong>diff\u00e9rentes tailles<\/strong>, ils s\u2019adaptent \u00e0 divers besoins de portionnement.<\/p>\n<h3 style=\"font-size: 1.3em;\">Caract\u00e9ristiques :<\/h3>\n<p>\u2705 <strong>Rev\u00eatement en aqueous pour la r\u00e9sistance \u00e0 l\u2019humidit\u00e9<\/strong>, emp\u00eachant le ramollissement<\/p>\n<p>\u2705 <strong>Id\u00e9al pour les salades, m\u00e9langes de collations, micropousses, et plus encore<\/strong><\/p>\n<p>\u2705 <strong>100 % compostables &amp; biod\u00e9gradables<\/strong>, soutenant la durabilit\u00e9<\/p>\n<p>Un excellent choix pour les <strong>restaurants, caf\u00e9s, services traiteur et entreprises \u00e9coresponsables<\/strong> \u00e0 la recherche d\u2019un <strong>emballage durable et respectueux de l\u2019environnement<\/strong> !<\/p>\n","protected":false},"excerpt":{"rendered":"<p>Fabriqu\u00e9s \u00e0 partir de <strong>fibre de bambou durable<\/strong> et rev\u00eatus de <strong>aqueous<\/strong>, ces <strong>bols compostables<\/strong> offrent une solution \u00e9cologique pour servir une vari\u00e9t\u00e9 d\u2019aliments. Disponibles en diff\u00e9rentes tailles, ils apportent une grande polyvalence pour divers formats de portions. Con\u00e7us pour les repas, leur <strong>rev\u00eatement en aqueous<\/strong> garantit une r\u00e9sistance \u00e0 l\u2019humidit\u00e9, emp\u00eachant le ramollissement et assurant une exp\u00e9rience de d\u00e9gustation fra\u00eeche. Note: Moins optimal pour les aliments tr\u00e8s gras.<\/p>\n","protected":false},"featured_media":10620,"template":"","meta":{"_eb_attr":"","_uag_custom_page_level_css":"","site-sidebar-layout":"default","site-content-layout":"","ast-site-content-layout":"default","site-content-style":"default","site-sidebar-style":"default","ast-global-header-display":"","ast-banner-title-visibility":"","ast-main-header-display":"","ast-hfb-above-header-display":"","ast-hfb-below-header-display":"","ast-hfb-mobile-header-display":"","site-post-title":"","ast-breadcrumbs-content":"","ast-featured-img":"","footer-sml-layout":"","ast-disable-related-posts":"","theme-transparent-header-meta":"default","adv-header-id-meta":"","stick-header-meta":"","header-above-stick-meta":"","header-main-stick-meta":"","header-below-stick-meta":"","astra-migrate-meta-layouts":"set","ast-page-background-enabled":"default","ast-page-background-meta":{"desktop":{"background-color":"","background-image":"","background-repeat":"repeat","background-position":"center center","background-size":"auto","background-attachment":"scroll","background-type":"","background-media":"","overlay-type":"","overlay-color":"","overlay-opacity":"","overlay-gradient":""},"tablet":{"background-color":"","background-image":"","background-repeat":"repeat","background-position":"center center","background-size":"auto","background-attachment":"scroll","background-type":"","background-media":"","overlay-type":"","overlay-color":"","overlay-opacity":"","overlay-gradient":""},"mobile":{"background-color":"","background-image":"","background-repeat":"repeat","background-position":"center center","background-size":"auto","background-attachment":"scroll","background-type":"","background-media":"","overlay-type":"","overlay-color":"","overlay-opacity":"","overlay-gradient":""}},"ast-content-background-meta":{"desktop":{"background-color":"var(--ast-global-color-5)","background-image":"","background-repeat":"repeat","background-position":"center center","background-size":"auto","background-attachment":"scroll","background-type":"","background-media":"","overlay-type":"","overlay-color":"","overlay-opacity":"","overlay-gradient":""},"tablet":{"background-color":"var(--ast-global-color-5)","background-image":"","background-repeat":"repeat","background-position":"center center","background-size":"auto","background-attachment":"scroll","background-type":"","background-media":"","overlay-type":"","overlay-color":"","overlay-opacity":"","overlay-gradient":""},"mobile":{"background-color":"var(--ast-global-color-5)","background-image":"","background-repeat":"repeat","background-position":"center center","background-size":"auto","background-attachment":"scroll","background-type":"","background-media":"","overlay-type":"","overlay-color":"","overlay-opacity":"","overlay-gradient":""}},"_selected_store_location":"","_selected_store_location_key":""},"product_brand":[],"product_cat":[190,223],"product_tag":[],"class_list":{"0":"post-12315","1":"product","2":"type-product","3":"status-publish","4":"has-post-thumbnail","6":"product_cat-bols","7":"product_cat-bols-ronds-pour-repas","8":"desktop-align-center","9":"tablet-align-center","10":"mobile-align-center","12":"first","13":"instock","14":"shipping-taxable","15":"purchasable","16":"product-type-simple"},"yoast_head":"<!-- This site is optimized with the Yoast SEO plugin v27.2 - https:\/\/yoast.com\/product\/yoast-seo-wordpress\/ -->\n<title>Bols Repas Ronds En Bambou Avec Graphiques - Eco2bureau<\/title>\n<meta name=\"description\" content=\"Fabriqu\u00e9s \u00e0 partir de fibre de bambou durable et rev\u00eatus de PLA, ces bols offrent une solution \u00e9cologique pour servir une vari\u00e9t\u00e9 de repas. Disponibles\" \/>\n<meta name=\"robots\" content=\"index, follow, max-snippet:-1, max-image-preview:large, max-video-preview:-1\" \/>\n<link rel=\"canonical\" href=\"https:\/\/www.eco2.ca\/fr\/product\/bols-repas-ronds-en-bambou-avec-graphiques\/\" \/>\n<meta property=\"og:locale\" content=\"fr_FR\" \/>\n<meta property=\"og:type\" content=\"article\" \/>\n<meta property=\"og:title\" content=\"Bols Repas Ronds En Bambou Avec Graphiques - Eco2bureau\" \/>\n<meta property=\"og:description\" content=\"Fabriqu\u00e9s \u00e0 partir de fibre de bambou durable et rev\u00eatus de PLA, ces bols offrent une solution \u00e9cologique pour servir une vari\u00e9t\u00e9 de repas. Disponibles\" \/>\n<meta property=\"og:url\" content=\"https:\/\/www.eco2.ca\/fr\/product\/bols-repas-ronds-en-bambou-avec-graphiques\/\" \/>\n<meta property=\"og:site_name\" content=\"Eco2bureau\" \/>\n<meta property=\"article:modified_time\" content=\"2026-01-06T14:26:22+00:00\" \/>\n<meta property=\"og:image\" content=\"https:\/\/www.eco2.ca\/wp-content\/uploads\/2025\/05\/32.jpg\" \/>\n\t<meta property=\"og:image:width\" content=\"800\" \/>\n\t<meta property=\"og:image:height\" content=\"800\" \/>\n\t<meta property=\"og:image:type\" content=\"image\/jpeg\" \/>\n<meta name=\"twitter:card\" content=\"summary_large_image\" \/>\n<meta name=\"twitter:label1\" content=\"Dur\u00e9e de lecture estim\u00e9e\" \/>\n\t<meta name=\"twitter:data1\" content=\"1 minute\" \/>\n<script type=\"application\/ld+json\" class=\"yoast-schema-graph\">{\"@context\":\"https:\/\/schema.org\",\"@graph\":[{\"@type\":\"WebPage\",\"@id\":\"https:\/\/www.eco2.ca\/fr\/product\/bols-repas-ronds-en-bambou-avec-graphiques\/\",\"url\":\"https:\/\/www.eco2.ca\/fr\/product\/bols-repas-ronds-en-bambou-avec-graphiques\/\",\"name\":\"Bols Repas Ronds En Bambou Avec Graphiques - Eco2bureau\",\"isPartOf\":{\"@id\":\"https:\/\/www.eco2.ca\/fr\/#website\"},\"primaryImageOfPage\":{\"@id\":\"https:\/\/www.eco2.ca\/fr\/product\/bols-repas-ronds-en-bambou-avec-graphiques\/#primaryimage\"},\"image\":{\"@id\":\"https:\/\/www.eco2.ca\/fr\/product\/bols-repas-ronds-en-bambou-avec-graphiques\/#primaryimage\"},\"thumbnailUrl\":\"https:\/\/www.eco2.ca\/wp-content\/uploads\/2025\/05\/32.jpg\",\"datePublished\":\"2025-06-11T21:13:00+00:00\",\"dateModified\":\"2026-01-06T14:26:22+00:00\",\"description\":\"Fabriqu\u00e9s \u00e0 partir de fibre de bambou durable et rev\u00eatus de PLA, ces bols offrent une solution \u00e9cologique pour servir une vari\u00e9t\u00e9 de repas. Disponibles\",\"breadcrumb\":{\"@id\":\"https:\/\/www.eco2.ca\/fr\/product\/bols-repas-ronds-en-bambou-avec-graphiques\/#breadcrumb\"},\"inLanguage\":\"fr-FR\",\"potentialAction\":[{\"@type\":\"ReadAction\",\"target\":[\"https:\/\/www.eco2.ca\/fr\/product\/bols-repas-ronds-en-bambou-avec-graphiques\/\"]}]},{\"@type\":\"ImageObject\",\"inLanguage\":\"fr-FR\",\"@id\":\"https:\/\/www.eco2.ca\/fr\/product\/bols-repas-ronds-en-bambou-avec-graphiques\/#primaryimage\",\"url\":\"https:\/\/www.eco2.ca\/wp-content\/uploads\/2025\/05\/32.jpg\",\"contentUrl\":\"https:\/\/www.eco2.ca\/wp-content\/uploads\/2025\/05\/32.jpg\",\"width\":800,\"height\":800,\"caption\":\"Round Meal Bowls\"},{\"@type\":\"BreadcrumbList\",\"@id\":\"https:\/\/www.eco2.ca\/fr\/product\/bols-repas-ronds-en-bambou-avec-graphiques\/#breadcrumb\",\"itemListElement\":[{\"@type\":\"ListItem\",\"position\":1,\"name\":\"Home\",\"item\":\"https:\/\/www.eco2.ca\/fr\/\"},{\"@type\":\"ListItem\",\"position\":2,\"name\":\"Boutique\",\"item\":\"https:\/\/www.eco2.ca\/fr\/boutique\/\"},{\"@type\":\"ListItem\",\"position\":3,\"name\":\"Bols Repas Ronds En Bambou Avec Graphiques\"}]},{\"@type\":\"WebSite\",\"@id\":\"https:\/\/www.eco2.ca\/fr\/#website\",\"url\":\"https:\/\/www.eco2.ca\/fr\/\",\"name\":\"Eco2bureau\",\"description\":\"\",\"publisher\":{\"@id\":\"https:\/\/www.eco2.ca\/fr\/#organization\"},\"potentialAction\":[{\"@type\":\"SearchAction\",\"target\":{\"@type\":\"EntryPoint\",\"urlTemplate\":\"https:\/\/www.eco2.ca\/fr\/?s={search_term_string}\"},\"query-input\":{\"@type\":\"PropertyValueSpecification\",\"valueRequired\":true,\"valueName\":\"search_term_string\"}}],\"inLanguage\":\"fr-FR\"},{\"@type\":\"Organization\",\"@id\":\"https:\/\/www.eco2.ca\/fr\/#organization\",\"name\":\"Eco2bureau\",\"url\":\"https:\/\/www.eco2.ca\/fr\/\",\"logo\":{\"@type\":\"ImageObject\",\"inLanguage\":\"fr-FR\",\"@id\":\"https:\/\/www.eco2.ca\/fr\/#\/schema\/logo\/image\/\",\"url\":\"https:\/\/www.eco2.ca\/wp-content\/uploads\/2025\/04\/cropped-cropped-Add-a-subheading-3.png\",\"contentUrl\":\"https:\/\/www.eco2.ca\/wp-content\/uploads\/2025\/04\/cropped-cropped-Add-a-subheading-3.png\",\"width\":469,\"height\":109,\"caption\":\"Eco2bureau\"},\"image\":{\"@id\":\"https:\/\/www.eco2.ca\/fr\/#\/schema\/logo\/image\/\"}}]}<\/script>\n<!-- \/ Yoast SEO plugin. -->","yoast_head_json":{"title":"Bols Repas Ronds En Bambou Avec Graphiques - Eco2bureau","description":"Fabriqu\u00e9s \u00e0 partir de fibre de bambou durable et rev\u00eatus de PLA, ces bols offrent une solution \u00e9cologique pour servir une vari\u00e9t\u00e9 de repas. Disponibles","robots":{"index":"index","follow":"follow","max-snippet":"max-snippet:-1","max-image-preview":"max-image-preview:large","max-video-preview":"max-video-preview:-1"},"canonical":"https:\/\/www.eco2.ca\/fr\/product\/bols-repas-ronds-en-bambou-avec-graphiques\/","og_locale":"fr_FR","og_type":"article","og_title":"Bols Repas Ronds En Bambou Avec Graphiques - Eco2bureau","og_description":"Fabriqu\u00e9s \u00e0 partir de fibre de bambou durable et rev\u00eatus de PLA, ces bols offrent une solution \u00e9cologique pour servir une vari\u00e9t\u00e9 de repas. Disponibles","og_url":"https:\/\/www.eco2.ca\/fr\/product\/bols-repas-ronds-en-bambou-avec-graphiques\/","og_site_name":"Eco2bureau","article_modified_time":"2026-01-06T14:26:22+00:00","og_image":[{"width":800,"height":800,"url":"https:\/\/www.eco2.ca\/wp-content\/uploads\/2025\/05\/32.jpg","type":"image\/jpeg"}],"twitter_card":"summary_large_image","twitter_misc":{"Dur\u00e9e de lecture estim\u00e9e":"1 minute"},"schema":{"@context":"https:\/\/schema.org","@graph":[{"@type":"WebPage","@id":"https:\/\/www.eco2.ca\/fr\/product\/bols-repas-ronds-en-bambou-avec-graphiques\/","url":"https:\/\/www.eco2.ca\/fr\/product\/bols-repas-ronds-en-bambou-avec-graphiques\/","name":"Bols Repas Ronds En Bambou Avec Graphiques - Eco2bureau","isPartOf":{"@id":"https:\/\/www.eco2.ca\/fr\/#website"},"primaryImageOfPage":{"@id":"https:\/\/www.eco2.ca\/fr\/product\/bols-repas-ronds-en-bambou-avec-graphiques\/#primaryimage"},"image":{"@id":"https:\/\/www.eco2.ca\/fr\/product\/bols-repas-ronds-en-bambou-avec-graphiques\/#primaryimage"},"thumbnailUrl":"https:\/\/www.eco2.ca\/wp-content\/uploads\/2025\/05\/32.jpg","datePublished":"2025-06-11T21:13:00+00:00","dateModified":"2026-01-06T14:26:22+00:00","description":"Fabriqu\u00e9s \u00e0 partir de fibre de bambou durable et rev\u00eatus de PLA, ces bols offrent une solution \u00e9cologique pour servir une vari\u00e9t\u00e9 de repas. Disponibles","breadcrumb":{"@id":"https:\/\/www.eco2.ca\/fr\/product\/bols-repas-ronds-en-bambou-avec-graphiques\/#breadcrumb"},"inLanguage":"fr-FR","potentialAction":[{"@type":"ReadAction","target":["https:\/\/www.eco2.ca\/fr\/product\/bols-repas-ronds-en-bambou-avec-graphiques\/"]}]},{"@type":"ImageObject","inLanguage":"fr-FR","@id":"https:\/\/www.eco2.ca\/fr\/product\/bols-repas-ronds-en-bambou-avec-graphiques\/#primaryimage","url":"https:\/\/www.eco2.ca\/wp-content\/uploads\/2025\/05\/32.jpg","contentUrl":"https:\/\/www.eco2.ca\/wp-content\/uploads\/2025\/05\/32.jpg","width":800,"height":800,"caption":"Round Meal Bowls"},{"@type":"BreadcrumbList","@id":"https:\/\/www.eco2.ca\/fr\/product\/bols-repas-ronds-en-bambou-avec-graphiques\/#breadcrumb","itemListElement":[{"@type":"ListItem","position":1,"name":"Home","item":"https:\/\/www.eco2.ca\/fr\/"},{"@type":"ListItem","position":2,"name":"Boutique","item":"https:\/\/www.eco2.ca\/fr\/boutique\/"},{"@type":"ListItem","position":3,"name":"Bols Repas Ronds En Bambou Avec Graphiques"}]},{"@type":"WebSite","@id":"https:\/\/www.eco2.ca\/fr\/#website","url":"https:\/\/www.eco2.ca\/fr\/","name":"Eco2bureau","description":"","publisher":{"@id":"https:\/\/www.eco2.ca\/fr\/#organization"},"potentialAction":[{"@type":"SearchAction","target":{"@type":"EntryPoint","urlTemplate":"https:\/\/www.eco2.ca\/fr\/?s={search_term_string}"},"query-input":{"@type":"PropertyValueSpecification","valueRequired":true,"valueName":"search_term_string"}}],"inLanguage":"fr-FR"},{"@type":"Organization","@id":"https:\/\/www.eco2.ca\/fr\/#organization","name":"Eco2bureau","url":"https:\/\/www.eco2.ca\/fr\/","logo":{"@type":"ImageObject","inLanguage":"fr-FR","@id":"https:\/\/www.eco2.ca\/fr\/#\/schema\/logo\/image\/","url":"https:\/\/www.eco2.ca\/wp-content\/uploads\/2025\/04\/cropped-cropped-Add-a-subheading-3.png","contentUrl":"https:\/\/www.eco2.ca\/wp-content\/uploads\/2025\/04\/cropped-cropped-Add-a-subheading-3.png","width":469,"height":109,"caption":"Eco2bureau"},"image":{"@id":"https:\/\/www.eco2.ca\/fr\/#\/schema\/logo\/image\/"}}]}},"uagb_featured_image_src":{"full":["https:\/\/www.eco2.ca\/wp-content\/uploads\/2025\/05\/32.jpg",800,800,false],"thumbnail":["https:\/\/www.eco2.ca\/wp-content\/uploads\/2025\/05\/32-150x150.jpg",150,150,true],"medium":["https:\/\/www.eco2.ca\/wp-content\/uploads\/2025\/05\/32-300x300.jpg",300,300,true],"medium_large":["https:\/\/www.eco2.ca\/wp-content\/uploads\/2025\/05\/32-768x768.jpg",768,768,true],"large":["https:\/\/www.eco2.ca\/wp-content\/uploads\/2025\/05\/32.jpg",800,800,false],"1536x1536":["https:\/\/www.eco2.ca\/wp-content\/uploads\/2025\/05\/32.jpg",800,800,false],"2048x2048":["https:\/\/www.eco2.ca\/wp-content\/uploads\/2025\/05\/32.jpg",800,800,false],"wishsuite-image":["https:\/\/www.eco2.ca\/wp-content\/uploads\/2025\/05\/32.jpg",80,80,false],"woocommerce_thumbnail":["https:\/\/www.eco2.ca\/wp-content\/uploads\/2025\/05\/32-300x300.jpg",300,300,true],"woocommerce_single":["https:\/\/www.eco2.ca\/wp-content\/uploads\/2025\/05\/32-600x600.jpg",600,600,true],"woocommerce_gallery_thumbnail":["https:\/\/www.eco2.ca\/wp-content\/uploads\/2025\/05\/32-100x100.jpg",100,100,true]},"uagb_author_info":{"display_name":"Mary ..","author_link":"https:\/\/www.eco2.ca\/fr\/author\/"},"uagb_comment_info":0,"uagb_excerpt":"Fabriqu\u00e9s \u00e0 partir de fibre de bambou durable et rev\u00eatus de aqueous, ces bols compostables offrent une solution \u00e9cologique pour servir une vari\u00e9t\u00e9 d\u2019aliments. Disponibles en diff\u00e9rentes tailles, ils apportent une grande polyvalence pour divers formats de portions. Con\u00e7us pour les repas, leur rev\u00eatement en aqueous garantit une r\u00e9sistance \u00e0 l\u2019humidit\u00e9, emp\u00eachant le ramollissement et\u2026","_links":{"self":[{"href":"https:\/\/www.eco2.ca\/fr\/wp-json\/wp\/v2\/product\/12315","targetHints":{"allow":["GET"]}}],"collection":[{"href":"https:\/\/www.eco2.ca\/fr\/wp-json\/wp\/v2\/product"}],"about":[{"href":"https:\/\/www.eco2.ca\/fr\/wp-json\/wp\/v2\/types\/product"}],"wp:featuredmedia":[{"embeddable":true,"href":"https:\/\/www.eco2.ca\/fr\/wp-json\/wp\/v2\/media\/10620"}],"wp:attachment":[{"href":"https:\/\/www.eco2.ca\/fr\/wp-json\/wp\/v2\/media?parent=12315"}],"wp:term":[{"taxonomy":"product_brand","embeddable":true,"href":"https:\/\/www.eco2.ca\/fr\/wp-json\/wp\/v2\/product_brand?post=12315"},{"taxonomy":"product_cat","embeddable":true,"href":"https:\/\/www.eco2.ca\/fr\/wp-json\/wp\/v2\/product_cat?post=12315"},{"taxonomy":"product_tag","embeddable":true,"href":"https:\/\/www.eco2.ca\/fr\/wp-json\/wp\/v2\/product_tag?post=12315"}],"curies":[{"name":"wp","href":"https:\/\/api.w.org\/{rel}","templated":true}]}}