{"id":12320,"date":"2025-06-11T21:55:36","date_gmt":"2025-06-11T21:55:36","guid":{"rendered":"https:\/\/www.eco2.ca\/product\/compostable-bagasse-service-bowls-with-lids\/"},"modified":"2026-01-16T11:39:51","modified_gmt":"2026-01-16T11:39:51","slug":"compostable-bagasse-service-bowls-with-lids","status":"publish","type":"product","link":"https:\/\/www.eco2.ca\/fr\/product\/compostable-bagasse-service-bowls-with-lids\/","title":{"rendered":"Bols De Service Avec Couvercles \u2013 Bagasse"},"content":{"rendered":"<h2 style=\"font-size: 1.3em;\"><strong>Bagasse Bols De Service Avec Couvercles \u2013 Durables &amp; \u00c9coresponsables<\/strong><\/h2>\n<p>Fabriqu\u00e9s \u00e0 partir de <strong>fibre de canne \u00e0 sucre durable<\/strong>, ces bols en bagasse compostables offrent une <strong>excellente r\u00e9sistance aux liquides<\/strong> et conviennent aux <strong>aliments chauds et froids<\/strong>. Disponibles en <strong>plusieurs tailles<\/strong>, ils assurent <strong>polyvalence et praticit\u00e9<\/strong> pour diff\u00e9rents types de repas. Les <strong>couvercles compostables en bagasse<\/strong> et les <strong>couvercles transparents en PET<\/strong>\u00a0sont <strong>vendus s\u00e9par\u00e9ment<\/strong> pour plus de flexibilit\u00e9.<\/p>\n<h3 style=\"font-size: 1.3em;\">Caract\u00e9ristiques:<\/h3>\n<p>\u2705 <strong>Fabriqu\u00e9s \u00e0 partir de bagasse<\/strong>, un sous-produit naturel de la transformation de la canne \u00e0 sucre<br \/>\n\u2705 <strong>100% compostables<\/strong> bol contribuent \u00e0 la r\u00e9duction de l\u2019impact environnemental<br \/>\n\u2705 <strong>R\u00e9sistants aux liquides<\/strong>, emp\u00eachent les fuites et le ramollissement<br \/>\n\u2705 <strong>Adapt\u00e9s aux aliments chauds et froids<\/strong>, garantissent une performance fiable<br \/>\n\u2705 <strong>100% recyclables <\/strong>couvercles contribuent \u00e0 la r\u00e9duction de l\u2019impact environnemental<br \/>\n\u2705 <strong>Disponibles en plusieurs tailles<\/strong>, r\u00e9pondant \u00e0 diff\u00e9rents besoins de portionnement<\/p>\n<p>Une <strong>solution \u00e9cologique et robuste<\/strong><\/p>\n","protected":false},"excerpt":{"rendered":"<p>Fabriqu\u00e9s \u00e0 partir de bagasse, une fibre durable issue de la canne \u00e0 sucre, ces bols sont disponibles en plusieurs tailles et offrent une r\u00e9sistance optimale aux liquides ainsi qu\u2019aux aliments chauds et froids. Les couvercles bagasse et les couvercles transparents en <strong>PET<\/strong> sont vendus s\u00e9par\u00e9ment pour plus de praticit\u00e9 et de polyvalence.&gt;<\/p>\n","protected":false},"featured_media":10612,"template":"","meta":{"_eb_attr":"","_uag_custom_page_level_css":"","site-sidebar-layout":"default","site-content-layout":"","ast-site-content-layout":"default","site-content-style":"default","site-sidebar-style":"default","ast-global-header-display":"","ast-banner-title-visibility":"","ast-main-header-display":"","ast-hfb-above-header-display":"","ast-hfb-below-header-display":"","ast-hfb-mobile-header-display":"","site-post-title":"","ast-breadcrumbs-content":"","ast-featured-img":"","footer-sml-layout":"","ast-disable-related-posts":"","theme-transparent-header-meta":"default","adv-header-id-meta":"","stick-header-meta":"","header-above-stick-meta":"","header-main-stick-meta":"","header-below-stick-meta":"","astra-migrate-meta-layouts":"set","ast-page-background-enabled":"default","ast-page-background-meta":{"desktop":{"background-color":"","background-image":"","background-repeat":"repeat","background-position":"center center","background-size":"auto","background-attachment":"scroll","background-type":"","background-media":"","overlay-type":"","overlay-color":"","overlay-opacity":"","overlay-gradient":""},"tablet":{"background-color":"","background-image":"","background-repeat":"repeat","background-position":"center center","background-size":"auto","background-attachment":"scroll","background-type":"","background-media":"","overlay-type":"","overlay-color":"","overlay-opacity":"","overlay-gradient":""},"mobile":{"background-color":"","background-image":"","background-repeat":"repeat","background-position":"center center","background-size":"auto","background-attachment":"scroll","background-type":"","background-media":"","overlay-type":"","overlay-color":"","overlay-opacity":"","overlay-gradient":""}},"ast-content-background-meta":{"desktop":{"background-color":"var(--ast-global-color-5)","background-image":"","background-repeat":"repeat","background-position":"center center","background-size":"auto","background-attachment":"scroll","background-type":"","background-media":"","overlay-type":"","overlay-color":"","overlay-opacity":"","overlay-gradient":""},"tablet":{"background-color":"var(--ast-global-color-5)","background-image":"","background-repeat":"repeat","background-position":"center center","background-size":"auto","background-attachment":"scroll","background-type":"","background-media":"","overlay-type":"","overlay-color":"","overlay-opacity":"","overlay-gradient":""},"mobile":{"background-color":"var(--ast-global-color-5)","background-image":"","background-repeat":"repeat","background-position":"center center","background-size":"auto","background-attachment":"scroll","background-type":"","background-media":"","overlay-type":"","overlay-color":"","overlay-opacity":"","overlay-gradient":""}},"_selected_store_location":"","_selected_store_location_key":""},"product_brand":[],"product_cat":[190,215,217],"product_tag":[],"class_list":{"0":"post-12320","1":"product","2":"type-product","3":"status-publish","4":"has-post-thumbnail","6":"product_cat-bols","7":"product_cat-bols-de-service","8":"product_cat-couvercles-de-bols-de-service","9":"wcmi-has-gallery","10":"desktop-align-center","11":"tablet-align-center","12":"mobile-align-center","14":"first","15":"instock","16":"shipping-taxable","17":"purchasable","18":"product-type-simple"},"yoast_head":"<!-- This site is optimized with the Yoast SEO plugin v27.5 - https:\/\/yoast.com\/product\/yoast-seo-wordpress\/ -->\n<title>Bols De Service Avec Couvercles \u2013 Bagasse - Eco2bureau<\/title>\n<meta name=\"description\" content=\"Fabriqu\u00e9s \u00e0 partir de fibre de canne \u00e0 sucre durable, ces bols en bagasse compostables offrent une excellente r\u00e9sistance aux liquides et conviennent aux\" \/>\n<meta name=\"robots\" content=\"index, follow, max-snippet:-1, max-image-preview:large, max-video-preview:-1\" \/>\n<link rel=\"canonical\" href=\"https:\/\/www.eco2.ca\/fr\/product\/compostable-bagasse-service-bowls-with-lids\/\" \/>\n<meta property=\"og:locale\" content=\"fr_FR\" \/>\n<meta property=\"og:type\" content=\"article\" \/>\n<meta property=\"og:title\" content=\"Bols De Service Avec Couvercles \u2013 Bagasse - Eco2bureau\" \/>\n<meta property=\"og:description\" content=\"Fabriqu\u00e9s \u00e0 partir de fibre de canne \u00e0 sucre durable, ces bols en bagasse compostables offrent une excellente r\u00e9sistance aux liquides et conviennent aux\" \/>\n<meta property=\"og:url\" content=\"https:\/\/www.eco2.ca\/fr\/product\/compostable-bagasse-service-bowls-with-lids\/\" \/>\n<meta property=\"og:site_name\" content=\"Eco2bureau\" \/>\n<meta property=\"article:modified_time\" content=\"2026-01-16T11:39:51+00:00\" \/>\n<meta property=\"og:image\" content=\"https:\/\/www.eco2.ca\/wp-content\/uploads\/2025\/05\/12.jpg\" \/>\n\t<meta property=\"og:image:width\" content=\"650\" \/>\n\t<meta property=\"og:image:height\" content=\"650\" \/>\n\t<meta property=\"og:image:type\" content=\"image\/jpeg\" \/>\n<meta name=\"twitter:card\" content=\"summary_large_image\" \/>\n<meta name=\"twitter:label1\" content=\"Dur\u00e9e de lecture estim\u00e9e\" \/>\n\t<meta name=\"twitter:data1\" content=\"1 minute\" \/>\n<script type=\"application\/ld+json\" class=\"yoast-schema-graph\">{\"@context\":\"https:\\\/\\\/schema.org\",\"@graph\":[{\"@type\":\"WebPage\",\"@id\":\"https:\\\/\\\/www.eco2.ca\\\/fr\\\/product\\\/compostable-bagasse-service-bowls-with-lids\\\/\",\"url\":\"https:\\\/\\\/www.eco2.ca\\\/fr\\\/product\\\/compostable-bagasse-service-bowls-with-lids\\\/\",\"name\":\"Bols De Service Avec Couvercles \u2013 Bagasse - Eco2bureau\",\"isPartOf\":{\"@id\":\"https:\\\/\\\/www.eco2.ca\\\/fr\\\/#website\"},\"primaryImageOfPage\":{\"@id\":\"https:\\\/\\\/www.eco2.ca\\\/fr\\\/product\\\/compostable-bagasse-service-bowls-with-lids\\\/#primaryimage\"},\"image\":{\"@id\":\"https:\\\/\\\/www.eco2.ca\\\/fr\\\/product\\\/compostable-bagasse-service-bowls-with-lids\\\/#primaryimage\"},\"thumbnailUrl\":\"https:\\\/\\\/www.eco2.ca\\\/wp-content\\\/uploads\\\/2025\\\/05\\\/12.jpg\",\"datePublished\":\"2025-06-11T21:55:36+00:00\",\"dateModified\":\"2026-01-16T11:39:51+00:00\",\"description\":\"Fabriqu\u00e9s \u00e0 partir de fibre de canne \u00e0 sucre durable, ces bols en bagasse compostables offrent une excellente r\u00e9sistance aux liquides et conviennent aux\",\"breadcrumb\":{\"@id\":\"https:\\\/\\\/www.eco2.ca\\\/fr\\\/product\\\/compostable-bagasse-service-bowls-with-lids\\\/#breadcrumb\"},\"inLanguage\":\"fr-FR\",\"potentialAction\":[{\"@type\":\"ReadAction\",\"target\":[\"https:\\\/\\\/www.eco2.ca\\\/fr\\\/product\\\/compostable-bagasse-service-bowls-with-lids\\\/\"]}]},{\"@type\":\"ImageObject\",\"inLanguage\":\"fr-FR\",\"@id\":\"https:\\\/\\\/www.eco2.ca\\\/fr\\\/product\\\/compostable-bagasse-service-bowls-with-lids\\\/#primaryimage\",\"url\":\"https:\\\/\\\/www.eco2.ca\\\/wp-content\\\/uploads\\\/2025\\\/05\\\/12.jpg\",\"contentUrl\":\"https:\\\/\\\/www.eco2.ca\\\/wp-content\\\/uploads\\\/2025\\\/05\\\/12.jpg\",\"width\":650,\"height\":650,\"caption\":\"Bagasse service bowl with lids\"},{\"@type\":\"BreadcrumbList\",\"@id\":\"https:\\\/\\\/www.eco2.ca\\\/fr\\\/product\\\/compostable-bagasse-service-bowls-with-lids\\\/#breadcrumb\",\"itemListElement\":[{\"@type\":\"ListItem\",\"position\":1,\"name\":\"Home\",\"item\":\"https:\\\/\\\/www.eco2.ca\\\/fr\\\/\"},{\"@type\":\"ListItem\",\"position\":2,\"name\":\"Boutique\",\"item\":\"https:\\\/\\\/www.eco2.ca\\\/fr\\\/boutique\\\/\"},{\"@type\":\"ListItem\",\"position\":3,\"name\":\"Bols De Service Avec Couvercles \u2013 Bagasse\"}]},{\"@type\":\"WebSite\",\"@id\":\"https:\\\/\\\/www.eco2.ca\\\/fr\\\/#website\",\"url\":\"https:\\\/\\\/www.eco2.ca\\\/fr\\\/\",\"name\":\"Eco2bureau\",\"description\":\"\",\"publisher\":{\"@id\":\"https:\\\/\\\/www.eco2.ca\\\/fr\\\/#organization\"},\"potentialAction\":[{\"@type\":\"SearchAction\",\"target\":{\"@type\":\"EntryPoint\",\"urlTemplate\":\"https:\\\/\\\/www.eco2.ca\\\/fr\\\/?s={search_term_string}\"},\"query-input\":{\"@type\":\"PropertyValueSpecification\",\"valueRequired\":true,\"valueName\":\"search_term_string\"}}],\"inLanguage\":\"fr-FR\"},{\"@type\":\"Organization\",\"@id\":\"https:\\\/\\\/www.eco2.ca\\\/fr\\\/#organization\",\"name\":\"Eco2bureau\",\"url\":\"https:\\\/\\\/www.eco2.ca\\\/fr\\\/\",\"logo\":{\"@type\":\"ImageObject\",\"inLanguage\":\"fr-FR\",\"@id\":\"https:\\\/\\\/www.eco2.ca\\\/fr\\\/#\\\/schema\\\/logo\\\/image\\\/\",\"url\":\"https:\\\/\\\/www.eco2.ca\\\/wp-content\\\/uploads\\\/2025\\\/04\\\/cropped-cropped-Add-a-subheading-3.png\",\"contentUrl\":\"https:\\\/\\\/www.eco2.ca\\\/wp-content\\\/uploads\\\/2025\\\/04\\\/cropped-cropped-Add-a-subheading-3.png\",\"width\":469,\"height\":109,\"caption\":\"Eco2bureau\"},\"image\":{\"@id\":\"https:\\\/\\\/www.eco2.ca\\\/fr\\\/#\\\/schema\\\/logo\\\/image\\\/\"}}]}<\/script>\n<!-- \/ Yoast SEO plugin. -->","yoast_head_json":{"title":"Bols De Service Avec Couvercles \u2013 Bagasse - Eco2bureau","description":"Fabriqu\u00e9s \u00e0 partir de fibre de canne \u00e0 sucre durable, ces bols en bagasse compostables offrent une excellente r\u00e9sistance aux liquides et conviennent aux","robots":{"index":"index","follow":"follow","max-snippet":"max-snippet:-1","max-image-preview":"max-image-preview:large","max-video-preview":"max-video-preview:-1"},"canonical":"https:\/\/www.eco2.ca\/fr\/product\/compostable-bagasse-service-bowls-with-lids\/","og_locale":"fr_FR","og_type":"article","og_title":"Bols De Service Avec Couvercles \u2013 Bagasse - Eco2bureau","og_description":"Fabriqu\u00e9s \u00e0 partir de fibre de canne \u00e0 sucre durable, ces bols en bagasse compostables offrent une excellente r\u00e9sistance aux liquides et conviennent aux","og_url":"https:\/\/www.eco2.ca\/fr\/product\/compostable-bagasse-service-bowls-with-lids\/","og_site_name":"Eco2bureau","article_modified_time":"2026-01-16T11:39:51+00:00","og_image":[{"width":650,"height":650,"url":"https:\/\/www.eco2.ca\/wp-content\/uploads\/2025\/05\/12.jpg","type":"image\/jpeg"}],"twitter_card":"summary_large_image","twitter_misc":{"Dur\u00e9e de lecture estim\u00e9e":"1 minute"},"schema":{"@context":"https:\/\/schema.org","@graph":[{"@type":"WebPage","@id":"https:\/\/www.eco2.ca\/fr\/product\/compostable-bagasse-service-bowls-with-lids\/","url":"https:\/\/www.eco2.ca\/fr\/product\/compostable-bagasse-service-bowls-with-lids\/","name":"Bols De Service Avec Couvercles \u2013 Bagasse - Eco2bureau","isPartOf":{"@id":"https:\/\/www.eco2.ca\/fr\/#website"},"primaryImageOfPage":{"@id":"https:\/\/www.eco2.ca\/fr\/product\/compostable-bagasse-service-bowls-with-lids\/#primaryimage"},"image":{"@id":"https:\/\/www.eco2.ca\/fr\/product\/compostable-bagasse-service-bowls-with-lids\/#primaryimage"},"thumbnailUrl":"https:\/\/www.eco2.ca\/wp-content\/uploads\/2025\/05\/12.jpg","datePublished":"2025-06-11T21:55:36+00:00","dateModified":"2026-01-16T11:39:51+00:00","description":"Fabriqu\u00e9s \u00e0 partir de fibre de canne \u00e0 sucre durable, ces bols en bagasse compostables offrent une excellente r\u00e9sistance aux liquides et conviennent aux","breadcrumb":{"@id":"https:\/\/www.eco2.ca\/fr\/product\/compostable-bagasse-service-bowls-with-lids\/#breadcrumb"},"inLanguage":"fr-FR","potentialAction":[{"@type":"ReadAction","target":["https:\/\/www.eco2.ca\/fr\/product\/compostable-bagasse-service-bowls-with-lids\/"]}]},{"@type":"ImageObject","inLanguage":"fr-FR","@id":"https:\/\/www.eco2.ca\/fr\/product\/compostable-bagasse-service-bowls-with-lids\/#primaryimage","url":"https:\/\/www.eco2.ca\/wp-content\/uploads\/2025\/05\/12.jpg","contentUrl":"https:\/\/www.eco2.ca\/wp-content\/uploads\/2025\/05\/12.jpg","width":650,"height":650,"caption":"Bagasse service bowl with lids"},{"@type":"BreadcrumbList","@id":"https:\/\/www.eco2.ca\/fr\/product\/compostable-bagasse-service-bowls-with-lids\/#breadcrumb","itemListElement":[{"@type":"ListItem","position":1,"name":"Home","item":"https:\/\/www.eco2.ca\/fr\/"},{"@type":"ListItem","position":2,"name":"Boutique","item":"https:\/\/www.eco2.ca\/fr\/boutique\/"},{"@type":"ListItem","position":3,"name":"Bols De Service Avec Couvercles \u2013 Bagasse"}]},{"@type":"WebSite","@id":"https:\/\/www.eco2.ca\/fr\/#website","url":"https:\/\/www.eco2.ca\/fr\/","name":"Eco2bureau","description":"","publisher":{"@id":"https:\/\/www.eco2.ca\/fr\/#organization"},"potentialAction":[{"@type":"SearchAction","target":{"@type":"EntryPoint","urlTemplate":"https:\/\/www.eco2.ca\/fr\/?s={search_term_string}"},"query-input":{"@type":"PropertyValueSpecification","valueRequired":true,"valueName":"search_term_string"}}],"inLanguage":"fr-FR"},{"@type":"Organization","@id":"https:\/\/www.eco2.ca\/fr\/#organization","name":"Eco2bureau","url":"https:\/\/www.eco2.ca\/fr\/","logo":{"@type":"ImageObject","inLanguage":"fr-FR","@id":"https:\/\/www.eco2.ca\/fr\/#\/schema\/logo\/image\/","url":"https:\/\/www.eco2.ca\/wp-content\/uploads\/2025\/04\/cropped-cropped-Add-a-subheading-3.png","contentUrl":"https:\/\/www.eco2.ca\/wp-content\/uploads\/2025\/04\/cropped-cropped-Add-a-subheading-3.png","width":469,"height":109,"caption":"Eco2bureau"},"image":{"@id":"https:\/\/www.eco2.ca\/fr\/#\/schema\/logo\/image\/"}}]}},"uagb_featured_image_src":{"full":["https:\/\/www.eco2.ca\/wp-content\/uploads\/2025\/05\/12.jpg",650,650,false],"thumbnail":["https:\/\/www.eco2.ca\/wp-content\/uploads\/2025\/05\/12-150x150.jpg",150,150,true],"medium":["https:\/\/www.eco2.ca\/wp-content\/uploads\/2025\/05\/12-300x300.jpg",300,300,true],"medium_large":["https:\/\/www.eco2.ca\/wp-content\/uploads\/2025\/05\/12.jpg",650,650,false],"large":["https:\/\/www.eco2.ca\/wp-content\/uploads\/2025\/05\/12.jpg",650,650,false],"1536x1536":["https:\/\/www.eco2.ca\/wp-content\/uploads\/2025\/05\/12.jpg",650,650,false],"2048x2048":["https:\/\/www.eco2.ca\/wp-content\/uploads\/2025\/05\/12.jpg",650,650,false],"wishsuite-image":["https:\/\/www.eco2.ca\/wp-content\/uploads\/2025\/05\/12.jpg",80,80,false],"woocommerce_thumbnail":["https:\/\/www.eco2.ca\/wp-content\/uploads\/2025\/05\/12-300x300.jpg",300,300,true],"woocommerce_single":["https:\/\/www.eco2.ca\/wp-content\/uploads\/2025\/05\/12-600x600.jpg",600,600,true],"woocommerce_gallery_thumbnail":["https:\/\/www.eco2.ca\/wp-content\/uploads\/2025\/05\/12-100x100.jpg",100,100,true]},"uagb_author_info":{"display_name":"Mary ..","author_link":"https:\/\/www.eco2.ca\/fr\/author\/"},"uagb_comment_info":0,"uagb_excerpt":"Fabriqu\u00e9s \u00e0 partir de bagasse, une fibre durable issue de la canne \u00e0 sucre, ces bols sont disponibles en plusieurs tailles et offrent une r\u00e9sistance optimale aux liquides ainsi qu\u2019aux aliments chauds et froids. Les couvercles bagasse et les couvercles transparents en PET sont vendus s\u00e9par\u00e9ment pour plus de praticit\u00e9 et de polyvalence.&gt;","_links":{"self":[{"href":"https:\/\/www.eco2.ca\/fr\/wp-json\/wp\/v2\/product\/12320","targetHints":{"allow":["GET"]}}],"collection":[{"href":"https:\/\/www.eco2.ca\/fr\/wp-json\/wp\/v2\/product"}],"about":[{"href":"https:\/\/www.eco2.ca\/fr\/wp-json\/wp\/v2\/types\/product"}],"wp:featuredmedia":[{"embeddable":true,"href":"https:\/\/www.eco2.ca\/fr\/wp-json\/wp\/v2\/media\/10612"}],"wp:attachment":[{"href":"https:\/\/www.eco2.ca\/fr\/wp-json\/wp\/v2\/media?parent=12320"}],"wp:term":[{"taxonomy":"product_brand","embeddable":true,"href":"https:\/\/www.eco2.ca\/fr\/wp-json\/wp\/v2\/product_brand?post=12320"},{"taxonomy":"product_cat","embeddable":true,"href":"https:\/\/www.eco2.ca\/fr\/wp-json\/wp\/v2\/product_cat?post=12320"},{"taxonomy":"product_tag","embeddable":true,"href":"https:\/\/www.eco2.ca\/fr\/wp-json\/wp\/v2\/product_tag?post=12320"}],"curies":[{"name":"wp","href":"https:\/\/api.w.org\/{rel}","templated":true}]}}