{"id":12327,"date":"2025-06-12T13:59:27","date_gmt":"2025-06-12T13:59:27","guid":{"rendered":"https:\/\/www.eco2.ca\/product\/compostable-take-out-soup-bowl\/"},"modified":"2025-06-27T15:17:58","modified_gmt":"2025-06-27T15:17:58","slug":"bol-a-soupe-compostable-pour-emporter","status":"publish","type":"product","link":"https:\/\/www.eco2.ca\/fr\/product\/bol-a-soupe-compostable-pour-emporter\/","title":{"rendered":"Bols A Soupe A Emporter \u2013 Bambou Avec Doublure Aqueuse"},"content":{"rendered":"<h2 style=\"font-size: 1.4em;\">Bols A Soupe A Emporter Avec Doublure Aqueuse \u2013 Durable &amp; \u00c9coresponsable<\/h2>\n<p>Fabriqu\u00e9 \u00e0 partir de <strong>bambou \u00e0 croissance rapide<\/strong>, ce <strong>bol \u00e0 soupe compostable<\/strong> constitue une <strong>alternative \u00e9cologique aux fibres d\u00e9riv\u00e9es des arbres<\/strong>. Il int\u00e8gre des <strong>fibres exc\u00e9dentaires de canne \u00e0 sucre et agricoles<\/strong>, qui sont <strong>renouvelables chaque ann\u00e9e<\/strong>, et qui emp\u00eachent le ramollissement, assurant ainsi une <strong>option robuste et fiable<\/strong> pour servir des repas chauds ou liquides.<\/p>\n<h3 style=\"font-size: 1.3em;\">Caract\u00e9ristiques:<\/h3>\n<p>\u2705 <strong>Fabriqu\u00e9 \u00e0 partir de bambou renouvelable<\/strong>, favorisant la durabilit\u00e9<\/p>\n<p>\u2705 <strong>Fibres de canne \u00e0 sucre<\/strong> pr\u00e9servant l\u2019int\u00e9grit\u00e9 du bol lorsqu\u2019il est humide<\/p>\n<p>\u2705 <strong>Id\u00e9al pour soupes, bouillons et rago\u00fbts<\/strong>, en restauration et \u00e0 emporter<\/p>\n<p>\u2705 <strong>Sans ajout de PFAS<\/strong><\/p>\n<p>Une <strong>solution id\u00e9ale<\/strong> pour les <strong>restaurants, caf\u00e9s et entreprises soucieuses de l\u2019environnement<\/strong>, \u00e0 la recherche d\u2019un <strong>emballage alimentaire biod\u00e9gradable de haute qualit\u00e9<\/strong> !<\/p>\n","protected":false},"excerpt":{"rendered":"<p>Fabriqu\u00e9 \u00e0 partir de bambou durable, ce bol \u00e0 soupe compostable int\u00e8gre des fibres exc\u00e9dentaires de canne \u00e0 sucre et agricoles, renouvelables chaque ann\u00e9e, qui emp\u00eachent le ramollissement et garantissent une grande r\u00e9sistance lors du service de repas chauds ou liquides.La croissance rapide et la nature renouvelable du bambou en font une alternative \u00e9cologique aux fibres d\u00e9riv\u00e9es des arbres, offrant un choix plus vert pour les consommateurs soucieux de l\u2019environnement.<\/p>\n","protected":false},"featured_media":12567,"template":"","meta":{"_eb_attr":"","_uag_custom_page_level_css":"","site-sidebar-layout":"default","site-content-layout":"","ast-site-content-layout":"default","site-content-style":"default","site-sidebar-style":"default","ast-global-header-display":"","ast-banner-title-visibility":"","ast-main-header-display":"","ast-hfb-above-header-display":"","ast-hfb-below-header-display":"","ast-hfb-mobile-header-display":"","site-post-title":"","ast-breadcrumbs-content":"","ast-featured-img":"","footer-sml-layout":"","ast-disable-related-posts":"","theme-transparent-header-meta":"default","adv-header-id-meta":"","stick-header-meta":"","header-above-stick-meta":"","header-main-stick-meta":"","header-below-stick-meta":"","astra-migrate-meta-layouts":"set","ast-page-background-enabled":"default","ast-page-background-meta":{"desktop":{"background-color":"","background-image":"","background-repeat":"repeat","background-position":"center center","background-size":"auto","background-attachment":"scroll","background-type":"","background-media":"","overlay-type":"","overlay-color":"","overlay-opacity":"","overlay-gradient":""},"tablet":{"background-color":"","background-image":"","background-repeat":"repeat","background-position":"center center","background-size":"auto","background-attachment":"scroll","background-type":"","background-media":"","overlay-type":"","overlay-color":"","overlay-opacity":"","overlay-gradient":""},"mobile":{"background-color":"","background-image":"","background-repeat":"repeat","background-position":"center center","background-size":"auto","background-attachment":"scroll","background-type":"","background-media":"","overlay-type":"","overlay-color":"","overlay-opacity":"","overlay-gradient":""}},"ast-content-background-meta":{"desktop":{"background-color":"var(--ast-global-color-5)","background-image":"","background-repeat":"repeat","background-position":"center center","background-size":"auto","background-attachment":"scroll","background-type":"","background-media":"","overlay-type":"","overlay-color":"","overlay-opacity":"","overlay-gradient":""},"tablet":{"background-color":"var(--ast-global-color-5)","background-image":"","background-repeat":"repeat","background-position":"center center","background-size":"auto","background-attachment":"scroll","background-type":"","background-media":"","overlay-type":"","overlay-color":"","overlay-opacity":"","overlay-gradient":""},"mobile":{"background-color":"var(--ast-global-color-5)","background-image":"","background-repeat":"repeat","background-position":"center center","background-size":"auto","background-attachment":"scroll","background-type":"","background-media":"","overlay-type":"","overlay-color":"","overlay-opacity":"","overlay-gradient":""}},"_selected_store_location":"","_selected_store_location_key":""},"product_brand":[],"product_cat":[190,214,221],"product_tag":[],"class_list":{"0":"post-12327","1":"product","2":"type-product","3":"status-publish","4":"has-post-thumbnail","6":"product_cat-bols","7":"product_cat-bols-a-soupe","8":"product_cat-bols-a-soupe-a-emporter-et-couvercles","9":"desktop-align-center","10":"tablet-align-center","11":"mobile-align-center","13":"first","14":"instock","15":"shipping-taxable","16":"purchasable","17":"product-type-simple"},"yoast_head":"<!-- This site is optimized with the Yoast SEO plugin v27.2 - https:\/\/yoast.com\/product\/yoast-seo-wordpress\/ -->\n<title>Bols A Soupe A Emporter \u2013 Bambou Avec Doublure Aqueuse - Eco2bureau<\/title>\n<meta name=\"description\" content=\"Fabriqu\u00e9 \u00e0 partir de bambou \u00e0 croissance rapide, ce bol \u00e0 soupe compostable constitue une alternative \u00e9cologique aux fibres d\u00e9riv\u00e9es des arbres.\" \/>\n<meta name=\"robots\" content=\"index, follow, max-snippet:-1, max-image-preview:large, max-video-preview:-1\" \/>\n<link rel=\"canonical\" href=\"https:\/\/www.eco2.ca\/fr\/product\/bol-a-soupe-compostable-pour-emporter\/\" \/>\n<meta property=\"og:locale\" content=\"fr_FR\" \/>\n<meta property=\"og:type\" content=\"article\" \/>\n<meta property=\"og:title\" content=\"Bols A Soupe A Emporter \u2013 Bambou Avec Doublure Aqueuse - Eco2bureau\" \/>\n<meta property=\"og:description\" content=\"Fabriqu\u00e9 \u00e0 partir de bambou \u00e0 croissance rapide, ce bol \u00e0 soupe compostable constitue une alternative \u00e9cologique aux fibres d\u00e9riv\u00e9es des arbres.\" \/>\n<meta property=\"og:url\" content=\"https:\/\/www.eco2.ca\/fr\/product\/bol-a-soupe-compostable-pour-emporter\/\" \/>\n<meta property=\"og:site_name\" content=\"Eco2bureau\" \/>\n<meta property=\"article:modified_time\" content=\"2025-06-27T15:17:58+00:00\" \/>\n<meta property=\"og:image\" content=\"https:\/\/www.eco2.ca\/wp-content\/uploads\/2025\/06\/beigebowl16.jpg\" \/>\n\t<meta property=\"og:image:width\" content=\"450\" \/>\n\t<meta property=\"og:image:height\" content=\"450\" \/>\n\t<meta property=\"og:image:type\" content=\"image\/jpeg\" \/>\n<meta name=\"twitter:card\" content=\"summary_large_image\" \/>\n<meta name=\"twitter:label1\" content=\"Dur\u00e9e de lecture estim\u00e9e\" \/>\n\t<meta name=\"twitter:data1\" content=\"1 minute\" \/>\n<script type=\"application\/ld+json\" class=\"yoast-schema-graph\">{\"@context\":\"https:\/\/schema.org\",\"@graph\":[{\"@type\":\"WebPage\",\"@id\":\"https:\/\/www.eco2.ca\/fr\/product\/bol-a-soupe-compostable-pour-emporter\/\",\"url\":\"https:\/\/www.eco2.ca\/fr\/product\/bol-a-soupe-compostable-pour-emporter\/\",\"name\":\"Bols A Soupe A Emporter \u2013 Bambou Avec Doublure Aqueuse - Eco2bureau\",\"isPartOf\":{\"@id\":\"https:\/\/www.eco2.ca\/fr\/#website\"},\"primaryImageOfPage\":{\"@id\":\"https:\/\/www.eco2.ca\/fr\/product\/bol-a-soupe-compostable-pour-emporter\/#primaryimage\"},\"image\":{\"@id\":\"https:\/\/www.eco2.ca\/fr\/product\/bol-a-soupe-compostable-pour-emporter\/#primaryimage\"},\"thumbnailUrl\":\"https:\/\/www.eco2.ca\/wp-content\/uploads\/2025\/06\/beigebowl16.jpg\",\"datePublished\":\"2025-06-12T13:59:27+00:00\",\"dateModified\":\"2025-06-27T15:17:58+00:00\",\"description\":\"Fabriqu\u00e9 \u00e0 partir de bambou \u00e0 croissance rapide, ce bol \u00e0 soupe compostable constitue une alternative \u00e9cologique aux fibres d\u00e9riv\u00e9es des arbres.\",\"breadcrumb\":{\"@id\":\"https:\/\/www.eco2.ca\/fr\/product\/bol-a-soupe-compostable-pour-emporter\/#breadcrumb\"},\"inLanguage\":\"fr-FR\",\"potentialAction\":[{\"@type\":\"ReadAction\",\"target\":[\"https:\/\/www.eco2.ca\/fr\/product\/bol-a-soupe-compostable-pour-emporter\/\"]}]},{\"@type\":\"ImageObject\",\"inLanguage\":\"fr-FR\",\"@id\":\"https:\/\/www.eco2.ca\/fr\/product\/bol-a-soupe-compostable-pour-emporter\/#primaryimage\",\"url\":\"https:\/\/www.eco2.ca\/wp-content\/uploads\/2025\/06\/beigebowl16.jpg\",\"contentUrl\":\"https:\/\/www.eco2.ca\/wp-content\/uploads\/2025\/06\/beigebowl16.jpg\",\"width\":450,\"height\":450,\"caption\":\"Take Out Soup Bowls - Bamboo With Aqueous Lining\"},{\"@type\":\"BreadcrumbList\",\"@id\":\"https:\/\/www.eco2.ca\/fr\/product\/bol-a-soupe-compostable-pour-emporter\/#breadcrumb\",\"itemListElement\":[{\"@type\":\"ListItem\",\"position\":1,\"name\":\"Home\",\"item\":\"https:\/\/www.eco2.ca\/fr\/\"},{\"@type\":\"ListItem\",\"position\":2,\"name\":\"Boutique\",\"item\":\"https:\/\/www.eco2.ca\/fr\/boutique\/\"},{\"@type\":\"ListItem\",\"position\":3,\"name\":\"Bols A Soupe A Emporter \u2013 Bambou Avec Doublure Aqueuse\"}]},{\"@type\":\"WebSite\",\"@id\":\"https:\/\/www.eco2.ca\/fr\/#website\",\"url\":\"https:\/\/www.eco2.ca\/fr\/\",\"name\":\"Eco2bureau\",\"description\":\"\",\"publisher\":{\"@id\":\"https:\/\/www.eco2.ca\/fr\/#organization\"},\"potentialAction\":[{\"@type\":\"SearchAction\",\"target\":{\"@type\":\"EntryPoint\",\"urlTemplate\":\"https:\/\/www.eco2.ca\/fr\/?s={search_term_string}\"},\"query-input\":{\"@type\":\"PropertyValueSpecification\",\"valueRequired\":true,\"valueName\":\"search_term_string\"}}],\"inLanguage\":\"fr-FR\"},{\"@type\":\"Organization\",\"@id\":\"https:\/\/www.eco2.ca\/fr\/#organization\",\"name\":\"Eco2bureau\",\"url\":\"https:\/\/www.eco2.ca\/fr\/\",\"logo\":{\"@type\":\"ImageObject\",\"inLanguage\":\"fr-FR\",\"@id\":\"https:\/\/www.eco2.ca\/fr\/#\/schema\/logo\/image\/\",\"url\":\"https:\/\/www.eco2.ca\/wp-content\/uploads\/2025\/04\/cropped-cropped-Add-a-subheading-3.png\",\"contentUrl\":\"https:\/\/www.eco2.ca\/wp-content\/uploads\/2025\/04\/cropped-cropped-Add-a-subheading-3.png\",\"width\":469,\"height\":109,\"caption\":\"Eco2bureau\"},\"image\":{\"@id\":\"https:\/\/www.eco2.ca\/fr\/#\/schema\/logo\/image\/\"}}]}<\/script>\n<!-- \/ Yoast SEO plugin. -->","yoast_head_json":{"title":"Bols A Soupe A Emporter \u2013 Bambou Avec Doublure Aqueuse - Eco2bureau","description":"Fabriqu\u00e9 \u00e0 partir de bambou \u00e0 croissance rapide, ce bol \u00e0 soupe compostable constitue une alternative \u00e9cologique aux fibres d\u00e9riv\u00e9es des arbres.","robots":{"index":"index","follow":"follow","max-snippet":"max-snippet:-1","max-image-preview":"max-image-preview:large","max-video-preview":"max-video-preview:-1"},"canonical":"https:\/\/www.eco2.ca\/fr\/product\/bol-a-soupe-compostable-pour-emporter\/","og_locale":"fr_FR","og_type":"article","og_title":"Bols A Soupe A Emporter \u2013 Bambou Avec Doublure Aqueuse - Eco2bureau","og_description":"Fabriqu\u00e9 \u00e0 partir de bambou \u00e0 croissance rapide, ce bol \u00e0 soupe compostable constitue une alternative \u00e9cologique aux fibres d\u00e9riv\u00e9es des arbres.","og_url":"https:\/\/www.eco2.ca\/fr\/product\/bol-a-soupe-compostable-pour-emporter\/","og_site_name":"Eco2bureau","article_modified_time":"2025-06-27T15:17:58+00:00","og_image":[{"width":450,"height":450,"url":"https:\/\/www.eco2.ca\/wp-content\/uploads\/2025\/06\/beigebowl16.jpg","type":"image\/jpeg"}],"twitter_card":"summary_large_image","twitter_misc":{"Dur\u00e9e de lecture estim\u00e9e":"1 minute"},"schema":{"@context":"https:\/\/schema.org","@graph":[{"@type":"WebPage","@id":"https:\/\/www.eco2.ca\/fr\/product\/bol-a-soupe-compostable-pour-emporter\/","url":"https:\/\/www.eco2.ca\/fr\/product\/bol-a-soupe-compostable-pour-emporter\/","name":"Bols A Soupe A Emporter \u2013 Bambou Avec Doublure Aqueuse - Eco2bureau","isPartOf":{"@id":"https:\/\/www.eco2.ca\/fr\/#website"},"primaryImageOfPage":{"@id":"https:\/\/www.eco2.ca\/fr\/product\/bol-a-soupe-compostable-pour-emporter\/#primaryimage"},"image":{"@id":"https:\/\/www.eco2.ca\/fr\/product\/bol-a-soupe-compostable-pour-emporter\/#primaryimage"},"thumbnailUrl":"https:\/\/www.eco2.ca\/wp-content\/uploads\/2025\/06\/beigebowl16.jpg","datePublished":"2025-06-12T13:59:27+00:00","dateModified":"2025-06-27T15:17:58+00:00","description":"Fabriqu\u00e9 \u00e0 partir de bambou \u00e0 croissance rapide, ce bol \u00e0 soupe compostable constitue une alternative \u00e9cologique aux fibres d\u00e9riv\u00e9es des arbres.","breadcrumb":{"@id":"https:\/\/www.eco2.ca\/fr\/product\/bol-a-soupe-compostable-pour-emporter\/#breadcrumb"},"inLanguage":"fr-FR","potentialAction":[{"@type":"ReadAction","target":["https:\/\/www.eco2.ca\/fr\/product\/bol-a-soupe-compostable-pour-emporter\/"]}]},{"@type":"ImageObject","inLanguage":"fr-FR","@id":"https:\/\/www.eco2.ca\/fr\/product\/bol-a-soupe-compostable-pour-emporter\/#primaryimage","url":"https:\/\/www.eco2.ca\/wp-content\/uploads\/2025\/06\/beigebowl16.jpg","contentUrl":"https:\/\/www.eco2.ca\/wp-content\/uploads\/2025\/06\/beigebowl16.jpg","width":450,"height":450,"caption":"Take Out Soup Bowls - Bamboo With Aqueous Lining"},{"@type":"BreadcrumbList","@id":"https:\/\/www.eco2.ca\/fr\/product\/bol-a-soupe-compostable-pour-emporter\/#breadcrumb","itemListElement":[{"@type":"ListItem","position":1,"name":"Home","item":"https:\/\/www.eco2.ca\/fr\/"},{"@type":"ListItem","position":2,"name":"Boutique","item":"https:\/\/www.eco2.ca\/fr\/boutique\/"},{"@type":"ListItem","position":3,"name":"Bols A Soupe A Emporter \u2013 Bambou Avec Doublure Aqueuse"}]},{"@type":"WebSite","@id":"https:\/\/www.eco2.ca\/fr\/#website","url":"https:\/\/www.eco2.ca\/fr\/","name":"Eco2bureau","description":"","publisher":{"@id":"https:\/\/www.eco2.ca\/fr\/#organization"},"potentialAction":[{"@type":"SearchAction","target":{"@type":"EntryPoint","urlTemplate":"https:\/\/www.eco2.ca\/fr\/?s={search_term_string}"},"query-input":{"@type":"PropertyValueSpecification","valueRequired":true,"valueName":"search_term_string"}}],"inLanguage":"fr-FR"},{"@type":"Organization","@id":"https:\/\/www.eco2.ca\/fr\/#organization","name":"Eco2bureau","url":"https:\/\/www.eco2.ca\/fr\/","logo":{"@type":"ImageObject","inLanguage":"fr-FR","@id":"https:\/\/www.eco2.ca\/fr\/#\/schema\/logo\/image\/","url":"https:\/\/www.eco2.ca\/wp-content\/uploads\/2025\/04\/cropped-cropped-Add-a-subheading-3.png","contentUrl":"https:\/\/www.eco2.ca\/wp-content\/uploads\/2025\/04\/cropped-cropped-Add-a-subheading-3.png","width":469,"height":109,"caption":"Eco2bureau"},"image":{"@id":"https:\/\/www.eco2.ca\/fr\/#\/schema\/logo\/image\/"}}]}},"uagb_featured_image_src":{"full":["https:\/\/www.eco2.ca\/wp-content\/uploads\/2025\/06\/beigebowl16.jpg",450,450,false],"thumbnail":["https:\/\/www.eco2.ca\/wp-content\/uploads\/2025\/06\/beigebowl16-150x150.jpg",150,150,true],"medium":["https:\/\/www.eco2.ca\/wp-content\/uploads\/2025\/06\/beigebowl16-300x300.jpg",300,300,true],"medium_large":["https:\/\/www.eco2.ca\/wp-content\/uploads\/2025\/06\/beigebowl16.jpg",450,450,false],"large":["https:\/\/www.eco2.ca\/wp-content\/uploads\/2025\/06\/beigebowl16.jpg",450,450,false],"1536x1536":["https:\/\/www.eco2.ca\/wp-content\/uploads\/2025\/06\/beigebowl16.jpg",450,450,false],"2048x2048":["https:\/\/www.eco2.ca\/wp-content\/uploads\/2025\/06\/beigebowl16.jpg",450,450,false],"wishsuite-image":["https:\/\/www.eco2.ca\/wp-content\/uploads\/2025\/06\/beigebowl16.jpg",80,80,false],"woocommerce_thumbnail":["https:\/\/www.eco2.ca\/wp-content\/uploads\/2025\/06\/beigebowl16-300x300.jpg",300,300,true],"woocommerce_single":["https:\/\/www.eco2.ca\/wp-content\/uploads\/2025\/06\/beigebowl16.jpg",450,450,false],"woocommerce_gallery_thumbnail":["https:\/\/www.eco2.ca\/wp-content\/uploads\/2025\/06\/beigebowl16-100x100.jpg",100,100,true]},"uagb_author_info":{"display_name":"Mary ..","author_link":"https:\/\/www.eco2.ca\/fr\/author\/"},"uagb_comment_info":0,"uagb_excerpt":"Fabriqu\u00e9 \u00e0 partir de bambou durable, ce bol \u00e0 soupe compostable int\u00e8gre des fibres exc\u00e9dentaires de canne \u00e0 sucre et agricoles, renouvelables chaque ann\u00e9e, qui emp\u00eachent le ramollissement et garantissent une grande r\u00e9sistance lors du service de repas chauds ou liquides.La croissance rapide et la nature renouvelable du bambou en font une alternative \u00e9cologique aux\u2026","_links":{"self":[{"href":"https:\/\/www.eco2.ca\/fr\/wp-json\/wp\/v2\/product\/12327","targetHints":{"allow":["GET"]}}],"collection":[{"href":"https:\/\/www.eco2.ca\/fr\/wp-json\/wp\/v2\/product"}],"about":[{"href":"https:\/\/www.eco2.ca\/fr\/wp-json\/wp\/v2\/types\/product"}],"wp:featuredmedia":[{"embeddable":true,"href":"https:\/\/www.eco2.ca\/fr\/wp-json\/wp\/v2\/media\/12567"}],"wp:attachment":[{"href":"https:\/\/www.eco2.ca\/fr\/wp-json\/wp\/v2\/media?parent=12327"}],"wp:term":[{"taxonomy":"product_brand","embeddable":true,"href":"https:\/\/www.eco2.ca\/fr\/wp-json\/wp\/v2\/product_brand?post=12327"},{"taxonomy":"product_cat","embeddable":true,"href":"https:\/\/www.eco2.ca\/fr\/wp-json\/wp\/v2\/product_cat?post=12327"},{"taxonomy":"product_tag","embeddable":true,"href":"https:\/\/www.eco2.ca\/fr\/wp-json\/wp\/v2\/product_tag?post=12327"}],"curies":[{"name":"wp","href":"https:\/\/api.w.org\/{rel}","templated":true}]}}