{"id":12332,"date":"2025-06-12T14:45:16","date_gmt":"2025-06-12T14:45:16","guid":{"rendered":"https:\/\/www.eco2.ca\/product\/compostable-take-out-soup-bowl-bamboo-pla-lined\/"},"modified":"2025-06-27T15:13:27","modified_gmt":"2025-06-27T15:13:27","slug":"bol-a-soupe-pour-emporter","status":"publish","type":"product","link":"https:\/\/www.eco2.ca\/fr\/product\/bol-a-soupe-pour-emporter\/","title":{"rendered":"Bol A Soupe Pour Emporter (Bambou \u2013 Doubl\u00e9 PLA)"},"content":{"rendered":"<h2>Bol A Soupe Pour Emporter Certifi\u00e9s \u2013 Durables &amp; s\u00fbrs<\/h2>\n<p>Fabriqu\u00e9s \u00e0 partir de <strong>fibres renouvelables<\/strong>, ces Bol a soupe pour emporter certifi\u00e9s <strong>certifi\u00e9s<\/strong> sont parfaits pour les <strong>soupes, plats chauds et friandises froides<\/strong>. Leur <strong>rev\u00eatement bio en PLA<\/strong>, d\u00e9riv\u00e9 du ma\u00efs, assure <strong>une r\u00e9sistance aux fuites<\/strong> sans l\u2019utilisation de <strong>cire ni plastique<\/strong>, offrant une <strong>alternative plus saine et \u00e9cologique<\/strong>.<\/p>\n<h3>Caract\u00e9ristiques:<\/h3>\n<p>\u2705 <strong>Fabriqu\u00e9s \u00e0 partir de fibres renouvelables<\/strong>, favorisant la durabilit\u00e9<\/p>\n<p>\u2705 <strong>Rev\u00eatement en PLA pr\u00e9venant les fuites<\/strong>, sans produits chimiques nocifs<\/p>\n<p>\u2705 <strong>Id\u00e9als pour les aliments chauds et froids<\/strong> \u2013 parfaits pour la restauration et les plats \u00e0 emporter<\/p>\n<p>\u2705 <strong>Encouragent une marque \u00e9coresponsable<\/strong> \ud83d\udeab <strong>Non compatible avec le micro-ondes<\/strong><\/p>\n<p>Une solution durable et fiable pour les restaurants, caf\u00e9s et entreprises soucieuses de l\u2019environnement, \u00e0 la recherche d\u2019un emballage alimentaire compostable de haute qualit\u00e9!<\/p>\n","protected":false},"excerpt":{"rendered":"<p>Bol a soupe pour emporter certifi\u00e9s, fabriqu\u00e9s \u00e0 partir de fibres renouvelables, parfaits pour les repas chauds, soupes et friandises froides. Dot\u00e9s d\u2019un rev\u00eatement bio en PLA d\u00e9riv\u00e9 du ma\u00efs, ils ne contiennent ni cire ni plastique, garantissant un choix plus sain et \u00e9cologique.<br \/>\n\u2705 Id\u00e9als pour soupes, salades et desserts<br \/>\n\u2705 Encouragent une marque \u00e9coresponsable<br \/>\n\ud83d\udeab Non compatible avec le micro-ondes<\/p>\n","protected":false},"featured_media":12581,"template":"","meta":{"_eb_attr":"","_uag_custom_page_level_css":"","site-sidebar-layout":"default","site-content-layout":"","ast-site-content-layout":"default","site-content-style":"default","site-sidebar-style":"default","ast-global-header-display":"","ast-banner-title-visibility":"","ast-main-header-display":"","ast-hfb-above-header-display":"","ast-hfb-below-header-display":"","ast-hfb-mobile-header-display":"","site-post-title":"","ast-breadcrumbs-content":"","ast-featured-img":"","footer-sml-layout":"","ast-disable-related-posts":"","theme-transparent-header-meta":"default","adv-header-id-meta":"","stick-header-meta":"","header-above-stick-meta":"","header-main-stick-meta":"","header-below-stick-meta":"","astra-migrate-meta-layouts":"set","ast-page-background-enabled":"default","ast-page-background-meta":{"desktop":{"background-color":"","background-image":"","background-repeat":"repeat","background-position":"center center","background-size":"auto","background-attachment":"scroll","background-type":"","background-media":"","overlay-type":"","overlay-color":"","overlay-opacity":"","overlay-gradient":""},"tablet":{"background-color":"","background-image":"","background-repeat":"repeat","background-position":"center center","background-size":"auto","background-attachment":"scroll","background-type":"","background-media":"","overlay-type":"","overlay-color":"","overlay-opacity":"","overlay-gradient":""},"mobile":{"background-color":"","background-image":"","background-repeat":"repeat","background-position":"center center","background-size":"auto","background-attachment":"scroll","background-type":"","background-media":"","overlay-type":"","overlay-color":"","overlay-opacity":"","overlay-gradient":""}},"ast-content-background-meta":{"desktop":{"background-color":"var(--ast-global-color-5)","background-image":"","background-repeat":"repeat","background-position":"center center","background-size":"auto","background-attachment":"scroll","background-type":"","background-media":"","overlay-type":"","overlay-color":"","overlay-opacity":"","overlay-gradient":""},"tablet":{"background-color":"var(--ast-global-color-5)","background-image":"","background-repeat":"repeat","background-position":"center center","background-size":"auto","background-attachment":"scroll","background-type":"","background-media":"","overlay-type":"","overlay-color":"","overlay-opacity":"","overlay-gradient":""},"mobile":{"background-color":"var(--ast-global-color-5)","background-image":"","background-repeat":"repeat","background-position":"center center","background-size":"auto","background-attachment":"scroll","background-type":"","background-media":"","overlay-type":"","overlay-color":"","overlay-opacity":"","overlay-gradient":""}},"_selected_store_location":"","_selected_store_location_key":""},"product_brand":[],"product_cat":[190,214,221],"product_tag":[],"class_list":{"0":"post-12332","1":"product","2":"type-product","3":"status-publish","4":"has-post-thumbnail","6":"product_cat-bols","7":"product_cat-bols-a-soupe","8":"product_cat-bols-a-soupe-a-emporter-et-couvercles","9":"desktop-align-center","10":"tablet-align-center","11":"mobile-align-center","13":"first","14":"instock","15":"shipping-taxable","16":"purchasable","17":"product-type-simple"},"yoast_head":"<!-- This site is optimized with the Yoast SEO plugin v27.5 - https:\/\/yoast.com\/product\/yoast-seo-wordpress\/ -->\n<title>Bol A Soupe Pour Emporter (Bambou \u2013 Doubl\u00e9 PLA) - Eco2bureau<\/title>\n<meta name=\"description\" content=\"Fabriqu\u00e9s \u00e0 partir de fibres renouvelables, ces bols compostables certifi\u00e9s sont parfaits pour les soupes, plats chauds et friandises froides.\" \/>\n<meta name=\"robots\" content=\"index, follow, max-snippet:-1, max-image-preview:large, max-video-preview:-1\" \/>\n<link rel=\"canonical\" href=\"https:\/\/www.eco2.ca\/fr\/product\/bol-a-soupe-pour-emporter\/\" \/>\n<meta property=\"og:locale\" content=\"fr_FR\" \/>\n<meta property=\"og:type\" content=\"article\" \/>\n<meta property=\"og:title\" content=\"Bol A Soupe Pour Emporter (Bambou \u2013 Doubl\u00e9 PLA) - Eco2bureau\" \/>\n<meta property=\"og:description\" content=\"Fabriqu\u00e9s \u00e0 partir de fibres renouvelables, ces bols compostables certifi\u00e9s sont parfaits pour les soupes, plats chauds et friandises froides.\" \/>\n<meta property=\"og:url\" content=\"https:\/\/www.eco2.ca\/fr\/product\/bol-a-soupe-pour-emporter\/\" \/>\n<meta property=\"og:site_name\" content=\"Eco2bureau\" \/>\n<meta property=\"article:modified_time\" content=\"2025-06-27T15:13:27+00:00\" \/>\n<meta property=\"og:image\" content=\"https:\/\/www.eco2.ca\/wp-content\/uploads\/2025\/06\/EP-BKSC32.jpg\" \/>\n\t<meta property=\"og:image:width\" content=\"1320\" \/>\n\t<meta property=\"og:image:height\" content=\"1296\" \/>\n\t<meta property=\"og:image:type\" content=\"image\/jpeg\" \/>\n<meta name=\"twitter:card\" content=\"summary_large_image\" \/>\n<meta name=\"twitter:label1\" content=\"Dur\u00e9e de lecture estim\u00e9e\" \/>\n\t<meta name=\"twitter:data1\" content=\"1 minute\" \/>\n<script type=\"application\/ld+json\" class=\"yoast-schema-graph\">{\"@context\":\"https:\\\/\\\/schema.org\",\"@graph\":[{\"@type\":\"WebPage\",\"@id\":\"https:\\\/\\\/www.eco2.ca\\\/fr\\\/product\\\/bol-a-soupe-pour-emporter\\\/\",\"url\":\"https:\\\/\\\/www.eco2.ca\\\/fr\\\/product\\\/bol-a-soupe-pour-emporter\\\/\",\"name\":\"Bol A Soupe Pour Emporter (Bambou \u2013 Doubl\u00e9 PLA) - Eco2bureau\",\"isPartOf\":{\"@id\":\"https:\\\/\\\/www.eco2.ca\\\/fr\\\/#website\"},\"primaryImageOfPage\":{\"@id\":\"https:\\\/\\\/www.eco2.ca\\\/fr\\\/product\\\/bol-a-soupe-pour-emporter\\\/#primaryimage\"},\"image\":{\"@id\":\"https:\\\/\\\/www.eco2.ca\\\/fr\\\/product\\\/bol-a-soupe-pour-emporter\\\/#primaryimage\"},\"thumbnailUrl\":\"https:\\\/\\\/www.eco2.ca\\\/wp-content\\\/uploads\\\/2025\\\/06\\\/EP-BKSC32.jpg\",\"datePublished\":\"2025-06-12T14:45:16+00:00\",\"dateModified\":\"2025-06-27T15:13:27+00:00\",\"description\":\"Fabriqu\u00e9s \u00e0 partir de fibres renouvelables, ces bols compostables certifi\u00e9s sont parfaits pour les soupes, plats chauds et friandises froides.\",\"breadcrumb\":{\"@id\":\"https:\\\/\\\/www.eco2.ca\\\/fr\\\/product\\\/bol-a-soupe-pour-emporter\\\/#breadcrumb\"},\"inLanguage\":\"fr-FR\",\"potentialAction\":[{\"@type\":\"ReadAction\",\"target\":[\"https:\\\/\\\/www.eco2.ca\\\/fr\\\/product\\\/bol-a-soupe-pour-emporter\\\/\"]}]},{\"@type\":\"ImageObject\",\"inLanguage\":\"fr-FR\",\"@id\":\"https:\\\/\\\/www.eco2.ca\\\/fr\\\/product\\\/bol-a-soupe-pour-emporter\\\/#primaryimage\",\"url\":\"https:\\\/\\\/www.eco2.ca\\\/wp-content\\\/uploads\\\/2025\\\/06\\\/EP-BKSC32.jpg\",\"contentUrl\":\"https:\\\/\\\/www.eco2.ca\\\/wp-content\\\/uploads\\\/2025\\\/06\\\/EP-BKSC32.jpg\",\"width\":1320,\"height\":1296,\"caption\":\"Take-Out Soup Bowl (Bamboo-PLA Lined)\"},{\"@type\":\"BreadcrumbList\",\"@id\":\"https:\\\/\\\/www.eco2.ca\\\/fr\\\/product\\\/bol-a-soupe-pour-emporter\\\/#breadcrumb\",\"itemListElement\":[{\"@type\":\"ListItem\",\"position\":1,\"name\":\"Home\",\"item\":\"https:\\\/\\\/www.eco2.ca\\\/fr\\\/\"},{\"@type\":\"ListItem\",\"position\":2,\"name\":\"Boutique\",\"item\":\"https:\\\/\\\/www.eco2.ca\\\/fr\\\/boutique\\\/\"},{\"@type\":\"ListItem\",\"position\":3,\"name\":\"Bol A Soupe Pour Emporter (Bambou \u2013 Doubl\u00e9 PLA)\"}]},{\"@type\":\"WebSite\",\"@id\":\"https:\\\/\\\/www.eco2.ca\\\/fr\\\/#website\",\"url\":\"https:\\\/\\\/www.eco2.ca\\\/fr\\\/\",\"name\":\"Eco2bureau\",\"description\":\"\",\"publisher\":{\"@id\":\"https:\\\/\\\/www.eco2.ca\\\/fr\\\/#organization\"},\"potentialAction\":[{\"@type\":\"SearchAction\",\"target\":{\"@type\":\"EntryPoint\",\"urlTemplate\":\"https:\\\/\\\/www.eco2.ca\\\/fr\\\/?s={search_term_string}\"},\"query-input\":{\"@type\":\"PropertyValueSpecification\",\"valueRequired\":true,\"valueName\":\"search_term_string\"}}],\"inLanguage\":\"fr-FR\"},{\"@type\":\"Organization\",\"@id\":\"https:\\\/\\\/www.eco2.ca\\\/fr\\\/#organization\",\"name\":\"Eco2bureau\",\"url\":\"https:\\\/\\\/www.eco2.ca\\\/fr\\\/\",\"logo\":{\"@type\":\"ImageObject\",\"inLanguage\":\"fr-FR\",\"@id\":\"https:\\\/\\\/www.eco2.ca\\\/fr\\\/#\\\/schema\\\/logo\\\/image\\\/\",\"url\":\"https:\\\/\\\/www.eco2.ca\\\/wp-content\\\/uploads\\\/2025\\\/04\\\/cropped-cropped-Add-a-subheading-3.png\",\"contentUrl\":\"https:\\\/\\\/www.eco2.ca\\\/wp-content\\\/uploads\\\/2025\\\/04\\\/cropped-cropped-Add-a-subheading-3.png\",\"width\":469,\"height\":109,\"caption\":\"Eco2bureau\"},\"image\":{\"@id\":\"https:\\\/\\\/www.eco2.ca\\\/fr\\\/#\\\/schema\\\/logo\\\/image\\\/\"}}]}<\/script>\n<!-- \/ Yoast SEO plugin. -->","yoast_head_json":{"title":"Bol A Soupe Pour Emporter (Bambou \u2013 Doubl\u00e9 PLA) - Eco2bureau","description":"Fabriqu\u00e9s \u00e0 partir de fibres renouvelables, ces bols compostables certifi\u00e9s sont parfaits pour les soupes, plats chauds et friandises froides.","robots":{"index":"index","follow":"follow","max-snippet":"max-snippet:-1","max-image-preview":"max-image-preview:large","max-video-preview":"max-video-preview:-1"},"canonical":"https:\/\/www.eco2.ca\/fr\/product\/bol-a-soupe-pour-emporter\/","og_locale":"fr_FR","og_type":"article","og_title":"Bol A Soupe Pour Emporter (Bambou \u2013 Doubl\u00e9 PLA) - Eco2bureau","og_description":"Fabriqu\u00e9s \u00e0 partir de fibres renouvelables, ces bols compostables certifi\u00e9s sont parfaits pour les soupes, plats chauds et friandises froides.","og_url":"https:\/\/www.eco2.ca\/fr\/product\/bol-a-soupe-pour-emporter\/","og_site_name":"Eco2bureau","article_modified_time":"2025-06-27T15:13:27+00:00","og_image":[{"width":1320,"height":1296,"url":"https:\/\/www.eco2.ca\/wp-content\/uploads\/2025\/06\/EP-BKSC32.jpg","type":"image\/jpeg"}],"twitter_card":"summary_large_image","twitter_misc":{"Dur\u00e9e de lecture estim\u00e9e":"1 minute"},"schema":{"@context":"https:\/\/schema.org","@graph":[{"@type":"WebPage","@id":"https:\/\/www.eco2.ca\/fr\/product\/bol-a-soupe-pour-emporter\/","url":"https:\/\/www.eco2.ca\/fr\/product\/bol-a-soupe-pour-emporter\/","name":"Bol A Soupe Pour Emporter (Bambou \u2013 Doubl\u00e9 PLA) - Eco2bureau","isPartOf":{"@id":"https:\/\/www.eco2.ca\/fr\/#website"},"primaryImageOfPage":{"@id":"https:\/\/www.eco2.ca\/fr\/product\/bol-a-soupe-pour-emporter\/#primaryimage"},"image":{"@id":"https:\/\/www.eco2.ca\/fr\/product\/bol-a-soupe-pour-emporter\/#primaryimage"},"thumbnailUrl":"https:\/\/www.eco2.ca\/wp-content\/uploads\/2025\/06\/EP-BKSC32.jpg","datePublished":"2025-06-12T14:45:16+00:00","dateModified":"2025-06-27T15:13:27+00:00","description":"Fabriqu\u00e9s \u00e0 partir de fibres renouvelables, ces bols compostables certifi\u00e9s sont parfaits pour les soupes, plats chauds et friandises froides.","breadcrumb":{"@id":"https:\/\/www.eco2.ca\/fr\/product\/bol-a-soupe-pour-emporter\/#breadcrumb"},"inLanguage":"fr-FR","potentialAction":[{"@type":"ReadAction","target":["https:\/\/www.eco2.ca\/fr\/product\/bol-a-soupe-pour-emporter\/"]}]},{"@type":"ImageObject","inLanguage":"fr-FR","@id":"https:\/\/www.eco2.ca\/fr\/product\/bol-a-soupe-pour-emporter\/#primaryimage","url":"https:\/\/www.eco2.ca\/wp-content\/uploads\/2025\/06\/EP-BKSC32.jpg","contentUrl":"https:\/\/www.eco2.ca\/wp-content\/uploads\/2025\/06\/EP-BKSC32.jpg","width":1320,"height":1296,"caption":"Take-Out Soup Bowl (Bamboo-PLA Lined)"},{"@type":"BreadcrumbList","@id":"https:\/\/www.eco2.ca\/fr\/product\/bol-a-soupe-pour-emporter\/#breadcrumb","itemListElement":[{"@type":"ListItem","position":1,"name":"Home","item":"https:\/\/www.eco2.ca\/fr\/"},{"@type":"ListItem","position":2,"name":"Boutique","item":"https:\/\/www.eco2.ca\/fr\/boutique\/"},{"@type":"ListItem","position":3,"name":"Bol A Soupe Pour Emporter (Bambou \u2013 Doubl\u00e9 PLA)"}]},{"@type":"WebSite","@id":"https:\/\/www.eco2.ca\/fr\/#website","url":"https:\/\/www.eco2.ca\/fr\/","name":"Eco2bureau","description":"","publisher":{"@id":"https:\/\/www.eco2.ca\/fr\/#organization"},"potentialAction":[{"@type":"SearchAction","target":{"@type":"EntryPoint","urlTemplate":"https:\/\/www.eco2.ca\/fr\/?s={search_term_string}"},"query-input":{"@type":"PropertyValueSpecification","valueRequired":true,"valueName":"search_term_string"}}],"inLanguage":"fr-FR"},{"@type":"Organization","@id":"https:\/\/www.eco2.ca\/fr\/#organization","name":"Eco2bureau","url":"https:\/\/www.eco2.ca\/fr\/","logo":{"@type":"ImageObject","inLanguage":"fr-FR","@id":"https:\/\/www.eco2.ca\/fr\/#\/schema\/logo\/image\/","url":"https:\/\/www.eco2.ca\/wp-content\/uploads\/2025\/04\/cropped-cropped-Add-a-subheading-3.png","contentUrl":"https:\/\/www.eco2.ca\/wp-content\/uploads\/2025\/04\/cropped-cropped-Add-a-subheading-3.png","width":469,"height":109,"caption":"Eco2bureau"},"image":{"@id":"https:\/\/www.eco2.ca\/fr\/#\/schema\/logo\/image\/"}}]}},"uagb_featured_image_src":{"full":["https:\/\/www.eco2.ca\/wp-content\/uploads\/2025\/06\/EP-BKSC32.jpg",1320,1296,false],"thumbnail":["https:\/\/www.eco2.ca\/wp-content\/uploads\/2025\/06\/EP-BKSC32-150x150.jpg",150,150,true],"medium":["https:\/\/www.eco2.ca\/wp-content\/uploads\/2025\/06\/EP-BKSC32-300x295.jpg",300,295,true],"medium_large":["https:\/\/www.eco2.ca\/wp-content\/uploads\/2025\/06\/EP-BKSC32-768x754.jpg",768,754,true],"large":["https:\/\/www.eco2.ca\/wp-content\/uploads\/2025\/06\/EP-BKSC32-1024x1005.jpg",1024,1005,true],"1536x1536":["https:\/\/www.eco2.ca\/wp-content\/uploads\/2025\/06\/EP-BKSC32.jpg",1320,1296,false],"2048x2048":["https:\/\/www.eco2.ca\/wp-content\/uploads\/2025\/06\/EP-BKSC32.jpg",1320,1296,false],"wishsuite-image":["https:\/\/www.eco2.ca\/wp-content\/uploads\/2025\/06\/EP-BKSC32.jpg",80,80,false],"woocommerce_thumbnail":["https:\/\/www.eco2.ca\/wp-content\/uploads\/2025\/06\/EP-BKSC32-300x300.jpg",300,300,true],"woocommerce_single":["https:\/\/www.eco2.ca\/wp-content\/uploads\/2025\/06\/EP-BKSC32-600x589.jpg",600,589,true],"woocommerce_gallery_thumbnail":["https:\/\/www.eco2.ca\/wp-content\/uploads\/2025\/06\/EP-BKSC32-100x100.jpg",100,100,true]},"uagb_author_info":{"display_name":"Mary ..","author_link":"https:\/\/www.eco2.ca\/fr\/author\/"},"uagb_comment_info":0,"uagb_excerpt":"Bol a soupe pour emporter certifi\u00e9s, fabriqu\u00e9s \u00e0 partir de fibres renouvelables, parfaits pour les repas chauds, soupes et friandises froides. Dot\u00e9s d\u2019un rev\u00eatement bio en PLA d\u00e9riv\u00e9 du ma\u00efs, ils ne contiennent ni cire ni plastique, garantissant un choix plus sain et \u00e9cologique. \u2705 Id\u00e9als pour soupes, salades et desserts \u2705 Encouragent une marque\u2026","_links":{"self":[{"href":"https:\/\/www.eco2.ca\/fr\/wp-json\/wp\/v2\/product\/12332","targetHints":{"allow":["GET"]}}],"collection":[{"href":"https:\/\/www.eco2.ca\/fr\/wp-json\/wp\/v2\/product"}],"about":[{"href":"https:\/\/www.eco2.ca\/fr\/wp-json\/wp\/v2\/types\/product"}],"wp:featuredmedia":[{"embeddable":true,"href":"https:\/\/www.eco2.ca\/fr\/wp-json\/wp\/v2\/media\/12581"}],"wp:attachment":[{"href":"https:\/\/www.eco2.ca\/fr\/wp-json\/wp\/v2\/media?parent=12332"}],"wp:term":[{"taxonomy":"product_brand","embeddable":true,"href":"https:\/\/www.eco2.ca\/fr\/wp-json\/wp\/v2\/product_brand?post=12332"},{"taxonomy":"product_cat","embeddable":true,"href":"https:\/\/www.eco2.ca\/fr\/wp-json\/wp\/v2\/product_cat?post=12332"},{"taxonomy":"product_tag","embeddable":true,"href":"https:\/\/www.eco2.ca\/fr\/wp-json\/wp\/v2\/product_tag?post=12332"}],"curies":[{"name":"wp","href":"https:\/\/api.w.org\/{rel}","templated":true}]}}