{"id":12337,"date":"2025-06-12T15:15:55","date_gmt":"2025-06-12T15:15:55","guid":{"rendered":"https:\/\/www.eco2.ca\/product\/compostable-paperboard-soup-bowls\/"},"modified":"2025-06-27T15:06:32","modified_gmt":"2025-06-27T15:06:32","slug":"bols-a-soupe-en-carton-compostable","status":"publish","type":"product","link":"https:\/\/www.eco2.ca\/fr\/product\/bols-a-soupe-en-carton-compostable\/","title":{"rendered":"Bols A Soupe En Carton Compostable"},"content":{"rendered":"<h2 style=\"font-size: 1.4em;\">Bols A Soupe En Carton Compostable \u2013 Pratiques &amp; \u00c9coresponsables<\/h2>\n<p>Servez des <strong>soupes, cr\u00e8mes glac\u00e9es et autres repas d\u00e9licieux<\/strong> avec facilit\u00e9 gr\u00e2ce \u00e0 ces <strong>bols \u00e0 soupe en carton compostable<\/strong>. Con\u00e7us avec un <strong>rev\u00eatement en PLA compostable<\/strong>, ils garantissent <strong>une performance \u00e9tanche<\/strong> tout en respectant les normes \u00e9cologiques.<\/p>\n<h3 style=\"font-size: 1.3em;\">Caract\u00e9ristiques:<\/h3>\n<p>\u2705 <strong>Construction en papier durable<\/strong> pour un aspect naturel<\/p>\n<p>\u2705 <strong>Rev\u00eatement en PLA<\/strong> emp\u00eachant les fuites pour un service sans d\u00e9sordre<\/p>\n<p>\u2705 <strong>Facile \u00e0 \u00e9crire dessus ou \u00e0 ajouter un autocollant compostable<\/strong> pour un branding personnalis\u00e9<\/p>\n<p>\u2705 <strong>Parfait pour la restauration, les plats \u00e0 emporter et les entreprises soucieuses de l\u2019environnement<\/strong><\/p>\n<p>Une <strong>solution \u00e9l\u00e9gante et durable<\/strong> pour les professionnels de la restauration alliant <strong>qualit\u00e9, praticit\u00e9 et engagement \u00e9cologique<\/strong>!<\/p>\n","protected":false},"excerpt":{"rendered":"<p><strong>Ce bol \u00e0 soupe en papier \u00e9tanche, doubl\u00e9 de PLA compostable, est id\u00e9al pour servir des soupes avec \u00e9l\u00e9gance. <\/strong>Sa <strong>surface lisse<\/strong> permet une <strong>\u00e9criture facile<\/strong> ou une <strong>impression personnalis\u00e9e<\/strong>, offrant une grande commodit\u00e9 pour le branding et l\u2019\u00e9tiquetage.<\/p>\n","protected":false},"featured_media":10539,"template":"","meta":{"_eb_attr":"","_uag_custom_page_level_css":"","site-sidebar-layout":"default","site-content-layout":"","ast-site-content-layout":"default","site-content-style":"default","site-sidebar-style":"default","ast-global-header-display":"","ast-banner-title-visibility":"","ast-main-header-display":"","ast-hfb-above-header-display":"","ast-hfb-below-header-display":"","ast-hfb-mobile-header-display":"","site-post-title":"","ast-breadcrumbs-content":"","ast-featured-img":"","footer-sml-layout":"","ast-disable-related-posts":"","theme-transparent-header-meta":"default","adv-header-id-meta":"","stick-header-meta":"","header-above-stick-meta":"","header-main-stick-meta":"","header-below-stick-meta":"","astra-migrate-meta-layouts":"set","ast-page-background-enabled":"default","ast-page-background-meta":{"desktop":{"background-color":"","background-image":"","background-repeat":"repeat","background-position":"center center","background-size":"auto","background-attachment":"scroll","background-type":"","background-media":"","overlay-type":"","overlay-color":"","overlay-opacity":"","overlay-gradient":""},"tablet":{"background-color":"","background-image":"","background-repeat":"repeat","background-position":"center center","background-size":"auto","background-attachment":"scroll","background-type":"","background-media":"","overlay-type":"","overlay-color":"","overlay-opacity":"","overlay-gradient":""},"mobile":{"background-color":"","background-image":"","background-repeat":"repeat","background-position":"center center","background-size":"auto","background-attachment":"scroll","background-type":"","background-media":"","overlay-type":"","overlay-color":"","overlay-opacity":"","overlay-gradient":""}},"ast-content-background-meta":{"desktop":{"background-color":"var(--ast-global-color-5)","background-image":"","background-repeat":"repeat","background-position":"center center","background-size":"auto","background-attachment":"scroll","background-type":"","background-media":"","overlay-type":"","overlay-color":"","overlay-opacity":"","overlay-gradient":""},"tablet":{"background-color":"var(--ast-global-color-5)","background-image":"","background-repeat":"repeat","background-position":"center center","background-size":"auto","background-attachment":"scroll","background-type":"","background-media":"","overlay-type":"","overlay-color":"","overlay-opacity":"","overlay-gradient":""},"mobile":{"background-color":"var(--ast-global-color-5)","background-image":"","background-repeat":"repeat","background-position":"center center","background-size":"auto","background-attachment":"scroll","background-type":"","background-media":"","overlay-type":"","overlay-color":"","overlay-opacity":"","overlay-gradient":""}},"_selected_store_location":"","_selected_store_location_key":""},"product_brand":[],"product_cat":[190,214,221],"product_tag":[],"class_list":{"0":"post-12337","1":"product","2":"type-product","3":"status-publish","4":"has-post-thumbnail","6":"product_cat-bols","7":"product_cat-bols-a-soupe","8":"product_cat-bols-a-soupe-a-emporter-et-couvercles","9":"wcmi-has-gallery","10":"desktop-align-center","11":"tablet-align-center","12":"mobile-align-center","14":"first","15":"instock","16":"shipping-taxable","17":"purchasable","18":"product-type-simple"},"yoast_head":"<!-- This site is optimized with the Yoast SEO plugin v27.2 - https:\/\/yoast.com\/product\/yoast-seo-wordpress\/ -->\n<title>Bols A Soupe En Carton Compostable - Eco2bureau<\/title>\n<meta name=\"description\" content=\"Servez des soupes, cr\u00e8mes glac\u00e9es et autres repas d\u00e9licieux avec facilit\u00e9 gr\u00e2ce \u00e0 ces bols \u00e0 soupe en carton compostable.\" \/>\n<meta name=\"robots\" content=\"index, follow, max-snippet:-1, max-image-preview:large, max-video-preview:-1\" \/>\n<link rel=\"canonical\" href=\"https:\/\/www.eco2.ca\/fr\/product\/bols-a-soupe-en-carton-compostable\/\" \/>\n<meta property=\"og:locale\" content=\"fr_FR\" \/>\n<meta property=\"og:type\" content=\"article\" \/>\n<meta property=\"og:title\" content=\"Bols A Soupe En Carton Compostable - Eco2bureau\" \/>\n<meta property=\"og:description\" content=\"Servez des soupes, cr\u00e8mes glac\u00e9es et autres repas d\u00e9licieux avec facilit\u00e9 gr\u00e2ce \u00e0 ces bols \u00e0 soupe en carton compostable.\" \/>\n<meta property=\"og:url\" content=\"https:\/\/www.eco2.ca\/fr\/product\/bols-a-soupe-en-carton-compostable\/\" \/>\n<meta property=\"og:site_name\" content=\"Eco2bureau\" \/>\n<meta property=\"article:modified_time\" content=\"2025-06-27T15:06:32+00:00\" \/>\n<meta property=\"og:image\" content=\"https:\/\/www.eco2.ca\/wp-content\/uploads\/2025\/05\/EP-BHSC06.jpg\" \/>\n\t<meta property=\"og:image:width\" content=\"800\" \/>\n\t<meta property=\"og:image:height\" content=\"800\" \/>\n\t<meta property=\"og:image:type\" content=\"image\/jpeg\" \/>\n<meta name=\"twitter:card\" content=\"summary_large_image\" \/>\n<meta name=\"twitter:label1\" content=\"Dur\u00e9e de lecture estim\u00e9e\" \/>\n\t<meta name=\"twitter:data1\" content=\"1 minute\" \/>\n<script type=\"application\/ld+json\" class=\"yoast-schema-graph\">{\"@context\":\"https:\/\/schema.org\",\"@graph\":[{\"@type\":\"WebPage\",\"@id\":\"https:\/\/www.eco2.ca\/fr\/product\/bols-a-soupe-en-carton-compostable\/\",\"url\":\"https:\/\/www.eco2.ca\/fr\/product\/bols-a-soupe-en-carton-compostable\/\",\"name\":\"Bols A Soupe En Carton Compostable - Eco2bureau\",\"isPartOf\":{\"@id\":\"https:\/\/www.eco2.ca\/fr\/#website\"},\"primaryImageOfPage\":{\"@id\":\"https:\/\/www.eco2.ca\/fr\/product\/bols-a-soupe-en-carton-compostable\/#primaryimage\"},\"image\":{\"@id\":\"https:\/\/www.eco2.ca\/fr\/product\/bols-a-soupe-en-carton-compostable\/#primaryimage\"},\"thumbnailUrl\":\"https:\/\/www.eco2.ca\/wp-content\/uploads\/2025\/05\/EP-BHSC06.jpg\",\"datePublished\":\"2025-06-12T15:15:55+00:00\",\"dateModified\":\"2025-06-27T15:06:32+00:00\",\"description\":\"Servez des soupes, cr\u00e8mes glac\u00e9es et autres repas d\u00e9licieux avec facilit\u00e9 gr\u00e2ce \u00e0 ces bols \u00e0 soupe en carton compostable.\",\"breadcrumb\":{\"@id\":\"https:\/\/www.eco2.ca\/fr\/product\/bols-a-soupe-en-carton-compostable\/#breadcrumb\"},\"inLanguage\":\"fr-FR\",\"potentialAction\":[{\"@type\":\"ReadAction\",\"target\":[\"https:\/\/www.eco2.ca\/fr\/product\/bols-a-soupe-en-carton-compostable\/\"]}]},{\"@type\":\"ImageObject\",\"inLanguage\":\"fr-FR\",\"@id\":\"https:\/\/www.eco2.ca\/fr\/product\/bols-a-soupe-en-carton-compostable\/#primaryimage\",\"url\":\"https:\/\/www.eco2.ca\/wp-content\/uploads\/2025\/05\/EP-BHSC06.jpg\",\"contentUrl\":\"https:\/\/www.eco2.ca\/wp-content\/uploads\/2025\/05\/EP-BHSC06.jpg\",\"width\":800,\"height\":800},{\"@type\":\"BreadcrumbList\",\"@id\":\"https:\/\/www.eco2.ca\/fr\/product\/bols-a-soupe-en-carton-compostable\/#breadcrumb\",\"itemListElement\":[{\"@type\":\"ListItem\",\"position\":1,\"name\":\"Home\",\"item\":\"https:\/\/www.eco2.ca\/fr\/\"},{\"@type\":\"ListItem\",\"position\":2,\"name\":\"Boutique\",\"item\":\"https:\/\/www.eco2.ca\/fr\/boutique\/\"},{\"@type\":\"ListItem\",\"position\":3,\"name\":\"Bols A Soupe En Carton Compostable\"}]},{\"@type\":\"WebSite\",\"@id\":\"https:\/\/www.eco2.ca\/fr\/#website\",\"url\":\"https:\/\/www.eco2.ca\/fr\/\",\"name\":\"Eco2bureau\",\"description\":\"\",\"publisher\":{\"@id\":\"https:\/\/www.eco2.ca\/fr\/#organization\"},\"potentialAction\":[{\"@type\":\"SearchAction\",\"target\":{\"@type\":\"EntryPoint\",\"urlTemplate\":\"https:\/\/www.eco2.ca\/fr\/?s={search_term_string}\"},\"query-input\":{\"@type\":\"PropertyValueSpecification\",\"valueRequired\":true,\"valueName\":\"search_term_string\"}}],\"inLanguage\":\"fr-FR\"},{\"@type\":\"Organization\",\"@id\":\"https:\/\/www.eco2.ca\/fr\/#organization\",\"name\":\"Eco2bureau\",\"url\":\"https:\/\/www.eco2.ca\/fr\/\",\"logo\":{\"@type\":\"ImageObject\",\"inLanguage\":\"fr-FR\",\"@id\":\"https:\/\/www.eco2.ca\/fr\/#\/schema\/logo\/image\/\",\"url\":\"https:\/\/www.eco2.ca\/wp-content\/uploads\/2025\/04\/cropped-cropped-Add-a-subheading-3.png\",\"contentUrl\":\"https:\/\/www.eco2.ca\/wp-content\/uploads\/2025\/04\/cropped-cropped-Add-a-subheading-3.png\",\"width\":469,\"height\":109,\"caption\":\"Eco2bureau\"},\"image\":{\"@id\":\"https:\/\/www.eco2.ca\/fr\/#\/schema\/logo\/image\/\"}}]}<\/script>\n<!-- \/ Yoast SEO plugin. -->","yoast_head_json":{"title":"Bols A Soupe En Carton Compostable - Eco2bureau","description":"Servez des soupes, cr\u00e8mes glac\u00e9es et autres repas d\u00e9licieux avec facilit\u00e9 gr\u00e2ce \u00e0 ces bols \u00e0 soupe en carton compostable.","robots":{"index":"index","follow":"follow","max-snippet":"max-snippet:-1","max-image-preview":"max-image-preview:large","max-video-preview":"max-video-preview:-1"},"canonical":"https:\/\/www.eco2.ca\/fr\/product\/bols-a-soupe-en-carton-compostable\/","og_locale":"fr_FR","og_type":"article","og_title":"Bols A Soupe En Carton Compostable - Eco2bureau","og_description":"Servez des soupes, cr\u00e8mes glac\u00e9es et autres repas d\u00e9licieux avec facilit\u00e9 gr\u00e2ce \u00e0 ces bols \u00e0 soupe en carton compostable.","og_url":"https:\/\/www.eco2.ca\/fr\/product\/bols-a-soupe-en-carton-compostable\/","og_site_name":"Eco2bureau","article_modified_time":"2025-06-27T15:06:32+00:00","og_image":[{"width":800,"height":800,"url":"https:\/\/www.eco2.ca\/wp-content\/uploads\/2025\/05\/EP-BHSC06.jpg","type":"image\/jpeg"}],"twitter_card":"summary_large_image","twitter_misc":{"Dur\u00e9e de lecture estim\u00e9e":"1 minute"},"schema":{"@context":"https:\/\/schema.org","@graph":[{"@type":"WebPage","@id":"https:\/\/www.eco2.ca\/fr\/product\/bols-a-soupe-en-carton-compostable\/","url":"https:\/\/www.eco2.ca\/fr\/product\/bols-a-soupe-en-carton-compostable\/","name":"Bols A Soupe En Carton Compostable - Eco2bureau","isPartOf":{"@id":"https:\/\/www.eco2.ca\/fr\/#website"},"primaryImageOfPage":{"@id":"https:\/\/www.eco2.ca\/fr\/product\/bols-a-soupe-en-carton-compostable\/#primaryimage"},"image":{"@id":"https:\/\/www.eco2.ca\/fr\/product\/bols-a-soupe-en-carton-compostable\/#primaryimage"},"thumbnailUrl":"https:\/\/www.eco2.ca\/wp-content\/uploads\/2025\/05\/EP-BHSC06.jpg","datePublished":"2025-06-12T15:15:55+00:00","dateModified":"2025-06-27T15:06:32+00:00","description":"Servez des soupes, cr\u00e8mes glac\u00e9es et autres repas d\u00e9licieux avec facilit\u00e9 gr\u00e2ce \u00e0 ces bols \u00e0 soupe en carton compostable.","breadcrumb":{"@id":"https:\/\/www.eco2.ca\/fr\/product\/bols-a-soupe-en-carton-compostable\/#breadcrumb"},"inLanguage":"fr-FR","potentialAction":[{"@type":"ReadAction","target":["https:\/\/www.eco2.ca\/fr\/product\/bols-a-soupe-en-carton-compostable\/"]}]},{"@type":"ImageObject","inLanguage":"fr-FR","@id":"https:\/\/www.eco2.ca\/fr\/product\/bols-a-soupe-en-carton-compostable\/#primaryimage","url":"https:\/\/www.eco2.ca\/wp-content\/uploads\/2025\/05\/EP-BHSC06.jpg","contentUrl":"https:\/\/www.eco2.ca\/wp-content\/uploads\/2025\/05\/EP-BHSC06.jpg","width":800,"height":800},{"@type":"BreadcrumbList","@id":"https:\/\/www.eco2.ca\/fr\/product\/bols-a-soupe-en-carton-compostable\/#breadcrumb","itemListElement":[{"@type":"ListItem","position":1,"name":"Home","item":"https:\/\/www.eco2.ca\/fr\/"},{"@type":"ListItem","position":2,"name":"Boutique","item":"https:\/\/www.eco2.ca\/fr\/boutique\/"},{"@type":"ListItem","position":3,"name":"Bols A Soupe En Carton Compostable"}]},{"@type":"WebSite","@id":"https:\/\/www.eco2.ca\/fr\/#website","url":"https:\/\/www.eco2.ca\/fr\/","name":"Eco2bureau","description":"","publisher":{"@id":"https:\/\/www.eco2.ca\/fr\/#organization"},"potentialAction":[{"@type":"SearchAction","target":{"@type":"EntryPoint","urlTemplate":"https:\/\/www.eco2.ca\/fr\/?s={search_term_string}"},"query-input":{"@type":"PropertyValueSpecification","valueRequired":true,"valueName":"search_term_string"}}],"inLanguage":"fr-FR"},{"@type":"Organization","@id":"https:\/\/www.eco2.ca\/fr\/#organization","name":"Eco2bureau","url":"https:\/\/www.eco2.ca\/fr\/","logo":{"@type":"ImageObject","inLanguage":"fr-FR","@id":"https:\/\/www.eco2.ca\/fr\/#\/schema\/logo\/image\/","url":"https:\/\/www.eco2.ca\/wp-content\/uploads\/2025\/04\/cropped-cropped-Add-a-subheading-3.png","contentUrl":"https:\/\/www.eco2.ca\/wp-content\/uploads\/2025\/04\/cropped-cropped-Add-a-subheading-3.png","width":469,"height":109,"caption":"Eco2bureau"},"image":{"@id":"https:\/\/www.eco2.ca\/fr\/#\/schema\/logo\/image\/"}}]}},"uagb_featured_image_src":{"full":["https:\/\/www.eco2.ca\/wp-content\/uploads\/2025\/05\/EP-BHSC06.jpg",800,800,false],"thumbnail":["https:\/\/www.eco2.ca\/wp-content\/uploads\/2025\/05\/EP-BHSC06-150x150.jpg",150,150,true],"medium":["https:\/\/www.eco2.ca\/wp-content\/uploads\/2025\/05\/EP-BHSC06-300x300.jpg",300,300,true],"medium_large":["https:\/\/www.eco2.ca\/wp-content\/uploads\/2025\/05\/EP-BHSC06-768x768.jpg",768,768,true],"large":["https:\/\/www.eco2.ca\/wp-content\/uploads\/2025\/05\/EP-BHSC06.jpg",800,800,false],"1536x1536":["https:\/\/www.eco2.ca\/wp-content\/uploads\/2025\/05\/EP-BHSC06.jpg",800,800,false],"2048x2048":["https:\/\/www.eco2.ca\/wp-content\/uploads\/2025\/05\/EP-BHSC06.jpg",800,800,false],"wishsuite-image":["https:\/\/www.eco2.ca\/wp-content\/uploads\/2025\/05\/EP-BHSC06.jpg",80,80,false],"woocommerce_thumbnail":["https:\/\/www.eco2.ca\/wp-content\/uploads\/2025\/05\/EP-BHSC06-300x300.jpg",300,300,true],"woocommerce_single":["https:\/\/www.eco2.ca\/wp-content\/uploads\/2025\/05\/EP-BHSC06-600x600.jpg",600,600,true],"woocommerce_gallery_thumbnail":["https:\/\/www.eco2.ca\/wp-content\/uploads\/2025\/05\/EP-BHSC06-100x100.jpg",100,100,true]},"uagb_author_info":{"display_name":"Mary ..","author_link":"https:\/\/www.eco2.ca\/fr\/author\/"},"uagb_comment_info":0,"uagb_excerpt":"Ce bol \u00e0 soupe en papier \u00e9tanche, doubl\u00e9 de PLA compostable, est id\u00e9al pour servir des soupes avec \u00e9l\u00e9gance. Sa surface lisse permet une \u00e9criture facile ou une impression personnalis\u00e9e, offrant une grande commodit\u00e9 pour le branding et l\u2019\u00e9tiquetage.","_links":{"self":[{"href":"https:\/\/www.eco2.ca\/fr\/wp-json\/wp\/v2\/product\/12337","targetHints":{"allow":["GET"]}}],"collection":[{"href":"https:\/\/www.eco2.ca\/fr\/wp-json\/wp\/v2\/product"}],"about":[{"href":"https:\/\/www.eco2.ca\/fr\/wp-json\/wp\/v2\/types\/product"}],"wp:featuredmedia":[{"embeddable":true,"href":"https:\/\/www.eco2.ca\/fr\/wp-json\/wp\/v2\/media\/10539"}],"wp:attachment":[{"href":"https:\/\/www.eco2.ca\/fr\/wp-json\/wp\/v2\/media?parent=12337"}],"wp:term":[{"taxonomy":"product_brand","embeddable":true,"href":"https:\/\/www.eco2.ca\/fr\/wp-json\/wp\/v2\/product_brand?post=12337"},{"taxonomy":"product_cat","embeddable":true,"href":"https:\/\/www.eco2.ca\/fr\/wp-json\/wp\/v2\/product_cat?post=12337"},{"taxonomy":"product_tag","embeddable":true,"href":"https:\/\/www.eco2.ca\/fr\/wp-json\/wp\/v2\/product_tag?post=12337"}],"curies":[{"name":"wp","href":"https:\/\/api.w.org\/{rel}","templated":true}]}}