{"id":12341,"date":"2025-06-12T15:42:35","date_gmt":"2025-06-12T15:42:35","guid":{"rendered":"https:\/\/www.eco2.ca\/product\/compostable-take-out-soup-bowl-lids\/"},"modified":"2025-08-31T15:15:58","modified_gmt":"2025-08-31T15:15:58","slug":"couvercles-pour-bols-a-soupe-a-emporter","status":"publish","type":"product","link":"https:\/\/www.eco2.ca\/fr\/product\/couvercles-pour-bols-a-soupe-a-emporter\/","title":{"rendered":"Couvercles Pour Bols A Soupe A Emporter"},"content":{"rendered":"<h2 style=\"font-size: 1.3em;\">Couvercles Pour Bols A Soupe A Emporter \u2013 Durables &amp; Sans plastique<\/h2>\n<p>Con\u00e7us pour les <strong>bols \u00e0 soupe \u00e0 emporter<\/strong>, ces <strong>couvercles <\/strong>offrent une <strong>solution \u00e9cologique et sans plastique<\/strong> pour la restauration. Fabriqu\u00e9s \u00e0 partir de <strong>fibres l\u00e9g\u00e8res, robustes et r\u00e9sistantes \u00e0 l\u2019humidit\u00e9<\/strong>, ils assurent une <strong>protection fiable<\/strong> tout en soutenant des pratiques respectueuses de l\u2019environnement.<\/p>\n<h3 style=\"font-size: 1.2em;\">Caract\u00e9ristiques:<\/h3>\n<p>\u2705 <strong>Compatibles avec les bols \u00e0 soupe \u00e0 emporter <\/strong>pour un aspect naturel<\/p>\n<p>\u2705 <strong>Conception anti-fuite<\/strong> pour \u00e9viter les d\u00e9bordements<\/p>\n<p>\u2705 <strong>Recyclables et Compostable<\/strong><\/p>\n<p>Une <strong>solution intelligente et \u00e9cologique<\/strong> pour les <strong>restaurants, caf\u00e9s et traiteurs<\/strong> recherchant un <strong>emballage durable et de haute qualit\u00e9<\/strong> !<\/p>\n","protected":false},"excerpt":{"rendered":"<p>Couvercles en fibre de bagasse \u2013 Une solution sans plastique pour les bols \u00e0 soupe.<br \/>\n\u2705 L\u00e9gers, robustes et r\u00e9sistants \u00e0 l\u2019humidit\u00e9<br \/>\n\u2705 Compatibles avec les bols \u00e0 soupe \u00e0 emporter<br \/>\n\u2705 Recyclables et Compostable<\/p>\n","protected":false},"featured_media":10533,"template":"","meta":{"_eb_attr":"","_uag_custom_page_level_css":"","site-sidebar-layout":"default","site-content-layout":"","ast-site-content-layout":"default","site-content-style":"default","site-sidebar-style":"default","ast-global-header-display":"","ast-banner-title-visibility":"","ast-main-header-display":"","ast-hfb-above-header-display":"","ast-hfb-below-header-display":"","ast-hfb-mobile-header-display":"","site-post-title":"","ast-breadcrumbs-content":"","ast-featured-img":"","footer-sml-layout":"","ast-disable-related-posts":"","theme-transparent-header-meta":"default","adv-header-id-meta":"","stick-header-meta":"","header-above-stick-meta":"","header-main-stick-meta":"","header-below-stick-meta":"","astra-migrate-meta-layouts":"set","ast-page-background-enabled":"default","ast-page-background-meta":{"desktop":{"background-color":"","background-image":"","background-repeat":"repeat","background-position":"center center","background-size":"auto","background-attachment":"scroll","background-type":"","background-media":"","overlay-type":"","overlay-color":"","overlay-opacity":"","overlay-gradient":""},"tablet":{"background-color":"","background-image":"","background-repeat":"repeat","background-position":"center center","background-size":"auto","background-attachment":"scroll","background-type":"","background-media":"","overlay-type":"","overlay-color":"","overlay-opacity":"","overlay-gradient":""},"mobile":{"background-color":"","background-image":"","background-repeat":"repeat","background-position":"center center","background-size":"auto","background-attachment":"scroll","background-type":"","background-media":"","overlay-type":"","overlay-color":"","overlay-opacity":"","overlay-gradient":""}},"ast-content-background-meta":{"desktop":{"background-color":"var(--ast-global-color-5)","background-image":"","background-repeat":"repeat","background-position":"center center","background-size":"auto","background-attachment":"scroll","background-type":"","background-media":"","overlay-type":"","overlay-color":"","overlay-opacity":"","overlay-gradient":""},"tablet":{"background-color":"var(--ast-global-color-5)","background-image":"","background-repeat":"repeat","background-position":"center center","background-size":"auto","background-attachment":"scroll","background-type":"","background-media":"","overlay-type":"","overlay-color":"","overlay-opacity":"","overlay-gradient":""},"mobile":{"background-color":"var(--ast-global-color-5)","background-image":"","background-repeat":"repeat","background-position":"center center","background-size":"auto","background-attachment":"scroll","background-type":"","background-media":"","overlay-type":"","overlay-color":"","overlay-opacity":"","overlay-gradient":""}},"_selected_store_location":"","_selected_store_location_key":""},"product_brand":[],"product_cat":[190,214,221],"product_tag":[],"class_list":{"0":"post-12341","1":"product","2":"type-product","3":"status-publish","4":"has-post-thumbnail","6":"product_cat-bols","7":"product_cat-bols-a-soupe","8":"product_cat-bols-a-soupe-a-emporter-et-couvercles","9":"wcmi-has-gallery","10":"desktop-align-center","11":"tablet-align-center","12":"mobile-align-center","14":"first","15":"instock","16":"shipping-taxable","17":"purchasable","18":"product-type-simple"},"yoast_head":"<!-- This site is optimized with the Yoast SEO plugin v27.2 - https:\/\/yoast.com\/product\/yoast-seo-wordpress\/ -->\n<title>Couvercles Pour Bols A Soupe A Emporter - Eco2bureau<\/title>\n<meta name=\"description\" content=\"Con\u00e7us pour les bols \u00e0 soupe \u00e0 emporter, ces couvercles offrent une solution \u00e9cologique et sans plastique pour la restauration. Fabriqu\u00e9s \u00e0 partir de fibres\" \/>\n<meta name=\"robots\" content=\"index, follow, max-snippet:-1, max-image-preview:large, max-video-preview:-1\" \/>\n<link rel=\"canonical\" href=\"https:\/\/www.eco2.ca\/fr\/product\/couvercles-pour-bols-a-soupe-a-emporter\/\" \/>\n<meta property=\"og:locale\" content=\"fr_FR\" \/>\n<meta property=\"og:type\" content=\"article\" \/>\n<meta property=\"og:title\" content=\"Couvercles Pour Bols A Soupe A Emporter - Eco2bureau\" \/>\n<meta property=\"og:description\" content=\"Con\u00e7us pour les bols \u00e0 soupe \u00e0 emporter, ces couvercles offrent une solution \u00e9cologique et sans plastique pour la restauration. Fabriqu\u00e9s \u00e0 partir de fibres\" \/>\n<meta property=\"og:url\" content=\"https:\/\/www.eco2.ca\/fr\/product\/couvercles-pour-bols-a-soupe-a-emporter\/\" \/>\n<meta property=\"og:site_name\" content=\"Eco2bureau\" \/>\n<meta property=\"article:modified_time\" content=\"2025-08-31T15:15:58+00:00\" \/>\n<meta property=\"og:image\" content=\"https:\/\/www.eco2.ca\/wp-content\/uploads\/2025\/05\/bagasselid-1.jpg\" \/>\n\t<meta property=\"og:image:width\" content=\"2560\" \/>\n\t<meta property=\"og:image:height\" content=\"2560\" \/>\n\t<meta property=\"og:image:type\" content=\"image\/jpeg\" \/>\n<meta name=\"twitter:card\" content=\"summary_large_image\" \/>\n<meta name=\"twitter:label1\" content=\"Dur\u00e9e de lecture estim\u00e9e\" \/>\n\t<meta name=\"twitter:data1\" content=\"1 minute\" \/>\n<script type=\"application\/ld+json\" class=\"yoast-schema-graph\">{\"@context\":\"https:\/\/schema.org\",\"@graph\":[{\"@type\":\"WebPage\",\"@id\":\"https:\/\/www.eco2.ca\/fr\/product\/couvercles-pour-bols-a-soupe-a-emporter\/\",\"url\":\"https:\/\/www.eco2.ca\/fr\/product\/couvercles-pour-bols-a-soupe-a-emporter\/\",\"name\":\"Couvercles Pour Bols A Soupe A Emporter - Eco2bureau\",\"isPartOf\":{\"@id\":\"https:\/\/www.eco2.ca\/fr\/#website\"},\"primaryImageOfPage\":{\"@id\":\"https:\/\/www.eco2.ca\/fr\/product\/couvercles-pour-bols-a-soupe-a-emporter\/#primaryimage\"},\"image\":{\"@id\":\"https:\/\/www.eco2.ca\/fr\/product\/couvercles-pour-bols-a-soupe-a-emporter\/#primaryimage\"},\"thumbnailUrl\":\"https:\/\/www.eco2.ca\/wp-content\/uploads\/2025\/05\/bagasselid-1.jpg\",\"datePublished\":\"2025-06-12T15:42:35+00:00\",\"dateModified\":\"2025-08-31T15:15:58+00:00\",\"description\":\"Con\u00e7us pour les bols \u00e0 soupe \u00e0 emporter, ces couvercles offrent une solution \u00e9cologique et sans plastique pour la restauration. Fabriqu\u00e9s \u00e0 partir de fibres\",\"breadcrumb\":{\"@id\":\"https:\/\/www.eco2.ca\/fr\/product\/couvercles-pour-bols-a-soupe-a-emporter\/#breadcrumb\"},\"inLanguage\":\"fr-FR\",\"potentialAction\":[{\"@type\":\"ReadAction\",\"target\":[\"https:\/\/www.eco2.ca\/fr\/product\/couvercles-pour-bols-a-soupe-a-emporter\/\"]}]},{\"@type\":\"ImageObject\",\"inLanguage\":\"fr-FR\",\"@id\":\"https:\/\/www.eco2.ca\/fr\/product\/couvercles-pour-bols-a-soupe-a-emporter\/#primaryimage\",\"url\":\"https:\/\/www.eco2.ca\/wp-content\/uploads\/2025\/05\/bagasselid-1.jpg\",\"contentUrl\":\"https:\/\/www.eco2.ca\/wp-content\/uploads\/2025\/05\/bagasselid-1.jpg\",\"width\":2560,\"height\":2560,\"caption\":\"Take-Out Soup Lids\"},{\"@type\":\"BreadcrumbList\",\"@id\":\"https:\/\/www.eco2.ca\/fr\/product\/couvercles-pour-bols-a-soupe-a-emporter\/#breadcrumb\",\"itemListElement\":[{\"@type\":\"ListItem\",\"position\":1,\"name\":\"Home\",\"item\":\"https:\/\/www.eco2.ca\/fr\/\"},{\"@type\":\"ListItem\",\"position\":2,\"name\":\"Boutique\",\"item\":\"https:\/\/www.eco2.ca\/fr\/boutique\/\"},{\"@type\":\"ListItem\",\"position\":3,\"name\":\"Couvercles Pour Bols A Soupe A Emporter\"}]},{\"@type\":\"WebSite\",\"@id\":\"https:\/\/www.eco2.ca\/fr\/#website\",\"url\":\"https:\/\/www.eco2.ca\/fr\/\",\"name\":\"Eco2bureau\",\"description\":\"\",\"publisher\":{\"@id\":\"https:\/\/www.eco2.ca\/fr\/#organization\"},\"potentialAction\":[{\"@type\":\"SearchAction\",\"target\":{\"@type\":\"EntryPoint\",\"urlTemplate\":\"https:\/\/www.eco2.ca\/fr\/?s={search_term_string}\"},\"query-input\":{\"@type\":\"PropertyValueSpecification\",\"valueRequired\":true,\"valueName\":\"search_term_string\"}}],\"inLanguage\":\"fr-FR\"},{\"@type\":\"Organization\",\"@id\":\"https:\/\/www.eco2.ca\/fr\/#organization\",\"name\":\"Eco2bureau\",\"url\":\"https:\/\/www.eco2.ca\/fr\/\",\"logo\":{\"@type\":\"ImageObject\",\"inLanguage\":\"fr-FR\",\"@id\":\"https:\/\/www.eco2.ca\/fr\/#\/schema\/logo\/image\/\",\"url\":\"https:\/\/www.eco2.ca\/wp-content\/uploads\/2025\/04\/cropped-cropped-Add-a-subheading-3.png\",\"contentUrl\":\"https:\/\/www.eco2.ca\/wp-content\/uploads\/2025\/04\/cropped-cropped-Add-a-subheading-3.png\",\"width\":469,\"height\":109,\"caption\":\"Eco2bureau\"},\"image\":{\"@id\":\"https:\/\/www.eco2.ca\/fr\/#\/schema\/logo\/image\/\"}}]}<\/script>\n<!-- \/ Yoast SEO plugin. -->","yoast_head_json":{"title":"Couvercles Pour Bols A Soupe A Emporter - Eco2bureau","description":"Con\u00e7us pour les bols \u00e0 soupe \u00e0 emporter, ces couvercles offrent une solution \u00e9cologique et sans plastique pour la restauration. Fabriqu\u00e9s \u00e0 partir de fibres","robots":{"index":"index","follow":"follow","max-snippet":"max-snippet:-1","max-image-preview":"max-image-preview:large","max-video-preview":"max-video-preview:-1"},"canonical":"https:\/\/www.eco2.ca\/fr\/product\/couvercles-pour-bols-a-soupe-a-emporter\/","og_locale":"fr_FR","og_type":"article","og_title":"Couvercles Pour Bols A Soupe A Emporter - Eco2bureau","og_description":"Con\u00e7us pour les bols \u00e0 soupe \u00e0 emporter, ces couvercles offrent une solution \u00e9cologique et sans plastique pour la restauration. Fabriqu\u00e9s \u00e0 partir de fibres","og_url":"https:\/\/www.eco2.ca\/fr\/product\/couvercles-pour-bols-a-soupe-a-emporter\/","og_site_name":"Eco2bureau","article_modified_time":"2025-08-31T15:15:58+00:00","og_image":[{"width":2560,"height":2560,"url":"https:\/\/www.eco2.ca\/wp-content\/uploads\/2025\/05\/bagasselid-1.jpg","type":"image\/jpeg"}],"twitter_card":"summary_large_image","twitter_misc":{"Dur\u00e9e de lecture estim\u00e9e":"1 minute"},"schema":{"@context":"https:\/\/schema.org","@graph":[{"@type":"WebPage","@id":"https:\/\/www.eco2.ca\/fr\/product\/couvercles-pour-bols-a-soupe-a-emporter\/","url":"https:\/\/www.eco2.ca\/fr\/product\/couvercles-pour-bols-a-soupe-a-emporter\/","name":"Couvercles Pour Bols A Soupe A Emporter - Eco2bureau","isPartOf":{"@id":"https:\/\/www.eco2.ca\/fr\/#website"},"primaryImageOfPage":{"@id":"https:\/\/www.eco2.ca\/fr\/product\/couvercles-pour-bols-a-soupe-a-emporter\/#primaryimage"},"image":{"@id":"https:\/\/www.eco2.ca\/fr\/product\/couvercles-pour-bols-a-soupe-a-emporter\/#primaryimage"},"thumbnailUrl":"https:\/\/www.eco2.ca\/wp-content\/uploads\/2025\/05\/bagasselid-1.jpg","datePublished":"2025-06-12T15:42:35+00:00","dateModified":"2025-08-31T15:15:58+00:00","description":"Con\u00e7us pour les bols \u00e0 soupe \u00e0 emporter, ces couvercles offrent une solution \u00e9cologique et sans plastique pour la restauration. Fabriqu\u00e9s \u00e0 partir de fibres","breadcrumb":{"@id":"https:\/\/www.eco2.ca\/fr\/product\/couvercles-pour-bols-a-soupe-a-emporter\/#breadcrumb"},"inLanguage":"fr-FR","potentialAction":[{"@type":"ReadAction","target":["https:\/\/www.eco2.ca\/fr\/product\/couvercles-pour-bols-a-soupe-a-emporter\/"]}]},{"@type":"ImageObject","inLanguage":"fr-FR","@id":"https:\/\/www.eco2.ca\/fr\/product\/couvercles-pour-bols-a-soupe-a-emporter\/#primaryimage","url":"https:\/\/www.eco2.ca\/wp-content\/uploads\/2025\/05\/bagasselid-1.jpg","contentUrl":"https:\/\/www.eco2.ca\/wp-content\/uploads\/2025\/05\/bagasselid-1.jpg","width":2560,"height":2560,"caption":"Take-Out Soup Lids"},{"@type":"BreadcrumbList","@id":"https:\/\/www.eco2.ca\/fr\/product\/couvercles-pour-bols-a-soupe-a-emporter\/#breadcrumb","itemListElement":[{"@type":"ListItem","position":1,"name":"Home","item":"https:\/\/www.eco2.ca\/fr\/"},{"@type":"ListItem","position":2,"name":"Boutique","item":"https:\/\/www.eco2.ca\/fr\/boutique\/"},{"@type":"ListItem","position":3,"name":"Couvercles Pour Bols A Soupe A Emporter"}]},{"@type":"WebSite","@id":"https:\/\/www.eco2.ca\/fr\/#website","url":"https:\/\/www.eco2.ca\/fr\/","name":"Eco2bureau","description":"","publisher":{"@id":"https:\/\/www.eco2.ca\/fr\/#organization"},"potentialAction":[{"@type":"SearchAction","target":{"@type":"EntryPoint","urlTemplate":"https:\/\/www.eco2.ca\/fr\/?s={search_term_string}"},"query-input":{"@type":"PropertyValueSpecification","valueRequired":true,"valueName":"search_term_string"}}],"inLanguage":"fr-FR"},{"@type":"Organization","@id":"https:\/\/www.eco2.ca\/fr\/#organization","name":"Eco2bureau","url":"https:\/\/www.eco2.ca\/fr\/","logo":{"@type":"ImageObject","inLanguage":"fr-FR","@id":"https:\/\/www.eco2.ca\/fr\/#\/schema\/logo\/image\/","url":"https:\/\/www.eco2.ca\/wp-content\/uploads\/2025\/04\/cropped-cropped-Add-a-subheading-3.png","contentUrl":"https:\/\/www.eco2.ca\/wp-content\/uploads\/2025\/04\/cropped-cropped-Add-a-subheading-3.png","width":469,"height":109,"caption":"Eco2bureau"},"image":{"@id":"https:\/\/www.eco2.ca\/fr\/#\/schema\/logo\/image\/"}}]}},"uagb_featured_image_src":{"full":["https:\/\/www.eco2.ca\/wp-content\/uploads\/2025\/05\/bagasselid-1.jpg",2560,2560,false],"thumbnail":["https:\/\/www.eco2.ca\/wp-content\/uploads\/2025\/05\/bagasselid-1-150x150.jpg",150,150,true],"medium":["https:\/\/www.eco2.ca\/wp-content\/uploads\/2025\/05\/bagasselid-1-300x300.jpg",300,300,true],"medium_large":["https:\/\/www.eco2.ca\/wp-content\/uploads\/2025\/05\/bagasselid-1-768x768.jpg",768,768,true],"large":["https:\/\/www.eco2.ca\/wp-content\/uploads\/2025\/05\/bagasselid-1-1024x1024.jpg",1024,1024,true],"1536x1536":["https:\/\/www.eco2.ca\/wp-content\/uploads\/2025\/05\/bagasselid-1-1536x1536.jpg",1536,1536,true],"2048x2048":["https:\/\/www.eco2.ca\/wp-content\/uploads\/2025\/05\/bagasselid-1-2048x2048.jpg",2048,2048,true],"wishsuite-image":["https:\/\/www.eco2.ca\/wp-content\/uploads\/2025\/05\/bagasselid-1.jpg",80,80,false],"woocommerce_thumbnail":["https:\/\/www.eco2.ca\/wp-content\/uploads\/2025\/05\/bagasselid-1-300x300.jpg",300,300,true],"woocommerce_single":["https:\/\/www.eco2.ca\/wp-content\/uploads\/2025\/05\/bagasselid-1-600x600.jpg",600,600,true],"woocommerce_gallery_thumbnail":["https:\/\/www.eco2.ca\/wp-content\/uploads\/2025\/05\/bagasselid-1-100x100.jpg",100,100,true]},"uagb_author_info":{"display_name":"Mary ..","author_link":"https:\/\/www.eco2.ca\/fr\/author\/"},"uagb_comment_info":0,"uagb_excerpt":"Couvercles en fibre de bagasse \u2013 Une solution sans plastique pour les bols \u00e0 soupe. \u2705 L\u00e9gers, robustes et r\u00e9sistants \u00e0 l\u2019humidit\u00e9 \u2705 Compatibles avec les bols \u00e0 soupe \u00e0 emporter \u2705 Recyclables et Compostable","_links":{"self":[{"href":"https:\/\/www.eco2.ca\/fr\/wp-json\/wp\/v2\/product\/12341","targetHints":{"allow":["GET"]}}],"collection":[{"href":"https:\/\/www.eco2.ca\/fr\/wp-json\/wp\/v2\/product"}],"about":[{"href":"https:\/\/www.eco2.ca\/fr\/wp-json\/wp\/v2\/types\/product"}],"wp:featuredmedia":[{"embeddable":true,"href":"https:\/\/www.eco2.ca\/fr\/wp-json\/wp\/v2\/media\/10533"}],"wp:attachment":[{"href":"https:\/\/www.eco2.ca\/fr\/wp-json\/wp\/v2\/media?parent=12341"}],"wp:term":[{"taxonomy":"product_brand","embeddable":true,"href":"https:\/\/www.eco2.ca\/fr\/wp-json\/wp\/v2\/product_brand?post=12341"},{"taxonomy":"product_cat","embeddable":true,"href":"https:\/\/www.eco2.ca\/fr\/wp-json\/wp\/v2\/product_cat?post=12341"},{"taxonomy":"product_tag","embeddable":true,"href":"https:\/\/www.eco2.ca\/fr\/wp-json\/wp\/v2\/product_tag?post=12341"}],"curies":[{"name":"wp","href":"https:\/\/api.w.org\/{rel}","templated":true}]}}