{"id":12376,"date":"2025-06-16T11:50:46","date_gmt":"2025-06-16T11:50:46","guid":{"rendered":"https:\/\/www.eco2.ca\/product\/non-corrisive-glass-and-mirror-cleaner\/"},"modified":"2026-01-14T21:50:04","modified_gmt":"2026-01-14T21:50:04","slug":"nettoyant-non-corrosif-pour-vitres-et-miroirs","status":"publish","type":"product","link":"https:\/\/www.eco2.ca\/fr\/product\/nettoyant-non-corrosif-pour-vitres-et-miroirs\/","title":{"rendered":"Nettoyant Non Corrosif Pour Vitres Et Miroirs"},"content":{"rendered":"<h2 style=\"font-size: 1.4em;\">Nettoyant non corrosif pour vitres et miroirs<\/h2>\n<p>Obtenez une brillance sans traces, sans produits chimiques agressifs. Ce nettoyant non corrosif est sans danger pour les vitres, miroirs et autres surfaces d\u00e9licates\u2014parfait pour un usage domestique ou professionnel. Il est offert en deux formats : <em>pr\u00eat \u00e0 l\u2019emploi<\/em> pour une utilisation quotidienne pratique, et <em>concentr\u00e9<\/em> pour une efficacit\u00e9 personnalisable et \u00e9conomique. Sans parfum, pour une propret\u00e9 neutre et agr\u00e9able.<\/p>\n<h3 style=\"font-size: 1.3em;\">Caract\u00e9ristiques:<\/h3>\n<ul>\n<li>Formule non corrosive, s\u00e9curitaire pour les surfaces<\/li>\n<li>R\u00e9sultat sans traces sur vitres et miroirs<\/li>\n<li>Sans parfum, id\u00e9al pour les environnements sensibles<\/li>\n<li> Biod\u00e9gradable et \u00e9cologique<\/li>\n<li>Disponible en versions Pr\u00eat \u00e0 l\u2019emploi et Concentr\u00e9<\/li>\n<\/ul>\n<p>Nettoyez en toute confiance\u2014simple, s\u00e9curitaire et performant.<\/p>\n","protected":false},"excerpt":{"rendered":"<p>Deux formules. Un r\u00e9sultat \u00e9clatant.Obtenez une brillance impeccable, sans traces\u2014et sans agressivit\u00e9. Ce nettoyant non corrosif pour vitres et miroirs est s\u00e9curitaire pour les surfaces d\u00e9licates, offert en versions <em>pr\u00eat \u00e0 l\u2019emploi<\/em> ou <em>concentr\u00e9<\/em>. Sans parfum et sans tracas, c\u2019est votre solution douce et efficace pour un nettoyage tout en finesse.<\/p>\n","protected":false},"featured_media":10917,"template":"","meta":{"_eb_attr":"","_uag_custom_page_level_css":"","site-sidebar-layout":"default","site-content-layout":"","ast-site-content-layout":"default","site-content-style":"default","site-sidebar-style":"default","ast-global-header-display":"","ast-banner-title-visibility":"","ast-main-header-display":"","ast-hfb-above-header-display":"","ast-hfb-below-header-display":"","ast-hfb-mobile-header-display":"","site-post-title":"","ast-breadcrumbs-content":"","ast-featured-img":"","footer-sml-layout":"","ast-disable-related-posts":"","theme-transparent-header-meta":"default","adv-header-id-meta":"","stick-header-meta":"","header-above-stick-meta":"","header-main-stick-meta":"","header-below-stick-meta":"","astra-migrate-meta-layouts":"set","ast-page-background-enabled":"default","ast-page-background-meta":{"desktop":{"background-color":"","background-image":"","background-repeat":"repeat","background-position":"center center","background-size":"auto","background-attachment":"scroll","background-type":"","background-media":"","overlay-type":"","overlay-color":"","overlay-opacity":"","overlay-gradient":""},"tablet":{"background-color":"","background-image":"","background-repeat":"repeat","background-position":"center center","background-size":"auto","background-attachment":"scroll","background-type":"","background-media":"","overlay-type":"","overlay-color":"","overlay-opacity":"","overlay-gradient":""},"mobile":{"background-color":"","background-image":"","background-repeat":"repeat","background-position":"center center","background-size":"auto","background-attachment":"scroll","background-type":"","background-media":"","overlay-type":"","overlay-color":"","overlay-opacity":"","overlay-gradient":""}},"ast-content-background-meta":{"desktop":{"background-color":"var(--ast-global-color-5)","background-image":"","background-repeat":"repeat","background-position":"center center","background-size":"auto","background-attachment":"scroll","background-type":"","background-media":"","overlay-type":"","overlay-color":"","overlay-opacity":"","overlay-gradient":""},"tablet":{"background-color":"var(--ast-global-color-5)","background-image":"","background-repeat":"repeat","background-position":"center center","background-size":"auto","background-attachment":"scroll","background-type":"","background-media":"","overlay-type":"","overlay-color":"","overlay-opacity":"","overlay-gradient":""},"mobile":{"background-color":"var(--ast-global-color-5)","background-image":"","background-repeat":"repeat","background-position":"center center","background-size":"auto","background-attachment":"scroll","background-type":"","background-media":"","overlay-type":"","overlay-color":"","overlay-opacity":"","overlay-gradient":""}},"_selected_store_location":"","_selected_store_location_key":""},"product_brand":[],"product_cat":[227,197],"product_tag":[],"class_list":{"0":"post-12376","1":"product","2":"type-product","3":"status-publish","4":"has-post-thumbnail","6":"product_cat-agent-nettoyant","7":"product_cat-produits-de-nettoyage","8":"wcmi-has-gallery","9":"desktop-align-center","10":"tablet-align-center","11":"mobile-align-center","13":"first","14":"instock","15":"shipping-taxable","16":"purchasable","17":"product-type-simple"},"yoast_head":"<!-- This site is optimized with the Yoast SEO plugin v27.5 - https:\/\/yoast.com\/product\/yoast-seo-wordpress\/ -->\n<title>Nettoyant Non Corrosif Pour Vitres Et Miroirs - Eco2bureau<\/title>\n<meta name=\"description\" content=\"Obtenez une brillance sans traces, sans produits chimiques agressifs. Ce nettoyant non corrosif est sans danger pour les vitres, miroirs et autres surfaces\" \/>\n<meta name=\"robots\" content=\"index, follow, max-snippet:-1, max-image-preview:large, max-video-preview:-1\" \/>\n<link rel=\"canonical\" href=\"https:\/\/www.eco2.ca\/fr\/product\/nettoyant-non-corrosif-pour-vitres-et-miroirs\/\" \/>\n<meta property=\"og:locale\" content=\"fr_FR\" \/>\n<meta property=\"og:type\" content=\"article\" \/>\n<meta property=\"og:title\" content=\"Nettoyant Non Corrosif Pour Vitres Et Miroirs - Eco2bureau\" \/>\n<meta property=\"og:description\" content=\"Obtenez une brillance sans traces, sans produits chimiques agressifs. Ce nettoyant non corrosif est sans danger pour les vitres, miroirs et autres surfaces\" \/>\n<meta property=\"og:url\" content=\"https:\/\/www.eco2.ca\/fr\/product\/nettoyant-non-corrosif-pour-vitres-et-miroirs\/\" \/>\n<meta property=\"og:site_name\" content=\"Eco2bureau\" \/>\n<meta property=\"article:modified_time\" content=\"2026-01-14T21:50:04+00:00\" \/>\n<meta property=\"og:image\" content=\"https:\/\/www.eco2.ca\/wp-content\/uploads\/2025\/05\/WUBX-G04-Safeblend-Glass-and-Multi-Surface-Cleaner-Concentrated-copy.png\" \/>\n\t<meta property=\"og:image:width\" content=\"481\" \/>\n\t<meta property=\"og:image:height\" content=\"967\" \/>\n\t<meta property=\"og:image:type\" content=\"image\/png\" \/>\n<meta name=\"twitter:card\" content=\"summary_large_image\" \/>\n<meta name=\"twitter:label1\" content=\"Dur\u00e9e de lecture estim\u00e9e\" \/>\n\t<meta name=\"twitter:data1\" content=\"1 minute\" \/>\n<script type=\"application\/ld+json\" class=\"yoast-schema-graph\">{\"@context\":\"https:\\\/\\\/schema.org\",\"@graph\":[{\"@type\":\"WebPage\",\"@id\":\"https:\\\/\\\/www.eco2.ca\\\/fr\\\/product\\\/nettoyant-non-corrosif-pour-vitres-et-miroirs\\\/\",\"url\":\"https:\\\/\\\/www.eco2.ca\\\/fr\\\/product\\\/nettoyant-non-corrosif-pour-vitres-et-miroirs\\\/\",\"name\":\"Nettoyant Non Corrosif Pour Vitres Et Miroirs - Eco2bureau\",\"isPartOf\":{\"@id\":\"https:\\\/\\\/www.eco2.ca\\\/fr\\\/#website\"},\"primaryImageOfPage\":{\"@id\":\"https:\\\/\\\/www.eco2.ca\\\/fr\\\/product\\\/nettoyant-non-corrosif-pour-vitres-et-miroirs\\\/#primaryimage\"},\"image\":{\"@id\":\"https:\\\/\\\/www.eco2.ca\\\/fr\\\/product\\\/nettoyant-non-corrosif-pour-vitres-et-miroirs\\\/#primaryimage\"},\"thumbnailUrl\":\"https:\\\/\\\/www.eco2.ca\\\/wp-content\\\/uploads\\\/2025\\\/05\\\/WUBX-G04-Safeblend-Glass-and-Multi-Surface-Cleaner-Concentrated-copy.png\",\"datePublished\":\"2025-06-16T11:50:46+00:00\",\"dateModified\":\"2026-01-14T21:50:04+00:00\",\"description\":\"Obtenez une brillance sans traces, sans produits chimiques agressifs. Ce nettoyant non corrosif est sans danger pour les vitres, miroirs et autres surfaces\",\"breadcrumb\":{\"@id\":\"https:\\\/\\\/www.eco2.ca\\\/fr\\\/product\\\/nettoyant-non-corrosif-pour-vitres-et-miroirs\\\/#breadcrumb\"},\"inLanguage\":\"fr-FR\",\"potentialAction\":[{\"@type\":\"ReadAction\",\"target\":[\"https:\\\/\\\/www.eco2.ca\\\/fr\\\/product\\\/nettoyant-non-corrosif-pour-vitres-et-miroirs\\\/\"]}]},{\"@type\":\"ImageObject\",\"inLanguage\":\"fr-FR\",\"@id\":\"https:\\\/\\\/www.eco2.ca\\\/fr\\\/product\\\/nettoyant-non-corrosif-pour-vitres-et-miroirs\\\/#primaryimage\",\"url\":\"https:\\\/\\\/www.eco2.ca\\\/wp-content\\\/uploads\\\/2025\\\/05\\\/WUBX-G04-Safeblend-Glass-and-Multi-Surface-Cleaner-Concentrated-copy.png\",\"contentUrl\":\"https:\\\/\\\/www.eco2.ca\\\/wp-content\\\/uploads\\\/2025\\\/05\\\/WUBX-G04-Safeblend-Glass-and-Multi-Surface-Cleaner-Concentrated-copy.png\",\"width\":481,\"height\":967,\"caption\":\"Cleaning Products: Professional-Grade Solutions for a Spotless, Hygienic Environment\"},{\"@type\":\"BreadcrumbList\",\"@id\":\"https:\\\/\\\/www.eco2.ca\\\/fr\\\/product\\\/nettoyant-non-corrosif-pour-vitres-et-miroirs\\\/#breadcrumb\",\"itemListElement\":[{\"@type\":\"ListItem\",\"position\":1,\"name\":\"Home\",\"item\":\"https:\\\/\\\/www.eco2.ca\\\/fr\\\/\"},{\"@type\":\"ListItem\",\"position\":2,\"name\":\"Boutique\",\"item\":\"https:\\\/\\\/www.eco2.ca\\\/fr\\\/boutique\\\/\"},{\"@type\":\"ListItem\",\"position\":3,\"name\":\"Nettoyant Non Corrosif Pour Vitres Et Miroirs\"}]},{\"@type\":\"WebSite\",\"@id\":\"https:\\\/\\\/www.eco2.ca\\\/fr\\\/#website\",\"url\":\"https:\\\/\\\/www.eco2.ca\\\/fr\\\/\",\"name\":\"Eco2bureau\",\"description\":\"\",\"publisher\":{\"@id\":\"https:\\\/\\\/www.eco2.ca\\\/fr\\\/#organization\"},\"potentialAction\":[{\"@type\":\"SearchAction\",\"target\":{\"@type\":\"EntryPoint\",\"urlTemplate\":\"https:\\\/\\\/www.eco2.ca\\\/fr\\\/?s={search_term_string}\"},\"query-input\":{\"@type\":\"PropertyValueSpecification\",\"valueRequired\":true,\"valueName\":\"search_term_string\"}}],\"inLanguage\":\"fr-FR\"},{\"@type\":\"Organization\",\"@id\":\"https:\\\/\\\/www.eco2.ca\\\/fr\\\/#organization\",\"name\":\"Eco2bureau\",\"url\":\"https:\\\/\\\/www.eco2.ca\\\/fr\\\/\",\"logo\":{\"@type\":\"ImageObject\",\"inLanguage\":\"fr-FR\",\"@id\":\"https:\\\/\\\/www.eco2.ca\\\/fr\\\/#\\\/schema\\\/logo\\\/image\\\/\",\"url\":\"https:\\\/\\\/www.eco2.ca\\\/wp-content\\\/uploads\\\/2025\\\/04\\\/cropped-cropped-Add-a-subheading-3.png\",\"contentUrl\":\"https:\\\/\\\/www.eco2.ca\\\/wp-content\\\/uploads\\\/2025\\\/04\\\/cropped-cropped-Add-a-subheading-3.png\",\"width\":469,\"height\":109,\"caption\":\"Eco2bureau\"},\"image\":{\"@id\":\"https:\\\/\\\/www.eco2.ca\\\/fr\\\/#\\\/schema\\\/logo\\\/image\\\/\"}}]}<\/script>\n<!-- \/ Yoast SEO plugin. -->","yoast_head_json":{"title":"Nettoyant Non Corrosif Pour Vitres Et Miroirs - Eco2bureau","description":"Obtenez une brillance sans traces, sans produits chimiques agressifs. Ce nettoyant non corrosif est sans danger pour les vitres, miroirs et autres surfaces","robots":{"index":"index","follow":"follow","max-snippet":"max-snippet:-1","max-image-preview":"max-image-preview:large","max-video-preview":"max-video-preview:-1"},"canonical":"https:\/\/www.eco2.ca\/fr\/product\/nettoyant-non-corrosif-pour-vitres-et-miroirs\/","og_locale":"fr_FR","og_type":"article","og_title":"Nettoyant Non Corrosif Pour Vitres Et Miroirs - Eco2bureau","og_description":"Obtenez une brillance sans traces, sans produits chimiques agressifs. Ce nettoyant non corrosif est sans danger pour les vitres, miroirs et autres surfaces","og_url":"https:\/\/www.eco2.ca\/fr\/product\/nettoyant-non-corrosif-pour-vitres-et-miroirs\/","og_site_name":"Eco2bureau","article_modified_time":"2026-01-14T21:50:04+00:00","og_image":[{"width":481,"height":967,"url":"https:\/\/www.eco2.ca\/wp-content\/uploads\/2025\/05\/WUBX-G04-Safeblend-Glass-and-Multi-Surface-Cleaner-Concentrated-copy.png","type":"image\/png"}],"twitter_card":"summary_large_image","twitter_misc":{"Dur\u00e9e de lecture estim\u00e9e":"1 minute"},"schema":{"@context":"https:\/\/schema.org","@graph":[{"@type":"WebPage","@id":"https:\/\/www.eco2.ca\/fr\/product\/nettoyant-non-corrosif-pour-vitres-et-miroirs\/","url":"https:\/\/www.eco2.ca\/fr\/product\/nettoyant-non-corrosif-pour-vitres-et-miroirs\/","name":"Nettoyant Non Corrosif Pour Vitres Et Miroirs - Eco2bureau","isPartOf":{"@id":"https:\/\/www.eco2.ca\/fr\/#website"},"primaryImageOfPage":{"@id":"https:\/\/www.eco2.ca\/fr\/product\/nettoyant-non-corrosif-pour-vitres-et-miroirs\/#primaryimage"},"image":{"@id":"https:\/\/www.eco2.ca\/fr\/product\/nettoyant-non-corrosif-pour-vitres-et-miroirs\/#primaryimage"},"thumbnailUrl":"https:\/\/www.eco2.ca\/wp-content\/uploads\/2025\/05\/WUBX-G04-Safeblend-Glass-and-Multi-Surface-Cleaner-Concentrated-copy.png","datePublished":"2025-06-16T11:50:46+00:00","dateModified":"2026-01-14T21:50:04+00:00","description":"Obtenez une brillance sans traces, sans produits chimiques agressifs. Ce nettoyant non corrosif est sans danger pour les vitres, miroirs et autres surfaces","breadcrumb":{"@id":"https:\/\/www.eco2.ca\/fr\/product\/nettoyant-non-corrosif-pour-vitres-et-miroirs\/#breadcrumb"},"inLanguage":"fr-FR","potentialAction":[{"@type":"ReadAction","target":["https:\/\/www.eco2.ca\/fr\/product\/nettoyant-non-corrosif-pour-vitres-et-miroirs\/"]}]},{"@type":"ImageObject","inLanguage":"fr-FR","@id":"https:\/\/www.eco2.ca\/fr\/product\/nettoyant-non-corrosif-pour-vitres-et-miroirs\/#primaryimage","url":"https:\/\/www.eco2.ca\/wp-content\/uploads\/2025\/05\/WUBX-G04-Safeblend-Glass-and-Multi-Surface-Cleaner-Concentrated-copy.png","contentUrl":"https:\/\/www.eco2.ca\/wp-content\/uploads\/2025\/05\/WUBX-G04-Safeblend-Glass-and-Multi-Surface-Cleaner-Concentrated-copy.png","width":481,"height":967,"caption":"Cleaning Products: Professional-Grade Solutions for a Spotless, Hygienic Environment"},{"@type":"BreadcrumbList","@id":"https:\/\/www.eco2.ca\/fr\/product\/nettoyant-non-corrosif-pour-vitres-et-miroirs\/#breadcrumb","itemListElement":[{"@type":"ListItem","position":1,"name":"Home","item":"https:\/\/www.eco2.ca\/fr\/"},{"@type":"ListItem","position":2,"name":"Boutique","item":"https:\/\/www.eco2.ca\/fr\/boutique\/"},{"@type":"ListItem","position":3,"name":"Nettoyant Non Corrosif Pour Vitres Et Miroirs"}]},{"@type":"WebSite","@id":"https:\/\/www.eco2.ca\/fr\/#website","url":"https:\/\/www.eco2.ca\/fr\/","name":"Eco2bureau","description":"","publisher":{"@id":"https:\/\/www.eco2.ca\/fr\/#organization"},"potentialAction":[{"@type":"SearchAction","target":{"@type":"EntryPoint","urlTemplate":"https:\/\/www.eco2.ca\/fr\/?s={search_term_string}"},"query-input":{"@type":"PropertyValueSpecification","valueRequired":true,"valueName":"search_term_string"}}],"inLanguage":"fr-FR"},{"@type":"Organization","@id":"https:\/\/www.eco2.ca\/fr\/#organization","name":"Eco2bureau","url":"https:\/\/www.eco2.ca\/fr\/","logo":{"@type":"ImageObject","inLanguage":"fr-FR","@id":"https:\/\/www.eco2.ca\/fr\/#\/schema\/logo\/image\/","url":"https:\/\/www.eco2.ca\/wp-content\/uploads\/2025\/04\/cropped-cropped-Add-a-subheading-3.png","contentUrl":"https:\/\/www.eco2.ca\/wp-content\/uploads\/2025\/04\/cropped-cropped-Add-a-subheading-3.png","width":469,"height":109,"caption":"Eco2bureau"},"image":{"@id":"https:\/\/www.eco2.ca\/fr\/#\/schema\/logo\/image\/"}}]}},"uagb_featured_image_src":{"full":["https:\/\/www.eco2.ca\/wp-content\/uploads\/2025\/05\/WUBX-G04-Safeblend-Glass-and-Multi-Surface-Cleaner-Concentrated-copy.png",481,967,false],"thumbnail":["https:\/\/www.eco2.ca\/wp-content\/uploads\/2025\/05\/WUBX-G04-Safeblend-Glass-and-Multi-Surface-Cleaner-Concentrated-copy-150x150.png",150,150,true],"medium":["https:\/\/www.eco2.ca\/wp-content\/uploads\/2025\/05\/WUBX-G04-Safeblend-Glass-and-Multi-Surface-Cleaner-Concentrated-copy-149x300.png",149,300,true],"medium_large":["https:\/\/www.eco2.ca\/wp-content\/uploads\/2025\/05\/WUBX-G04-Safeblend-Glass-and-Multi-Surface-Cleaner-Concentrated-copy.png",481,967,false],"large":["https:\/\/www.eco2.ca\/wp-content\/uploads\/2025\/05\/WUBX-G04-Safeblend-Glass-and-Multi-Surface-Cleaner-Concentrated-copy.png",481,967,false],"1536x1536":["https:\/\/www.eco2.ca\/wp-content\/uploads\/2025\/05\/WUBX-G04-Safeblend-Glass-and-Multi-Surface-Cleaner-Concentrated-copy.png",481,967,false],"2048x2048":["https:\/\/www.eco2.ca\/wp-content\/uploads\/2025\/05\/WUBX-G04-Safeblend-Glass-and-Multi-Surface-Cleaner-Concentrated-copy.png",481,967,false],"wishsuite-image":["https:\/\/www.eco2.ca\/wp-content\/uploads\/2025\/05\/WUBX-G04-Safeblend-Glass-and-Multi-Surface-Cleaner-Concentrated-copy.png",40,80,false],"woocommerce_thumbnail":["https:\/\/www.eco2.ca\/wp-content\/uploads\/2025\/05\/WUBX-G04-Safeblend-Glass-and-Multi-Surface-Cleaner-Concentrated-copy-300x300.png",300,300,true],"woocommerce_single":["https:\/\/www.eco2.ca\/wp-content\/uploads\/2025\/05\/WUBX-G04-Safeblend-Glass-and-Multi-Surface-Cleaner-Concentrated-copy.png",481,967,false],"woocommerce_gallery_thumbnail":["https:\/\/www.eco2.ca\/wp-content\/uploads\/2025\/05\/WUBX-G04-Safeblend-Glass-and-Multi-Surface-Cleaner-Concentrated-copy-100x100.png",100,100,true]},"uagb_author_info":{"display_name":"Mary ..","author_link":"https:\/\/www.eco2.ca\/fr\/author\/"},"uagb_comment_info":0,"uagb_excerpt":"Deux formules. Un r\u00e9sultat \u00e9clatant.Obtenez une brillance impeccable, sans traces\u2014et sans agressivit\u00e9. Ce nettoyant non corrosif pour vitres et miroirs est s\u00e9curitaire pour les surfaces d\u00e9licates, offert en versions pr\u00eat \u00e0 l\u2019emploi ou concentr\u00e9. Sans parfum et sans tracas, c\u2019est votre solution douce et efficace pour un nettoyage tout en finesse.","_links":{"self":[{"href":"https:\/\/www.eco2.ca\/fr\/wp-json\/wp\/v2\/product\/12376","targetHints":{"allow":["GET"]}}],"collection":[{"href":"https:\/\/www.eco2.ca\/fr\/wp-json\/wp\/v2\/product"}],"about":[{"href":"https:\/\/www.eco2.ca\/fr\/wp-json\/wp\/v2\/types\/product"}],"wp:featuredmedia":[{"embeddable":true,"href":"https:\/\/www.eco2.ca\/fr\/wp-json\/wp\/v2\/media\/10917"}],"wp:attachment":[{"href":"https:\/\/www.eco2.ca\/fr\/wp-json\/wp\/v2\/media?parent=12376"}],"wp:term":[{"taxonomy":"product_brand","embeddable":true,"href":"https:\/\/www.eco2.ca\/fr\/wp-json\/wp\/v2\/product_brand?post=12376"},{"taxonomy":"product_cat","embeddable":true,"href":"https:\/\/www.eco2.ca\/fr\/wp-json\/wp\/v2\/product_cat?post=12376"},{"taxonomy":"product_tag","embeddable":true,"href":"https:\/\/www.eco2.ca\/fr\/wp-json\/wp\/v2\/product_tag?post=12376"}],"curies":[{"name":"wp","href":"https:\/\/api.w.org\/{rel}","templated":true}]}}