{"id":12389,"date":"2025-06-16T12:58:23","date_gmt":"2025-06-16T12:58:23","guid":{"rendered":"https:\/\/www.eco2.ca\/product\/tangerine-and-orange-degreaser\/"},"modified":"2025-06-16T13:07:23","modified_gmt":"2025-06-16T13:07:23","slug":"degraissant-a-la-mandarine-et-a-lorange","status":"publish","type":"product","link":"https:\/\/www.eco2.ca\/fr\/product\/degraissant-a-la-mandarine-et-a-lorange\/","title":{"rendered":"D\u00e9graissant A La Mandarine Et A Lorange"},"content":{"rendered":"<h2>D\u00e9graissant \u00e0 la mandarine et \u00e0 l\u2019orange \u2013 Efficacit\u00e9 naturelle contre la graisse<\/h2>\n<p>Exploitez la puissance des agrumes avec ce d\u00e9graissant ultra-performant, offert en versions <em>ultra-concentr\u00e9e<\/em> et <em>concentr\u00e9e<\/em>. Formul\u00e9 pour \u00e9liminer les graisses et salet\u00e9s tenaces, il associe la force nettoyante naturelle des huiles de mandarine et d\u2019orange \u00e0 des ingr\u00e9dients \u00e9coresponsables. Que ce soit pour les d\u00e9g\u00e2ts de cuisine ou les salissures industrielles, il offre une performance \u00e9lev\u00e9e et une touche fra\u00eeche et fruit\u00e9e.<\/p>\n<h3>Caract\u00e9ristiques cl\u00e9s:<\/h3>\n<ul>\n<li>Deux niveaux de puissance : <em>ultra-concentr\u00e9<\/em> pour les usages intensifs, <em>concentr\u00e9<\/em> pour l\u2019entretien quotidien<\/li>\n<li>Huiles d\u2019agrumes pour une action d\u00e9graissante naturelle<\/li>\n<li>Utilisation polyvalente : cuisine, appareils, outils et surfaces commerciales<\/li>\n<li>Formule \u00e9cologique : biod\u00e9gradable et plus s\u00fbre pour l\u2019environnement<\/li>\n<li>Ar\u00f4me vif d\u2019agrumes laissant un parfum propre et \u00e9nergisant<\/li>\n<\/ul>\n<p><em>Nettoyez en profondeur, naturellement\u2014avec la puissance revigorante des agrumes.<\/em><\/p>\n","protected":false},"excerpt":{"rendered":"<p><strong>\u00c9liminez la graisse tenace naturellement gr\u00e2ce \u00e0 la puissance des agrumes de mandarine et d\u2019orange.<\/strong> Offert en formats concentr\u00e9 et ultra-concentr\u00e9, c\u2019est une solution fra\u00eeche et \u00e9cologique pour la cuisine, les outils et bien plus encore.<\/p>\n","protected":false},"featured_media":10911,"template":"","meta":{"_eb_attr":"","_uag_custom_page_level_css":"","site-sidebar-layout":"default","site-content-layout":"","ast-site-content-layout":"default","site-content-style":"default","site-sidebar-style":"default","ast-global-header-display":"","ast-banner-title-visibility":"","ast-main-header-display":"","ast-hfb-above-header-display":"","ast-hfb-below-header-display":"","ast-hfb-mobile-header-display":"","site-post-title":"","ast-breadcrumbs-content":"","ast-featured-img":"","footer-sml-layout":"","ast-disable-related-posts":"","theme-transparent-header-meta":"default","adv-header-id-meta":"","stick-header-meta":"","header-above-stick-meta":"","header-main-stick-meta":"","header-below-stick-meta":"","astra-migrate-meta-layouts":"set","ast-page-background-enabled":"default","ast-page-background-meta":{"desktop":{"background-color":"","background-image":"","background-repeat":"repeat","background-position":"center center","background-size":"auto","background-attachment":"scroll","background-type":"","background-media":"","overlay-type":"","overlay-color":"","overlay-opacity":"","overlay-gradient":""},"tablet":{"background-color":"","background-image":"","background-repeat":"repeat","background-position":"center center","background-size":"auto","background-attachment":"scroll","background-type":"","background-media":"","overlay-type":"","overlay-color":"","overlay-opacity":"","overlay-gradient":""},"mobile":{"background-color":"","background-image":"","background-repeat":"repeat","background-position":"center center","background-size":"auto","background-attachment":"scroll","background-type":"","background-media":"","overlay-type":"","overlay-color":"","overlay-opacity":"","overlay-gradient":""}},"ast-content-background-meta":{"desktop":{"background-color":"var(--ast-global-color-5)","background-image":"","background-repeat":"repeat","background-position":"center center","background-size":"auto","background-attachment":"scroll","background-type":"","background-media":"","overlay-type":"","overlay-color":"","overlay-opacity":"","overlay-gradient":""},"tablet":{"background-color":"var(--ast-global-color-5)","background-image":"","background-repeat":"repeat","background-position":"center center","background-size":"auto","background-attachment":"scroll","background-type":"","background-media":"","overlay-type":"","overlay-color":"","overlay-opacity":"","overlay-gradient":""},"mobile":{"background-color":"var(--ast-global-color-5)","background-image":"","background-repeat":"repeat","background-position":"center center","background-size":"auto","background-attachment":"scroll","background-type":"","background-media":"","overlay-type":"","overlay-color":"","overlay-opacity":"","overlay-gradient":""}},"_selected_store_location":"","_selected_store_location_key":""},"product_brand":[],"product_cat":[227,197],"product_tag":[],"class_list":{"0":"post-12389","1":"product","2":"type-product","3":"status-publish","4":"has-post-thumbnail","6":"product_cat-agent-nettoyant","7":"product_cat-produits-de-nettoyage","8":"desktop-align-center","9":"tablet-align-center","10":"mobile-align-center","12":"first","13":"instock","14":"shipping-taxable","15":"purchasable","16":"product-type-simple"},"yoast_head":"<!-- This site is optimized with the Yoast SEO plugin v27.5 - https:\/\/yoast.com\/product\/yoast-seo-wordpress\/ -->\n<title>D\u00e9graissant A La Mandarine Et A Lorange - Eco2bureau<\/title>\n<meta name=\"description\" content=\"Exploitez la puissance des agrumes avec ce d\u00e9graissant ultra-performant, offert en versions ultra-concentr\u00e9e et concentr\u00e9e. Formul\u00e9 pour\" \/>\n<meta name=\"robots\" content=\"index, follow, max-snippet:-1, max-image-preview:large, max-video-preview:-1\" \/>\n<link rel=\"canonical\" href=\"https:\/\/www.eco2.ca\/fr\/product\/degraissant-a-la-mandarine-et-a-lorange\/\" \/>\n<meta property=\"og:locale\" content=\"fr_FR\" \/>\n<meta property=\"og:type\" content=\"article\" \/>\n<meta property=\"og:title\" content=\"D\u00e9graissant A La Mandarine Et A Lorange - Eco2bureau\" \/>\n<meta property=\"og:description\" content=\"Exploitez la puissance des agrumes avec ce d\u00e9graissant ultra-performant, offert en versions ultra-concentr\u00e9e et concentr\u00e9e. Formul\u00e9 pour\" \/>\n<meta property=\"og:url\" content=\"https:\/\/www.eco2.ca\/fr\/product\/degraissant-a-la-mandarine-et-a-lorange\/\" \/>\n<meta property=\"og:site_name\" content=\"Eco2bureau\" \/>\n<meta property=\"article:modified_time\" content=\"2025-06-16T13:07:23+00:00\" \/>\n<meta property=\"og:image\" content=\"https:\/\/www.eco2.ca\/wp-content\/uploads\/2025\/05\/DCTO-G04-Safeblend-Heavy-Duty-Degreaser-Concentrated-copy.png\" \/>\n\t<meta property=\"og:image:width\" content=\"480\" \/>\n\t<meta property=\"og:image:height\" content=\"967\" \/>\n\t<meta property=\"og:image:type\" content=\"image\/png\" \/>\n<meta name=\"twitter:card\" content=\"summary_large_image\" \/>\n<meta name=\"twitter:label1\" content=\"Dur\u00e9e de lecture estim\u00e9e\" \/>\n\t<meta name=\"twitter:data1\" content=\"1 minute\" \/>\n<script type=\"application\/ld+json\" class=\"yoast-schema-graph\">{\"@context\":\"https:\\\/\\\/schema.org\",\"@graph\":[{\"@type\":\"WebPage\",\"@id\":\"https:\\\/\\\/www.eco2.ca\\\/fr\\\/product\\\/degraissant-a-la-mandarine-et-a-lorange\\\/\",\"url\":\"https:\\\/\\\/www.eco2.ca\\\/fr\\\/product\\\/degraissant-a-la-mandarine-et-a-lorange\\\/\",\"name\":\"D\u00e9graissant A La Mandarine Et A Lorange - Eco2bureau\",\"isPartOf\":{\"@id\":\"https:\\\/\\\/www.eco2.ca\\\/fr\\\/#website\"},\"primaryImageOfPage\":{\"@id\":\"https:\\\/\\\/www.eco2.ca\\\/fr\\\/product\\\/degraissant-a-la-mandarine-et-a-lorange\\\/#primaryimage\"},\"image\":{\"@id\":\"https:\\\/\\\/www.eco2.ca\\\/fr\\\/product\\\/degraissant-a-la-mandarine-et-a-lorange\\\/#primaryimage\"},\"thumbnailUrl\":\"https:\\\/\\\/www.eco2.ca\\\/wp-content\\\/uploads\\\/2025\\\/05\\\/DCTO-G04-Safeblend-Heavy-Duty-Degreaser-Concentrated-copy.png\",\"datePublished\":\"2025-06-16T12:58:23+00:00\",\"dateModified\":\"2025-06-16T13:07:23+00:00\",\"description\":\"Exploitez la puissance des agrumes avec ce d\u00e9graissant ultra-performant, offert en versions ultra-concentr\u00e9e et concentr\u00e9e. Formul\u00e9 pour\",\"breadcrumb\":{\"@id\":\"https:\\\/\\\/www.eco2.ca\\\/fr\\\/product\\\/degraissant-a-la-mandarine-et-a-lorange\\\/#breadcrumb\"},\"inLanguage\":\"fr-FR\",\"potentialAction\":[{\"@type\":\"ReadAction\",\"target\":[\"https:\\\/\\\/www.eco2.ca\\\/fr\\\/product\\\/degraissant-a-la-mandarine-et-a-lorange\\\/\"]}]},{\"@type\":\"ImageObject\",\"inLanguage\":\"fr-FR\",\"@id\":\"https:\\\/\\\/www.eco2.ca\\\/fr\\\/product\\\/degraissant-a-la-mandarine-et-a-lorange\\\/#primaryimage\",\"url\":\"https:\\\/\\\/www.eco2.ca\\\/wp-content\\\/uploads\\\/2025\\\/05\\\/DCTO-G04-Safeblend-Heavy-Duty-Degreaser-Concentrated-copy.png\",\"contentUrl\":\"https:\\\/\\\/www.eco2.ca\\\/wp-content\\\/uploads\\\/2025\\\/05\\\/DCTO-G04-Safeblend-Heavy-Duty-Degreaser-Concentrated-copy.png\",\"width\":480,\"height\":967,\"caption\":\"Cleaning Products: Professional-Grade Solutions for a Spotless, Hygienic Environment\"},{\"@type\":\"BreadcrumbList\",\"@id\":\"https:\\\/\\\/www.eco2.ca\\\/fr\\\/product\\\/degraissant-a-la-mandarine-et-a-lorange\\\/#breadcrumb\",\"itemListElement\":[{\"@type\":\"ListItem\",\"position\":1,\"name\":\"Home\",\"item\":\"https:\\\/\\\/www.eco2.ca\\\/fr\\\/\"},{\"@type\":\"ListItem\",\"position\":2,\"name\":\"Boutique\",\"item\":\"https:\\\/\\\/www.eco2.ca\\\/fr\\\/boutique\\\/\"},{\"@type\":\"ListItem\",\"position\":3,\"name\":\"D\u00e9graissant A La Mandarine Et A Lorange\"}]},{\"@type\":\"WebSite\",\"@id\":\"https:\\\/\\\/www.eco2.ca\\\/fr\\\/#website\",\"url\":\"https:\\\/\\\/www.eco2.ca\\\/fr\\\/\",\"name\":\"Eco2bureau\",\"description\":\"\",\"publisher\":{\"@id\":\"https:\\\/\\\/www.eco2.ca\\\/fr\\\/#organization\"},\"potentialAction\":[{\"@type\":\"SearchAction\",\"target\":{\"@type\":\"EntryPoint\",\"urlTemplate\":\"https:\\\/\\\/www.eco2.ca\\\/fr\\\/?s={search_term_string}\"},\"query-input\":{\"@type\":\"PropertyValueSpecification\",\"valueRequired\":true,\"valueName\":\"search_term_string\"}}],\"inLanguage\":\"fr-FR\"},{\"@type\":\"Organization\",\"@id\":\"https:\\\/\\\/www.eco2.ca\\\/fr\\\/#organization\",\"name\":\"Eco2bureau\",\"url\":\"https:\\\/\\\/www.eco2.ca\\\/fr\\\/\",\"logo\":{\"@type\":\"ImageObject\",\"inLanguage\":\"fr-FR\",\"@id\":\"https:\\\/\\\/www.eco2.ca\\\/fr\\\/#\\\/schema\\\/logo\\\/image\\\/\",\"url\":\"https:\\\/\\\/www.eco2.ca\\\/wp-content\\\/uploads\\\/2025\\\/04\\\/cropped-cropped-Add-a-subheading-3.png\",\"contentUrl\":\"https:\\\/\\\/www.eco2.ca\\\/wp-content\\\/uploads\\\/2025\\\/04\\\/cropped-cropped-Add-a-subheading-3.png\",\"width\":469,\"height\":109,\"caption\":\"Eco2bureau\"},\"image\":{\"@id\":\"https:\\\/\\\/www.eco2.ca\\\/fr\\\/#\\\/schema\\\/logo\\\/image\\\/\"}}]}<\/script>\n<!-- \/ Yoast SEO plugin. -->","yoast_head_json":{"title":"D\u00e9graissant A La Mandarine Et A Lorange - Eco2bureau","description":"Exploitez la puissance des agrumes avec ce d\u00e9graissant ultra-performant, offert en versions ultra-concentr\u00e9e et concentr\u00e9e. Formul\u00e9 pour","robots":{"index":"index","follow":"follow","max-snippet":"max-snippet:-1","max-image-preview":"max-image-preview:large","max-video-preview":"max-video-preview:-1"},"canonical":"https:\/\/www.eco2.ca\/fr\/product\/degraissant-a-la-mandarine-et-a-lorange\/","og_locale":"fr_FR","og_type":"article","og_title":"D\u00e9graissant A La Mandarine Et A Lorange - Eco2bureau","og_description":"Exploitez la puissance des agrumes avec ce d\u00e9graissant ultra-performant, offert en versions ultra-concentr\u00e9e et concentr\u00e9e. Formul\u00e9 pour","og_url":"https:\/\/www.eco2.ca\/fr\/product\/degraissant-a-la-mandarine-et-a-lorange\/","og_site_name":"Eco2bureau","article_modified_time":"2025-06-16T13:07:23+00:00","og_image":[{"width":480,"height":967,"url":"https:\/\/www.eco2.ca\/wp-content\/uploads\/2025\/05\/DCTO-G04-Safeblend-Heavy-Duty-Degreaser-Concentrated-copy.png","type":"image\/png"}],"twitter_card":"summary_large_image","twitter_misc":{"Dur\u00e9e de lecture estim\u00e9e":"1 minute"},"schema":{"@context":"https:\/\/schema.org","@graph":[{"@type":"WebPage","@id":"https:\/\/www.eco2.ca\/fr\/product\/degraissant-a-la-mandarine-et-a-lorange\/","url":"https:\/\/www.eco2.ca\/fr\/product\/degraissant-a-la-mandarine-et-a-lorange\/","name":"D\u00e9graissant A La Mandarine Et A Lorange - Eco2bureau","isPartOf":{"@id":"https:\/\/www.eco2.ca\/fr\/#website"},"primaryImageOfPage":{"@id":"https:\/\/www.eco2.ca\/fr\/product\/degraissant-a-la-mandarine-et-a-lorange\/#primaryimage"},"image":{"@id":"https:\/\/www.eco2.ca\/fr\/product\/degraissant-a-la-mandarine-et-a-lorange\/#primaryimage"},"thumbnailUrl":"https:\/\/www.eco2.ca\/wp-content\/uploads\/2025\/05\/DCTO-G04-Safeblend-Heavy-Duty-Degreaser-Concentrated-copy.png","datePublished":"2025-06-16T12:58:23+00:00","dateModified":"2025-06-16T13:07:23+00:00","description":"Exploitez la puissance des agrumes avec ce d\u00e9graissant ultra-performant, offert en versions ultra-concentr\u00e9e et concentr\u00e9e. Formul\u00e9 pour","breadcrumb":{"@id":"https:\/\/www.eco2.ca\/fr\/product\/degraissant-a-la-mandarine-et-a-lorange\/#breadcrumb"},"inLanguage":"fr-FR","potentialAction":[{"@type":"ReadAction","target":["https:\/\/www.eco2.ca\/fr\/product\/degraissant-a-la-mandarine-et-a-lorange\/"]}]},{"@type":"ImageObject","inLanguage":"fr-FR","@id":"https:\/\/www.eco2.ca\/fr\/product\/degraissant-a-la-mandarine-et-a-lorange\/#primaryimage","url":"https:\/\/www.eco2.ca\/wp-content\/uploads\/2025\/05\/DCTO-G04-Safeblend-Heavy-Duty-Degreaser-Concentrated-copy.png","contentUrl":"https:\/\/www.eco2.ca\/wp-content\/uploads\/2025\/05\/DCTO-G04-Safeblend-Heavy-Duty-Degreaser-Concentrated-copy.png","width":480,"height":967,"caption":"Cleaning Products: Professional-Grade Solutions for a Spotless, Hygienic Environment"},{"@type":"BreadcrumbList","@id":"https:\/\/www.eco2.ca\/fr\/product\/degraissant-a-la-mandarine-et-a-lorange\/#breadcrumb","itemListElement":[{"@type":"ListItem","position":1,"name":"Home","item":"https:\/\/www.eco2.ca\/fr\/"},{"@type":"ListItem","position":2,"name":"Boutique","item":"https:\/\/www.eco2.ca\/fr\/boutique\/"},{"@type":"ListItem","position":3,"name":"D\u00e9graissant A La Mandarine Et A Lorange"}]},{"@type":"WebSite","@id":"https:\/\/www.eco2.ca\/fr\/#website","url":"https:\/\/www.eco2.ca\/fr\/","name":"Eco2bureau","description":"","publisher":{"@id":"https:\/\/www.eco2.ca\/fr\/#organization"},"potentialAction":[{"@type":"SearchAction","target":{"@type":"EntryPoint","urlTemplate":"https:\/\/www.eco2.ca\/fr\/?s={search_term_string}"},"query-input":{"@type":"PropertyValueSpecification","valueRequired":true,"valueName":"search_term_string"}}],"inLanguage":"fr-FR"},{"@type":"Organization","@id":"https:\/\/www.eco2.ca\/fr\/#organization","name":"Eco2bureau","url":"https:\/\/www.eco2.ca\/fr\/","logo":{"@type":"ImageObject","inLanguage":"fr-FR","@id":"https:\/\/www.eco2.ca\/fr\/#\/schema\/logo\/image\/","url":"https:\/\/www.eco2.ca\/wp-content\/uploads\/2025\/04\/cropped-cropped-Add-a-subheading-3.png","contentUrl":"https:\/\/www.eco2.ca\/wp-content\/uploads\/2025\/04\/cropped-cropped-Add-a-subheading-3.png","width":469,"height":109,"caption":"Eco2bureau"},"image":{"@id":"https:\/\/www.eco2.ca\/fr\/#\/schema\/logo\/image\/"}}]}},"uagb_featured_image_src":{"full":["https:\/\/www.eco2.ca\/wp-content\/uploads\/2025\/05\/DCTO-G04-Safeblend-Heavy-Duty-Degreaser-Concentrated-copy.png",480,967,false],"thumbnail":["https:\/\/www.eco2.ca\/wp-content\/uploads\/2025\/05\/DCTO-G04-Safeblend-Heavy-Duty-Degreaser-Concentrated-copy-150x150.png",150,150,true],"medium":["https:\/\/www.eco2.ca\/wp-content\/uploads\/2025\/05\/DCTO-G04-Safeblend-Heavy-Duty-Degreaser-Concentrated-copy-149x300.png",149,300,true],"medium_large":["https:\/\/www.eco2.ca\/wp-content\/uploads\/2025\/05\/DCTO-G04-Safeblend-Heavy-Duty-Degreaser-Concentrated-copy.png",480,967,false],"large":["https:\/\/www.eco2.ca\/wp-content\/uploads\/2025\/05\/DCTO-G04-Safeblend-Heavy-Duty-Degreaser-Concentrated-copy.png",480,967,false],"1536x1536":["https:\/\/www.eco2.ca\/wp-content\/uploads\/2025\/05\/DCTO-G04-Safeblend-Heavy-Duty-Degreaser-Concentrated-copy.png",480,967,false],"2048x2048":["https:\/\/www.eco2.ca\/wp-content\/uploads\/2025\/05\/DCTO-G04-Safeblend-Heavy-Duty-Degreaser-Concentrated-copy.png",480,967,false],"wishsuite-image":["https:\/\/www.eco2.ca\/wp-content\/uploads\/2025\/05\/DCTO-G04-Safeblend-Heavy-Duty-Degreaser-Concentrated-copy.png",40,80,false],"woocommerce_thumbnail":["https:\/\/www.eco2.ca\/wp-content\/uploads\/2025\/05\/DCTO-G04-Safeblend-Heavy-Duty-Degreaser-Concentrated-copy-300x300.png",300,300,true],"woocommerce_single":["https:\/\/www.eco2.ca\/wp-content\/uploads\/2025\/05\/DCTO-G04-Safeblend-Heavy-Duty-Degreaser-Concentrated-copy.png",480,967,false],"woocommerce_gallery_thumbnail":["https:\/\/www.eco2.ca\/wp-content\/uploads\/2025\/05\/DCTO-G04-Safeblend-Heavy-Duty-Degreaser-Concentrated-copy-100x100.png",100,100,true]},"uagb_author_info":{"display_name":"Mary ..","author_link":"https:\/\/www.eco2.ca\/fr\/author\/"},"uagb_comment_info":0,"uagb_excerpt":"\u00c9liminez la graisse tenace naturellement gr\u00e2ce \u00e0 la puissance des agrumes de mandarine et d\u2019orange. Offert en formats concentr\u00e9 et ultra-concentr\u00e9, c\u2019est une solution fra\u00eeche et \u00e9cologique pour la cuisine, les outils et bien plus encore.","_links":{"self":[{"href":"https:\/\/www.eco2.ca\/fr\/wp-json\/wp\/v2\/product\/12389","targetHints":{"allow":["GET"]}}],"collection":[{"href":"https:\/\/www.eco2.ca\/fr\/wp-json\/wp\/v2\/product"}],"about":[{"href":"https:\/\/www.eco2.ca\/fr\/wp-json\/wp\/v2\/types\/product"}],"wp:featuredmedia":[{"embeddable":true,"href":"https:\/\/www.eco2.ca\/fr\/wp-json\/wp\/v2\/media\/10911"}],"wp:attachment":[{"href":"https:\/\/www.eco2.ca\/fr\/wp-json\/wp\/v2\/media?parent=12389"}],"wp:term":[{"taxonomy":"product_brand","embeddable":true,"href":"https:\/\/www.eco2.ca\/fr\/wp-json\/wp\/v2\/product_brand?post=12389"},{"taxonomy":"product_cat","embeddable":true,"href":"https:\/\/www.eco2.ca\/fr\/wp-json\/wp\/v2\/product_cat?post=12389"},{"taxonomy":"product_tag","embeddable":true,"href":"https:\/\/www.eco2.ca\/fr\/wp-json\/wp\/v2\/product_tag?post=12389"}],"curies":[{"name":"wp","href":"https:\/\/api.w.org\/{rel}","templated":true}]}}