{"id":12394,"date":"2025-06-16T13:28:54","date_gmt":"2025-06-16T13:28:54","guid":{"rendered":"https:\/\/www.eco2.ca\/product\/lemon-and-grapefruit-dish-soap\/"},"modified":"2025-06-16T13:37:15","modified_gmt":"2025-06-16T13:37:15","slug":"savon-a-vaisselle-au-citron-et-au-pamplemousse-rose","status":"publish","type":"product","link":"https:\/\/www.eco2.ca\/fr\/product\/savon-a-vaisselle-au-citron-et-au-pamplemousse-rose\/","title":{"rendered":"Savon A Vaisselle Au Citron Et Au Pamplemousse Rose"},"content":{"rendered":"<h2 style=\"font-size: 1.3em;\">Savon A Vaisselle Au Citron Et Au Pamplemousse Rose \u2013 Frais. Efficace. Fi\u00e8rement Fait Au Qu\u00e9bec.<\/h2>\n<p>Offrez \u00e0 votre vaisselle une brillance naturelle avec ce savon \u00e0 vaisselle pr\u00eat \u00e0 l\u2019emploi, fait localement au Qu\u00e9bec. Disponible en parfums <strong>citron<\/strong> et <strong>pamplemousse rose<\/strong>, il allie la fra\u00eecheur vivifiante des agrumes \u00e0 une performance d\u00e9graissante puissante\u2014pour une vaisselle impeccable et une cuisine d\u00e9licatement parfum\u00e9e.<\/p>\n<h3 style=\"font-size: 1.3em;\">Caract\u00e9ristiques:<\/h3>\n<ul>\n<li>Pr\u00eat \u00e0 l\u2019emploi\u2014sans m\u00e9lange, sans d\u00e9g\u00e2ts<\/li>\n<li>Parfums frais de citron et de pamplemousse rose \u00e0 base d\u2019ar\u00f4mes naturels<\/li>\n<li>Efficace contre la graisse, doux pour les mains<\/li>\n<li>Formul\u00e9 et produit localement au Qu\u00e9bec<\/li>\n<li>\u00c9cologique et biod\u00e9gradable<\/li>\n<\/ul>\n<p><em>Nettoyez naturellement\u2014avec la puissance des agrumes et la fiert\u00e9 locale en bouteille.\u00a0<\/em><\/p>\n","protected":false},"excerpt":{"rendered":"<p><strong>Fra\u00eecheur d\u2019agrumes, fabriqu\u00e9e localement :<\/strong> Ce savon \u00e0 vaisselle au citron et au pamplemousse rose apporte une touche vivifiante d\u2019agrumes \u00e0 votre \u00e9vier. Pr\u00eat \u00e0 l\u2019emploi et fi\u00e8rement fabriqu\u00e9 au Qu\u00e9bec, il d\u00e9loge la graisse tout en douceur\u2014pour rendre la vaisselle quotidienne un peu plus agr\u00e9able.<\/p>\n","protected":false},"featured_media":10915,"template":"","meta":{"_eb_attr":"","_uag_custom_page_level_css":"","site-sidebar-layout":"default","site-content-layout":"","ast-site-content-layout":"default","site-content-style":"default","site-sidebar-style":"default","ast-global-header-display":"","ast-banner-title-visibility":"","ast-main-header-display":"","ast-hfb-above-header-display":"","ast-hfb-below-header-display":"","ast-hfb-mobile-header-display":"","site-post-title":"","ast-breadcrumbs-content":"","ast-featured-img":"","footer-sml-layout":"","ast-disable-related-posts":"","theme-transparent-header-meta":"default","adv-header-id-meta":"","stick-header-meta":"","header-above-stick-meta":"","header-main-stick-meta":"","header-below-stick-meta":"","astra-migrate-meta-layouts":"set","ast-page-background-enabled":"default","ast-page-background-meta":{"desktop":{"background-color":"","background-image":"","background-repeat":"repeat","background-position":"center center","background-size":"auto","background-attachment":"scroll","background-type":"","background-media":"","overlay-type":"","overlay-color":"","overlay-opacity":"","overlay-gradient":""},"tablet":{"background-color":"","background-image":"","background-repeat":"repeat","background-position":"center center","background-size":"auto","background-attachment":"scroll","background-type":"","background-media":"","overlay-type":"","overlay-color":"","overlay-opacity":"","overlay-gradient":""},"mobile":{"background-color":"","background-image":"","background-repeat":"repeat","background-position":"center center","background-size":"auto","background-attachment":"scroll","background-type":"","background-media":"","overlay-type":"","overlay-color":"","overlay-opacity":"","overlay-gradient":""}},"ast-content-background-meta":{"desktop":{"background-color":"var(--ast-global-color-5)","background-image":"","background-repeat":"repeat","background-position":"center center","background-size":"auto","background-attachment":"scroll","background-type":"","background-media":"","overlay-type":"","overlay-color":"","overlay-opacity":"","overlay-gradient":""},"tablet":{"background-color":"var(--ast-global-color-5)","background-image":"","background-repeat":"repeat","background-position":"center center","background-size":"auto","background-attachment":"scroll","background-type":"","background-media":"","overlay-type":"","overlay-color":"","overlay-opacity":"","overlay-gradient":""},"mobile":{"background-color":"var(--ast-global-color-5)","background-image":"","background-repeat":"repeat","background-position":"center center","background-size":"auto","background-attachment":"scroll","background-type":"","background-media":"","overlay-type":"","overlay-color":"","overlay-opacity":"","overlay-gradient":""}},"_selected_store_location":"","_selected_store_location_key":""},"product_brand":[],"product_cat":[227,197],"product_tag":[],"class_list":{"0":"post-12394","1":"product","2":"type-product","3":"status-publish","4":"has-post-thumbnail","6":"product_cat-agent-nettoyant","7":"product_cat-produits-de-nettoyage","8":"desktop-align-center","9":"tablet-align-center","10":"mobile-align-center","12":"first","13":"instock","14":"shipping-taxable","15":"purchasable","16":"product-type-simple"},"yoast_head":"<!-- This site is optimized with the Yoast SEO plugin v27.5 - https:\/\/yoast.com\/product\/yoast-seo-wordpress\/ -->\n<title>Savon A Vaisselle Au Citron Et Au Pamplemousse Rose - Eco2bureau<\/title>\n<meta name=\"description\" content=\"Offrez \u00e0 votre vaisselle une brillance naturelle avec ce savon \u00e0 vaisselle pr\u00eat \u00e0 l\u2019emploi, fait localement au Qu\u00e9bec. Disponible en parfums citron et pamplemousse rose\" \/>\n<meta name=\"robots\" content=\"index, follow, max-snippet:-1, max-image-preview:large, max-video-preview:-1\" \/>\n<link rel=\"canonical\" href=\"https:\/\/www.eco2.ca\/fr\/product\/savon-a-vaisselle-au-citron-et-au-pamplemousse-rose\/\" \/>\n<meta property=\"og:locale\" content=\"fr_FR\" \/>\n<meta property=\"og:type\" content=\"article\" \/>\n<meta property=\"og:title\" content=\"Savon A Vaisselle Au Citron Et Au Pamplemousse Rose - Eco2bureau\" \/>\n<meta property=\"og:description\" content=\"Offrez \u00e0 votre vaisselle une brillance naturelle avec ce savon \u00e0 vaisselle pr\u00eat \u00e0 l\u2019emploi, fait localement au Qu\u00e9bec. Disponible en parfums citron et pamplemousse rose\" \/>\n<meta property=\"og:url\" content=\"https:\/\/www.eco2.ca\/fr\/product\/savon-a-vaisselle-au-citron-et-au-pamplemousse-rose\/\" \/>\n<meta property=\"og:site_name\" content=\"Eco2bureau\" \/>\n<meta property=\"article:modified_time\" content=\"2025-06-16T13:37:15+00:00\" \/>\n<meta property=\"og:image\" content=\"https:\/\/www.eco2.ca\/wp-content\/uploads\/2025\/05\/VCLE-G04-Safeblend-Dish-Detergent-copy.png\" \/>\n\t<meta property=\"og:image:width\" content=\"459\" \/>\n\t<meta property=\"og:image:height\" content=\"926\" \/>\n\t<meta property=\"og:image:type\" content=\"image\/png\" \/>\n<meta name=\"twitter:card\" content=\"summary_large_image\" \/>\n<meta name=\"twitter:label1\" content=\"Dur\u00e9e de lecture estim\u00e9e\" \/>\n\t<meta name=\"twitter:data1\" content=\"1 minute\" \/>\n<script type=\"application\/ld+json\" class=\"yoast-schema-graph\">{\"@context\":\"https:\\\/\\\/schema.org\",\"@graph\":[{\"@type\":\"WebPage\",\"@id\":\"https:\\\/\\\/www.eco2.ca\\\/fr\\\/product\\\/savon-a-vaisselle-au-citron-et-au-pamplemousse-rose\\\/\",\"url\":\"https:\\\/\\\/www.eco2.ca\\\/fr\\\/product\\\/savon-a-vaisselle-au-citron-et-au-pamplemousse-rose\\\/\",\"name\":\"Savon A Vaisselle Au Citron Et Au Pamplemousse Rose - Eco2bureau\",\"isPartOf\":{\"@id\":\"https:\\\/\\\/www.eco2.ca\\\/fr\\\/#website\"},\"primaryImageOfPage\":{\"@id\":\"https:\\\/\\\/www.eco2.ca\\\/fr\\\/product\\\/savon-a-vaisselle-au-citron-et-au-pamplemousse-rose\\\/#primaryimage\"},\"image\":{\"@id\":\"https:\\\/\\\/www.eco2.ca\\\/fr\\\/product\\\/savon-a-vaisselle-au-citron-et-au-pamplemousse-rose\\\/#primaryimage\"},\"thumbnailUrl\":\"https:\\\/\\\/www.eco2.ca\\\/wp-content\\\/uploads\\\/2025\\\/05\\\/VCLE-G04-Safeblend-Dish-Detergent-copy.png\",\"datePublished\":\"2025-06-16T13:28:54+00:00\",\"dateModified\":\"2025-06-16T13:37:15+00:00\",\"description\":\"Offrez \u00e0 votre vaisselle une brillance naturelle avec ce savon \u00e0 vaisselle pr\u00eat \u00e0 l\u2019emploi, fait localement au Qu\u00e9bec. Disponible en parfums citron et pamplemousse rose\",\"breadcrumb\":{\"@id\":\"https:\\\/\\\/www.eco2.ca\\\/fr\\\/product\\\/savon-a-vaisselle-au-citron-et-au-pamplemousse-rose\\\/#breadcrumb\"},\"inLanguage\":\"fr-FR\",\"potentialAction\":[{\"@type\":\"ReadAction\",\"target\":[\"https:\\\/\\\/www.eco2.ca\\\/fr\\\/product\\\/savon-a-vaisselle-au-citron-et-au-pamplemousse-rose\\\/\"]}]},{\"@type\":\"ImageObject\",\"inLanguage\":\"fr-FR\",\"@id\":\"https:\\\/\\\/www.eco2.ca\\\/fr\\\/product\\\/savon-a-vaisselle-au-citron-et-au-pamplemousse-rose\\\/#primaryimage\",\"url\":\"https:\\\/\\\/www.eco2.ca\\\/wp-content\\\/uploads\\\/2025\\\/05\\\/VCLE-G04-Safeblend-Dish-Detergent-copy.png\",\"contentUrl\":\"https:\\\/\\\/www.eco2.ca\\\/wp-content\\\/uploads\\\/2025\\\/05\\\/VCLE-G04-Safeblend-Dish-Detergent-copy.png\",\"width\":459,\"height\":926,\"caption\":\"Lemon And Grapefruit Dish Soap\"},{\"@type\":\"BreadcrumbList\",\"@id\":\"https:\\\/\\\/www.eco2.ca\\\/fr\\\/product\\\/savon-a-vaisselle-au-citron-et-au-pamplemousse-rose\\\/#breadcrumb\",\"itemListElement\":[{\"@type\":\"ListItem\",\"position\":1,\"name\":\"Home\",\"item\":\"https:\\\/\\\/www.eco2.ca\\\/fr\\\/\"},{\"@type\":\"ListItem\",\"position\":2,\"name\":\"Boutique\",\"item\":\"https:\\\/\\\/www.eco2.ca\\\/fr\\\/boutique\\\/\"},{\"@type\":\"ListItem\",\"position\":3,\"name\":\"Savon A Vaisselle Au Citron Et Au Pamplemousse Rose\"}]},{\"@type\":\"WebSite\",\"@id\":\"https:\\\/\\\/www.eco2.ca\\\/fr\\\/#website\",\"url\":\"https:\\\/\\\/www.eco2.ca\\\/fr\\\/\",\"name\":\"Eco2bureau\",\"description\":\"\",\"publisher\":{\"@id\":\"https:\\\/\\\/www.eco2.ca\\\/fr\\\/#organization\"},\"potentialAction\":[{\"@type\":\"SearchAction\",\"target\":{\"@type\":\"EntryPoint\",\"urlTemplate\":\"https:\\\/\\\/www.eco2.ca\\\/fr\\\/?s={search_term_string}\"},\"query-input\":{\"@type\":\"PropertyValueSpecification\",\"valueRequired\":true,\"valueName\":\"search_term_string\"}}],\"inLanguage\":\"fr-FR\"},{\"@type\":\"Organization\",\"@id\":\"https:\\\/\\\/www.eco2.ca\\\/fr\\\/#organization\",\"name\":\"Eco2bureau\",\"url\":\"https:\\\/\\\/www.eco2.ca\\\/fr\\\/\",\"logo\":{\"@type\":\"ImageObject\",\"inLanguage\":\"fr-FR\",\"@id\":\"https:\\\/\\\/www.eco2.ca\\\/fr\\\/#\\\/schema\\\/logo\\\/image\\\/\",\"url\":\"https:\\\/\\\/www.eco2.ca\\\/wp-content\\\/uploads\\\/2025\\\/04\\\/cropped-cropped-Add-a-subheading-3.png\",\"contentUrl\":\"https:\\\/\\\/www.eco2.ca\\\/wp-content\\\/uploads\\\/2025\\\/04\\\/cropped-cropped-Add-a-subheading-3.png\",\"width\":469,\"height\":109,\"caption\":\"Eco2bureau\"},\"image\":{\"@id\":\"https:\\\/\\\/www.eco2.ca\\\/fr\\\/#\\\/schema\\\/logo\\\/image\\\/\"}}]}<\/script>\n<!-- \/ Yoast SEO plugin. -->","yoast_head_json":{"title":"Savon A Vaisselle Au Citron Et Au Pamplemousse Rose - Eco2bureau","description":"Offrez \u00e0 votre vaisselle une brillance naturelle avec ce savon \u00e0 vaisselle pr\u00eat \u00e0 l\u2019emploi, fait localement au Qu\u00e9bec. Disponible en parfums citron et pamplemousse rose","robots":{"index":"index","follow":"follow","max-snippet":"max-snippet:-1","max-image-preview":"max-image-preview:large","max-video-preview":"max-video-preview:-1"},"canonical":"https:\/\/www.eco2.ca\/fr\/product\/savon-a-vaisselle-au-citron-et-au-pamplemousse-rose\/","og_locale":"fr_FR","og_type":"article","og_title":"Savon A Vaisselle Au Citron Et Au Pamplemousse Rose - Eco2bureau","og_description":"Offrez \u00e0 votre vaisselle une brillance naturelle avec ce savon \u00e0 vaisselle pr\u00eat \u00e0 l\u2019emploi, fait localement au Qu\u00e9bec. Disponible en parfums citron et pamplemousse rose","og_url":"https:\/\/www.eco2.ca\/fr\/product\/savon-a-vaisselle-au-citron-et-au-pamplemousse-rose\/","og_site_name":"Eco2bureau","article_modified_time":"2025-06-16T13:37:15+00:00","og_image":[{"width":459,"height":926,"url":"https:\/\/www.eco2.ca\/wp-content\/uploads\/2025\/05\/VCLE-G04-Safeblend-Dish-Detergent-copy.png","type":"image\/png"}],"twitter_card":"summary_large_image","twitter_misc":{"Dur\u00e9e de lecture estim\u00e9e":"1 minute"},"schema":{"@context":"https:\/\/schema.org","@graph":[{"@type":"WebPage","@id":"https:\/\/www.eco2.ca\/fr\/product\/savon-a-vaisselle-au-citron-et-au-pamplemousse-rose\/","url":"https:\/\/www.eco2.ca\/fr\/product\/savon-a-vaisselle-au-citron-et-au-pamplemousse-rose\/","name":"Savon A Vaisselle Au Citron Et Au Pamplemousse Rose - Eco2bureau","isPartOf":{"@id":"https:\/\/www.eco2.ca\/fr\/#website"},"primaryImageOfPage":{"@id":"https:\/\/www.eco2.ca\/fr\/product\/savon-a-vaisselle-au-citron-et-au-pamplemousse-rose\/#primaryimage"},"image":{"@id":"https:\/\/www.eco2.ca\/fr\/product\/savon-a-vaisselle-au-citron-et-au-pamplemousse-rose\/#primaryimage"},"thumbnailUrl":"https:\/\/www.eco2.ca\/wp-content\/uploads\/2025\/05\/VCLE-G04-Safeblend-Dish-Detergent-copy.png","datePublished":"2025-06-16T13:28:54+00:00","dateModified":"2025-06-16T13:37:15+00:00","description":"Offrez \u00e0 votre vaisselle une brillance naturelle avec ce savon \u00e0 vaisselle pr\u00eat \u00e0 l\u2019emploi, fait localement au Qu\u00e9bec. Disponible en parfums citron et pamplemousse rose","breadcrumb":{"@id":"https:\/\/www.eco2.ca\/fr\/product\/savon-a-vaisselle-au-citron-et-au-pamplemousse-rose\/#breadcrumb"},"inLanguage":"fr-FR","potentialAction":[{"@type":"ReadAction","target":["https:\/\/www.eco2.ca\/fr\/product\/savon-a-vaisselle-au-citron-et-au-pamplemousse-rose\/"]}]},{"@type":"ImageObject","inLanguage":"fr-FR","@id":"https:\/\/www.eco2.ca\/fr\/product\/savon-a-vaisselle-au-citron-et-au-pamplemousse-rose\/#primaryimage","url":"https:\/\/www.eco2.ca\/wp-content\/uploads\/2025\/05\/VCLE-G04-Safeblend-Dish-Detergent-copy.png","contentUrl":"https:\/\/www.eco2.ca\/wp-content\/uploads\/2025\/05\/VCLE-G04-Safeblend-Dish-Detergent-copy.png","width":459,"height":926,"caption":"Lemon And Grapefruit Dish Soap"},{"@type":"BreadcrumbList","@id":"https:\/\/www.eco2.ca\/fr\/product\/savon-a-vaisselle-au-citron-et-au-pamplemousse-rose\/#breadcrumb","itemListElement":[{"@type":"ListItem","position":1,"name":"Home","item":"https:\/\/www.eco2.ca\/fr\/"},{"@type":"ListItem","position":2,"name":"Boutique","item":"https:\/\/www.eco2.ca\/fr\/boutique\/"},{"@type":"ListItem","position":3,"name":"Savon A Vaisselle Au Citron Et Au Pamplemousse Rose"}]},{"@type":"WebSite","@id":"https:\/\/www.eco2.ca\/fr\/#website","url":"https:\/\/www.eco2.ca\/fr\/","name":"Eco2bureau","description":"","publisher":{"@id":"https:\/\/www.eco2.ca\/fr\/#organization"},"potentialAction":[{"@type":"SearchAction","target":{"@type":"EntryPoint","urlTemplate":"https:\/\/www.eco2.ca\/fr\/?s={search_term_string}"},"query-input":{"@type":"PropertyValueSpecification","valueRequired":true,"valueName":"search_term_string"}}],"inLanguage":"fr-FR"},{"@type":"Organization","@id":"https:\/\/www.eco2.ca\/fr\/#organization","name":"Eco2bureau","url":"https:\/\/www.eco2.ca\/fr\/","logo":{"@type":"ImageObject","inLanguage":"fr-FR","@id":"https:\/\/www.eco2.ca\/fr\/#\/schema\/logo\/image\/","url":"https:\/\/www.eco2.ca\/wp-content\/uploads\/2025\/04\/cropped-cropped-Add-a-subheading-3.png","contentUrl":"https:\/\/www.eco2.ca\/wp-content\/uploads\/2025\/04\/cropped-cropped-Add-a-subheading-3.png","width":469,"height":109,"caption":"Eco2bureau"},"image":{"@id":"https:\/\/www.eco2.ca\/fr\/#\/schema\/logo\/image\/"}}]}},"uagb_featured_image_src":{"full":["https:\/\/www.eco2.ca\/wp-content\/uploads\/2025\/05\/VCLE-G04-Safeblend-Dish-Detergent-copy.png",459,926,false],"thumbnail":["https:\/\/www.eco2.ca\/wp-content\/uploads\/2025\/05\/VCLE-G04-Safeblend-Dish-Detergent-copy-150x150.png",150,150,true],"medium":["https:\/\/www.eco2.ca\/wp-content\/uploads\/2025\/05\/VCLE-G04-Safeblend-Dish-Detergent-copy-149x300.png",149,300,true],"medium_large":["https:\/\/www.eco2.ca\/wp-content\/uploads\/2025\/05\/VCLE-G04-Safeblend-Dish-Detergent-copy.png",459,926,false],"large":["https:\/\/www.eco2.ca\/wp-content\/uploads\/2025\/05\/VCLE-G04-Safeblend-Dish-Detergent-copy.png",459,926,false],"1536x1536":["https:\/\/www.eco2.ca\/wp-content\/uploads\/2025\/05\/VCLE-G04-Safeblend-Dish-Detergent-copy.png",459,926,false],"2048x2048":["https:\/\/www.eco2.ca\/wp-content\/uploads\/2025\/05\/VCLE-G04-Safeblend-Dish-Detergent-copy.png",459,926,false],"wishsuite-image":["https:\/\/www.eco2.ca\/wp-content\/uploads\/2025\/05\/VCLE-G04-Safeblend-Dish-Detergent-copy.png",40,80,false],"woocommerce_thumbnail":["https:\/\/www.eco2.ca\/wp-content\/uploads\/2025\/05\/VCLE-G04-Safeblend-Dish-Detergent-copy-300x300.png",300,300,true],"woocommerce_single":["https:\/\/www.eco2.ca\/wp-content\/uploads\/2025\/05\/VCLE-G04-Safeblend-Dish-Detergent-copy.png",459,926,false],"woocommerce_gallery_thumbnail":["https:\/\/www.eco2.ca\/wp-content\/uploads\/2025\/05\/VCLE-G04-Safeblend-Dish-Detergent-copy-100x100.png",100,100,true]},"uagb_author_info":{"display_name":"Mary ..","author_link":"https:\/\/www.eco2.ca\/fr\/author\/"},"uagb_comment_info":0,"uagb_excerpt":"Fra\u00eecheur d\u2019agrumes, fabriqu\u00e9e localement : Ce savon \u00e0 vaisselle au citron et au pamplemousse rose apporte une touche vivifiante d\u2019agrumes \u00e0 votre \u00e9vier. Pr\u00eat \u00e0 l\u2019emploi et fi\u00e8rement fabriqu\u00e9 au Qu\u00e9bec, il d\u00e9loge la graisse tout en douceur\u2014pour rendre la vaisselle quotidienne un peu plus agr\u00e9able.","_links":{"self":[{"href":"https:\/\/www.eco2.ca\/fr\/wp-json\/wp\/v2\/product\/12394","targetHints":{"allow":["GET"]}}],"collection":[{"href":"https:\/\/www.eco2.ca\/fr\/wp-json\/wp\/v2\/product"}],"about":[{"href":"https:\/\/www.eco2.ca\/fr\/wp-json\/wp\/v2\/types\/product"}],"wp:featuredmedia":[{"embeddable":true,"href":"https:\/\/www.eco2.ca\/fr\/wp-json\/wp\/v2\/media\/10915"}],"wp:attachment":[{"href":"https:\/\/www.eco2.ca\/fr\/wp-json\/wp\/v2\/media?parent=12394"}],"wp:term":[{"taxonomy":"product_brand","embeddable":true,"href":"https:\/\/www.eco2.ca\/fr\/wp-json\/wp\/v2\/product_brand?post=12394"},{"taxonomy":"product_cat","embeddable":true,"href":"https:\/\/www.eco2.ca\/fr\/wp-json\/wp\/v2\/product_cat?post=12394"},{"taxonomy":"product_tag","embeddable":true,"href":"https:\/\/www.eco2.ca\/fr\/wp-json\/wp\/v2\/product_tag?post=12394"}],"curies":[{"name":"wp","href":"https:\/\/api.w.org\/{rel}","templated":true}]}}