{"id":12401,"date":"2025-06-16T14:07:07","date_gmt":"2025-06-16T14:07:07","guid":{"rendered":"https:\/\/www.eco2.ca\/product\/biodegradable-hand-and-body-soap\/"},"modified":"2025-06-16T14:20:47","modified_gmt":"2025-06-16T14:20:47","slug":"biodegradable-hand-and-body-soap","status":"publish","type":"product","link":"https:\/\/www.eco2.ca\/fr\/product\/biodegradable-hand-and-body-soap\/","title":{"rendered":"Savon Biod\u00e9gradable Pour Les Mains Et Le Corps"},"content":{"rendered":"<h2 style=\"font-size: 1.4em;\">Savon Biod\u00e9gradable Pour Les Mains Et Le Corps \u2013 Une Peau Propre, Une Plan\u00e8te Plus Propre<\/h2>\n<p>Offrez \u00e0 votre peau une mousse douce et respectueuse de l\u2019environnement gr\u00e2ce \u00e0 ce savon pr\u00eat \u00e0 l\u2019emploi, disponible en <strong>Mangue Papaye<\/strong>, <strong>Pamplemousse<\/strong> ou <strong>Sans parfum<\/strong>. Que vous aimiez les senteurs tropicales ou pr\u00e9f\u00e9riez une exp\u00e9rience sans odeur, ce savon offre une mousse g\u00e9n\u00e9reuse et des ingr\u00e9dients biod\u00e9gradables pour une propret\u00e9 qui fait du bien\u2014\u00e0 vous comme \u00e0 la plan\u00e8te.<\/p>\n<h3 style=\"font-size: 1.3em;\">Caract\u00e9ristiques:<\/h3>\n<ul>\n<li>Formule moussante pr\u00eate \u00e0 l\u2019emploi\u2014sans m\u00e9lange, sans souci<\/li>\n<li>Offert en <strong>Mangue Papaye<\/strong>, <strong>Pamplemousse<\/strong> et <strong>Sans parfum<\/strong><\/li>\n<li>Doux pour la peau\u2014convient pour les mains et le corps<\/li>\n<li>Respectueux de l\u2019environnement\u2014biod\u00e9gradable et plus s\u00e9curitaire<\/li>\n<li>Id\u00e9al pour <strong>la maison, les bureaux, les salles de sport<\/strong>, et plus encore<\/li>\n<\/ul>\n<p><em>Faites mousser avec conscience\u2014propret\u00e9 rafra\u00eechissante pour vous, responsabilit\u00e9 pour la plan\u00e8te.<\/em><\/p>\n","protected":false},"excerpt":{"rendered":"<p>Nettoyez et rafra\u00eechissez votre peau en douceur avec ce savon moussant pr\u00eat \u00e0 l\u2019emploi\u2014offert en Mangue Papaye, Pamplemousse et Sans parfum. Sa formule biod\u00e9gradable produit une mousse onctueuse et nourrissante, douce pour la peau et respectueuse de la plan\u00e8te.<\/p>\n","protected":false},"featured_media":10919,"template":"","meta":{"_eb_attr":"","_uag_custom_page_level_css":"","site-sidebar-layout":"default","site-content-layout":"","ast-site-content-layout":"default","site-content-style":"default","site-sidebar-style":"default","ast-global-header-display":"","ast-banner-title-visibility":"","ast-main-header-display":"","ast-hfb-above-header-display":"","ast-hfb-below-header-display":"","ast-hfb-mobile-header-display":"","site-post-title":"","ast-breadcrumbs-content":"","ast-featured-img":"","footer-sml-layout":"","ast-disable-related-posts":"","theme-transparent-header-meta":"default","adv-header-id-meta":"","stick-header-meta":"","header-above-stick-meta":"","header-main-stick-meta":"","header-below-stick-meta":"","astra-migrate-meta-layouts":"set","ast-page-background-enabled":"default","ast-page-background-meta":{"desktop":{"background-color":"","background-image":"","background-repeat":"repeat","background-position":"center center","background-size":"auto","background-attachment":"scroll","background-type":"","background-media":"","overlay-type":"","overlay-color":"","overlay-opacity":"","overlay-gradient":""},"tablet":{"background-color":"","background-image":"","background-repeat":"repeat","background-position":"center center","background-size":"auto","background-attachment":"scroll","background-type":"","background-media":"","overlay-type":"","overlay-color":"","overlay-opacity":"","overlay-gradient":""},"mobile":{"background-color":"","background-image":"","background-repeat":"repeat","background-position":"center center","background-size":"auto","background-attachment":"scroll","background-type":"","background-media":"","overlay-type":"","overlay-color":"","overlay-opacity":"","overlay-gradient":""}},"ast-content-background-meta":{"desktop":{"background-color":"var(--ast-global-color-5)","background-image":"","background-repeat":"repeat","background-position":"center center","background-size":"auto","background-attachment":"scroll","background-type":"","background-media":"","overlay-type":"","overlay-color":"","overlay-opacity":"","overlay-gradient":""},"tablet":{"background-color":"var(--ast-global-color-5)","background-image":"","background-repeat":"repeat","background-position":"center center","background-size":"auto","background-attachment":"scroll","background-type":"","background-media":"","overlay-type":"","overlay-color":"","overlay-opacity":"","overlay-gradient":""},"mobile":{"background-color":"var(--ast-global-color-5)","background-image":"","background-repeat":"repeat","background-position":"center center","background-size":"auto","background-attachment":"scroll","background-type":"","background-media":"","overlay-type":"","overlay-color":"","overlay-opacity":"","overlay-gradient":""}},"_selected_store_location":"","_selected_store_location_key":""},"product_brand":[],"product_cat":[197,232],"product_tag":[],"class_list":{"0":"post-12401","1":"product","2":"type-product","3":"status-publish","4":"has-post-thumbnail","6":"product_cat-produits-de-nettoyage","7":"product_cat-savon-pour-les-mains","8":"wcmi-has-gallery","9":"desktop-align-center","10":"tablet-align-center","11":"mobile-align-center","13":"first","14":"instock","15":"shipping-taxable","16":"purchasable","17":"product-type-simple"},"yoast_head":"<!-- This site is optimized with the Yoast SEO plugin v27.5 - https:\/\/yoast.com\/product\/yoast-seo-wordpress\/ -->\n<title>Savon Biod\u00e9gradable Pour Les Mains Et Le Corps - Eco2bureau<\/title>\n<meta name=\"description\" content=\"Treat your skin to a gentle, planet-friendly cleanse with this ready-to-use foaming soap, available in Mango Papaya, Grapefruit, and Fragrance-Free options.\" \/>\n<meta name=\"robots\" content=\"index, follow, max-snippet:-1, max-image-preview:large, max-video-preview:-1\" \/>\n<link rel=\"canonical\" href=\"https:\/\/www.eco2.ca\/fr\/product\/biodegradable-hand-and-body-soap\/\" \/>\n<meta property=\"og:locale\" content=\"fr_FR\" \/>\n<meta property=\"og:type\" content=\"article\" \/>\n<meta property=\"og:title\" content=\"Savon Biod\u00e9gradable Pour Les Mains Et Le Corps - Eco2bureau\" \/>\n<meta property=\"og:description\" content=\"Treat your skin to a gentle, planet-friendly cleanse with this ready-to-use foaming soap, available in Mango Papaya, Grapefruit, and Fragrance-Free options.\" \/>\n<meta property=\"og:url\" content=\"https:\/\/www.eco2.ca\/fr\/product\/biodegradable-hand-and-body-soap\/\" \/>\n<meta property=\"og:site_name\" content=\"Eco2bureau\" \/>\n<meta property=\"article:modified_time\" content=\"2025-06-16T14:20:47+00:00\" \/>\n<meta property=\"og:image\" content=\"https:\/\/www.eco2.ca\/wp-content\/uploads\/2025\/05\/HFXX-G04-Safeblend-Foam-Soap-copy.png\" \/>\n\t<meta property=\"og:image:width\" content=\"483\" \/>\n\t<meta property=\"og:image:height\" content=\"974\" \/>\n\t<meta property=\"og:image:type\" content=\"image\/png\" \/>\n<meta name=\"twitter:card\" content=\"summary_large_image\" \/>\n<meta name=\"twitter:label1\" content=\"Dur\u00e9e de lecture estim\u00e9e\" \/>\n\t<meta name=\"twitter:data1\" content=\"1 minute\" \/>\n<script type=\"application\/ld+json\" class=\"yoast-schema-graph\">{\"@context\":\"https:\\\/\\\/schema.org\",\"@graph\":[{\"@type\":\"WebPage\",\"@id\":\"https:\\\/\\\/www.eco2.ca\\\/fr\\\/product\\\/biodegradable-hand-and-body-soap\\\/\",\"url\":\"https:\\\/\\\/www.eco2.ca\\\/fr\\\/product\\\/biodegradable-hand-and-body-soap\\\/\",\"name\":\"Savon Biod\u00e9gradable Pour Les Mains Et Le Corps - Eco2bureau\",\"isPartOf\":{\"@id\":\"https:\\\/\\\/www.eco2.ca\\\/fr\\\/#website\"},\"primaryImageOfPage\":{\"@id\":\"https:\\\/\\\/www.eco2.ca\\\/fr\\\/product\\\/biodegradable-hand-and-body-soap\\\/#primaryimage\"},\"image\":{\"@id\":\"https:\\\/\\\/www.eco2.ca\\\/fr\\\/product\\\/biodegradable-hand-and-body-soap\\\/#primaryimage\"},\"thumbnailUrl\":\"https:\\\/\\\/www.eco2.ca\\\/wp-content\\\/uploads\\\/2025\\\/05\\\/HFXX-G04-Safeblend-Foam-Soap-copy.png\",\"datePublished\":\"2025-06-16T14:07:07+00:00\",\"dateModified\":\"2025-06-16T14:20:47+00:00\",\"description\":\"Treat your skin to a gentle, planet-friendly cleanse with this ready-to-use foaming soap, available in Mango Papaya, Grapefruit, and Fragrance-Free options.\",\"breadcrumb\":{\"@id\":\"https:\\\/\\\/www.eco2.ca\\\/fr\\\/product\\\/biodegradable-hand-and-body-soap\\\/#breadcrumb\"},\"inLanguage\":\"fr-FR\",\"potentialAction\":[{\"@type\":\"ReadAction\",\"target\":[\"https:\\\/\\\/www.eco2.ca\\\/fr\\\/product\\\/biodegradable-hand-and-body-soap\\\/\"]}]},{\"@type\":\"ImageObject\",\"inLanguage\":\"fr-FR\",\"@id\":\"https:\\\/\\\/www.eco2.ca\\\/fr\\\/product\\\/biodegradable-hand-and-body-soap\\\/#primaryimage\",\"url\":\"https:\\\/\\\/www.eco2.ca\\\/wp-content\\\/uploads\\\/2025\\\/05\\\/HFXX-G04-Safeblend-Foam-Soap-copy.png\",\"contentUrl\":\"https:\\\/\\\/www.eco2.ca\\\/wp-content\\\/uploads\\\/2025\\\/05\\\/HFXX-G04-Safeblend-Foam-Soap-copy.png\",\"width\":483,\"height\":974,\"caption\":\"Cleaning Products: Professional-Grade Solutions for a Spotless, Hygienic Environment\"},{\"@type\":\"BreadcrumbList\",\"@id\":\"https:\\\/\\\/www.eco2.ca\\\/fr\\\/product\\\/biodegradable-hand-and-body-soap\\\/#breadcrumb\",\"itemListElement\":[{\"@type\":\"ListItem\",\"position\":1,\"name\":\"Home\",\"item\":\"https:\\\/\\\/www.eco2.ca\\\/fr\\\/\"},{\"@type\":\"ListItem\",\"position\":2,\"name\":\"Boutique\",\"item\":\"https:\\\/\\\/www.eco2.ca\\\/fr\\\/boutique\\\/\"},{\"@type\":\"ListItem\",\"position\":3,\"name\":\"Savon Biod\u00e9gradable Pour Les Mains Et Le Corps\"}]},{\"@type\":\"WebSite\",\"@id\":\"https:\\\/\\\/www.eco2.ca\\\/fr\\\/#website\",\"url\":\"https:\\\/\\\/www.eco2.ca\\\/fr\\\/\",\"name\":\"Eco2bureau\",\"description\":\"\",\"publisher\":{\"@id\":\"https:\\\/\\\/www.eco2.ca\\\/fr\\\/#organization\"},\"potentialAction\":[{\"@type\":\"SearchAction\",\"target\":{\"@type\":\"EntryPoint\",\"urlTemplate\":\"https:\\\/\\\/www.eco2.ca\\\/fr\\\/?s={search_term_string}\"},\"query-input\":{\"@type\":\"PropertyValueSpecification\",\"valueRequired\":true,\"valueName\":\"search_term_string\"}}],\"inLanguage\":\"fr-FR\"},{\"@type\":\"Organization\",\"@id\":\"https:\\\/\\\/www.eco2.ca\\\/fr\\\/#organization\",\"name\":\"Eco2bureau\",\"url\":\"https:\\\/\\\/www.eco2.ca\\\/fr\\\/\",\"logo\":{\"@type\":\"ImageObject\",\"inLanguage\":\"fr-FR\",\"@id\":\"https:\\\/\\\/www.eco2.ca\\\/fr\\\/#\\\/schema\\\/logo\\\/image\\\/\",\"url\":\"https:\\\/\\\/www.eco2.ca\\\/wp-content\\\/uploads\\\/2025\\\/04\\\/cropped-cropped-Add-a-subheading-3.png\",\"contentUrl\":\"https:\\\/\\\/www.eco2.ca\\\/wp-content\\\/uploads\\\/2025\\\/04\\\/cropped-cropped-Add-a-subheading-3.png\",\"width\":469,\"height\":109,\"caption\":\"Eco2bureau\"},\"image\":{\"@id\":\"https:\\\/\\\/www.eco2.ca\\\/fr\\\/#\\\/schema\\\/logo\\\/image\\\/\"}}]}<\/script>\n<!-- \/ Yoast SEO plugin. -->","yoast_head_json":{"title":"Savon Biod\u00e9gradable Pour Les Mains Et Le Corps - Eco2bureau","description":"Treat your skin to a gentle, planet-friendly cleanse with this ready-to-use foaming soap, available in Mango Papaya, Grapefruit, and Fragrance-Free options.","robots":{"index":"index","follow":"follow","max-snippet":"max-snippet:-1","max-image-preview":"max-image-preview:large","max-video-preview":"max-video-preview:-1"},"canonical":"https:\/\/www.eco2.ca\/fr\/product\/biodegradable-hand-and-body-soap\/","og_locale":"fr_FR","og_type":"article","og_title":"Savon Biod\u00e9gradable Pour Les Mains Et Le Corps - Eco2bureau","og_description":"Treat your skin to a gentle, planet-friendly cleanse with this ready-to-use foaming soap, available in Mango Papaya, Grapefruit, and Fragrance-Free options.","og_url":"https:\/\/www.eco2.ca\/fr\/product\/biodegradable-hand-and-body-soap\/","og_site_name":"Eco2bureau","article_modified_time":"2025-06-16T14:20:47+00:00","og_image":[{"width":483,"height":974,"url":"https:\/\/www.eco2.ca\/wp-content\/uploads\/2025\/05\/HFXX-G04-Safeblend-Foam-Soap-copy.png","type":"image\/png"}],"twitter_card":"summary_large_image","twitter_misc":{"Dur\u00e9e de lecture estim\u00e9e":"1 minute"},"schema":{"@context":"https:\/\/schema.org","@graph":[{"@type":"WebPage","@id":"https:\/\/www.eco2.ca\/fr\/product\/biodegradable-hand-and-body-soap\/","url":"https:\/\/www.eco2.ca\/fr\/product\/biodegradable-hand-and-body-soap\/","name":"Savon Biod\u00e9gradable Pour Les Mains Et Le Corps - Eco2bureau","isPartOf":{"@id":"https:\/\/www.eco2.ca\/fr\/#website"},"primaryImageOfPage":{"@id":"https:\/\/www.eco2.ca\/fr\/product\/biodegradable-hand-and-body-soap\/#primaryimage"},"image":{"@id":"https:\/\/www.eco2.ca\/fr\/product\/biodegradable-hand-and-body-soap\/#primaryimage"},"thumbnailUrl":"https:\/\/www.eco2.ca\/wp-content\/uploads\/2025\/05\/HFXX-G04-Safeblend-Foam-Soap-copy.png","datePublished":"2025-06-16T14:07:07+00:00","dateModified":"2025-06-16T14:20:47+00:00","description":"Treat your skin to a gentle, planet-friendly cleanse with this ready-to-use foaming soap, available in Mango Papaya, Grapefruit, and Fragrance-Free options.","breadcrumb":{"@id":"https:\/\/www.eco2.ca\/fr\/product\/biodegradable-hand-and-body-soap\/#breadcrumb"},"inLanguage":"fr-FR","potentialAction":[{"@type":"ReadAction","target":["https:\/\/www.eco2.ca\/fr\/product\/biodegradable-hand-and-body-soap\/"]}]},{"@type":"ImageObject","inLanguage":"fr-FR","@id":"https:\/\/www.eco2.ca\/fr\/product\/biodegradable-hand-and-body-soap\/#primaryimage","url":"https:\/\/www.eco2.ca\/wp-content\/uploads\/2025\/05\/HFXX-G04-Safeblend-Foam-Soap-copy.png","contentUrl":"https:\/\/www.eco2.ca\/wp-content\/uploads\/2025\/05\/HFXX-G04-Safeblend-Foam-Soap-copy.png","width":483,"height":974,"caption":"Cleaning Products: Professional-Grade Solutions for a Spotless, Hygienic Environment"},{"@type":"BreadcrumbList","@id":"https:\/\/www.eco2.ca\/fr\/product\/biodegradable-hand-and-body-soap\/#breadcrumb","itemListElement":[{"@type":"ListItem","position":1,"name":"Home","item":"https:\/\/www.eco2.ca\/fr\/"},{"@type":"ListItem","position":2,"name":"Boutique","item":"https:\/\/www.eco2.ca\/fr\/boutique\/"},{"@type":"ListItem","position":3,"name":"Savon Biod\u00e9gradable Pour Les Mains Et Le Corps"}]},{"@type":"WebSite","@id":"https:\/\/www.eco2.ca\/fr\/#website","url":"https:\/\/www.eco2.ca\/fr\/","name":"Eco2bureau","description":"","publisher":{"@id":"https:\/\/www.eco2.ca\/fr\/#organization"},"potentialAction":[{"@type":"SearchAction","target":{"@type":"EntryPoint","urlTemplate":"https:\/\/www.eco2.ca\/fr\/?s={search_term_string}"},"query-input":{"@type":"PropertyValueSpecification","valueRequired":true,"valueName":"search_term_string"}}],"inLanguage":"fr-FR"},{"@type":"Organization","@id":"https:\/\/www.eco2.ca\/fr\/#organization","name":"Eco2bureau","url":"https:\/\/www.eco2.ca\/fr\/","logo":{"@type":"ImageObject","inLanguage":"fr-FR","@id":"https:\/\/www.eco2.ca\/fr\/#\/schema\/logo\/image\/","url":"https:\/\/www.eco2.ca\/wp-content\/uploads\/2025\/04\/cropped-cropped-Add-a-subheading-3.png","contentUrl":"https:\/\/www.eco2.ca\/wp-content\/uploads\/2025\/04\/cropped-cropped-Add-a-subheading-3.png","width":469,"height":109,"caption":"Eco2bureau"},"image":{"@id":"https:\/\/www.eco2.ca\/fr\/#\/schema\/logo\/image\/"}}]}},"uagb_featured_image_src":{"full":["https:\/\/www.eco2.ca\/wp-content\/uploads\/2025\/05\/HFXX-G04-Safeblend-Foam-Soap-copy.png",483,974,false],"thumbnail":["https:\/\/www.eco2.ca\/wp-content\/uploads\/2025\/05\/HFXX-G04-Safeblend-Foam-Soap-copy-150x150.png",150,150,true],"medium":["https:\/\/www.eco2.ca\/wp-content\/uploads\/2025\/05\/HFXX-G04-Safeblend-Foam-Soap-copy-149x300.png",149,300,true],"medium_large":["https:\/\/www.eco2.ca\/wp-content\/uploads\/2025\/05\/HFXX-G04-Safeblend-Foam-Soap-copy.png",483,974,false],"large":["https:\/\/www.eco2.ca\/wp-content\/uploads\/2025\/05\/HFXX-G04-Safeblend-Foam-Soap-copy.png",483,974,false],"1536x1536":["https:\/\/www.eco2.ca\/wp-content\/uploads\/2025\/05\/HFXX-G04-Safeblend-Foam-Soap-copy.png",483,974,false],"2048x2048":["https:\/\/www.eco2.ca\/wp-content\/uploads\/2025\/05\/HFXX-G04-Safeblend-Foam-Soap-copy.png",483,974,false],"wishsuite-image":["https:\/\/www.eco2.ca\/wp-content\/uploads\/2025\/05\/HFXX-G04-Safeblend-Foam-Soap-copy.png",40,80,false],"woocommerce_thumbnail":["https:\/\/www.eco2.ca\/wp-content\/uploads\/2025\/05\/HFXX-G04-Safeblend-Foam-Soap-copy-300x300.png",300,300,true],"woocommerce_single":["https:\/\/www.eco2.ca\/wp-content\/uploads\/2025\/05\/HFXX-G04-Safeblend-Foam-Soap-copy.png",483,974,false],"woocommerce_gallery_thumbnail":["https:\/\/www.eco2.ca\/wp-content\/uploads\/2025\/05\/HFXX-G04-Safeblend-Foam-Soap-copy-100x100.png",100,100,true]},"uagb_author_info":{"display_name":"Mary ..","author_link":"https:\/\/www.eco2.ca\/fr\/author\/"},"uagb_comment_info":0,"uagb_excerpt":"Nettoyez et rafra\u00eechissez votre peau en douceur avec ce savon moussant pr\u00eat \u00e0 l\u2019emploi\u2014offert en Mangue Papaye, Pamplemousse et Sans parfum. Sa formule biod\u00e9gradable produit une mousse onctueuse et nourrissante, douce pour la peau et respectueuse de la plan\u00e8te.","_links":{"self":[{"href":"https:\/\/www.eco2.ca\/fr\/wp-json\/wp\/v2\/product\/12401","targetHints":{"allow":["GET"]}}],"collection":[{"href":"https:\/\/www.eco2.ca\/fr\/wp-json\/wp\/v2\/product"}],"about":[{"href":"https:\/\/www.eco2.ca\/fr\/wp-json\/wp\/v2\/types\/product"}],"wp:featuredmedia":[{"embeddable":true,"href":"https:\/\/www.eco2.ca\/fr\/wp-json\/wp\/v2\/media\/10919"}],"wp:attachment":[{"href":"https:\/\/www.eco2.ca\/fr\/wp-json\/wp\/v2\/media?parent=12401"}],"wp:term":[{"taxonomy":"product_brand","embeddable":true,"href":"https:\/\/www.eco2.ca\/fr\/wp-json\/wp\/v2\/product_brand?post=12401"},{"taxonomy":"product_cat","embeddable":true,"href":"https:\/\/www.eco2.ca\/fr\/wp-json\/wp\/v2\/product_cat?post=12401"},{"taxonomy":"product_tag","embeddable":true,"href":"https:\/\/www.eco2.ca\/fr\/wp-json\/wp\/v2\/product_tag?post=12401"}],"curies":[{"name":"wp","href":"https:\/\/api.w.org\/{rel}","templated":true}]}}