{"id":12409,"date":"2025-06-16T14:54:56","date_gmt":"2025-06-16T14:54:56","guid":{"rendered":"https:\/\/www.eco2.ca\/product\/lemon-and-fragrance-free-sanitizer\/"},"modified":"2025-06-16T15:05:59","modified_gmt":"2025-06-16T15:05:59","slug":"desinfectant-au-citron-et-sans-parfum","status":"publish","type":"product","link":"https:\/\/www.eco2.ca\/fr\/product\/desinfectant-au-citron-et-sans-parfum\/","title":{"rendered":"D\u00e9sinfectant Au Citron Et Sans Parfum"},"content":{"rendered":"<h2 style=\"font-size: 1.4em;\">D\u00e9sinfectant Au Citron \u2013 Puissance Pure, Fi\u00e8rement Qu\u00e9b\u00e9coise<\/h2>\n<p>Profitez d\u2019un nettoyage efficace gr\u00e2ce \u00e0 une formule <strong>concentr\u00e9e et sans parfum<\/strong>, soigneusement fabriqu\u00e9e au Qu\u00e9bec. Con\u00e7u pour offrir une d\u00e9sinfection performante sans odeurs envahissantes, ce d\u00e9sinfectant mise sur des agents d\u00e9riv\u00e9s du citron pour une propret\u00e9 naturelle, efficace contre les germes et douce pour l\u2019environnement.<\/p>\n<h3 style=\"font-size: 1.3em;\">Caract\u00e9ristiques:<\/h3>\n<ul>\n<li>Formule <strong>concentr\u00e9e<\/strong> pour une utilisation durable et \u00e9conomique<\/li>\n<li><strong>Sans parfum<\/strong> \u2013 id\u00e9al pour les environnements sensibles aux odeurs<\/li>\n<li>Enrichi d\u2019agents naturels d\u00e9riv\u00e9s du citron pour plus de fra\u00eecheur<\/li>\n<li><strong>Fabriqu\u00e9 localement<\/strong> au Qu\u00e9bec avec soin et qualit\u00e9<\/li>\n<li>Convient aux <strong>mains, surfaces et zones \u00e0 contact fr\u00e9quent<\/strong><\/li>\n<\/ul>\n<p><em>Nettoyez en toute confiance \u2014 sans parfum, sans compromis, 100 % canadien.<\/em><\/p>\n","protected":false},"excerpt":{"rendered":"<p>Fabriqu\u00e9 localement au Qu\u00e9bec, ce d\u00e9sinfectant concentr\u00e9 \u00e0 base de citron offre une puissance assainissante efficace\u2014sans parfum ajout\u00e9. Simple et pur, il est con\u00e7u pour ceux qui recherchent une performance optimale avec une touche de fra\u00eecheur naturelle.<\/p>\n","protected":false},"featured_media":10923,"template":"","meta":{"_eb_attr":"","_uag_custom_page_level_css":"","site-sidebar-layout":"default","site-content-layout":"","ast-site-content-layout":"default","site-content-style":"default","site-sidebar-style":"default","ast-global-header-display":"","ast-banner-title-visibility":"","ast-main-header-display":"","ast-hfb-above-header-display":"","ast-hfb-below-header-display":"","ast-hfb-mobile-header-display":"","site-post-title":"","ast-breadcrumbs-content":"","ast-featured-img":"","footer-sml-layout":"","ast-disable-related-posts":"","theme-transparent-header-meta":"default","adv-header-id-meta":"","stick-header-meta":"","header-above-stick-meta":"","header-main-stick-meta":"","header-below-stick-meta":"","astra-migrate-meta-layouts":"set","ast-page-background-enabled":"default","ast-page-background-meta":{"desktop":{"background-color":"","background-image":"","background-repeat":"repeat","background-position":"center center","background-size":"auto","background-attachment":"scroll","background-type":"","background-media":"","overlay-type":"","overlay-color":"","overlay-opacity":"","overlay-gradient":""},"tablet":{"background-color":"","background-image":"","background-repeat":"repeat","background-position":"center center","background-size":"auto","background-attachment":"scroll","background-type":"","background-media":"","overlay-type":"","overlay-color":"","overlay-opacity":"","overlay-gradient":""},"mobile":{"background-color":"","background-image":"","background-repeat":"repeat","background-position":"center center","background-size":"auto","background-attachment":"scroll","background-type":"","background-media":"","overlay-type":"","overlay-color":"","overlay-opacity":"","overlay-gradient":""}},"ast-content-background-meta":{"desktop":{"background-color":"var(--ast-global-color-5)","background-image":"","background-repeat":"repeat","background-position":"center center","background-size":"auto","background-attachment":"scroll","background-type":"","background-media":"","overlay-type":"","overlay-color":"","overlay-opacity":"","overlay-gradient":""},"tablet":{"background-color":"var(--ast-global-color-5)","background-image":"","background-repeat":"repeat","background-position":"center center","background-size":"auto","background-attachment":"scroll","background-type":"","background-media":"","overlay-type":"","overlay-color":"","overlay-opacity":"","overlay-gradient":""},"mobile":{"background-color":"var(--ast-global-color-5)","background-image":"","background-repeat":"repeat","background-position":"center center","background-size":"auto","background-attachment":"scroll","background-type":"","background-media":"","overlay-type":"","overlay-color":"","overlay-opacity":"","overlay-gradient":""}},"_selected_store_location":"","_selected_store_location_key":""},"product_brand":[],"product_cat":[228,197],"product_tag":[],"class_list":{"0":"post-12409","1":"product","2":"type-product","3":"status-publish","4":"has-post-thumbnail","6":"product_cat-agents-de-desinfection","7":"product_cat-produits-de-nettoyage","8":"wcmi-has-gallery","9":"desktop-align-center","10":"tablet-align-center","11":"mobile-align-center","13":"first","14":"instock","15":"shipping-taxable","16":"purchasable","17":"product-type-simple"},"yoast_head":"<!-- This site is optimized with the Yoast SEO plugin v27.5 - https:\/\/yoast.com\/product\/yoast-seo-wordpress\/ -->\n<title>D\u00e9sinfectant Au Citron Et Sans Parfum - Eco2bureau<\/title>\n<meta name=\"description\" content=\"Profitez d\u2019un nettoyage efficace gr\u00e2ce \u00e0 une formule concentr\u00e9e et sans parfum, soigneusement fabriqu\u00e9e au Qu\u00e9bec. Con\u00e7u pour offrir une d\u00e9sinfection\" \/>\n<meta name=\"robots\" content=\"index, follow, max-snippet:-1, max-image-preview:large, max-video-preview:-1\" \/>\n<link rel=\"canonical\" href=\"https:\/\/www.eco2.ca\/fr\/product\/desinfectant-au-citron-et-sans-parfum\/\" \/>\n<meta property=\"og:locale\" content=\"fr_FR\" \/>\n<meta property=\"og:type\" content=\"article\" \/>\n<meta property=\"og:title\" content=\"D\u00e9sinfectant Au Citron Et Sans Parfum - Eco2bureau\" \/>\n<meta property=\"og:description\" content=\"Profitez d\u2019un nettoyage efficace gr\u00e2ce \u00e0 une formule concentr\u00e9e et sans parfum, soigneusement fabriqu\u00e9e au Qu\u00e9bec. Con\u00e7u pour offrir une d\u00e9sinfection\" \/>\n<meta property=\"og:url\" content=\"https:\/\/www.eco2.ca\/fr\/product\/desinfectant-au-citron-et-sans-parfum\/\" \/>\n<meta property=\"og:site_name\" content=\"Eco2bureau\" \/>\n<meta property=\"article:modified_time\" content=\"2025-06-16T15:05:59+00:00\" \/>\n<meta property=\"og:image\" content=\"https:\/\/www.eco2.ca\/wp-content\/uploads\/2025\/05\/S32L-GW4-SANIBLEND-32-CONCENTRATED-copy.png\" \/>\n\t<meta property=\"og:image:width\" content=\"480\" \/>\n\t<meta property=\"og:image:height\" content=\"972\" \/>\n\t<meta property=\"og:image:type\" content=\"image\/png\" \/>\n<meta name=\"twitter:card\" content=\"summary_large_image\" \/>\n<meta name=\"twitter:label1\" content=\"Dur\u00e9e de lecture estim\u00e9e\" \/>\n\t<meta name=\"twitter:data1\" content=\"1 minute\" \/>\n<script type=\"application\/ld+json\" class=\"yoast-schema-graph\">{\"@context\":\"https:\\\/\\\/schema.org\",\"@graph\":[{\"@type\":\"WebPage\",\"@id\":\"https:\\\/\\\/www.eco2.ca\\\/fr\\\/product\\\/desinfectant-au-citron-et-sans-parfum\\\/\",\"url\":\"https:\\\/\\\/www.eco2.ca\\\/fr\\\/product\\\/desinfectant-au-citron-et-sans-parfum\\\/\",\"name\":\"D\u00e9sinfectant Au Citron Et Sans Parfum - Eco2bureau\",\"isPartOf\":{\"@id\":\"https:\\\/\\\/www.eco2.ca\\\/fr\\\/#website\"},\"primaryImageOfPage\":{\"@id\":\"https:\\\/\\\/www.eco2.ca\\\/fr\\\/product\\\/desinfectant-au-citron-et-sans-parfum\\\/#primaryimage\"},\"image\":{\"@id\":\"https:\\\/\\\/www.eco2.ca\\\/fr\\\/product\\\/desinfectant-au-citron-et-sans-parfum\\\/#primaryimage\"},\"thumbnailUrl\":\"https:\\\/\\\/www.eco2.ca\\\/wp-content\\\/uploads\\\/2025\\\/05\\\/S32L-GW4-SANIBLEND-32-CONCENTRATED-copy.png\",\"datePublished\":\"2025-06-16T14:54:56+00:00\",\"dateModified\":\"2025-06-16T15:05:59+00:00\",\"description\":\"Profitez d\u2019un nettoyage efficace gr\u00e2ce \u00e0 une formule concentr\u00e9e et sans parfum, soigneusement fabriqu\u00e9e au Qu\u00e9bec. Con\u00e7u pour offrir une d\u00e9sinfection\",\"breadcrumb\":{\"@id\":\"https:\\\/\\\/www.eco2.ca\\\/fr\\\/product\\\/desinfectant-au-citron-et-sans-parfum\\\/#breadcrumb\"},\"inLanguage\":\"fr-FR\",\"potentialAction\":[{\"@type\":\"ReadAction\",\"target\":[\"https:\\\/\\\/www.eco2.ca\\\/fr\\\/product\\\/desinfectant-au-citron-et-sans-parfum\\\/\"]}]},{\"@type\":\"ImageObject\",\"inLanguage\":\"fr-FR\",\"@id\":\"https:\\\/\\\/www.eco2.ca\\\/fr\\\/product\\\/desinfectant-au-citron-et-sans-parfum\\\/#primaryimage\",\"url\":\"https:\\\/\\\/www.eco2.ca\\\/wp-content\\\/uploads\\\/2025\\\/05\\\/S32L-GW4-SANIBLEND-32-CONCENTRATED-copy.png\",\"contentUrl\":\"https:\\\/\\\/www.eco2.ca\\\/wp-content\\\/uploads\\\/2025\\\/05\\\/S32L-GW4-SANIBLEND-32-CONCENTRATED-copy.png\",\"width\":480,\"height\":972,\"caption\":\"Cleaning Products: Professional-Grade Solutions for a Spotless, Hygienic Environment\"},{\"@type\":\"BreadcrumbList\",\"@id\":\"https:\\\/\\\/www.eco2.ca\\\/fr\\\/product\\\/desinfectant-au-citron-et-sans-parfum\\\/#breadcrumb\",\"itemListElement\":[{\"@type\":\"ListItem\",\"position\":1,\"name\":\"Home\",\"item\":\"https:\\\/\\\/www.eco2.ca\\\/fr\\\/\"},{\"@type\":\"ListItem\",\"position\":2,\"name\":\"Boutique\",\"item\":\"https:\\\/\\\/www.eco2.ca\\\/fr\\\/boutique\\\/\"},{\"@type\":\"ListItem\",\"position\":3,\"name\":\"D\u00e9sinfectant Au Citron Et Sans Parfum\"}]},{\"@type\":\"WebSite\",\"@id\":\"https:\\\/\\\/www.eco2.ca\\\/fr\\\/#website\",\"url\":\"https:\\\/\\\/www.eco2.ca\\\/fr\\\/\",\"name\":\"Eco2bureau\",\"description\":\"\",\"publisher\":{\"@id\":\"https:\\\/\\\/www.eco2.ca\\\/fr\\\/#organization\"},\"potentialAction\":[{\"@type\":\"SearchAction\",\"target\":{\"@type\":\"EntryPoint\",\"urlTemplate\":\"https:\\\/\\\/www.eco2.ca\\\/fr\\\/?s={search_term_string}\"},\"query-input\":{\"@type\":\"PropertyValueSpecification\",\"valueRequired\":true,\"valueName\":\"search_term_string\"}}],\"inLanguage\":\"fr-FR\"},{\"@type\":\"Organization\",\"@id\":\"https:\\\/\\\/www.eco2.ca\\\/fr\\\/#organization\",\"name\":\"Eco2bureau\",\"url\":\"https:\\\/\\\/www.eco2.ca\\\/fr\\\/\",\"logo\":{\"@type\":\"ImageObject\",\"inLanguage\":\"fr-FR\",\"@id\":\"https:\\\/\\\/www.eco2.ca\\\/fr\\\/#\\\/schema\\\/logo\\\/image\\\/\",\"url\":\"https:\\\/\\\/www.eco2.ca\\\/wp-content\\\/uploads\\\/2025\\\/04\\\/cropped-cropped-Add-a-subheading-3.png\",\"contentUrl\":\"https:\\\/\\\/www.eco2.ca\\\/wp-content\\\/uploads\\\/2025\\\/04\\\/cropped-cropped-Add-a-subheading-3.png\",\"width\":469,\"height\":109,\"caption\":\"Eco2bureau\"},\"image\":{\"@id\":\"https:\\\/\\\/www.eco2.ca\\\/fr\\\/#\\\/schema\\\/logo\\\/image\\\/\"}}]}<\/script>\n<!-- \/ Yoast SEO plugin. -->","yoast_head_json":{"title":"D\u00e9sinfectant Au Citron Et Sans Parfum - Eco2bureau","description":"Profitez d\u2019un nettoyage efficace gr\u00e2ce \u00e0 une formule concentr\u00e9e et sans parfum, soigneusement fabriqu\u00e9e au Qu\u00e9bec. Con\u00e7u pour offrir une d\u00e9sinfection","robots":{"index":"index","follow":"follow","max-snippet":"max-snippet:-1","max-image-preview":"max-image-preview:large","max-video-preview":"max-video-preview:-1"},"canonical":"https:\/\/www.eco2.ca\/fr\/product\/desinfectant-au-citron-et-sans-parfum\/","og_locale":"fr_FR","og_type":"article","og_title":"D\u00e9sinfectant Au Citron Et Sans Parfum - Eco2bureau","og_description":"Profitez d\u2019un nettoyage efficace gr\u00e2ce \u00e0 une formule concentr\u00e9e et sans parfum, soigneusement fabriqu\u00e9e au Qu\u00e9bec. Con\u00e7u pour offrir une d\u00e9sinfection","og_url":"https:\/\/www.eco2.ca\/fr\/product\/desinfectant-au-citron-et-sans-parfum\/","og_site_name":"Eco2bureau","article_modified_time":"2025-06-16T15:05:59+00:00","og_image":[{"width":480,"height":972,"url":"https:\/\/www.eco2.ca\/wp-content\/uploads\/2025\/05\/S32L-GW4-SANIBLEND-32-CONCENTRATED-copy.png","type":"image\/png"}],"twitter_card":"summary_large_image","twitter_misc":{"Dur\u00e9e de lecture estim\u00e9e":"1 minute"},"schema":{"@context":"https:\/\/schema.org","@graph":[{"@type":"WebPage","@id":"https:\/\/www.eco2.ca\/fr\/product\/desinfectant-au-citron-et-sans-parfum\/","url":"https:\/\/www.eco2.ca\/fr\/product\/desinfectant-au-citron-et-sans-parfum\/","name":"D\u00e9sinfectant Au Citron Et Sans Parfum - Eco2bureau","isPartOf":{"@id":"https:\/\/www.eco2.ca\/fr\/#website"},"primaryImageOfPage":{"@id":"https:\/\/www.eco2.ca\/fr\/product\/desinfectant-au-citron-et-sans-parfum\/#primaryimage"},"image":{"@id":"https:\/\/www.eco2.ca\/fr\/product\/desinfectant-au-citron-et-sans-parfum\/#primaryimage"},"thumbnailUrl":"https:\/\/www.eco2.ca\/wp-content\/uploads\/2025\/05\/S32L-GW4-SANIBLEND-32-CONCENTRATED-copy.png","datePublished":"2025-06-16T14:54:56+00:00","dateModified":"2025-06-16T15:05:59+00:00","description":"Profitez d\u2019un nettoyage efficace gr\u00e2ce \u00e0 une formule concentr\u00e9e et sans parfum, soigneusement fabriqu\u00e9e au Qu\u00e9bec. Con\u00e7u pour offrir une d\u00e9sinfection","breadcrumb":{"@id":"https:\/\/www.eco2.ca\/fr\/product\/desinfectant-au-citron-et-sans-parfum\/#breadcrumb"},"inLanguage":"fr-FR","potentialAction":[{"@type":"ReadAction","target":["https:\/\/www.eco2.ca\/fr\/product\/desinfectant-au-citron-et-sans-parfum\/"]}]},{"@type":"ImageObject","inLanguage":"fr-FR","@id":"https:\/\/www.eco2.ca\/fr\/product\/desinfectant-au-citron-et-sans-parfum\/#primaryimage","url":"https:\/\/www.eco2.ca\/wp-content\/uploads\/2025\/05\/S32L-GW4-SANIBLEND-32-CONCENTRATED-copy.png","contentUrl":"https:\/\/www.eco2.ca\/wp-content\/uploads\/2025\/05\/S32L-GW4-SANIBLEND-32-CONCENTRATED-copy.png","width":480,"height":972,"caption":"Cleaning Products: Professional-Grade Solutions for a Spotless, Hygienic Environment"},{"@type":"BreadcrumbList","@id":"https:\/\/www.eco2.ca\/fr\/product\/desinfectant-au-citron-et-sans-parfum\/#breadcrumb","itemListElement":[{"@type":"ListItem","position":1,"name":"Home","item":"https:\/\/www.eco2.ca\/fr\/"},{"@type":"ListItem","position":2,"name":"Boutique","item":"https:\/\/www.eco2.ca\/fr\/boutique\/"},{"@type":"ListItem","position":3,"name":"D\u00e9sinfectant Au Citron Et Sans Parfum"}]},{"@type":"WebSite","@id":"https:\/\/www.eco2.ca\/fr\/#website","url":"https:\/\/www.eco2.ca\/fr\/","name":"Eco2bureau","description":"","publisher":{"@id":"https:\/\/www.eco2.ca\/fr\/#organization"},"potentialAction":[{"@type":"SearchAction","target":{"@type":"EntryPoint","urlTemplate":"https:\/\/www.eco2.ca\/fr\/?s={search_term_string}"},"query-input":{"@type":"PropertyValueSpecification","valueRequired":true,"valueName":"search_term_string"}}],"inLanguage":"fr-FR"},{"@type":"Organization","@id":"https:\/\/www.eco2.ca\/fr\/#organization","name":"Eco2bureau","url":"https:\/\/www.eco2.ca\/fr\/","logo":{"@type":"ImageObject","inLanguage":"fr-FR","@id":"https:\/\/www.eco2.ca\/fr\/#\/schema\/logo\/image\/","url":"https:\/\/www.eco2.ca\/wp-content\/uploads\/2025\/04\/cropped-cropped-Add-a-subheading-3.png","contentUrl":"https:\/\/www.eco2.ca\/wp-content\/uploads\/2025\/04\/cropped-cropped-Add-a-subheading-3.png","width":469,"height":109,"caption":"Eco2bureau"},"image":{"@id":"https:\/\/www.eco2.ca\/fr\/#\/schema\/logo\/image\/"}}]}},"uagb_featured_image_src":{"full":["https:\/\/www.eco2.ca\/wp-content\/uploads\/2025\/05\/S32L-GW4-SANIBLEND-32-CONCENTRATED-copy.png",480,972,false],"thumbnail":["https:\/\/www.eco2.ca\/wp-content\/uploads\/2025\/05\/S32L-GW4-SANIBLEND-32-CONCENTRATED-copy-150x150.png",150,150,true],"medium":["https:\/\/www.eco2.ca\/wp-content\/uploads\/2025\/05\/S32L-GW4-SANIBLEND-32-CONCENTRATED-copy-148x300.png",148,300,true],"medium_large":["https:\/\/www.eco2.ca\/wp-content\/uploads\/2025\/05\/S32L-GW4-SANIBLEND-32-CONCENTRATED-copy.png",480,972,false],"large":["https:\/\/www.eco2.ca\/wp-content\/uploads\/2025\/05\/S32L-GW4-SANIBLEND-32-CONCENTRATED-copy.png",480,972,false],"1536x1536":["https:\/\/www.eco2.ca\/wp-content\/uploads\/2025\/05\/S32L-GW4-SANIBLEND-32-CONCENTRATED-copy.png",480,972,false],"2048x2048":["https:\/\/www.eco2.ca\/wp-content\/uploads\/2025\/05\/S32L-GW4-SANIBLEND-32-CONCENTRATED-copy.png",480,972,false],"wishsuite-image":["https:\/\/www.eco2.ca\/wp-content\/uploads\/2025\/05\/S32L-GW4-SANIBLEND-32-CONCENTRATED-copy.png",40,80,false],"woocommerce_thumbnail":["https:\/\/www.eco2.ca\/wp-content\/uploads\/2025\/05\/S32L-GW4-SANIBLEND-32-CONCENTRATED-copy-300x300.png",300,300,true],"woocommerce_single":["https:\/\/www.eco2.ca\/wp-content\/uploads\/2025\/05\/S32L-GW4-SANIBLEND-32-CONCENTRATED-copy.png",480,972,false],"woocommerce_gallery_thumbnail":["https:\/\/www.eco2.ca\/wp-content\/uploads\/2025\/05\/S32L-GW4-SANIBLEND-32-CONCENTRATED-copy-100x100.png",100,100,true]},"uagb_author_info":{"display_name":"Mary ..","author_link":"https:\/\/www.eco2.ca\/fr\/author\/"},"uagb_comment_info":0,"uagb_excerpt":"Fabriqu\u00e9 localement au Qu\u00e9bec, ce d\u00e9sinfectant concentr\u00e9 \u00e0 base de citron offre une puissance assainissante efficace\u2014sans parfum ajout\u00e9. Simple et pur, il est con\u00e7u pour ceux qui recherchent une performance optimale avec une touche de fra\u00eecheur naturelle.","_links":{"self":[{"href":"https:\/\/www.eco2.ca\/fr\/wp-json\/wp\/v2\/product\/12409","targetHints":{"allow":["GET"]}}],"collection":[{"href":"https:\/\/www.eco2.ca\/fr\/wp-json\/wp\/v2\/product"}],"about":[{"href":"https:\/\/www.eco2.ca\/fr\/wp-json\/wp\/v2\/types\/product"}],"wp:featuredmedia":[{"embeddable":true,"href":"https:\/\/www.eco2.ca\/fr\/wp-json\/wp\/v2\/media\/10923"}],"wp:attachment":[{"href":"https:\/\/www.eco2.ca\/fr\/wp-json\/wp\/v2\/media?parent=12409"}],"wp:term":[{"taxonomy":"product_brand","embeddable":true,"href":"https:\/\/www.eco2.ca\/fr\/wp-json\/wp\/v2\/product_brand?post=12409"},{"taxonomy":"product_cat","embeddable":true,"href":"https:\/\/www.eco2.ca\/fr\/wp-json\/wp\/v2\/product_cat?post=12409"},{"taxonomy":"product_tag","embeddable":true,"href":"https:\/\/www.eco2.ca\/fr\/wp-json\/wp\/v2\/product_tag?post=12409"}],"curies":[{"name":"wp","href":"https:\/\/api.w.org\/{rel}","templated":true}]}}