{"id":12474,"date":"2025-06-17T14:35:39","date_gmt":"2025-06-17T14:35:39","guid":{"rendered":"https:\/\/www.eco2.ca\/product\/pp-rib-tray-lid\/"},"modified":"2025-06-17T14:42:16","modified_gmt":"2025-06-17T14:42:16","slug":"couvercle-pour-plateau-a-cotes-en-pp","status":"publish","type":"product","link":"https:\/\/www.eco2.ca\/fr\/product\/couvercle-pour-plateau-a-cotes-en-pp\/","title":{"rendered":"Couvercle Pour Plateau A C\u00f4tes En PP"},"content":{"rendered":"<h2>Couvercle Pour Plateau A C\u00f4tes En PP: Clart\u00e9, S\u00e9curit\u00e9 Et Simplicit\u00e9 Empilable<\/h2>\n<p>Con\u00e7u pour accompagner les bases de plateaux \u00e0 c\u00f4tes, ce couvercle en <strong>polypropyl\u00e8ne (PP)<\/strong> offre un ajustement <strong>l\u00e9ger et s\u00e9curis\u00e9<\/strong> qui conserve la fra\u00eecheur tout en mettant les aliments en valeur gr\u00e2ce \u00e0 sa transparence cristalline. Id\u00e9al pour couvrir les plats <strong>froids, ti\u00e8des ou congel\u00e9s<\/strong>, il assure une performance fiable pendant l\u2019entreposage, l\u2019exposition et le transport. Bien qu\u2019il <strong>ne convienne pas aux hautes temp\u00e9ratures<\/strong>, il excelle \u00e0 pr\u00e9server la qualit\u00e9 et la pr\u00e9sentation en environnements r\u00e9frig\u00e9r\u00e9s ou ambiants.<\/p>\n<h3>Caract\u00e9ristiques Principales:<\/h3>\n<ul>\n<li>Fabriqu\u00e9 en <strong>polypropyl\u00e8ne durable et recyclable (PP)<\/strong><\/li>\n<li>Compatible avec les applications <strong>congel\u00e9es, froides et ti\u00e8des<\/strong><\/li>\n<li><strong>Finition cristalline<\/strong> pour une visibilit\u00e9 maximale du produit<\/li>\n<li><strong>Ajustement s\u00e9curis\u00e9<\/strong> pour un empilage stable et une protection anti-\u00e9claboussures<\/li>\n<li>Disponible en <strong>plusieurs tailles<\/strong> pour s\u2019adapter aux divers formats de plateaux \u00e0 c\u00f4tes en PP<\/li>\n<\/ul>\n<p>Solide, pratique et parfaitement transparent \u2014 ce couvercle garde vos aliments frais et leur pr\u00e9sentation impeccable.<\/p>\n","protected":false},"excerpt":{"rendered":"<p>Ce couvercle recyclable pour plateau \u00e0 c\u00f4tes en PP offre une visibilit\u00e9 claire et un ajustement s\u00e9curis\u00e9 pour les repas froids, ti\u00e8des ou congel\u00e9s \u2014 id\u00e9al pour conserver la fra\u00eecheur sans chaleur.<\/p>\n","protected":false},"featured_media":7372,"template":"","meta":{"_eb_attr":"","_uag_custom_page_level_css":"","site-sidebar-layout":"default","site-content-layout":"","ast-site-content-layout":"default","site-content-style":"default","site-sidebar-style":"default","ast-global-header-display":"","ast-banner-title-visibility":"","ast-main-header-display":"","ast-hfb-above-header-display":"","ast-hfb-below-header-display":"","ast-hfb-mobile-header-display":"","site-post-title":"","ast-breadcrumbs-content":"","ast-featured-img":"","footer-sml-layout":"","ast-disable-related-posts":"","theme-transparent-header-meta":"default","adv-header-id-meta":"","stick-header-meta":"","header-above-stick-meta":"","header-main-stick-meta":"","header-below-stick-meta":"","astra-migrate-meta-layouts":"set","ast-page-background-enabled":"default","ast-page-background-meta":{"desktop":{"background-color":"","background-image":"","background-repeat":"repeat","background-position":"center center","background-size":"auto","background-attachment":"scroll","background-type":"","background-media":"","overlay-type":"","overlay-color":"","overlay-opacity":"","overlay-gradient":""},"tablet":{"background-color":"","background-image":"","background-repeat":"repeat","background-position":"center center","background-size":"auto","background-attachment":"scroll","background-type":"","background-media":"","overlay-type":"","overlay-color":"","overlay-opacity":"","overlay-gradient":""},"mobile":{"background-color":"","background-image":"","background-repeat":"repeat","background-position":"center center","background-size":"auto","background-attachment":"scroll","background-type":"","background-media":"","overlay-type":"","overlay-color":"","overlay-opacity":"","overlay-gradient":""}},"ast-content-background-meta":{"desktop":{"background-color":"var(--ast-global-color-5)","background-image":"","background-repeat":"repeat","background-position":"center center","background-size":"auto","background-attachment":"scroll","background-type":"","background-media":"","overlay-type":"","overlay-color":"","overlay-opacity":"","overlay-gradient":""},"tablet":{"background-color":"var(--ast-global-color-5)","background-image":"","background-repeat":"repeat","background-position":"center center","background-size":"auto","background-attachment":"scroll","background-type":"","background-media":"","overlay-type":"","overlay-color":"","overlay-opacity":"","overlay-gradient":""},"mobile":{"background-color":"var(--ast-global-color-5)","background-image":"","background-repeat":"repeat","background-position":"center center","background-size":"auto","background-attachment":"scroll","background-type":"","background-media":"","overlay-type":"","overlay-color":"","overlay-opacity":"","overlay-gradient":""}},"_selected_store_location":"","_selected_store_location_key":""},"product_brand":[],"product_cat":[195,320],"product_tag":[],"class_list":{"0":"post-12474","1":"product","2":"type-product","3":"status-publish","4":"has-post-thumbnail","6":"product_cat-plateaux","7":"product_cat-plateaux-de-rotisserie","8":"wcmi-has-gallery","9":"desktop-align-center","10":"tablet-align-center","11":"mobile-align-center","13":"first","14":"instock","15":"shipping-taxable","16":"purchasable","17":"product-type-simple"},"yoast_head":"<!-- This site is optimized with the Yoast SEO plugin v27.5 - https:\/\/yoast.com\/product\/yoast-seo-wordpress\/ -->\n<title>Couvercle Pour Plateau A C\u00f4tes En PP - Eco2bureau<\/title>\n<meta name=\"description\" content=\"Con\u00e7u pour accompagner les bases de plateaux \u00e0 c\u00f4tes, ce couvercle en polypropyl\u00e8ne (PP) offre un ajustement l\u00e9ger et s\u00e9curis\u00e9 qui conserve la fra\u00eecheur tout en mettant les aliments\" \/>\n<meta name=\"robots\" content=\"index, follow, max-snippet:-1, max-image-preview:large, max-video-preview:-1\" \/>\n<link rel=\"canonical\" href=\"https:\/\/www.eco2.ca\/fr\/product\/couvercle-pour-plateau-a-cotes-en-pp\/\" \/>\n<meta property=\"og:locale\" content=\"fr_FR\" \/>\n<meta property=\"og:type\" content=\"article\" \/>\n<meta property=\"og:title\" content=\"Couvercle Pour Plateau A C\u00f4tes En PP - Eco2bureau\" \/>\n<meta property=\"og:description\" content=\"Con\u00e7u pour accompagner les bases de plateaux \u00e0 c\u00f4tes, ce couvercle en polypropyl\u00e8ne (PP) offre un ajustement l\u00e9ger et s\u00e9curis\u00e9 qui conserve la fra\u00eecheur tout en mettant les aliments\" \/>\n<meta property=\"og:url\" content=\"https:\/\/www.eco2.ca\/fr\/product\/couvercle-pour-plateau-a-cotes-en-pp\/\" \/>\n<meta property=\"og:site_name\" content=\"Eco2bureau\" \/>\n<meta property=\"article:modified_time\" content=\"2025-06-17T14:42:16+00:00\" \/>\n<meta property=\"og:image\" content=\"https:\/\/www.eco2.ca\/wp-content\/uploads\/2025\/02\/PP-RIB16L.jpg\" \/>\n\t<meta property=\"og:image:width\" content=\"1600\" \/>\n\t<meta property=\"og:image:height\" content=\"1600\" \/>\n\t<meta property=\"og:image:type\" content=\"image\/jpeg\" \/>\n<meta name=\"twitter:card\" content=\"summary_large_image\" \/>\n<meta name=\"twitter:label1\" content=\"Dur\u00e9e de lecture estim\u00e9e\" \/>\n\t<meta name=\"twitter:data1\" content=\"1 minute\" \/>\n<script type=\"application\/ld+json\" class=\"yoast-schema-graph\">{\"@context\":\"https:\\\/\\\/schema.org\",\"@graph\":[{\"@type\":\"WebPage\",\"@id\":\"https:\\\/\\\/www.eco2.ca\\\/fr\\\/product\\\/couvercle-pour-plateau-a-cotes-en-pp\\\/\",\"url\":\"https:\\\/\\\/www.eco2.ca\\\/fr\\\/product\\\/couvercle-pour-plateau-a-cotes-en-pp\\\/\",\"name\":\"Couvercle Pour Plateau A C\u00f4tes En PP - Eco2bureau\",\"isPartOf\":{\"@id\":\"https:\\\/\\\/www.eco2.ca\\\/fr\\\/#website\"},\"primaryImageOfPage\":{\"@id\":\"https:\\\/\\\/www.eco2.ca\\\/fr\\\/product\\\/couvercle-pour-plateau-a-cotes-en-pp\\\/#primaryimage\"},\"image\":{\"@id\":\"https:\\\/\\\/www.eco2.ca\\\/fr\\\/product\\\/couvercle-pour-plateau-a-cotes-en-pp\\\/#primaryimage\"},\"thumbnailUrl\":\"https:\\\/\\\/www.eco2.ca\\\/wp-content\\\/uploads\\\/2025\\\/02\\\/PP-RIB16L.jpg\",\"datePublished\":\"2025-06-17T14:35:39+00:00\",\"dateModified\":\"2025-06-17T14:42:16+00:00\",\"description\":\"Con\u00e7u pour accompagner les bases de plateaux \u00e0 c\u00f4tes, ce couvercle en polypropyl\u00e8ne (PP) offre un ajustement l\u00e9ger et s\u00e9curis\u00e9 qui conserve la fra\u00eecheur tout en mettant les aliments\",\"breadcrumb\":{\"@id\":\"https:\\\/\\\/www.eco2.ca\\\/fr\\\/product\\\/couvercle-pour-plateau-a-cotes-en-pp\\\/#breadcrumb\"},\"inLanguage\":\"fr-FR\",\"potentialAction\":[{\"@type\":\"ReadAction\",\"target\":[\"https:\\\/\\\/www.eco2.ca\\\/fr\\\/product\\\/couvercle-pour-plateau-a-cotes-en-pp\\\/\"]}]},{\"@type\":\"ImageObject\",\"inLanguage\":\"fr-FR\",\"@id\":\"https:\\\/\\\/www.eco2.ca\\\/fr\\\/product\\\/couvercle-pour-plateau-a-cotes-en-pp\\\/#primaryimage\",\"url\":\"https:\\\/\\\/www.eco2.ca\\\/wp-content\\\/uploads\\\/2025\\\/02\\\/PP-RIB16L.jpg\",\"contentUrl\":\"https:\\\/\\\/www.eco2.ca\\\/wp-content\\\/uploads\\\/2025\\\/02\\\/PP-RIB16L.jpg\",\"width\":1600,\"height\":1600,\"caption\":\"Rib Tray\"},{\"@type\":\"BreadcrumbList\",\"@id\":\"https:\\\/\\\/www.eco2.ca\\\/fr\\\/product\\\/couvercle-pour-plateau-a-cotes-en-pp\\\/#breadcrumb\",\"itemListElement\":[{\"@type\":\"ListItem\",\"position\":1,\"name\":\"Home\",\"item\":\"https:\\\/\\\/www.eco2.ca\\\/fr\\\/\"},{\"@type\":\"ListItem\",\"position\":2,\"name\":\"Boutique\",\"item\":\"https:\\\/\\\/www.eco2.ca\\\/fr\\\/boutique\\\/\"},{\"@type\":\"ListItem\",\"position\":3,\"name\":\"Couvercle Pour Plateau A C\u00f4tes En PP\"}]},{\"@type\":\"WebSite\",\"@id\":\"https:\\\/\\\/www.eco2.ca\\\/fr\\\/#website\",\"url\":\"https:\\\/\\\/www.eco2.ca\\\/fr\\\/\",\"name\":\"Eco2bureau\",\"description\":\"\",\"publisher\":{\"@id\":\"https:\\\/\\\/www.eco2.ca\\\/fr\\\/#organization\"},\"potentialAction\":[{\"@type\":\"SearchAction\",\"target\":{\"@type\":\"EntryPoint\",\"urlTemplate\":\"https:\\\/\\\/www.eco2.ca\\\/fr\\\/?s={search_term_string}\"},\"query-input\":{\"@type\":\"PropertyValueSpecification\",\"valueRequired\":true,\"valueName\":\"search_term_string\"}}],\"inLanguage\":\"fr-FR\"},{\"@type\":\"Organization\",\"@id\":\"https:\\\/\\\/www.eco2.ca\\\/fr\\\/#organization\",\"name\":\"Eco2bureau\",\"url\":\"https:\\\/\\\/www.eco2.ca\\\/fr\\\/\",\"logo\":{\"@type\":\"ImageObject\",\"inLanguage\":\"fr-FR\",\"@id\":\"https:\\\/\\\/www.eco2.ca\\\/fr\\\/#\\\/schema\\\/logo\\\/image\\\/\",\"url\":\"https:\\\/\\\/www.eco2.ca\\\/wp-content\\\/uploads\\\/2025\\\/04\\\/cropped-cropped-Add-a-subheading-3.png\",\"contentUrl\":\"https:\\\/\\\/www.eco2.ca\\\/wp-content\\\/uploads\\\/2025\\\/04\\\/cropped-cropped-Add-a-subheading-3.png\",\"width\":469,\"height\":109,\"caption\":\"Eco2bureau\"},\"image\":{\"@id\":\"https:\\\/\\\/www.eco2.ca\\\/fr\\\/#\\\/schema\\\/logo\\\/image\\\/\"}}]}<\/script>\n<!-- \/ Yoast SEO plugin. -->","yoast_head_json":{"title":"Couvercle Pour Plateau A C\u00f4tes En PP - Eco2bureau","description":"Con\u00e7u pour accompagner les bases de plateaux \u00e0 c\u00f4tes, ce couvercle en polypropyl\u00e8ne (PP) offre un ajustement l\u00e9ger et s\u00e9curis\u00e9 qui conserve la fra\u00eecheur tout en mettant les aliments","robots":{"index":"index","follow":"follow","max-snippet":"max-snippet:-1","max-image-preview":"max-image-preview:large","max-video-preview":"max-video-preview:-1"},"canonical":"https:\/\/www.eco2.ca\/fr\/product\/couvercle-pour-plateau-a-cotes-en-pp\/","og_locale":"fr_FR","og_type":"article","og_title":"Couvercle Pour Plateau A C\u00f4tes En PP - Eco2bureau","og_description":"Con\u00e7u pour accompagner les bases de plateaux \u00e0 c\u00f4tes, ce couvercle en polypropyl\u00e8ne (PP) offre un ajustement l\u00e9ger et s\u00e9curis\u00e9 qui conserve la fra\u00eecheur tout en mettant les aliments","og_url":"https:\/\/www.eco2.ca\/fr\/product\/couvercle-pour-plateau-a-cotes-en-pp\/","og_site_name":"Eco2bureau","article_modified_time":"2025-06-17T14:42:16+00:00","og_image":[{"width":1600,"height":1600,"url":"https:\/\/www.eco2.ca\/wp-content\/uploads\/2025\/02\/PP-RIB16L.jpg","type":"image\/jpeg"}],"twitter_card":"summary_large_image","twitter_misc":{"Dur\u00e9e de lecture estim\u00e9e":"1 minute"},"schema":{"@context":"https:\/\/schema.org","@graph":[{"@type":"WebPage","@id":"https:\/\/www.eco2.ca\/fr\/product\/couvercle-pour-plateau-a-cotes-en-pp\/","url":"https:\/\/www.eco2.ca\/fr\/product\/couvercle-pour-plateau-a-cotes-en-pp\/","name":"Couvercle Pour Plateau A C\u00f4tes En PP - Eco2bureau","isPartOf":{"@id":"https:\/\/www.eco2.ca\/fr\/#website"},"primaryImageOfPage":{"@id":"https:\/\/www.eco2.ca\/fr\/product\/couvercle-pour-plateau-a-cotes-en-pp\/#primaryimage"},"image":{"@id":"https:\/\/www.eco2.ca\/fr\/product\/couvercle-pour-plateau-a-cotes-en-pp\/#primaryimage"},"thumbnailUrl":"https:\/\/www.eco2.ca\/wp-content\/uploads\/2025\/02\/PP-RIB16L.jpg","datePublished":"2025-06-17T14:35:39+00:00","dateModified":"2025-06-17T14:42:16+00:00","description":"Con\u00e7u pour accompagner les bases de plateaux \u00e0 c\u00f4tes, ce couvercle en polypropyl\u00e8ne (PP) offre un ajustement l\u00e9ger et s\u00e9curis\u00e9 qui conserve la fra\u00eecheur tout en mettant les aliments","breadcrumb":{"@id":"https:\/\/www.eco2.ca\/fr\/product\/couvercle-pour-plateau-a-cotes-en-pp\/#breadcrumb"},"inLanguage":"fr-FR","potentialAction":[{"@type":"ReadAction","target":["https:\/\/www.eco2.ca\/fr\/product\/couvercle-pour-plateau-a-cotes-en-pp\/"]}]},{"@type":"ImageObject","inLanguage":"fr-FR","@id":"https:\/\/www.eco2.ca\/fr\/product\/couvercle-pour-plateau-a-cotes-en-pp\/#primaryimage","url":"https:\/\/www.eco2.ca\/wp-content\/uploads\/2025\/02\/PP-RIB16L.jpg","contentUrl":"https:\/\/www.eco2.ca\/wp-content\/uploads\/2025\/02\/PP-RIB16L.jpg","width":1600,"height":1600,"caption":"Rib Tray"},{"@type":"BreadcrumbList","@id":"https:\/\/www.eco2.ca\/fr\/product\/couvercle-pour-plateau-a-cotes-en-pp\/#breadcrumb","itemListElement":[{"@type":"ListItem","position":1,"name":"Home","item":"https:\/\/www.eco2.ca\/fr\/"},{"@type":"ListItem","position":2,"name":"Boutique","item":"https:\/\/www.eco2.ca\/fr\/boutique\/"},{"@type":"ListItem","position":3,"name":"Couvercle Pour Plateau A C\u00f4tes En PP"}]},{"@type":"WebSite","@id":"https:\/\/www.eco2.ca\/fr\/#website","url":"https:\/\/www.eco2.ca\/fr\/","name":"Eco2bureau","description":"","publisher":{"@id":"https:\/\/www.eco2.ca\/fr\/#organization"},"potentialAction":[{"@type":"SearchAction","target":{"@type":"EntryPoint","urlTemplate":"https:\/\/www.eco2.ca\/fr\/?s={search_term_string}"},"query-input":{"@type":"PropertyValueSpecification","valueRequired":true,"valueName":"search_term_string"}}],"inLanguage":"fr-FR"},{"@type":"Organization","@id":"https:\/\/www.eco2.ca\/fr\/#organization","name":"Eco2bureau","url":"https:\/\/www.eco2.ca\/fr\/","logo":{"@type":"ImageObject","inLanguage":"fr-FR","@id":"https:\/\/www.eco2.ca\/fr\/#\/schema\/logo\/image\/","url":"https:\/\/www.eco2.ca\/wp-content\/uploads\/2025\/04\/cropped-cropped-Add-a-subheading-3.png","contentUrl":"https:\/\/www.eco2.ca\/wp-content\/uploads\/2025\/04\/cropped-cropped-Add-a-subheading-3.png","width":469,"height":109,"caption":"Eco2bureau"},"image":{"@id":"https:\/\/www.eco2.ca\/fr\/#\/schema\/logo\/image\/"}}]}},"uagb_featured_image_src":{"full":["https:\/\/www.eco2.ca\/wp-content\/uploads\/2025\/02\/PP-RIB16L.jpg",1600,1600,false],"thumbnail":["https:\/\/www.eco2.ca\/wp-content\/uploads\/2025\/02\/PP-RIB16L-150x150.jpg",150,150,true],"medium":["https:\/\/www.eco2.ca\/wp-content\/uploads\/2025\/02\/PP-RIB16L-300x300.jpg",300,300,true],"medium_large":["https:\/\/www.eco2.ca\/wp-content\/uploads\/2025\/02\/PP-RIB16L-768x768.jpg",768,768,true],"large":["https:\/\/www.eco2.ca\/wp-content\/uploads\/2025\/02\/PP-RIB16L-1024x1024.jpg",1024,1024,true],"1536x1536":["https:\/\/www.eco2.ca\/wp-content\/uploads\/2025\/02\/PP-RIB16L-1536x1536.jpg",1536,1536,true],"2048x2048":["https:\/\/www.eco2.ca\/wp-content\/uploads\/2025\/02\/PP-RIB16L.jpg",1600,1600,false],"wishsuite-image":["https:\/\/www.eco2.ca\/wp-content\/uploads\/2025\/02\/PP-RIB16L.jpg",80,80,false],"woocommerce_thumbnail":["https:\/\/www.eco2.ca\/wp-content\/uploads\/2025\/02\/PP-RIB16L-300x300.jpg",300,300,true],"woocommerce_single":["https:\/\/www.eco2.ca\/wp-content\/uploads\/2025\/02\/PP-RIB16L-600x600.jpg",600,600,true],"woocommerce_gallery_thumbnail":["https:\/\/www.eco2.ca\/wp-content\/uploads\/2025\/02\/PP-RIB16L-100x100.jpg",100,100,true]},"uagb_author_info":{"display_name":"Mary ..","author_link":"https:\/\/www.eco2.ca\/fr\/author\/"},"uagb_comment_info":0,"uagb_excerpt":"Ce couvercle recyclable pour plateau \u00e0 c\u00f4tes en PP offre une visibilit\u00e9 claire et un ajustement s\u00e9curis\u00e9 pour les repas froids, ti\u00e8des ou congel\u00e9s \u2014 id\u00e9al pour conserver la fra\u00eecheur sans chaleur.","_links":{"self":[{"href":"https:\/\/www.eco2.ca\/fr\/wp-json\/wp\/v2\/product\/12474","targetHints":{"allow":["GET"]}}],"collection":[{"href":"https:\/\/www.eco2.ca\/fr\/wp-json\/wp\/v2\/product"}],"about":[{"href":"https:\/\/www.eco2.ca\/fr\/wp-json\/wp\/v2\/types\/product"}],"wp:featuredmedia":[{"embeddable":true,"href":"https:\/\/www.eco2.ca\/fr\/wp-json\/wp\/v2\/media\/7372"}],"wp:attachment":[{"href":"https:\/\/www.eco2.ca\/fr\/wp-json\/wp\/v2\/media?parent=12474"}],"wp:term":[{"taxonomy":"product_brand","embeddable":true,"href":"https:\/\/www.eco2.ca\/fr\/wp-json\/wp\/v2\/product_brand?post=12474"},{"taxonomy":"product_cat","embeddable":true,"href":"https:\/\/www.eco2.ca\/fr\/wp-json\/wp\/v2\/product_cat?post=12474"},{"taxonomy":"product_tag","embeddable":true,"href":"https:\/\/www.eco2.ca\/fr\/wp-json\/wp\/v2\/product_tag?post=12474"}],"curies":[{"name":"wp","href":"https:\/\/api.w.org\/{rel}","templated":true}]}}