{"id":12483,"date":"2025-06-17T16:21:20","date_gmt":"2025-06-17T16:21:20","guid":{"rendered":"https:\/\/www.eco2.ca\/product\/compostable-foldable-boxes-bamboo-aqueous-coating\/"},"modified":"2025-12-03T14:15:36","modified_gmt":"2025-12-03T14:15:36","slug":"boites-pliables-compostables-bambou-revetement-aqueux","status":"publish","type":"product","link":"https:\/\/www.eco2.ca\/fr\/product\/boites-pliables-compostables-bambou-revetement-aqueux\/","title":{"rendered":"Bo\u00eetes Pliables (Carton Kraft \u2013 Rev\u00eatement Aqueux)"},"content":{"rendered":"<h2 style=\"font-size: 1.4em;\">Bo\u00eetes Pliables Compostables (Carton Kraft \u2013 Rev\u00eatement Aqueux) \u2013 Flexibles, Fnctionnelles Et Sans Arbre<\/h2>\n<p>Fabriqu\u00e9es \u00e0 partir de carton kraft<strong>\u00a0compostable<\/strong> et dot\u00e9es d\u2019un <strong>rev\u00eatement aqueux<\/strong>, ces bo\u00eetes pliables sont con\u00e7ues pour contenir facilement des aliments <strong>chauds ou froids<\/strong>. Leur design intelligent assure une bonne r\u00e9sistance aux fuites et \u00e0 la chaleur, tandis que leur origine v\u00e9g\u00e9tale en fait une <strong>alternative \u00e9cologique<\/strong> aux emballages traditionnels \u00e0 base de bois.<\/p>\n<p>Que ce soit pour des nouilles fumantes, des salades fra\u00eeches ou des plats en sauce, ces bo\u00eetes conservent les saveurs sans compromettre la durabilit\u00e9 \u2014 id\u00e9ales pour les restaurants, caf\u00e9s et camions-restaurants soucieux de l\u2019environnement.<\/p>\n<h3 style=\"font-size: 1.3em;\">Caract\u00e9ristiques Principales:<\/h3>\n<ul>\n<li>Fabriqu\u00e9es en <strong>carton kraft\u00a0\u00e0 croissance rapide<\/strong><\/li>\n<li><strong>Rev\u00eatement \u00e0 base d\u2019eau<\/strong> r\u00e9sistant \u00e0 l\u2019humidit\u00e9 et aux graisses<\/li>\n<li><strong>Compostables<\/strong> dans des installations industrielles pour r\u00e9duire l\u2019impact environnemental<\/li>\n<li>Adapt\u00e9es aux <strong>aliments chauds, froids ou en sauce<\/strong><\/li>\n<li><strong>Fermeture pliable<\/strong> pour un transport facile et s\u00e9curis\u00e9<\/li>\n<li>Disponibles en <strong>plusieurs formats<\/strong> adapt\u00e9s \u00e0 divers plats<\/li>\n<\/ul>\n<p><strong>\u00c9l\u00e9gantes, empilables et durables \u2014 ces bo\u00eetes offrent le parfait \u00e9quilibre entre fonctionnalit\u00e9 et conscience \u00e9cologique.<\/strong><\/p>\n","protected":false},"excerpt":{"rendered":"<p>Ces <strong>bo\u00eetes \u00e0 rabat<\/strong>, fabriqu\u00e9es \u00e0 partir de <strong>Carton kraft\u00a0compostable<\/strong> avec un <strong>rev\u00eatement \u00e0 base d\u2019eau<\/strong>, sont id\u00e9ales pour les aliments chauds ou froids. Issues de bambou \u00e0 croissance rapide, elles repr\u00e9sentent une alternative durable aux emballages traditionnels \u00e0 base d\u2019arbres.<\/p>\n","protected":false},"featured_media":10706,"template":"","meta":{"_eb_attr":"","_uag_custom_page_level_css":"","site-sidebar-layout":"default","site-content-layout":"","ast-site-content-layout":"default","site-content-style":"default","site-sidebar-style":"default","ast-global-header-display":"","ast-banner-title-visibility":"","ast-main-header-display":"","ast-hfb-above-header-display":"","ast-hfb-below-header-display":"","ast-hfb-mobile-header-display":"","site-post-title":"","ast-breadcrumbs-content":"","ast-featured-img":"","footer-sml-layout":"","ast-disable-related-posts":"","theme-transparent-header-meta":"default","adv-header-id-meta":"","stick-header-meta":"","header-above-stick-meta":"","header-main-stick-meta":"","header-below-stick-meta":"","astra-migrate-meta-layouts":"set","ast-page-background-enabled":"default","ast-page-background-meta":{"desktop":{"background-color":"","background-image":"","background-repeat":"repeat","background-position":"center center","background-size":"auto","background-attachment":"scroll","background-type":"","background-media":"","overlay-type":"","overlay-color":"","overlay-opacity":"","overlay-gradient":""},"tablet":{"background-color":"","background-image":"","background-repeat":"repeat","background-position":"center center","background-size":"auto","background-attachment":"scroll","background-type":"","background-media":"","overlay-type":"","overlay-color":"","overlay-opacity":"","overlay-gradient":""},"mobile":{"background-color":"","background-image":"","background-repeat":"repeat","background-position":"center center","background-size":"auto","background-attachment":"scroll","background-type":"","background-media":"","overlay-type":"","overlay-color":"","overlay-opacity":"","overlay-gradient":""}},"ast-content-background-meta":{"desktop":{"background-color":"var(--ast-global-color-5)","background-image":"","background-repeat":"repeat","background-position":"center center","background-size":"auto","background-attachment":"scroll","background-type":"","background-media":"","overlay-type":"","overlay-color":"","overlay-opacity":"","overlay-gradient":""},"tablet":{"background-color":"var(--ast-global-color-5)","background-image":"","background-repeat":"repeat","background-position":"center center","background-size":"auto","background-attachment":"scroll","background-type":"","background-media":"","overlay-type":"","overlay-color":"","overlay-opacity":"","overlay-gradient":""},"mobile":{"background-color":"var(--ast-global-color-5)","background-image":"","background-repeat":"repeat","background-position":"center center","background-size":"auto","background-attachment":"scroll","background-type":"","background-media":"","overlay-type":"","overlay-color":"","overlay-opacity":"","overlay-gradient":""}},"_selected_store_location":"","_selected_store_location_key":""},"product_brand":[],"product_cat":[192,258],"product_tag":[],"class_list":{"0":"post-12483","1":"product","2":"type-product","3":"status-publish","4":"has-post-thumbnail","6":"product_cat-a-emporter","7":"product_cat-boites-pliees-en-kraft","8":"wcmi-has-gallery","9":"desktop-align-center","10":"tablet-align-center","11":"mobile-align-center","13":"first","14":"instock","15":"shipping-taxable","16":"purchasable","17":"product-type-simple"},"yoast_head":"<!-- This site is optimized with the Yoast SEO plugin v27.2 - https:\/\/yoast.com\/product\/yoast-seo-wordpress\/ -->\n<title>Bo\u00eetes Pliables (Carton Kraft \u2013 Rev\u00eatement Aqueux) - Eco2bureau<\/title>\n<meta name=\"description\" content=\"Fabriqu\u00e9es \u00e0 partir de fibre de bambou compostable et dot\u00e9es d\u2019un rev\u00eatement aqueux, ces bo\u00eetes pliables sont con\u00e7ues pour contenir facilement des aliments chauds ou froids\" \/>\n<meta name=\"robots\" content=\"index, follow, max-snippet:-1, max-image-preview:large, max-video-preview:-1\" \/>\n<link rel=\"canonical\" href=\"https:\/\/www.eco2.ca\/fr\/product\/boites-pliables-compostables-bambou-revetement-aqueux\/\" \/>\n<meta property=\"og:locale\" content=\"fr_FR\" \/>\n<meta property=\"og:type\" content=\"article\" \/>\n<meta property=\"og:title\" content=\"Bo\u00eetes Pliables (Carton Kraft \u2013 Rev\u00eatement Aqueux) - Eco2bureau\" \/>\n<meta property=\"og:description\" content=\"Fabriqu\u00e9es \u00e0 partir de fibre de bambou compostable et dot\u00e9es d\u2019un rev\u00eatement aqueux, ces bo\u00eetes pliables sont con\u00e7ues pour contenir facilement des aliments chauds ou froids\" \/>\n<meta property=\"og:url\" content=\"https:\/\/www.eco2.ca\/fr\/product\/boites-pliables-compostables-bambou-revetement-aqueux\/\" \/>\n<meta property=\"og:site_name\" content=\"Eco2bureau\" \/>\n<meta property=\"article:modified_time\" content=\"2025-12-03T14:15:36+00:00\" \/>\n<meta property=\"og:image\" content=\"https:\/\/www.eco2.ca\/wp-content\/uploads\/2025\/05\/4.jpg\" \/>\n\t<meta property=\"og:image:width\" content=\"800\" \/>\n\t<meta property=\"og:image:height\" content=\"800\" \/>\n\t<meta property=\"og:image:type\" content=\"image\/jpeg\" \/>\n<meta name=\"twitter:card\" content=\"summary_large_image\" \/>\n<meta name=\"twitter:label1\" content=\"Dur\u00e9e de lecture estim\u00e9e\" \/>\n\t<meta name=\"twitter:data1\" content=\"1 minute\" \/>\n<script type=\"application\/ld+json\" class=\"yoast-schema-graph\">{\"@context\":\"https:\/\/schema.org\",\"@graph\":[{\"@type\":\"WebPage\",\"@id\":\"https:\/\/www.eco2.ca\/fr\/product\/boites-pliables-compostables-bambou-revetement-aqueux\/\",\"url\":\"https:\/\/www.eco2.ca\/fr\/product\/boites-pliables-compostables-bambou-revetement-aqueux\/\",\"name\":\"Bo\u00eetes Pliables (Carton Kraft \u2013 Rev\u00eatement Aqueux) - Eco2bureau\",\"isPartOf\":{\"@id\":\"https:\/\/www.eco2.ca\/fr\/#website\"},\"primaryImageOfPage\":{\"@id\":\"https:\/\/www.eco2.ca\/fr\/product\/boites-pliables-compostables-bambou-revetement-aqueux\/#primaryimage\"},\"image\":{\"@id\":\"https:\/\/www.eco2.ca\/fr\/product\/boites-pliables-compostables-bambou-revetement-aqueux\/#primaryimage\"},\"thumbnailUrl\":\"https:\/\/www.eco2.ca\/wp-content\/uploads\/2025\/05\/4.jpg\",\"datePublished\":\"2025-06-17T16:21:20+00:00\",\"dateModified\":\"2025-12-03T14:15:36+00:00\",\"description\":\"Fabriqu\u00e9es \u00e0 partir de fibre de bambou compostable et dot\u00e9es d\u2019un rev\u00eatement aqueux, ces bo\u00eetes pliables sont con\u00e7ues pour contenir facilement des aliments chauds ou froids\",\"breadcrumb\":{\"@id\":\"https:\/\/www.eco2.ca\/fr\/product\/boites-pliables-compostables-bambou-revetement-aqueux\/#breadcrumb\"},\"inLanguage\":\"fr-FR\",\"potentialAction\":[{\"@type\":\"ReadAction\",\"target\":[\"https:\/\/www.eco2.ca\/fr\/product\/boites-pliables-compostables-bambou-revetement-aqueux\/\"]}]},{\"@type\":\"ImageObject\",\"inLanguage\":\"fr-FR\",\"@id\":\"https:\/\/www.eco2.ca\/fr\/product\/boites-pliables-compostables-bambou-revetement-aqueux\/#primaryimage\",\"url\":\"https:\/\/www.eco2.ca\/wp-content\/uploads\/2025\/05\/4.jpg\",\"contentUrl\":\"https:\/\/www.eco2.ca\/wp-content\/uploads\/2025\/05\/4.jpg\",\"width\":800,\"height\":800,\"caption\":\"Folded Boxes: Smart, Space-Saving Storage That Works for You\"},{\"@type\":\"BreadcrumbList\",\"@id\":\"https:\/\/www.eco2.ca\/fr\/product\/boites-pliables-compostables-bambou-revetement-aqueux\/#breadcrumb\",\"itemListElement\":[{\"@type\":\"ListItem\",\"position\":1,\"name\":\"Home\",\"item\":\"https:\/\/www.eco2.ca\/fr\/\"},{\"@type\":\"ListItem\",\"position\":2,\"name\":\"Boutique\",\"item\":\"https:\/\/www.eco2.ca\/fr\/boutique\/\"},{\"@type\":\"ListItem\",\"position\":3,\"name\":\"Bo\u00eetes Pliables (Carton Kraft \u2013 Rev\u00eatement Aqueux)\"}]},{\"@type\":\"WebSite\",\"@id\":\"https:\/\/www.eco2.ca\/fr\/#website\",\"url\":\"https:\/\/www.eco2.ca\/fr\/\",\"name\":\"Eco2bureau\",\"description\":\"\",\"publisher\":{\"@id\":\"https:\/\/www.eco2.ca\/fr\/#organization\"},\"potentialAction\":[{\"@type\":\"SearchAction\",\"target\":{\"@type\":\"EntryPoint\",\"urlTemplate\":\"https:\/\/www.eco2.ca\/fr\/?s={search_term_string}\"},\"query-input\":{\"@type\":\"PropertyValueSpecification\",\"valueRequired\":true,\"valueName\":\"search_term_string\"}}],\"inLanguage\":\"fr-FR\"},{\"@type\":\"Organization\",\"@id\":\"https:\/\/www.eco2.ca\/fr\/#organization\",\"name\":\"Eco2bureau\",\"url\":\"https:\/\/www.eco2.ca\/fr\/\",\"logo\":{\"@type\":\"ImageObject\",\"inLanguage\":\"fr-FR\",\"@id\":\"https:\/\/www.eco2.ca\/fr\/#\/schema\/logo\/image\/\",\"url\":\"https:\/\/www.eco2.ca\/wp-content\/uploads\/2025\/04\/cropped-cropped-Add-a-subheading-3.png\",\"contentUrl\":\"https:\/\/www.eco2.ca\/wp-content\/uploads\/2025\/04\/cropped-cropped-Add-a-subheading-3.png\",\"width\":469,\"height\":109,\"caption\":\"Eco2bureau\"},\"image\":{\"@id\":\"https:\/\/www.eco2.ca\/fr\/#\/schema\/logo\/image\/\"}}]}<\/script>\n<!-- \/ Yoast SEO plugin. -->","yoast_head_json":{"title":"Bo\u00eetes Pliables (Carton Kraft \u2013 Rev\u00eatement Aqueux) - Eco2bureau","description":"Fabriqu\u00e9es \u00e0 partir de fibre de bambou compostable et dot\u00e9es d\u2019un rev\u00eatement aqueux, ces bo\u00eetes pliables sont con\u00e7ues pour contenir facilement des aliments chauds ou froids","robots":{"index":"index","follow":"follow","max-snippet":"max-snippet:-1","max-image-preview":"max-image-preview:large","max-video-preview":"max-video-preview:-1"},"canonical":"https:\/\/www.eco2.ca\/fr\/product\/boites-pliables-compostables-bambou-revetement-aqueux\/","og_locale":"fr_FR","og_type":"article","og_title":"Bo\u00eetes Pliables (Carton Kraft \u2013 Rev\u00eatement Aqueux) - Eco2bureau","og_description":"Fabriqu\u00e9es \u00e0 partir de fibre de bambou compostable et dot\u00e9es d\u2019un rev\u00eatement aqueux, ces bo\u00eetes pliables sont con\u00e7ues pour contenir facilement des aliments chauds ou froids","og_url":"https:\/\/www.eco2.ca\/fr\/product\/boites-pliables-compostables-bambou-revetement-aqueux\/","og_site_name":"Eco2bureau","article_modified_time":"2025-12-03T14:15:36+00:00","og_image":[{"width":800,"height":800,"url":"https:\/\/www.eco2.ca\/wp-content\/uploads\/2025\/05\/4.jpg","type":"image\/jpeg"}],"twitter_card":"summary_large_image","twitter_misc":{"Dur\u00e9e de lecture estim\u00e9e":"1 minute"},"schema":{"@context":"https:\/\/schema.org","@graph":[{"@type":"WebPage","@id":"https:\/\/www.eco2.ca\/fr\/product\/boites-pliables-compostables-bambou-revetement-aqueux\/","url":"https:\/\/www.eco2.ca\/fr\/product\/boites-pliables-compostables-bambou-revetement-aqueux\/","name":"Bo\u00eetes Pliables (Carton Kraft \u2013 Rev\u00eatement Aqueux) - Eco2bureau","isPartOf":{"@id":"https:\/\/www.eco2.ca\/fr\/#website"},"primaryImageOfPage":{"@id":"https:\/\/www.eco2.ca\/fr\/product\/boites-pliables-compostables-bambou-revetement-aqueux\/#primaryimage"},"image":{"@id":"https:\/\/www.eco2.ca\/fr\/product\/boites-pliables-compostables-bambou-revetement-aqueux\/#primaryimage"},"thumbnailUrl":"https:\/\/www.eco2.ca\/wp-content\/uploads\/2025\/05\/4.jpg","datePublished":"2025-06-17T16:21:20+00:00","dateModified":"2025-12-03T14:15:36+00:00","description":"Fabriqu\u00e9es \u00e0 partir de fibre de bambou compostable et dot\u00e9es d\u2019un rev\u00eatement aqueux, ces bo\u00eetes pliables sont con\u00e7ues pour contenir facilement des aliments chauds ou froids","breadcrumb":{"@id":"https:\/\/www.eco2.ca\/fr\/product\/boites-pliables-compostables-bambou-revetement-aqueux\/#breadcrumb"},"inLanguage":"fr-FR","potentialAction":[{"@type":"ReadAction","target":["https:\/\/www.eco2.ca\/fr\/product\/boites-pliables-compostables-bambou-revetement-aqueux\/"]}]},{"@type":"ImageObject","inLanguage":"fr-FR","@id":"https:\/\/www.eco2.ca\/fr\/product\/boites-pliables-compostables-bambou-revetement-aqueux\/#primaryimage","url":"https:\/\/www.eco2.ca\/wp-content\/uploads\/2025\/05\/4.jpg","contentUrl":"https:\/\/www.eco2.ca\/wp-content\/uploads\/2025\/05\/4.jpg","width":800,"height":800,"caption":"Folded Boxes: Smart, Space-Saving Storage That Works for You"},{"@type":"BreadcrumbList","@id":"https:\/\/www.eco2.ca\/fr\/product\/boites-pliables-compostables-bambou-revetement-aqueux\/#breadcrumb","itemListElement":[{"@type":"ListItem","position":1,"name":"Home","item":"https:\/\/www.eco2.ca\/fr\/"},{"@type":"ListItem","position":2,"name":"Boutique","item":"https:\/\/www.eco2.ca\/fr\/boutique\/"},{"@type":"ListItem","position":3,"name":"Bo\u00eetes Pliables (Carton Kraft \u2013 Rev\u00eatement Aqueux)"}]},{"@type":"WebSite","@id":"https:\/\/www.eco2.ca\/fr\/#website","url":"https:\/\/www.eco2.ca\/fr\/","name":"Eco2bureau","description":"","publisher":{"@id":"https:\/\/www.eco2.ca\/fr\/#organization"},"potentialAction":[{"@type":"SearchAction","target":{"@type":"EntryPoint","urlTemplate":"https:\/\/www.eco2.ca\/fr\/?s={search_term_string}"},"query-input":{"@type":"PropertyValueSpecification","valueRequired":true,"valueName":"search_term_string"}}],"inLanguage":"fr-FR"},{"@type":"Organization","@id":"https:\/\/www.eco2.ca\/fr\/#organization","name":"Eco2bureau","url":"https:\/\/www.eco2.ca\/fr\/","logo":{"@type":"ImageObject","inLanguage":"fr-FR","@id":"https:\/\/www.eco2.ca\/fr\/#\/schema\/logo\/image\/","url":"https:\/\/www.eco2.ca\/wp-content\/uploads\/2025\/04\/cropped-cropped-Add-a-subheading-3.png","contentUrl":"https:\/\/www.eco2.ca\/wp-content\/uploads\/2025\/04\/cropped-cropped-Add-a-subheading-3.png","width":469,"height":109,"caption":"Eco2bureau"},"image":{"@id":"https:\/\/www.eco2.ca\/fr\/#\/schema\/logo\/image\/"}}]}},"uagb_featured_image_src":{"full":["https:\/\/www.eco2.ca\/wp-content\/uploads\/2025\/05\/4.jpg",800,800,false],"thumbnail":["https:\/\/www.eco2.ca\/wp-content\/uploads\/2025\/05\/4-150x150.jpg",150,150,true],"medium":["https:\/\/www.eco2.ca\/wp-content\/uploads\/2025\/05\/4-300x300.jpg",300,300,true],"medium_large":["https:\/\/www.eco2.ca\/wp-content\/uploads\/2025\/05\/4-768x768.jpg",768,768,true],"large":["https:\/\/www.eco2.ca\/wp-content\/uploads\/2025\/05\/4.jpg",800,800,false],"1536x1536":["https:\/\/www.eco2.ca\/wp-content\/uploads\/2025\/05\/4.jpg",800,800,false],"2048x2048":["https:\/\/www.eco2.ca\/wp-content\/uploads\/2025\/05\/4.jpg",800,800,false],"wishsuite-image":["https:\/\/www.eco2.ca\/wp-content\/uploads\/2025\/05\/4.jpg",80,80,false],"woocommerce_thumbnail":["https:\/\/www.eco2.ca\/wp-content\/uploads\/2025\/05\/4-300x300.jpg",300,300,true],"woocommerce_single":["https:\/\/www.eco2.ca\/wp-content\/uploads\/2025\/05\/4-600x600.jpg",600,600,true],"woocommerce_gallery_thumbnail":["https:\/\/www.eco2.ca\/wp-content\/uploads\/2025\/05\/4-100x100.jpg",100,100,true]},"uagb_author_info":{"display_name":"Mary ..","author_link":"https:\/\/www.eco2.ca\/fr\/author\/"},"uagb_comment_info":0,"uagb_excerpt":"Ces bo\u00eetes \u00e0 rabat, fabriqu\u00e9es \u00e0 partir de Carton kraft\u00a0compostable avec un rev\u00eatement \u00e0 base d\u2019eau, sont id\u00e9ales pour les aliments chauds ou froids. Issues de bambou \u00e0 croissance rapide, elles repr\u00e9sentent une alternative durable aux emballages traditionnels \u00e0 base d\u2019arbres.","_links":{"self":[{"href":"https:\/\/www.eco2.ca\/fr\/wp-json\/wp\/v2\/product\/12483","targetHints":{"allow":["GET"]}}],"collection":[{"href":"https:\/\/www.eco2.ca\/fr\/wp-json\/wp\/v2\/product"}],"about":[{"href":"https:\/\/www.eco2.ca\/fr\/wp-json\/wp\/v2\/types\/product"}],"wp:featuredmedia":[{"embeddable":true,"href":"https:\/\/www.eco2.ca\/fr\/wp-json\/wp\/v2\/media\/10706"}],"wp:attachment":[{"href":"https:\/\/www.eco2.ca\/fr\/wp-json\/wp\/v2\/media?parent=12483"}],"wp:term":[{"taxonomy":"product_brand","embeddable":true,"href":"https:\/\/www.eco2.ca\/fr\/wp-json\/wp\/v2\/product_brand?post=12483"},{"taxonomy":"product_cat","embeddable":true,"href":"https:\/\/www.eco2.ca\/fr\/wp-json\/wp\/v2\/product_cat?post=12483"},{"taxonomy":"product_tag","embeddable":true,"href":"https:\/\/www.eco2.ca\/fr\/wp-json\/wp\/v2\/product_tag?post=12483"}],"curies":[{"name":"wp","href":"https:\/\/api.w.org\/{rel}","templated":true}]}}