{"id":12490,"date":"2025-06-17T16:40:41","date_gmt":"2025-06-17T16:40:41","guid":{"rendered":"https:\/\/www.eco2.ca\/?post_type=product&#038;p=12490"},"modified":"2025-06-30T13:35:37","modified_gmt":"2025-06-30T13:35:37","slug":"boite-pliable-recyclable-kraft-enduit-pet","status":"publish","type":"product","link":"https:\/\/www.eco2.ca\/fr\/product\/boite-pliable-recyclable-kraft-enduit-pet\/","title":{"rendered":"Bo\u00eete Pliable Recyclable (Kraft \u2013 Enduit PE)"},"content":{"rendered":"<h2>Bo\u00eete Pliable Compostable (Kraft \u2013 Enduit PE) \u2013 Con\u00e7ue Pour Durer, Pens\u00e9e Pour l\u2019environnement<\/h2>\n<p>Alliant le charme naturel du papier kraft \u00e0 un <strong>rev\u00eatement en PE<\/strong> pour une meilleure durabilit\u00e9, ces bo\u00eetes \u00e0 emporter \u00e0 rabat sont un choix \u00e9cologique qui ne fait aucun compromis sur la performance. Parfaites pour des plats en sauce ou des salades fra\u00eeches, leur <strong>structure robuste<\/strong> et leur <strong>r\u00e9sistance \u00e0 l\u2019humidit\u00e9<\/strong> en font un emballage alimentaire compostable fiable. Offertes en plusieurs formats, elles s\u2019adaptent facilement \u00e0 tous les types de portions, du d\u00eener copieux au lunch l\u00e9ger.<\/p>\n<h3>Caract\u00e9ristiques Principales :<\/h3>\n<ul>\n<li>Fabriqu\u00e9es en <strong>papier kraft \u00e9cologique<\/strong><\/li>\n<li>Rev\u00eatement <strong>en PE<\/strong>\u00a0pour une meilleure r\u00e9sistance aux liquides et aux graisses<\/li>\n<li><strong>Compostables<\/strong> dans des installations appropri\u00e9es pour un impact environnemental r\u00e9duit<\/li>\n<li>Fermeture \u00e0 rabat pour un transport <strong>s\u00e9curis\u00e9 et sans fuite<\/strong><\/li>\n<li>Offertes en <strong>plusieurs tailles<\/strong> pour convenir \u00e0 une vari\u00e9t\u00e9 de plats<\/li>\n<\/ul>\n<p>Solides, pratiques et tourn\u00e9es vers la durabilit\u00e9 \u2014 ces bo\u00eetes kraft avec rev\u00eatement PET accompagnent vos repas tout en douceur pour la plan\u00e8te.<\/p>\n","protected":false},"excerpt":{"rendered":"<p>Ces bo\u00eetes \u00e0 emporter \u00e0 rabat, recyclables et en papier kraft avec enduit PE, conviennent \u00e0 une vari\u00e9t\u00e9 de plats \u2014 du riz frit copieux aux salades fra\u00eeches \u2014 tout en offrant une r\u00e9sistance mod\u00e9r\u00e9e \u00e0 l\u2019humidit\u00e9.<\/p>\n","protected":false},"featured_media":12489,"template":"","meta":{"_eb_attr":"","_uag_custom_page_level_css":"","site-sidebar-layout":"default","site-content-layout":"","ast-site-content-layout":"default","site-content-style":"default","site-sidebar-style":"default","ast-global-header-display":"","ast-banner-title-visibility":"","ast-main-header-display":"","ast-hfb-above-header-display":"","ast-hfb-below-header-display":"","ast-hfb-mobile-header-display":"","site-post-title":"","ast-breadcrumbs-content":"","ast-featured-img":"","footer-sml-layout":"","ast-disable-related-posts":"","theme-transparent-header-meta":"default","adv-header-id-meta":"","stick-header-meta":"","header-above-stick-meta":"","header-main-stick-meta":"","header-below-stick-meta":"","astra-migrate-meta-layouts":"set","ast-page-background-enabled":"default","ast-page-background-meta":{"desktop":{"background-color":"","background-image":"","background-repeat":"repeat","background-position":"center center","background-size":"auto","background-attachment":"scroll","background-type":"","background-media":"","overlay-type":"","overlay-color":"","overlay-opacity":"","overlay-gradient":""},"tablet":{"background-color":"","background-image":"","background-repeat":"repeat","background-position":"center center","background-size":"auto","background-attachment":"scroll","background-type":"","background-media":"","overlay-type":"","overlay-color":"","overlay-opacity":"","overlay-gradient":""},"mobile":{"background-color":"","background-image":"","background-repeat":"repeat","background-position":"center center","background-size":"auto","background-attachment":"scroll","background-type":"","background-media":"","overlay-type":"","overlay-color":"","overlay-opacity":"","overlay-gradient":""}},"ast-content-background-meta":{"desktop":{"background-color":"var(--ast-global-color-5)","background-image":"","background-repeat":"repeat","background-position":"center center","background-size":"auto","background-attachment":"scroll","background-type":"","background-media":"","overlay-type":"","overlay-color":"","overlay-opacity":"","overlay-gradient":""},"tablet":{"background-color":"var(--ast-global-color-5)","background-image":"","background-repeat":"repeat","background-position":"center center","background-size":"auto","background-attachment":"scroll","background-type":"","background-media":"","overlay-type":"","overlay-color":"","overlay-opacity":"","overlay-gradient":""},"mobile":{"background-color":"var(--ast-global-color-5)","background-image":"","background-repeat":"repeat","background-position":"center center","background-size":"auto","background-attachment":"scroll","background-type":"","background-media":"","overlay-type":"","overlay-color":"","overlay-opacity":"","overlay-gradient":""}},"_selected_store_location":"","_selected_store_location_key":""},"product_brand":[],"product_cat":[192,258],"product_tag":[],"class_list":{"0":"post-12490","1":"product","2":"type-product","3":"status-publish","4":"has-post-thumbnail","6":"product_cat-a-emporter","7":"product_cat-boites-pliees-en-kraft","8":"wcmi-has-gallery","9":"desktop-align-center","10":"tablet-align-center","11":"mobile-align-center","13":"first","14":"instock","15":"shipping-taxable","16":"purchasable","17":"product-type-simple"},"yoast_head":"<!-- This site is optimized with the Yoast SEO plugin v27.2 - https:\/\/yoast.com\/product\/yoast-seo-wordpress\/ -->\n<title>Bo\u00eete Pliable Recyclable (Kraft \u2013 Enduit PE) - Eco2bureau<\/title>\n<meta name=\"description\" content=\"Alliant le charme naturel du papier kraft \u00e0 un rev\u00eatement en PET pour une meilleure durabilit\u00e9, ces bo\u00eetes \u00e0 emporter \u00e0 rabat sont un choix \u00e9cologique qui ne fait aucun compromis\" \/>\n<meta name=\"robots\" content=\"index, follow, max-snippet:-1, max-image-preview:large, max-video-preview:-1\" \/>\n<link rel=\"canonical\" href=\"https:\/\/www.eco2.ca\/fr\/product\/boite-pliable-recyclable-kraft-enduit-pet\/\" \/>\n<meta property=\"og:locale\" content=\"fr_FR\" \/>\n<meta property=\"og:type\" content=\"article\" \/>\n<meta property=\"og:title\" content=\"Bo\u00eete Pliable Recyclable (Kraft \u2013 Enduit PE) - Eco2bureau\" \/>\n<meta property=\"og:description\" content=\"Alliant le charme naturel du papier kraft \u00e0 un rev\u00eatement en PET pour une meilleure durabilit\u00e9, ces bo\u00eetes \u00e0 emporter \u00e0 rabat sont un choix \u00e9cologique qui ne fait aucun compromis\" \/>\n<meta property=\"og:url\" content=\"https:\/\/www.eco2.ca\/fr\/product\/boite-pliable-recyclable-kraft-enduit-pet\/\" \/>\n<meta property=\"og:site_name\" content=\"Eco2bureau\" \/>\n<meta property=\"article:modified_time\" content=\"2025-06-30T13:35:37+00:00\" \/>\n<meta property=\"og:image\" content=\"https:\/\/www.eco2.ca\/wp-content\/uploads\/2025\/06\/4.jpg\" \/>\n\t<meta property=\"og:image:width\" content=\"800\" \/>\n\t<meta property=\"og:image:height\" content=\"800\" \/>\n\t<meta property=\"og:image:type\" content=\"image\/jpeg\" \/>\n<meta name=\"twitter:card\" content=\"summary_large_image\" \/>\n<meta name=\"twitter:label1\" content=\"Dur\u00e9e de lecture estim\u00e9e\" \/>\n\t<meta name=\"twitter:data1\" content=\"1 minute\" \/>\n<script type=\"application\/ld+json\" class=\"yoast-schema-graph\">{\"@context\":\"https:\/\/schema.org\",\"@graph\":[{\"@type\":\"WebPage\",\"@id\":\"https:\/\/www.eco2.ca\/fr\/product\/boite-pliable-recyclable-kraft-enduit-pet\/\",\"url\":\"https:\/\/www.eco2.ca\/fr\/product\/boite-pliable-recyclable-kraft-enduit-pet\/\",\"name\":\"Bo\u00eete Pliable Recyclable (Kraft \u2013 Enduit PE) - Eco2bureau\",\"isPartOf\":{\"@id\":\"https:\/\/www.eco2.ca\/fr\/#website\"},\"primaryImageOfPage\":{\"@id\":\"https:\/\/www.eco2.ca\/fr\/product\/boite-pliable-recyclable-kraft-enduit-pet\/#primaryimage\"},\"image\":{\"@id\":\"https:\/\/www.eco2.ca\/fr\/product\/boite-pliable-recyclable-kraft-enduit-pet\/#primaryimage\"},\"thumbnailUrl\":\"https:\/\/www.eco2.ca\/wp-content\/uploads\/2025\/06\/4.jpg\",\"datePublished\":\"2025-06-17T16:40:41+00:00\",\"dateModified\":\"2025-06-30T13:35:37+00:00\",\"description\":\"Alliant le charme naturel du papier kraft \u00e0 un rev\u00eatement en PET pour une meilleure durabilit\u00e9, ces bo\u00eetes \u00e0 emporter \u00e0 rabat sont un choix \u00e9cologique qui ne fait aucun compromis\",\"breadcrumb\":{\"@id\":\"https:\/\/www.eco2.ca\/fr\/product\/boite-pliable-recyclable-kraft-enduit-pet\/#breadcrumb\"},\"inLanguage\":\"fr-FR\",\"potentialAction\":[{\"@type\":\"ReadAction\",\"target\":[\"https:\/\/www.eco2.ca\/fr\/product\/boite-pliable-recyclable-kraft-enduit-pet\/\"]}]},{\"@type\":\"ImageObject\",\"inLanguage\":\"fr-FR\",\"@id\":\"https:\/\/www.eco2.ca\/fr\/product\/boite-pliable-recyclable-kraft-enduit-pet\/#primaryimage\",\"url\":\"https:\/\/www.eco2.ca\/wp-content\/uploads\/2025\/06\/4.jpg\",\"contentUrl\":\"https:\/\/www.eco2.ca\/wp-content\/uploads\/2025\/06\/4.jpg\",\"width\":800,\"height\":800,\"caption\":\"Recycleable Foldable Box (Kraft \u2013 PET Coated)\"},{\"@type\":\"BreadcrumbList\",\"@id\":\"https:\/\/www.eco2.ca\/fr\/product\/boite-pliable-recyclable-kraft-enduit-pet\/#breadcrumb\",\"itemListElement\":[{\"@type\":\"ListItem\",\"position\":1,\"name\":\"Home\",\"item\":\"https:\/\/www.eco2.ca\/fr\/\"},{\"@type\":\"ListItem\",\"position\":2,\"name\":\"Boutique\",\"item\":\"https:\/\/www.eco2.ca\/fr\/boutique\/\"},{\"@type\":\"ListItem\",\"position\":3,\"name\":\"Bo\u00eete Pliable Recyclable (Kraft \u2013 Enduit PE)\"}]},{\"@type\":\"WebSite\",\"@id\":\"https:\/\/www.eco2.ca\/fr\/#website\",\"url\":\"https:\/\/www.eco2.ca\/fr\/\",\"name\":\"Eco2bureau\",\"description\":\"\",\"publisher\":{\"@id\":\"https:\/\/www.eco2.ca\/fr\/#organization\"},\"potentialAction\":[{\"@type\":\"SearchAction\",\"target\":{\"@type\":\"EntryPoint\",\"urlTemplate\":\"https:\/\/www.eco2.ca\/fr\/?s={search_term_string}\"},\"query-input\":{\"@type\":\"PropertyValueSpecification\",\"valueRequired\":true,\"valueName\":\"search_term_string\"}}],\"inLanguage\":\"fr-FR\"},{\"@type\":\"Organization\",\"@id\":\"https:\/\/www.eco2.ca\/fr\/#organization\",\"name\":\"Eco2bureau\",\"url\":\"https:\/\/www.eco2.ca\/fr\/\",\"logo\":{\"@type\":\"ImageObject\",\"inLanguage\":\"fr-FR\",\"@id\":\"https:\/\/www.eco2.ca\/fr\/#\/schema\/logo\/image\/\",\"url\":\"https:\/\/www.eco2.ca\/wp-content\/uploads\/2025\/04\/cropped-cropped-Add-a-subheading-3.png\",\"contentUrl\":\"https:\/\/www.eco2.ca\/wp-content\/uploads\/2025\/04\/cropped-cropped-Add-a-subheading-3.png\",\"width\":469,\"height\":109,\"caption\":\"Eco2bureau\"},\"image\":{\"@id\":\"https:\/\/www.eco2.ca\/fr\/#\/schema\/logo\/image\/\"}}]}<\/script>\n<!-- \/ Yoast SEO plugin. -->","yoast_head_json":{"title":"Bo\u00eete Pliable Recyclable (Kraft \u2013 Enduit PE) - Eco2bureau","description":"Alliant le charme naturel du papier kraft \u00e0 un rev\u00eatement en PET pour une meilleure durabilit\u00e9, ces bo\u00eetes \u00e0 emporter \u00e0 rabat sont un choix \u00e9cologique qui ne fait aucun compromis","robots":{"index":"index","follow":"follow","max-snippet":"max-snippet:-1","max-image-preview":"max-image-preview:large","max-video-preview":"max-video-preview:-1"},"canonical":"https:\/\/www.eco2.ca\/fr\/product\/boite-pliable-recyclable-kraft-enduit-pet\/","og_locale":"fr_FR","og_type":"article","og_title":"Bo\u00eete Pliable Recyclable (Kraft \u2013 Enduit PE) - Eco2bureau","og_description":"Alliant le charme naturel du papier kraft \u00e0 un rev\u00eatement en PET pour une meilleure durabilit\u00e9, ces bo\u00eetes \u00e0 emporter \u00e0 rabat sont un choix \u00e9cologique qui ne fait aucun compromis","og_url":"https:\/\/www.eco2.ca\/fr\/product\/boite-pliable-recyclable-kraft-enduit-pet\/","og_site_name":"Eco2bureau","article_modified_time":"2025-06-30T13:35:37+00:00","og_image":[{"width":800,"height":800,"url":"https:\/\/www.eco2.ca\/wp-content\/uploads\/2025\/06\/4.jpg","type":"image\/jpeg"}],"twitter_card":"summary_large_image","twitter_misc":{"Dur\u00e9e de lecture estim\u00e9e":"1 minute"},"schema":{"@context":"https:\/\/schema.org","@graph":[{"@type":"WebPage","@id":"https:\/\/www.eco2.ca\/fr\/product\/boite-pliable-recyclable-kraft-enduit-pet\/","url":"https:\/\/www.eco2.ca\/fr\/product\/boite-pliable-recyclable-kraft-enduit-pet\/","name":"Bo\u00eete Pliable Recyclable (Kraft \u2013 Enduit PE) - Eco2bureau","isPartOf":{"@id":"https:\/\/www.eco2.ca\/fr\/#website"},"primaryImageOfPage":{"@id":"https:\/\/www.eco2.ca\/fr\/product\/boite-pliable-recyclable-kraft-enduit-pet\/#primaryimage"},"image":{"@id":"https:\/\/www.eco2.ca\/fr\/product\/boite-pliable-recyclable-kraft-enduit-pet\/#primaryimage"},"thumbnailUrl":"https:\/\/www.eco2.ca\/wp-content\/uploads\/2025\/06\/4.jpg","datePublished":"2025-06-17T16:40:41+00:00","dateModified":"2025-06-30T13:35:37+00:00","description":"Alliant le charme naturel du papier kraft \u00e0 un rev\u00eatement en PET pour une meilleure durabilit\u00e9, ces bo\u00eetes \u00e0 emporter \u00e0 rabat sont un choix \u00e9cologique qui ne fait aucun compromis","breadcrumb":{"@id":"https:\/\/www.eco2.ca\/fr\/product\/boite-pliable-recyclable-kraft-enduit-pet\/#breadcrumb"},"inLanguage":"fr-FR","potentialAction":[{"@type":"ReadAction","target":["https:\/\/www.eco2.ca\/fr\/product\/boite-pliable-recyclable-kraft-enduit-pet\/"]}]},{"@type":"ImageObject","inLanguage":"fr-FR","@id":"https:\/\/www.eco2.ca\/fr\/product\/boite-pliable-recyclable-kraft-enduit-pet\/#primaryimage","url":"https:\/\/www.eco2.ca\/wp-content\/uploads\/2025\/06\/4.jpg","contentUrl":"https:\/\/www.eco2.ca\/wp-content\/uploads\/2025\/06\/4.jpg","width":800,"height":800,"caption":"Recycleable Foldable Box (Kraft \u2013 PET Coated)"},{"@type":"BreadcrumbList","@id":"https:\/\/www.eco2.ca\/fr\/product\/boite-pliable-recyclable-kraft-enduit-pet\/#breadcrumb","itemListElement":[{"@type":"ListItem","position":1,"name":"Home","item":"https:\/\/www.eco2.ca\/fr\/"},{"@type":"ListItem","position":2,"name":"Boutique","item":"https:\/\/www.eco2.ca\/fr\/boutique\/"},{"@type":"ListItem","position":3,"name":"Bo\u00eete Pliable Recyclable (Kraft \u2013 Enduit PE)"}]},{"@type":"WebSite","@id":"https:\/\/www.eco2.ca\/fr\/#website","url":"https:\/\/www.eco2.ca\/fr\/","name":"Eco2bureau","description":"","publisher":{"@id":"https:\/\/www.eco2.ca\/fr\/#organization"},"potentialAction":[{"@type":"SearchAction","target":{"@type":"EntryPoint","urlTemplate":"https:\/\/www.eco2.ca\/fr\/?s={search_term_string}"},"query-input":{"@type":"PropertyValueSpecification","valueRequired":true,"valueName":"search_term_string"}}],"inLanguage":"fr-FR"},{"@type":"Organization","@id":"https:\/\/www.eco2.ca\/fr\/#organization","name":"Eco2bureau","url":"https:\/\/www.eco2.ca\/fr\/","logo":{"@type":"ImageObject","inLanguage":"fr-FR","@id":"https:\/\/www.eco2.ca\/fr\/#\/schema\/logo\/image\/","url":"https:\/\/www.eco2.ca\/wp-content\/uploads\/2025\/04\/cropped-cropped-Add-a-subheading-3.png","contentUrl":"https:\/\/www.eco2.ca\/wp-content\/uploads\/2025\/04\/cropped-cropped-Add-a-subheading-3.png","width":469,"height":109,"caption":"Eco2bureau"},"image":{"@id":"https:\/\/www.eco2.ca\/fr\/#\/schema\/logo\/image\/"}}]}},"uagb_featured_image_src":{"full":["https:\/\/www.eco2.ca\/wp-content\/uploads\/2025\/06\/4.jpg",800,800,false],"thumbnail":["https:\/\/www.eco2.ca\/wp-content\/uploads\/2025\/06\/4-150x150.jpg",150,150,true],"medium":["https:\/\/www.eco2.ca\/wp-content\/uploads\/2025\/06\/4-300x300.jpg",300,300,true],"medium_large":["https:\/\/www.eco2.ca\/wp-content\/uploads\/2025\/06\/4-768x768.jpg",768,768,true],"large":["https:\/\/www.eco2.ca\/wp-content\/uploads\/2025\/06\/4.jpg",800,800,false],"1536x1536":["https:\/\/www.eco2.ca\/wp-content\/uploads\/2025\/06\/4.jpg",800,800,false],"2048x2048":["https:\/\/www.eco2.ca\/wp-content\/uploads\/2025\/06\/4.jpg",800,800,false],"wishsuite-image":["https:\/\/www.eco2.ca\/wp-content\/uploads\/2025\/06\/4.jpg",80,80,false],"woocommerce_thumbnail":["https:\/\/www.eco2.ca\/wp-content\/uploads\/2025\/06\/4-300x300.jpg",300,300,true],"woocommerce_single":["https:\/\/www.eco2.ca\/wp-content\/uploads\/2025\/06\/4-600x600.jpg",600,600,true],"woocommerce_gallery_thumbnail":["https:\/\/www.eco2.ca\/wp-content\/uploads\/2025\/06\/4-100x100.jpg",100,100,true]},"uagb_author_info":{"display_name":"Mary ..","author_link":"https:\/\/www.eco2.ca\/fr\/author\/"},"uagb_comment_info":0,"uagb_excerpt":"Ces bo\u00eetes \u00e0 emporter \u00e0 rabat, recyclables et en papier kraft avec enduit PE, conviennent \u00e0 une vari\u00e9t\u00e9 de plats \u2014 du riz frit copieux aux salades fra\u00eeches \u2014 tout en offrant une r\u00e9sistance mod\u00e9r\u00e9e \u00e0 l\u2019humidit\u00e9.","_links":{"self":[{"href":"https:\/\/www.eco2.ca\/fr\/wp-json\/wp\/v2\/product\/12490","targetHints":{"allow":["GET"]}}],"collection":[{"href":"https:\/\/www.eco2.ca\/fr\/wp-json\/wp\/v2\/product"}],"about":[{"href":"https:\/\/www.eco2.ca\/fr\/wp-json\/wp\/v2\/types\/product"}],"wp:featuredmedia":[{"embeddable":true,"href":"https:\/\/www.eco2.ca\/fr\/wp-json\/wp\/v2\/media\/12489"}],"wp:attachment":[{"href":"https:\/\/www.eco2.ca\/fr\/wp-json\/wp\/v2\/media?parent=12490"}],"wp:term":[{"taxonomy":"product_brand","embeddable":true,"href":"https:\/\/www.eco2.ca\/fr\/wp-json\/wp\/v2\/product_brand?post=12490"},{"taxonomy":"product_cat","embeddable":true,"href":"https:\/\/www.eco2.ca\/fr\/wp-json\/wp\/v2\/product_cat?post=12490"},{"taxonomy":"product_tag","embeddable":true,"href":"https:\/\/www.eco2.ca\/fr\/wp-json\/wp\/v2\/product_tag?post=12490"}],"curies":[{"name":"wp","href":"https:\/\/api.w.org\/{rel}","templated":true}]}}