{"id":12508,"date":"2025-06-18T16:10:54","date_gmt":"2025-06-18T16:10:54","guid":{"rendered":"https:\/\/www.eco2.ca\/product\/foldable-box-kraft-uncoated\/"},"modified":"2025-06-30T13:32:28","modified_gmt":"2025-06-30T13:32:28","slug":"boite-pliable-en-kraft-non-enduite","status":"publish","type":"product","link":"https:\/\/www.eco2.ca\/fr\/product\/boite-pliable-en-kraft-non-enduite\/","title":{"rendered":"Bo\u00eete Pliable En Kraft \u2013 Non Enduite"},"content":{"rendered":"<h2 style=\"font-size: 1.4em;\">Bo\u00eete Pliable En Kraft \u2013 Non Enduite Simple. Durable. Ing\u00e9nieuse.<\/h2>\n<p>Fabriqu\u00e9es en papier kraft non enduit, ces bo\u00eetes pliables \u00e0 emporter incarnent une solution d\u2019emballage \u00e9coresponsable qui allie fonctionnalit\u00e9 et minimalisme. <strong>100\u202f% recyclables et compostables<\/strong>, elles sont id\u00e9ales pour les aliments secs ou l\u00e9g\u00e8rement emball\u00e9s, tout en offrant une apparence naturelle qui s\u00e9duit les clients et respecte la plan\u00e8te.<\/p>\n<h3 style=\"font-size: 1.4em;\">Caract\u00e9ristiques Principales :<\/h3>\n<ul>\n<li>Con\u00e7ues en <strong>papier kraft non enduit<\/strong>, sans plastique ni rev\u00eatement synth\u00e9tique<\/li>\n<li><strong>Enti\u00e8rement recyclables et compostables<\/strong> dans les fili\u00e8res appropri\u00e9es<\/li>\n<li>L\u00e9g\u00e8res et pliables \u00e0 plat pour un <strong>rangement optimal<\/strong><\/li>\n<li>Id\u00e9ales pour les <strong>aliments secs ou l\u00e9g\u00e8rement sauc\u00e9s<\/strong><\/li>\n<li>Disponibles en <strong>diff\u00e9rentes tailles<\/strong> pour s\u2019adapter aux portions vari\u00e9es<\/li>\n<li>Esth\u00e9tique <strong>rustique et \u00e9pur\u00e9e<\/strong>, parfaite pour les marques soucieuses de l\u2019environnement<\/li>\n<\/ul>\n<p>Ces bo\u00eetes en kraft allient praticit\u00e9, polyvalence et respect de l\u2019environnement\u2014un choix judicieux pour les entreprises engag\u00e9es vers une durabilit\u00e9 concr\u00e8te.<\/p>\n","protected":false},"excerpt":{"rendered":"<p>Une solution \u00e0 emporter minimaliste et \u00e9coresponsable, faite de papier kraft non enduit \u2014 enti\u00e8rement recyclable, compostable et offerte en plusieurs formats pour les aliments secs et les plats l\u00e9gers.<\/p>\n","protected":false},"featured_media":10704,"template":"","meta":{"_eb_attr":"","_uag_custom_page_level_css":"","site-sidebar-layout":"default","site-content-layout":"","ast-site-content-layout":"default","site-content-style":"default","site-sidebar-style":"default","ast-global-header-display":"","ast-banner-title-visibility":"","ast-main-header-display":"","ast-hfb-above-header-display":"","ast-hfb-below-header-display":"","ast-hfb-mobile-header-display":"","site-post-title":"","ast-breadcrumbs-content":"","ast-featured-img":"","footer-sml-layout":"","ast-disable-related-posts":"","theme-transparent-header-meta":"default","adv-header-id-meta":"","stick-header-meta":"","header-above-stick-meta":"","header-main-stick-meta":"","header-below-stick-meta":"","astra-migrate-meta-layouts":"set","ast-page-background-enabled":"default","ast-page-background-meta":{"desktop":{"background-color":"","background-image":"","background-repeat":"repeat","background-position":"center center","background-size":"auto","background-attachment":"scroll","background-type":"","background-media":"","overlay-type":"","overlay-color":"","overlay-opacity":"","overlay-gradient":""},"tablet":{"background-color":"","background-image":"","background-repeat":"repeat","background-position":"center center","background-size":"auto","background-attachment":"scroll","background-type":"","background-media":"","overlay-type":"","overlay-color":"","overlay-opacity":"","overlay-gradient":""},"mobile":{"background-color":"","background-image":"","background-repeat":"repeat","background-position":"center center","background-size":"auto","background-attachment":"scroll","background-type":"","background-media":"","overlay-type":"","overlay-color":"","overlay-opacity":"","overlay-gradient":""}},"ast-content-background-meta":{"desktop":{"background-color":"var(--ast-global-color-5)","background-image":"","background-repeat":"repeat","background-position":"center center","background-size":"auto","background-attachment":"scroll","background-type":"","background-media":"","overlay-type":"","overlay-color":"","overlay-opacity":"","overlay-gradient":""},"tablet":{"background-color":"var(--ast-global-color-5)","background-image":"","background-repeat":"repeat","background-position":"center center","background-size":"auto","background-attachment":"scroll","background-type":"","background-media":"","overlay-type":"","overlay-color":"","overlay-opacity":"","overlay-gradient":""},"mobile":{"background-color":"var(--ast-global-color-5)","background-image":"","background-repeat":"repeat","background-position":"center center","background-size":"auto","background-attachment":"scroll","background-type":"","background-media":"","overlay-type":"","overlay-color":"","overlay-opacity":"","overlay-gradient":""}},"_selected_store_location":"","_selected_store_location_key":""},"product_brand":[],"product_cat":[192,258],"product_tag":[],"class_list":{"0":"post-12508","1":"product","2":"type-product","3":"status-publish","4":"has-post-thumbnail","6":"product_cat-a-emporter","7":"product_cat-boites-pliees-en-kraft","8":"desktop-align-center","9":"tablet-align-center","10":"mobile-align-center","12":"first","13":"instock","14":"shipping-taxable","15":"purchasable","16":"product-type-simple"},"yoast_head":"<!-- This site is optimized with the Yoast SEO plugin v27.2 - https:\/\/yoast.com\/product\/yoast-seo-wordpress\/ -->\n<title>Bo\u00eete Pliable En Kraft \u2013 Non Enduite - Eco2bureau<\/title>\n<meta name=\"description\" content=\"Fabriqu\u00e9es en papier kraft non enduit, ces bo\u00eetes pliables \u00e0 emporter incarnent une solution d\u2019emballage \u00e9coresponsable qui allie fonctionnalit\u00e9 et minimalisme.\" \/>\n<meta name=\"robots\" content=\"index, follow, max-snippet:-1, max-image-preview:large, max-video-preview:-1\" \/>\n<link rel=\"canonical\" href=\"https:\/\/www.eco2.ca\/fr\/product\/boite-pliable-en-kraft-non-enduite\/\" \/>\n<meta property=\"og:locale\" content=\"fr_FR\" \/>\n<meta property=\"og:type\" content=\"article\" \/>\n<meta property=\"og:title\" content=\"Bo\u00eete Pliable En Kraft \u2013 Non Enduite - Eco2bureau\" \/>\n<meta property=\"og:description\" content=\"Fabriqu\u00e9es en papier kraft non enduit, ces bo\u00eetes pliables \u00e0 emporter incarnent une solution d\u2019emballage \u00e9coresponsable qui allie fonctionnalit\u00e9 et minimalisme.\" \/>\n<meta property=\"og:url\" content=\"https:\/\/www.eco2.ca\/fr\/product\/boite-pliable-en-kraft-non-enduite\/\" \/>\n<meta property=\"og:site_name\" content=\"Eco2bureau\" \/>\n<meta property=\"article:modified_time\" content=\"2025-06-30T13:32:28+00:00\" \/>\n<meta property=\"og:image\" content=\"https:\/\/www.eco2.ca\/wp-content\/uploads\/2025\/05\/8.jpeg\" \/>\n\t<meta property=\"og:image:width\" content=\"600\" \/>\n\t<meta property=\"og:image:height\" content=\"600\" \/>\n\t<meta property=\"og:image:type\" content=\"image\/jpeg\" \/>\n<meta name=\"twitter:card\" content=\"summary_large_image\" \/>\n<meta name=\"twitter:label1\" content=\"Dur\u00e9e de lecture estim\u00e9e\" \/>\n\t<meta name=\"twitter:data1\" content=\"1 minute\" \/>\n<script type=\"application\/ld+json\" class=\"yoast-schema-graph\">{\"@context\":\"https:\/\/schema.org\",\"@graph\":[{\"@type\":\"WebPage\",\"@id\":\"https:\/\/www.eco2.ca\/fr\/product\/boite-pliable-en-kraft-non-enduite\/\",\"url\":\"https:\/\/www.eco2.ca\/fr\/product\/boite-pliable-en-kraft-non-enduite\/\",\"name\":\"Bo\u00eete Pliable En Kraft \u2013 Non Enduite - Eco2bureau\",\"isPartOf\":{\"@id\":\"https:\/\/www.eco2.ca\/fr\/#website\"},\"primaryImageOfPage\":{\"@id\":\"https:\/\/www.eco2.ca\/fr\/product\/boite-pliable-en-kraft-non-enduite\/#primaryimage\"},\"image\":{\"@id\":\"https:\/\/www.eco2.ca\/fr\/product\/boite-pliable-en-kraft-non-enduite\/#primaryimage\"},\"thumbnailUrl\":\"https:\/\/www.eco2.ca\/wp-content\/uploads\/2025\/05\/8.jpeg\",\"datePublished\":\"2025-06-18T16:10:54+00:00\",\"dateModified\":\"2025-06-30T13:32:28+00:00\",\"description\":\"Fabriqu\u00e9es en papier kraft non enduit, ces bo\u00eetes pliables \u00e0 emporter incarnent une solution d\u2019emballage \u00e9coresponsable qui allie fonctionnalit\u00e9 et minimalisme.\",\"breadcrumb\":{\"@id\":\"https:\/\/www.eco2.ca\/fr\/product\/boite-pliable-en-kraft-non-enduite\/#breadcrumb\"},\"inLanguage\":\"fr-FR\",\"potentialAction\":[{\"@type\":\"ReadAction\",\"target\":[\"https:\/\/www.eco2.ca\/fr\/product\/boite-pliable-en-kraft-non-enduite\/\"]}]},{\"@type\":\"ImageObject\",\"inLanguage\":\"fr-FR\",\"@id\":\"https:\/\/www.eco2.ca\/fr\/product\/boite-pliable-en-kraft-non-enduite\/#primaryimage\",\"url\":\"https:\/\/www.eco2.ca\/wp-content\/uploads\/2025\/05\/8.jpeg\",\"contentUrl\":\"https:\/\/www.eco2.ca\/wp-content\/uploads\/2025\/05\/8.jpeg\",\"width\":600,\"height\":600,\"caption\":\"Folded Boxes: Smart, Space-Saving Storage That Works for You\"},{\"@type\":\"BreadcrumbList\",\"@id\":\"https:\/\/www.eco2.ca\/fr\/product\/boite-pliable-en-kraft-non-enduite\/#breadcrumb\",\"itemListElement\":[{\"@type\":\"ListItem\",\"position\":1,\"name\":\"Home\",\"item\":\"https:\/\/www.eco2.ca\/fr\/\"},{\"@type\":\"ListItem\",\"position\":2,\"name\":\"Boutique\",\"item\":\"https:\/\/www.eco2.ca\/fr\/boutique\/\"},{\"@type\":\"ListItem\",\"position\":3,\"name\":\"Bo\u00eete Pliable En Kraft \u2013 Non Enduite\"}]},{\"@type\":\"WebSite\",\"@id\":\"https:\/\/www.eco2.ca\/fr\/#website\",\"url\":\"https:\/\/www.eco2.ca\/fr\/\",\"name\":\"Eco2bureau\",\"description\":\"\",\"publisher\":{\"@id\":\"https:\/\/www.eco2.ca\/fr\/#organization\"},\"potentialAction\":[{\"@type\":\"SearchAction\",\"target\":{\"@type\":\"EntryPoint\",\"urlTemplate\":\"https:\/\/www.eco2.ca\/fr\/?s={search_term_string}\"},\"query-input\":{\"@type\":\"PropertyValueSpecification\",\"valueRequired\":true,\"valueName\":\"search_term_string\"}}],\"inLanguage\":\"fr-FR\"},{\"@type\":\"Organization\",\"@id\":\"https:\/\/www.eco2.ca\/fr\/#organization\",\"name\":\"Eco2bureau\",\"url\":\"https:\/\/www.eco2.ca\/fr\/\",\"logo\":{\"@type\":\"ImageObject\",\"inLanguage\":\"fr-FR\",\"@id\":\"https:\/\/www.eco2.ca\/fr\/#\/schema\/logo\/image\/\",\"url\":\"https:\/\/www.eco2.ca\/wp-content\/uploads\/2025\/04\/cropped-cropped-Add-a-subheading-3.png\",\"contentUrl\":\"https:\/\/www.eco2.ca\/wp-content\/uploads\/2025\/04\/cropped-cropped-Add-a-subheading-3.png\",\"width\":469,\"height\":109,\"caption\":\"Eco2bureau\"},\"image\":{\"@id\":\"https:\/\/www.eco2.ca\/fr\/#\/schema\/logo\/image\/\"}}]}<\/script>\n<!-- \/ Yoast SEO plugin. -->","yoast_head_json":{"title":"Bo\u00eete Pliable En Kraft \u2013 Non Enduite - Eco2bureau","description":"Fabriqu\u00e9es en papier kraft non enduit, ces bo\u00eetes pliables \u00e0 emporter incarnent une solution d\u2019emballage \u00e9coresponsable qui allie fonctionnalit\u00e9 et minimalisme.","robots":{"index":"index","follow":"follow","max-snippet":"max-snippet:-1","max-image-preview":"max-image-preview:large","max-video-preview":"max-video-preview:-1"},"canonical":"https:\/\/www.eco2.ca\/fr\/product\/boite-pliable-en-kraft-non-enduite\/","og_locale":"fr_FR","og_type":"article","og_title":"Bo\u00eete Pliable En Kraft \u2013 Non Enduite - Eco2bureau","og_description":"Fabriqu\u00e9es en papier kraft non enduit, ces bo\u00eetes pliables \u00e0 emporter incarnent une solution d\u2019emballage \u00e9coresponsable qui allie fonctionnalit\u00e9 et minimalisme.","og_url":"https:\/\/www.eco2.ca\/fr\/product\/boite-pliable-en-kraft-non-enduite\/","og_site_name":"Eco2bureau","article_modified_time":"2025-06-30T13:32:28+00:00","og_image":[{"width":600,"height":600,"url":"https:\/\/www.eco2.ca\/wp-content\/uploads\/2025\/05\/8.jpeg","type":"image\/jpeg"}],"twitter_card":"summary_large_image","twitter_misc":{"Dur\u00e9e de lecture estim\u00e9e":"1 minute"},"schema":{"@context":"https:\/\/schema.org","@graph":[{"@type":"WebPage","@id":"https:\/\/www.eco2.ca\/fr\/product\/boite-pliable-en-kraft-non-enduite\/","url":"https:\/\/www.eco2.ca\/fr\/product\/boite-pliable-en-kraft-non-enduite\/","name":"Bo\u00eete Pliable En Kraft \u2013 Non Enduite - Eco2bureau","isPartOf":{"@id":"https:\/\/www.eco2.ca\/fr\/#website"},"primaryImageOfPage":{"@id":"https:\/\/www.eco2.ca\/fr\/product\/boite-pliable-en-kraft-non-enduite\/#primaryimage"},"image":{"@id":"https:\/\/www.eco2.ca\/fr\/product\/boite-pliable-en-kraft-non-enduite\/#primaryimage"},"thumbnailUrl":"https:\/\/www.eco2.ca\/wp-content\/uploads\/2025\/05\/8.jpeg","datePublished":"2025-06-18T16:10:54+00:00","dateModified":"2025-06-30T13:32:28+00:00","description":"Fabriqu\u00e9es en papier kraft non enduit, ces bo\u00eetes pliables \u00e0 emporter incarnent une solution d\u2019emballage \u00e9coresponsable qui allie fonctionnalit\u00e9 et minimalisme.","breadcrumb":{"@id":"https:\/\/www.eco2.ca\/fr\/product\/boite-pliable-en-kraft-non-enduite\/#breadcrumb"},"inLanguage":"fr-FR","potentialAction":[{"@type":"ReadAction","target":["https:\/\/www.eco2.ca\/fr\/product\/boite-pliable-en-kraft-non-enduite\/"]}]},{"@type":"ImageObject","inLanguage":"fr-FR","@id":"https:\/\/www.eco2.ca\/fr\/product\/boite-pliable-en-kraft-non-enduite\/#primaryimage","url":"https:\/\/www.eco2.ca\/wp-content\/uploads\/2025\/05\/8.jpeg","contentUrl":"https:\/\/www.eco2.ca\/wp-content\/uploads\/2025\/05\/8.jpeg","width":600,"height":600,"caption":"Folded Boxes: Smart, Space-Saving Storage That Works for You"},{"@type":"BreadcrumbList","@id":"https:\/\/www.eco2.ca\/fr\/product\/boite-pliable-en-kraft-non-enduite\/#breadcrumb","itemListElement":[{"@type":"ListItem","position":1,"name":"Home","item":"https:\/\/www.eco2.ca\/fr\/"},{"@type":"ListItem","position":2,"name":"Boutique","item":"https:\/\/www.eco2.ca\/fr\/boutique\/"},{"@type":"ListItem","position":3,"name":"Bo\u00eete Pliable En Kraft \u2013 Non Enduite"}]},{"@type":"WebSite","@id":"https:\/\/www.eco2.ca\/fr\/#website","url":"https:\/\/www.eco2.ca\/fr\/","name":"Eco2bureau","description":"","publisher":{"@id":"https:\/\/www.eco2.ca\/fr\/#organization"},"potentialAction":[{"@type":"SearchAction","target":{"@type":"EntryPoint","urlTemplate":"https:\/\/www.eco2.ca\/fr\/?s={search_term_string}"},"query-input":{"@type":"PropertyValueSpecification","valueRequired":true,"valueName":"search_term_string"}}],"inLanguage":"fr-FR"},{"@type":"Organization","@id":"https:\/\/www.eco2.ca\/fr\/#organization","name":"Eco2bureau","url":"https:\/\/www.eco2.ca\/fr\/","logo":{"@type":"ImageObject","inLanguage":"fr-FR","@id":"https:\/\/www.eco2.ca\/fr\/#\/schema\/logo\/image\/","url":"https:\/\/www.eco2.ca\/wp-content\/uploads\/2025\/04\/cropped-cropped-Add-a-subheading-3.png","contentUrl":"https:\/\/www.eco2.ca\/wp-content\/uploads\/2025\/04\/cropped-cropped-Add-a-subheading-3.png","width":469,"height":109,"caption":"Eco2bureau"},"image":{"@id":"https:\/\/www.eco2.ca\/fr\/#\/schema\/logo\/image\/"}}]}},"uagb_featured_image_src":{"full":["https:\/\/www.eco2.ca\/wp-content\/uploads\/2025\/05\/8.jpeg",600,600,false],"thumbnail":["https:\/\/www.eco2.ca\/wp-content\/uploads\/2025\/05\/8-150x150.jpeg",150,150,true],"medium":["https:\/\/www.eco2.ca\/wp-content\/uploads\/2025\/05\/8-300x300.jpeg",300,300,true],"medium_large":["https:\/\/www.eco2.ca\/wp-content\/uploads\/2025\/05\/8.jpeg",600,600,false],"large":["https:\/\/www.eco2.ca\/wp-content\/uploads\/2025\/05\/8.jpeg",600,600,false],"1536x1536":["https:\/\/www.eco2.ca\/wp-content\/uploads\/2025\/05\/8.jpeg",600,600,false],"2048x2048":["https:\/\/www.eco2.ca\/wp-content\/uploads\/2025\/05\/8.jpeg",600,600,false],"wishsuite-image":["https:\/\/www.eco2.ca\/wp-content\/uploads\/2025\/05\/8.jpeg",80,80,false],"woocommerce_thumbnail":["https:\/\/www.eco2.ca\/wp-content\/uploads\/2025\/05\/8-300x300.jpeg",300,300,true],"woocommerce_single":["https:\/\/www.eco2.ca\/wp-content\/uploads\/2025\/05\/8.jpeg",600,600,false],"woocommerce_gallery_thumbnail":["https:\/\/www.eco2.ca\/wp-content\/uploads\/2025\/05\/8-100x100.jpeg",100,100,true]},"uagb_author_info":{"display_name":"Mary ..","author_link":"https:\/\/www.eco2.ca\/fr\/author\/"},"uagb_comment_info":0,"uagb_excerpt":"Une solution \u00e0 emporter minimaliste et \u00e9coresponsable, faite de papier kraft non enduit \u2014 enti\u00e8rement recyclable, compostable et offerte en plusieurs formats pour les aliments secs et les plats l\u00e9gers.","_links":{"self":[{"href":"https:\/\/www.eco2.ca\/fr\/wp-json\/wp\/v2\/product\/12508","targetHints":{"allow":["GET"]}}],"collection":[{"href":"https:\/\/www.eco2.ca\/fr\/wp-json\/wp\/v2\/product"}],"about":[{"href":"https:\/\/www.eco2.ca\/fr\/wp-json\/wp\/v2\/types\/product"}],"wp:featuredmedia":[{"embeddable":true,"href":"https:\/\/www.eco2.ca\/fr\/wp-json\/wp\/v2\/media\/10704"}],"wp:attachment":[{"href":"https:\/\/www.eco2.ca\/fr\/wp-json\/wp\/v2\/media?parent=12508"}],"wp:term":[{"taxonomy":"product_brand","embeddable":true,"href":"https:\/\/www.eco2.ca\/fr\/wp-json\/wp\/v2\/product_brand?post=12508"},{"taxonomy":"product_cat","embeddable":true,"href":"https:\/\/www.eco2.ca\/fr\/wp-json\/wp\/v2\/product_cat?post=12508"},{"taxonomy":"product_tag","embeddable":true,"href":"https:\/\/www.eco2.ca\/fr\/wp-json\/wp\/v2\/product_tag?post=12508"}],"curies":[{"name":"wp","href":"https:\/\/api.w.org\/{rel}","templated":true}]}}