{"id":12513,"date":"2025-06-19T11:52:06","date_gmt":"2025-06-19T11:52:06","guid":{"rendered":"https:\/\/www.eco2.ca\/product\/portion-cups-bagasse\/"},"modified":"2025-06-30T14:25:06","modified_gmt":"2025-06-30T14:25:06","slug":"coupelles-de-service-bagasse","status":"publish","type":"product","link":"https:\/\/www.eco2.ca\/fr\/product\/coupelles-de-service-bagasse\/","title":{"rendered":"Coupelles De Service \u2013 Bagasse"},"content":{"rendered":"<h2>Coupelles De Service \u2013 Bagasse Petites Mais Puissantes. Naturellement Durables.<\/h2>\n<p>Ces coupelles compactes sont fabriqu\u00e9es \u00e0 partir de <strong>bagasse<\/strong>, la fibre r\u00e9siduelle de la canne \u00e0 sucre, ce qui en fait une alternative \u00e9cologique et intelligente au plastique. Con\u00e7ues pour allier solidit\u00e9 et simplicit\u00e9, elles sont parfaites pour servir sauces, vinaigrettes, trempettes et d\u00e9gustations \u2014 sans compromettre la durabilit\u00e9.<\/p>\n<h3>Caract\u00e9ristiques Principales:<\/h3>\n<ul>\n<li>Fabriqu\u00e9es \u00e0 partir de <strong>fibres naturelles de canne \u00e0 sucre (bagasse)<\/strong><\/li>\n<li><strong>100\u202f% compostables et biod\u00e9gradables<\/strong> dans les fili\u00e8res appropri\u00e9es<\/li>\n<li><strong>Plus robustes que le carton<\/strong>, avec une certaine r\u00e9sistance \u00e0 l\u2019humidit\u00e9<\/li>\n<li>Id\u00e9ales pour <strong>sauces, accompagnements, \u00e9chantillons et condiments<\/strong><\/li>\n<li><strong>L\u00e9g\u00e8res et empilables<\/strong> pour un rangement et un transport facilit\u00e9s<\/li>\n<\/ul>\n<p>Avec leur design \u00e9pur\u00e9 et leur composition compostable, ces coupelles offrent une fa\u00e7on responsable et pratique de portionner.<\/p>\n","protected":false},"excerpt":{"rendered":"<p>Ces coupelles compactes sont fabriqu\u00e9es \u00e0 partir de <strong>bagasse<\/strong>, la fibre r\u00e9siduelle de la canne \u00e0 sucre, ce qui en fait une alternative \u00e9cologique et intelligente au plastique.<\/p>\n","protected":false},"featured_media":10807,"template":"","meta":{"_eb_attr":"","_uag_custom_page_level_css":"","site-sidebar-layout":"default","site-content-layout":"","ast-site-content-layout":"default","site-content-style":"default","site-sidebar-style":"default","ast-global-header-display":"","ast-banner-title-visibility":"","ast-main-header-display":"","ast-hfb-above-header-display":"","ast-hfb-below-header-display":"","ast-hfb-mobile-header-display":"","site-post-title":"","ast-breadcrumbs-content":"","ast-featured-img":"","footer-sml-layout":"","ast-disable-related-posts":"","theme-transparent-header-meta":"default","adv-header-id-meta":"","stick-header-meta":"","header-above-stick-meta":"","header-main-stick-meta":"","header-below-stick-meta":"","astra-migrate-meta-layouts":"set","ast-page-background-enabled":"default","ast-page-background-meta":{"desktop":{"background-color":"","background-image":"","background-repeat":"repeat","background-position":"center center","background-size":"auto","background-attachment":"scroll","background-type":"","background-media":"","overlay-type":"","overlay-color":"","overlay-opacity":"","overlay-gradient":""},"tablet":{"background-color":"","background-image":"","background-repeat":"repeat","background-position":"center center","background-size":"auto","background-attachment":"scroll","background-type":"","background-media":"","overlay-type":"","overlay-color":"","overlay-opacity":"","overlay-gradient":""},"mobile":{"background-color":"","background-image":"","background-repeat":"repeat","background-position":"center center","background-size":"auto","background-attachment":"scroll","background-type":"","background-media":"","overlay-type":"","overlay-color":"","overlay-opacity":"","overlay-gradient":""}},"ast-content-background-meta":{"desktop":{"background-color":"var(--ast-global-color-5)","background-image":"","background-repeat":"repeat","background-position":"center center","background-size":"auto","background-attachment":"scroll","background-type":"","background-media":"","overlay-type":"","overlay-color":"","overlay-opacity":"","overlay-gradient":""},"tablet":{"background-color":"var(--ast-global-color-5)","background-image":"","background-repeat":"repeat","background-position":"center center","background-size":"auto","background-attachment":"scroll","background-type":"","background-media":"","overlay-type":"","overlay-color":"","overlay-opacity":"","overlay-gradient":""},"mobile":{"background-color":"var(--ast-global-color-5)","background-image":"","background-repeat":"repeat","background-position":"center center","background-size":"auto","background-attachment":"scroll","background-type":"","background-media":"","overlay-type":"","overlay-color":"","overlay-opacity":"","overlay-gradient":""}},"_selected_store_location":"","_selected_store_location_key":""},"product_brand":[],"product_cat":[248,201],"product_tag":[],"class_list":{"0":"post-12513","1":"product","2":"type-product","3":"status-publish","4":"has-post-thumbnail","6":"product_cat-tasses-de-portion","7":"product_cat-ustensiles-et-accessoires","8":"desktop-align-center","9":"tablet-align-center","10":"mobile-align-center","12":"first","13":"instock","14":"shipping-taxable","15":"purchasable","16":"product-type-simple"},"yoast_head":"<!-- This site is optimized with the Yoast SEO plugin v27.2 - https:\/\/yoast.com\/product\/yoast-seo-wordpress\/ -->\n<title>Coupelles De Service \u2013 Bagasse - Eco2bureau<\/title>\n<meta name=\"description\" content=\"Ces coupelles compactes sont fabriqu\u00e9es \u00e0 partir de bagasse, la fibre r\u00e9siduelle de la canne \u00e0 sucre, ce qui en fait une alternative \u00e9cologique et intelligente\" \/>\n<meta name=\"robots\" content=\"index, follow, max-snippet:-1, max-image-preview:large, max-video-preview:-1\" \/>\n<link rel=\"canonical\" href=\"https:\/\/www.eco2.ca\/fr\/product\/coupelles-de-service-bagasse\/\" \/>\n<meta property=\"og:locale\" content=\"fr_FR\" \/>\n<meta property=\"og:type\" content=\"article\" \/>\n<meta property=\"og:title\" content=\"Coupelles De Service \u2013 Bagasse - Eco2bureau\" \/>\n<meta property=\"og:description\" content=\"Ces coupelles compactes sont fabriqu\u00e9es \u00e0 partir de bagasse, la fibre r\u00e9siduelle de la canne \u00e0 sucre, ce qui en fait une alternative \u00e9cologique et intelligente\" \/>\n<meta property=\"og:url\" content=\"https:\/\/www.eco2.ca\/fr\/product\/coupelles-de-service-bagasse\/\" \/>\n<meta property=\"og:site_name\" content=\"Eco2bureau\" \/>\n<meta property=\"article:modified_time\" content=\"2025-06-30T14:25:06+00:00\" \/>\n<meta property=\"og:image\" content=\"https:\/\/www.eco2.ca\/wp-content\/uploads\/2025\/05\/EP-SSC2.png\" \/>\n\t<meta property=\"og:image:width\" content=\"1200\" \/>\n\t<meta property=\"og:image:height\" content=\"1200\" \/>\n\t<meta property=\"og:image:type\" content=\"image\/png\" \/>\n<meta name=\"twitter:card\" content=\"summary_large_image\" \/>\n<meta name=\"twitter:label1\" content=\"Dur\u00e9e de lecture estim\u00e9e\" \/>\n\t<meta name=\"twitter:data1\" content=\"1 minute\" \/>\n<script type=\"application\/ld+json\" class=\"yoast-schema-graph\">{\"@context\":\"https:\/\/schema.org\",\"@graph\":[{\"@type\":\"WebPage\",\"@id\":\"https:\/\/www.eco2.ca\/fr\/product\/coupelles-de-service-bagasse\/\",\"url\":\"https:\/\/www.eco2.ca\/fr\/product\/coupelles-de-service-bagasse\/\",\"name\":\"Coupelles De Service \u2013 Bagasse - Eco2bureau\",\"isPartOf\":{\"@id\":\"https:\/\/www.eco2.ca\/fr\/#website\"},\"primaryImageOfPage\":{\"@id\":\"https:\/\/www.eco2.ca\/fr\/product\/coupelles-de-service-bagasse\/#primaryimage\"},\"image\":{\"@id\":\"https:\/\/www.eco2.ca\/fr\/product\/coupelles-de-service-bagasse\/#primaryimage\"},\"thumbnailUrl\":\"https:\/\/www.eco2.ca\/wp-content\/uploads\/2025\/05\/EP-SSC2.png\",\"datePublished\":\"2025-06-19T11:52:06+00:00\",\"dateModified\":\"2025-06-30T14:25:06+00:00\",\"description\":\"Ces coupelles compactes sont fabriqu\u00e9es \u00e0 partir de bagasse, la fibre r\u00e9siduelle de la canne \u00e0 sucre, ce qui en fait une alternative \u00e9cologique et intelligente\",\"breadcrumb\":{\"@id\":\"https:\/\/www.eco2.ca\/fr\/product\/coupelles-de-service-bagasse\/#breadcrumb\"},\"inLanguage\":\"fr-FR\",\"potentialAction\":[{\"@type\":\"ReadAction\",\"target\":[\"https:\/\/www.eco2.ca\/fr\/product\/coupelles-de-service-bagasse\/\"]}]},{\"@type\":\"ImageObject\",\"inLanguage\":\"fr-FR\",\"@id\":\"https:\/\/www.eco2.ca\/fr\/product\/coupelles-de-service-bagasse\/#primaryimage\",\"url\":\"https:\/\/www.eco2.ca\/wp-content\/uploads\/2025\/05\/EP-SSC2.png\",\"contentUrl\":\"https:\/\/www.eco2.ca\/wp-content\/uploads\/2025\/05\/EP-SSC2.png\",\"width\":1200,\"height\":1200,\"caption\":\"Portion Cups\"},{\"@type\":\"BreadcrumbList\",\"@id\":\"https:\/\/www.eco2.ca\/fr\/product\/coupelles-de-service-bagasse\/#breadcrumb\",\"itemListElement\":[{\"@type\":\"ListItem\",\"position\":1,\"name\":\"Home\",\"item\":\"https:\/\/www.eco2.ca\/fr\/\"},{\"@type\":\"ListItem\",\"position\":2,\"name\":\"Boutique\",\"item\":\"https:\/\/www.eco2.ca\/fr\/boutique\/\"},{\"@type\":\"ListItem\",\"position\":3,\"name\":\"Coupelles De Service \u2013 Bagasse\"}]},{\"@type\":\"WebSite\",\"@id\":\"https:\/\/www.eco2.ca\/fr\/#website\",\"url\":\"https:\/\/www.eco2.ca\/fr\/\",\"name\":\"Eco2bureau\",\"description\":\"\",\"publisher\":{\"@id\":\"https:\/\/www.eco2.ca\/fr\/#organization\"},\"potentialAction\":[{\"@type\":\"SearchAction\",\"target\":{\"@type\":\"EntryPoint\",\"urlTemplate\":\"https:\/\/www.eco2.ca\/fr\/?s={search_term_string}\"},\"query-input\":{\"@type\":\"PropertyValueSpecification\",\"valueRequired\":true,\"valueName\":\"search_term_string\"}}],\"inLanguage\":\"fr-FR\"},{\"@type\":\"Organization\",\"@id\":\"https:\/\/www.eco2.ca\/fr\/#organization\",\"name\":\"Eco2bureau\",\"url\":\"https:\/\/www.eco2.ca\/fr\/\",\"logo\":{\"@type\":\"ImageObject\",\"inLanguage\":\"fr-FR\",\"@id\":\"https:\/\/www.eco2.ca\/fr\/#\/schema\/logo\/image\/\",\"url\":\"https:\/\/www.eco2.ca\/wp-content\/uploads\/2025\/04\/cropped-cropped-Add-a-subheading-3.png\",\"contentUrl\":\"https:\/\/www.eco2.ca\/wp-content\/uploads\/2025\/04\/cropped-cropped-Add-a-subheading-3.png\",\"width\":469,\"height\":109,\"caption\":\"Eco2bureau\"},\"image\":{\"@id\":\"https:\/\/www.eco2.ca\/fr\/#\/schema\/logo\/image\/\"}}]}<\/script>\n<!-- \/ Yoast SEO plugin. -->","yoast_head_json":{"title":"Coupelles De Service \u2013 Bagasse - Eco2bureau","description":"Ces coupelles compactes sont fabriqu\u00e9es \u00e0 partir de bagasse, la fibre r\u00e9siduelle de la canne \u00e0 sucre, ce qui en fait une alternative \u00e9cologique et intelligente","robots":{"index":"index","follow":"follow","max-snippet":"max-snippet:-1","max-image-preview":"max-image-preview:large","max-video-preview":"max-video-preview:-1"},"canonical":"https:\/\/www.eco2.ca\/fr\/product\/coupelles-de-service-bagasse\/","og_locale":"fr_FR","og_type":"article","og_title":"Coupelles De Service \u2013 Bagasse - Eco2bureau","og_description":"Ces coupelles compactes sont fabriqu\u00e9es \u00e0 partir de bagasse, la fibre r\u00e9siduelle de la canne \u00e0 sucre, ce qui en fait une alternative \u00e9cologique et intelligente","og_url":"https:\/\/www.eco2.ca\/fr\/product\/coupelles-de-service-bagasse\/","og_site_name":"Eco2bureau","article_modified_time":"2025-06-30T14:25:06+00:00","og_image":[{"width":1200,"height":1200,"url":"https:\/\/www.eco2.ca\/wp-content\/uploads\/2025\/05\/EP-SSC2.png","type":"image\/png"}],"twitter_card":"summary_large_image","twitter_misc":{"Dur\u00e9e de lecture estim\u00e9e":"1 minute"},"schema":{"@context":"https:\/\/schema.org","@graph":[{"@type":"WebPage","@id":"https:\/\/www.eco2.ca\/fr\/product\/coupelles-de-service-bagasse\/","url":"https:\/\/www.eco2.ca\/fr\/product\/coupelles-de-service-bagasse\/","name":"Coupelles De Service \u2013 Bagasse - Eco2bureau","isPartOf":{"@id":"https:\/\/www.eco2.ca\/fr\/#website"},"primaryImageOfPage":{"@id":"https:\/\/www.eco2.ca\/fr\/product\/coupelles-de-service-bagasse\/#primaryimage"},"image":{"@id":"https:\/\/www.eco2.ca\/fr\/product\/coupelles-de-service-bagasse\/#primaryimage"},"thumbnailUrl":"https:\/\/www.eco2.ca\/wp-content\/uploads\/2025\/05\/EP-SSC2.png","datePublished":"2025-06-19T11:52:06+00:00","dateModified":"2025-06-30T14:25:06+00:00","description":"Ces coupelles compactes sont fabriqu\u00e9es \u00e0 partir de bagasse, la fibre r\u00e9siduelle de la canne \u00e0 sucre, ce qui en fait une alternative \u00e9cologique et intelligente","breadcrumb":{"@id":"https:\/\/www.eco2.ca\/fr\/product\/coupelles-de-service-bagasse\/#breadcrumb"},"inLanguage":"fr-FR","potentialAction":[{"@type":"ReadAction","target":["https:\/\/www.eco2.ca\/fr\/product\/coupelles-de-service-bagasse\/"]}]},{"@type":"ImageObject","inLanguage":"fr-FR","@id":"https:\/\/www.eco2.ca\/fr\/product\/coupelles-de-service-bagasse\/#primaryimage","url":"https:\/\/www.eco2.ca\/wp-content\/uploads\/2025\/05\/EP-SSC2.png","contentUrl":"https:\/\/www.eco2.ca\/wp-content\/uploads\/2025\/05\/EP-SSC2.png","width":1200,"height":1200,"caption":"Portion Cups"},{"@type":"BreadcrumbList","@id":"https:\/\/www.eco2.ca\/fr\/product\/coupelles-de-service-bagasse\/#breadcrumb","itemListElement":[{"@type":"ListItem","position":1,"name":"Home","item":"https:\/\/www.eco2.ca\/fr\/"},{"@type":"ListItem","position":2,"name":"Boutique","item":"https:\/\/www.eco2.ca\/fr\/boutique\/"},{"@type":"ListItem","position":3,"name":"Coupelles De Service \u2013 Bagasse"}]},{"@type":"WebSite","@id":"https:\/\/www.eco2.ca\/fr\/#website","url":"https:\/\/www.eco2.ca\/fr\/","name":"Eco2bureau","description":"","publisher":{"@id":"https:\/\/www.eco2.ca\/fr\/#organization"},"potentialAction":[{"@type":"SearchAction","target":{"@type":"EntryPoint","urlTemplate":"https:\/\/www.eco2.ca\/fr\/?s={search_term_string}"},"query-input":{"@type":"PropertyValueSpecification","valueRequired":true,"valueName":"search_term_string"}}],"inLanguage":"fr-FR"},{"@type":"Organization","@id":"https:\/\/www.eco2.ca\/fr\/#organization","name":"Eco2bureau","url":"https:\/\/www.eco2.ca\/fr\/","logo":{"@type":"ImageObject","inLanguage":"fr-FR","@id":"https:\/\/www.eco2.ca\/fr\/#\/schema\/logo\/image\/","url":"https:\/\/www.eco2.ca\/wp-content\/uploads\/2025\/04\/cropped-cropped-Add-a-subheading-3.png","contentUrl":"https:\/\/www.eco2.ca\/wp-content\/uploads\/2025\/04\/cropped-cropped-Add-a-subheading-3.png","width":469,"height":109,"caption":"Eco2bureau"},"image":{"@id":"https:\/\/www.eco2.ca\/fr\/#\/schema\/logo\/image\/"}}]}},"uagb_featured_image_src":{"full":["https:\/\/www.eco2.ca\/wp-content\/uploads\/2025\/05\/EP-SSC2.png",1200,1200,false],"thumbnail":["https:\/\/www.eco2.ca\/wp-content\/uploads\/2025\/05\/EP-SSC2-150x150.png",150,150,true],"medium":["https:\/\/www.eco2.ca\/wp-content\/uploads\/2025\/05\/EP-SSC2-300x300.png",300,300,true],"medium_large":["https:\/\/www.eco2.ca\/wp-content\/uploads\/2025\/05\/EP-SSC2-768x768.png",768,768,true],"large":["https:\/\/www.eco2.ca\/wp-content\/uploads\/2025\/05\/EP-SSC2-1024x1024.png",1024,1024,true],"1536x1536":["https:\/\/www.eco2.ca\/wp-content\/uploads\/2025\/05\/EP-SSC2.png",1200,1200,false],"2048x2048":["https:\/\/www.eco2.ca\/wp-content\/uploads\/2025\/05\/EP-SSC2.png",1200,1200,false],"wishsuite-image":["https:\/\/www.eco2.ca\/wp-content\/uploads\/2025\/05\/EP-SSC2.png",80,80,false],"woocommerce_thumbnail":["https:\/\/www.eco2.ca\/wp-content\/uploads\/2025\/05\/EP-SSC2-300x300.png",300,300,true],"woocommerce_single":["https:\/\/www.eco2.ca\/wp-content\/uploads\/2025\/05\/EP-SSC2-600x600.png",600,600,true],"woocommerce_gallery_thumbnail":["https:\/\/www.eco2.ca\/wp-content\/uploads\/2025\/05\/EP-SSC2-100x100.png",100,100,true]},"uagb_author_info":{"display_name":"Mary ..","author_link":"https:\/\/www.eco2.ca\/fr\/author\/"},"uagb_comment_info":0,"uagb_excerpt":"Ces coupelles compactes sont fabriqu\u00e9es \u00e0 partir de bagasse, la fibre r\u00e9siduelle de la canne \u00e0 sucre, ce qui en fait une alternative \u00e9cologique et intelligente au plastique.","_links":{"self":[{"href":"https:\/\/www.eco2.ca\/fr\/wp-json\/wp\/v2\/product\/12513","targetHints":{"allow":["GET"]}}],"collection":[{"href":"https:\/\/www.eco2.ca\/fr\/wp-json\/wp\/v2\/product"}],"about":[{"href":"https:\/\/www.eco2.ca\/fr\/wp-json\/wp\/v2\/types\/product"}],"wp:featuredmedia":[{"embeddable":true,"href":"https:\/\/www.eco2.ca\/fr\/wp-json\/wp\/v2\/media\/10807"}],"wp:attachment":[{"href":"https:\/\/www.eco2.ca\/fr\/wp-json\/wp\/v2\/media?parent=12513"}],"wp:term":[{"taxonomy":"product_brand","embeddable":true,"href":"https:\/\/www.eco2.ca\/fr\/wp-json\/wp\/v2\/product_brand?post=12513"},{"taxonomy":"product_cat","embeddable":true,"href":"https:\/\/www.eco2.ca\/fr\/wp-json\/wp\/v2\/product_cat?post=12513"},{"taxonomy":"product_tag","embeddable":true,"href":"https:\/\/www.eco2.ca\/fr\/wp-json\/wp\/v2\/product_tag?post=12513"}],"curies":[{"name":"wp","href":"https:\/\/api.w.org\/{rel}","templated":true}]}}