{"id":12518,"date":"2025-06-19T13:33:05","date_gmt":"2025-06-19T13:33:05","guid":{"rendered":"https:\/\/www.eco2.ca\/product\/portion-cups-paper\/"},"modified":"2025-06-30T14:21:00","modified_gmt":"2025-06-30T14:21:00","slug":"gobelets-a-portions-papier","status":"publish","type":"product","link":"https:\/\/www.eco2.ca\/fr\/product\/gobelets-a-portions-papier\/","title":{"rendered":"Gobelets A Portions \u2013 Papier"},"content":{"rendered":"<h2>Gobelets \u00e0 Portions \u2013 Papier : Durables et Compostables<\/h2>\n<p>Nos gobelets apportent une solution \u00e9co-responsable, con\u00e7ue pour valoriser votre offre alimentaire sans compromettre la performance. Id\u00e9aux pour condiments, sauces et portions pr\u00e9cises, ils s&rsquo;adaptent \u00e0 toutes temp\u00e9ratures.<\/p>\n<h3>Caract\u00e9ristiques Principales<\/h3>\n<ul>\n<li><strong>Mat\u00e9riau \u00e9co-responsable :<\/strong> Fabriqu\u00e9s \u00e0 partir de papier renouvelable, biod\u00e9gradables et compostables.<\/li>\n<li><strong>Conception durable :<\/strong> Maintiennent leur int\u00e9grit\u00e9 pour pr\u00e9venir fuites et d\u00e9versements.<\/li>\n<li><strong>Utilisation polyvalente :<\/strong> Parfaits pour \u00e9chantillons, condiments et repas.<\/li>\n<li><strong>Hygi\u00e9niques et jetables :<\/strong> Usage unique pour simplifier le nettoyage et am\u00e9liorer l&rsquo;efficacit\u00e9.<\/li>\n<li><strong>Optimis\u00e9s pour l&rsquo;efficacit\u00e9 :<\/strong> Dimensions id\u00e9ales pour standardiser les portions et r\u00e9duire le gaspillage.<\/li>\n<\/ul>\n<p>Rehaussez vos services alimentaires avec ces gobelets pratiques et \u00e9cologiques, alliant durabilit\u00e9 et performance \u00e0 chaque utilisation.<\/p>\n","protected":false},"excerpt":{"rendered":"<p>Papier cir\u00e9 \u00e9cologique \u2014 id\u00e9al pour les d\u00e9gustations et condiments. Enti\u00e8rement compostable et respectueux de la plan\u00e8te.<\/p>\n","protected":false},"featured_media":10817,"template":"","meta":{"_eb_attr":"","_uag_custom_page_level_css":"","site-sidebar-layout":"default","site-content-layout":"","ast-site-content-layout":"default","site-content-style":"default","site-sidebar-style":"default","ast-global-header-display":"","ast-banner-title-visibility":"","ast-main-header-display":"","ast-hfb-above-header-display":"","ast-hfb-below-header-display":"","ast-hfb-mobile-header-display":"","site-post-title":"","ast-breadcrumbs-content":"","ast-featured-img":"","footer-sml-layout":"","ast-disable-related-posts":"","theme-transparent-header-meta":"default","adv-header-id-meta":"","stick-header-meta":"","header-above-stick-meta":"","header-main-stick-meta":"","header-below-stick-meta":"","astra-migrate-meta-layouts":"set","ast-page-background-enabled":"default","ast-page-background-meta":{"desktop":{"background-color":"","background-image":"","background-repeat":"repeat","background-position":"center center","background-size":"auto","background-attachment":"scroll","background-type":"","background-media":"","overlay-type":"","overlay-color":"","overlay-opacity":"","overlay-gradient":""},"tablet":{"background-color":"","background-image":"","background-repeat":"repeat","background-position":"center center","background-size":"auto","background-attachment":"scroll","background-type":"","background-media":"","overlay-type":"","overlay-color":"","overlay-opacity":"","overlay-gradient":""},"mobile":{"background-color":"","background-image":"","background-repeat":"repeat","background-position":"center center","background-size":"auto","background-attachment":"scroll","background-type":"","background-media":"","overlay-type":"","overlay-color":"","overlay-opacity":"","overlay-gradient":""}},"ast-content-background-meta":{"desktop":{"background-color":"var(--ast-global-color-5)","background-image":"","background-repeat":"repeat","background-position":"center center","background-size":"auto","background-attachment":"scroll","background-type":"","background-media":"","overlay-type":"","overlay-color":"","overlay-opacity":"","overlay-gradient":""},"tablet":{"background-color":"var(--ast-global-color-5)","background-image":"","background-repeat":"repeat","background-position":"center center","background-size":"auto","background-attachment":"scroll","background-type":"","background-media":"","overlay-type":"","overlay-color":"","overlay-opacity":"","overlay-gradient":""},"mobile":{"background-color":"var(--ast-global-color-5)","background-image":"","background-repeat":"repeat","background-position":"center center","background-size":"auto","background-attachment":"scroll","background-type":"","background-media":"","overlay-type":"","overlay-color":"","overlay-opacity":"","overlay-gradient":""}},"_selected_store_location":"","_selected_store_location_key":""},"product_brand":[],"product_cat":[248,201],"product_tag":[],"class_list":{"0":"post-12518","1":"product","2":"type-product","3":"status-publish","4":"has-post-thumbnail","6":"product_cat-tasses-de-portion","7":"product_cat-ustensiles-et-accessoires","8":"wcmi-has-gallery","9":"desktop-align-center","10":"tablet-align-center","11":"mobile-align-center","13":"first","14":"instock","15":"shipping-taxable","16":"purchasable","17":"product-type-simple"},"yoast_head":"<!-- This site is optimized with the Yoast SEO plugin v27.2 - https:\/\/yoast.com\/product\/yoast-seo-wordpress\/ -->\n<title>Gobelets A Portions \u2013 Papier - Eco2bureau<\/title>\n<meta name=\"description\" content=\"Nos gobelets \u00e0 portions en papier incarnent la commodit\u00e9 \u00e9cologique par excellence, con\u00e7us pour des entreprises et \u00e9v\u00e9nements valorisant la durabilit\u00e9\" \/>\n<meta name=\"robots\" content=\"index, follow, max-snippet:-1, max-image-preview:large, max-video-preview:-1\" \/>\n<link rel=\"canonical\" href=\"https:\/\/www.eco2.ca\/fr\/product\/gobelets-a-portions-papier\/\" \/>\n<meta property=\"og:locale\" content=\"fr_FR\" \/>\n<meta property=\"og:type\" content=\"article\" \/>\n<meta property=\"og:title\" content=\"Gobelets A Portions \u2013 Papier - Eco2bureau\" \/>\n<meta property=\"og:description\" content=\"Nos gobelets \u00e0 portions en papier incarnent la commodit\u00e9 \u00e9cologique par excellence, con\u00e7us pour des entreprises et \u00e9v\u00e9nements valorisant la durabilit\u00e9\" \/>\n<meta property=\"og:url\" content=\"https:\/\/www.eco2.ca\/fr\/product\/gobelets-a-portions-papier\/\" \/>\n<meta property=\"og:site_name\" content=\"Eco2bureau\" \/>\n<meta property=\"article:modified_time\" content=\"2025-06-30T14:21:00+00:00\" \/>\n<meta property=\"og:image\" content=\"https:\/\/www.eco2.ca\/wp-content\/uploads\/2025\/05\/1-halfoz.jpg\" \/>\n\t<meta property=\"og:image:width\" content=\"1200\" \/>\n\t<meta property=\"og:image:height\" content=\"1200\" \/>\n\t<meta property=\"og:image:type\" content=\"image\/jpeg\" \/>\n<meta name=\"twitter:card\" content=\"summary_large_image\" \/>\n<meta name=\"twitter:label1\" content=\"Dur\u00e9e de lecture estim\u00e9e\" \/>\n\t<meta name=\"twitter:data1\" content=\"1 minute\" \/>\n<script type=\"application\/ld+json\" class=\"yoast-schema-graph\">{\"@context\":\"https:\/\/schema.org\",\"@graph\":[{\"@type\":\"WebPage\",\"@id\":\"https:\/\/www.eco2.ca\/fr\/product\/gobelets-a-portions-papier\/\",\"url\":\"https:\/\/www.eco2.ca\/fr\/product\/gobelets-a-portions-papier\/\",\"name\":\"Gobelets A Portions \u2013 Papier - Eco2bureau\",\"isPartOf\":{\"@id\":\"https:\/\/www.eco2.ca\/fr\/#website\"},\"primaryImageOfPage\":{\"@id\":\"https:\/\/www.eco2.ca\/fr\/product\/gobelets-a-portions-papier\/#primaryimage\"},\"image\":{\"@id\":\"https:\/\/www.eco2.ca\/fr\/product\/gobelets-a-portions-papier\/#primaryimage\"},\"thumbnailUrl\":\"https:\/\/www.eco2.ca\/wp-content\/uploads\/2025\/05\/1-halfoz.jpg\",\"datePublished\":\"2025-06-19T13:33:05+00:00\",\"dateModified\":\"2025-06-30T14:21:00+00:00\",\"description\":\"Nos gobelets \u00e0 portions en papier incarnent la commodit\u00e9 \u00e9cologique par excellence, con\u00e7us pour des entreprises et \u00e9v\u00e9nements valorisant la durabilit\u00e9\",\"breadcrumb\":{\"@id\":\"https:\/\/www.eco2.ca\/fr\/product\/gobelets-a-portions-papier\/#breadcrumb\"},\"inLanguage\":\"fr-FR\",\"potentialAction\":[{\"@type\":\"ReadAction\",\"target\":[\"https:\/\/www.eco2.ca\/fr\/product\/gobelets-a-portions-papier\/\"]}]},{\"@type\":\"ImageObject\",\"inLanguage\":\"fr-FR\",\"@id\":\"https:\/\/www.eco2.ca\/fr\/product\/gobelets-a-portions-papier\/#primaryimage\",\"url\":\"https:\/\/www.eco2.ca\/wp-content\/uploads\/2025\/05\/1-halfoz.jpg\",\"contentUrl\":\"https:\/\/www.eco2.ca\/wp-content\/uploads\/2025\/05\/1-halfoz.jpg\",\"width\":1200,\"height\":1200,\"caption\":\"Portion Cups\"},{\"@type\":\"BreadcrumbList\",\"@id\":\"https:\/\/www.eco2.ca\/fr\/product\/gobelets-a-portions-papier\/#breadcrumb\",\"itemListElement\":[{\"@type\":\"ListItem\",\"position\":1,\"name\":\"Home\",\"item\":\"https:\/\/www.eco2.ca\/fr\/\"},{\"@type\":\"ListItem\",\"position\":2,\"name\":\"Boutique\",\"item\":\"https:\/\/www.eco2.ca\/fr\/boutique\/\"},{\"@type\":\"ListItem\",\"position\":3,\"name\":\"Gobelets A Portions \u2013 Papier\"}]},{\"@type\":\"WebSite\",\"@id\":\"https:\/\/www.eco2.ca\/fr\/#website\",\"url\":\"https:\/\/www.eco2.ca\/fr\/\",\"name\":\"Eco2bureau\",\"description\":\"\",\"publisher\":{\"@id\":\"https:\/\/www.eco2.ca\/fr\/#organization\"},\"potentialAction\":[{\"@type\":\"SearchAction\",\"target\":{\"@type\":\"EntryPoint\",\"urlTemplate\":\"https:\/\/www.eco2.ca\/fr\/?s={search_term_string}\"},\"query-input\":{\"@type\":\"PropertyValueSpecification\",\"valueRequired\":true,\"valueName\":\"search_term_string\"}}],\"inLanguage\":\"fr-FR\"},{\"@type\":\"Organization\",\"@id\":\"https:\/\/www.eco2.ca\/fr\/#organization\",\"name\":\"Eco2bureau\",\"url\":\"https:\/\/www.eco2.ca\/fr\/\",\"logo\":{\"@type\":\"ImageObject\",\"inLanguage\":\"fr-FR\",\"@id\":\"https:\/\/www.eco2.ca\/fr\/#\/schema\/logo\/image\/\",\"url\":\"https:\/\/www.eco2.ca\/wp-content\/uploads\/2025\/04\/cropped-cropped-Add-a-subheading-3.png\",\"contentUrl\":\"https:\/\/www.eco2.ca\/wp-content\/uploads\/2025\/04\/cropped-cropped-Add-a-subheading-3.png\",\"width\":469,\"height\":109,\"caption\":\"Eco2bureau\"},\"image\":{\"@id\":\"https:\/\/www.eco2.ca\/fr\/#\/schema\/logo\/image\/\"}}]}<\/script>\n<!-- \/ Yoast SEO plugin. -->","yoast_head_json":{"title":"Gobelets A Portions \u2013 Papier - Eco2bureau","description":"Nos gobelets \u00e0 portions en papier incarnent la commodit\u00e9 \u00e9cologique par excellence, con\u00e7us pour des entreprises et \u00e9v\u00e9nements valorisant la durabilit\u00e9","robots":{"index":"index","follow":"follow","max-snippet":"max-snippet:-1","max-image-preview":"max-image-preview:large","max-video-preview":"max-video-preview:-1"},"canonical":"https:\/\/www.eco2.ca\/fr\/product\/gobelets-a-portions-papier\/","og_locale":"fr_FR","og_type":"article","og_title":"Gobelets A Portions \u2013 Papier - Eco2bureau","og_description":"Nos gobelets \u00e0 portions en papier incarnent la commodit\u00e9 \u00e9cologique par excellence, con\u00e7us pour des entreprises et \u00e9v\u00e9nements valorisant la durabilit\u00e9","og_url":"https:\/\/www.eco2.ca\/fr\/product\/gobelets-a-portions-papier\/","og_site_name":"Eco2bureau","article_modified_time":"2025-06-30T14:21:00+00:00","og_image":[{"width":1200,"height":1200,"url":"https:\/\/www.eco2.ca\/wp-content\/uploads\/2025\/05\/1-halfoz.jpg","type":"image\/jpeg"}],"twitter_card":"summary_large_image","twitter_misc":{"Dur\u00e9e de lecture estim\u00e9e":"1 minute"},"schema":{"@context":"https:\/\/schema.org","@graph":[{"@type":"WebPage","@id":"https:\/\/www.eco2.ca\/fr\/product\/gobelets-a-portions-papier\/","url":"https:\/\/www.eco2.ca\/fr\/product\/gobelets-a-portions-papier\/","name":"Gobelets A Portions \u2013 Papier - Eco2bureau","isPartOf":{"@id":"https:\/\/www.eco2.ca\/fr\/#website"},"primaryImageOfPage":{"@id":"https:\/\/www.eco2.ca\/fr\/product\/gobelets-a-portions-papier\/#primaryimage"},"image":{"@id":"https:\/\/www.eco2.ca\/fr\/product\/gobelets-a-portions-papier\/#primaryimage"},"thumbnailUrl":"https:\/\/www.eco2.ca\/wp-content\/uploads\/2025\/05\/1-halfoz.jpg","datePublished":"2025-06-19T13:33:05+00:00","dateModified":"2025-06-30T14:21:00+00:00","description":"Nos gobelets \u00e0 portions en papier incarnent la commodit\u00e9 \u00e9cologique par excellence, con\u00e7us pour des entreprises et \u00e9v\u00e9nements valorisant la durabilit\u00e9","breadcrumb":{"@id":"https:\/\/www.eco2.ca\/fr\/product\/gobelets-a-portions-papier\/#breadcrumb"},"inLanguage":"fr-FR","potentialAction":[{"@type":"ReadAction","target":["https:\/\/www.eco2.ca\/fr\/product\/gobelets-a-portions-papier\/"]}]},{"@type":"ImageObject","inLanguage":"fr-FR","@id":"https:\/\/www.eco2.ca\/fr\/product\/gobelets-a-portions-papier\/#primaryimage","url":"https:\/\/www.eco2.ca\/wp-content\/uploads\/2025\/05\/1-halfoz.jpg","contentUrl":"https:\/\/www.eco2.ca\/wp-content\/uploads\/2025\/05\/1-halfoz.jpg","width":1200,"height":1200,"caption":"Portion Cups"},{"@type":"BreadcrumbList","@id":"https:\/\/www.eco2.ca\/fr\/product\/gobelets-a-portions-papier\/#breadcrumb","itemListElement":[{"@type":"ListItem","position":1,"name":"Home","item":"https:\/\/www.eco2.ca\/fr\/"},{"@type":"ListItem","position":2,"name":"Boutique","item":"https:\/\/www.eco2.ca\/fr\/boutique\/"},{"@type":"ListItem","position":3,"name":"Gobelets A Portions \u2013 Papier"}]},{"@type":"WebSite","@id":"https:\/\/www.eco2.ca\/fr\/#website","url":"https:\/\/www.eco2.ca\/fr\/","name":"Eco2bureau","description":"","publisher":{"@id":"https:\/\/www.eco2.ca\/fr\/#organization"},"potentialAction":[{"@type":"SearchAction","target":{"@type":"EntryPoint","urlTemplate":"https:\/\/www.eco2.ca\/fr\/?s={search_term_string}"},"query-input":{"@type":"PropertyValueSpecification","valueRequired":true,"valueName":"search_term_string"}}],"inLanguage":"fr-FR"},{"@type":"Organization","@id":"https:\/\/www.eco2.ca\/fr\/#organization","name":"Eco2bureau","url":"https:\/\/www.eco2.ca\/fr\/","logo":{"@type":"ImageObject","inLanguage":"fr-FR","@id":"https:\/\/www.eco2.ca\/fr\/#\/schema\/logo\/image\/","url":"https:\/\/www.eco2.ca\/wp-content\/uploads\/2025\/04\/cropped-cropped-Add-a-subheading-3.png","contentUrl":"https:\/\/www.eco2.ca\/wp-content\/uploads\/2025\/04\/cropped-cropped-Add-a-subheading-3.png","width":469,"height":109,"caption":"Eco2bureau"},"image":{"@id":"https:\/\/www.eco2.ca\/fr\/#\/schema\/logo\/image\/"}}]}},"uagb_featured_image_src":{"full":["https:\/\/www.eco2.ca\/wp-content\/uploads\/2025\/05\/1-halfoz.jpg",1200,1200,false],"thumbnail":["https:\/\/www.eco2.ca\/wp-content\/uploads\/2025\/05\/1-halfoz-150x150.jpg",150,150,true],"medium":["https:\/\/www.eco2.ca\/wp-content\/uploads\/2025\/05\/1-halfoz-300x300.jpg",300,300,true],"medium_large":["https:\/\/www.eco2.ca\/wp-content\/uploads\/2025\/05\/1-halfoz-768x768.jpg",768,768,true],"large":["https:\/\/www.eco2.ca\/wp-content\/uploads\/2025\/05\/1-halfoz-1024x1024.jpg",1024,1024,true],"1536x1536":["https:\/\/www.eco2.ca\/wp-content\/uploads\/2025\/05\/1-halfoz.jpg",1200,1200,false],"2048x2048":["https:\/\/www.eco2.ca\/wp-content\/uploads\/2025\/05\/1-halfoz.jpg",1200,1200,false],"wishsuite-image":["https:\/\/www.eco2.ca\/wp-content\/uploads\/2025\/05\/1-halfoz.jpg",80,80,false],"woocommerce_thumbnail":["https:\/\/www.eco2.ca\/wp-content\/uploads\/2025\/05\/1-halfoz-300x300.jpg",300,300,true],"woocommerce_single":["https:\/\/www.eco2.ca\/wp-content\/uploads\/2025\/05\/1-halfoz-600x600.jpg",600,600,true],"woocommerce_gallery_thumbnail":["https:\/\/www.eco2.ca\/wp-content\/uploads\/2025\/05\/1-halfoz-100x100.jpg",100,100,true]},"uagb_author_info":{"display_name":"Mary ..","author_link":"https:\/\/www.eco2.ca\/fr\/author\/"},"uagb_comment_info":0,"uagb_excerpt":"Papier cir\u00e9 \u00e9cologique \u2014 id\u00e9al pour les d\u00e9gustations et condiments. Enti\u00e8rement compostable et respectueux de la plan\u00e8te.","_links":{"self":[{"href":"https:\/\/www.eco2.ca\/fr\/wp-json\/wp\/v2\/product\/12518","targetHints":{"allow":["GET"]}}],"collection":[{"href":"https:\/\/www.eco2.ca\/fr\/wp-json\/wp\/v2\/product"}],"about":[{"href":"https:\/\/www.eco2.ca\/fr\/wp-json\/wp\/v2\/types\/product"}],"wp:featuredmedia":[{"embeddable":true,"href":"https:\/\/www.eco2.ca\/fr\/wp-json\/wp\/v2\/media\/10817"}],"wp:attachment":[{"href":"https:\/\/www.eco2.ca\/fr\/wp-json\/wp\/v2\/media?parent=12518"}],"wp:term":[{"taxonomy":"product_brand","embeddable":true,"href":"https:\/\/www.eco2.ca\/fr\/wp-json\/wp\/v2\/product_brand?post=12518"},{"taxonomy":"product_cat","embeddable":true,"href":"https:\/\/www.eco2.ca\/fr\/wp-json\/wp\/v2\/product_cat?post=12518"},{"taxonomy":"product_tag","embeddable":true,"href":"https:\/\/www.eco2.ca\/fr\/wp-json\/wp\/v2\/product_tag?post=12518"}],"curies":[{"name":"wp","href":"https:\/\/api.w.org\/{rel}","templated":true}]}}