{"id":12522,"date":"2025-06-19T14:07:18","date_gmt":"2025-06-19T14:07:18","guid":{"rendered":"https:\/\/www.eco2.ca\/product\/portion-cup-with-lids-bamboo\/"},"modified":"2025-06-30T14:07:01","modified_gmt":"2025-06-30T14:07:01","slug":"gobelet-portion-avec-couvercles-bambou","status":"publish","type":"product","link":"https:\/\/www.eco2.ca\/fr\/product\/gobelet-portion-avec-couvercles-bambou\/","title":{"rendered":"Gobelet Portion Avec Couvercles \u2013 Bambou"},"content":{"rendered":"<h2>Gobelet Portion Avec Couvercles \u2013 Bambou: Compostable<\/h2>\n<p>Offrez une touche d&rsquo;excellence \u00e0 votre service alimentaire avec notre gobelet portion avec couvercles, fabriqu\u00e9 en bambou durable et \u00e9cologique. Con\u00e7u avec un rev\u00eatement \u00e0 base d&rsquo;eau, ces gobelets conservent leur int\u00e9grit\u00e9 structurelle m\u00eame lorsqu&rsquo;ils sont utilis\u00e9s avec des sauces, assurant ainsi une pr\u00e9sentation nette et naturelle. Leur couleur authentique de bambou et leur construction compostable en font le choix id\u00e9al pour les entreprises soucieuses de l&rsquo;environnement.<\/p>\n<h3>Caract\u00e9ristiques:<\/h3>\n<ul>\n<li><strong>\u00c9cologiques et Compostables :<\/strong> Fabriqu\u00e9s enti\u00e8rement \u00e0 partir de bambou renouvelable, offrant une alternative durable aux mat\u00e9riaux conventionnels.<\/li>\n<li><strong>Rev\u00eatement \u00e0 Base d&rsquo;Eau :<\/strong> Aide \u00e0 pr\u00e9venir le ramollissement et garantit que vos sauces et autres aliments humides restent bien contenus.<\/li>\n<li><strong>Esth\u00e9tique Naturelle :<\/strong> Met en valeur la beaut\u00e9 organique du bambou avec sa couleur et sa texture naturelles.<\/li>\n<li><strong>Design Fonctionnel :<\/strong> Livr\u00e9s avec des couvercles s\u00e9curis\u00e9s qui am\u00e9liorent la commodit\u00e9 et pr\u00e9viennent les d\u00e9versements durant le transport.<\/li>\n<\/ul>\n<p>Associez fonctionnalit\u00e9 et responsabilit\u00e9 environnementale en optant pour notre gobelet portion avec couvercles \u2013 Bambou. Id\u00e9al pour les op\u00e9rations de service alimentaire modernes, ces gobelets allient performance exceptionnelle et engagement pour une plan\u00e8te plus verte.<\/p>\n","protected":false},"excerpt":{"rendered":"<p><strong>Gobelets portion compostables en bambou, \u00e9cologiques et r\u00e9sistants \u00e0 l\u2019humidit\u00e9<\/strong> gr\u00e2ce \u00e0 un rev\u00eatement \u00e0 base d\u2019eau\u00a0 parfaits pour les sauces. Leur couleur naturelle met en valeur une <strong>alternative renouvelable \u00e0 croissance rapide<\/strong> aux fibres de bois.<\/p>\n","protected":false},"featured_media":10809,"template":"","meta":{"_eb_attr":"","_uag_custom_page_level_css":"","site-sidebar-layout":"default","site-content-layout":"","ast-site-content-layout":"default","site-content-style":"default","site-sidebar-style":"default","ast-global-header-display":"","ast-banner-title-visibility":"","ast-main-header-display":"","ast-hfb-above-header-display":"","ast-hfb-below-header-display":"","ast-hfb-mobile-header-display":"","site-post-title":"","ast-breadcrumbs-content":"","ast-featured-img":"","footer-sml-layout":"","ast-disable-related-posts":"","theme-transparent-header-meta":"default","adv-header-id-meta":"","stick-header-meta":"","header-above-stick-meta":"","header-main-stick-meta":"","header-below-stick-meta":"","astra-migrate-meta-layouts":"set","ast-page-background-enabled":"default","ast-page-background-meta":{"desktop":{"background-color":"","background-image":"","background-repeat":"repeat","background-position":"center center","background-size":"auto","background-attachment":"scroll","background-type":"","background-media":"","overlay-type":"","overlay-color":"","overlay-opacity":"","overlay-gradient":""},"tablet":{"background-color":"","background-image":"","background-repeat":"repeat","background-position":"center center","background-size":"auto","background-attachment":"scroll","background-type":"","background-media":"","overlay-type":"","overlay-color":"","overlay-opacity":"","overlay-gradient":""},"mobile":{"background-color":"","background-image":"","background-repeat":"repeat","background-position":"center center","background-size":"auto","background-attachment":"scroll","background-type":"","background-media":"","overlay-type":"","overlay-color":"","overlay-opacity":"","overlay-gradient":""}},"ast-content-background-meta":{"desktop":{"background-color":"var(--ast-global-color-5)","background-image":"","background-repeat":"repeat","background-position":"center center","background-size":"auto","background-attachment":"scroll","background-type":"","background-media":"","overlay-type":"","overlay-color":"","overlay-opacity":"","overlay-gradient":""},"tablet":{"background-color":"var(--ast-global-color-5)","background-image":"","background-repeat":"repeat","background-position":"center center","background-size":"auto","background-attachment":"scroll","background-type":"","background-media":"","overlay-type":"","overlay-color":"","overlay-opacity":"","overlay-gradient":""},"mobile":{"background-color":"var(--ast-global-color-5)","background-image":"","background-repeat":"repeat","background-position":"center center","background-size":"auto","background-attachment":"scroll","background-type":"","background-media":"","overlay-type":"","overlay-color":"","overlay-opacity":"","overlay-gradient":""}},"_selected_store_location":"","_selected_store_location_key":""},"product_brand":[],"product_cat":[248,201],"product_tag":[],"class_list":{"0":"post-12522","1":"product","2":"type-product","3":"status-publish","4":"has-post-thumbnail","6":"product_cat-tasses-de-portion","7":"product_cat-ustensiles-et-accessoires","8":"wcmi-has-gallery","9":"desktop-align-center","10":"tablet-align-center","11":"mobile-align-center","13":"first","14":"instock","15":"shipping-taxable","16":"purchasable","17":"product-type-simple"},"yoast_head":"<!-- This site is optimized with the Yoast SEO plugin v27.5 - https:\/\/yoast.com\/product\/yoast-seo-wordpress\/ -->\n<title>Gobelet Portion Avec Couvercles \u2013 Bambou - Eco2bureau<\/title>\n<meta name=\"description\" content=\"Offrez une touche d&#039;excellence \u00e0 votre service alimentaire avec notre gobelet portion avec couvercles, fabriqu\u00e9 en bambou durable et \u00e9cologique.\" \/>\n<meta name=\"robots\" content=\"index, follow, max-snippet:-1, max-image-preview:large, max-video-preview:-1\" \/>\n<link rel=\"canonical\" href=\"https:\/\/www.eco2.ca\/fr\/product\/gobelet-portion-avec-couvercles-bambou\/\" \/>\n<meta property=\"og:locale\" content=\"fr_FR\" \/>\n<meta property=\"og:type\" content=\"article\" \/>\n<meta property=\"og:title\" content=\"Gobelet Portion Avec Couvercles \u2013 Bambou - Eco2bureau\" \/>\n<meta property=\"og:description\" content=\"Offrez une touche d&#039;excellence \u00e0 votre service alimentaire avec notre gobelet portion avec couvercles, fabriqu\u00e9 en bambou durable et \u00e9cologique.\" \/>\n<meta property=\"og:url\" content=\"https:\/\/www.eco2.ca\/fr\/product\/gobelet-portion-avec-couvercles-bambou\/\" \/>\n<meta property=\"og:site_name\" content=\"Eco2bureau\" \/>\n<meta property=\"article:modified_time\" content=\"2025-06-30T14:07:01+00:00\" \/>\n<meta property=\"og:image\" content=\"https:\/\/www.eco2.ca\/wp-content\/uploads\/2025\/05\/2oz-bamboo-PC.jpg\" \/>\n\t<meta property=\"og:image:width\" content=\"800\" \/>\n\t<meta property=\"og:image:height\" content=\"800\" \/>\n\t<meta property=\"og:image:type\" content=\"image\/jpeg\" \/>\n<meta name=\"twitter:card\" content=\"summary_large_image\" \/>\n<meta name=\"twitter:label1\" content=\"Dur\u00e9e de lecture estim\u00e9e\" \/>\n\t<meta name=\"twitter:data1\" content=\"1 minute\" \/>\n<script type=\"application\/ld+json\" class=\"yoast-schema-graph\">{\"@context\":\"https:\\\/\\\/schema.org\",\"@graph\":[{\"@type\":\"WebPage\",\"@id\":\"https:\\\/\\\/www.eco2.ca\\\/fr\\\/product\\\/gobelet-portion-avec-couvercles-bambou\\\/\",\"url\":\"https:\\\/\\\/www.eco2.ca\\\/fr\\\/product\\\/gobelet-portion-avec-couvercles-bambou\\\/\",\"name\":\"Gobelet Portion Avec Couvercles \u2013 Bambou - Eco2bureau\",\"isPartOf\":{\"@id\":\"https:\\\/\\\/www.eco2.ca\\\/fr\\\/#website\"},\"primaryImageOfPage\":{\"@id\":\"https:\\\/\\\/www.eco2.ca\\\/fr\\\/product\\\/gobelet-portion-avec-couvercles-bambou\\\/#primaryimage\"},\"image\":{\"@id\":\"https:\\\/\\\/www.eco2.ca\\\/fr\\\/product\\\/gobelet-portion-avec-couvercles-bambou\\\/#primaryimage\"},\"thumbnailUrl\":\"https:\\\/\\\/www.eco2.ca\\\/wp-content\\\/uploads\\\/2025\\\/05\\\/2oz-bamboo-PC.jpg\",\"datePublished\":\"2025-06-19T14:07:18+00:00\",\"dateModified\":\"2025-06-30T14:07:01+00:00\",\"description\":\"Offrez une touche d'excellence \u00e0 votre service alimentaire avec notre gobelet portion avec couvercles, fabriqu\u00e9 en bambou durable et \u00e9cologique.\",\"breadcrumb\":{\"@id\":\"https:\\\/\\\/www.eco2.ca\\\/fr\\\/product\\\/gobelet-portion-avec-couvercles-bambou\\\/#breadcrumb\"},\"inLanguage\":\"fr-FR\",\"potentialAction\":[{\"@type\":\"ReadAction\",\"target\":[\"https:\\\/\\\/www.eco2.ca\\\/fr\\\/product\\\/gobelet-portion-avec-couvercles-bambou\\\/\"]}]},{\"@type\":\"ImageObject\",\"inLanguage\":\"fr-FR\",\"@id\":\"https:\\\/\\\/www.eco2.ca\\\/fr\\\/product\\\/gobelet-portion-avec-couvercles-bambou\\\/#primaryimage\",\"url\":\"https:\\\/\\\/www.eco2.ca\\\/wp-content\\\/uploads\\\/2025\\\/05\\\/2oz-bamboo-PC.jpg\",\"contentUrl\":\"https:\\\/\\\/www.eco2.ca\\\/wp-content\\\/uploads\\\/2025\\\/05\\\/2oz-bamboo-PC.jpg\",\"width\":800,\"height\":800,\"caption\":\"Portion Cups\"},{\"@type\":\"BreadcrumbList\",\"@id\":\"https:\\\/\\\/www.eco2.ca\\\/fr\\\/product\\\/gobelet-portion-avec-couvercles-bambou\\\/#breadcrumb\",\"itemListElement\":[{\"@type\":\"ListItem\",\"position\":1,\"name\":\"Home\",\"item\":\"https:\\\/\\\/www.eco2.ca\\\/fr\\\/\"},{\"@type\":\"ListItem\",\"position\":2,\"name\":\"Boutique\",\"item\":\"https:\\\/\\\/www.eco2.ca\\\/fr\\\/boutique\\\/\"},{\"@type\":\"ListItem\",\"position\":3,\"name\":\"Gobelet Portion Avec Couvercles \u2013 Bambou\"}]},{\"@type\":\"WebSite\",\"@id\":\"https:\\\/\\\/www.eco2.ca\\\/fr\\\/#website\",\"url\":\"https:\\\/\\\/www.eco2.ca\\\/fr\\\/\",\"name\":\"Eco2bureau\",\"description\":\"\",\"publisher\":{\"@id\":\"https:\\\/\\\/www.eco2.ca\\\/fr\\\/#organization\"},\"potentialAction\":[{\"@type\":\"SearchAction\",\"target\":{\"@type\":\"EntryPoint\",\"urlTemplate\":\"https:\\\/\\\/www.eco2.ca\\\/fr\\\/?s={search_term_string}\"},\"query-input\":{\"@type\":\"PropertyValueSpecification\",\"valueRequired\":true,\"valueName\":\"search_term_string\"}}],\"inLanguage\":\"fr-FR\"},{\"@type\":\"Organization\",\"@id\":\"https:\\\/\\\/www.eco2.ca\\\/fr\\\/#organization\",\"name\":\"Eco2bureau\",\"url\":\"https:\\\/\\\/www.eco2.ca\\\/fr\\\/\",\"logo\":{\"@type\":\"ImageObject\",\"inLanguage\":\"fr-FR\",\"@id\":\"https:\\\/\\\/www.eco2.ca\\\/fr\\\/#\\\/schema\\\/logo\\\/image\\\/\",\"url\":\"https:\\\/\\\/www.eco2.ca\\\/wp-content\\\/uploads\\\/2025\\\/04\\\/cropped-cropped-Add-a-subheading-3.png\",\"contentUrl\":\"https:\\\/\\\/www.eco2.ca\\\/wp-content\\\/uploads\\\/2025\\\/04\\\/cropped-cropped-Add-a-subheading-3.png\",\"width\":469,\"height\":109,\"caption\":\"Eco2bureau\"},\"image\":{\"@id\":\"https:\\\/\\\/www.eco2.ca\\\/fr\\\/#\\\/schema\\\/logo\\\/image\\\/\"}}]}<\/script>\n<!-- \/ Yoast SEO plugin. -->","yoast_head_json":{"title":"Gobelet Portion Avec Couvercles \u2013 Bambou - Eco2bureau","description":"Offrez une touche d'excellence \u00e0 votre service alimentaire avec notre gobelet portion avec couvercles, fabriqu\u00e9 en bambou durable et \u00e9cologique.","robots":{"index":"index","follow":"follow","max-snippet":"max-snippet:-1","max-image-preview":"max-image-preview:large","max-video-preview":"max-video-preview:-1"},"canonical":"https:\/\/www.eco2.ca\/fr\/product\/gobelet-portion-avec-couvercles-bambou\/","og_locale":"fr_FR","og_type":"article","og_title":"Gobelet Portion Avec Couvercles \u2013 Bambou - Eco2bureau","og_description":"Offrez une touche d'excellence \u00e0 votre service alimentaire avec notre gobelet portion avec couvercles, fabriqu\u00e9 en bambou durable et \u00e9cologique.","og_url":"https:\/\/www.eco2.ca\/fr\/product\/gobelet-portion-avec-couvercles-bambou\/","og_site_name":"Eco2bureau","article_modified_time":"2025-06-30T14:07:01+00:00","og_image":[{"width":800,"height":800,"url":"https:\/\/www.eco2.ca\/wp-content\/uploads\/2025\/05\/2oz-bamboo-PC.jpg","type":"image\/jpeg"}],"twitter_card":"summary_large_image","twitter_misc":{"Dur\u00e9e de lecture estim\u00e9e":"1 minute"},"schema":{"@context":"https:\/\/schema.org","@graph":[{"@type":"WebPage","@id":"https:\/\/www.eco2.ca\/fr\/product\/gobelet-portion-avec-couvercles-bambou\/","url":"https:\/\/www.eco2.ca\/fr\/product\/gobelet-portion-avec-couvercles-bambou\/","name":"Gobelet Portion Avec Couvercles \u2013 Bambou - Eco2bureau","isPartOf":{"@id":"https:\/\/www.eco2.ca\/fr\/#website"},"primaryImageOfPage":{"@id":"https:\/\/www.eco2.ca\/fr\/product\/gobelet-portion-avec-couvercles-bambou\/#primaryimage"},"image":{"@id":"https:\/\/www.eco2.ca\/fr\/product\/gobelet-portion-avec-couvercles-bambou\/#primaryimage"},"thumbnailUrl":"https:\/\/www.eco2.ca\/wp-content\/uploads\/2025\/05\/2oz-bamboo-PC.jpg","datePublished":"2025-06-19T14:07:18+00:00","dateModified":"2025-06-30T14:07:01+00:00","description":"Offrez une touche d'excellence \u00e0 votre service alimentaire avec notre gobelet portion avec couvercles, fabriqu\u00e9 en bambou durable et \u00e9cologique.","breadcrumb":{"@id":"https:\/\/www.eco2.ca\/fr\/product\/gobelet-portion-avec-couvercles-bambou\/#breadcrumb"},"inLanguage":"fr-FR","potentialAction":[{"@type":"ReadAction","target":["https:\/\/www.eco2.ca\/fr\/product\/gobelet-portion-avec-couvercles-bambou\/"]}]},{"@type":"ImageObject","inLanguage":"fr-FR","@id":"https:\/\/www.eco2.ca\/fr\/product\/gobelet-portion-avec-couvercles-bambou\/#primaryimage","url":"https:\/\/www.eco2.ca\/wp-content\/uploads\/2025\/05\/2oz-bamboo-PC.jpg","contentUrl":"https:\/\/www.eco2.ca\/wp-content\/uploads\/2025\/05\/2oz-bamboo-PC.jpg","width":800,"height":800,"caption":"Portion Cups"},{"@type":"BreadcrumbList","@id":"https:\/\/www.eco2.ca\/fr\/product\/gobelet-portion-avec-couvercles-bambou\/#breadcrumb","itemListElement":[{"@type":"ListItem","position":1,"name":"Home","item":"https:\/\/www.eco2.ca\/fr\/"},{"@type":"ListItem","position":2,"name":"Boutique","item":"https:\/\/www.eco2.ca\/fr\/boutique\/"},{"@type":"ListItem","position":3,"name":"Gobelet Portion Avec Couvercles \u2013 Bambou"}]},{"@type":"WebSite","@id":"https:\/\/www.eco2.ca\/fr\/#website","url":"https:\/\/www.eco2.ca\/fr\/","name":"Eco2bureau","description":"","publisher":{"@id":"https:\/\/www.eco2.ca\/fr\/#organization"},"potentialAction":[{"@type":"SearchAction","target":{"@type":"EntryPoint","urlTemplate":"https:\/\/www.eco2.ca\/fr\/?s={search_term_string}"},"query-input":{"@type":"PropertyValueSpecification","valueRequired":true,"valueName":"search_term_string"}}],"inLanguage":"fr-FR"},{"@type":"Organization","@id":"https:\/\/www.eco2.ca\/fr\/#organization","name":"Eco2bureau","url":"https:\/\/www.eco2.ca\/fr\/","logo":{"@type":"ImageObject","inLanguage":"fr-FR","@id":"https:\/\/www.eco2.ca\/fr\/#\/schema\/logo\/image\/","url":"https:\/\/www.eco2.ca\/wp-content\/uploads\/2025\/04\/cropped-cropped-Add-a-subheading-3.png","contentUrl":"https:\/\/www.eco2.ca\/wp-content\/uploads\/2025\/04\/cropped-cropped-Add-a-subheading-3.png","width":469,"height":109,"caption":"Eco2bureau"},"image":{"@id":"https:\/\/www.eco2.ca\/fr\/#\/schema\/logo\/image\/"}}]}},"uagb_featured_image_src":{"full":["https:\/\/www.eco2.ca\/wp-content\/uploads\/2025\/05\/2oz-bamboo-PC.jpg",800,800,false],"thumbnail":["https:\/\/www.eco2.ca\/wp-content\/uploads\/2025\/05\/2oz-bamboo-PC-150x150.jpg",150,150,true],"medium":["https:\/\/www.eco2.ca\/wp-content\/uploads\/2025\/05\/2oz-bamboo-PC-300x300.jpg",300,300,true],"medium_large":["https:\/\/www.eco2.ca\/wp-content\/uploads\/2025\/05\/2oz-bamboo-PC-768x768.jpg",768,768,true],"large":["https:\/\/www.eco2.ca\/wp-content\/uploads\/2025\/05\/2oz-bamboo-PC.jpg",800,800,false],"1536x1536":["https:\/\/www.eco2.ca\/wp-content\/uploads\/2025\/05\/2oz-bamboo-PC.jpg",800,800,false],"2048x2048":["https:\/\/www.eco2.ca\/wp-content\/uploads\/2025\/05\/2oz-bamboo-PC.jpg",800,800,false],"wishsuite-image":["https:\/\/www.eco2.ca\/wp-content\/uploads\/2025\/05\/2oz-bamboo-PC.jpg",80,80,false],"woocommerce_thumbnail":["https:\/\/www.eco2.ca\/wp-content\/uploads\/2025\/05\/2oz-bamboo-PC-300x300.jpg",300,300,true],"woocommerce_single":["https:\/\/www.eco2.ca\/wp-content\/uploads\/2025\/05\/2oz-bamboo-PC-600x600.jpg",600,600,true],"woocommerce_gallery_thumbnail":["https:\/\/www.eco2.ca\/wp-content\/uploads\/2025\/05\/2oz-bamboo-PC-100x100.jpg",100,100,true]},"uagb_author_info":{"display_name":"Mary ..","author_link":"https:\/\/www.eco2.ca\/fr\/author\/"},"uagb_comment_info":0,"uagb_excerpt":"Gobelets portion compostables en bambou, \u00e9cologiques et r\u00e9sistants \u00e0 l\u2019humidit\u00e9 gr\u00e2ce \u00e0 un rev\u00eatement \u00e0 base d\u2019eau\u00a0 parfaits pour les sauces. Leur couleur naturelle met en valeur une alternative renouvelable \u00e0 croissance rapide aux fibres de bois.","_links":{"self":[{"href":"https:\/\/www.eco2.ca\/fr\/wp-json\/wp\/v2\/product\/12522","targetHints":{"allow":["GET"]}}],"collection":[{"href":"https:\/\/www.eco2.ca\/fr\/wp-json\/wp\/v2\/product"}],"about":[{"href":"https:\/\/www.eco2.ca\/fr\/wp-json\/wp\/v2\/types\/product"}],"wp:featuredmedia":[{"embeddable":true,"href":"https:\/\/www.eco2.ca\/fr\/wp-json\/wp\/v2\/media\/10809"}],"wp:attachment":[{"href":"https:\/\/www.eco2.ca\/fr\/wp-json\/wp\/v2\/media?parent=12522"}],"wp:term":[{"taxonomy":"product_brand","embeddable":true,"href":"https:\/\/www.eco2.ca\/fr\/wp-json\/wp\/v2\/product_brand?post=12522"},{"taxonomy":"product_cat","embeddable":true,"href":"https:\/\/www.eco2.ca\/fr\/wp-json\/wp\/v2\/product_cat?post=12522"},{"taxonomy":"product_tag","embeddable":true,"href":"https:\/\/www.eco2.ca\/fr\/wp-json\/wp\/v2\/product_tag?post=12522"}],"curies":[{"name":"wp","href":"https:\/\/api.w.org\/{rel}","templated":true}]}}