{"id":12536,"date":"2025-06-20T11:28:56","date_gmt":"2025-06-20T11:28:56","guid":{"rendered":"https:\/\/www.eco2.ca\/product\/utensils-bamboo-spoon-knife-and-fork\/"},"modified":"2026-01-16T11:29:22","modified_gmt":"2026-01-16T11:29:22","slug":"utensils-bamboo-spoon-knife-and-fork","status":"publish","type":"product","link":"https:\/\/www.eco2.ca\/fr\/product\/utensils-bamboo-spoon-knife-and-fork\/","title":{"rendered":"Ustensiles En Bambou \u2013 Cuill\u00e8re, Couteau Et Fourchette"},"content":{"rendered":"<h2 style=\"font-size: 1.4em;\">Ustensiles en bambou \u2013 Cuill\u00e8re, Couteau Et Fourchette: Naturellement Solides Et Enti\u00e8rement Compostables<\/h2>\n<p>Am\u00e9liorez vos repas \u00e9coresponsables avec notre <strong>ensemble de couverts en bambou<\/strong>, comprenant une cuill\u00e8re, un couteau et une fourchette fabriqu\u00e9s \u00e0 partir de bambou renouvelable \u00e0 croissance rapide. Con\u00e7us pour \u00eatre <strong>compostables<\/strong>\u00a0et adapt\u00e9s \u00e0 toutes les temp\u00e9ratures \u2013 des desserts glac\u00e9s aux plats bien chauds \u2013 ces ustensiles constituent une alternative fiable et \u00e9cologique aux plastiques \u00e0 usage unique.<\/p>\n<h3 style=\"font-size: 1.4em;\">Caract\u00e9ristiques:<\/h3>\n<ul>\n<li><strong>Fabriqu\u00e9s \u00e0 100 % en bambou naturel<\/strong> \u2013 renouvelables, biod\u00e9gradables et s\u00e9curitaires pour les aliments<\/li>\n<li><strong>Compostables <\/strong>\u2013 favorisent une \u00e9limination z\u00e9ro d\u00e9chet<\/li>\n<li><strong>R\u00e9sistants \u00e0 la temp\u00e9rature<\/strong> \u2013 utilisables avec des aliments congel\u00e9s, froids, ti\u00e8des ou chauds<\/li>\n<li><strong>Design lisse et solide<\/strong> \u2013 finition sans \u00e9chardes, assez robuste pour les repas copieux<\/li>\n<li><strong>Apparence \u00e9l\u00e9gante et naturelle<\/strong> \u2013 convient aussi bien aux pique-niques d\u00e9contract\u00e9s qu\u2019aux \u00e9v\u00e9nements raffin\u00e9s<\/li>\n<\/ul>\n<p>Que ce soit pour des plats \u00e0 emporter, du service traiteur ou une alimentation quotidienne responsable, l\u2019ensemble d\u2019<strong>ustensiles en bambou<\/strong> offre solidit\u00e9 fonctionnelle et tranquillit\u00e9 d\u2019esprit \u00e9cologique. Un choix avis\u00e9 pour ceux qui recherchent un style durable et des performances fiables \u00e0 chaque bouch\u00e9e.<\/p>\n","protected":false},"excerpt":{"rendered":"<p>Fabriqu\u00e9 \u00e0 partir de bambou naturel et renouvelable, notre ensemble de couverts en bambou (cuill\u00e8re, couteau et fourchette) est compostable et con\u00e7u pour r\u00e9sister aux aliments chauds, froids ou congel\u00e9s \u2014 une option \u00e9cologique pour les repas du quotidien.<\/p>\n","protected":false},"featured_media":10777,"template":"","meta":{"_eb_attr":"","_uag_custom_page_level_css":"","site-sidebar-layout":"default","site-content-layout":"","ast-site-content-layout":"default","site-content-style":"default","site-sidebar-style":"default","ast-global-header-display":"","ast-banner-title-visibility":"","ast-main-header-display":"","ast-hfb-above-header-display":"","ast-hfb-below-header-display":"","ast-hfb-mobile-header-display":"","site-post-title":"","ast-breadcrumbs-content":"","ast-featured-img":"","footer-sml-layout":"","ast-disable-related-posts":"","theme-transparent-header-meta":"default","adv-header-id-meta":"","stick-header-meta":"","header-above-stick-meta":"","header-main-stick-meta":"","header-below-stick-meta":"","astra-migrate-meta-layouts":"set","ast-page-background-enabled":"default","ast-page-background-meta":{"desktop":{"background-color":"","background-image":"","background-repeat":"repeat","background-position":"center center","background-size":"auto","background-attachment":"scroll","background-type":"","background-media":"","overlay-type":"","overlay-color":"","overlay-opacity":"","overlay-gradient":""},"tablet":{"background-color":"","background-image":"","background-repeat":"repeat","background-position":"center center","background-size":"auto","background-attachment":"scroll","background-type":"","background-media":"","overlay-type":"","overlay-color":"","overlay-opacity":"","overlay-gradient":""},"mobile":{"background-color":"","background-image":"","background-repeat":"repeat","background-position":"center center","background-size":"auto","background-attachment":"scroll","background-type":"","background-media":"","overlay-type":"","overlay-color":"","overlay-opacity":"","overlay-gradient":""}},"ast-content-background-meta":{"desktop":{"background-color":"var(--ast-global-color-5)","background-image":"","background-repeat":"repeat","background-position":"center center","background-size":"auto","background-attachment":"scroll","background-type":"","background-media":"","overlay-type":"","overlay-color":"","overlay-opacity":"","overlay-gradient":""},"tablet":{"background-color":"var(--ast-global-color-5)","background-image":"","background-repeat":"repeat","background-position":"center center","background-size":"auto","background-attachment":"scroll","background-type":"","background-media":"","overlay-type":"","overlay-color":"","overlay-opacity":"","overlay-gradient":""},"mobile":{"background-color":"var(--ast-global-color-5)","background-image":"","background-repeat":"repeat","background-position":"center center","background-size":"auto","background-attachment":"scroll","background-type":"","background-media":"","overlay-type":"","overlay-color":"","overlay-opacity":"","overlay-gradient":""}},"_selected_store_location":"","_selected_store_location_key":""},"product_brand":[],"product_cat":[242,201],"product_tag":[],"class_list":{"0":"post-12536","1":"product","2":"type-product","3":"status-publish","4":"has-post-thumbnail","6":"product_cat-couverts","7":"product_cat-ustensiles-et-accessoires","8":"wcmi-has-gallery","9":"desktop-align-center","10":"tablet-align-center","11":"mobile-align-center","13":"first","14":"instock","15":"shipping-taxable","16":"purchasable","17":"product-type-simple"},"yoast_head":"<!-- This site is optimized with the Yoast SEO plugin v27.2 - https:\/\/yoast.com\/product\/yoast-seo-wordpress\/ -->\n<title>Ustensiles En Bambou \u2013 Cuill\u00e8re, Couteau Et Fourchette - Eco2bureau<\/title>\n<meta name=\"description\" content=\"Am\u00e9liorez vos repas \u00e9coresponsables avec notre ensemble de couverts en bambou, comprenant une cuill\u00e8re, un couteau et une fourchette fabriqu\u00e9s \u00e0 partir\" \/>\n<meta name=\"robots\" content=\"index, follow, max-snippet:-1, max-image-preview:large, max-video-preview:-1\" \/>\n<link rel=\"canonical\" href=\"https:\/\/www.eco2.ca\/fr\/product\/utensils-bamboo-spoon-knife-and-fork\/\" \/>\n<meta property=\"og:locale\" content=\"fr_FR\" \/>\n<meta property=\"og:type\" content=\"article\" \/>\n<meta property=\"og:title\" content=\"Ustensiles En Bambou \u2013 Cuill\u00e8re, Couteau Et Fourchette - Eco2bureau\" \/>\n<meta property=\"og:description\" content=\"Am\u00e9liorez vos repas \u00e9coresponsables avec notre ensemble de couverts en bambou, comprenant une cuill\u00e8re, un couteau et une fourchette fabriqu\u00e9s \u00e0 partir\" \/>\n<meta property=\"og:url\" content=\"https:\/\/www.eco2.ca\/fr\/product\/utensils-bamboo-spoon-knife-and-fork\/\" \/>\n<meta property=\"og:site_name\" content=\"Eco2bureau\" \/>\n<meta property=\"article:modified_time\" content=\"2026-01-16T11:29:22+00:00\" \/>\n<meta property=\"og:image\" content=\"https:\/\/www.eco2.ca\/wp-content\/uploads\/2025\/05\/EP-BSPN6-1.jpg\" \/>\n\t<meta property=\"og:image:width\" content=\"1600\" \/>\n\t<meta property=\"og:image:height\" content=\"1600\" \/>\n\t<meta property=\"og:image:type\" content=\"image\/jpeg\" \/>\n<meta name=\"twitter:card\" content=\"summary_large_image\" \/>\n<meta name=\"twitter:label1\" content=\"Dur\u00e9e de lecture estim\u00e9e\" \/>\n\t<meta name=\"twitter:data1\" content=\"1 minute\" \/>\n<script type=\"application\/ld+json\" class=\"yoast-schema-graph\">{\"@context\":\"https:\/\/schema.org\",\"@graph\":[{\"@type\":\"WebPage\",\"@id\":\"https:\/\/www.eco2.ca\/fr\/product\/utensils-bamboo-spoon-knife-and-fork\/\",\"url\":\"https:\/\/www.eco2.ca\/fr\/product\/utensils-bamboo-spoon-knife-and-fork\/\",\"name\":\"Ustensiles En Bambou \u2013 Cuill\u00e8re, Couteau Et Fourchette - Eco2bureau\",\"isPartOf\":{\"@id\":\"https:\/\/www.eco2.ca\/fr\/#website\"},\"primaryImageOfPage\":{\"@id\":\"https:\/\/www.eco2.ca\/fr\/product\/utensils-bamboo-spoon-knife-and-fork\/#primaryimage\"},\"image\":{\"@id\":\"https:\/\/www.eco2.ca\/fr\/product\/utensils-bamboo-spoon-knife-and-fork\/#primaryimage\"},\"thumbnailUrl\":\"https:\/\/www.eco2.ca\/wp-content\/uploads\/2025\/05\/EP-BSPN6-1.jpg\",\"datePublished\":\"2025-06-20T11:28:56+00:00\",\"dateModified\":\"2026-01-16T11:29:22+00:00\",\"description\":\"Am\u00e9liorez vos repas \u00e9coresponsables avec notre ensemble de couverts en bambou, comprenant une cuill\u00e8re, un couteau et une fourchette fabriqu\u00e9s \u00e0 partir\",\"breadcrumb\":{\"@id\":\"https:\/\/www.eco2.ca\/fr\/product\/utensils-bamboo-spoon-knife-and-fork\/#breadcrumb\"},\"inLanguage\":\"fr-FR\",\"potentialAction\":[{\"@type\":\"ReadAction\",\"target\":[\"https:\/\/www.eco2.ca\/fr\/product\/utensils-bamboo-spoon-knife-and-fork\/\"]}]},{\"@type\":\"ImageObject\",\"inLanguage\":\"fr-FR\",\"@id\":\"https:\/\/www.eco2.ca\/fr\/product\/utensils-bamboo-spoon-knife-and-fork\/#primaryimage\",\"url\":\"https:\/\/www.eco2.ca\/wp-content\/uploads\/2025\/05\/EP-BSPN6-1.jpg\",\"contentUrl\":\"https:\/\/www.eco2.ca\/wp-content\/uploads\/2025\/05\/EP-BSPN6-1.jpg\",\"width\":1600,\"height\":1600,\"caption\":\"utensils\"},{\"@type\":\"BreadcrumbList\",\"@id\":\"https:\/\/www.eco2.ca\/fr\/product\/utensils-bamboo-spoon-knife-and-fork\/#breadcrumb\",\"itemListElement\":[{\"@type\":\"ListItem\",\"position\":1,\"name\":\"Home\",\"item\":\"https:\/\/www.eco2.ca\/fr\/\"},{\"@type\":\"ListItem\",\"position\":2,\"name\":\"Boutique\",\"item\":\"https:\/\/www.eco2.ca\/fr\/boutique\/\"},{\"@type\":\"ListItem\",\"position\":3,\"name\":\"Ustensiles En Bambou \u2013 Cuill\u00e8re, Couteau Et Fourchette\"}]},{\"@type\":\"WebSite\",\"@id\":\"https:\/\/www.eco2.ca\/fr\/#website\",\"url\":\"https:\/\/www.eco2.ca\/fr\/\",\"name\":\"Eco2bureau\",\"description\":\"\",\"publisher\":{\"@id\":\"https:\/\/www.eco2.ca\/fr\/#organization\"},\"potentialAction\":[{\"@type\":\"SearchAction\",\"target\":{\"@type\":\"EntryPoint\",\"urlTemplate\":\"https:\/\/www.eco2.ca\/fr\/?s={search_term_string}\"},\"query-input\":{\"@type\":\"PropertyValueSpecification\",\"valueRequired\":true,\"valueName\":\"search_term_string\"}}],\"inLanguage\":\"fr-FR\"},{\"@type\":\"Organization\",\"@id\":\"https:\/\/www.eco2.ca\/fr\/#organization\",\"name\":\"Eco2bureau\",\"url\":\"https:\/\/www.eco2.ca\/fr\/\",\"logo\":{\"@type\":\"ImageObject\",\"inLanguage\":\"fr-FR\",\"@id\":\"https:\/\/www.eco2.ca\/fr\/#\/schema\/logo\/image\/\",\"url\":\"https:\/\/www.eco2.ca\/wp-content\/uploads\/2025\/04\/cropped-cropped-Add-a-subheading-3.png\",\"contentUrl\":\"https:\/\/www.eco2.ca\/wp-content\/uploads\/2025\/04\/cropped-cropped-Add-a-subheading-3.png\",\"width\":469,\"height\":109,\"caption\":\"Eco2bureau\"},\"image\":{\"@id\":\"https:\/\/www.eco2.ca\/fr\/#\/schema\/logo\/image\/\"}}]}<\/script>\n<!-- \/ Yoast SEO plugin. -->","yoast_head_json":{"title":"Ustensiles En Bambou \u2013 Cuill\u00e8re, Couteau Et Fourchette - Eco2bureau","description":"Am\u00e9liorez vos repas \u00e9coresponsables avec notre ensemble de couverts en bambou, comprenant une cuill\u00e8re, un couteau et une fourchette fabriqu\u00e9s \u00e0 partir","robots":{"index":"index","follow":"follow","max-snippet":"max-snippet:-1","max-image-preview":"max-image-preview:large","max-video-preview":"max-video-preview:-1"},"canonical":"https:\/\/www.eco2.ca\/fr\/product\/utensils-bamboo-spoon-knife-and-fork\/","og_locale":"fr_FR","og_type":"article","og_title":"Ustensiles En Bambou \u2013 Cuill\u00e8re, Couteau Et Fourchette - Eco2bureau","og_description":"Am\u00e9liorez vos repas \u00e9coresponsables avec notre ensemble de couverts en bambou, comprenant une cuill\u00e8re, un couteau et une fourchette fabriqu\u00e9s \u00e0 partir","og_url":"https:\/\/www.eco2.ca\/fr\/product\/utensils-bamboo-spoon-knife-and-fork\/","og_site_name":"Eco2bureau","article_modified_time":"2026-01-16T11:29:22+00:00","og_image":[{"width":1600,"height":1600,"url":"https:\/\/www.eco2.ca\/wp-content\/uploads\/2025\/05\/EP-BSPN6-1.jpg","type":"image\/jpeg"}],"twitter_card":"summary_large_image","twitter_misc":{"Dur\u00e9e de lecture estim\u00e9e":"1 minute"},"schema":{"@context":"https:\/\/schema.org","@graph":[{"@type":"WebPage","@id":"https:\/\/www.eco2.ca\/fr\/product\/utensils-bamboo-spoon-knife-and-fork\/","url":"https:\/\/www.eco2.ca\/fr\/product\/utensils-bamboo-spoon-knife-and-fork\/","name":"Ustensiles En Bambou \u2013 Cuill\u00e8re, Couteau Et Fourchette - Eco2bureau","isPartOf":{"@id":"https:\/\/www.eco2.ca\/fr\/#website"},"primaryImageOfPage":{"@id":"https:\/\/www.eco2.ca\/fr\/product\/utensils-bamboo-spoon-knife-and-fork\/#primaryimage"},"image":{"@id":"https:\/\/www.eco2.ca\/fr\/product\/utensils-bamboo-spoon-knife-and-fork\/#primaryimage"},"thumbnailUrl":"https:\/\/www.eco2.ca\/wp-content\/uploads\/2025\/05\/EP-BSPN6-1.jpg","datePublished":"2025-06-20T11:28:56+00:00","dateModified":"2026-01-16T11:29:22+00:00","description":"Am\u00e9liorez vos repas \u00e9coresponsables avec notre ensemble de couverts en bambou, comprenant une cuill\u00e8re, un couteau et une fourchette fabriqu\u00e9s \u00e0 partir","breadcrumb":{"@id":"https:\/\/www.eco2.ca\/fr\/product\/utensils-bamboo-spoon-knife-and-fork\/#breadcrumb"},"inLanguage":"fr-FR","potentialAction":[{"@type":"ReadAction","target":["https:\/\/www.eco2.ca\/fr\/product\/utensils-bamboo-spoon-knife-and-fork\/"]}]},{"@type":"ImageObject","inLanguage":"fr-FR","@id":"https:\/\/www.eco2.ca\/fr\/product\/utensils-bamboo-spoon-knife-and-fork\/#primaryimage","url":"https:\/\/www.eco2.ca\/wp-content\/uploads\/2025\/05\/EP-BSPN6-1.jpg","contentUrl":"https:\/\/www.eco2.ca\/wp-content\/uploads\/2025\/05\/EP-BSPN6-1.jpg","width":1600,"height":1600,"caption":"utensils"},{"@type":"BreadcrumbList","@id":"https:\/\/www.eco2.ca\/fr\/product\/utensils-bamboo-spoon-knife-and-fork\/#breadcrumb","itemListElement":[{"@type":"ListItem","position":1,"name":"Home","item":"https:\/\/www.eco2.ca\/fr\/"},{"@type":"ListItem","position":2,"name":"Boutique","item":"https:\/\/www.eco2.ca\/fr\/boutique\/"},{"@type":"ListItem","position":3,"name":"Ustensiles En Bambou \u2013 Cuill\u00e8re, Couteau Et Fourchette"}]},{"@type":"WebSite","@id":"https:\/\/www.eco2.ca\/fr\/#website","url":"https:\/\/www.eco2.ca\/fr\/","name":"Eco2bureau","description":"","publisher":{"@id":"https:\/\/www.eco2.ca\/fr\/#organization"},"potentialAction":[{"@type":"SearchAction","target":{"@type":"EntryPoint","urlTemplate":"https:\/\/www.eco2.ca\/fr\/?s={search_term_string}"},"query-input":{"@type":"PropertyValueSpecification","valueRequired":true,"valueName":"search_term_string"}}],"inLanguage":"fr-FR"},{"@type":"Organization","@id":"https:\/\/www.eco2.ca\/fr\/#organization","name":"Eco2bureau","url":"https:\/\/www.eco2.ca\/fr\/","logo":{"@type":"ImageObject","inLanguage":"fr-FR","@id":"https:\/\/www.eco2.ca\/fr\/#\/schema\/logo\/image\/","url":"https:\/\/www.eco2.ca\/wp-content\/uploads\/2025\/04\/cropped-cropped-Add-a-subheading-3.png","contentUrl":"https:\/\/www.eco2.ca\/wp-content\/uploads\/2025\/04\/cropped-cropped-Add-a-subheading-3.png","width":469,"height":109,"caption":"Eco2bureau"},"image":{"@id":"https:\/\/www.eco2.ca\/fr\/#\/schema\/logo\/image\/"}}]}},"uagb_featured_image_src":{"full":["https:\/\/www.eco2.ca\/wp-content\/uploads\/2025\/05\/EP-BSPN6-1.jpg",1600,1600,false],"thumbnail":["https:\/\/www.eco2.ca\/wp-content\/uploads\/2025\/05\/EP-BSPN6-1-150x150.jpg",150,150,true],"medium":["https:\/\/www.eco2.ca\/wp-content\/uploads\/2025\/05\/EP-BSPN6-1-300x300.jpg",300,300,true],"medium_large":["https:\/\/www.eco2.ca\/wp-content\/uploads\/2025\/05\/EP-BSPN6-1-768x768.jpg",768,768,true],"large":["https:\/\/www.eco2.ca\/wp-content\/uploads\/2025\/05\/EP-BSPN6-1-1024x1024.jpg",1024,1024,true],"1536x1536":["https:\/\/www.eco2.ca\/wp-content\/uploads\/2025\/05\/EP-BSPN6-1-1536x1536.jpg",1536,1536,true],"2048x2048":["https:\/\/www.eco2.ca\/wp-content\/uploads\/2025\/05\/EP-BSPN6-1.jpg",1600,1600,false],"wishsuite-image":["https:\/\/www.eco2.ca\/wp-content\/uploads\/2025\/05\/EP-BSPN6-1.jpg",80,80,false],"woocommerce_thumbnail":["https:\/\/www.eco2.ca\/wp-content\/uploads\/2025\/05\/EP-BSPN6-1-300x300.jpg",300,300,true],"woocommerce_single":["https:\/\/www.eco2.ca\/wp-content\/uploads\/2025\/05\/EP-BSPN6-1-600x600.jpg",600,600,true],"woocommerce_gallery_thumbnail":["https:\/\/www.eco2.ca\/wp-content\/uploads\/2025\/05\/EP-BSPN6-1-100x100.jpg",100,100,true]},"uagb_author_info":{"display_name":"Mary ..","author_link":"https:\/\/www.eco2.ca\/fr\/author\/"},"uagb_comment_info":0,"uagb_excerpt":"Fabriqu\u00e9 \u00e0 partir de bambou naturel et renouvelable, notre ensemble de couverts en bambou (cuill\u00e8re, couteau et fourchette) est compostable et con\u00e7u pour r\u00e9sister aux aliments chauds, froids ou congel\u00e9s \u2014 une option \u00e9cologique pour les repas du quotidien.","_links":{"self":[{"href":"https:\/\/www.eco2.ca\/fr\/wp-json\/wp\/v2\/product\/12536","targetHints":{"allow":["GET"]}}],"collection":[{"href":"https:\/\/www.eco2.ca\/fr\/wp-json\/wp\/v2\/product"}],"about":[{"href":"https:\/\/www.eco2.ca\/fr\/wp-json\/wp\/v2\/types\/product"}],"wp:featuredmedia":[{"embeddable":true,"href":"https:\/\/www.eco2.ca\/fr\/wp-json\/wp\/v2\/media\/10777"}],"wp:attachment":[{"href":"https:\/\/www.eco2.ca\/fr\/wp-json\/wp\/v2\/media?parent=12536"}],"wp:term":[{"taxonomy":"product_brand","embeddable":true,"href":"https:\/\/www.eco2.ca\/fr\/wp-json\/wp\/v2\/product_brand?post=12536"},{"taxonomy":"product_cat","embeddable":true,"href":"https:\/\/www.eco2.ca\/fr\/wp-json\/wp\/v2\/product_cat?post=12536"},{"taxonomy":"product_tag","embeddable":true,"href":"https:\/\/www.eco2.ca\/fr\/wp-json\/wp\/v2\/product_tag?post=12536"}],"curies":[{"name":"wp","href":"https:\/\/api.w.org\/{rel}","templated":true}]}}