{"id":12541,"date":"2025-06-20T12:16:54","date_gmt":"2025-06-20T12:16:54","guid":{"rendered":"https:\/\/www.eco2.ca\/product\/utensils-wood-spoon-knife-and-fork\/"},"modified":"2026-01-16T12:12:30","modified_gmt":"2026-01-16T12:12:30","slug":"ustensiles-en-bois-cuillere-couteau-fourchette-et-cure-dents","status":"publish","type":"product","link":"https:\/\/www.eco2.ca\/fr\/product\/ustensiles-en-bois-cuillere-couteau-fourchette-et-cure-dents\/","title":{"rendered":"Ustensiles En Bois \u2013 Cuill\u00e8re, Couteau, Fourchette Et Cure-dents"},"content":{"rendered":"<h2 style=\"font-size: 1.3em;\">Ustensiles En bois \u2013 Cuill\u00e8re, Couteau, Fourchette, Et Cure-dents: Performance Rustique Et Durabilit\u00e9 Naturelle<\/h2>\n<p>Parfait pour un repas \u00e9coresponsable, notre ensemble de couverts en bois comprend une cuill\u00e8re, un couteau et une fourchette \u2014 ainsi que des cure-dents ronds en bois \u2014 fabriqu\u00e9s \u00e0 partir de bois naturel provenant de sources responsables. Ces ustensiles compostables r\u00e9sistent \u00e0 toutes les temp\u00e9ratures des aliments, ce qui en fait une alternative intelligente et \u00e9l\u00e9gante aux couverts en plastique, peu importe le contexte.<\/p>\n<h3 style=\"font-size: 1.3em;\">Caract\u00e9ristiques:<\/h3>\n<ul>\n<li><strong>Fabriqu\u00e9s en bois naturel<\/strong> \u2013 renouvelable, biod\u00e9gradable et s\u00e9curitaire pour les aliments<\/li>\n<li><strong>Compostables et recyclables<\/strong> \u2013 une solution z\u00e9ro d\u00e9chet pour la vaisselle jetable<\/li>\n<li><strong>R\u00e9sistants \u00e0 la chaleur et au froid<\/strong> \u2013 efficaces avec des aliments congel\u00e9s, froids, ti\u00e8des ou chauds<\/li>\n<li><strong>Praticit\u00e9 ajout\u00e9e<\/strong> \u2013 comprend des cure-dents ronds en bois (id\u00e9als pour les amuse-gueules ou le service alimentaire).<\/li>\n<li><strong>Finition lisse et sans \u00e9chardes<\/strong> \u2013 s\u00e9curitaire, solide et agr\u00e9able \u00e0 utiliser<\/li>\n<li><strong>Esth\u00e9tique naturelle et \u00e9pur\u00e9e<\/strong> \u2013 id\u00e9ale pour les caf\u00e9s, les \u00e9v\u00e9nements, le service traiteur ou les plats \u00e0 emporter<\/li>\n<\/ul>\n<p>Que vous organisiez un pique-nique, g\u00e9riez un caf\u00e9 ou proposiez des repas \u00e0 emporter durables, notre <strong>ensemble de couverts et accessoires en bois<\/strong> allie utilit\u00e9, style et respect de l\u2019environnement. Un kit tout-en-un pour servir vos plats avec une empreinte \u00e9cologique all\u00e9g\u00e9e. Des b\u00e2tonnets en bois sont \u00e9galement disponibles. Veuillez trouver plus <a href=\"https:\/\/www.eco2.ca\/fr\/product\/batonnet-agitateur-en-bois\/\" target=\"_blank\" rel=\"noopener\">d\u2019informations \u00e0 leur sujet ici<\/a><\/p>\n","protected":false},"excerpt":{"rendered":"<p>Notre ensemble de couverts en bois \u2014 comprenant cuill\u00e8re, couteau, fourchette, b\u00e2tonnets m\u00e9langeurs et cure-dents \u2014 est fabriqu\u00e9 \u00e0 partir de bois naturel compostable et con\u00e7u pour r\u00e9sister \u00e0 toutes les temp\u00e9ratures de repas, offrant une option rustique et z\u00e9ro d\u00e9chet pour des repas \u00e9coresponsables. Des b\u00e2tonnets en bois sont \u00e9galement <a href=\"https:\/\/www.eco2.ca\/fr\/product\/batonnet-agitateur-en-bois\/\" target=\"_blank\" rel=\"noopener\">disponibles<\/a>.<\/p>\n","protected":false},"featured_media":10779,"template":"","meta":{"_eb_attr":"","_uag_custom_page_level_css":"","site-sidebar-layout":"default","site-content-layout":"","ast-site-content-layout":"default","site-content-style":"default","site-sidebar-style":"default","ast-global-header-display":"","ast-banner-title-visibility":"","ast-main-header-display":"","ast-hfb-above-header-display":"","ast-hfb-below-header-display":"","ast-hfb-mobile-header-display":"","site-post-title":"","ast-breadcrumbs-content":"","ast-featured-img":"","footer-sml-layout":"","ast-disable-related-posts":"","theme-transparent-header-meta":"default","adv-header-id-meta":"","stick-header-meta":"","header-above-stick-meta":"","header-main-stick-meta":"","header-below-stick-meta":"","astra-migrate-meta-layouts":"set","ast-page-background-enabled":"default","ast-page-background-meta":{"desktop":{"background-color":"","background-image":"","background-repeat":"repeat","background-position":"center center","background-size":"auto","background-attachment":"scroll","background-type":"","background-media":"","overlay-type":"","overlay-color":"","overlay-opacity":"","overlay-gradient":""},"tablet":{"background-color":"","background-image":"","background-repeat":"repeat","background-position":"center center","background-size":"auto","background-attachment":"scroll","background-type":"","background-media":"","overlay-type":"","overlay-color":"","overlay-opacity":"","overlay-gradient":""},"mobile":{"background-color":"","background-image":"","background-repeat":"repeat","background-position":"center center","background-size":"auto","background-attachment":"scroll","background-type":"","background-media":"","overlay-type":"","overlay-color":"","overlay-opacity":"","overlay-gradient":""}},"ast-content-background-meta":{"desktop":{"background-color":"var(--ast-global-color-5)","background-image":"","background-repeat":"repeat","background-position":"center center","background-size":"auto","background-attachment":"scroll","background-type":"","background-media":"","overlay-type":"","overlay-color":"","overlay-opacity":"","overlay-gradient":""},"tablet":{"background-color":"var(--ast-global-color-5)","background-image":"","background-repeat":"repeat","background-position":"center center","background-size":"auto","background-attachment":"scroll","background-type":"","background-media":"","overlay-type":"","overlay-color":"","overlay-opacity":"","overlay-gradient":""},"mobile":{"background-color":"var(--ast-global-color-5)","background-image":"","background-repeat":"repeat","background-position":"center center","background-size":"auto","background-attachment":"scroll","background-type":"","background-media":"","overlay-type":"","overlay-color":"","overlay-opacity":"","overlay-gradient":""}},"_selected_store_location":"","_selected_store_location_key":""},"product_brand":[],"product_cat":[246,242,244,201],"product_tag":[],"class_list":{"0":"post-12541","1":"product","2":"type-product","3":"status-publish","4":"has-post-thumbnail","6":"product_cat-batonnets-a-melanger","7":"product_cat-couverts","8":"product_cat-cure-dents","9":"product_cat-ustensiles-et-accessoires","10":"wcmi-has-gallery","11":"desktop-align-center","12":"tablet-align-center","13":"mobile-align-center","15":"first","16":"instock","17":"shipping-taxable","18":"purchasable","19":"product-type-simple"},"yoast_head":"<!-- This site is optimized with the Yoast SEO plugin v27.2 - https:\/\/yoast.com\/product\/yoast-seo-wordpress\/ -->\n<title>Ustensiles En Bois \u2013 Cuill\u00e8re, Couteau, Fourchette Et Cure-dents - Eco2bureau<\/title>\n<meta name=\"description\" content=\"Parfait pour un repas \u00e9coresponsable, notre ensemble de couverts en bois comprend une cuill\u00e8re, un couteau et une fourchette\" \/>\n<meta name=\"robots\" content=\"index, follow, max-snippet:-1, max-image-preview:large, max-video-preview:-1\" \/>\n<link rel=\"canonical\" href=\"https:\/\/www.eco2.ca\/fr\/product\/ustensiles-en-bois-cuillere-couteau-fourchette-et-cure-dents\/\" \/>\n<meta property=\"og:locale\" content=\"fr_FR\" \/>\n<meta property=\"og:type\" content=\"article\" \/>\n<meta property=\"og:title\" content=\"Ustensiles En Bois \u2013 Cuill\u00e8re, Couteau, Fourchette Et Cure-dents - Eco2bureau\" \/>\n<meta property=\"og:description\" content=\"Parfait pour un repas \u00e9coresponsable, notre ensemble de couverts en bois comprend une cuill\u00e8re, un couteau et une fourchette\" \/>\n<meta property=\"og:url\" content=\"https:\/\/www.eco2.ca\/fr\/product\/ustensiles-en-bois-cuillere-couteau-fourchette-et-cure-dents\/\" \/>\n<meta property=\"og:site_name\" content=\"Eco2bureau\" \/>\n<meta property=\"article:modified_time\" content=\"2026-01-16T12:12:30+00:00\" \/>\n<meta property=\"og:image\" content=\"https:\/\/www.eco2.ca\/wp-content\/uploads\/2025\/05\/3.png\" \/>\n\t<meta property=\"og:image:width\" content=\"340\" \/>\n\t<meta property=\"og:image:height\" content=\"340\" \/>\n\t<meta property=\"og:image:type\" content=\"image\/png\" \/>\n<meta name=\"twitter:card\" content=\"summary_large_image\" \/>\n<meta name=\"twitter:label1\" content=\"Dur\u00e9e de lecture estim\u00e9e\" \/>\n\t<meta name=\"twitter:data1\" content=\"2 minutes\" \/>\n<script type=\"application\/ld+json\" class=\"yoast-schema-graph\">{\"@context\":\"https:\/\/schema.org\",\"@graph\":[{\"@type\":\"WebPage\",\"@id\":\"https:\/\/www.eco2.ca\/fr\/product\/ustensiles-en-bois-cuillere-couteau-fourchette-et-cure-dents\/\",\"url\":\"https:\/\/www.eco2.ca\/fr\/product\/ustensiles-en-bois-cuillere-couteau-fourchette-et-cure-dents\/\",\"name\":\"Ustensiles En Bois \u2013 Cuill\u00e8re, Couteau, Fourchette Et Cure-dents - Eco2bureau\",\"isPartOf\":{\"@id\":\"https:\/\/www.eco2.ca\/fr\/#website\"},\"primaryImageOfPage\":{\"@id\":\"https:\/\/www.eco2.ca\/fr\/product\/ustensiles-en-bois-cuillere-couteau-fourchette-et-cure-dents\/#primaryimage\"},\"image\":{\"@id\":\"https:\/\/www.eco2.ca\/fr\/product\/ustensiles-en-bois-cuillere-couteau-fourchette-et-cure-dents\/#primaryimage\"},\"thumbnailUrl\":\"https:\/\/www.eco2.ca\/wp-content\/uploads\/2025\/05\/3.png\",\"datePublished\":\"2025-06-20T12:16:54+00:00\",\"dateModified\":\"2026-01-16T12:12:30+00:00\",\"description\":\"Parfait pour un repas \u00e9coresponsable, notre ensemble de couverts en bois comprend une cuill\u00e8re, un couteau et une fourchette\",\"breadcrumb\":{\"@id\":\"https:\/\/www.eco2.ca\/fr\/product\/ustensiles-en-bois-cuillere-couteau-fourchette-et-cure-dents\/#breadcrumb\"},\"inLanguage\":\"fr-FR\",\"potentialAction\":[{\"@type\":\"ReadAction\",\"target\":[\"https:\/\/www.eco2.ca\/fr\/product\/ustensiles-en-bois-cuillere-couteau-fourchette-et-cure-dents\/\"]}]},{\"@type\":\"ImageObject\",\"inLanguage\":\"fr-FR\",\"@id\":\"https:\/\/www.eco2.ca\/fr\/product\/ustensiles-en-bois-cuillere-couteau-fourchette-et-cure-dents\/#primaryimage\",\"url\":\"https:\/\/www.eco2.ca\/wp-content\/uploads\/2025\/05\/3.png\",\"contentUrl\":\"https:\/\/www.eco2.ca\/wp-content\/uploads\/2025\/05\/3.png\",\"width\":340,\"height\":340,\"caption\":\"utensils\"},{\"@type\":\"BreadcrumbList\",\"@id\":\"https:\/\/www.eco2.ca\/fr\/product\/ustensiles-en-bois-cuillere-couteau-fourchette-et-cure-dents\/#breadcrumb\",\"itemListElement\":[{\"@type\":\"ListItem\",\"position\":1,\"name\":\"Home\",\"item\":\"https:\/\/www.eco2.ca\/fr\/\"},{\"@type\":\"ListItem\",\"position\":2,\"name\":\"Boutique\",\"item\":\"https:\/\/www.eco2.ca\/fr\/boutique\/\"},{\"@type\":\"ListItem\",\"position\":3,\"name\":\"Ustensiles En Bois \u2013 Cuill\u00e8re, Couteau, Fourchette Et Cure-dents\"}]},{\"@type\":\"WebSite\",\"@id\":\"https:\/\/www.eco2.ca\/fr\/#website\",\"url\":\"https:\/\/www.eco2.ca\/fr\/\",\"name\":\"Eco2bureau\",\"description\":\"\",\"publisher\":{\"@id\":\"https:\/\/www.eco2.ca\/fr\/#organization\"},\"potentialAction\":[{\"@type\":\"SearchAction\",\"target\":{\"@type\":\"EntryPoint\",\"urlTemplate\":\"https:\/\/www.eco2.ca\/fr\/?s={search_term_string}\"},\"query-input\":{\"@type\":\"PropertyValueSpecification\",\"valueRequired\":true,\"valueName\":\"search_term_string\"}}],\"inLanguage\":\"fr-FR\"},{\"@type\":\"Organization\",\"@id\":\"https:\/\/www.eco2.ca\/fr\/#organization\",\"name\":\"Eco2bureau\",\"url\":\"https:\/\/www.eco2.ca\/fr\/\",\"logo\":{\"@type\":\"ImageObject\",\"inLanguage\":\"fr-FR\",\"@id\":\"https:\/\/www.eco2.ca\/fr\/#\/schema\/logo\/image\/\",\"url\":\"https:\/\/www.eco2.ca\/wp-content\/uploads\/2025\/04\/cropped-cropped-Add-a-subheading-3.png\",\"contentUrl\":\"https:\/\/www.eco2.ca\/wp-content\/uploads\/2025\/04\/cropped-cropped-Add-a-subheading-3.png\",\"width\":469,\"height\":109,\"caption\":\"Eco2bureau\"},\"image\":{\"@id\":\"https:\/\/www.eco2.ca\/fr\/#\/schema\/logo\/image\/\"}}]}<\/script>\n<!-- \/ Yoast SEO plugin. -->","yoast_head_json":{"title":"Ustensiles En Bois \u2013 Cuill\u00e8re, Couteau, Fourchette Et Cure-dents - Eco2bureau","description":"Parfait pour un repas \u00e9coresponsable, notre ensemble de couverts en bois comprend une cuill\u00e8re, un couteau et une fourchette","robots":{"index":"index","follow":"follow","max-snippet":"max-snippet:-1","max-image-preview":"max-image-preview:large","max-video-preview":"max-video-preview:-1"},"canonical":"https:\/\/www.eco2.ca\/fr\/product\/ustensiles-en-bois-cuillere-couteau-fourchette-et-cure-dents\/","og_locale":"fr_FR","og_type":"article","og_title":"Ustensiles En Bois \u2013 Cuill\u00e8re, Couteau, Fourchette Et Cure-dents - Eco2bureau","og_description":"Parfait pour un repas \u00e9coresponsable, notre ensemble de couverts en bois comprend une cuill\u00e8re, un couteau et une fourchette","og_url":"https:\/\/www.eco2.ca\/fr\/product\/ustensiles-en-bois-cuillere-couteau-fourchette-et-cure-dents\/","og_site_name":"Eco2bureau","article_modified_time":"2026-01-16T12:12:30+00:00","og_image":[{"width":340,"height":340,"url":"https:\/\/www.eco2.ca\/wp-content\/uploads\/2025\/05\/3.png","type":"image\/png"}],"twitter_card":"summary_large_image","twitter_misc":{"Dur\u00e9e de lecture estim\u00e9e":"2 minutes"},"schema":{"@context":"https:\/\/schema.org","@graph":[{"@type":"WebPage","@id":"https:\/\/www.eco2.ca\/fr\/product\/ustensiles-en-bois-cuillere-couteau-fourchette-et-cure-dents\/","url":"https:\/\/www.eco2.ca\/fr\/product\/ustensiles-en-bois-cuillere-couteau-fourchette-et-cure-dents\/","name":"Ustensiles En Bois \u2013 Cuill\u00e8re, Couteau, Fourchette Et Cure-dents - Eco2bureau","isPartOf":{"@id":"https:\/\/www.eco2.ca\/fr\/#website"},"primaryImageOfPage":{"@id":"https:\/\/www.eco2.ca\/fr\/product\/ustensiles-en-bois-cuillere-couteau-fourchette-et-cure-dents\/#primaryimage"},"image":{"@id":"https:\/\/www.eco2.ca\/fr\/product\/ustensiles-en-bois-cuillere-couteau-fourchette-et-cure-dents\/#primaryimage"},"thumbnailUrl":"https:\/\/www.eco2.ca\/wp-content\/uploads\/2025\/05\/3.png","datePublished":"2025-06-20T12:16:54+00:00","dateModified":"2026-01-16T12:12:30+00:00","description":"Parfait pour un repas \u00e9coresponsable, notre ensemble de couverts en bois comprend une cuill\u00e8re, un couteau et une fourchette","breadcrumb":{"@id":"https:\/\/www.eco2.ca\/fr\/product\/ustensiles-en-bois-cuillere-couteau-fourchette-et-cure-dents\/#breadcrumb"},"inLanguage":"fr-FR","potentialAction":[{"@type":"ReadAction","target":["https:\/\/www.eco2.ca\/fr\/product\/ustensiles-en-bois-cuillere-couteau-fourchette-et-cure-dents\/"]}]},{"@type":"ImageObject","inLanguage":"fr-FR","@id":"https:\/\/www.eco2.ca\/fr\/product\/ustensiles-en-bois-cuillere-couteau-fourchette-et-cure-dents\/#primaryimage","url":"https:\/\/www.eco2.ca\/wp-content\/uploads\/2025\/05\/3.png","contentUrl":"https:\/\/www.eco2.ca\/wp-content\/uploads\/2025\/05\/3.png","width":340,"height":340,"caption":"utensils"},{"@type":"BreadcrumbList","@id":"https:\/\/www.eco2.ca\/fr\/product\/ustensiles-en-bois-cuillere-couteau-fourchette-et-cure-dents\/#breadcrumb","itemListElement":[{"@type":"ListItem","position":1,"name":"Home","item":"https:\/\/www.eco2.ca\/fr\/"},{"@type":"ListItem","position":2,"name":"Boutique","item":"https:\/\/www.eco2.ca\/fr\/boutique\/"},{"@type":"ListItem","position":3,"name":"Ustensiles En Bois \u2013 Cuill\u00e8re, Couteau, Fourchette Et Cure-dents"}]},{"@type":"WebSite","@id":"https:\/\/www.eco2.ca\/fr\/#website","url":"https:\/\/www.eco2.ca\/fr\/","name":"Eco2bureau","description":"","publisher":{"@id":"https:\/\/www.eco2.ca\/fr\/#organization"},"potentialAction":[{"@type":"SearchAction","target":{"@type":"EntryPoint","urlTemplate":"https:\/\/www.eco2.ca\/fr\/?s={search_term_string}"},"query-input":{"@type":"PropertyValueSpecification","valueRequired":true,"valueName":"search_term_string"}}],"inLanguage":"fr-FR"},{"@type":"Organization","@id":"https:\/\/www.eco2.ca\/fr\/#organization","name":"Eco2bureau","url":"https:\/\/www.eco2.ca\/fr\/","logo":{"@type":"ImageObject","inLanguage":"fr-FR","@id":"https:\/\/www.eco2.ca\/fr\/#\/schema\/logo\/image\/","url":"https:\/\/www.eco2.ca\/wp-content\/uploads\/2025\/04\/cropped-cropped-Add-a-subheading-3.png","contentUrl":"https:\/\/www.eco2.ca\/wp-content\/uploads\/2025\/04\/cropped-cropped-Add-a-subheading-3.png","width":469,"height":109,"caption":"Eco2bureau"},"image":{"@id":"https:\/\/www.eco2.ca\/fr\/#\/schema\/logo\/image\/"}}]}},"uagb_featured_image_src":{"full":["https:\/\/www.eco2.ca\/wp-content\/uploads\/2025\/05\/3.png",340,340,false],"thumbnail":["https:\/\/www.eco2.ca\/wp-content\/uploads\/2025\/05\/3-150x150.png",150,150,true],"medium":["https:\/\/www.eco2.ca\/wp-content\/uploads\/2025\/05\/3-300x300.png",300,300,true],"medium_large":["https:\/\/www.eco2.ca\/wp-content\/uploads\/2025\/05\/3.png",340,340,false],"large":["https:\/\/www.eco2.ca\/wp-content\/uploads\/2025\/05\/3.png",340,340,false],"1536x1536":["https:\/\/www.eco2.ca\/wp-content\/uploads\/2025\/05\/3.png",340,340,false],"2048x2048":["https:\/\/www.eco2.ca\/wp-content\/uploads\/2025\/05\/3.png",340,340,false],"wishsuite-image":["https:\/\/www.eco2.ca\/wp-content\/uploads\/2025\/05\/3.png",80,80,false],"woocommerce_thumbnail":["https:\/\/www.eco2.ca\/wp-content\/uploads\/2025\/05\/3-300x300.png",300,300,true],"woocommerce_single":["https:\/\/www.eco2.ca\/wp-content\/uploads\/2025\/05\/3.png",340,340,false],"woocommerce_gallery_thumbnail":["https:\/\/www.eco2.ca\/wp-content\/uploads\/2025\/05\/3-100x100.png",100,100,true]},"uagb_author_info":{"display_name":"Mary ..","author_link":"https:\/\/www.eco2.ca\/fr\/author\/"},"uagb_comment_info":0,"uagb_excerpt":"Notre ensemble de couverts en bois \u2014 comprenant cuill\u00e8re, couteau, fourchette, b\u00e2tonnets m\u00e9langeurs et cure-dents \u2014 est fabriqu\u00e9 \u00e0 partir de bois naturel compostable et con\u00e7u pour r\u00e9sister \u00e0 toutes les temp\u00e9ratures de repas, offrant une option rustique et z\u00e9ro d\u00e9chet pour des repas \u00e9coresponsables. Des b\u00e2tonnets en bois sont \u00e9galement disponibles.","_links":{"self":[{"href":"https:\/\/www.eco2.ca\/fr\/wp-json\/wp\/v2\/product\/12541","targetHints":{"allow":["GET"]}}],"collection":[{"href":"https:\/\/www.eco2.ca\/fr\/wp-json\/wp\/v2\/product"}],"about":[{"href":"https:\/\/www.eco2.ca\/fr\/wp-json\/wp\/v2\/types\/product"}],"wp:featuredmedia":[{"embeddable":true,"href":"https:\/\/www.eco2.ca\/fr\/wp-json\/wp\/v2\/media\/10779"}],"wp:attachment":[{"href":"https:\/\/www.eco2.ca\/fr\/wp-json\/wp\/v2\/media?parent=12541"}],"wp:term":[{"taxonomy":"product_brand","embeddable":true,"href":"https:\/\/www.eco2.ca\/fr\/wp-json\/wp\/v2\/product_brand?post=12541"},{"taxonomy":"product_cat","embeddable":true,"href":"https:\/\/www.eco2.ca\/fr\/wp-json\/wp\/v2\/product_cat?post=12541"},{"taxonomy":"product_tag","embeddable":true,"href":"https:\/\/www.eco2.ca\/fr\/wp-json\/wp\/v2\/product_tag?post=12541"}],"curies":[{"name":"wp","href":"https:\/\/api.w.org\/{rel}","templated":true}]}}