{"id":12950,"date":"2025-11-26T19:42:53","date_gmt":"2025-11-26T19:42:53","guid":{"rendered":"https:\/\/www.eco2.ca\/?post_type=product&#038;p=12950"},"modified":"2025-11-26T19:56:01","modified_gmt":"2025-11-26T19:56:01","slug":"couvercles-compostables-pour-gobelets-pour-boissons-froides","status":"publish","type":"product","link":"https:\/\/www.eco2.ca\/fr\/product\/couvercles-compostables-pour-gobelets-pour-boissons-froides\/","title":{"rendered":"Couvercles Compostables Pour Gobelets Pour Boissons Froides"},"content":{"rendered":"<h2 style=\"font-size: 1.3em;\">Couvercles Compostables pour Gobelets Froids : Durables, \u00c9coresponsables &amp; Polyvalents<\/h2>\n<p>Fabriqu\u00e9s \u00e0 partir de carton, PET et bagasse, ces couvercles compostables de haute qualit\u00e9 offrent une solution durable pour servir des boissons froides. Dot\u00e9s d\u2019une couche protectrice en PLA, ils garantissent une r\u00e9sistance aux fuites et pr\u00e9servent l\u2019int\u00e9grit\u00e9 des boissons, constituant une excellente alternative aux couvercles en plastique traditionnels.<\/p>\n<h3 style=\"font-size: 1.3em;\">Caract\u00e9ristiques du Produit:<\/h3>\n<p>\u2705 Fabriqu\u00e9s \u00e0 partir de mat\u00e9riaux renouvelables \u2013 carton, PET et bagasse pour un service de boissons respectueux de l\u2019environnement<\/p>\n<p>\u2705 Dimensions con\u00e7ues pour la compatibilit\u00e9: 90 mm de largeur, adapt\u00e9s aux gobelets froids de 12 \u00e0 22 oz, et 98 mm pour un ajustement s\u00fbr sur les gobelets en plastique.<\/p>\n<p>\u2705 Vendus en gros \u2013 1 000 unit\u00e9s par carton, id\u00e9al pour les caf\u00e9s, restaurants et services \u00e0 emporter<\/p>\n<p>\u2705 Compostables et biod\u00e9gradables, soutenant des pratiques commerciales durables<\/p>\n<p>Am\u00e9liorez votre emballage de boissons froides avec des couvercles robustes et \u00e9cologiques, alliant performance et responsabilit\u00e9 environnementale!<\/p>\n","protected":false},"excerpt":{"rendered":"<p>Fabriqu\u00e9s en Carton, PET et Bagasse avec un Rev\u00eatement en PLA pour une \u00c9tanch\u00e9it\u00e9 Optimale<br \/>\n\u2705Convient aux gobelets froids (largeur 90 mm) et aux gobelets chauds (largeur 98 mm) \u2014 pour un ajustement s\u00fbr et fiable selon le type de boisson.<br \/>\n\u2705 Vendus en gros \u2013 1 000 unit\u00e9s par carton<br \/>\n\u2705 Compostables et biod\u00e9gradables, une option durable<\/p>\n","protected":false},"featured_media":7298,"template":"","meta":{"_eb_attr":"","_uag_custom_page_level_css":"","site-sidebar-layout":"default","site-content-layout":"","ast-site-content-layout":"default","site-content-style":"default","site-sidebar-style":"default","ast-global-header-display":"","ast-banner-title-visibility":"","ast-main-header-display":"","ast-hfb-above-header-display":"","ast-hfb-below-header-display":"","ast-hfb-mobile-header-display":"","site-post-title":"","ast-breadcrumbs-content":"","ast-featured-img":"","footer-sml-layout":"","ast-disable-related-posts":"","theme-transparent-header-meta":"default","adv-header-id-meta":"","stick-header-meta":"","header-above-stick-meta":"","header-main-stick-meta":"","header-below-stick-meta":"","astra-migrate-meta-layouts":"set","ast-page-background-enabled":"default","ast-page-background-meta":{"desktop":{"background-color":"","background-image":"","background-repeat":"repeat","background-position":"center center","background-size":"auto","background-attachment":"scroll","background-type":"","background-media":"","overlay-type":"","overlay-color":"","overlay-opacity":"","overlay-gradient":""},"tablet":{"background-color":"","background-image":"","background-repeat":"repeat","background-position":"center center","background-size":"auto","background-attachment":"scroll","background-type":"","background-media":"","overlay-type":"","overlay-color":"","overlay-opacity":"","overlay-gradient":""},"mobile":{"background-color":"","background-image":"","background-repeat":"repeat","background-position":"center center","background-size":"auto","background-attachment":"scroll","background-type":"","background-media":"","overlay-type":"","overlay-color":"","overlay-opacity":"","overlay-gradient":""}},"ast-content-background-meta":{"desktop":{"background-color":"var(--ast-global-color-5)","background-image":"","background-repeat":"repeat","background-position":"center center","background-size":"auto","background-attachment":"scroll","background-type":"","background-media":"","overlay-type":"","overlay-color":"","overlay-opacity":"","overlay-gradient":""},"tablet":{"background-color":"var(--ast-global-color-5)","background-image":"","background-repeat":"repeat","background-position":"center center","background-size":"auto","background-attachment":"scroll","background-type":"","background-media":"","overlay-type":"","overlay-color":"","overlay-opacity":"","overlay-gradient":""},"mobile":{"background-color":"var(--ast-global-color-5)","background-image":"","background-repeat":"repeat","background-position":"center center","background-size":"auto","background-attachment":"scroll","background-type":"","background-media":"","overlay-type":"","overlay-color":"","overlay-opacity":"","overlay-gradient":""}},"_selected_store_location":"","_selected_store_location_key":""},"product_brand":[],"product_cat":[207,189],"product_tag":[],"class_list":{"0":"post-12950","1":"product","2":"type-product","3":"status-publish","4":"has-post-thumbnail","6":"product_cat-couvercles-de-gobelets-froids","7":"product_cat-tasses-et-accessoires","8":"desktop-align-center","9":"tablet-align-center","10":"mobile-align-center","12":"first","13":"instock","14":"shipping-taxable","15":"product-type-simple"},"yoast_head":"<!-- This site is optimized with the Yoast SEO plugin v27.5 - https:\/\/yoast.com\/product\/yoast-seo-wordpress\/ -->\n<title>Couvercles Compostables Pour Gobelets Pour Boissons Froides - Eco2bureau<\/title>\n<meta name=\"description\" content=\"Fabriqu\u00e9s \u00e0 partir de carton, PET et bagasse, ces couvercles compostables de haute qualit\u00e9 offrent une solution durable pour servir des boissons froides.\" \/>\n<meta name=\"robots\" content=\"index, follow, max-snippet:-1, max-image-preview:large, max-video-preview:-1\" \/>\n<link rel=\"canonical\" href=\"https:\/\/www.eco2.ca\/fr\/product\/couvercles-compostables-pour-gobelets-pour-boissons-froides\/\" \/>\n<meta property=\"og:locale\" content=\"fr_FR\" \/>\n<meta property=\"og:type\" content=\"article\" \/>\n<meta property=\"og:title\" content=\"Couvercles Compostables Pour Gobelets Pour Boissons Froides - Eco2bureau\" \/>\n<meta property=\"og:description\" content=\"Fabriqu\u00e9s \u00e0 partir de carton, PET et bagasse, ces couvercles compostables de haute qualit\u00e9 offrent une solution durable pour servir des boissons froides.\" \/>\n<meta property=\"og:url\" content=\"https:\/\/www.eco2.ca\/fr\/product\/couvercles-compostables-pour-gobelets-pour-boissons-froides\/\" \/>\n<meta property=\"og:site_name\" content=\"Eco2bureau\" \/>\n<meta property=\"article:modified_time\" content=\"2025-11-26T19:56:01+00:00\" \/>\n<meta property=\"og:image\" content=\"https:\/\/www.eco2.ca\/wp-content\/uploads\/2025\/02\/EP-98FL.jpeg\" \/>\n\t<meta property=\"og:image:width\" content=\"500\" \/>\n\t<meta property=\"og:image:height\" content=\"500\" \/>\n\t<meta property=\"og:image:type\" content=\"image\/jpeg\" \/>\n<meta name=\"twitter:card\" content=\"summary_large_image\" \/>\n<meta name=\"twitter:label1\" content=\"Dur\u00e9e de lecture estim\u00e9e\" \/>\n\t<meta name=\"twitter:data1\" content=\"1 minute\" \/>\n<script type=\"application\/ld+json\" class=\"yoast-schema-graph\">{\"@context\":\"https:\\\/\\\/schema.org\",\"@graph\":[{\"@type\":\"WebPage\",\"@id\":\"https:\\\/\\\/www.eco2.ca\\\/fr\\\/product\\\/couvercles-compostables-pour-gobelets-pour-boissons-froides\\\/\",\"url\":\"https:\\\/\\\/www.eco2.ca\\\/fr\\\/product\\\/couvercles-compostables-pour-gobelets-pour-boissons-froides\\\/\",\"name\":\"Couvercles Compostables Pour Gobelets Pour Boissons Froides - Eco2bureau\",\"isPartOf\":{\"@id\":\"https:\\\/\\\/www.eco2.ca\\\/fr\\\/#website\"},\"primaryImageOfPage\":{\"@id\":\"https:\\\/\\\/www.eco2.ca\\\/fr\\\/product\\\/couvercles-compostables-pour-gobelets-pour-boissons-froides\\\/#primaryimage\"},\"image\":{\"@id\":\"https:\\\/\\\/www.eco2.ca\\\/fr\\\/product\\\/couvercles-compostables-pour-gobelets-pour-boissons-froides\\\/#primaryimage\"},\"thumbnailUrl\":\"https:\\\/\\\/www.eco2.ca\\\/wp-content\\\/uploads\\\/2025\\\/02\\\/EP-98FL.jpeg\",\"datePublished\":\"2025-11-26T19:42:53+00:00\",\"dateModified\":\"2025-11-26T19:56:01+00:00\",\"description\":\"Fabriqu\u00e9s \u00e0 partir de carton, PET et bagasse, ces couvercles compostables de haute qualit\u00e9 offrent une solution durable pour servir des boissons froides.\",\"breadcrumb\":{\"@id\":\"https:\\\/\\\/www.eco2.ca\\\/fr\\\/product\\\/couvercles-compostables-pour-gobelets-pour-boissons-froides\\\/#breadcrumb\"},\"inLanguage\":\"fr-FR\",\"potentialAction\":[{\"@type\":\"ReadAction\",\"target\":[\"https:\\\/\\\/www.eco2.ca\\\/fr\\\/product\\\/couvercles-compostables-pour-gobelets-pour-boissons-froides\\\/\"]}]},{\"@type\":\"ImageObject\",\"inLanguage\":\"fr-FR\",\"@id\":\"https:\\\/\\\/www.eco2.ca\\\/fr\\\/product\\\/couvercles-compostables-pour-gobelets-pour-boissons-froides\\\/#primaryimage\",\"url\":\"https:\\\/\\\/www.eco2.ca\\\/wp-content\\\/uploads\\\/2025\\\/02\\\/EP-98FL.jpeg\",\"contentUrl\":\"https:\\\/\\\/www.eco2.ca\\\/wp-content\\\/uploads\\\/2025\\\/02\\\/EP-98FL.jpeg\",\"width\":500,\"height\":500,\"caption\":\"eco-friendly cup lid\"},{\"@type\":\"BreadcrumbList\",\"@id\":\"https:\\\/\\\/www.eco2.ca\\\/fr\\\/product\\\/couvercles-compostables-pour-gobelets-pour-boissons-froides\\\/#breadcrumb\",\"itemListElement\":[{\"@type\":\"ListItem\",\"position\":1,\"name\":\"Home\",\"item\":\"https:\\\/\\\/www.eco2.ca\\\/fr\\\/\"},{\"@type\":\"ListItem\",\"position\":2,\"name\":\"Boutique\",\"item\":\"https:\\\/\\\/www.eco2.ca\\\/fr\\\/boutique\\\/\"},{\"@type\":\"ListItem\",\"position\":3,\"name\":\"Couvercles Compostables Pour Gobelets Pour Boissons Froides\"}]},{\"@type\":\"WebSite\",\"@id\":\"https:\\\/\\\/www.eco2.ca\\\/fr\\\/#website\",\"url\":\"https:\\\/\\\/www.eco2.ca\\\/fr\\\/\",\"name\":\"Eco2bureau\",\"description\":\"\",\"publisher\":{\"@id\":\"https:\\\/\\\/www.eco2.ca\\\/fr\\\/#organization\"},\"potentialAction\":[{\"@type\":\"SearchAction\",\"target\":{\"@type\":\"EntryPoint\",\"urlTemplate\":\"https:\\\/\\\/www.eco2.ca\\\/fr\\\/?s={search_term_string}\"},\"query-input\":{\"@type\":\"PropertyValueSpecification\",\"valueRequired\":true,\"valueName\":\"search_term_string\"}}],\"inLanguage\":\"fr-FR\"},{\"@type\":\"Organization\",\"@id\":\"https:\\\/\\\/www.eco2.ca\\\/fr\\\/#organization\",\"name\":\"Eco2bureau\",\"url\":\"https:\\\/\\\/www.eco2.ca\\\/fr\\\/\",\"logo\":{\"@type\":\"ImageObject\",\"inLanguage\":\"fr-FR\",\"@id\":\"https:\\\/\\\/www.eco2.ca\\\/fr\\\/#\\\/schema\\\/logo\\\/image\\\/\",\"url\":\"https:\\\/\\\/www.eco2.ca\\\/wp-content\\\/uploads\\\/2025\\\/04\\\/cropped-cropped-Add-a-subheading-3.png\",\"contentUrl\":\"https:\\\/\\\/www.eco2.ca\\\/wp-content\\\/uploads\\\/2025\\\/04\\\/cropped-cropped-Add-a-subheading-3.png\",\"width\":469,\"height\":109,\"caption\":\"Eco2bureau\"},\"image\":{\"@id\":\"https:\\\/\\\/www.eco2.ca\\\/fr\\\/#\\\/schema\\\/logo\\\/image\\\/\"}}]}<\/script>\n<!-- \/ Yoast SEO plugin. -->","yoast_head_json":{"title":"Couvercles Compostables Pour Gobelets Pour Boissons Froides - Eco2bureau","description":"Fabriqu\u00e9s \u00e0 partir de carton, PET et bagasse, ces couvercles compostables de haute qualit\u00e9 offrent une solution durable pour servir des boissons froides.","robots":{"index":"index","follow":"follow","max-snippet":"max-snippet:-1","max-image-preview":"max-image-preview:large","max-video-preview":"max-video-preview:-1"},"canonical":"https:\/\/www.eco2.ca\/fr\/product\/couvercles-compostables-pour-gobelets-pour-boissons-froides\/","og_locale":"fr_FR","og_type":"article","og_title":"Couvercles Compostables Pour Gobelets Pour Boissons Froides - Eco2bureau","og_description":"Fabriqu\u00e9s \u00e0 partir de carton, PET et bagasse, ces couvercles compostables de haute qualit\u00e9 offrent une solution durable pour servir des boissons froides.","og_url":"https:\/\/www.eco2.ca\/fr\/product\/couvercles-compostables-pour-gobelets-pour-boissons-froides\/","og_site_name":"Eco2bureau","article_modified_time":"2025-11-26T19:56:01+00:00","og_image":[{"width":500,"height":500,"url":"https:\/\/www.eco2.ca\/wp-content\/uploads\/2025\/02\/EP-98FL.jpeg","type":"image\/jpeg"}],"twitter_card":"summary_large_image","twitter_misc":{"Dur\u00e9e de lecture estim\u00e9e":"1 minute"},"schema":{"@context":"https:\/\/schema.org","@graph":[{"@type":"WebPage","@id":"https:\/\/www.eco2.ca\/fr\/product\/couvercles-compostables-pour-gobelets-pour-boissons-froides\/","url":"https:\/\/www.eco2.ca\/fr\/product\/couvercles-compostables-pour-gobelets-pour-boissons-froides\/","name":"Couvercles Compostables Pour Gobelets Pour Boissons Froides - Eco2bureau","isPartOf":{"@id":"https:\/\/www.eco2.ca\/fr\/#website"},"primaryImageOfPage":{"@id":"https:\/\/www.eco2.ca\/fr\/product\/couvercles-compostables-pour-gobelets-pour-boissons-froides\/#primaryimage"},"image":{"@id":"https:\/\/www.eco2.ca\/fr\/product\/couvercles-compostables-pour-gobelets-pour-boissons-froides\/#primaryimage"},"thumbnailUrl":"https:\/\/www.eco2.ca\/wp-content\/uploads\/2025\/02\/EP-98FL.jpeg","datePublished":"2025-11-26T19:42:53+00:00","dateModified":"2025-11-26T19:56:01+00:00","description":"Fabriqu\u00e9s \u00e0 partir de carton, PET et bagasse, ces couvercles compostables de haute qualit\u00e9 offrent une solution durable pour servir des boissons froides.","breadcrumb":{"@id":"https:\/\/www.eco2.ca\/fr\/product\/couvercles-compostables-pour-gobelets-pour-boissons-froides\/#breadcrumb"},"inLanguage":"fr-FR","potentialAction":[{"@type":"ReadAction","target":["https:\/\/www.eco2.ca\/fr\/product\/couvercles-compostables-pour-gobelets-pour-boissons-froides\/"]}]},{"@type":"ImageObject","inLanguage":"fr-FR","@id":"https:\/\/www.eco2.ca\/fr\/product\/couvercles-compostables-pour-gobelets-pour-boissons-froides\/#primaryimage","url":"https:\/\/www.eco2.ca\/wp-content\/uploads\/2025\/02\/EP-98FL.jpeg","contentUrl":"https:\/\/www.eco2.ca\/wp-content\/uploads\/2025\/02\/EP-98FL.jpeg","width":500,"height":500,"caption":"eco-friendly cup lid"},{"@type":"BreadcrumbList","@id":"https:\/\/www.eco2.ca\/fr\/product\/couvercles-compostables-pour-gobelets-pour-boissons-froides\/#breadcrumb","itemListElement":[{"@type":"ListItem","position":1,"name":"Home","item":"https:\/\/www.eco2.ca\/fr\/"},{"@type":"ListItem","position":2,"name":"Boutique","item":"https:\/\/www.eco2.ca\/fr\/boutique\/"},{"@type":"ListItem","position":3,"name":"Couvercles Compostables Pour Gobelets Pour Boissons Froides"}]},{"@type":"WebSite","@id":"https:\/\/www.eco2.ca\/fr\/#website","url":"https:\/\/www.eco2.ca\/fr\/","name":"Eco2bureau","description":"","publisher":{"@id":"https:\/\/www.eco2.ca\/fr\/#organization"},"potentialAction":[{"@type":"SearchAction","target":{"@type":"EntryPoint","urlTemplate":"https:\/\/www.eco2.ca\/fr\/?s={search_term_string}"},"query-input":{"@type":"PropertyValueSpecification","valueRequired":true,"valueName":"search_term_string"}}],"inLanguage":"fr-FR"},{"@type":"Organization","@id":"https:\/\/www.eco2.ca\/fr\/#organization","name":"Eco2bureau","url":"https:\/\/www.eco2.ca\/fr\/","logo":{"@type":"ImageObject","inLanguage":"fr-FR","@id":"https:\/\/www.eco2.ca\/fr\/#\/schema\/logo\/image\/","url":"https:\/\/www.eco2.ca\/wp-content\/uploads\/2025\/04\/cropped-cropped-Add-a-subheading-3.png","contentUrl":"https:\/\/www.eco2.ca\/wp-content\/uploads\/2025\/04\/cropped-cropped-Add-a-subheading-3.png","width":469,"height":109,"caption":"Eco2bureau"},"image":{"@id":"https:\/\/www.eco2.ca\/fr\/#\/schema\/logo\/image\/"}}]}},"uagb_featured_image_src":{"full":["https:\/\/www.eco2.ca\/wp-content\/uploads\/2025\/02\/EP-98FL.jpeg",500,500,false],"thumbnail":["https:\/\/www.eco2.ca\/wp-content\/uploads\/2025\/02\/EP-98FL-150x150.jpeg",150,150,true],"medium":["https:\/\/www.eco2.ca\/wp-content\/uploads\/2025\/02\/EP-98FL-300x300.jpeg",300,300,true],"medium_large":["https:\/\/www.eco2.ca\/wp-content\/uploads\/2025\/02\/EP-98FL.jpeg",500,500,false],"large":["https:\/\/www.eco2.ca\/wp-content\/uploads\/2025\/02\/EP-98FL.jpeg",500,500,false],"1536x1536":["https:\/\/www.eco2.ca\/wp-content\/uploads\/2025\/02\/EP-98FL.jpeg",500,500,false],"2048x2048":["https:\/\/www.eco2.ca\/wp-content\/uploads\/2025\/02\/EP-98FL.jpeg",500,500,false],"wishsuite-image":["https:\/\/www.eco2.ca\/wp-content\/uploads\/2025\/02\/EP-98FL.jpeg",80,80,false],"woocommerce_thumbnail":["https:\/\/www.eco2.ca\/wp-content\/uploads\/2025\/02\/EP-98FL-300x300.jpeg",300,300,true],"woocommerce_single":["https:\/\/www.eco2.ca\/wp-content\/uploads\/2025\/02\/EP-98FL.jpeg",500,500,false],"woocommerce_gallery_thumbnail":["https:\/\/www.eco2.ca\/wp-content\/uploads\/2025\/02\/EP-98FL-100x100.jpeg",100,100,true]},"uagb_author_info":{"display_name":"Mary ..","author_link":"https:\/\/www.eco2.ca\/fr\/author\/"},"uagb_comment_info":0,"uagb_excerpt":"Fabriqu\u00e9s en Carton, PET et Bagasse avec un Rev\u00eatement en PLA pour une \u00c9tanch\u00e9it\u00e9 Optimale \u2705Convient aux gobelets froids (largeur 90 mm) et aux gobelets chauds (largeur 98 mm) \u2014 pour un ajustement s\u00fbr et fiable selon le type de boisson. \u2705 Vendus en gros \u2013 1 000 unit\u00e9s par carton \u2705 Compostables et biod\u00e9gradables,\u2026","_links":{"self":[{"href":"https:\/\/www.eco2.ca\/fr\/wp-json\/wp\/v2\/product\/12950","targetHints":{"allow":["GET"]}}],"collection":[{"href":"https:\/\/www.eco2.ca\/fr\/wp-json\/wp\/v2\/product"}],"about":[{"href":"https:\/\/www.eco2.ca\/fr\/wp-json\/wp\/v2\/types\/product"}],"wp:featuredmedia":[{"embeddable":true,"href":"https:\/\/www.eco2.ca\/fr\/wp-json\/wp\/v2\/media\/7298"}],"wp:attachment":[{"href":"https:\/\/www.eco2.ca\/fr\/wp-json\/wp\/v2\/media?parent=12950"}],"wp:term":[{"taxonomy":"product_brand","embeddable":true,"href":"https:\/\/www.eco2.ca\/fr\/wp-json\/wp\/v2\/product_brand?post=12950"},{"taxonomy":"product_cat","embeddable":true,"href":"https:\/\/www.eco2.ca\/fr\/wp-json\/wp\/v2\/product_cat?post=12950"},{"taxonomy":"product_tag","embeddable":true,"href":"https:\/\/www.eco2.ca\/fr\/wp-json\/wp\/v2\/product_tag?post=12950"}],"curies":[{"name":"wp","href":"https:\/\/api.w.org\/{rel}","templated":true}]}}