{"id":12956,"date":"2025-11-28T20:18:26","date_gmt":"2025-11-28T20:18:26","guid":{"rendered":"https:\/\/www.eco2.ca\/?post_type=product&#038;p=12956"},"modified":"2026-01-14T15:08:49","modified_gmt":"2026-01-14T15:08:49","slug":"bols-a-soupe-pour-emporter-kraft-avec-doublure-en-pla","status":"publish","type":"product","link":"https:\/\/www.eco2.ca\/fr\/product\/bols-a-soupe-pour-emporter-kraft-avec-doublure-en-pla\/","title":{"rendered":"Bols A Soupe Pour Emporter \u2013 Kraft Avec Doublure En PLA"},"content":{"rendered":"<h2 style=\"font-size: 1.3em;\">Bols A Soupe Pour Emporter \u2013 Kraft Avec Doublure En PLA<\/h2>\n<p>Servez vos soupes, rago\u00fbts et boissons en toute confiance tout en mettant de l\u2019avant votre engagement envers la durabilit\u00e9. Nos <strong>bols \u00e0 soupe Kraft pour emporter<\/strong> sont fabriqu\u00e9s en papier robuste avec une doublure en PLA d\u2019origine v\u00e9g\u00e9tale, ce qui les rend \u00e0 la fois solides et \u00e9cologiques. Con\u00e7us pour contenir des aliments chauds ou froids, ils sont le choix id\u00e9al pour les entreprises qui privil\u00e9gient la qualit\u00e9 et la responsabilit\u00e9 environnementale.<\/p>\n<p>La finition brun kraft naturel apporte une touche moderne et authentique\u2014parfaite pour les caf\u00e9s, restaurants, camions de rue et services de traiteur qui souhaitent r\u00e9duire leur empreinte \u00e9cologique sans compromettre le style. Chaque bol est <strong>certifi\u00e9 BPI<\/strong> et conforme \u00e0 la norme <strong>ASTM D6400<\/strong>, garantissant une compostabilit\u00e9 responsable apr\u00e8s usage.<\/p>\n<h3 style=\"font-size: 1.3em;\">Tailles Disponibles<\/h3>\n<ul>\n<li><strong>3 oz<\/strong> \u2013 1 000 bols par caisse<\/li>\n<li><strong>5 oz<\/strong> \u2013 1 000 bols par caisse<\/li>\n<\/ul>\n<h4 style=\"font-size: 1.3em;\">Caract\u00e9ristiques principales:<\/h4>\n<ul>\n<li>Fabriqu\u00e9s en papier robuste avec doublure en PLA v\u00e9g\u00e9tal<\/li>\n<li>Conviennent aux aliments chauds et froids<\/li>\n<li>Couleur brun kraft naturel pour un style moderne et \u00e9pur\u00e9<\/li>\n<li>Certifi\u00e9s BPI et conformes \u00e0 la norme ASTM D6400<\/li>\n<li>Enti\u00e8rement compostables pour une \u00e9limination \u00e9cologique<\/li>\n<li>Exp\u00e9dition rapide : d\u00e9lai de 2 \u00e0 3 jours<\/li>\n<li>Emballage en vrac pour les besoins \u00e0 grand volume<\/li>\n<\/ul>\n","protected":false},"excerpt":{"rendered":"<p>Couvercles transparents en PET recyclable et en PLA compostable, con\u00e7us pour les salades en bagasse. Couleur brun kraft naturel, certifi\u00e9s BPI et conformes \u00e0 la norme ASTM D6400. Chaque caisse comprend 1000 gobelets compostables pour les deux formats.<\/p>\n","protected":false},"featured_media":12954,"template":"","meta":{"_eb_attr":"","_uag_custom_page_level_css":"","site-sidebar-layout":"default","site-content-layout":"","ast-site-content-layout":"default","site-content-style":"default","site-sidebar-style":"default","ast-global-header-display":"","ast-banner-title-visibility":"","ast-main-header-display":"","ast-hfb-above-header-display":"","ast-hfb-below-header-display":"","ast-hfb-mobile-header-display":"","site-post-title":"","ast-breadcrumbs-content":"","ast-featured-img":"","footer-sml-layout":"","ast-disable-related-posts":"","theme-transparent-header-meta":"default","adv-header-id-meta":"","stick-header-meta":"","header-above-stick-meta":"","header-main-stick-meta":"","header-below-stick-meta":"","astra-migrate-meta-layouts":"set","ast-page-background-enabled":"default","ast-page-background-meta":{"desktop":{"background-color":"","background-image":"","background-repeat":"repeat","background-position":"center center","background-size":"auto","background-attachment":"scroll","background-type":"","background-media":"","overlay-type":"","overlay-color":"","overlay-opacity":"","overlay-gradient":""},"tablet":{"background-color":"","background-image":"","background-repeat":"repeat","background-position":"center center","background-size":"auto","background-attachment":"scroll","background-type":"","background-media":"","overlay-type":"","overlay-color":"","overlay-opacity":"","overlay-gradient":""},"mobile":{"background-color":"","background-image":"","background-repeat":"repeat","background-position":"center center","background-size":"auto","background-attachment":"scroll","background-type":"","background-media":"","overlay-type":"","overlay-color":"","overlay-opacity":"","overlay-gradient":""}},"ast-content-background-meta":{"desktop":{"background-color":"var(--ast-global-color-5)","background-image":"","background-repeat":"repeat","background-position":"center center","background-size":"auto","background-attachment":"scroll","background-type":"","background-media":"","overlay-type":"","overlay-color":"","overlay-opacity":"","overlay-gradient":""},"tablet":{"background-color":"var(--ast-global-color-5)","background-image":"","background-repeat":"repeat","background-position":"center center","background-size":"auto","background-attachment":"scroll","background-type":"","background-media":"","overlay-type":"","overlay-color":"","overlay-opacity":"","overlay-gradient":""},"mobile":{"background-color":"var(--ast-global-color-5)","background-image":"","background-repeat":"repeat","background-position":"center center","background-size":"auto","background-attachment":"scroll","background-type":"","background-media":"","overlay-type":"","overlay-color":"","overlay-opacity":"","overlay-gradient":""}},"_selected_store_location":"","_selected_store_location_key":""},"product_brand":[],"product_cat":[190,221],"product_tag":[],"class_list":{"0":"post-12956","1":"product","2":"type-product","3":"status-publish","4":"has-post-thumbnail","6":"product_cat-bols","7":"product_cat-bols-a-soupe-a-emporter-et-couvercles","8":"desktop-align-center","9":"tablet-align-center","10":"mobile-align-center","12":"first","13":"instock","14":"shipping-taxable","15":"product-type-simple"},"yoast_head":"<!-- This site is optimized with the Yoast SEO plugin v27.5 - https:\/\/yoast.com\/product\/yoast-seo-wordpress\/ -->\n<title>Bols A Soupe Pour Emporter \u2013 Kraft Avec Doublure En PLA - Eco2bureau<\/title>\n<meta name=\"description\" content=\"Servez vos soupes, rago\u00fbts et boissons en toute confiance tout en mettant de l\u2019avant votre engagement envers la durabilit\u00e9.\" \/>\n<meta name=\"robots\" content=\"index, follow, max-snippet:-1, max-image-preview:large, max-video-preview:-1\" \/>\n<link rel=\"canonical\" href=\"https:\/\/www.eco2.ca\/fr\/product\/bols-a-soupe-pour-emporter-kraft-avec-doublure-en-pla\/\" \/>\n<meta property=\"og:locale\" content=\"fr_FR\" \/>\n<meta property=\"og:type\" content=\"article\" \/>\n<meta property=\"og:title\" content=\"Bols A Soupe Pour Emporter \u2013 Kraft Avec Doublure En PLA - Eco2bureau\" \/>\n<meta property=\"og:description\" content=\"Servez vos soupes, rago\u00fbts et boissons en toute confiance tout en mettant de l\u2019avant votre engagement envers la durabilit\u00e9.\" \/>\n<meta property=\"og:url\" content=\"https:\/\/www.eco2.ca\/fr\/product\/bols-a-soupe-pour-emporter-kraft-avec-doublure-en-pla\/\" \/>\n<meta property=\"og:site_name\" content=\"Eco2bureau\" \/>\n<meta property=\"article:modified_time\" content=\"2026-01-14T15:08:49+00:00\" \/>\n<meta property=\"og:image\" content=\"https:\/\/www.eco2.ca\/wp-content\/uploads\/2025\/11\/kraft.jpg\" \/>\n\t<meta property=\"og:image:width\" content=\"1200\" \/>\n\t<meta property=\"og:image:height\" content=\"1200\" \/>\n\t<meta property=\"og:image:type\" content=\"image\/jpeg\" \/>\n<meta name=\"twitter:card\" content=\"summary_large_image\" \/>\n<meta name=\"twitter:label1\" content=\"Dur\u00e9e de lecture estim\u00e9e\" \/>\n\t<meta name=\"twitter:data1\" content=\"2 minutes\" \/>\n<script type=\"application\/ld+json\" class=\"yoast-schema-graph\">{\"@context\":\"https:\\\/\\\/schema.org\",\"@graph\":[{\"@type\":\"WebPage\",\"@id\":\"https:\\\/\\\/www.eco2.ca\\\/fr\\\/product\\\/bols-a-soupe-pour-emporter-kraft-avec-doublure-en-pla\\\/\",\"url\":\"https:\\\/\\\/www.eco2.ca\\\/fr\\\/product\\\/bols-a-soupe-pour-emporter-kraft-avec-doublure-en-pla\\\/\",\"name\":\"Bols A Soupe Pour Emporter \u2013 Kraft Avec Doublure En PLA - Eco2bureau\",\"isPartOf\":{\"@id\":\"https:\\\/\\\/www.eco2.ca\\\/fr\\\/#website\"},\"primaryImageOfPage\":{\"@id\":\"https:\\\/\\\/www.eco2.ca\\\/fr\\\/product\\\/bols-a-soupe-pour-emporter-kraft-avec-doublure-en-pla\\\/#primaryimage\"},\"image\":{\"@id\":\"https:\\\/\\\/www.eco2.ca\\\/fr\\\/product\\\/bols-a-soupe-pour-emporter-kraft-avec-doublure-en-pla\\\/#primaryimage\"},\"thumbnailUrl\":\"https:\\\/\\\/www.eco2.ca\\\/wp-content\\\/uploads\\\/2025\\\/11\\\/kraft.jpg\",\"datePublished\":\"2025-11-28T20:18:26+00:00\",\"dateModified\":\"2026-01-14T15:08:49+00:00\",\"description\":\"Servez vos soupes, rago\u00fbts et boissons en toute confiance tout en mettant de l\u2019avant votre engagement envers la durabilit\u00e9.\",\"breadcrumb\":{\"@id\":\"https:\\\/\\\/www.eco2.ca\\\/fr\\\/product\\\/bols-a-soupe-pour-emporter-kraft-avec-doublure-en-pla\\\/#breadcrumb\"},\"inLanguage\":\"fr-FR\",\"potentialAction\":[{\"@type\":\"ReadAction\",\"target\":[\"https:\\\/\\\/www.eco2.ca\\\/fr\\\/product\\\/bols-a-soupe-pour-emporter-kraft-avec-doublure-en-pla\\\/\"]}]},{\"@type\":\"ImageObject\",\"inLanguage\":\"fr-FR\",\"@id\":\"https:\\\/\\\/www.eco2.ca\\\/fr\\\/product\\\/bols-a-soupe-pour-emporter-kraft-avec-doublure-en-pla\\\/#primaryimage\",\"url\":\"https:\\\/\\\/www.eco2.ca\\\/wp-content\\\/uploads\\\/2025\\\/11\\\/kraft.jpg\",\"contentUrl\":\"https:\\\/\\\/www.eco2.ca\\\/wp-content\\\/uploads\\\/2025\\\/11\\\/kraft.jpg\",\"width\":1200,\"height\":1200,\"caption\":\"Take Out Soup Bowls \u2013 Kraft with PLA Lining\"},{\"@type\":\"BreadcrumbList\",\"@id\":\"https:\\\/\\\/www.eco2.ca\\\/fr\\\/product\\\/bols-a-soupe-pour-emporter-kraft-avec-doublure-en-pla\\\/#breadcrumb\",\"itemListElement\":[{\"@type\":\"ListItem\",\"position\":1,\"name\":\"Home\",\"item\":\"https:\\\/\\\/www.eco2.ca\\\/fr\\\/\"},{\"@type\":\"ListItem\",\"position\":2,\"name\":\"Boutique\",\"item\":\"https:\\\/\\\/www.eco2.ca\\\/fr\\\/boutique\\\/\"},{\"@type\":\"ListItem\",\"position\":3,\"name\":\"Bols A Soupe Pour Emporter \u2013 Kraft Avec Doublure En PLA\"}]},{\"@type\":\"WebSite\",\"@id\":\"https:\\\/\\\/www.eco2.ca\\\/fr\\\/#website\",\"url\":\"https:\\\/\\\/www.eco2.ca\\\/fr\\\/\",\"name\":\"Eco2bureau\",\"description\":\"\",\"publisher\":{\"@id\":\"https:\\\/\\\/www.eco2.ca\\\/fr\\\/#organization\"},\"potentialAction\":[{\"@type\":\"SearchAction\",\"target\":{\"@type\":\"EntryPoint\",\"urlTemplate\":\"https:\\\/\\\/www.eco2.ca\\\/fr\\\/?s={search_term_string}\"},\"query-input\":{\"@type\":\"PropertyValueSpecification\",\"valueRequired\":true,\"valueName\":\"search_term_string\"}}],\"inLanguage\":\"fr-FR\"},{\"@type\":\"Organization\",\"@id\":\"https:\\\/\\\/www.eco2.ca\\\/fr\\\/#organization\",\"name\":\"Eco2bureau\",\"url\":\"https:\\\/\\\/www.eco2.ca\\\/fr\\\/\",\"logo\":{\"@type\":\"ImageObject\",\"inLanguage\":\"fr-FR\",\"@id\":\"https:\\\/\\\/www.eco2.ca\\\/fr\\\/#\\\/schema\\\/logo\\\/image\\\/\",\"url\":\"https:\\\/\\\/www.eco2.ca\\\/wp-content\\\/uploads\\\/2025\\\/04\\\/cropped-cropped-Add-a-subheading-3.png\",\"contentUrl\":\"https:\\\/\\\/www.eco2.ca\\\/wp-content\\\/uploads\\\/2025\\\/04\\\/cropped-cropped-Add-a-subheading-3.png\",\"width\":469,\"height\":109,\"caption\":\"Eco2bureau\"},\"image\":{\"@id\":\"https:\\\/\\\/www.eco2.ca\\\/fr\\\/#\\\/schema\\\/logo\\\/image\\\/\"}}]}<\/script>\n<!-- \/ Yoast SEO plugin. -->","yoast_head_json":{"title":"Bols A Soupe Pour Emporter \u2013 Kraft Avec Doublure En PLA - Eco2bureau","description":"Servez vos soupes, rago\u00fbts et boissons en toute confiance tout en mettant de l\u2019avant votre engagement envers la durabilit\u00e9.","robots":{"index":"index","follow":"follow","max-snippet":"max-snippet:-1","max-image-preview":"max-image-preview:large","max-video-preview":"max-video-preview:-1"},"canonical":"https:\/\/www.eco2.ca\/fr\/product\/bols-a-soupe-pour-emporter-kraft-avec-doublure-en-pla\/","og_locale":"fr_FR","og_type":"article","og_title":"Bols A Soupe Pour Emporter \u2013 Kraft Avec Doublure En PLA - Eco2bureau","og_description":"Servez vos soupes, rago\u00fbts et boissons en toute confiance tout en mettant de l\u2019avant votre engagement envers la durabilit\u00e9.","og_url":"https:\/\/www.eco2.ca\/fr\/product\/bols-a-soupe-pour-emporter-kraft-avec-doublure-en-pla\/","og_site_name":"Eco2bureau","article_modified_time":"2026-01-14T15:08:49+00:00","og_image":[{"width":1200,"height":1200,"url":"https:\/\/www.eco2.ca\/wp-content\/uploads\/2025\/11\/kraft.jpg","type":"image\/jpeg"}],"twitter_card":"summary_large_image","twitter_misc":{"Dur\u00e9e de lecture estim\u00e9e":"2 minutes"},"schema":{"@context":"https:\/\/schema.org","@graph":[{"@type":"WebPage","@id":"https:\/\/www.eco2.ca\/fr\/product\/bols-a-soupe-pour-emporter-kraft-avec-doublure-en-pla\/","url":"https:\/\/www.eco2.ca\/fr\/product\/bols-a-soupe-pour-emporter-kraft-avec-doublure-en-pla\/","name":"Bols A Soupe Pour Emporter \u2013 Kraft Avec Doublure En PLA - Eco2bureau","isPartOf":{"@id":"https:\/\/www.eco2.ca\/fr\/#website"},"primaryImageOfPage":{"@id":"https:\/\/www.eco2.ca\/fr\/product\/bols-a-soupe-pour-emporter-kraft-avec-doublure-en-pla\/#primaryimage"},"image":{"@id":"https:\/\/www.eco2.ca\/fr\/product\/bols-a-soupe-pour-emporter-kraft-avec-doublure-en-pla\/#primaryimage"},"thumbnailUrl":"https:\/\/www.eco2.ca\/wp-content\/uploads\/2025\/11\/kraft.jpg","datePublished":"2025-11-28T20:18:26+00:00","dateModified":"2026-01-14T15:08:49+00:00","description":"Servez vos soupes, rago\u00fbts et boissons en toute confiance tout en mettant de l\u2019avant votre engagement envers la durabilit\u00e9.","breadcrumb":{"@id":"https:\/\/www.eco2.ca\/fr\/product\/bols-a-soupe-pour-emporter-kraft-avec-doublure-en-pla\/#breadcrumb"},"inLanguage":"fr-FR","potentialAction":[{"@type":"ReadAction","target":["https:\/\/www.eco2.ca\/fr\/product\/bols-a-soupe-pour-emporter-kraft-avec-doublure-en-pla\/"]}]},{"@type":"ImageObject","inLanguage":"fr-FR","@id":"https:\/\/www.eco2.ca\/fr\/product\/bols-a-soupe-pour-emporter-kraft-avec-doublure-en-pla\/#primaryimage","url":"https:\/\/www.eco2.ca\/wp-content\/uploads\/2025\/11\/kraft.jpg","contentUrl":"https:\/\/www.eco2.ca\/wp-content\/uploads\/2025\/11\/kraft.jpg","width":1200,"height":1200,"caption":"Take Out Soup Bowls \u2013 Kraft with PLA Lining"},{"@type":"BreadcrumbList","@id":"https:\/\/www.eco2.ca\/fr\/product\/bols-a-soupe-pour-emporter-kraft-avec-doublure-en-pla\/#breadcrumb","itemListElement":[{"@type":"ListItem","position":1,"name":"Home","item":"https:\/\/www.eco2.ca\/fr\/"},{"@type":"ListItem","position":2,"name":"Boutique","item":"https:\/\/www.eco2.ca\/fr\/boutique\/"},{"@type":"ListItem","position":3,"name":"Bols A Soupe Pour Emporter \u2013 Kraft Avec Doublure En PLA"}]},{"@type":"WebSite","@id":"https:\/\/www.eco2.ca\/fr\/#website","url":"https:\/\/www.eco2.ca\/fr\/","name":"Eco2bureau","description":"","publisher":{"@id":"https:\/\/www.eco2.ca\/fr\/#organization"},"potentialAction":[{"@type":"SearchAction","target":{"@type":"EntryPoint","urlTemplate":"https:\/\/www.eco2.ca\/fr\/?s={search_term_string}"},"query-input":{"@type":"PropertyValueSpecification","valueRequired":true,"valueName":"search_term_string"}}],"inLanguage":"fr-FR"},{"@type":"Organization","@id":"https:\/\/www.eco2.ca\/fr\/#organization","name":"Eco2bureau","url":"https:\/\/www.eco2.ca\/fr\/","logo":{"@type":"ImageObject","inLanguage":"fr-FR","@id":"https:\/\/www.eco2.ca\/fr\/#\/schema\/logo\/image\/","url":"https:\/\/www.eco2.ca\/wp-content\/uploads\/2025\/04\/cropped-cropped-Add-a-subheading-3.png","contentUrl":"https:\/\/www.eco2.ca\/wp-content\/uploads\/2025\/04\/cropped-cropped-Add-a-subheading-3.png","width":469,"height":109,"caption":"Eco2bureau"},"image":{"@id":"https:\/\/www.eco2.ca\/fr\/#\/schema\/logo\/image\/"}}]}},"uagb_featured_image_src":{"full":["https:\/\/www.eco2.ca\/wp-content\/uploads\/2025\/11\/kraft.jpg",1200,1200,false],"thumbnail":["https:\/\/www.eco2.ca\/wp-content\/uploads\/2025\/11\/kraft-150x150.jpg",150,150,true],"medium":["https:\/\/www.eco2.ca\/wp-content\/uploads\/2025\/11\/kraft-300x300.jpg",300,300,true],"medium_large":["https:\/\/www.eco2.ca\/wp-content\/uploads\/2025\/11\/kraft-768x768.jpg",768,768,true],"large":["https:\/\/www.eco2.ca\/wp-content\/uploads\/2025\/11\/kraft-1024x1024.jpg",1024,1024,true],"1536x1536":["https:\/\/www.eco2.ca\/wp-content\/uploads\/2025\/11\/kraft.jpg",1200,1200,false],"2048x2048":["https:\/\/www.eco2.ca\/wp-content\/uploads\/2025\/11\/kraft.jpg",1200,1200,false],"wishsuite-image":["https:\/\/www.eco2.ca\/wp-content\/uploads\/2025\/11\/kraft-80x80.jpg",80,80,true],"woocommerce_thumbnail":["https:\/\/www.eco2.ca\/wp-content\/uploads\/2025\/11\/kraft-300x300.jpg",300,300,true],"woocommerce_single":["https:\/\/www.eco2.ca\/wp-content\/uploads\/2025\/11\/kraft-600x600.jpg",600,600,true],"woocommerce_gallery_thumbnail":["https:\/\/www.eco2.ca\/wp-content\/uploads\/2025\/11\/kraft-100x100.jpg",100,100,true]},"uagb_author_info":{"display_name":"Mary ..","author_link":"https:\/\/www.eco2.ca\/fr\/author\/"},"uagb_comment_info":0,"uagb_excerpt":"Couvercles transparents en PET recyclable et en PLA compostable, con\u00e7us pour les salades en bagasse. Couleur brun kraft naturel, certifi\u00e9s BPI et conformes \u00e0 la norme ASTM D6400. Chaque caisse comprend 1000 gobelets compostables pour les deux formats.","_links":{"self":[{"href":"https:\/\/www.eco2.ca\/fr\/wp-json\/wp\/v2\/product\/12956","targetHints":{"allow":["GET"]}}],"collection":[{"href":"https:\/\/www.eco2.ca\/fr\/wp-json\/wp\/v2\/product"}],"about":[{"href":"https:\/\/www.eco2.ca\/fr\/wp-json\/wp\/v2\/types\/product"}],"wp:featuredmedia":[{"embeddable":true,"href":"https:\/\/www.eco2.ca\/fr\/wp-json\/wp\/v2\/media\/12954"}],"wp:attachment":[{"href":"https:\/\/www.eco2.ca\/fr\/wp-json\/wp\/v2\/media?parent=12956"}],"wp:term":[{"taxonomy":"product_brand","embeddable":true,"href":"https:\/\/www.eco2.ca\/fr\/wp-json\/wp\/v2\/product_brand?post=12956"},{"taxonomy":"product_cat","embeddable":true,"href":"https:\/\/www.eco2.ca\/fr\/wp-json\/wp\/v2\/product_cat?post=12956"},{"taxonomy":"product_tag","embeddable":true,"href":"https:\/\/www.eco2.ca\/fr\/wp-json\/wp\/v2\/product_tag?post=12956"}],"curies":[{"name":"wp","href":"https:\/\/api.w.org\/{rel}","templated":true}]}}