{"id":12960,"date":"2025-11-28T20:58:10","date_gmt":"2025-11-28T20:58:10","guid":{"rendered":"https:\/\/www.eco2.ca\/?post_type=product&#038;p=12960"},"modified":"2026-01-06T14:16:16","modified_gmt":"2026-01-06T14:16:16","slug":"petits-bols-pour-emporter-3-et-5-oz-beiges-avec-doublure-en-pla","status":"publish","type":"product","link":"https:\/\/www.eco2.ca\/fr\/product\/petits-bols-pour-emporter-3-et-5-oz-beiges-avec-doublure-en-pla\/","title":{"rendered":"Petits Bols Pour Emporter \u2013 3oz et 5oz \u2013 Beiges Avec Doublure En PLA"},"content":{"rendered":"<h2 style=\"font-size: 1.3em;\">Bols \u00e0 soupe pour emporter \u2013 Papier avec doublure en PE<\/h2>\n<p>Am\u00e9liorez votre service \u00e0 emporter avec nos <strong>bols \u00e0 soupe en papier polyvalents<\/strong>, con\u00e7us pour les aliments chauds et froids. Fabriqu\u00e9s en papier blanc durable et renforc\u00e9s d\u2019une doublure en <strong>PE (poly\u00e9thyl\u00e8ne)<\/strong>, ces bols offrent une r\u00e9sistance fiable aux fuites tout en pr\u00e9servant la qualit\u00e9 des aliments, de la cuisine jusqu\u2019au client.<\/p>\n<p>Parfaits pour les soupes consistantes, les rago\u00fbts, les nouilles ou les desserts froids rafra\u00eechissants, chaque bol est pens\u00e9 pour r\u00e9pondre aux exigences des caf\u00e9s, restaurants, camions de rue et services de traiteur. La finition blanche et \u00e9pur\u00e9e procure une apparence professionnelle qui s\u2019adapte \u00e0 toutes les marques et occasions.<\/p>\n<h3 style=\"font-size: 1.3em;\">Commodit\u00e9 en vrac<\/h3>\n<ul>\n<li><strong>2 000 bols recyclables par caisse<\/strong> \u2013 id\u00e9al pour les op\u00e9rations \u00e0 grand volume<\/li>\n<\/ul>\n<h4 style=\"font-size: 1.3em;\">Caract\u00e9ristiques principales<\/h4>\n<ul>\n<li>Papier blanc robuste avec doublure en PE pour aliments chauds et froids<\/li>\n<li>R\u00e9sistants aux fuites et solides pour une performance fiable<\/li>\n<li>Recyclables pour une \u00e9limination responsable<\/li>\n<li>Emballage en vrac : 2 000 bols par caisse<\/li>\n<\/ul>\n","protected":false},"excerpt":{"rendered":"<p>Gobelets en papier blanc avec doublure en PE, s\u00e9curitaires pour boissons chaudes et froides. Chaque caisse comprend 2 000 gobelets recyclables.<\/p>\n","protected":false},"featured_media":12959,"template":"","meta":{"_eb_attr":"","_uag_custom_page_level_css":"","site-sidebar-layout":"default","site-content-layout":"","ast-site-content-layout":"default","site-content-style":"default","site-sidebar-style":"default","ast-global-header-display":"","ast-banner-title-visibility":"","ast-main-header-display":"","ast-hfb-above-header-display":"","ast-hfb-below-header-display":"","ast-hfb-mobile-header-display":"","site-post-title":"","ast-breadcrumbs-content":"","ast-featured-img":"","footer-sml-layout":"","ast-disable-related-posts":"","theme-transparent-header-meta":"default","adv-header-id-meta":"","stick-header-meta":"","header-above-stick-meta":"","header-main-stick-meta":"","header-below-stick-meta":"","astra-migrate-meta-layouts":"set","ast-page-background-enabled":"default","ast-page-background-meta":{"desktop":{"background-color":"","background-image":"","background-repeat":"repeat","background-position":"center center","background-size":"auto","background-attachment":"scroll","background-type":"","background-media":"","overlay-type":"","overlay-color":"","overlay-opacity":"","overlay-gradient":""},"tablet":{"background-color":"","background-image":"","background-repeat":"repeat","background-position":"center center","background-size":"auto","background-attachment":"scroll","background-type":"","background-media":"","overlay-type":"","overlay-color":"","overlay-opacity":"","overlay-gradient":""},"mobile":{"background-color":"","background-image":"","background-repeat":"repeat","background-position":"center center","background-size":"auto","background-attachment":"scroll","background-type":"","background-media":"","overlay-type":"","overlay-color":"","overlay-opacity":"","overlay-gradient":""}},"ast-content-background-meta":{"desktop":{"background-color":"var(--ast-global-color-5)","background-image":"","background-repeat":"repeat","background-position":"center center","background-size":"auto","background-attachment":"scroll","background-type":"","background-media":"","overlay-type":"","overlay-color":"","overlay-opacity":"","overlay-gradient":""},"tablet":{"background-color":"var(--ast-global-color-5)","background-image":"","background-repeat":"repeat","background-position":"center center","background-size":"auto","background-attachment":"scroll","background-type":"","background-media":"","overlay-type":"","overlay-color":"","overlay-opacity":"","overlay-gradient":""},"mobile":{"background-color":"var(--ast-global-color-5)","background-image":"","background-repeat":"repeat","background-position":"center center","background-size":"auto","background-attachment":"scroll","background-type":"","background-media":"","overlay-type":"","overlay-color":"","overlay-opacity":"","overlay-gradient":""}},"_selected_store_location":"","_selected_store_location_key":""},"product_brand":[],"product_cat":[190,221],"product_tag":[],"class_list":{"0":"post-12960","1":"product","2":"type-product","3":"status-publish","4":"has-post-thumbnail","6":"product_cat-bols","7":"product_cat-bols-a-soupe-a-emporter-et-couvercles","8":"desktop-align-center","9":"tablet-align-center","10":"mobile-align-center","12":"first","13":"instock","14":"shipping-taxable","15":"product-type-simple"},"yoast_head":"<!-- This site is optimized with the Yoast SEO plugin v27.2 - https:\/\/yoast.com\/product\/yoast-seo-wordpress\/ -->\n<title>Petits Bols Pour Emporter \u2013 3oz et 5oz \u2013 Beiges Avec Doublure En PLA - Eco2bureau<\/title>\n<meta name=\"description\" content=\"Am\u00e9liorez votre service \u00e0 emporter avec nos bols \u00e0 soupe en papier polyvalents, con\u00e7us pour les aliments chauds et froids.\" \/>\n<meta name=\"robots\" content=\"index, follow, max-snippet:-1, max-image-preview:large, max-video-preview:-1\" \/>\n<link rel=\"canonical\" href=\"https:\/\/www.eco2.ca\/fr\/product\/petits-bols-pour-emporter-3-et-5-oz-beiges-avec-doublure-en-pla\/\" \/>\n<meta property=\"og:locale\" content=\"fr_FR\" \/>\n<meta property=\"og:type\" content=\"article\" \/>\n<meta property=\"og:title\" content=\"Petits Bols Pour Emporter \u2013 3oz et 5oz \u2013 Beiges Avec Doublure En PLA - Eco2bureau\" \/>\n<meta property=\"og:description\" content=\"Am\u00e9liorez votre service \u00e0 emporter avec nos bols \u00e0 soupe en papier polyvalents, con\u00e7us pour les aliments chauds et froids.\" \/>\n<meta property=\"og:url\" content=\"https:\/\/www.eco2.ca\/fr\/product\/petits-bols-pour-emporter-3-et-5-oz-beiges-avec-doublure-en-pla\/\" \/>\n<meta property=\"og:site_name\" content=\"Eco2bureau\" \/>\n<meta property=\"article:modified_time\" content=\"2026-01-06T14:16:16+00:00\" \/>\n<meta property=\"og:image\" content=\"https:\/\/www.eco2.ca\/wp-content\/uploads\/2025\/11\/white-PE.jpg\" \/>\n\t<meta property=\"og:image:width\" content=\"800\" \/>\n\t<meta property=\"og:image:height\" content=\"800\" \/>\n\t<meta property=\"og:image:type\" content=\"image\/jpeg\" \/>\n<meta name=\"twitter:card\" content=\"summary_large_image\" \/>\n<meta name=\"twitter:label1\" content=\"Dur\u00e9e de lecture estim\u00e9e\" \/>\n\t<meta name=\"twitter:data1\" content=\"1 minute\" \/>\n<script type=\"application\/ld+json\" class=\"yoast-schema-graph\">{\"@context\":\"https:\/\/schema.org\",\"@graph\":[{\"@type\":\"WebPage\",\"@id\":\"https:\/\/www.eco2.ca\/fr\/product\/petits-bols-pour-emporter-3-et-5-oz-beiges-avec-doublure-en-pla\/\",\"url\":\"https:\/\/www.eco2.ca\/fr\/product\/petits-bols-pour-emporter-3-et-5-oz-beiges-avec-doublure-en-pla\/\",\"name\":\"Petits Bols Pour Emporter \u2013 3oz et 5oz \u2013 Beiges Avec Doublure En PLA - Eco2bureau\",\"isPartOf\":{\"@id\":\"https:\/\/www.eco2.ca\/fr\/#website\"},\"primaryImageOfPage\":{\"@id\":\"https:\/\/www.eco2.ca\/fr\/product\/petits-bols-pour-emporter-3-et-5-oz-beiges-avec-doublure-en-pla\/#primaryimage\"},\"image\":{\"@id\":\"https:\/\/www.eco2.ca\/fr\/product\/petits-bols-pour-emporter-3-et-5-oz-beiges-avec-doublure-en-pla\/#primaryimage\"},\"thumbnailUrl\":\"https:\/\/www.eco2.ca\/wp-content\/uploads\/2025\/11\/white-PE.jpg\",\"datePublished\":\"2025-11-28T20:58:10+00:00\",\"dateModified\":\"2026-01-06T14:16:16+00:00\",\"description\":\"Am\u00e9liorez votre service \u00e0 emporter avec nos bols \u00e0 soupe en papier polyvalents, con\u00e7us pour les aliments chauds et froids.\",\"breadcrumb\":{\"@id\":\"https:\/\/www.eco2.ca\/fr\/product\/petits-bols-pour-emporter-3-et-5-oz-beiges-avec-doublure-en-pla\/#breadcrumb\"},\"inLanguage\":\"fr-FR\",\"potentialAction\":[{\"@type\":\"ReadAction\",\"target\":[\"https:\/\/www.eco2.ca\/fr\/product\/petits-bols-pour-emporter-3-et-5-oz-beiges-avec-doublure-en-pla\/\"]}]},{\"@type\":\"ImageObject\",\"inLanguage\":\"fr-FR\",\"@id\":\"https:\/\/www.eco2.ca\/fr\/product\/petits-bols-pour-emporter-3-et-5-oz-beiges-avec-doublure-en-pla\/#primaryimage\",\"url\":\"https:\/\/www.eco2.ca\/wp-content\/uploads\/2025\/11\/white-PE.jpg\",\"contentUrl\":\"https:\/\/www.eco2.ca\/wp-content\/uploads\/2025\/11\/white-PE.jpg\",\"width\":800,\"height\":800,\"caption\":\"ake Out Soup Bowls \u2013 Paper with PE Lining\"},{\"@type\":\"BreadcrumbList\",\"@id\":\"https:\/\/www.eco2.ca\/fr\/product\/petits-bols-pour-emporter-3-et-5-oz-beiges-avec-doublure-en-pla\/#breadcrumb\",\"itemListElement\":[{\"@type\":\"ListItem\",\"position\":1,\"name\":\"Home\",\"item\":\"https:\/\/www.eco2.ca\/fr\/\"},{\"@type\":\"ListItem\",\"position\":2,\"name\":\"Boutique\",\"item\":\"https:\/\/www.eco2.ca\/fr\/boutique\/\"},{\"@type\":\"ListItem\",\"position\":3,\"name\":\"Petits Bols Pour Emporter \u2013 3oz et 5oz \u2013 Beiges Avec Doublure En PLA\"}]},{\"@type\":\"WebSite\",\"@id\":\"https:\/\/www.eco2.ca\/fr\/#website\",\"url\":\"https:\/\/www.eco2.ca\/fr\/\",\"name\":\"Eco2bureau\",\"description\":\"\",\"publisher\":{\"@id\":\"https:\/\/www.eco2.ca\/fr\/#organization\"},\"potentialAction\":[{\"@type\":\"SearchAction\",\"target\":{\"@type\":\"EntryPoint\",\"urlTemplate\":\"https:\/\/www.eco2.ca\/fr\/?s={search_term_string}\"},\"query-input\":{\"@type\":\"PropertyValueSpecification\",\"valueRequired\":true,\"valueName\":\"search_term_string\"}}],\"inLanguage\":\"fr-FR\"},{\"@type\":\"Organization\",\"@id\":\"https:\/\/www.eco2.ca\/fr\/#organization\",\"name\":\"Eco2bureau\",\"url\":\"https:\/\/www.eco2.ca\/fr\/\",\"logo\":{\"@type\":\"ImageObject\",\"inLanguage\":\"fr-FR\",\"@id\":\"https:\/\/www.eco2.ca\/fr\/#\/schema\/logo\/image\/\",\"url\":\"https:\/\/www.eco2.ca\/wp-content\/uploads\/2025\/04\/cropped-cropped-Add-a-subheading-3.png\",\"contentUrl\":\"https:\/\/www.eco2.ca\/wp-content\/uploads\/2025\/04\/cropped-cropped-Add-a-subheading-3.png\",\"width\":469,\"height\":109,\"caption\":\"Eco2bureau\"},\"image\":{\"@id\":\"https:\/\/www.eco2.ca\/fr\/#\/schema\/logo\/image\/\"}}]}<\/script>\n<!-- \/ Yoast SEO plugin. -->","yoast_head_json":{"title":"Petits Bols Pour Emporter \u2013 3oz et 5oz \u2013 Beiges Avec Doublure En PLA - Eco2bureau","description":"Am\u00e9liorez votre service \u00e0 emporter avec nos bols \u00e0 soupe en papier polyvalents, con\u00e7us pour les aliments chauds et froids.","robots":{"index":"index","follow":"follow","max-snippet":"max-snippet:-1","max-image-preview":"max-image-preview:large","max-video-preview":"max-video-preview:-1"},"canonical":"https:\/\/www.eco2.ca\/fr\/product\/petits-bols-pour-emporter-3-et-5-oz-beiges-avec-doublure-en-pla\/","og_locale":"fr_FR","og_type":"article","og_title":"Petits Bols Pour Emporter \u2013 3oz et 5oz \u2013 Beiges Avec Doublure En PLA - Eco2bureau","og_description":"Am\u00e9liorez votre service \u00e0 emporter avec nos bols \u00e0 soupe en papier polyvalents, con\u00e7us pour les aliments chauds et froids.","og_url":"https:\/\/www.eco2.ca\/fr\/product\/petits-bols-pour-emporter-3-et-5-oz-beiges-avec-doublure-en-pla\/","og_site_name":"Eco2bureau","article_modified_time":"2026-01-06T14:16:16+00:00","og_image":[{"width":800,"height":800,"url":"https:\/\/www.eco2.ca\/wp-content\/uploads\/2025\/11\/white-PE.jpg","type":"image\/jpeg"}],"twitter_card":"summary_large_image","twitter_misc":{"Dur\u00e9e de lecture estim\u00e9e":"1 minute"},"schema":{"@context":"https:\/\/schema.org","@graph":[{"@type":"WebPage","@id":"https:\/\/www.eco2.ca\/fr\/product\/petits-bols-pour-emporter-3-et-5-oz-beiges-avec-doublure-en-pla\/","url":"https:\/\/www.eco2.ca\/fr\/product\/petits-bols-pour-emporter-3-et-5-oz-beiges-avec-doublure-en-pla\/","name":"Petits Bols Pour Emporter \u2013 3oz et 5oz \u2013 Beiges Avec Doublure En PLA - Eco2bureau","isPartOf":{"@id":"https:\/\/www.eco2.ca\/fr\/#website"},"primaryImageOfPage":{"@id":"https:\/\/www.eco2.ca\/fr\/product\/petits-bols-pour-emporter-3-et-5-oz-beiges-avec-doublure-en-pla\/#primaryimage"},"image":{"@id":"https:\/\/www.eco2.ca\/fr\/product\/petits-bols-pour-emporter-3-et-5-oz-beiges-avec-doublure-en-pla\/#primaryimage"},"thumbnailUrl":"https:\/\/www.eco2.ca\/wp-content\/uploads\/2025\/11\/white-PE.jpg","datePublished":"2025-11-28T20:58:10+00:00","dateModified":"2026-01-06T14:16:16+00:00","description":"Am\u00e9liorez votre service \u00e0 emporter avec nos bols \u00e0 soupe en papier polyvalents, con\u00e7us pour les aliments chauds et froids.","breadcrumb":{"@id":"https:\/\/www.eco2.ca\/fr\/product\/petits-bols-pour-emporter-3-et-5-oz-beiges-avec-doublure-en-pla\/#breadcrumb"},"inLanguage":"fr-FR","potentialAction":[{"@type":"ReadAction","target":["https:\/\/www.eco2.ca\/fr\/product\/petits-bols-pour-emporter-3-et-5-oz-beiges-avec-doublure-en-pla\/"]}]},{"@type":"ImageObject","inLanguage":"fr-FR","@id":"https:\/\/www.eco2.ca\/fr\/product\/petits-bols-pour-emporter-3-et-5-oz-beiges-avec-doublure-en-pla\/#primaryimage","url":"https:\/\/www.eco2.ca\/wp-content\/uploads\/2025\/11\/white-PE.jpg","contentUrl":"https:\/\/www.eco2.ca\/wp-content\/uploads\/2025\/11\/white-PE.jpg","width":800,"height":800,"caption":"ake Out Soup Bowls \u2013 Paper with PE Lining"},{"@type":"BreadcrumbList","@id":"https:\/\/www.eco2.ca\/fr\/product\/petits-bols-pour-emporter-3-et-5-oz-beiges-avec-doublure-en-pla\/#breadcrumb","itemListElement":[{"@type":"ListItem","position":1,"name":"Home","item":"https:\/\/www.eco2.ca\/fr\/"},{"@type":"ListItem","position":2,"name":"Boutique","item":"https:\/\/www.eco2.ca\/fr\/boutique\/"},{"@type":"ListItem","position":3,"name":"Petits Bols Pour Emporter \u2013 3oz et 5oz \u2013 Beiges Avec Doublure En PLA"}]},{"@type":"WebSite","@id":"https:\/\/www.eco2.ca\/fr\/#website","url":"https:\/\/www.eco2.ca\/fr\/","name":"Eco2bureau","description":"","publisher":{"@id":"https:\/\/www.eco2.ca\/fr\/#organization"},"potentialAction":[{"@type":"SearchAction","target":{"@type":"EntryPoint","urlTemplate":"https:\/\/www.eco2.ca\/fr\/?s={search_term_string}"},"query-input":{"@type":"PropertyValueSpecification","valueRequired":true,"valueName":"search_term_string"}}],"inLanguage":"fr-FR"},{"@type":"Organization","@id":"https:\/\/www.eco2.ca\/fr\/#organization","name":"Eco2bureau","url":"https:\/\/www.eco2.ca\/fr\/","logo":{"@type":"ImageObject","inLanguage":"fr-FR","@id":"https:\/\/www.eco2.ca\/fr\/#\/schema\/logo\/image\/","url":"https:\/\/www.eco2.ca\/wp-content\/uploads\/2025\/04\/cropped-cropped-Add-a-subheading-3.png","contentUrl":"https:\/\/www.eco2.ca\/wp-content\/uploads\/2025\/04\/cropped-cropped-Add-a-subheading-3.png","width":469,"height":109,"caption":"Eco2bureau"},"image":{"@id":"https:\/\/www.eco2.ca\/fr\/#\/schema\/logo\/image\/"}}]}},"uagb_featured_image_src":{"full":["https:\/\/www.eco2.ca\/wp-content\/uploads\/2025\/11\/white-PE.jpg",800,800,false],"thumbnail":["https:\/\/www.eco2.ca\/wp-content\/uploads\/2025\/11\/white-PE-150x150.jpg",150,150,true],"medium":["https:\/\/www.eco2.ca\/wp-content\/uploads\/2025\/11\/white-PE-300x300.jpg",300,300,true],"medium_large":["https:\/\/www.eco2.ca\/wp-content\/uploads\/2025\/11\/white-PE-768x768.jpg",768,768,true],"large":["https:\/\/www.eco2.ca\/wp-content\/uploads\/2025\/11\/white-PE.jpg",800,800,false],"1536x1536":["https:\/\/www.eco2.ca\/wp-content\/uploads\/2025\/11\/white-PE.jpg",800,800,false],"2048x2048":["https:\/\/www.eco2.ca\/wp-content\/uploads\/2025\/11\/white-PE.jpg",800,800,false],"wishsuite-image":["https:\/\/www.eco2.ca\/wp-content\/uploads\/2025\/11\/white-PE-80x80.jpg",80,80,true],"woocommerce_thumbnail":["https:\/\/www.eco2.ca\/wp-content\/uploads\/2025\/11\/white-PE-300x300.jpg",300,300,true],"woocommerce_single":["https:\/\/www.eco2.ca\/wp-content\/uploads\/2025\/11\/white-PE-600x600.jpg",600,600,true],"woocommerce_gallery_thumbnail":["https:\/\/www.eco2.ca\/wp-content\/uploads\/2025\/11\/white-PE-100x100.jpg",100,100,true]},"uagb_author_info":{"display_name":"Mary ..","author_link":"https:\/\/www.eco2.ca\/fr\/author\/"},"uagb_comment_info":0,"uagb_excerpt":"Gobelets en papier blanc avec doublure en PE, s\u00e9curitaires pour boissons chaudes et froides. Chaque caisse comprend 2 000 gobelets recyclables.","_links":{"self":[{"href":"https:\/\/www.eco2.ca\/fr\/wp-json\/wp\/v2\/product\/12960","targetHints":{"allow":["GET"]}}],"collection":[{"href":"https:\/\/www.eco2.ca\/fr\/wp-json\/wp\/v2\/product"}],"about":[{"href":"https:\/\/www.eco2.ca\/fr\/wp-json\/wp\/v2\/types\/product"}],"wp:featuredmedia":[{"embeddable":true,"href":"https:\/\/www.eco2.ca\/fr\/wp-json\/wp\/v2\/media\/12959"}],"wp:attachment":[{"href":"https:\/\/www.eco2.ca\/fr\/wp-json\/wp\/v2\/media?parent=12960"}],"wp:term":[{"taxonomy":"product_brand","embeddable":true,"href":"https:\/\/www.eco2.ca\/fr\/wp-json\/wp\/v2\/product_brand?post=12960"},{"taxonomy":"product_cat","embeddable":true,"href":"https:\/\/www.eco2.ca\/fr\/wp-json\/wp\/v2\/product_cat?post=12960"},{"taxonomy":"product_tag","embeddable":true,"href":"https:\/\/www.eco2.ca\/fr\/wp-json\/wp\/v2\/product_tag?post=12960"}],"curies":[{"name":"wp","href":"https:\/\/api.w.org\/{rel}","templated":true}]}}