{"id":13026,"date":"2026-01-14T15:31:05","date_gmt":"2026-01-14T15:31:05","guid":{"rendered":"https:\/\/www.eco2.ca\/?post_type=product&#038;p=13026"},"modified":"2026-01-14T15:57:09","modified_gmt":"2026-01-14T15:57:09","slug":"coupes-a-portion-kraft","status":"publish","type":"product","link":"https:\/\/www.eco2.ca\/fr\/product\/coupes-a-portion-kraft\/","title":{"rendered":"Coupes \u00e0 Portion \u2013 Kraft"},"content":{"rendered":"<h2 style=\"font-size: 1.3em;\">Coupes \u00e0 portion Kraft \u2013 \u00c9cologiques et Durables<\/h2>\n<p>Servez vos sauces, trempettes et condiments en toute confiance gr\u00e2ce \u00e0 nos <strong>coupes \u00e0 portion Kraft \u00e9cologiques<\/strong>. Con\u00e7ues dans une optique de durabilit\u00e9, elles sont fabriqu\u00e9es en papier Kraft recyclable et dot\u00e9es d\u2019un <strong>rev\u00eatement en PE<\/strong> qui r\u00e9siste \u00e0 l\u2019humidit\u00e9, gardant vos portions fra\u00eeches et sans d\u00e9g\u00e2ts.<\/p>\n<h3>Caract\u00e9ristiques Principales<\/h3>\n<ul>\n<li>\u267b\ufe0f <strong>\u00c9cologiques et recyclables<\/strong> \u2013 Fabriqu\u00e9es \u00e0 partir de mat\u00e9riaux renouvelables, elles offrent une alternative plus verte aux fibres de bois traditionnelles.<\/li>\n<li>\ud83d\udca7 <strong>Protection gr\u00e2ce au rev\u00eatement PE<\/strong> \u2013 Emp\u00eache les fuites et l\u2019humidit\u00e9, assurant que les sauces et liquides restent bien contenus.<\/li>\n<li>\ud83c\udf3e <strong>Couleur naturelle du Kraft<\/strong> \u2013 Met en valeur un style rustique et organique qui s\u2019harmonise avec une image de marque \u00e9coresponsable.<\/li>\n<li>\ud83c\udf74 <strong>Parfaites pour sauces et trempettes<\/strong> \u2013 Id\u00e9ales pour les restaurants, traiteurs, camions de rue et emballages pour emporter.<\/li>\n<li>\ud83c\udf0d <strong>Choix durable<\/strong> \u2013 Issues de ressources renouvelables \u00e0 croissance rapide, r\u00e9duisant l\u2019impact environnemental.<\/li>\n<\/ul>\n<h4>Pourquoi choisir les coupes \u00e0 portion Kraft?<\/h4>\n<p>Ces coupes allient <strong>fonctionnalit\u00e9 et durabilit\u00e9<\/strong>, ce qui en fait le choix id\u00e9al pour les entreprises soucieuses de la qualit\u00e9 et de la plan\u00e8te. Que vous serviez du ketchup, de la vinaigrette ou des trempettes sp\u00e9cialis\u00e9es, nos coupes Kraft offrent fiabilit\u00e9 et une touche \u00e9cologique.<\/p>\n","protected":false},"excerpt":{"rendered":"<p>Coupes en Kraft \u00e9cologiques et recyclables avec doublure en PE qui r\u00e9siste \u00e0 l\u2019humidit\u00e9 \u2014 id\u00e9ales pour les sauces. Leur couleur naturelle met en valeur une alternative renouvelable et \u00e0 croissance rapide aux fibres de bois.<\/p>\n","protected":false},"featured_media":13025,"template":"","meta":{"_eb_attr":"","_uag_custom_page_level_css":"","site-sidebar-layout":"default","site-content-layout":"","ast-site-content-layout":"default","site-content-style":"default","site-sidebar-style":"default","ast-global-header-display":"","ast-banner-title-visibility":"","ast-main-header-display":"","ast-hfb-above-header-display":"","ast-hfb-below-header-display":"","ast-hfb-mobile-header-display":"","site-post-title":"","ast-breadcrumbs-content":"","ast-featured-img":"","footer-sml-layout":"","ast-disable-related-posts":"","theme-transparent-header-meta":"default","adv-header-id-meta":"","stick-header-meta":"","header-above-stick-meta":"","header-main-stick-meta":"","header-below-stick-meta":"","astra-migrate-meta-layouts":"set","ast-page-background-enabled":"default","ast-page-background-meta":{"desktop":{"background-color":"","background-image":"","background-repeat":"repeat","background-position":"center center","background-size":"auto","background-attachment":"scroll","background-type":"","background-media":"","overlay-type":"","overlay-color":"","overlay-opacity":"","overlay-gradient":""},"tablet":{"background-color":"","background-image":"","background-repeat":"repeat","background-position":"center center","background-size":"auto","background-attachment":"scroll","background-type":"","background-media":"","overlay-type":"","overlay-color":"","overlay-opacity":"","overlay-gradient":""},"mobile":{"background-color":"","background-image":"","background-repeat":"repeat","background-position":"center center","background-size":"auto","background-attachment":"scroll","background-type":"","background-media":"","overlay-type":"","overlay-color":"","overlay-opacity":"","overlay-gradient":""}},"ast-content-background-meta":{"desktop":{"background-color":"var(--ast-global-color-5)","background-image":"","background-repeat":"repeat","background-position":"center center","background-size":"auto","background-attachment":"scroll","background-type":"","background-media":"","overlay-type":"","overlay-color":"","overlay-opacity":"","overlay-gradient":""},"tablet":{"background-color":"var(--ast-global-color-5)","background-image":"","background-repeat":"repeat","background-position":"center center","background-size":"auto","background-attachment":"scroll","background-type":"","background-media":"","overlay-type":"","overlay-color":"","overlay-opacity":"","overlay-gradient":""},"mobile":{"background-color":"var(--ast-global-color-5)","background-image":"","background-repeat":"repeat","background-position":"center center","background-size":"auto","background-attachment":"scroll","background-type":"","background-media":"","overlay-type":"","overlay-color":"","overlay-opacity":"","overlay-gradient":""}},"_selected_store_location":"","_selected_store_location_key":""},"product_brand":[],"product_cat":[248,201],"product_tag":[],"class_list":{"0":"post-13026","1":"product","2":"type-product","3":"status-publish","4":"has-post-thumbnail","6":"product_cat-tasses-de-portion","7":"product_cat-ustensiles-et-accessoires","8":"desktop-align-center","9":"tablet-align-center","10":"mobile-align-center","12":"first","13":"instock","14":"shipping-taxable","15":"product-type-simple"},"yoast_head":"<!-- This site is optimized with the Yoast SEO plugin v27.2 - https:\/\/yoast.com\/product\/yoast-seo-wordpress\/ -->\n<title>Coupes \u00e0 Portion \u2013 Kraft - Eco2bureau<\/title>\n<meta name=\"description\" content=\"Servez vos sauces, trempettes et condiments en toute confiance gr\u00e2ce \u00e0 nos coupes \u00e0 portion Kraft \u00e9cologiques.\" \/>\n<meta name=\"robots\" content=\"index, follow, max-snippet:-1, max-image-preview:large, max-video-preview:-1\" \/>\n<link rel=\"canonical\" href=\"https:\/\/www.eco2.ca\/fr\/product\/coupes-a-portion-kraft\/\" \/>\n<meta property=\"og:locale\" content=\"fr_FR\" \/>\n<meta property=\"og:type\" content=\"article\" \/>\n<meta property=\"og:title\" content=\"Coupes \u00e0 Portion \u2013 Kraft - Eco2bureau\" \/>\n<meta property=\"og:description\" content=\"Servez vos sauces, trempettes et condiments en toute confiance gr\u00e2ce \u00e0 nos coupes \u00e0 portion Kraft \u00e9cologiques.\" \/>\n<meta property=\"og:url\" content=\"https:\/\/www.eco2.ca\/fr\/product\/coupes-a-portion-kraft\/\" \/>\n<meta property=\"og:site_name\" content=\"Eco2bureau\" \/>\n<meta property=\"article:modified_time\" content=\"2026-01-14T15:57:09+00:00\" \/>\n<meta property=\"og:image\" content=\"https:\/\/www.eco2.ca\/wp-content\/uploads\/2026\/01\/pc.png\" \/>\n\t<meta property=\"og:image:width\" content=\"1200\" \/>\n\t<meta property=\"og:image:height\" content=\"1200\" \/>\n\t<meta property=\"og:image:type\" content=\"image\/png\" \/>\n<meta name=\"twitter:card\" content=\"summary_large_image\" \/>\n<meta name=\"twitter:label1\" content=\"Dur\u00e9e de lecture estim\u00e9e\" \/>\n\t<meta name=\"twitter:data1\" content=\"2 minutes\" \/>\n<script type=\"application\/ld+json\" class=\"yoast-schema-graph\">{\"@context\":\"https:\/\/schema.org\",\"@graph\":[{\"@type\":\"WebPage\",\"@id\":\"https:\/\/www.eco2.ca\/fr\/product\/coupes-a-portion-kraft\/\",\"url\":\"https:\/\/www.eco2.ca\/fr\/product\/coupes-a-portion-kraft\/\",\"name\":\"Coupes \u00e0 Portion \u2013 Kraft - Eco2bureau\",\"isPartOf\":{\"@id\":\"https:\/\/www.eco2.ca\/fr\/#website\"},\"primaryImageOfPage\":{\"@id\":\"https:\/\/www.eco2.ca\/fr\/product\/coupes-a-portion-kraft\/#primaryimage\"},\"image\":{\"@id\":\"https:\/\/www.eco2.ca\/fr\/product\/coupes-a-portion-kraft\/#primaryimage\"},\"thumbnailUrl\":\"https:\/\/www.eco2.ca\/wp-content\/uploads\/2026\/01\/pc.png\",\"datePublished\":\"2026-01-14T15:31:05+00:00\",\"dateModified\":\"2026-01-14T15:57:09+00:00\",\"description\":\"Servez vos sauces, trempettes et condiments en toute confiance gr\u00e2ce \u00e0 nos coupes \u00e0 portion Kraft \u00e9cologiques.\",\"breadcrumb\":{\"@id\":\"https:\/\/www.eco2.ca\/fr\/product\/coupes-a-portion-kraft\/#breadcrumb\"},\"inLanguage\":\"fr-FR\",\"potentialAction\":[{\"@type\":\"ReadAction\",\"target\":[\"https:\/\/www.eco2.ca\/fr\/product\/coupes-a-portion-kraft\/\"]}]},{\"@type\":\"ImageObject\",\"inLanguage\":\"fr-FR\",\"@id\":\"https:\/\/www.eco2.ca\/fr\/product\/coupes-a-portion-kraft\/#primaryimage\",\"url\":\"https:\/\/www.eco2.ca\/wp-content\/uploads\/2026\/01\/pc.png\",\"contentUrl\":\"https:\/\/www.eco2.ca\/wp-content\/uploads\/2026\/01\/pc.png\",\"width\":1200,\"height\":1200,\"caption\":\"Kraft Portion Cups\"},{\"@type\":\"BreadcrumbList\",\"@id\":\"https:\/\/www.eco2.ca\/fr\/product\/coupes-a-portion-kraft\/#breadcrumb\",\"itemListElement\":[{\"@type\":\"ListItem\",\"position\":1,\"name\":\"Home\",\"item\":\"https:\/\/www.eco2.ca\/fr\/\"},{\"@type\":\"ListItem\",\"position\":2,\"name\":\"Boutique\",\"item\":\"https:\/\/www.eco2.ca\/fr\/boutique\/\"},{\"@type\":\"ListItem\",\"position\":3,\"name\":\"Coupes \u00e0 Portion \u2013 Kraft\"}]},{\"@type\":\"WebSite\",\"@id\":\"https:\/\/www.eco2.ca\/fr\/#website\",\"url\":\"https:\/\/www.eco2.ca\/fr\/\",\"name\":\"Eco2bureau\",\"description\":\"\",\"publisher\":{\"@id\":\"https:\/\/www.eco2.ca\/fr\/#organization\"},\"potentialAction\":[{\"@type\":\"SearchAction\",\"target\":{\"@type\":\"EntryPoint\",\"urlTemplate\":\"https:\/\/www.eco2.ca\/fr\/?s={search_term_string}\"},\"query-input\":{\"@type\":\"PropertyValueSpecification\",\"valueRequired\":true,\"valueName\":\"search_term_string\"}}],\"inLanguage\":\"fr-FR\"},{\"@type\":\"Organization\",\"@id\":\"https:\/\/www.eco2.ca\/fr\/#organization\",\"name\":\"Eco2bureau\",\"url\":\"https:\/\/www.eco2.ca\/fr\/\",\"logo\":{\"@type\":\"ImageObject\",\"inLanguage\":\"fr-FR\",\"@id\":\"https:\/\/www.eco2.ca\/fr\/#\/schema\/logo\/image\/\",\"url\":\"https:\/\/www.eco2.ca\/wp-content\/uploads\/2025\/04\/cropped-cropped-Add-a-subheading-3.png\",\"contentUrl\":\"https:\/\/www.eco2.ca\/wp-content\/uploads\/2025\/04\/cropped-cropped-Add-a-subheading-3.png\",\"width\":469,\"height\":109,\"caption\":\"Eco2bureau\"},\"image\":{\"@id\":\"https:\/\/www.eco2.ca\/fr\/#\/schema\/logo\/image\/\"}}]}<\/script>\n<!-- \/ Yoast SEO plugin. -->","yoast_head_json":{"title":"Coupes \u00e0 Portion \u2013 Kraft - Eco2bureau","description":"Servez vos sauces, trempettes et condiments en toute confiance gr\u00e2ce \u00e0 nos coupes \u00e0 portion Kraft \u00e9cologiques.","robots":{"index":"index","follow":"follow","max-snippet":"max-snippet:-1","max-image-preview":"max-image-preview:large","max-video-preview":"max-video-preview:-1"},"canonical":"https:\/\/www.eco2.ca\/fr\/product\/coupes-a-portion-kraft\/","og_locale":"fr_FR","og_type":"article","og_title":"Coupes \u00e0 Portion \u2013 Kraft - Eco2bureau","og_description":"Servez vos sauces, trempettes et condiments en toute confiance gr\u00e2ce \u00e0 nos coupes \u00e0 portion Kraft \u00e9cologiques.","og_url":"https:\/\/www.eco2.ca\/fr\/product\/coupes-a-portion-kraft\/","og_site_name":"Eco2bureau","article_modified_time":"2026-01-14T15:57:09+00:00","og_image":[{"width":1200,"height":1200,"url":"https:\/\/www.eco2.ca\/wp-content\/uploads\/2026\/01\/pc.png","type":"image\/png"}],"twitter_card":"summary_large_image","twitter_misc":{"Dur\u00e9e de lecture estim\u00e9e":"2 minutes"},"schema":{"@context":"https:\/\/schema.org","@graph":[{"@type":"WebPage","@id":"https:\/\/www.eco2.ca\/fr\/product\/coupes-a-portion-kraft\/","url":"https:\/\/www.eco2.ca\/fr\/product\/coupes-a-portion-kraft\/","name":"Coupes \u00e0 Portion \u2013 Kraft - Eco2bureau","isPartOf":{"@id":"https:\/\/www.eco2.ca\/fr\/#website"},"primaryImageOfPage":{"@id":"https:\/\/www.eco2.ca\/fr\/product\/coupes-a-portion-kraft\/#primaryimage"},"image":{"@id":"https:\/\/www.eco2.ca\/fr\/product\/coupes-a-portion-kraft\/#primaryimage"},"thumbnailUrl":"https:\/\/www.eco2.ca\/wp-content\/uploads\/2026\/01\/pc.png","datePublished":"2026-01-14T15:31:05+00:00","dateModified":"2026-01-14T15:57:09+00:00","description":"Servez vos sauces, trempettes et condiments en toute confiance gr\u00e2ce \u00e0 nos coupes \u00e0 portion Kraft \u00e9cologiques.","breadcrumb":{"@id":"https:\/\/www.eco2.ca\/fr\/product\/coupes-a-portion-kraft\/#breadcrumb"},"inLanguage":"fr-FR","potentialAction":[{"@type":"ReadAction","target":["https:\/\/www.eco2.ca\/fr\/product\/coupes-a-portion-kraft\/"]}]},{"@type":"ImageObject","inLanguage":"fr-FR","@id":"https:\/\/www.eco2.ca\/fr\/product\/coupes-a-portion-kraft\/#primaryimage","url":"https:\/\/www.eco2.ca\/wp-content\/uploads\/2026\/01\/pc.png","contentUrl":"https:\/\/www.eco2.ca\/wp-content\/uploads\/2026\/01\/pc.png","width":1200,"height":1200,"caption":"Kraft Portion Cups"},{"@type":"BreadcrumbList","@id":"https:\/\/www.eco2.ca\/fr\/product\/coupes-a-portion-kraft\/#breadcrumb","itemListElement":[{"@type":"ListItem","position":1,"name":"Home","item":"https:\/\/www.eco2.ca\/fr\/"},{"@type":"ListItem","position":2,"name":"Boutique","item":"https:\/\/www.eco2.ca\/fr\/boutique\/"},{"@type":"ListItem","position":3,"name":"Coupes \u00e0 Portion \u2013 Kraft"}]},{"@type":"WebSite","@id":"https:\/\/www.eco2.ca\/fr\/#website","url":"https:\/\/www.eco2.ca\/fr\/","name":"Eco2bureau","description":"","publisher":{"@id":"https:\/\/www.eco2.ca\/fr\/#organization"},"potentialAction":[{"@type":"SearchAction","target":{"@type":"EntryPoint","urlTemplate":"https:\/\/www.eco2.ca\/fr\/?s={search_term_string}"},"query-input":{"@type":"PropertyValueSpecification","valueRequired":true,"valueName":"search_term_string"}}],"inLanguage":"fr-FR"},{"@type":"Organization","@id":"https:\/\/www.eco2.ca\/fr\/#organization","name":"Eco2bureau","url":"https:\/\/www.eco2.ca\/fr\/","logo":{"@type":"ImageObject","inLanguage":"fr-FR","@id":"https:\/\/www.eco2.ca\/fr\/#\/schema\/logo\/image\/","url":"https:\/\/www.eco2.ca\/wp-content\/uploads\/2025\/04\/cropped-cropped-Add-a-subheading-3.png","contentUrl":"https:\/\/www.eco2.ca\/wp-content\/uploads\/2025\/04\/cropped-cropped-Add-a-subheading-3.png","width":469,"height":109,"caption":"Eco2bureau"},"image":{"@id":"https:\/\/www.eco2.ca\/fr\/#\/schema\/logo\/image\/"}}]}},"uagb_featured_image_src":{"full":["https:\/\/www.eco2.ca\/wp-content\/uploads\/2026\/01\/pc.png",1200,1200,false],"thumbnail":["https:\/\/www.eco2.ca\/wp-content\/uploads\/2026\/01\/pc-150x150.png",150,150,true],"medium":["https:\/\/www.eco2.ca\/wp-content\/uploads\/2026\/01\/pc-300x300.png",300,300,true],"medium_large":["https:\/\/www.eco2.ca\/wp-content\/uploads\/2026\/01\/pc-768x768.png",768,768,true],"large":["https:\/\/www.eco2.ca\/wp-content\/uploads\/2026\/01\/pc-1024x1024.png",1024,1024,true],"1536x1536":["https:\/\/www.eco2.ca\/wp-content\/uploads\/2026\/01\/pc.png",1200,1200,false],"2048x2048":["https:\/\/www.eco2.ca\/wp-content\/uploads\/2026\/01\/pc.png",1200,1200,false],"wishsuite-image":["https:\/\/www.eco2.ca\/wp-content\/uploads\/2026\/01\/pc-80x80.png",80,80,true],"woocommerce_thumbnail":["https:\/\/www.eco2.ca\/wp-content\/uploads\/2026\/01\/pc-300x300.png",300,300,true],"woocommerce_single":["https:\/\/www.eco2.ca\/wp-content\/uploads\/2026\/01\/pc-600x600.png",600,600,true],"woocommerce_gallery_thumbnail":["https:\/\/www.eco2.ca\/wp-content\/uploads\/2026\/01\/pc-100x100.png",100,100,true]},"uagb_author_info":{"display_name":"Mary ..","author_link":"https:\/\/www.eco2.ca\/fr\/author\/"},"uagb_comment_info":0,"uagb_excerpt":"Coupes en Kraft \u00e9cologiques et recyclables avec doublure en PE qui r\u00e9siste \u00e0 l\u2019humidit\u00e9 \u2014 id\u00e9ales pour les sauces. Leur couleur naturelle met en valeur une alternative renouvelable et \u00e0 croissance rapide aux fibres de bois.","_links":{"self":[{"href":"https:\/\/www.eco2.ca\/fr\/wp-json\/wp\/v2\/product\/13026","targetHints":{"allow":["GET"]}}],"collection":[{"href":"https:\/\/www.eco2.ca\/fr\/wp-json\/wp\/v2\/product"}],"about":[{"href":"https:\/\/www.eco2.ca\/fr\/wp-json\/wp\/v2\/types\/product"}],"wp:featuredmedia":[{"embeddable":true,"href":"https:\/\/www.eco2.ca\/fr\/wp-json\/wp\/v2\/media\/13025"}],"wp:attachment":[{"href":"https:\/\/www.eco2.ca\/fr\/wp-json\/wp\/v2\/media?parent=13026"}],"wp:term":[{"taxonomy":"product_brand","embeddable":true,"href":"https:\/\/www.eco2.ca\/fr\/wp-json\/wp\/v2\/product_brand?post=13026"},{"taxonomy":"product_cat","embeddable":true,"href":"https:\/\/www.eco2.ca\/fr\/wp-json\/wp\/v2\/product_cat?post=13026"},{"taxonomy":"product_tag","embeddable":true,"href":"https:\/\/www.eco2.ca\/fr\/wp-json\/wp\/v2\/product_tag?post=13026"}],"curies":[{"name":"wp","href":"https:\/\/api.w.org\/{rel}","templated":true}]}}