{"id":7256,"date":"2025-02-07T20:26:07","date_gmt":"2025-02-07T20:26:07","guid":{"rendered":"https:\/\/www.eco2.ca\/product\/carafe-en-carton\/"},"modified":"2025-06-30T12:39:18","modified_gmt":"2025-06-30T12:39:18","slug":"carafe-en-carton","status":"publish","type":"product","link":"https:\/\/www.eco2.ca\/fr\/product\/carafe-en-carton\/","title":{"rendered":"Carafe en carton"},"content":{"rendered":"<h2><strong>Carafe En Carton: Une El\u00e9gance Durable Pour Vos Boissons<\/strong><\/h2>\n<p>Faites passer votre service de boissons \u00e0 un niveau sup\u00e9rieur avec notre <strong>carafe innovante en carton<\/strong>, o\u00f9 la durabilit\u00e9 rencontre le design raffin\u00e9. Parfaite pour les restaurants, caf\u00e9s et services traiteurs souhaitant affirmer leur engagement \u00e9cologique tout en servant avec style.<\/p>\n<h3><strong>Caract\u00e9ristiques Cl\u00e9s:<\/strong><\/h3>\n<ul>\n<li><strong>100\u202f% recyclable<\/strong><\/li>\n<li><strong>Structure robuste en carton<\/strong><\/li>\n<li><strong>Bec verseur pratique<\/strong><\/li>\n<li><strong>Empilable pour un rangement efficace<\/strong><\/li>\n<li><strong>Mat\u00e9riaux de qualit\u00e9 alimentaire<\/strong><\/li>\n<li><strong>Look naturel et \u00e9l\u00e9gant<\/strong><\/li>\n<\/ul>\n<h4><strong>Impact Environnemental:<\/strong><\/h4>\n<p>Chaque carafe incarne une avanc\u00e9e vers un service alimentaire durable. Fabriqu\u00e9es \u00e0 partir de mat\u00e9riaux issus de sources responsables, elles r\u00e9duisent les d\u00e9chets plastiques tout en maintenant une pr\u00e9sentation professionnelle.<\/p>\n<p>&nbsp;<\/p>\n","protected":false},"excerpt":{"rendered":"<p>Carafe En Carton: Une El\u00e9gance Durable Pour Vos Boissons Faites passer votre service de boissons \u00e0 un niveau sup\u00e9rieur avec [&hellip;]<\/p>\n","protected":false},"featured_media":7255,"template":"","meta":{"_eb_attr":"","_uag_custom_page_level_css":"","site-sidebar-layout":"default","site-content-layout":"","ast-site-content-layout":"default","site-content-style":"default","site-sidebar-style":"default","ast-global-header-display":"","ast-banner-title-visibility":"","ast-main-header-display":"","ast-hfb-above-header-display":"","ast-hfb-below-header-display":"","ast-hfb-mobile-header-display":"","site-post-title":"","ast-breadcrumbs-content":"","ast-featured-img":"","footer-sml-layout":"","ast-disable-related-posts":"","theme-transparent-header-meta":"default","adv-header-id-meta":"","stick-header-meta":"","header-above-stick-meta":"","header-main-stick-meta":"","header-below-stick-meta":"","astra-migrate-meta-layouts":"set","ast-page-background-enabled":"default","ast-page-background-meta":{"desktop":{"background-color":"","background-image":"","background-repeat":"repeat","background-position":"center center","background-size":"auto","background-attachment":"scroll","background-type":"","background-media":"","overlay-type":"","overlay-color":"","overlay-opacity":"","overlay-gradient":""},"tablet":{"background-color":"","background-image":"","background-repeat":"repeat","background-position":"center center","background-size":"auto","background-attachment":"scroll","background-type":"","background-media":"","overlay-type":"","overlay-color":"","overlay-opacity":"","overlay-gradient":""},"mobile":{"background-color":"","background-image":"","background-repeat":"repeat","background-position":"center center","background-size":"auto","background-attachment":"scroll","background-type":"","background-media":"","overlay-type":"","overlay-color":"","overlay-opacity":"","overlay-gradient":""}},"ast-content-background-meta":{"desktop":{"background-color":"var(--ast-global-color-5)","background-image":"","background-repeat":"repeat","background-position":"center center","background-size":"auto","background-attachment":"scroll","background-type":"","background-media":"","overlay-type":"","overlay-color":"","overlay-opacity":"","overlay-gradient":""},"tablet":{"background-color":"var(--ast-global-color-5)","background-image":"","background-repeat":"repeat","background-position":"center center","background-size":"auto","background-attachment":"scroll","background-type":"","background-media":"","overlay-type":"","overlay-color":"","overlay-opacity":"","overlay-gradient":""},"mobile":{"background-color":"var(--ast-global-color-5)","background-image":"","background-repeat":"repeat","background-position":"center center","background-size":"auto","background-attachment":"scroll","background-type":"","background-media":"","overlay-type":"","overlay-color":"","overlay-opacity":"","overlay-gradient":""}},"_selected_store_location":"","_selected_store_location_key":""},"product_brand":[],"product_cat":[211,213,189],"product_tag":[],"class_list":{"0":"post-7256","1":"product","2":"type-product","3":"status-publish","4":"has-post-thumbnail","6":"product_cat-accessoires","7":"product_cat-carafe-sac-en-boite","8":"product_cat-tasses-et-accessoires","9":"wcmi-has-gallery","10":"desktop-align-center","11":"tablet-align-center","12":"mobile-align-center","14":"first","15":"instock","16":"shipping-taxable","17":"purchasable","18":"product-type-simple"},"yoast_head":"<!-- This site is optimized with the Yoast SEO plugin v27.5 - https:\/\/yoast.com\/product\/yoast-seo-wordpress\/ -->\n<title>Carafe en carton - Eco2bureau<\/title>\n<meta name=\"description\" content=\"Am\u00e9liorez votre service de boissons avec notre carafe en carton innovante - o\u00f9 la durabilit\u00e9 rencontre un design sophistiqu\u00e9. Id\u00e9al pour les restaurants, les caf\u00e9s, etc.\" \/>\n<meta name=\"robots\" content=\"index, follow, max-snippet:-1, max-image-preview:large, max-video-preview:-1\" \/>\n<link rel=\"canonical\" href=\"https:\/\/www.eco2.ca\/fr\/product\/carafe-en-carton\/\" \/>\n<meta property=\"og:locale\" content=\"fr_FR\" \/>\n<meta property=\"og:type\" content=\"article\" \/>\n<meta property=\"og:title\" content=\"Carafe en carton - Eco2bureau\" \/>\n<meta property=\"og:description\" content=\"Am\u00e9liorez votre service de boissons avec notre carafe en carton innovante - o\u00f9 la durabilit\u00e9 rencontre un design sophistiqu\u00e9. Id\u00e9al pour les restaurants, les caf\u00e9s, etc.\" \/>\n<meta property=\"og:url\" content=\"https:\/\/www.eco2.ca\/fr\/product\/carafe-en-carton\/\" \/>\n<meta property=\"og:site_name\" content=\"Eco2bureau\" \/>\n<meta property=\"article:modified_time\" content=\"2025-06-30T12:39:18+00:00\" \/>\n<meta property=\"og:image\" content=\"https:\/\/www.eco2.ca\/wp-content\/uploads\/2025\/02\/Cardboard-Carafe-tower-96.jpg\" \/>\n\t<meta property=\"og:image:width\" content=\"250\" \/>\n\t<meta property=\"og:image:height\" content=\"250\" \/>\n\t<meta property=\"og:image:type\" content=\"image\/jpeg\" \/>\n<meta name=\"twitter:card\" content=\"summary_large_image\" \/>\n<meta name=\"twitter:label1\" content=\"Dur\u00e9e de lecture estim\u00e9e\" \/>\n\t<meta name=\"twitter:data1\" content=\"1 minute\" \/>\n<script type=\"application\/ld+json\" class=\"yoast-schema-graph\">{\"@context\":\"https:\\\/\\\/schema.org\",\"@graph\":[{\"@type\":\"WebPage\",\"@id\":\"https:\\\/\\\/www.eco2.ca\\\/fr\\\/product\\\/carafe-en-carton\\\/\",\"url\":\"https:\\\/\\\/www.eco2.ca\\\/fr\\\/product\\\/carafe-en-carton\\\/\",\"name\":\"Carafe en carton - Eco2bureau\",\"isPartOf\":{\"@id\":\"https:\\\/\\\/www.eco2.ca\\\/fr\\\/#website\"},\"primaryImageOfPage\":{\"@id\":\"https:\\\/\\\/www.eco2.ca\\\/fr\\\/product\\\/carafe-en-carton\\\/#primaryimage\"},\"image\":{\"@id\":\"https:\\\/\\\/www.eco2.ca\\\/fr\\\/product\\\/carafe-en-carton\\\/#primaryimage\"},\"thumbnailUrl\":\"https:\\\/\\\/www.eco2.ca\\\/wp-content\\\/uploads\\\/2025\\\/02\\\/Cardboard-Carafe-tower-96.jpg\",\"datePublished\":\"2025-02-07T20:26:07+00:00\",\"dateModified\":\"2025-06-30T12:39:18+00:00\",\"description\":\"Am\u00e9liorez votre service de boissons avec notre carafe en carton innovante - o\u00f9 la durabilit\u00e9 rencontre un design sophistiqu\u00e9. Id\u00e9al pour les restaurants, les caf\u00e9s, etc.\",\"breadcrumb\":{\"@id\":\"https:\\\/\\\/www.eco2.ca\\\/fr\\\/product\\\/carafe-en-carton\\\/#breadcrumb\"},\"inLanguage\":\"fr-FR\",\"potentialAction\":[{\"@type\":\"ReadAction\",\"target\":[\"https:\\\/\\\/www.eco2.ca\\\/fr\\\/product\\\/carafe-en-carton\\\/\"]}]},{\"@type\":\"ImageObject\",\"inLanguage\":\"fr-FR\",\"@id\":\"https:\\\/\\\/www.eco2.ca\\\/fr\\\/product\\\/carafe-en-carton\\\/#primaryimage\",\"url\":\"https:\\\/\\\/www.eco2.ca\\\/wp-content\\\/uploads\\\/2025\\\/02\\\/Cardboard-Carafe-tower-96.jpg\",\"contentUrl\":\"https:\\\/\\\/www.eco2.ca\\\/wp-content\\\/uploads\\\/2025\\\/02\\\/Cardboard-Carafe-tower-96.jpg\",\"width\":250,\"height\":250,\"caption\":\"Carafe en carton : Une \u00e9l\u00e9gance durable pour vos boissons\"},{\"@type\":\"BreadcrumbList\",\"@id\":\"https:\\\/\\\/www.eco2.ca\\\/fr\\\/product\\\/carafe-en-carton\\\/#breadcrumb\",\"itemListElement\":[{\"@type\":\"ListItem\",\"position\":1,\"name\":\"Home\",\"item\":\"https:\\\/\\\/www.eco2.ca\\\/fr\\\/\"},{\"@type\":\"ListItem\",\"position\":2,\"name\":\"Boutique\",\"item\":\"https:\\\/\\\/www.eco2.ca\\\/fr\\\/boutique\\\/\"},{\"@type\":\"ListItem\",\"position\":3,\"name\":\"Carafe en carton\"}]},{\"@type\":\"WebSite\",\"@id\":\"https:\\\/\\\/www.eco2.ca\\\/fr\\\/#website\",\"url\":\"https:\\\/\\\/www.eco2.ca\\\/fr\\\/\",\"name\":\"Eco2bureau\",\"description\":\"\",\"publisher\":{\"@id\":\"https:\\\/\\\/www.eco2.ca\\\/fr\\\/#organization\"},\"potentialAction\":[{\"@type\":\"SearchAction\",\"target\":{\"@type\":\"EntryPoint\",\"urlTemplate\":\"https:\\\/\\\/www.eco2.ca\\\/fr\\\/?s={search_term_string}\"},\"query-input\":{\"@type\":\"PropertyValueSpecification\",\"valueRequired\":true,\"valueName\":\"search_term_string\"}}],\"inLanguage\":\"fr-FR\"},{\"@type\":\"Organization\",\"@id\":\"https:\\\/\\\/www.eco2.ca\\\/fr\\\/#organization\",\"name\":\"Eco2bureau\",\"url\":\"https:\\\/\\\/www.eco2.ca\\\/fr\\\/\",\"logo\":{\"@type\":\"ImageObject\",\"inLanguage\":\"fr-FR\",\"@id\":\"https:\\\/\\\/www.eco2.ca\\\/fr\\\/#\\\/schema\\\/logo\\\/image\\\/\",\"url\":\"https:\\\/\\\/www.eco2.ca\\\/wp-content\\\/uploads\\\/2025\\\/04\\\/cropped-cropped-Add-a-subheading-3.png\",\"contentUrl\":\"https:\\\/\\\/www.eco2.ca\\\/wp-content\\\/uploads\\\/2025\\\/04\\\/cropped-cropped-Add-a-subheading-3.png\",\"width\":469,\"height\":109,\"caption\":\"Eco2bureau\"},\"image\":{\"@id\":\"https:\\\/\\\/www.eco2.ca\\\/fr\\\/#\\\/schema\\\/logo\\\/image\\\/\"}}]}<\/script>\n<!-- \/ Yoast SEO plugin. -->","yoast_head_json":{"title":"Carafe en carton - Eco2bureau","description":"Am\u00e9liorez votre service de boissons avec notre carafe en carton innovante - o\u00f9 la durabilit\u00e9 rencontre un design sophistiqu\u00e9. Id\u00e9al pour les restaurants, les caf\u00e9s, etc.","robots":{"index":"index","follow":"follow","max-snippet":"max-snippet:-1","max-image-preview":"max-image-preview:large","max-video-preview":"max-video-preview:-1"},"canonical":"https:\/\/www.eco2.ca\/fr\/product\/carafe-en-carton\/","og_locale":"fr_FR","og_type":"article","og_title":"Carafe en carton - Eco2bureau","og_description":"Am\u00e9liorez votre service de boissons avec notre carafe en carton innovante - o\u00f9 la durabilit\u00e9 rencontre un design sophistiqu\u00e9. Id\u00e9al pour les restaurants, les caf\u00e9s, etc.","og_url":"https:\/\/www.eco2.ca\/fr\/product\/carafe-en-carton\/","og_site_name":"Eco2bureau","article_modified_time":"2025-06-30T12:39:18+00:00","og_image":[{"width":250,"height":250,"url":"https:\/\/www.eco2.ca\/wp-content\/uploads\/2025\/02\/Cardboard-Carafe-tower-96.jpg","type":"image\/jpeg"}],"twitter_card":"summary_large_image","twitter_misc":{"Dur\u00e9e de lecture estim\u00e9e":"1 minute"},"schema":{"@context":"https:\/\/schema.org","@graph":[{"@type":"WebPage","@id":"https:\/\/www.eco2.ca\/fr\/product\/carafe-en-carton\/","url":"https:\/\/www.eco2.ca\/fr\/product\/carafe-en-carton\/","name":"Carafe en carton - Eco2bureau","isPartOf":{"@id":"https:\/\/www.eco2.ca\/fr\/#website"},"primaryImageOfPage":{"@id":"https:\/\/www.eco2.ca\/fr\/product\/carafe-en-carton\/#primaryimage"},"image":{"@id":"https:\/\/www.eco2.ca\/fr\/product\/carafe-en-carton\/#primaryimage"},"thumbnailUrl":"https:\/\/www.eco2.ca\/wp-content\/uploads\/2025\/02\/Cardboard-Carafe-tower-96.jpg","datePublished":"2025-02-07T20:26:07+00:00","dateModified":"2025-06-30T12:39:18+00:00","description":"Am\u00e9liorez votre service de boissons avec notre carafe en carton innovante - o\u00f9 la durabilit\u00e9 rencontre un design sophistiqu\u00e9. Id\u00e9al pour les restaurants, les caf\u00e9s, etc.","breadcrumb":{"@id":"https:\/\/www.eco2.ca\/fr\/product\/carafe-en-carton\/#breadcrumb"},"inLanguage":"fr-FR","potentialAction":[{"@type":"ReadAction","target":["https:\/\/www.eco2.ca\/fr\/product\/carafe-en-carton\/"]}]},{"@type":"ImageObject","inLanguage":"fr-FR","@id":"https:\/\/www.eco2.ca\/fr\/product\/carafe-en-carton\/#primaryimage","url":"https:\/\/www.eco2.ca\/wp-content\/uploads\/2025\/02\/Cardboard-Carafe-tower-96.jpg","contentUrl":"https:\/\/www.eco2.ca\/wp-content\/uploads\/2025\/02\/Cardboard-Carafe-tower-96.jpg","width":250,"height":250,"caption":"Carafe en carton : Une \u00e9l\u00e9gance durable pour vos boissons"},{"@type":"BreadcrumbList","@id":"https:\/\/www.eco2.ca\/fr\/product\/carafe-en-carton\/#breadcrumb","itemListElement":[{"@type":"ListItem","position":1,"name":"Home","item":"https:\/\/www.eco2.ca\/fr\/"},{"@type":"ListItem","position":2,"name":"Boutique","item":"https:\/\/www.eco2.ca\/fr\/boutique\/"},{"@type":"ListItem","position":3,"name":"Carafe en carton"}]},{"@type":"WebSite","@id":"https:\/\/www.eco2.ca\/fr\/#website","url":"https:\/\/www.eco2.ca\/fr\/","name":"Eco2bureau","description":"","publisher":{"@id":"https:\/\/www.eco2.ca\/fr\/#organization"},"potentialAction":[{"@type":"SearchAction","target":{"@type":"EntryPoint","urlTemplate":"https:\/\/www.eco2.ca\/fr\/?s={search_term_string}"},"query-input":{"@type":"PropertyValueSpecification","valueRequired":true,"valueName":"search_term_string"}}],"inLanguage":"fr-FR"},{"@type":"Organization","@id":"https:\/\/www.eco2.ca\/fr\/#organization","name":"Eco2bureau","url":"https:\/\/www.eco2.ca\/fr\/","logo":{"@type":"ImageObject","inLanguage":"fr-FR","@id":"https:\/\/www.eco2.ca\/fr\/#\/schema\/logo\/image\/","url":"https:\/\/www.eco2.ca\/wp-content\/uploads\/2025\/04\/cropped-cropped-Add-a-subheading-3.png","contentUrl":"https:\/\/www.eco2.ca\/wp-content\/uploads\/2025\/04\/cropped-cropped-Add-a-subheading-3.png","width":469,"height":109,"caption":"Eco2bureau"},"image":{"@id":"https:\/\/www.eco2.ca\/fr\/#\/schema\/logo\/image\/"}}]}},"uagb_featured_image_src":{"full":["https:\/\/www.eco2.ca\/wp-content\/uploads\/2025\/02\/Cardboard-Carafe-tower-96.jpg",250,250,false],"thumbnail":["https:\/\/www.eco2.ca\/wp-content\/uploads\/2025\/02\/Cardboard-Carafe-tower-96-150x150.jpg",150,150,true],"medium":["https:\/\/www.eco2.ca\/wp-content\/uploads\/2025\/02\/Cardboard-Carafe-tower-96.jpg",250,250,false],"medium_large":["https:\/\/www.eco2.ca\/wp-content\/uploads\/2025\/02\/Cardboard-Carafe-tower-96.jpg",250,250,false],"large":["https:\/\/www.eco2.ca\/wp-content\/uploads\/2025\/02\/Cardboard-Carafe-tower-96.jpg",250,250,false],"1536x1536":["https:\/\/www.eco2.ca\/wp-content\/uploads\/2025\/02\/Cardboard-Carafe-tower-96.jpg",250,250,false],"2048x2048":["https:\/\/www.eco2.ca\/wp-content\/uploads\/2025\/02\/Cardboard-Carafe-tower-96.jpg",250,250,false],"wishsuite-image":["https:\/\/www.eco2.ca\/wp-content\/uploads\/2025\/02\/Cardboard-Carafe-tower-96.jpg",80,80,false],"woocommerce_thumbnail":["https:\/\/www.eco2.ca\/wp-content\/uploads\/2025\/02\/Cardboard-Carafe-tower-96.jpg",250,250,false],"woocommerce_single":["https:\/\/www.eco2.ca\/wp-content\/uploads\/2025\/02\/Cardboard-Carafe-tower-96.jpg",250,250,false],"woocommerce_gallery_thumbnail":["https:\/\/www.eco2.ca\/wp-content\/uploads\/2025\/02\/Cardboard-Carafe-tower-96-100x100.jpg",100,100,true]},"uagb_author_info":{"display_name":"Mary ..","author_link":"https:\/\/www.eco2.ca\/fr\/author\/"},"uagb_comment_info":0,"uagb_excerpt":"Carafe En Carton: Une El\u00e9gance Durable Pour Vos Boissons Faites passer votre service de boissons \u00e0 un niveau sup\u00e9rieur avec [&hellip;]","_links":{"self":[{"href":"https:\/\/www.eco2.ca\/fr\/wp-json\/wp\/v2\/product\/7256","targetHints":{"allow":["GET"]}}],"collection":[{"href":"https:\/\/www.eco2.ca\/fr\/wp-json\/wp\/v2\/product"}],"about":[{"href":"https:\/\/www.eco2.ca\/fr\/wp-json\/wp\/v2\/types\/product"}],"wp:featuredmedia":[{"embeddable":true,"href":"https:\/\/www.eco2.ca\/fr\/wp-json\/wp\/v2\/media\/7255"}],"wp:attachment":[{"href":"https:\/\/www.eco2.ca\/fr\/wp-json\/wp\/v2\/media?parent=7256"}],"wp:term":[{"taxonomy":"product_brand","embeddable":true,"href":"https:\/\/www.eco2.ca\/fr\/wp-json\/wp\/v2\/product_brand?post=7256"},{"taxonomy":"product_cat","embeddable":true,"href":"https:\/\/www.eco2.ca\/fr\/wp-json\/wp\/v2\/product_cat?post=7256"},{"taxonomy":"product_tag","embeddable":true,"href":"https:\/\/www.eco2.ca\/fr\/wp-json\/wp\/v2\/product_tag?post=7256"}],"curies":[{"name":"wp","href":"https:\/\/api.w.org\/{rel}","templated":true}]}}