{"id":7261,"date":"2025-02-07T21:10:19","date_gmt":"2025-02-07T21:10:19","guid":{"rendered":"https:\/\/www.eco2.ca\/?post_type=product&#038;p=7261"},"modified":"2025-06-30T12:11:07","modified_gmt":"2025-06-30T12:11:07","slug":"manchette-compostable-pour-gobelet-de-cafe","status":"publish","type":"product","link":"https:\/\/www.eco2.ca\/fr\/product\/manchette-compostable-pour-gobelet-de-cafe\/","title":{"rendered":"Manchette Compostable Pour Gobelet De Caf\u00e9"},"content":{"rendered":"<h2 style=\"font-size: 1.4em;\">Manchette Compostable Pour Gobelet De Caf\u00e9: Protection Thermique et Durabilit\u00e9<\/h2>\n<p><strong>Ces \u00e9chantillons de manchons pour gobelets r\u00e9duisent le gaspillage li\u00e9 \u00e0 l\u2019utilisation d\u2019un deuxi\u00e8me gobelet pour prot\u00e9ger les mains.<\/strong> Nos manchons pour boissons chaudes sont fabriqu\u00e9s \u00e0 partir de papier 100\u202f% recycl\u00e9 (dont 90\u202f% post-consommation). Souviens-toi : si tu n\u2019ach\u00e8tes pas de produits recycl\u00e9s, tu ne participes pas vraiment au recyclage\u202f!<\/p>\n<h3>Impact Environnemental:<\/h3>\n<p>Chaque manchon est con\u00e7u \u00e0 partir de mat\u00e9riaux recycl\u00e9s post-consommation, est <strong>100\u202f% biod\u00e9gradable<\/strong>, et permet de r\u00e9duire les d\u00e9chets comparativement \u00e0 la double utilisation de gobelets. Cette solution \u00e9coresponsable garantit \u00e9galement une <strong>empreinte carbone minimale<\/strong> et une \u00e9limination respectueuse de l\u2019environnement.<\/p>\n","protected":false},"excerpt":{"rendered":"<p>Con\u00e7ues pour <strong>le caf\u00e9 et les boissons chaudes<\/strong>, ces <strong>manchettes isolantes \u00e9cologiques<\/strong> offrent une <strong>prise en main confortable<\/strong> et une <strong>r\u00e9sistance thermique efficace<\/strong>, tout en favorisant des choix <strong>durables et responsables<\/strong>.<br \/>\n<em style=\"font-size: 1.0em;\"><a href=\"https:\/\/www.eco2.ca\/fr\/solution-dimpression-personnalisee\/\" target=\"_blank\" rel=\"https:\/\/www.eco2.ca\/custom-printing-solution\/ noopener\"><img decoding=\"async\" class=\"alignnone wp-image-12241\" src=\"https:\/\/www.eco2.ca\/wp-content\/uploads\/2025\/06\/Custom-printing-available-300x300.png\" alt=\"custom printing coffee cup\" width=\"93\" height=\"93\" srcset=\"https:\/\/www.eco2.ca\/wp-content\/uploads\/2025\/06\/Custom-printing-available-300x300.png 300w, https:\/\/www.eco2.ca\/wp-content\/uploads\/2025\/06\/Custom-printing-available-1024x1024.png 1024w, https:\/\/www.eco2.ca\/wp-content\/uploads\/2025\/06\/Custom-printing-available-150x150.png 150w, https:\/\/www.eco2.ca\/wp-content\/uploads\/2025\/06\/Custom-printing-available-768x768.png 768w, https:\/\/www.eco2.ca\/wp-content\/uploads\/2025\/06\/Custom-printing-available-600x600.png 600w, https:\/\/www.eco2.ca\/wp-content\/uploads\/2025\/06\/Custom-printing-available-100x100.png 100w, https:\/\/www.eco2.ca\/wp-content\/uploads\/2025\/06\/Custom-printing-available.png 1181w\" sizes=\"(max-width: 93px) 100vw, 93px\" \/>Impression personnalis\u00e9e disponible<\/a><\/em><\/p>\n","protected":false},"featured_media":7036,"template":"","meta":{"_eb_attr":"","_uag_custom_page_level_css":"","site-sidebar-layout":"default","site-content-layout":"","ast-site-content-layout":"default","site-content-style":"default","site-sidebar-style":"default","ast-global-header-display":"","ast-banner-title-visibility":"","ast-main-header-display":"","ast-hfb-above-header-display":"","ast-hfb-below-header-display":"","ast-hfb-mobile-header-display":"","site-post-title":"","ast-breadcrumbs-content":"","ast-featured-img":"","footer-sml-layout":"","ast-disable-related-posts":"","theme-transparent-header-meta":"default","adv-header-id-meta":"","stick-header-meta":"","header-above-stick-meta":"","header-main-stick-meta":"","header-below-stick-meta":"","astra-migrate-meta-layouts":"set","ast-page-background-enabled":"default","ast-page-background-meta":{"desktop":{"background-color":"","background-image":"","background-repeat":"repeat","background-position":"center center","background-size":"auto","background-attachment":"scroll","background-type":"","background-media":"","overlay-type":"","overlay-color":"","overlay-opacity":"","overlay-gradient":""},"tablet":{"background-color":"","background-image":"","background-repeat":"repeat","background-position":"center center","background-size":"auto","background-attachment":"scroll","background-type":"","background-media":"","overlay-type":"","overlay-color":"","overlay-opacity":"","overlay-gradient":""},"mobile":{"background-color":"","background-image":"","background-repeat":"repeat","background-position":"center center","background-size":"auto","background-attachment":"scroll","background-type":"","background-media":"","overlay-type":"","overlay-color":"","overlay-opacity":"","overlay-gradient":""}},"ast-content-background-meta":{"desktop":{"background-color":"var(--ast-global-color-5)","background-image":"","background-repeat":"repeat","background-position":"center center","background-size":"auto","background-attachment":"scroll","background-type":"","background-media":"","overlay-type":"","overlay-color":"","overlay-opacity":"","overlay-gradient":""},"tablet":{"background-color":"var(--ast-global-color-5)","background-image":"","background-repeat":"repeat","background-position":"center center","background-size":"auto","background-attachment":"scroll","background-type":"","background-media":"","overlay-type":"","overlay-color":"","overlay-opacity":"","overlay-gradient":""},"mobile":{"background-color":"var(--ast-global-color-5)","background-image":"","background-repeat":"repeat","background-position":"center center","background-size":"auto","background-attachment":"scroll","background-type":"","background-media":"","overlay-type":"","overlay-color":"","overlay-opacity":"","overlay-gradient":""}},"_selected_store_location":"","_selected_store_location_key":""},"product_brand":[],"product_cat":[211,189],"product_tag":[],"class_list":{"0":"post-7261","1":"product","2":"type-product","3":"status-publish","4":"has-post-thumbnail","6":"product_cat-accessoires","7":"product_cat-tasses-et-accessoires","8":"desktop-align-center","9":"tablet-align-center","10":"mobile-align-center","12":"first","13":"instock","14":"shipping-taxable","15":"purchasable","16":"product-type-simple"},"yoast_head":"<!-- This site is optimized with the Yoast SEO plugin v27.5 - https:\/\/yoast.com\/product\/yoast-seo-wordpress\/ -->\n<title>Manchette Compostable Pour Gobelet De Caf\u00e9 - Eco2bureau<\/title>\n<meta name=\"description\" content=\"Prot\u00e9gez vos mains et la plan\u00e8te avec nos manchons de gobelet \u00e0 caf\u00e9 \u00e9cologique de qualit\u00e9 sup\u00e9rieure. Sp\u00e9cialement con\u00e7us pour les caf\u00e9s, les coffee shops\" \/>\n<meta name=\"robots\" content=\"index, follow, max-snippet:-1, max-image-preview:large, max-video-preview:-1\" \/>\n<link rel=\"canonical\" href=\"https:\/\/www.eco2.ca\/fr\/product\/manchette-compostable-pour-gobelet-de-cafe\/\" \/>\n<meta property=\"og:locale\" content=\"fr_FR\" \/>\n<meta property=\"og:type\" content=\"article\" \/>\n<meta property=\"og:title\" content=\"Manchette Compostable Pour Gobelet De Caf\u00e9 - Eco2bureau\" \/>\n<meta property=\"og:description\" content=\"Prot\u00e9gez vos mains et la plan\u00e8te avec nos manchons de gobelet \u00e0 caf\u00e9 \u00e9cologique de qualit\u00e9 sup\u00e9rieure. Sp\u00e9cialement con\u00e7us pour les caf\u00e9s, les coffee shops\" \/>\n<meta property=\"og:url\" content=\"https:\/\/www.eco2.ca\/fr\/product\/manchette-compostable-pour-gobelet-de-cafe\/\" \/>\n<meta property=\"og:site_name\" content=\"Eco2bureau\" \/>\n<meta property=\"article:modified_time\" content=\"2025-06-30T12:11:07+00:00\" \/>\n<meta property=\"og:image\" content=\"https:\/\/www.eco2.ca\/wp-content\/uploads\/2025\/01\/sleeves1.png\" \/>\n\t<meta property=\"og:image:width\" content=\"320\" \/>\n\t<meta property=\"og:image:height\" content=\"320\" \/>\n\t<meta property=\"og:image:type\" content=\"image\/png\" \/>\n<meta name=\"twitter:card\" content=\"summary_large_image\" \/>\n<meta name=\"twitter:label1\" content=\"Dur\u00e9e de lecture estim\u00e9e\" \/>\n\t<meta name=\"twitter:data1\" content=\"1 minute\" \/>\n<script type=\"application\/ld+json\" class=\"yoast-schema-graph\">{\"@context\":\"https:\\\/\\\/schema.org\",\"@graph\":[{\"@type\":\"WebPage\",\"@id\":\"https:\\\/\\\/www.eco2.ca\\\/fr\\\/product\\\/manchette-compostable-pour-gobelet-de-cafe\\\/\",\"url\":\"https:\\\/\\\/www.eco2.ca\\\/fr\\\/product\\\/manchette-compostable-pour-gobelet-de-cafe\\\/\",\"name\":\"Manchette Compostable Pour Gobelet De Caf\u00e9 - Eco2bureau\",\"isPartOf\":{\"@id\":\"https:\\\/\\\/www.eco2.ca\\\/fr\\\/#website\"},\"primaryImageOfPage\":{\"@id\":\"https:\\\/\\\/www.eco2.ca\\\/fr\\\/product\\\/manchette-compostable-pour-gobelet-de-cafe\\\/#primaryimage\"},\"image\":{\"@id\":\"https:\\\/\\\/www.eco2.ca\\\/fr\\\/product\\\/manchette-compostable-pour-gobelet-de-cafe\\\/#primaryimage\"},\"thumbnailUrl\":\"https:\\\/\\\/www.eco2.ca\\\/wp-content\\\/uploads\\\/2025\\\/01\\\/sleeves1.png\",\"datePublished\":\"2025-02-07T21:10:19+00:00\",\"dateModified\":\"2025-06-30T12:11:07+00:00\",\"description\":\"Prot\u00e9gez vos mains et la plan\u00e8te avec nos manchons de gobelet \u00e0 caf\u00e9 \u00e9cologique de qualit\u00e9 sup\u00e9rieure. Sp\u00e9cialement con\u00e7us pour les caf\u00e9s, les coffee shops\",\"breadcrumb\":{\"@id\":\"https:\\\/\\\/www.eco2.ca\\\/fr\\\/product\\\/manchette-compostable-pour-gobelet-de-cafe\\\/#breadcrumb\"},\"inLanguage\":\"fr-FR\",\"potentialAction\":[{\"@type\":\"ReadAction\",\"target\":[\"https:\\\/\\\/www.eco2.ca\\\/fr\\\/product\\\/manchette-compostable-pour-gobelet-de-cafe\\\/\"]}]},{\"@type\":\"ImageObject\",\"inLanguage\":\"fr-FR\",\"@id\":\"https:\\\/\\\/www.eco2.ca\\\/fr\\\/product\\\/manchette-compostable-pour-gobelet-de-cafe\\\/#primaryimage\",\"url\":\"https:\\\/\\\/www.eco2.ca\\\/wp-content\\\/uploads\\\/2025\\\/01\\\/sleeves1.png\",\"contentUrl\":\"https:\\\/\\\/www.eco2.ca\\\/wp-content\\\/uploads\\\/2025\\\/01\\\/sleeves1.png\",\"width\":320,\"height\":320,\"caption\":\"Gobelet \u00e0 Caf\u00e9 \u00c9cologique\"},{\"@type\":\"BreadcrumbList\",\"@id\":\"https:\\\/\\\/www.eco2.ca\\\/fr\\\/product\\\/manchette-compostable-pour-gobelet-de-cafe\\\/#breadcrumb\",\"itemListElement\":[{\"@type\":\"ListItem\",\"position\":1,\"name\":\"Home\",\"item\":\"https:\\\/\\\/www.eco2.ca\\\/fr\\\/\"},{\"@type\":\"ListItem\",\"position\":2,\"name\":\"Boutique\",\"item\":\"https:\\\/\\\/www.eco2.ca\\\/fr\\\/boutique\\\/\"},{\"@type\":\"ListItem\",\"position\":3,\"name\":\"Manchette Compostable Pour Gobelet De Caf\u00e9\"}]},{\"@type\":\"WebSite\",\"@id\":\"https:\\\/\\\/www.eco2.ca\\\/fr\\\/#website\",\"url\":\"https:\\\/\\\/www.eco2.ca\\\/fr\\\/\",\"name\":\"Eco2bureau\",\"description\":\"\",\"publisher\":{\"@id\":\"https:\\\/\\\/www.eco2.ca\\\/fr\\\/#organization\"},\"potentialAction\":[{\"@type\":\"SearchAction\",\"target\":{\"@type\":\"EntryPoint\",\"urlTemplate\":\"https:\\\/\\\/www.eco2.ca\\\/fr\\\/?s={search_term_string}\"},\"query-input\":{\"@type\":\"PropertyValueSpecification\",\"valueRequired\":true,\"valueName\":\"search_term_string\"}}],\"inLanguage\":\"fr-FR\"},{\"@type\":\"Organization\",\"@id\":\"https:\\\/\\\/www.eco2.ca\\\/fr\\\/#organization\",\"name\":\"Eco2bureau\",\"url\":\"https:\\\/\\\/www.eco2.ca\\\/fr\\\/\",\"logo\":{\"@type\":\"ImageObject\",\"inLanguage\":\"fr-FR\",\"@id\":\"https:\\\/\\\/www.eco2.ca\\\/fr\\\/#\\\/schema\\\/logo\\\/image\\\/\",\"url\":\"https:\\\/\\\/www.eco2.ca\\\/wp-content\\\/uploads\\\/2025\\\/04\\\/cropped-cropped-Add-a-subheading-3.png\",\"contentUrl\":\"https:\\\/\\\/www.eco2.ca\\\/wp-content\\\/uploads\\\/2025\\\/04\\\/cropped-cropped-Add-a-subheading-3.png\",\"width\":469,\"height\":109,\"caption\":\"Eco2bureau\"},\"image\":{\"@id\":\"https:\\\/\\\/www.eco2.ca\\\/fr\\\/#\\\/schema\\\/logo\\\/image\\\/\"}}]}<\/script>\n<!-- \/ Yoast SEO plugin. -->","yoast_head_json":{"title":"Manchette Compostable Pour Gobelet De Caf\u00e9 - Eco2bureau","description":"Prot\u00e9gez vos mains et la plan\u00e8te avec nos manchons de gobelet \u00e0 caf\u00e9 \u00e9cologique de qualit\u00e9 sup\u00e9rieure. Sp\u00e9cialement con\u00e7us pour les caf\u00e9s, les coffee shops","robots":{"index":"index","follow":"follow","max-snippet":"max-snippet:-1","max-image-preview":"max-image-preview:large","max-video-preview":"max-video-preview:-1"},"canonical":"https:\/\/www.eco2.ca\/fr\/product\/manchette-compostable-pour-gobelet-de-cafe\/","og_locale":"fr_FR","og_type":"article","og_title":"Manchette Compostable Pour Gobelet De Caf\u00e9 - Eco2bureau","og_description":"Prot\u00e9gez vos mains et la plan\u00e8te avec nos manchons de gobelet \u00e0 caf\u00e9 \u00e9cologique de qualit\u00e9 sup\u00e9rieure. Sp\u00e9cialement con\u00e7us pour les caf\u00e9s, les coffee shops","og_url":"https:\/\/www.eco2.ca\/fr\/product\/manchette-compostable-pour-gobelet-de-cafe\/","og_site_name":"Eco2bureau","article_modified_time":"2025-06-30T12:11:07+00:00","og_image":[{"width":320,"height":320,"url":"https:\/\/www.eco2.ca\/wp-content\/uploads\/2025\/01\/sleeves1.png","type":"image\/png"}],"twitter_card":"summary_large_image","twitter_misc":{"Dur\u00e9e de lecture estim\u00e9e":"1 minute"},"schema":{"@context":"https:\/\/schema.org","@graph":[{"@type":"WebPage","@id":"https:\/\/www.eco2.ca\/fr\/product\/manchette-compostable-pour-gobelet-de-cafe\/","url":"https:\/\/www.eco2.ca\/fr\/product\/manchette-compostable-pour-gobelet-de-cafe\/","name":"Manchette Compostable Pour Gobelet De Caf\u00e9 - Eco2bureau","isPartOf":{"@id":"https:\/\/www.eco2.ca\/fr\/#website"},"primaryImageOfPage":{"@id":"https:\/\/www.eco2.ca\/fr\/product\/manchette-compostable-pour-gobelet-de-cafe\/#primaryimage"},"image":{"@id":"https:\/\/www.eco2.ca\/fr\/product\/manchette-compostable-pour-gobelet-de-cafe\/#primaryimage"},"thumbnailUrl":"https:\/\/www.eco2.ca\/wp-content\/uploads\/2025\/01\/sleeves1.png","datePublished":"2025-02-07T21:10:19+00:00","dateModified":"2025-06-30T12:11:07+00:00","description":"Prot\u00e9gez vos mains et la plan\u00e8te avec nos manchons de gobelet \u00e0 caf\u00e9 \u00e9cologique de qualit\u00e9 sup\u00e9rieure. Sp\u00e9cialement con\u00e7us pour les caf\u00e9s, les coffee shops","breadcrumb":{"@id":"https:\/\/www.eco2.ca\/fr\/product\/manchette-compostable-pour-gobelet-de-cafe\/#breadcrumb"},"inLanguage":"fr-FR","potentialAction":[{"@type":"ReadAction","target":["https:\/\/www.eco2.ca\/fr\/product\/manchette-compostable-pour-gobelet-de-cafe\/"]}]},{"@type":"ImageObject","inLanguage":"fr-FR","@id":"https:\/\/www.eco2.ca\/fr\/product\/manchette-compostable-pour-gobelet-de-cafe\/#primaryimage","url":"https:\/\/www.eco2.ca\/wp-content\/uploads\/2025\/01\/sleeves1.png","contentUrl":"https:\/\/www.eco2.ca\/wp-content\/uploads\/2025\/01\/sleeves1.png","width":320,"height":320,"caption":"Gobelet \u00e0 Caf\u00e9 \u00c9cologique"},{"@type":"BreadcrumbList","@id":"https:\/\/www.eco2.ca\/fr\/product\/manchette-compostable-pour-gobelet-de-cafe\/#breadcrumb","itemListElement":[{"@type":"ListItem","position":1,"name":"Home","item":"https:\/\/www.eco2.ca\/fr\/"},{"@type":"ListItem","position":2,"name":"Boutique","item":"https:\/\/www.eco2.ca\/fr\/boutique\/"},{"@type":"ListItem","position":3,"name":"Manchette Compostable Pour Gobelet De Caf\u00e9"}]},{"@type":"WebSite","@id":"https:\/\/www.eco2.ca\/fr\/#website","url":"https:\/\/www.eco2.ca\/fr\/","name":"Eco2bureau","description":"","publisher":{"@id":"https:\/\/www.eco2.ca\/fr\/#organization"},"potentialAction":[{"@type":"SearchAction","target":{"@type":"EntryPoint","urlTemplate":"https:\/\/www.eco2.ca\/fr\/?s={search_term_string}"},"query-input":{"@type":"PropertyValueSpecification","valueRequired":true,"valueName":"search_term_string"}}],"inLanguage":"fr-FR"},{"@type":"Organization","@id":"https:\/\/www.eco2.ca\/fr\/#organization","name":"Eco2bureau","url":"https:\/\/www.eco2.ca\/fr\/","logo":{"@type":"ImageObject","inLanguage":"fr-FR","@id":"https:\/\/www.eco2.ca\/fr\/#\/schema\/logo\/image\/","url":"https:\/\/www.eco2.ca\/wp-content\/uploads\/2025\/04\/cropped-cropped-Add-a-subheading-3.png","contentUrl":"https:\/\/www.eco2.ca\/wp-content\/uploads\/2025\/04\/cropped-cropped-Add-a-subheading-3.png","width":469,"height":109,"caption":"Eco2bureau"},"image":{"@id":"https:\/\/www.eco2.ca\/fr\/#\/schema\/logo\/image\/"}}]}},"uagb_featured_image_src":{"full":["https:\/\/www.eco2.ca\/wp-content\/uploads\/2025\/01\/sleeves1.png",320,320,false],"thumbnail":["https:\/\/www.eco2.ca\/wp-content\/uploads\/2025\/01\/sleeves1-150x150.png",150,150,true],"medium":["https:\/\/www.eco2.ca\/wp-content\/uploads\/2025\/01\/sleeves1-300x300.png",300,300,true],"medium_large":["https:\/\/www.eco2.ca\/wp-content\/uploads\/2025\/01\/sleeves1.png",320,320,false],"large":["https:\/\/www.eco2.ca\/wp-content\/uploads\/2025\/01\/sleeves1.png",320,320,false],"1536x1536":["https:\/\/www.eco2.ca\/wp-content\/uploads\/2025\/01\/sleeves1.png",320,320,false],"2048x2048":["https:\/\/www.eco2.ca\/wp-content\/uploads\/2025\/01\/sleeves1.png",320,320,false],"wishsuite-image":["https:\/\/www.eco2.ca\/wp-content\/uploads\/2025\/01\/sleeves1.png",80,80,false],"woocommerce_thumbnail":["https:\/\/www.eco2.ca\/wp-content\/uploads\/2025\/01\/sleeves1-300x300.png",300,300,true],"woocommerce_single":["https:\/\/www.eco2.ca\/wp-content\/uploads\/2025\/01\/sleeves1.png",320,320,false],"woocommerce_gallery_thumbnail":["https:\/\/www.eco2.ca\/wp-content\/uploads\/2025\/01\/sleeves1-100x100.png",100,100,true]},"uagb_author_info":{"display_name":"Mary ..","author_link":"https:\/\/www.eco2.ca\/fr\/author\/"},"uagb_comment_info":0,"uagb_excerpt":"Con\u00e7ues pour le caf\u00e9 et les boissons chaudes, ces manchettes isolantes \u00e9cologiques offrent une prise en main confortable et une r\u00e9sistance thermique efficace, tout en favorisant des choix durables et responsables. Impression personnalis\u00e9e disponible","_links":{"self":[{"href":"https:\/\/www.eco2.ca\/fr\/wp-json\/wp\/v2\/product\/7261","targetHints":{"allow":["GET"]}}],"collection":[{"href":"https:\/\/www.eco2.ca\/fr\/wp-json\/wp\/v2\/product"}],"about":[{"href":"https:\/\/www.eco2.ca\/fr\/wp-json\/wp\/v2\/types\/product"}],"wp:featuredmedia":[{"embeddable":true,"href":"https:\/\/www.eco2.ca\/fr\/wp-json\/wp\/v2\/media\/7036"}],"wp:attachment":[{"href":"https:\/\/www.eco2.ca\/fr\/wp-json\/wp\/v2\/media?parent=7261"}],"wp:term":[{"taxonomy":"product_brand","embeddable":true,"href":"https:\/\/www.eco2.ca\/fr\/wp-json\/wp\/v2\/product_brand?post=7261"},{"taxonomy":"product_cat","embeddable":true,"href":"https:\/\/www.eco2.ca\/fr\/wp-json\/wp\/v2\/product_cat?post=7261"},{"taxonomy":"product_tag","embeddable":true,"href":"https:\/\/www.eco2.ca\/fr\/wp-json\/wp\/v2\/product_tag?post=7261"}],"curies":[{"name":"wp","href":"https:\/\/api.w.org\/{rel}","templated":true}]}}