{"id":7270,"date":"2025-02-08T19:43:47","date_gmt":"2025-02-08T19:43:47","guid":{"rendered":"https:\/\/www.eco2.ca\/?post_type=product&#038;p=7270"},"modified":"2025-06-30T12:03:18","modified_gmt":"2025-06-30T12:03:18","slug":"plateau-en-pate-moulee","status":"publish","type":"product","link":"https:\/\/www.eco2.ca\/fr\/product\/plateau-en-pate-moulee\/","title":{"rendered":"Plateau Porte-gobelets En P\u00e2te Moul\u00e9e Et Carton Ondul\u00e9"},"content":{"rendered":"<h2>Plateau En P\u00e2te Moul\u00e9e : Solutions De Service Durables<\/h2>\n<p>Transformez la pr\u00e9sentation de votre service de restauration avec notre plateau en p\u00e2te moul\u00e9e \u00e9co-responsable \u2013 o\u00f9 la fonctionnalit\u00e9 rencontre la responsabilit\u00e9 environnementale. Ces plateaux polyvalents offrent une alternative durable aux solutions de service en plastique traditionnelles, id\u00e9ales pour les restaurants, les caf\u00e9t\u00e9rias et les prestataires de services alimentaires engag\u00e9s \u00e0 r\u00e9duire leur impact environnemental.<\/p>\n<h4>Caract\u00e9ristiques Principales :<\/h4>\n<ul>\n<li>100% Biod\u00e9gradable et Compostable<\/li>\n<li>Construction Moul\u00e9e Robuste<\/li>\n<li>Conception R\u00e9sistante \u00e0 l&rsquo;Eau<\/li>\n<li>S\u00fbr pour le Micro-ondes<\/li>\n<li>R\u00e9sistant \u00e0 la Graisse<\/li>\n<li>Conception Empilable<\/li>\n<li>Couleur Naturelle Marron<\/li>\n<li>Certifi\u00e9 ASTM 6400<\/li>\n<\/ul>\n<table>\n<thead>\n<tr>\n<th style=\"text-align: left;\">Avantages de Performance<\/th>\n<th style=\"text-align: left;\">Tailles et Styles Disponibles<\/th>\n<th style=\"text-align: left;\">Id\u00e9al Pour<\/th>\n<\/tr>\n<\/thead>\n<tbody>\n<tr>\n<td>Excellente int\u00e9grit\u00e9 structurelle<\/td>\n<td>Petit (15 cm x 20 cm)<\/td>\n<td>Restaurants<\/td>\n<\/tr>\n<tr>\n<td>R\u00e9sistant aux temp\u00e9ratures (-20\u00b0C \u00e0 100\u00b0C)<\/td>\n<td>Moyen (20 cm x 25 cm)<\/td>\n<td>Caf\u00e9t\u00e9rias<\/td>\n<\/tr>\n<tr>\n<td>L\u00e9ger mais durable<\/td>\n<td>Grand (25 cm x 30 cm)<\/td>\n<td>Aires de restauration<\/td>\n<\/tr>\n<tr>\n<td>Mat\u00e9riaux non toxiques<\/td>\n<td>Options compartiment\u00e9es disponibles<\/td>\n<td>Services de restauration<\/td>\n<\/tr>\n<tr>\n<td>R\u00e9sistant aux taches<\/td>\n<td>Tailles personnalis\u00e9es pour commandes en gros<\/td>\n<td>\u00c9tablissements \u00e0 emporter<\/td>\n<\/tr>\n<tr>\n<td>Facile \u00e0 stocker et \u00e0 transporter<\/td>\n<td><\/td>\n<td>Programmes de d\u00e9jeuner scolaire<\/td>\n<\/tr>\n<tr>\n<td><\/td>\n<td><\/td>\n<td>Service alimentaire hospitalier<\/td>\n<\/tr>\n<tr>\n<td><\/td>\n<td><\/td>\n<td>Organisation d&rsquo;\u00e9v\u00e9nements<\/td>\n<\/tr>\n<\/tbody>\n<\/table>\n<div>\n<div>\n<h3><strong>Impact Environnemental<\/strong><\/h3>\n<p>Chaque plateau est fabriqu\u00e9 \u00e0 partir de mat\u00e9riaux en papier recycl\u00e9, est 100% biod\u00e9gradable et est compostable commercialement. Ces plateaux aident \u00e0 r\u00e9duire les d\u00e9chets plastiques, ont une faible empreinte carbone et permettent une \u00e9limination respectueuse de l&rsquo;environnement.<\/p>\n<p>Optez pour des solutions de service alimentaire durables avec nos plateaux en p\u00e2te moul\u00e9e. Partenaire avec Eco2Bureau pour des emballages qui prot\u00e8gent \u00e0 la fois vos aliments et l&rsquo;environnement.<\/p>\n<\/div>\n<div><\/div>\n<\/div>\n","protected":false},"excerpt":{"rendered":"<p>Plateau En P\u00e2te Moul\u00e9e : Solutions De Service Durables Transformez la pr\u00e9sentation de votre service de restauration avec notre plateau [&hellip;]<\/p>\n","protected":false},"featured_media":7266,"template":"","meta":{"_eb_attr":"","_uag_custom_page_level_css":"","site-sidebar-layout":"default","site-content-layout":"","ast-site-content-layout":"default","site-content-style":"default","site-sidebar-style":"default","ast-global-header-display":"","ast-banner-title-visibility":"","ast-main-header-display":"","ast-hfb-above-header-display":"","ast-hfb-below-header-display":"","ast-hfb-mobile-header-display":"","site-post-title":"","ast-breadcrumbs-content":"","ast-featured-img":"","footer-sml-layout":"","ast-disable-related-posts":"","theme-transparent-header-meta":"default","adv-header-id-meta":"","stick-header-meta":"","header-above-stick-meta":"","header-main-stick-meta":"","header-below-stick-meta":"","astra-migrate-meta-layouts":"set","ast-page-background-enabled":"default","ast-page-background-meta":{"desktop":{"background-color":"","background-image":"","background-repeat":"repeat","background-position":"center center","background-size":"auto","background-attachment":"scroll","background-type":"","background-media":"","overlay-type":"","overlay-color":"","overlay-opacity":"","overlay-gradient":""},"tablet":{"background-color":"","background-image":"","background-repeat":"repeat","background-position":"center center","background-size":"auto","background-attachment":"scroll","background-type":"","background-media":"","overlay-type":"","overlay-color":"","overlay-opacity":"","overlay-gradient":""},"mobile":{"background-color":"","background-image":"","background-repeat":"repeat","background-position":"center center","background-size":"auto","background-attachment":"scroll","background-type":"","background-media":"","overlay-type":"","overlay-color":"","overlay-opacity":"","overlay-gradient":""}},"ast-content-background-meta":{"desktop":{"background-color":"var(--ast-global-color-5)","background-image":"","background-repeat":"repeat","background-position":"center center","background-size":"auto","background-attachment":"scroll","background-type":"","background-media":"","overlay-type":"","overlay-color":"","overlay-opacity":"","overlay-gradient":""},"tablet":{"background-color":"var(--ast-global-color-5)","background-image":"","background-repeat":"repeat","background-position":"center center","background-size":"auto","background-attachment":"scroll","background-type":"","background-media":"","overlay-type":"","overlay-color":"","overlay-opacity":"","overlay-gradient":""},"mobile":{"background-color":"var(--ast-global-color-5)","background-image":"","background-repeat":"repeat","background-position":"center center","background-size":"auto","background-attachment":"scroll","background-type":"","background-media":"","overlay-type":"","overlay-color":"","overlay-opacity":"","overlay-gradient":""}},"_selected_store_location":"","_selected_store_location_key":""},"product_brand":[],"product_cat":[211,189],"product_tag":[],"class_list":{"0":"post-7270","1":"product","2":"type-product","3":"status-publish","4":"has-post-thumbnail","6":"product_cat-accessoires","7":"product_cat-tasses-et-accessoires","8":"desktop-align-center","9":"tablet-align-center","10":"mobile-align-center","12":"first","13":"instock","14":"shipping-taxable","15":"purchasable","16":"product-type-simple"},"yoast_head":"<!-- This site is optimized with the Yoast SEO plugin v27.2 - https:\/\/yoast.com\/product\/yoast-seo-wordpress\/ -->\n<title>Plateau Porte-gobelets En P\u00e2te Moul\u00e9e Et Carton Ondul\u00e9 - Eco2bureau<\/title>\n<meta name=\"description\" content=\"Transformez la pr\u00e9sentation de votre service de restauration avec notre plateau en p\u00e2te moul\u00e9e \u00e9co-responsable \u2013 o\u00f9 la fonctionnalit\u00e9 rencontre la responsabilit\u00e9 environnementale.\" \/>\n<meta name=\"robots\" content=\"index, follow, max-snippet:-1, max-image-preview:large, max-video-preview:-1\" \/>\n<link rel=\"canonical\" href=\"https:\/\/www.eco2.ca\/fr\/product\/plateau-en-pate-moulee\/\" \/>\n<meta property=\"og:locale\" content=\"fr_FR\" \/>\n<meta property=\"og:type\" content=\"article\" \/>\n<meta property=\"og:title\" content=\"Plateau Porte-gobelets En P\u00e2te Moul\u00e9e Et Carton Ondul\u00e9 - Eco2bureau\" \/>\n<meta property=\"og:description\" content=\"Transformez la pr\u00e9sentation de votre service de restauration avec notre plateau en p\u00e2te moul\u00e9e \u00e9co-responsable \u2013 o\u00f9 la fonctionnalit\u00e9 rencontre la responsabilit\u00e9 environnementale.\" \/>\n<meta property=\"og:url\" content=\"https:\/\/www.eco2.ca\/fr\/product\/plateau-en-pate-moulee\/\" \/>\n<meta property=\"og:site_name\" content=\"Eco2bureau\" \/>\n<meta property=\"article:modified_time\" content=\"2025-06-30T12:03:18+00:00\" \/>\n<meta property=\"og:image\" content=\"https:\/\/www.eco2.ca\/wp-content\/uploads\/2025\/02\/cuptray.png\" \/>\n\t<meta property=\"og:image:width\" content=\"320\" \/>\n\t<meta property=\"og:image:height\" content=\"320\" \/>\n\t<meta property=\"og:image:type\" content=\"image\/png\" \/>\n<meta name=\"twitter:card\" content=\"summary_large_image\" \/>\n<meta name=\"twitter:label1\" content=\"Dur\u00e9e de lecture estim\u00e9e\" \/>\n\t<meta name=\"twitter:data1\" content=\"2 minutes\" \/>\n<script type=\"application\/ld+json\" class=\"yoast-schema-graph\">{\"@context\":\"https:\/\/schema.org\",\"@graph\":[{\"@type\":\"WebPage\",\"@id\":\"https:\/\/www.eco2.ca\/fr\/product\/plateau-en-pate-moulee\/\",\"url\":\"https:\/\/www.eco2.ca\/fr\/product\/plateau-en-pate-moulee\/\",\"name\":\"Plateau Porte-gobelets En P\u00e2te Moul\u00e9e Et Carton Ondul\u00e9 - Eco2bureau\",\"isPartOf\":{\"@id\":\"https:\/\/www.eco2.ca\/fr\/#website\"},\"primaryImageOfPage\":{\"@id\":\"https:\/\/www.eco2.ca\/fr\/product\/plateau-en-pate-moulee\/#primaryimage\"},\"image\":{\"@id\":\"https:\/\/www.eco2.ca\/fr\/product\/plateau-en-pate-moulee\/#primaryimage\"},\"thumbnailUrl\":\"https:\/\/www.eco2.ca\/wp-content\/uploads\/2025\/02\/cuptray.png\",\"datePublished\":\"2025-02-08T19:43:47+00:00\",\"dateModified\":\"2025-06-30T12:03:18+00:00\",\"description\":\"Transformez la pr\u00e9sentation de votre service de restauration avec notre plateau en p\u00e2te moul\u00e9e \u00e9co-responsable \u2013 o\u00f9 la fonctionnalit\u00e9 rencontre la responsabilit\u00e9 environnementale.\",\"breadcrumb\":{\"@id\":\"https:\/\/www.eco2.ca\/fr\/product\/plateau-en-pate-moulee\/#breadcrumb\"},\"inLanguage\":\"fr-FR\",\"potentialAction\":[{\"@type\":\"ReadAction\",\"target\":[\"https:\/\/www.eco2.ca\/fr\/product\/plateau-en-pate-moulee\/\"]}]},{\"@type\":\"ImageObject\",\"inLanguage\":\"fr-FR\",\"@id\":\"https:\/\/www.eco2.ca\/fr\/product\/plateau-en-pate-moulee\/#primaryimage\",\"url\":\"https:\/\/www.eco2.ca\/wp-content\/uploads\/2025\/02\/cuptray.png\",\"contentUrl\":\"https:\/\/www.eco2.ca\/wp-content\/uploads\/2025\/02\/cuptray.png\",\"width\":320,\"height\":320,\"caption\":\"Transform your food service presentation with our eco-conscious Molded Pulp Tray \u2013 where functionality meets environmental responsibility\"},{\"@type\":\"BreadcrumbList\",\"@id\":\"https:\/\/www.eco2.ca\/fr\/product\/plateau-en-pate-moulee\/#breadcrumb\",\"itemListElement\":[{\"@type\":\"ListItem\",\"position\":1,\"name\":\"Home\",\"item\":\"https:\/\/www.eco2.ca\/fr\/\"},{\"@type\":\"ListItem\",\"position\":2,\"name\":\"Boutique\",\"item\":\"https:\/\/www.eco2.ca\/fr\/boutique\/\"},{\"@type\":\"ListItem\",\"position\":3,\"name\":\"Plateau Porte-gobelets En P\u00e2te Moul\u00e9e Et Carton Ondul\u00e9\"}]},{\"@type\":\"WebSite\",\"@id\":\"https:\/\/www.eco2.ca\/fr\/#website\",\"url\":\"https:\/\/www.eco2.ca\/fr\/\",\"name\":\"Eco2bureau\",\"description\":\"\",\"publisher\":{\"@id\":\"https:\/\/www.eco2.ca\/fr\/#organization\"},\"potentialAction\":[{\"@type\":\"SearchAction\",\"target\":{\"@type\":\"EntryPoint\",\"urlTemplate\":\"https:\/\/www.eco2.ca\/fr\/?s={search_term_string}\"},\"query-input\":{\"@type\":\"PropertyValueSpecification\",\"valueRequired\":true,\"valueName\":\"search_term_string\"}}],\"inLanguage\":\"fr-FR\"},{\"@type\":\"Organization\",\"@id\":\"https:\/\/www.eco2.ca\/fr\/#organization\",\"name\":\"Eco2bureau\",\"url\":\"https:\/\/www.eco2.ca\/fr\/\",\"logo\":{\"@type\":\"ImageObject\",\"inLanguage\":\"fr-FR\",\"@id\":\"https:\/\/www.eco2.ca\/fr\/#\/schema\/logo\/image\/\",\"url\":\"https:\/\/www.eco2.ca\/wp-content\/uploads\/2025\/04\/cropped-cropped-Add-a-subheading-3.png\",\"contentUrl\":\"https:\/\/www.eco2.ca\/wp-content\/uploads\/2025\/04\/cropped-cropped-Add-a-subheading-3.png\",\"width\":469,\"height\":109,\"caption\":\"Eco2bureau\"},\"image\":{\"@id\":\"https:\/\/www.eco2.ca\/fr\/#\/schema\/logo\/image\/\"}}]}<\/script>\n<!-- \/ Yoast SEO plugin. -->","yoast_head_json":{"title":"Plateau Porte-gobelets En P\u00e2te Moul\u00e9e Et Carton Ondul\u00e9 - Eco2bureau","description":"Transformez la pr\u00e9sentation de votre service de restauration avec notre plateau en p\u00e2te moul\u00e9e \u00e9co-responsable \u2013 o\u00f9 la fonctionnalit\u00e9 rencontre la responsabilit\u00e9 environnementale.","robots":{"index":"index","follow":"follow","max-snippet":"max-snippet:-1","max-image-preview":"max-image-preview:large","max-video-preview":"max-video-preview:-1"},"canonical":"https:\/\/www.eco2.ca\/fr\/product\/plateau-en-pate-moulee\/","og_locale":"fr_FR","og_type":"article","og_title":"Plateau Porte-gobelets En P\u00e2te Moul\u00e9e Et Carton Ondul\u00e9 - Eco2bureau","og_description":"Transformez la pr\u00e9sentation de votre service de restauration avec notre plateau en p\u00e2te moul\u00e9e \u00e9co-responsable \u2013 o\u00f9 la fonctionnalit\u00e9 rencontre la responsabilit\u00e9 environnementale.","og_url":"https:\/\/www.eco2.ca\/fr\/product\/plateau-en-pate-moulee\/","og_site_name":"Eco2bureau","article_modified_time":"2025-06-30T12:03:18+00:00","og_image":[{"width":320,"height":320,"url":"https:\/\/www.eco2.ca\/wp-content\/uploads\/2025\/02\/cuptray.png","type":"image\/png"}],"twitter_card":"summary_large_image","twitter_misc":{"Dur\u00e9e de lecture estim\u00e9e":"2 minutes"},"schema":{"@context":"https:\/\/schema.org","@graph":[{"@type":"WebPage","@id":"https:\/\/www.eco2.ca\/fr\/product\/plateau-en-pate-moulee\/","url":"https:\/\/www.eco2.ca\/fr\/product\/plateau-en-pate-moulee\/","name":"Plateau Porte-gobelets En P\u00e2te Moul\u00e9e Et Carton Ondul\u00e9 - Eco2bureau","isPartOf":{"@id":"https:\/\/www.eco2.ca\/fr\/#website"},"primaryImageOfPage":{"@id":"https:\/\/www.eco2.ca\/fr\/product\/plateau-en-pate-moulee\/#primaryimage"},"image":{"@id":"https:\/\/www.eco2.ca\/fr\/product\/plateau-en-pate-moulee\/#primaryimage"},"thumbnailUrl":"https:\/\/www.eco2.ca\/wp-content\/uploads\/2025\/02\/cuptray.png","datePublished":"2025-02-08T19:43:47+00:00","dateModified":"2025-06-30T12:03:18+00:00","description":"Transformez la pr\u00e9sentation de votre service de restauration avec notre plateau en p\u00e2te moul\u00e9e \u00e9co-responsable \u2013 o\u00f9 la fonctionnalit\u00e9 rencontre la responsabilit\u00e9 environnementale.","breadcrumb":{"@id":"https:\/\/www.eco2.ca\/fr\/product\/plateau-en-pate-moulee\/#breadcrumb"},"inLanguage":"fr-FR","potentialAction":[{"@type":"ReadAction","target":["https:\/\/www.eco2.ca\/fr\/product\/plateau-en-pate-moulee\/"]}]},{"@type":"ImageObject","inLanguage":"fr-FR","@id":"https:\/\/www.eco2.ca\/fr\/product\/plateau-en-pate-moulee\/#primaryimage","url":"https:\/\/www.eco2.ca\/wp-content\/uploads\/2025\/02\/cuptray.png","contentUrl":"https:\/\/www.eco2.ca\/wp-content\/uploads\/2025\/02\/cuptray.png","width":320,"height":320,"caption":"Transform your food service presentation with our eco-conscious Molded Pulp Tray \u2013 where functionality meets environmental responsibility"},{"@type":"BreadcrumbList","@id":"https:\/\/www.eco2.ca\/fr\/product\/plateau-en-pate-moulee\/#breadcrumb","itemListElement":[{"@type":"ListItem","position":1,"name":"Home","item":"https:\/\/www.eco2.ca\/fr\/"},{"@type":"ListItem","position":2,"name":"Boutique","item":"https:\/\/www.eco2.ca\/fr\/boutique\/"},{"@type":"ListItem","position":3,"name":"Plateau Porte-gobelets En P\u00e2te Moul\u00e9e Et Carton Ondul\u00e9"}]},{"@type":"WebSite","@id":"https:\/\/www.eco2.ca\/fr\/#website","url":"https:\/\/www.eco2.ca\/fr\/","name":"Eco2bureau","description":"","publisher":{"@id":"https:\/\/www.eco2.ca\/fr\/#organization"},"potentialAction":[{"@type":"SearchAction","target":{"@type":"EntryPoint","urlTemplate":"https:\/\/www.eco2.ca\/fr\/?s={search_term_string}"},"query-input":{"@type":"PropertyValueSpecification","valueRequired":true,"valueName":"search_term_string"}}],"inLanguage":"fr-FR"},{"@type":"Organization","@id":"https:\/\/www.eco2.ca\/fr\/#organization","name":"Eco2bureau","url":"https:\/\/www.eco2.ca\/fr\/","logo":{"@type":"ImageObject","inLanguage":"fr-FR","@id":"https:\/\/www.eco2.ca\/fr\/#\/schema\/logo\/image\/","url":"https:\/\/www.eco2.ca\/wp-content\/uploads\/2025\/04\/cropped-cropped-Add-a-subheading-3.png","contentUrl":"https:\/\/www.eco2.ca\/wp-content\/uploads\/2025\/04\/cropped-cropped-Add-a-subheading-3.png","width":469,"height":109,"caption":"Eco2bureau"},"image":{"@id":"https:\/\/www.eco2.ca\/fr\/#\/schema\/logo\/image\/"}}]}},"uagb_featured_image_src":{"full":["https:\/\/www.eco2.ca\/wp-content\/uploads\/2025\/02\/cuptray.png",320,320,false],"thumbnail":["https:\/\/www.eco2.ca\/wp-content\/uploads\/2025\/02\/cuptray-150x150.png",150,150,true],"medium":["https:\/\/www.eco2.ca\/wp-content\/uploads\/2025\/02\/cuptray-300x300.png",300,300,true],"medium_large":["https:\/\/www.eco2.ca\/wp-content\/uploads\/2025\/02\/cuptray.png",320,320,false],"large":["https:\/\/www.eco2.ca\/wp-content\/uploads\/2025\/02\/cuptray.png",320,320,false],"1536x1536":["https:\/\/www.eco2.ca\/wp-content\/uploads\/2025\/02\/cuptray.png",320,320,false],"2048x2048":["https:\/\/www.eco2.ca\/wp-content\/uploads\/2025\/02\/cuptray.png",320,320,false],"wishsuite-image":["https:\/\/www.eco2.ca\/wp-content\/uploads\/2025\/02\/cuptray.png",80,80,false],"woocommerce_thumbnail":["https:\/\/www.eco2.ca\/wp-content\/uploads\/2025\/02\/cuptray-300x300.png",300,300,true],"woocommerce_single":["https:\/\/www.eco2.ca\/wp-content\/uploads\/2025\/02\/cuptray.png",320,320,false],"woocommerce_gallery_thumbnail":["https:\/\/www.eco2.ca\/wp-content\/uploads\/2025\/02\/cuptray-100x100.png",100,100,true]},"uagb_author_info":{"display_name":"Mary ..","author_link":"https:\/\/www.eco2.ca\/fr\/author\/"},"uagb_comment_info":0,"uagb_excerpt":"Plateau En P\u00e2te Moul\u00e9e : Solutions De Service Durables Transformez la pr\u00e9sentation de votre service de restauration avec notre plateau [&hellip;]","_links":{"self":[{"href":"https:\/\/www.eco2.ca\/fr\/wp-json\/wp\/v2\/product\/7270","targetHints":{"allow":["GET"]}}],"collection":[{"href":"https:\/\/www.eco2.ca\/fr\/wp-json\/wp\/v2\/product"}],"about":[{"href":"https:\/\/www.eco2.ca\/fr\/wp-json\/wp\/v2\/types\/product"}],"wp:featuredmedia":[{"embeddable":true,"href":"https:\/\/www.eco2.ca\/fr\/wp-json\/wp\/v2\/media\/7266"}],"wp:attachment":[{"href":"https:\/\/www.eco2.ca\/fr\/wp-json\/wp\/v2\/media?parent=7270"}],"wp:term":[{"taxonomy":"product_brand","embeddable":true,"href":"https:\/\/www.eco2.ca\/fr\/wp-json\/wp\/v2\/product_brand?post=7270"},{"taxonomy":"product_cat","embeddable":true,"href":"https:\/\/www.eco2.ca\/fr\/wp-json\/wp\/v2\/product_cat?post=7270"},{"taxonomy":"product_tag","embeddable":true,"href":"https:\/\/www.eco2.ca\/fr\/wp-json\/wp\/v2\/product_tag?post=7270"}],"curies":[{"name":"wp","href":"https:\/\/api.w.org\/{rel}","templated":true}]}}