{"id":7357,"date":"2025-02-12T13:20:02","date_gmt":"2025-02-12T13:20:02","guid":{"rendered":"https:\/\/www.eco2.ca\/product\/kraft-food-trays\/"},"modified":"2025-06-20T14:37:23","modified_gmt":"2025-06-20T14:37:23","slug":"plateaux-bistro-compostables","status":"publish","type":"product","link":"https:\/\/www.eco2.ca\/fr\/product\/plateaux-bistro-compostables\/","title":{"rendered":"Plateaux Bistro Compostables (Papier Kraft)"},"content":{"rendered":"<h2>Plateaux bistro compostables \u2013 \u00c9l\u00e9gants. Solides. Durables.<\/h2>\n<p>Fabriqu\u00e9s en <strong>papier kraft avec un enduit PLA<\/strong>, ces plateaux bistro compostables offrent une solution de service \u00e0 la fois naturelle, \u00e9l\u00e9gante et respectueuse de l\u2019environnement. <strong>Compostables et recyclables<\/strong>, ils sont con\u00e7us pour s\u2019adapter \u00e0 tout type de plat\u2014des mets <strong>froids et congel\u00e9s<\/strong> aux <strong>repas chauds ou ti\u00e8des<\/strong>\u2014tout en offrant une r\u00e9sistance optimale aux fuites. Offerts en <strong>plusieurs formats<\/strong>, ils conviennent parfaitement aux camions de rue, aux comptoirs gourmands, aux boulangeries et aux plats \u00e0 emporter de qualit\u00e9.<\/p>\n<h3>Caract\u00e9ristiques:<\/h3>\n<ul>\n<li>Con\u00e7us en <strong>papier kraft avec enduit PLA<\/strong> pour une durabilit\u00e9 \u00e9coresponsable<\/li>\n<li>Adapt\u00e9s aux <strong>plats froids, ti\u00e8des, chauds ou congel\u00e9s<\/strong><\/li>\n<li><strong>R\u00e9sistants aux liquides et aux graisses<\/strong> pour un service propre et fiable<\/li>\n<li><strong>Compostables et recyclables<\/strong> \u2013 bons pour vous et pour la plan\u00e8te<\/li>\n<li>Disponibles en <strong>diff\u00e9rentes tailles<\/strong> pour collations, accompagnements ou repas complets<\/li>\n<\/ul>\n<p>Servez avec style et conscience\u2014ces plateaux valorisent chaque repas tout en all\u00e9geant votre empreinte \u00e9cologique.<\/p>\n","protected":false},"excerpt":{"rendered":"<p>es <strong>plateaux en carton avec enduit PLA<\/strong> sont <strong>r\u00e9sistants aux fuites, compatibles avec la chaleur<\/strong>, et parfaits pour tout, des accompagnements aux repas complets\u2014<strong>offerts en plusieurs tailles<\/strong>.<br \/>\n<em style=\"font-size: 1.0em;\"><a href=\"https:\/\/www.eco2.ca\/fr\/solution-dimpression-personnalisee\/\" target=\"_blank\" rel=\"https:\/\/www.eco2.ca\/custom-printing-solution\/ noopener\"><img decoding=\"async\" class=\"alignnone wp-image-12241\" src=\"https:\/\/www.eco2.ca\/wp-content\/uploads\/2025\/06\/Custom-printing-available-300x300.png\" alt=\"custom printing coffee cup\" width=\"93\" height=\"93\" srcset=\"https:\/\/www.eco2.ca\/wp-content\/uploads\/2025\/06\/Custom-printing-available-300x300.png 300w, https:\/\/www.eco2.ca\/wp-content\/uploads\/2025\/06\/Custom-printing-available-1024x1024.png 1024w, https:\/\/www.eco2.ca\/wp-content\/uploads\/2025\/06\/Custom-printing-available-150x150.png 150w, https:\/\/www.eco2.ca\/wp-content\/uploads\/2025\/06\/Custom-printing-available-768x768.png 768w, https:\/\/www.eco2.ca\/wp-content\/uploads\/2025\/06\/Custom-printing-available-600x600.png 600w, https:\/\/www.eco2.ca\/wp-content\/uploads\/2025\/06\/Custom-printing-available-100x100.png 100w, https:\/\/www.eco2.ca\/wp-content\/uploads\/2025\/06\/Custom-printing-available.png 1181w\" sizes=\"(max-width: 93px) 100vw, 93px\" \/>Impression personnalis\u00e9e disponible<\/a><\/em><\/p>\n","protected":false},"featured_media":7353,"template":"","meta":{"_eb_attr":"","_uag_custom_page_level_css":"","site-sidebar-layout":"default","site-content-layout":"","ast-site-content-layout":"default","site-content-style":"default","site-sidebar-style":"default","ast-global-header-display":"","ast-banner-title-visibility":"","ast-main-header-display":"","ast-hfb-above-header-display":"","ast-hfb-below-header-display":"","ast-hfb-mobile-header-display":"","site-post-title":"","ast-breadcrumbs-content":"","ast-featured-img":"","footer-sml-layout":"","ast-disable-related-posts":"","theme-transparent-header-meta":"default","adv-header-id-meta":"","stick-header-meta":"","header-above-stick-meta":"","header-main-stick-meta":"","header-below-stick-meta":"","astra-migrate-meta-layouts":"set","ast-page-background-enabled":"default","ast-page-background-meta":{"desktop":{"background-color":"","background-image":"","background-repeat":"repeat","background-position":"center center","background-size":"auto","background-attachment":"scroll","background-type":"","background-media":"","overlay-type":"","overlay-color":"","overlay-opacity":"","overlay-gradient":""},"tablet":{"background-color":"","background-image":"","background-repeat":"repeat","background-position":"center center","background-size":"auto","background-attachment":"scroll","background-type":"","background-media":"","overlay-type":"","overlay-color":"","overlay-opacity":"","overlay-gradient":""},"mobile":{"background-color":"","background-image":"","background-repeat":"repeat","background-position":"center center","background-size":"auto","background-attachment":"scroll","background-type":"","background-media":"","overlay-type":"","overlay-color":"","overlay-opacity":"","overlay-gradient":""}},"ast-content-background-meta":{"desktop":{"background-color":"var(--ast-global-color-5)","background-image":"","background-repeat":"repeat","background-position":"center center","background-size":"auto","background-attachment":"scroll","background-type":"","background-media":"","overlay-type":"","overlay-color":"","overlay-opacity":"","overlay-gradient":""},"tablet":{"background-color":"var(--ast-global-color-5)","background-image":"","background-repeat":"repeat","background-position":"center center","background-size":"auto","background-attachment":"scroll","background-type":"","background-media":"","overlay-type":"","overlay-color":"","overlay-opacity":"","overlay-gradient":""},"mobile":{"background-color":"var(--ast-global-color-5)","background-image":"","background-repeat":"repeat","background-position":"center center","background-size":"auto","background-attachment":"scroll","background-type":"","background-media":"","overlay-type":"","overlay-color":"","overlay-opacity":"","overlay-gradient":""}},"_selected_store_location":"","_selected_store_location_key":""},"product_brand":[],"product_cat":[199,195,225],"product_tag":[],"class_list":{"0":"post-7357","1":"product","2":"type-product","3":"status-publish","4":"has-post-thumbnail","6":"product_cat-degustation","7":"product_cat-plateaux","8":"product_cat-plateaux-alimentaires","9":"wcmi-has-gallery","10":"desktop-align-center","11":"tablet-align-center","12":"mobile-align-center","14":"first","15":"instock","16":"shipping-taxable","17":"purchasable","18":"product-type-simple"},"yoast_head":"<!-- This site is optimized with the Yoast SEO plugin v27.2 - https:\/\/yoast.com\/product\/yoast-seo-wordpress\/ -->\n<title>Plateaux Bistro Compostables (Papier Kraft) - Eco2bureau<\/title>\n<meta name=\"description\" content=\"Fabriqu\u00e9s en papier kraft avec un enduit PLA, ces plateaux bistro compostables offrent une solution de service \u00e0 la fois naturelle, \u00e9l\u00e9gante et respectueuse\" \/>\n<meta name=\"robots\" content=\"index, follow, max-snippet:-1, max-image-preview:large, max-video-preview:-1\" \/>\n<link rel=\"canonical\" href=\"https:\/\/www.eco2.ca\/fr\/product\/plateaux-bistro-compostables\/\" \/>\n<meta property=\"og:locale\" content=\"fr_FR\" \/>\n<meta property=\"og:type\" content=\"article\" \/>\n<meta property=\"og:title\" content=\"Plateaux Bistro Compostables (Papier Kraft) - Eco2bureau\" \/>\n<meta property=\"og:description\" content=\"Fabriqu\u00e9s en papier kraft avec un enduit PLA, ces plateaux bistro compostables offrent une solution de service \u00e0 la fois naturelle, \u00e9l\u00e9gante et respectueuse\" \/>\n<meta property=\"og:url\" content=\"https:\/\/www.eco2.ca\/fr\/product\/plateaux-bistro-compostables\/\" \/>\n<meta property=\"og:site_name\" content=\"Eco2bureau\" \/>\n<meta property=\"article:modified_time\" content=\"2025-06-20T14:37:23+00:00\" \/>\n<meta property=\"og:image\" content=\"https:\/\/www.eco2.ca\/wp-content\/uploads\/2025\/02\/3-lbs-scaled.jpg\" \/>\n\t<meta property=\"og:image:width\" content=\"2560\" \/>\n\t<meta property=\"og:image:height\" content=\"1707\" \/>\n\t<meta property=\"og:image:type\" content=\"image\/jpeg\" \/>\n<meta name=\"twitter:card\" content=\"summary_large_image\" \/>\n<meta name=\"twitter:label1\" content=\"Dur\u00e9e de lecture estim\u00e9e\" \/>\n\t<meta name=\"twitter:data1\" content=\"1 minute\" \/>\n<script type=\"application\/ld+json\" class=\"yoast-schema-graph\">{\"@context\":\"https:\/\/schema.org\",\"@graph\":[{\"@type\":\"WebPage\",\"@id\":\"https:\/\/www.eco2.ca\/fr\/product\/plateaux-bistro-compostables\/\",\"url\":\"https:\/\/www.eco2.ca\/fr\/product\/plateaux-bistro-compostables\/\",\"name\":\"Plateaux Bistro Compostables (Papier Kraft) - Eco2bureau\",\"isPartOf\":{\"@id\":\"https:\/\/www.eco2.ca\/fr\/#website\"},\"primaryImageOfPage\":{\"@id\":\"https:\/\/www.eco2.ca\/fr\/product\/plateaux-bistro-compostables\/#primaryimage\"},\"image\":{\"@id\":\"https:\/\/www.eco2.ca\/fr\/product\/plateaux-bistro-compostables\/#primaryimage\"},\"thumbnailUrl\":\"https:\/\/www.eco2.ca\/wp-content\/uploads\/2025\/02\/3-lbs-scaled.jpg\",\"datePublished\":\"2025-02-12T13:20:02+00:00\",\"dateModified\":\"2025-06-20T14:37:23+00:00\",\"description\":\"Fabriqu\u00e9s en papier kraft avec un enduit PLA, ces plateaux bistro compostables offrent une solution de service \u00e0 la fois naturelle, \u00e9l\u00e9gante et respectueuse\",\"breadcrumb\":{\"@id\":\"https:\/\/www.eco2.ca\/fr\/product\/plateaux-bistro-compostables\/#breadcrumb\"},\"inLanguage\":\"fr-FR\",\"potentialAction\":[{\"@type\":\"ReadAction\",\"target\":[\"https:\/\/www.eco2.ca\/fr\/product\/plateaux-bistro-compostables\/\"]}]},{\"@type\":\"ImageObject\",\"inLanguage\":\"fr-FR\",\"@id\":\"https:\/\/www.eco2.ca\/fr\/product\/plateaux-bistro-compostables\/#primaryimage\",\"url\":\"https:\/\/www.eco2.ca\/wp-content\/uploads\/2025\/02\/3-lbs-scaled.jpg\",\"contentUrl\":\"https:\/\/www.eco2.ca\/wp-content\/uploads\/2025\/02\/3-lbs-scaled.jpg\",\"width\":2560,\"height\":1707,\"caption\":\"Kraft Food Trays\"},{\"@type\":\"BreadcrumbList\",\"@id\":\"https:\/\/www.eco2.ca\/fr\/product\/plateaux-bistro-compostables\/#breadcrumb\",\"itemListElement\":[{\"@type\":\"ListItem\",\"position\":1,\"name\":\"Home\",\"item\":\"https:\/\/www.eco2.ca\/fr\/\"},{\"@type\":\"ListItem\",\"position\":2,\"name\":\"Boutique\",\"item\":\"https:\/\/www.eco2.ca\/fr\/boutique\/\"},{\"@type\":\"ListItem\",\"position\":3,\"name\":\"Plateaux Bistro Compostables (Papier Kraft)\"}]},{\"@type\":\"WebSite\",\"@id\":\"https:\/\/www.eco2.ca\/fr\/#website\",\"url\":\"https:\/\/www.eco2.ca\/fr\/\",\"name\":\"Eco2bureau\",\"description\":\"\",\"publisher\":{\"@id\":\"https:\/\/www.eco2.ca\/fr\/#organization\"},\"potentialAction\":[{\"@type\":\"SearchAction\",\"target\":{\"@type\":\"EntryPoint\",\"urlTemplate\":\"https:\/\/www.eco2.ca\/fr\/?s={search_term_string}\"},\"query-input\":{\"@type\":\"PropertyValueSpecification\",\"valueRequired\":true,\"valueName\":\"search_term_string\"}}],\"inLanguage\":\"fr-FR\"},{\"@type\":\"Organization\",\"@id\":\"https:\/\/www.eco2.ca\/fr\/#organization\",\"name\":\"Eco2bureau\",\"url\":\"https:\/\/www.eco2.ca\/fr\/\",\"logo\":{\"@type\":\"ImageObject\",\"inLanguage\":\"fr-FR\",\"@id\":\"https:\/\/www.eco2.ca\/fr\/#\/schema\/logo\/image\/\",\"url\":\"https:\/\/www.eco2.ca\/wp-content\/uploads\/2025\/04\/cropped-cropped-Add-a-subheading-3.png\",\"contentUrl\":\"https:\/\/www.eco2.ca\/wp-content\/uploads\/2025\/04\/cropped-cropped-Add-a-subheading-3.png\",\"width\":469,\"height\":109,\"caption\":\"Eco2bureau\"},\"image\":{\"@id\":\"https:\/\/www.eco2.ca\/fr\/#\/schema\/logo\/image\/\"}}]}<\/script>\n<!-- \/ Yoast SEO plugin. -->","yoast_head_json":{"title":"Plateaux Bistro Compostables (Papier Kraft) - Eco2bureau","description":"Fabriqu\u00e9s en papier kraft avec un enduit PLA, ces plateaux bistro compostables offrent une solution de service \u00e0 la fois naturelle, \u00e9l\u00e9gante et respectueuse","robots":{"index":"index","follow":"follow","max-snippet":"max-snippet:-1","max-image-preview":"max-image-preview:large","max-video-preview":"max-video-preview:-1"},"canonical":"https:\/\/www.eco2.ca\/fr\/product\/plateaux-bistro-compostables\/","og_locale":"fr_FR","og_type":"article","og_title":"Plateaux Bistro Compostables (Papier Kraft) - Eco2bureau","og_description":"Fabriqu\u00e9s en papier kraft avec un enduit PLA, ces plateaux bistro compostables offrent une solution de service \u00e0 la fois naturelle, \u00e9l\u00e9gante et respectueuse","og_url":"https:\/\/www.eco2.ca\/fr\/product\/plateaux-bistro-compostables\/","og_site_name":"Eco2bureau","article_modified_time":"2025-06-20T14:37:23+00:00","og_image":[{"width":2560,"height":1707,"url":"https:\/\/www.eco2.ca\/wp-content\/uploads\/2025\/02\/3-lbs-scaled.jpg","type":"image\/jpeg"}],"twitter_card":"summary_large_image","twitter_misc":{"Dur\u00e9e de lecture estim\u00e9e":"1 minute"},"schema":{"@context":"https:\/\/schema.org","@graph":[{"@type":"WebPage","@id":"https:\/\/www.eco2.ca\/fr\/product\/plateaux-bistro-compostables\/","url":"https:\/\/www.eco2.ca\/fr\/product\/plateaux-bistro-compostables\/","name":"Plateaux Bistro Compostables (Papier Kraft) - Eco2bureau","isPartOf":{"@id":"https:\/\/www.eco2.ca\/fr\/#website"},"primaryImageOfPage":{"@id":"https:\/\/www.eco2.ca\/fr\/product\/plateaux-bistro-compostables\/#primaryimage"},"image":{"@id":"https:\/\/www.eco2.ca\/fr\/product\/plateaux-bistro-compostables\/#primaryimage"},"thumbnailUrl":"https:\/\/www.eco2.ca\/wp-content\/uploads\/2025\/02\/3-lbs-scaled.jpg","datePublished":"2025-02-12T13:20:02+00:00","dateModified":"2025-06-20T14:37:23+00:00","description":"Fabriqu\u00e9s en papier kraft avec un enduit PLA, ces plateaux bistro compostables offrent une solution de service \u00e0 la fois naturelle, \u00e9l\u00e9gante et respectueuse","breadcrumb":{"@id":"https:\/\/www.eco2.ca\/fr\/product\/plateaux-bistro-compostables\/#breadcrumb"},"inLanguage":"fr-FR","potentialAction":[{"@type":"ReadAction","target":["https:\/\/www.eco2.ca\/fr\/product\/plateaux-bistro-compostables\/"]}]},{"@type":"ImageObject","inLanguage":"fr-FR","@id":"https:\/\/www.eco2.ca\/fr\/product\/plateaux-bistro-compostables\/#primaryimage","url":"https:\/\/www.eco2.ca\/wp-content\/uploads\/2025\/02\/3-lbs-scaled.jpg","contentUrl":"https:\/\/www.eco2.ca\/wp-content\/uploads\/2025\/02\/3-lbs-scaled.jpg","width":2560,"height":1707,"caption":"Kraft Food Trays"},{"@type":"BreadcrumbList","@id":"https:\/\/www.eco2.ca\/fr\/product\/plateaux-bistro-compostables\/#breadcrumb","itemListElement":[{"@type":"ListItem","position":1,"name":"Home","item":"https:\/\/www.eco2.ca\/fr\/"},{"@type":"ListItem","position":2,"name":"Boutique","item":"https:\/\/www.eco2.ca\/fr\/boutique\/"},{"@type":"ListItem","position":3,"name":"Plateaux Bistro Compostables (Papier Kraft)"}]},{"@type":"WebSite","@id":"https:\/\/www.eco2.ca\/fr\/#website","url":"https:\/\/www.eco2.ca\/fr\/","name":"Eco2bureau","description":"","publisher":{"@id":"https:\/\/www.eco2.ca\/fr\/#organization"},"potentialAction":[{"@type":"SearchAction","target":{"@type":"EntryPoint","urlTemplate":"https:\/\/www.eco2.ca\/fr\/?s={search_term_string}"},"query-input":{"@type":"PropertyValueSpecification","valueRequired":true,"valueName":"search_term_string"}}],"inLanguage":"fr-FR"},{"@type":"Organization","@id":"https:\/\/www.eco2.ca\/fr\/#organization","name":"Eco2bureau","url":"https:\/\/www.eco2.ca\/fr\/","logo":{"@type":"ImageObject","inLanguage":"fr-FR","@id":"https:\/\/www.eco2.ca\/fr\/#\/schema\/logo\/image\/","url":"https:\/\/www.eco2.ca\/wp-content\/uploads\/2025\/04\/cropped-cropped-Add-a-subheading-3.png","contentUrl":"https:\/\/www.eco2.ca\/wp-content\/uploads\/2025\/04\/cropped-cropped-Add-a-subheading-3.png","width":469,"height":109,"caption":"Eco2bureau"},"image":{"@id":"https:\/\/www.eco2.ca\/fr\/#\/schema\/logo\/image\/"}}]}},"uagb_featured_image_src":{"full":["https:\/\/www.eco2.ca\/wp-content\/uploads\/2025\/02\/3-lbs-scaled.jpg",2560,1707,false],"thumbnail":["https:\/\/www.eco2.ca\/wp-content\/uploads\/2025\/02\/3-lbs-150x150.jpg",150,150,true],"medium":["https:\/\/www.eco2.ca\/wp-content\/uploads\/2025\/02\/3-lbs-300x200.jpg",300,200,true],"medium_large":["https:\/\/www.eco2.ca\/wp-content\/uploads\/2025\/02\/3-lbs-768x512.jpg",768,512,true],"large":["https:\/\/www.eco2.ca\/wp-content\/uploads\/2025\/02\/3-lbs-1024x683.jpg",1024,683,true],"1536x1536":["https:\/\/www.eco2.ca\/wp-content\/uploads\/2025\/02\/3-lbs-1536x1024.jpg",1536,1024,true],"2048x2048":["https:\/\/www.eco2.ca\/wp-content\/uploads\/2025\/02\/3-lbs-2048x1365.jpg",2048,1365,true],"wishsuite-image":["https:\/\/www.eco2.ca\/wp-content\/uploads\/2025\/02\/3-lbs-scaled.jpg",80,53,false],"woocommerce_thumbnail":["https:\/\/www.eco2.ca\/wp-content\/uploads\/2025\/02\/3-lbs-300x300.jpg",300,300,true],"woocommerce_single":["https:\/\/www.eco2.ca\/wp-content\/uploads\/2025\/02\/3-lbs-600x400.jpg",600,400,true],"woocommerce_gallery_thumbnail":["https:\/\/www.eco2.ca\/wp-content\/uploads\/2025\/02\/3-lbs-100x100.jpg",100,100,true]},"uagb_author_info":{"display_name":"Mary ..","author_link":"https:\/\/www.eco2.ca\/fr\/author\/"},"uagb_comment_info":0,"uagb_excerpt":"es plateaux en carton avec enduit PLA sont r\u00e9sistants aux fuites, compatibles avec la chaleur, et parfaits pour tout, des accompagnements aux repas complets\u2014offerts en plusieurs tailles. Impression personnalis\u00e9e disponible","_links":{"self":[{"href":"https:\/\/www.eco2.ca\/fr\/wp-json\/wp\/v2\/product\/7357","targetHints":{"allow":["GET"]}}],"collection":[{"href":"https:\/\/www.eco2.ca\/fr\/wp-json\/wp\/v2\/product"}],"about":[{"href":"https:\/\/www.eco2.ca\/fr\/wp-json\/wp\/v2\/types\/product"}],"wp:featuredmedia":[{"embeddable":true,"href":"https:\/\/www.eco2.ca\/fr\/wp-json\/wp\/v2\/media\/7353"}],"wp:attachment":[{"href":"https:\/\/www.eco2.ca\/fr\/wp-json\/wp\/v2\/media?parent=7357"}],"wp:term":[{"taxonomy":"product_brand","embeddable":true,"href":"https:\/\/www.eco2.ca\/fr\/wp-json\/wp\/v2\/product_brand?post=7357"},{"taxonomy":"product_cat","embeddable":true,"href":"https:\/\/www.eco2.ca\/fr\/wp-json\/wp\/v2\/product_cat?post=7357"},{"taxonomy":"product_tag","embeddable":true,"href":"https:\/\/www.eco2.ca\/fr\/wp-json\/wp\/v2\/product_tag?post=7357"}],"curies":[{"name":"wp","href":"https:\/\/api.w.org\/{rel}","templated":true}]}}