{"id":7438,"date":"2025-02-19T15:51:07","date_gmt":"2025-02-19T15:51:07","guid":{"rendered":"https:\/\/www.eco2.ca\/product\/meal-tray\/"},"modified":"2025-06-17T10:49:18","modified_gmt":"2025-06-17T10:49:18","slug":"plateaux-repas-et-couvercles-compostables","status":"publish","type":"product","link":"https:\/\/www.eco2.ca\/fr\/product\/plateaux-repas-et-couvercles-compostables\/","title":{"rendered":"Plateaux Repas Et Couvercles Compostables"},"content":{"rendered":"<h2 style=\"font-size: 1.4em;\">Plateaux Repas Et Couvercles Compostables \u2013 Undesign R\u00e9fl\u00e9chi Pour Chaque Plat<\/h2>\n<p>Pens\u00e9s pour la commodit\u00e9 et le respect de la plan\u00e8te, ces <strong>plateaux-repas et couvercles compostables<\/strong> sont fabriqu\u00e9s \u00e0 partir de mat\u00e9riaux responsables comme la <strong>bagasse<\/strong> et le <strong>PLA<\/strong> pour les plateaux, et le <strong>PP<\/strong> ou le <strong>PLA<\/strong> pour les couvercles. Offrant un m\u00e9lange de mod\u00e8les <strong>compostables, recyclables<\/strong> et <strong>polyvalents<\/strong>, ils proposent une solution plus verte et plus intelligente pour la restauration, la pr\u00e9paration des repas et les plats \u00e0 emporter.<\/p>\n<p>Que vous emballiez un <strong>repas froid, ti\u00e8de ou l\u00e9g\u00e8rement chaud<\/strong>, il existe une combinaison plateau-couvercle adapt\u00e9e \u00e0 vos besoins\u2014sans compromettre vos valeurs environnementales.<\/p>\n<h3 style=\"font-size: 1.3em;\">Caract\u00e9ristiques:<\/h3>\n<ul>\n<li>Plateaux en <strong>bagasse et PLA<\/strong> \u2013 solides, durables et compostables<\/li>\n<li>Couvercles en <strong>PP ou PLA<\/strong> \u2013 options recyclables et \u00e9cologiques<\/li>\n<li>Compatibles avec <strong>les repas froids<\/strong> sur toute la gamme<\/li>\n<li>Certains mod\u00e8les sont <strong>congelables<\/strong> et adapt\u00e9s aux aliments <strong>chauds mod\u00e9r\u00e9s<\/strong><\/li>\n<li>Une s\u00e9lection limit\u00e9e peut supporter des <strong>temp\u00e9ratures plus \u00e9lev\u00e9es<\/strong><\/li>\n<li>Con\u00e7us pour un <strong>usage unique avec un impact environnemental r\u00e9duit<\/strong><\/li>\n<li>Id\u00e9als pour la <strong>pr\u00e9paration de repas, le service traiteur, la restauration et les plats \u00e0 emporter \u00e9coresponsables<\/strong><\/li>\n<\/ul>\n<p><em>Intelligents, solides et durables\u2014choisissez des contenants compostables qui allient performance et respect de la plan\u00e8te.<\/em><\/p>\n","protected":false},"excerpt":{"rendered":"<p><strong>Plateaux-repas et couvercles \u00e9coresponsables<\/strong> fabriqu\u00e9s \u00e0 partir de <strong>bagasse, PLA et PP<\/strong>\u2014id\u00e9als pour les plats froids, avec certaines options adapt\u00e9es \u00e0 la cong\u00e9lation, aux mets ti\u00e8des ou chauds. <strong>Durables, pratiques et pr\u00eats pour tous les services.<\/strong><br \/>\n<em style=\"font-size: 1.0em;\"><a href=\"https:\/\/www.eco2.ca\/fr\/solution-dimpression-personnalisee\/\" target=\"_blank\" rel=\"https:\/\/www.eco2.ca\/custom-printing-solution\/ noopener\"><img decoding=\"async\" class=\"alignnone wp-image-12241\" src=\"https:\/\/www.eco2.ca\/wp-content\/uploads\/2025\/06\/Custom-printing-available-300x300.png\" alt=\"custom printing coffee cup\" width=\"93\" height=\"93\" srcset=\"https:\/\/www.eco2.ca\/wp-content\/uploads\/2025\/06\/Custom-printing-available-300x300.png 300w, https:\/\/www.eco2.ca\/wp-content\/uploads\/2025\/06\/Custom-printing-available-1024x1024.png 1024w, https:\/\/www.eco2.ca\/wp-content\/uploads\/2025\/06\/Custom-printing-available-150x150.png 150w, https:\/\/www.eco2.ca\/wp-content\/uploads\/2025\/06\/Custom-printing-available-768x768.png 768w, https:\/\/www.eco2.ca\/wp-content\/uploads\/2025\/06\/Custom-printing-available-600x600.png 600w, https:\/\/www.eco2.ca\/wp-content\/uploads\/2025\/06\/Custom-printing-available-100x100.png 100w, https:\/\/www.eco2.ca\/wp-content\/uploads\/2025\/06\/Custom-printing-available.png 1181w\" sizes=\"(max-width: 93px) 100vw, 93px\" \/>Impression personnalis\u00e9e disponible<\/a><\/em><\/p>\n","protected":false},"featured_media":7432,"template":"","meta":{"_eb_attr":"","_uag_custom_page_level_css":"","site-sidebar-layout":"default","site-content-layout":"","ast-site-content-layout":"default","site-content-style":"default","site-sidebar-style":"default","ast-global-header-display":"","ast-banner-title-visibility":"","ast-main-header-display":"","ast-hfb-above-header-display":"","ast-hfb-below-header-display":"","ast-hfb-mobile-header-display":"","site-post-title":"","ast-breadcrumbs-content":"","ast-featured-img":"","footer-sml-layout":"","ast-disable-related-posts":"","theme-transparent-header-meta":"default","adv-header-id-meta":"","stick-header-meta":"","header-above-stick-meta":"","header-main-stick-meta":"","header-below-stick-meta":"","astra-migrate-meta-layouts":"set","ast-page-background-enabled":"default","ast-page-background-meta":{"desktop":{"background-color":"","background-image":"","background-repeat":"repeat","background-position":"center center","background-size":"auto","background-attachment":"scroll","background-type":"","background-media":"","overlay-type":"","overlay-color":"","overlay-opacity":"","overlay-gradient":""},"tablet":{"background-color":"","background-image":"","background-repeat":"repeat","background-position":"center center","background-size":"auto","background-attachment":"scroll","background-type":"","background-media":"","overlay-type":"","overlay-color":"","overlay-opacity":"","overlay-gradient":""},"mobile":{"background-color":"","background-image":"","background-repeat":"repeat","background-position":"center center","background-size":"auto","background-attachment":"scroll","background-type":"","background-media":"","overlay-type":"","overlay-color":"","overlay-opacity":"","overlay-gradient":""}},"ast-content-background-meta":{"desktop":{"background-color":"var(--ast-global-color-5)","background-image":"","background-repeat":"repeat","background-position":"center center","background-size":"auto","background-attachment":"scroll","background-type":"","background-media":"","overlay-type":"","overlay-color":"","overlay-opacity":"","overlay-gradient":""},"tablet":{"background-color":"var(--ast-global-color-5)","background-image":"","background-repeat":"repeat","background-position":"center center","background-size":"auto","background-attachment":"scroll","background-type":"","background-media":"","overlay-type":"","overlay-color":"","overlay-opacity":"","overlay-gradient":""},"mobile":{"background-color":"var(--ast-global-color-5)","background-image":"","background-repeat":"repeat","background-position":"center center","background-size":"auto","background-attachment":"scroll","background-type":"","background-media":"","overlay-type":"","overlay-color":"","overlay-opacity":"","overlay-gradient":""}},"_selected_store_location":"","_selected_store_location_key":""},"product_brand":[],"product_cat":[195,224],"product_tag":[],"class_list":{"0":"post-7438","1":"product","2":"type-product","3":"status-publish","4":"has-post-thumbnail","6":"product_cat-plateaux","7":"product_cat-plateaux-repas-avec-couvercles","8":"wcmi-has-gallery","9":"desktop-align-center","10":"tablet-align-center","11":"mobile-align-center","13":"first","14":"instock","15":"shipping-taxable","16":"purchasable","17":"product-type-simple"},"yoast_head":"<!-- This site is optimized with the Yoast SEO plugin v27.5 - https:\/\/yoast.com\/product\/yoast-seo-wordpress\/ -->\n<title>Plateaux Repas Et Couvercles Compostables - Eco2bureau<\/title>\n<meta name=\"description\" content=\"Ces plateaux-repas et couvercles compostables sont fabriqu\u00e9s \u00e0 partir de mat\u00e9riaux responsables comme la bagasse et le PLA pour les plateaux\" \/>\n<meta name=\"robots\" content=\"index, follow, max-snippet:-1, max-image-preview:large, max-video-preview:-1\" \/>\n<link rel=\"canonical\" href=\"https:\/\/www.eco2.ca\/fr\/product\/plateaux-repas-et-couvercles-compostables\/\" \/>\n<meta property=\"og:locale\" content=\"fr_FR\" \/>\n<meta property=\"og:type\" content=\"article\" \/>\n<meta property=\"og:title\" content=\"Plateaux Repas Et Couvercles Compostables - Eco2bureau\" \/>\n<meta property=\"og:description\" content=\"Ces plateaux-repas et couvercles compostables sont fabriqu\u00e9s \u00e0 partir de mat\u00e9riaux responsables comme la bagasse et le PLA pour les plateaux\" \/>\n<meta property=\"og:url\" content=\"https:\/\/www.eco2.ca\/fr\/product\/plateaux-repas-et-couvercles-compostables\/\" \/>\n<meta property=\"og:site_name\" content=\"Eco2bureau\" \/>\n<meta property=\"article:modified_time\" content=\"2025-06-17T10:49:18+00:00\" \/>\n<meta property=\"og:image\" content=\"https:\/\/www.eco2.ca\/wp-content\/uploads\/2025\/02\/EP-SRT32-1.jpg\" \/>\n\t<meta property=\"og:image:width\" content=\"800\" \/>\n\t<meta property=\"og:image:height\" content=\"800\" \/>\n\t<meta property=\"og:image:type\" content=\"image\/jpeg\" \/>\n<meta name=\"twitter:card\" content=\"summary_large_image\" \/>\n<meta name=\"twitter:label1\" content=\"Dur\u00e9e de lecture estim\u00e9e\" \/>\n\t<meta name=\"twitter:data1\" content=\"2 minutes\" \/>\n<script type=\"application\/ld+json\" class=\"yoast-schema-graph\">{\"@context\":\"https:\\\/\\\/schema.org\",\"@graph\":[{\"@type\":\"WebPage\",\"@id\":\"https:\\\/\\\/www.eco2.ca\\\/fr\\\/product\\\/plateaux-repas-et-couvercles-compostables\\\/\",\"url\":\"https:\\\/\\\/www.eco2.ca\\\/fr\\\/product\\\/plateaux-repas-et-couvercles-compostables\\\/\",\"name\":\"Plateaux Repas Et Couvercles Compostables - Eco2bureau\",\"isPartOf\":{\"@id\":\"https:\\\/\\\/www.eco2.ca\\\/fr\\\/#website\"},\"primaryImageOfPage\":{\"@id\":\"https:\\\/\\\/www.eco2.ca\\\/fr\\\/product\\\/plateaux-repas-et-couvercles-compostables\\\/#primaryimage\"},\"image\":{\"@id\":\"https:\\\/\\\/www.eco2.ca\\\/fr\\\/product\\\/plateaux-repas-et-couvercles-compostables\\\/#primaryimage\"},\"thumbnailUrl\":\"https:\\\/\\\/www.eco2.ca\\\/wp-content\\\/uploads\\\/2025\\\/02\\\/EP-SRT32-1.jpg\",\"datePublished\":\"2025-02-19T15:51:07+00:00\",\"dateModified\":\"2025-06-17T10:49:18+00:00\",\"description\":\"Ces plateaux-repas et couvercles compostables sont fabriqu\u00e9s \u00e0 partir de mat\u00e9riaux responsables comme la bagasse et le PLA pour les plateaux\",\"breadcrumb\":{\"@id\":\"https:\\\/\\\/www.eco2.ca\\\/fr\\\/product\\\/plateaux-repas-et-couvercles-compostables\\\/#breadcrumb\"},\"inLanguage\":\"fr-FR\",\"potentialAction\":[{\"@type\":\"ReadAction\",\"target\":[\"https:\\\/\\\/www.eco2.ca\\\/fr\\\/product\\\/plateaux-repas-et-couvercles-compostables\\\/\"]}]},{\"@type\":\"ImageObject\",\"inLanguage\":\"fr-FR\",\"@id\":\"https:\\\/\\\/www.eco2.ca\\\/fr\\\/product\\\/plateaux-repas-et-couvercles-compostables\\\/#primaryimage\",\"url\":\"https:\\\/\\\/www.eco2.ca\\\/wp-content\\\/uploads\\\/2025\\\/02\\\/EP-SRT32-1.jpg\",\"contentUrl\":\"https:\\\/\\\/www.eco2.ca\\\/wp-content\\\/uploads\\\/2025\\\/02\\\/EP-SRT32-1.jpg\",\"width\":800,\"height\":800,\"caption\":\"Meal Tray \u2013 28oz & 32oz PP Lid\"},{\"@type\":\"BreadcrumbList\",\"@id\":\"https:\\\/\\\/www.eco2.ca\\\/fr\\\/product\\\/plateaux-repas-et-couvercles-compostables\\\/#breadcrumb\",\"itemListElement\":[{\"@type\":\"ListItem\",\"position\":1,\"name\":\"Home\",\"item\":\"https:\\\/\\\/www.eco2.ca\\\/fr\\\/\"},{\"@type\":\"ListItem\",\"position\":2,\"name\":\"Boutique\",\"item\":\"https:\\\/\\\/www.eco2.ca\\\/fr\\\/boutique\\\/\"},{\"@type\":\"ListItem\",\"position\":3,\"name\":\"Plateaux Repas Et Couvercles Compostables\"}]},{\"@type\":\"WebSite\",\"@id\":\"https:\\\/\\\/www.eco2.ca\\\/fr\\\/#website\",\"url\":\"https:\\\/\\\/www.eco2.ca\\\/fr\\\/\",\"name\":\"Eco2bureau\",\"description\":\"\",\"publisher\":{\"@id\":\"https:\\\/\\\/www.eco2.ca\\\/fr\\\/#organization\"},\"potentialAction\":[{\"@type\":\"SearchAction\",\"target\":{\"@type\":\"EntryPoint\",\"urlTemplate\":\"https:\\\/\\\/www.eco2.ca\\\/fr\\\/?s={search_term_string}\"},\"query-input\":{\"@type\":\"PropertyValueSpecification\",\"valueRequired\":true,\"valueName\":\"search_term_string\"}}],\"inLanguage\":\"fr-FR\"},{\"@type\":\"Organization\",\"@id\":\"https:\\\/\\\/www.eco2.ca\\\/fr\\\/#organization\",\"name\":\"Eco2bureau\",\"url\":\"https:\\\/\\\/www.eco2.ca\\\/fr\\\/\",\"logo\":{\"@type\":\"ImageObject\",\"inLanguage\":\"fr-FR\",\"@id\":\"https:\\\/\\\/www.eco2.ca\\\/fr\\\/#\\\/schema\\\/logo\\\/image\\\/\",\"url\":\"https:\\\/\\\/www.eco2.ca\\\/wp-content\\\/uploads\\\/2025\\\/04\\\/cropped-cropped-Add-a-subheading-3.png\",\"contentUrl\":\"https:\\\/\\\/www.eco2.ca\\\/wp-content\\\/uploads\\\/2025\\\/04\\\/cropped-cropped-Add-a-subheading-3.png\",\"width\":469,\"height\":109,\"caption\":\"Eco2bureau\"},\"image\":{\"@id\":\"https:\\\/\\\/www.eco2.ca\\\/fr\\\/#\\\/schema\\\/logo\\\/image\\\/\"}}]}<\/script>\n<!-- \/ Yoast SEO plugin. -->","yoast_head_json":{"title":"Plateaux Repas Et Couvercles Compostables - Eco2bureau","description":"Ces plateaux-repas et couvercles compostables sont fabriqu\u00e9s \u00e0 partir de mat\u00e9riaux responsables comme la bagasse et le PLA pour les plateaux","robots":{"index":"index","follow":"follow","max-snippet":"max-snippet:-1","max-image-preview":"max-image-preview:large","max-video-preview":"max-video-preview:-1"},"canonical":"https:\/\/www.eco2.ca\/fr\/product\/plateaux-repas-et-couvercles-compostables\/","og_locale":"fr_FR","og_type":"article","og_title":"Plateaux Repas Et Couvercles Compostables - Eco2bureau","og_description":"Ces plateaux-repas et couvercles compostables sont fabriqu\u00e9s \u00e0 partir de mat\u00e9riaux responsables comme la bagasse et le PLA pour les plateaux","og_url":"https:\/\/www.eco2.ca\/fr\/product\/plateaux-repas-et-couvercles-compostables\/","og_site_name":"Eco2bureau","article_modified_time":"2025-06-17T10:49:18+00:00","og_image":[{"width":800,"height":800,"url":"https:\/\/www.eco2.ca\/wp-content\/uploads\/2025\/02\/EP-SRT32-1.jpg","type":"image\/jpeg"}],"twitter_card":"summary_large_image","twitter_misc":{"Dur\u00e9e de lecture estim\u00e9e":"2 minutes"},"schema":{"@context":"https:\/\/schema.org","@graph":[{"@type":"WebPage","@id":"https:\/\/www.eco2.ca\/fr\/product\/plateaux-repas-et-couvercles-compostables\/","url":"https:\/\/www.eco2.ca\/fr\/product\/plateaux-repas-et-couvercles-compostables\/","name":"Plateaux Repas Et Couvercles Compostables - Eco2bureau","isPartOf":{"@id":"https:\/\/www.eco2.ca\/fr\/#website"},"primaryImageOfPage":{"@id":"https:\/\/www.eco2.ca\/fr\/product\/plateaux-repas-et-couvercles-compostables\/#primaryimage"},"image":{"@id":"https:\/\/www.eco2.ca\/fr\/product\/plateaux-repas-et-couvercles-compostables\/#primaryimage"},"thumbnailUrl":"https:\/\/www.eco2.ca\/wp-content\/uploads\/2025\/02\/EP-SRT32-1.jpg","datePublished":"2025-02-19T15:51:07+00:00","dateModified":"2025-06-17T10:49:18+00:00","description":"Ces plateaux-repas et couvercles compostables sont fabriqu\u00e9s \u00e0 partir de mat\u00e9riaux responsables comme la bagasse et le PLA pour les plateaux","breadcrumb":{"@id":"https:\/\/www.eco2.ca\/fr\/product\/plateaux-repas-et-couvercles-compostables\/#breadcrumb"},"inLanguage":"fr-FR","potentialAction":[{"@type":"ReadAction","target":["https:\/\/www.eco2.ca\/fr\/product\/plateaux-repas-et-couvercles-compostables\/"]}]},{"@type":"ImageObject","inLanguage":"fr-FR","@id":"https:\/\/www.eco2.ca\/fr\/product\/plateaux-repas-et-couvercles-compostables\/#primaryimage","url":"https:\/\/www.eco2.ca\/wp-content\/uploads\/2025\/02\/EP-SRT32-1.jpg","contentUrl":"https:\/\/www.eco2.ca\/wp-content\/uploads\/2025\/02\/EP-SRT32-1.jpg","width":800,"height":800,"caption":"Meal Tray \u2013 28oz & 32oz PP Lid"},{"@type":"BreadcrumbList","@id":"https:\/\/www.eco2.ca\/fr\/product\/plateaux-repas-et-couvercles-compostables\/#breadcrumb","itemListElement":[{"@type":"ListItem","position":1,"name":"Home","item":"https:\/\/www.eco2.ca\/fr\/"},{"@type":"ListItem","position":2,"name":"Boutique","item":"https:\/\/www.eco2.ca\/fr\/boutique\/"},{"@type":"ListItem","position":3,"name":"Plateaux Repas Et Couvercles Compostables"}]},{"@type":"WebSite","@id":"https:\/\/www.eco2.ca\/fr\/#website","url":"https:\/\/www.eco2.ca\/fr\/","name":"Eco2bureau","description":"","publisher":{"@id":"https:\/\/www.eco2.ca\/fr\/#organization"},"potentialAction":[{"@type":"SearchAction","target":{"@type":"EntryPoint","urlTemplate":"https:\/\/www.eco2.ca\/fr\/?s={search_term_string}"},"query-input":{"@type":"PropertyValueSpecification","valueRequired":true,"valueName":"search_term_string"}}],"inLanguage":"fr-FR"},{"@type":"Organization","@id":"https:\/\/www.eco2.ca\/fr\/#organization","name":"Eco2bureau","url":"https:\/\/www.eco2.ca\/fr\/","logo":{"@type":"ImageObject","inLanguage":"fr-FR","@id":"https:\/\/www.eco2.ca\/fr\/#\/schema\/logo\/image\/","url":"https:\/\/www.eco2.ca\/wp-content\/uploads\/2025\/04\/cropped-cropped-Add-a-subheading-3.png","contentUrl":"https:\/\/www.eco2.ca\/wp-content\/uploads\/2025\/04\/cropped-cropped-Add-a-subheading-3.png","width":469,"height":109,"caption":"Eco2bureau"},"image":{"@id":"https:\/\/www.eco2.ca\/fr\/#\/schema\/logo\/image\/"}}]}},"uagb_featured_image_src":{"full":["https:\/\/www.eco2.ca\/wp-content\/uploads\/2025\/02\/EP-SRT32-1.jpg",800,800,false],"thumbnail":["https:\/\/www.eco2.ca\/wp-content\/uploads\/2025\/02\/EP-SRT32-1-150x150.jpg",150,150,true],"medium":["https:\/\/www.eco2.ca\/wp-content\/uploads\/2025\/02\/EP-SRT32-1-300x300.jpg",300,300,true],"medium_large":["https:\/\/www.eco2.ca\/wp-content\/uploads\/2025\/02\/EP-SRT32-1-768x768.jpg",768,768,true],"large":["https:\/\/www.eco2.ca\/wp-content\/uploads\/2025\/02\/EP-SRT32-1.jpg",800,800,false],"1536x1536":["https:\/\/www.eco2.ca\/wp-content\/uploads\/2025\/02\/EP-SRT32-1.jpg",800,800,false],"2048x2048":["https:\/\/www.eco2.ca\/wp-content\/uploads\/2025\/02\/EP-SRT32-1.jpg",800,800,false],"wishsuite-image":["https:\/\/www.eco2.ca\/wp-content\/uploads\/2025\/02\/EP-SRT32-1.jpg",80,80,false],"woocommerce_thumbnail":["https:\/\/www.eco2.ca\/wp-content\/uploads\/2025\/02\/EP-SRT32-1-300x300.jpg",300,300,true],"woocommerce_single":["https:\/\/www.eco2.ca\/wp-content\/uploads\/2025\/02\/EP-SRT32-1-600x600.jpg",600,600,true],"woocommerce_gallery_thumbnail":["https:\/\/www.eco2.ca\/wp-content\/uploads\/2025\/02\/EP-SRT32-1-100x100.jpg",100,100,true]},"uagb_author_info":{"display_name":"Mary ..","author_link":"https:\/\/www.eco2.ca\/fr\/author\/"},"uagb_comment_info":0,"uagb_excerpt":"Plateaux-repas et couvercles \u00e9coresponsables fabriqu\u00e9s \u00e0 partir de bagasse, PLA et PP\u2014id\u00e9als pour les plats froids, avec certaines options adapt\u00e9es \u00e0 la cong\u00e9lation, aux mets ti\u00e8des ou chauds. Durables, pratiques et pr\u00eats pour tous les services. Impression personnalis\u00e9e disponible","_links":{"self":[{"href":"https:\/\/www.eco2.ca\/fr\/wp-json\/wp\/v2\/product\/7438","targetHints":{"allow":["GET"]}}],"collection":[{"href":"https:\/\/www.eco2.ca\/fr\/wp-json\/wp\/v2\/product"}],"about":[{"href":"https:\/\/www.eco2.ca\/fr\/wp-json\/wp\/v2\/types\/product"}],"wp:featuredmedia":[{"embeddable":true,"href":"https:\/\/www.eco2.ca\/fr\/wp-json\/wp\/v2\/media\/7432"}],"wp:attachment":[{"href":"https:\/\/www.eco2.ca\/fr\/wp-json\/wp\/v2\/media?parent=7438"}],"wp:term":[{"taxonomy":"product_brand","embeddable":true,"href":"https:\/\/www.eco2.ca\/fr\/wp-json\/wp\/v2\/product_brand?post=7438"},{"taxonomy":"product_cat","embeddable":true,"href":"https:\/\/www.eco2.ca\/fr\/wp-json\/wp\/v2\/product_cat?post=7438"},{"taxonomy":"product_tag","embeddable":true,"href":"https:\/\/www.eco2.ca\/fr\/wp-json\/wp\/v2\/product_tag?post=7438"}],"curies":[{"name":"wp","href":"https:\/\/api.w.org\/{rel}","templated":true}]}}